{"id":910845,"date":"2026-05-12T14:21:57","date_gmt":"2026-05-12T14:21:57","guid":{"rendered":"https:\/\/hidalgo.nl\/product\/mm020-knuffeldoekje-aapje\/"},"modified":"2026-05-12T14:25:49","modified_gmt":"2026-05-12T14:25:49","slug":"mm020-knuffeldoekje-aapje","status":"publish","type":"product","link":"https:\/\/hidalgo.nl\/en\/product\/910845\/mm020-monkey-comforter\/","title":{"rendered":"MM020 &#8211; Knuffeldoekje aapje"},"content":{"rendered":"<p>100% polyesterpluche. Apendekbed voor baby&#8217;s met dubbele stof Ritstoegang voor decoratie. Aap met zachte vulling. Voldoet aan de Europese veiligheidsvoorschriften voor speelgoed EN71. Verwijder alle kaartjes en hun bevestigingsmiddelen voordat u dit aan een kind geeft. Geschikt voor alle leeftijden.<\/p>\n","protected":false},"excerpt":{"rendered":"<p>100% polyesterpluche. Apendekbed voor baby&#8217;s met dubbele stof Ritstoegang voor decoratie. Aap met zachte vulling. Voldoet aan de Europese veiligheidsvoorschriften voor speelgoed EN71. Verwijder alle kaartjes en hun bevestigingsmiddelen voordat u dit aan een kind geeft. Geschikt voor alle leeftijden.<\/p>\n","protected":false},"featured_media":910846,"template":"","meta":{"_acf_changed":false,"om_disable_all_campaigns":false,"_monsterinsights_skip_tracking":false,"_monsterinsights_sitenote_active":false,"_monsterinsights_sitenote_note":"","_monsterinsights_sitenote_category":0},"product_brand":[1355],"product_cat":[4807,4719],"product_tag":[],"class_list":{"0":"post-910845","1":"product","2":"type-product","3":"status-publish","4":"has-post-thumbnail","6":"product_supplier-a404","7":"product_brand-mumbles","8":"product_cat-kinder-artikelen","9":"product_cat-promotionele-artikelen","10":"entry","12":"first","13":"instock","14":"taxable","15":"shipping-taxable","16":"purchasable","17":"product-type-variable"},"acf":{"pim_product_english_title":"MM020 - Monkey comforter","pim_product_german_title":"MM020 - Monkey Comforter","pim_product_dutch_title":"MM020 - Knuffeldoekje aapje","pim_product_dutch_content":"<p>100% polyesterpluche. Apendekbed voor baby&#8217;s met dubbele stof Ritstoegang voor decoratie. Aap met zachte vulling. Voldoet aan de Europese veiligheidsvoorschriften voor speelgoed EN71. Verwijder alle kaartjes en hun bevestigingsmiddelen voordat u dit aan een kind geeft. Geschikt voor alle leeftijden.<\/p>\n","pim_product_german_content":"<p>100% Polyester. Weicher Pl\u00fcschaffe mit Decke mit verstecktem Stickzugang. Erf\u00fcllt die europ\u00e4ische Verordnung \u00fcber die Sicherheit von Spielzeug (EN71). Alle Anh\u00e4ngeetiketten und deren Befestigungselemente entfernen, bevor diese Gegenst\u00e4nde einem Kind gegeben werden. Geeignet f\u00fcr jedes Alter ab 0+.<\/p>\n","pim_product_english_content":"<p>100% polyester plush. Zip opening for embroidery. Suitable for children of all ages. Complies with EN71 regulations.<\/p>\n","english_short_description":"Soft and fluffy to the touch.\r\nPerfect for decoration access and embroidery.\r\nIt meets EU standards relative to toy safety.","german_short_description":"Weiche, sanfte Textur.\r\nPerfekt geeignet f\u00fcr Veredelung und zum Besticken.\r\nErf\u00fcllt die EU-Normen in puncto Spielzeugsicherheit.","dutch_short_description":"Voelt zacht en donzig aan.\r\nPerfect voor een personalisatie met borduurwerk.\r\nVoldoet aan de EU-normen inzake veiligheid van speelgoed.","select_toptex_printing_options":"clothes","promidata_product_hash":"","promidata_product_uri":"","promidata_product_minimum_qty":"","promi_phash_price":"","imprint_cost":false,"margin_influ_quantity_10":"","margin_influ_quantity_25":"","margin_influ_quantity_50":"","margin_influ_quantity_100":"","margin_influ_quantity_250":"","margin_influ_quantity_500":"","margin_influ_quantity_1000":"","pim_product_english_faq_content":"","pim_product_german_faq_content":"","pim_product_dutch_faq_content":"","english_keywords":"","german_keywords":"","dutch_keywords":"","green_tab_text_eng":"","green_tab_text_german":"","green_tab_text_dutch":"","default_keywords_nl":"","product_supplier_text":"A404"},"aioseo_notices":[],"aioseo_head":"\n\t\t<!-- All in One SEO Pro 4.9.7 - aioseo.com -->\n\t<meta name=\"description\" content=\"Soft and fluffy to the touch. Perfect for decoration access and embroidery. It meets EU standards relative to toy safety.\" \/>\n\t<meta name=\"robots\" content=\"max-image-preview:large\" \/>\n\t<link rel=\"canonical\" href=\"https:\/\/hidalgo.nl\/en\/wp-json\/wp\/v2\/product\/910845\" \/>\n\t<meta name=\"generator\" content=\"All in One SEO Pro (AIOSEO) 4.9.7\" \/>\n\t\t<meta property=\"og:locale\" content=\"en_US\" \/>\n\t\t<meta property=\"og:site_name\" content=\"Hidalgo -\" \/>\n\t\t<meta property=\"og:type\" content=\"article\" \/>\n\t\t<meta property=\"og:title\" content=\"MM020 - Monkey comforter\" \/>\n\t\t<meta property=\"og:description\" content=\"Soft and fluffy to the touch. Perfect for decoration access and embroidery. It meets EU standards relative to toy safety.\" \/>\n\t\t<meta property=\"og:url\" content=\"https:\/\/hidalgo.nl\/en\/wp-json\/wp\/v2\/product\/910845\" \/>\n\t\t<meta property=\"og:image\" content=\"https:\/\/shop.hidalgo.nl\/wp-content\/uploads\/2025\/11\/cropped-Hidalgo-est1993.png\" \/>\n\t\t<meta property=\"og:image:secure_url\" content=\"https:\/\/shop.hidalgo.nl\/wp-content\/uploads\/2025\/11\/cropped-Hidalgo-est1993.png\" \/>\n\t\t<meta property=\"article:published_time\" content=\"2026-05-12T14:21:57+00:00\" \/>\n\t\t<meta property=\"article:modified_time\" content=\"2026-05-12T14:25:49+00:00\" \/>\n\t\t<meta name=\"twitter:card\" content=\"summary_large_image\" \/>\n\t\t<meta name=\"twitter:title\" content=\"MM020 - Monkey comforter\" \/>\n\t\t<meta name=\"twitter:description\" content=\"Soft and fluffy to the touch. Perfect for decoration access and embroidery. It meets EU standards relative to toy safety.\" \/>\n\t\t<meta name=\"twitter:image\" content=\"https:\/\/shop.hidalgo.nl\/wp-content\/uploads\/2025\/11\/cropped-Hidalgo-est1993.png\" \/>\n\t\t<script type=\"application\/ld+json\" class=\"aioseo-schema\">\n\t\t\t{\"@context\":\"https:\\\/\\\/schema.org\",\"@graph\":[{\"@type\":\"BreadcrumbList\",\"@id\":\"https:\\\/\\\/hidalgo.nl\\\/en\\\/product\\\/910845\\\/mm020-monkey-comforter\\\/#breadcrumblist\",\"itemListElement\":[{\"@type\":\"ListItem\",\"@id\":\"https:\\\/\\\/hidalgo.nl\\\/en\\\/#listItem\",\"position\":1,\"name\":\"Home\",\"item\":\"https:\\\/\\\/hidalgo.nl\\\/en\\\/\",\"nextItem\":{\"@type\":\"ListItem\",\"@id\":\"https:\\\/\\\/hidalgo.nl\\\/example\\\/#listItem\",\"name\":\"example\"}},{\"@type\":\"ListItem\",\"@id\":\"https:\\\/\\\/hidalgo.nl\\\/example\\\/#listItem\",\"position\":2,\"name\":\"example\",\"item\":\"https:\\\/\\\/hidalgo.nl\\\/example\\\/\",\"nextItem\":{\"@type\":\"ListItem\",\"@id\":\"https:\\\/\\\/hidalgo.nl\\\/en\\\/product-supplier\\\/a404\\\/#listItem\",\"name\":\"A404\"},\"previousItem\":{\"@type\":\"ListItem\",\"@id\":\"https:\\\/\\\/hidalgo.nl\\\/en\\\/#listItem\",\"name\":\"Home\"}},{\"@type\":\"ListItem\",\"@id\":\"https:\\\/\\\/hidalgo.nl\\\/en\\\/product-supplier\\\/a404\\\/#listItem\",\"position\":3,\"name\":\"A404\",\"item\":\"https:\\\/\\\/hidalgo.nl\\\/en\\\/product-supplier\\\/a404\\\/\",\"nextItem\":{\"@type\":\"ListItem\",\"@id\":\"https:\\\/\\\/hidalgo.nl\\\/en\\\/product\\\/910845\\\/mm020-monkey-comforter\\\/#listItem\",\"name\":\"MM020 &#8211; Knuffeldoekje aapje\"},\"previousItem\":{\"@type\":\"ListItem\",\"@id\":\"https:\\\/\\\/hidalgo.nl\\\/example\\\/#listItem\",\"name\":\"example\"}},{\"@type\":\"ListItem\",\"@id\":\"https:\\\/\\\/hidalgo.nl\\\/en\\\/product\\\/910845\\\/mm020-monkey-comforter\\\/#listItem\",\"position\":4,\"name\":\"MM020 &#8211; Knuffeldoekje aapje\",\"previousItem\":{\"@type\":\"ListItem\",\"@id\":\"https:\\\/\\\/hidalgo.nl\\\/en\\\/product-supplier\\\/a404\\\/#listItem\",\"name\":\"A404\"}}]},{\"@type\":\"Organization\",\"@id\":\"https:\\\/\\\/hidalgo.nl\\\/en\\\/#organization\",\"name\":\"Hidalgo\",\"url\":\"https:\\\/\\\/hidalgo.nl\\\/en\\\/\",\"logo\":{\"@type\":\"ImageObject\",\"url\":\"https:\\\/\\\/shop.hidalgo.nl\\\/wp-content\\\/uploads\\\/2025\\\/11\\\/cropped-Hidalgo-est1993.png\",\"@id\":\"https:\\\/\\\/hidalgo.nl\\\/en\\\/product\\\/910845\\\/mm020-monkey-comforter\\\/#organizationLogo\",\"width\":585,\"height\":195},\"image\":{\"@id\":\"https:\\\/\\\/hidalgo.nl\\\/en\\\/product\\\/910845\\\/mm020-monkey-comforter\\\/#organizationLogo\"}},{\"@type\":\"ProductGroup\",\"@id\":\"https:\\\/\\\/hidalgo.nl\\\/en\\\/product\\\/910845\\\/mm020-monkey-comforter\\\/#wooCommerceProduct\",\"name\":\"MM020 - Monkey comforter\",\"url\":\"https:\\\/\\\/hidalgo.nl\\\/en\\\/product\\\/910845\\\/mm020-monkey-comforter\\\/\",\"brand\":{\"@type\":\"Brand\",\"name\":\"Mumbles\"},\"sku\":\"MM020\",\"image\":{\"@type\":\"ImageObject\",\"url\":\"https:\\\/\\\/shop.hidalgo.nl\\\/wp-content\\\/uploads\\\/2026\\\/04\\\/MM020-2_2018.jpg\",\"@id\":\"https:\\\/\\\/hidalgo.nl\\\/en\\\/product\\\/910845\\\/mm020-monkey-comforter\\\/#productImage\"},\"productGroupID\":910845,\"hasVariant\":[{\"@type\":\"Product\",\"@id\":\"https:\\\/\\\/hidalgo.nl\\\/en\\\/product\\\/910845\\\/mm020-monkey-comforter\\\/#wooCommerceProduct\",\"name\":\"MM020 - Knuffeldoekje aapje - cream, one-size\",\"url\":\"https:\\\/\\\/hidalgo.nl\\\/en\\\/product\\\/910845\\\/mm020-monkey-comforter\\\/\",\"sku\":\"MM020_52364_52363\",\"gtin\":\"5056160755347\",\"image\":{\"@type\":\"ImageObject\",\"url\":\"https:\\\/\\\/shop.hidalgo.nl\\\/wp-content\\\/uploads\\\/2026\\\/04\\\/MM020-2_2018.jpg\",\"@id\":\"https:\\\/\\\/hidalgo.nl\\\/en\\\/product\\\/910845\\\/mm020-monkey-comforter\\\/#productImage\"},\"offers\":{\"@type\":\"Offer\",\"url\":\"https:\\\/\\\/hidalgo.nl\\\/en\\\/product\\\/910845\\\/mm020-monkey-comforter\\\/#wooCommerceOffer\",\"price\":\"5.39\",\"priceCurrency\":\"EUR\",\"category\":\"Promotionele Artikelen\",\"availability\":\"https:\\\/\\\/schema.org\\\/InStock\",\"priceSpecification\":{\"@type\":\"PriceSpecification\",\"price\":5.39,\"priceCurrency\":\"EUR\",\"valueAddedTaxIncluded\":\"true\"}}}]},{\"@type\":\"WebPage\",\"@id\":\"https:\\\/\\\/hidalgo.nl\\\/en\\\/product\\\/910845\\\/mm020-monkey-comforter\\\/#webpage\",\"url\":\"https:\\\/\\\/hidalgo.nl\\\/en\\\/product\\\/910845\\\/mm020-monkey-comforter\\\/\",\"name\":\"MM020 - Monkey comforter\",\"description\":\"Soft and fluffy to the touch. Perfect for decoration access and embroidery. It meets EU standards relative to toy safety.\",\"inLanguage\":\"en-US\",\"isPartOf\":{\"@id\":\"https:\\\/\\\/hidalgo.nl\\\/en\\\/#website\"},\"breadcrumb\":{\"@id\":\"https:\\\/\\\/hidalgo.nl\\\/en\\\/product\\\/910845\\\/mm020-monkey-comforter\\\/#breadcrumblist\"},\"image\":{\"@type\":\"ImageObject\",\"url\":\"https:\\\/\\\/shop.hidalgo.nl\\\/wp-content\\\/uploads\\\/2026\\\/04\\\/MM020-2_2018.jpg\",\"@id\":\"https:\\\/\\\/hidalgo.nl\\\/en\\\/product\\\/910845\\\/mm020-monkey-comforter\\\/#mainImage\"},\"primaryImageOfPage\":{\"@id\":\"https:\\\/\\\/hidalgo.nl\\\/en\\\/product\\\/910845\\\/mm020-monkey-comforter\\\/#mainImage\"},\"datePublished\":\"2026-05-12T14:21:57+00:00\",\"dateModified\":\"2026-05-12T14:25:49+00:00\"},{\"@type\":\"WebSite\",\"@id\":\"https:\\\/\\\/hidalgo.nl\\\/en\\\/#website\",\"url\":\"https:\\\/\\\/hidalgo.nl\\\/en\\\/\",\"name\":\"Hidalgo\",\"inLanguage\":\"en-US\",\"publisher\":{\"@id\":\"https:\\\/\\\/hidalgo.nl\\\/en\\\/#organization\"}}]}\n\t\t<\/script>\n\t\t<!-- All in One SEO Pro -->\r\n\t\t<title>MM020 - Monkey comforter<\/title>\n\n","aioseo_head_json":{"title":"MM020 - Monkey comforter","description":"Soft and fluffy to the touch. Perfect for decoration access and embroidery. It meets EU standards relative to toy safety.","canonical_url":"https:\/\/hidalgo.nl\/en\/wp-json\/wp\/v2\/product\/910845","robots":"max-image-preview:large","keywords":"","webmasterTools":{"miscellaneous":""},"schema":{"@context":"https:\/\/schema.org","@graph":[{"@type":"BreadcrumbList","@id":"https:\/\/hidalgo.nl\/en\/product\/910845\/mm020-monkey-comforter\/#breadcrumblist","itemListElement":[{"@type":"ListItem","@id":"https:\/\/hidalgo.nl\/en\/#listItem","position":1,"name":"Home","item":"https:\/\/hidalgo.nl\/en\/","nextItem":{"@type":"ListItem","@id":"https:\/\/hidalgo.nl\/example\/#listItem","name":"example"}},{"@type":"ListItem","@id":"https:\/\/hidalgo.nl\/example\/#listItem","position":2,"name":"example","item":"https:\/\/hidalgo.nl\/example\/","nextItem":{"@type":"ListItem","@id":"https:\/\/hidalgo.nl\/en\/product-supplier\/a404\/#listItem","name":"A404"},"previousItem":{"@type":"ListItem","@id":"https:\/\/hidalgo.nl\/en\/#listItem","name":"Home"}},{"@type":"ListItem","@id":"https:\/\/hidalgo.nl\/en\/product-supplier\/a404\/#listItem","position":3,"name":"A404","item":"https:\/\/hidalgo.nl\/en\/product-supplier\/a404\/","nextItem":{"@type":"ListItem","@id":"https:\/\/hidalgo.nl\/en\/product\/910845\/mm020-monkey-comforter\/#listItem","name":"MM020 &#8211; Knuffeldoekje aapje"},"previousItem":{"@type":"ListItem","@id":"https:\/\/hidalgo.nl\/example\/#listItem","name":"example"}},{"@type":"ListItem","@id":"https:\/\/hidalgo.nl\/en\/product\/910845\/mm020-monkey-comforter\/#listItem","position":4,"name":"MM020 &#8211; Knuffeldoekje aapje","previousItem":{"@type":"ListItem","@id":"https:\/\/hidalgo.nl\/en\/product-supplier\/a404\/#listItem","name":"A404"}}]},{"@type":"Organization","@id":"https:\/\/hidalgo.nl\/en\/#organization","name":"Hidalgo","url":"https:\/\/hidalgo.nl\/en\/","logo":{"@type":"ImageObject","url":"https:\/\/shop.hidalgo.nl\/wp-content\/uploads\/2025\/11\/cropped-Hidalgo-est1993.png","@id":"https:\/\/hidalgo.nl\/en\/product\/910845\/mm020-monkey-comforter\/#organizationLogo","width":585,"height":195},"image":{"@id":"https:\/\/hidalgo.nl\/en\/product\/910845\/mm020-monkey-comforter\/#organizationLogo"}},{"@type":"ProductGroup","@id":"https:\/\/hidalgo.nl\/en\/product\/910845\/mm020-monkey-comforter\/#wooCommerceProduct","name":"MM020 - Monkey comforter","url":"https:\/\/hidalgo.nl\/en\/product\/910845\/mm020-monkey-comforter\/","brand":{"@type":"Brand","name":"Mumbles"},"sku":"MM020","image":{"@type":"ImageObject","url":"https:\/\/shop.hidalgo.nl\/wp-content\/uploads\/2026\/04\/MM020-2_2018.jpg","@id":"https:\/\/hidalgo.nl\/en\/product\/910845\/mm020-monkey-comforter\/#productImage"},"productGroupID":910845,"hasVariant":[{"@type":"Product","@id":"https:\/\/hidalgo.nl\/en\/product\/910845\/mm020-monkey-comforter\/#wooCommerceProduct","name":"MM020 - Knuffeldoekje aapje - cream, one-size","url":"https:\/\/hidalgo.nl\/en\/product\/910845\/mm020-monkey-comforter\/","sku":"MM020_52364_52363","gtin":"5056160755347","image":{"@type":"ImageObject","url":"https:\/\/shop.hidalgo.nl\/wp-content\/uploads\/2026\/04\/MM020-2_2018.jpg","@id":"https:\/\/hidalgo.nl\/en\/product\/910845\/mm020-monkey-comforter\/#productImage"},"offers":{"@type":"Offer","url":"https:\/\/hidalgo.nl\/en\/product\/910845\/mm020-monkey-comforter\/#wooCommerceOffer","price":"5.39","priceCurrency":"EUR","category":"Promotionele Artikelen","availability":"https:\/\/schema.org\/InStock","priceSpecification":{"@type":"PriceSpecification","price":5.39,"priceCurrency":"EUR","valueAddedTaxIncluded":"true"}}}]},{"@type":"WebPage","@id":"https:\/\/hidalgo.nl\/en\/product\/910845\/mm020-monkey-comforter\/#webpage","url":"https:\/\/hidalgo.nl\/en\/product\/910845\/mm020-monkey-comforter\/","name":"MM020 - Monkey comforter","description":"Soft and fluffy to the touch. Perfect for decoration access and embroidery. It meets EU standards relative to toy safety.","inLanguage":"en-US","isPartOf":{"@id":"https:\/\/hidalgo.nl\/en\/#website"},"breadcrumb":{"@id":"https:\/\/hidalgo.nl\/en\/product\/910845\/mm020-monkey-comforter\/#breadcrumblist"},"image":{"@type":"ImageObject","url":"https:\/\/shop.hidalgo.nl\/wp-content\/uploads\/2026\/04\/MM020-2_2018.jpg","@id":"https:\/\/hidalgo.nl\/en\/product\/910845\/mm020-monkey-comforter\/#mainImage"},"primaryImageOfPage":{"@id":"https:\/\/hidalgo.nl\/en\/product\/910845\/mm020-monkey-comforter\/#mainImage"},"datePublished":"2026-05-12T14:21:57+00:00","dateModified":"2026-05-12T14:25:49+00:00"},{"@type":"WebSite","@id":"https:\/\/hidalgo.nl\/en\/#website","url":"https:\/\/hidalgo.nl\/en\/","name":"Hidalgo","inLanguage":"en-US","publisher":{"@id":"https:\/\/hidalgo.nl\/en\/#organization"}}]},"og:locale":"en_US","og:site_name":"Hidalgo -","og:type":"article","og:title":"MM020 - Monkey comforter","og:description":"Soft and fluffy to the touch. Perfect for decoration access and embroidery. It meets EU standards relative to toy safety.","og:url":"https:\/\/hidalgo.nl\/en\/wp-json\/wp\/v2\/product\/910845","og:image":"https:\/\/shop.hidalgo.nl\/wp-content\/uploads\/2025\/11\/cropped-Hidalgo-est1993.png","og:image:secure_url":"https:\/\/shop.hidalgo.nl\/wp-content\/uploads\/2025\/11\/cropped-Hidalgo-est1993.png","article:published_time":"2026-05-12T14:21:57+00:00","article:modified_time":"2026-05-12T14:25:49+00:00","twitter:card":"summary_large_image","twitter:title":"MM020 - Monkey comforter","twitter:description":"Soft and fluffy to the touch. Perfect for decoration access and embroidery. It meets EU standards relative to toy safety.","twitter:image":"https:\/\/shop.hidalgo.nl\/wp-content\/uploads\/2025\/11\/cropped-Hidalgo-est1993.png"},"aioseo_meta_data":{"post_id":"910845","title":null,"description":null,"keywords":null,"keyphrases":{"focus":{"keyphrase":"","score":0,"analysis":{"keyphraseInTitle":{"score":0,"maxScore":9,"error":1}}},"additional":[]},"primary_term":null,"canonical_url":null,"og_title":null,"og_description":null,"og_object_type":"default","og_image_type":"default","og_image_url":null,"og_image_width":null,"og_image_height":null,"og_image_custom_url":null,"og_image_custom_fields":null,"og_video":"","og_custom_url":null,"og_article_section":null,"og_article_tags":null,"twitter_use_og":false,"twitter_card":"default","twitter_image_type":"default","twitter_image_url":null,"twitter_image_custom_url":null,"twitter_image_custom_fields":null,"twitter_title":null,"twitter_description":null,"schema":{"blockGraphs":[],"customGraphs":[],"default":{"data":{"Article":[],"Course":[],"Dataset":[],"FAQPage":[],"Movie":[],"Person":[],"Product":[],"ProductReview":[],"Car":[],"Recipe":[],"Service":[],"SoftwareApplication":[],"WebPage":[]},"graphName":"Product","isEnabled":true},"graphs":[]},"schema_type":"default","schema_type_options":null,"pillar_content":false,"robots_default":true,"robots_noindex":false,"robots_noarchive":false,"robots_nosnippet":false,"robots_nofollow":false,"robots_noimageindex":false,"robots_noodp":false,"robots_notranslate":false,"robots_max_snippet":"-1","robots_max_videopreview":"-1","robots_max_imagepreview":"large","priority":null,"frequency":"default","local_seo":null,"seo_analyzer_scan_date":null,"breadcrumb_settings":null,"limit_modified_date":false,"reviewed_by":"0","open_ai":null,"ai":{"faqs":[],"keyPoints":[],"schemas":[],"titles":[],"descriptions":[],"socialPosts":{"email":[],"linkedin":[],"twitter":[],"facebook":[],"instagram":[]}},"created":"2026-05-12 14:25:49","updated":"2026-05-12 14:25:49"},"aioseo_breadcrumb":"<div class=\"aioseo-breadcrumbs\"><span class=\"aioseo-breadcrumb\">\n\t<a href=\"https:\/\/hidalgo.nl\/en\/\" title=\"Home\">Home<\/a>\n<\/span><span class=\"aioseo-breadcrumb-separator\">\u00bb<\/span><span class=\"aioseo-breadcrumb\">\n\t<a href=\"https:\/\/hidalgo.nl\/example\/\" title=\"example\">example<\/a>\n<\/span><span class=\"aioseo-breadcrumb-separator\">\u00bb<\/span><span class=\"aioseo-breadcrumb\">\n\t<a href=\"https:\/\/hidalgo.nl\/en\/product-supplier\/a404\/\" title=\"A404\">A404<\/a>\n<\/span><span class=\"aioseo-breadcrumb-separator\">\u00bb<\/span><span class=\"aioseo-breadcrumb\">\n\tMM020 \u2013 Knuffeldoekje aapje\n<\/span><\/div>","aioseo_breadcrumb_json":[{"label":"Home","link":"https:\/\/hidalgo.nl\/en\/"},{"label":"example","link":"https:\/\/hidalgo.nl\/example\/"},{"label":"A404","link":"https:\/\/hidalgo.nl\/en\/product-supplier\/a404\/"},{"label":"MM020 &#8211; Knuffeldoekje aapje","link":"https:\/\/hidalgo.nl\/en\/product\/910845\/mm020-monkey-comforter\/"}],"_links":{"self":[{"href":"https:\/\/hidalgo.nl\/en\/wp-json\/wp\/v2\/product\/910845","targetHints":{"allow":["GET"]}}],"collection":[{"href":"https:\/\/hidalgo.nl\/en\/wp-json\/wp\/v2\/product"}],"about":[{"href":"https:\/\/hidalgo.nl\/en\/wp-json\/wp\/v2\/types\/product"}],"wp:featuredmedia":[{"embeddable":true,"href":"https:\/\/hidalgo.nl\/en\/wp-json\/wp\/v2\/media\/910846"}],"wp:attachment":[{"href":"https:\/\/hidalgo.nl\/en\/wp-json\/wp\/v2\/media?parent=910845"}],"wp:term":[{"taxonomy":"product_brand","embeddable":true,"href":"https:\/\/hidalgo.nl\/en\/wp-json\/wp\/v2\/product_brand?post=910845"},{"taxonomy":"product_cat","embeddable":true,"href":"https:\/\/hidalgo.nl\/en\/wp-json\/wp\/v2\/product_cat?post=910845"},{"taxonomy":"product_tag","embeddable":true,"href":"https:\/\/hidalgo.nl\/en\/wp-json\/wp\/v2\/product_tag?post=910845"}],"curies":[{"name":"wp","href":"https:\/\/api.w.org\/{rel}","templated":true}]}}