{"id":8967,"date":"2025-07-03T09:54:58","date_gmt":"2025-07-03T09:54:58","guid":{"rendered":"http:\/\/bidonsenshakers.pim.hidalgo.nl\/product\/tarwestro-sleutelhanger-gunter\/"},"modified":"2026-03-15T09:30:38","modified_gmt":"2026-03-15T09:30:38","slug":"tarwestro-sleutelhanger-gunter","status":"publish","type":"product","link":"https:\/\/hidalgo.nl\/en\/product\/8967\/wheat-straw-keychain-gunter-printed-led-sustainable\/","title":{"rendered":"Tarwestro sleutelhanger G\u00fcnter"},"content":{"rendered":"<p>Tarwestro sleutelhanger met LED-licht, metalen ring en drukknop. \u00c9\u00e9n LED-licht. Individueel verpakt in een gerecyclede polybag.<\/p>\n","protected":false},"excerpt":{"rendered":"<p>Tarwestro sleutelhanger met LED-licht, metalen ring en drukknop. \u00c9\u00e9n LED-licht. Individueel verpakt in een gerecyclede polybag.<\/p>\n","protected":false},"featured_media":8968,"template":"","meta":{"_acf_changed":false,"om_disable_all_campaigns":false,"_monsterinsights_skip_tracking":false,"_monsterinsights_sitenote_active":false,"_monsterinsights_sitenote_note":"","_monsterinsights_sitenote_category":0},"product_brand":[49],"product_cat":[4719,4801],"product_tag":[],"class_list":{"0":"post-8967","1":"product","2":"type-product","3":"status-publish","4":"has-post-thumbnail","6":"product_supplier-a58","7":"product_material-abs","8":"product_material-ijzer","9":"product_material-rvs","10":"product_material-tarwestro","11":"product_brand-impression","12":"product_cat-promotionele-artikelen","13":"product_cat-sleutelhangers","14":"entry","16":"first","17":"instock","18":"taxable","19":"shipping-taxable","20":"purchasable","21":"product-type-variable"},"acf":{"imprint_cost":[{"imprint_cost_key":"475135eb30ecde3ea425c350187ac8ced3cccd45","product_quantity_price_range":[{"imprint_cost_recommended_selling_price":"6.06","imprint_cost_recommended_selling_quantity":"1"},{"imprint_cost_recommended_selling_price":"4.52","imprint_cost_recommended_selling_quantity":"25"},{"imprint_cost_recommended_selling_price":"2.23","imprint_cost_recommended_selling_quantity":"50"},{"imprint_cost_recommended_selling_price":"1.72","imprint_cost_recommended_selling_quantity":"100"},{"imprint_cost_recommended_selling_price":"1.31","imprint_cost_recommended_selling_quantity":"250"},{"imprint_cost_recommended_selling_price":"1.11","imprint_cost_recommended_selling_quantity":"500"},{"imprint_cost_recommended_selling_price":"1.06","imprint_cost_recommended_selling_quantity":"1000"},{"imprint_cost_recommended_selling_price":"0.98","imprint_cost_recommended_selling_quantity":"2500"},{"imprint_cost_recommended_selling_price":"0.94","imprint_cost_recommended_selling_quantity":"5000"},{"imprint_cost_recommended_selling_price":"0.92","imprint_cost_recommended_selling_quantity":"10000"}],"product_quantity_price_range_buying":false,"imprint_cost_setup_costs":"71.54","imprint_cost_handling_costs":"0.26"},{"imprint_cost_key":"e4835d21b3c3b99a77f30cf6e6d0232e5ca31390","product_quantity_price_range":[{"imprint_cost_recommended_selling_price":"2.66","imprint_cost_recommended_selling_quantity":"1"},{"imprint_cost_recommended_selling_price":"1.94","imprint_cost_recommended_selling_quantity":"25"},{"imprint_cost_recommended_selling_price":"1.22","imprint_cost_recommended_selling_quantity":"50"},{"imprint_cost_recommended_selling_price":"0.49","imprint_cost_recommended_selling_quantity":"100"},{"imprint_cost_recommended_selling_price":"0.35","imprint_cost_recommended_selling_quantity":"250"},{"imprint_cost_recommended_selling_price":"0.28","imprint_cost_recommended_selling_quantity":"500"},{"imprint_cost_recommended_selling_price":"0.2","imprint_cost_recommended_selling_quantity":"1000"},{"imprint_cost_recommended_selling_price":"0.18","imprint_cost_recommended_selling_quantity":"2500"}],"product_quantity_price_range_buying":false,"imprint_cost_setup_costs":"51.54","imprint_cost_handling_costs":"0.08"},{"imprint_cost_key":"b29fbfeeea428d9eae99293079b910ae71456493","product_quantity_price_range":[{"imprint_cost_recommended_selling_price":"5.43","imprint_cost_recommended_selling_quantity":"1"},{"imprint_cost_recommended_selling_price":"2.83","imprint_cost_recommended_selling_quantity":"25"},{"imprint_cost_recommended_selling_price":"1.29","imprint_cost_recommended_selling_quantity":"50"},{"imprint_cost_recommended_selling_price":"0.49","imprint_cost_recommended_selling_quantity":"100"},{"imprint_cost_recommended_selling_price":"0.35","imprint_cost_recommended_selling_quantity":"250"},{"imprint_cost_recommended_selling_price":"0.28","imprint_cost_recommended_selling_quantity":"500"},{"imprint_cost_recommended_selling_price":"0.2","imprint_cost_recommended_selling_quantity":"1000"},{"imprint_cost_recommended_selling_price":"0.18","imprint_cost_recommended_selling_quantity":"5000"}],"product_quantity_price_range_buying":false,"imprint_cost_setup_costs":"52.31","imprint_cost_handling_costs":"0.08"},{"imprint_cost_key":"cd174b44a3ffdba409985a0357bd1f07b3b47a08","product_quantity_price_range":[{"imprint_cost_recommended_selling_price":"2.66","imprint_cost_recommended_selling_quantity":"1"},{"imprint_cost_recommended_selling_price":"1.94","imprint_cost_recommended_selling_quantity":"25"},{"imprint_cost_recommended_selling_price":"1.22","imprint_cost_recommended_selling_quantity":"50"},{"imprint_cost_recommended_selling_price":"0.49","imprint_cost_recommended_selling_quantity":"100"},{"imprint_cost_recommended_selling_price":"0.35","imprint_cost_recommended_selling_quantity":"250"},{"imprint_cost_recommended_selling_price":"0.28","imprint_cost_recommended_selling_quantity":"500"},{"imprint_cost_recommended_selling_price":"0.2","imprint_cost_recommended_selling_quantity":"1000"},{"imprint_cost_recommended_selling_price":"0.18","imprint_cost_recommended_selling_quantity":"2500"}],"product_quantity_price_range_buying":false,"imprint_cost_setup_costs":"51.54","imprint_cost_handling_costs":"0.08"},{"imprint_cost_key":"92640302b75130fb2b7444c31ed5ee1f661feff0","product_quantity_price_range":[{"imprint_cost_recommended_selling_price":"5.43","imprint_cost_recommended_selling_quantity":"1"},{"imprint_cost_recommended_selling_price":"2.83","imprint_cost_recommended_selling_quantity":"25"},{"imprint_cost_recommended_selling_price":"1.29","imprint_cost_recommended_selling_quantity":"50"},{"imprint_cost_recommended_selling_price":"0.49","imprint_cost_recommended_selling_quantity":"100"},{"imprint_cost_recommended_selling_price":"0.35","imprint_cost_recommended_selling_quantity":"250"},{"imprint_cost_recommended_selling_price":"0.28","imprint_cost_recommended_selling_quantity":"500"},{"imprint_cost_recommended_selling_price":"0.2","imprint_cost_recommended_selling_quantity":"1000"},{"imprint_cost_recommended_selling_price":"0.18","imprint_cost_recommended_selling_quantity":"5000"}],"product_quantity_price_range_buying":false,"imprint_cost_setup_costs":"52.31","imprint_cost_handling_costs":"0.08"}]},"aioseo_notices":[],"aioseo_head":"\n\t\t<!-- All in One SEO Pro 4.9.5.2 - aioseo.com -->\n\t<meta name=\"description\" content=\"Enhance your brand visibility by personalizing the G\u00fcnter with your unique logo for upcoming events &amp; trade shows. This eco-friendly gadget features a practical LED light and a natural brown finish that resonates with your conscious audience. Hidalgo ensures sharp printing to make your promotional gifts stand out every day.\" \/>\n\t<meta name=\"robots\" content=\"max-image-preview:large\" \/>\n\t<link rel=\"canonical\" href=\"https:\/\/hidalgo.nl\/en\/wp-json\/wp\/v2\/product\/8967\" \/>\n\t<meta name=\"generator\" content=\"All in One SEO Pro (AIOSEO) 4.9.5.2\" \/>\n\t\t<meta property=\"og:locale\" content=\"en_US\" \/>\n\t\t<meta property=\"og:site_name\" content=\"Hidalgo -\" \/>\n\t\t<meta property=\"og:type\" content=\"article\" \/>\n\t\t<meta property=\"og:title\" content=\"Wheat Straw Keychain G\u00fcnter Printed LED Sustainable\" \/>\n\t\t<meta property=\"og:description\" content=\"Enhance your brand visibility by personalizing the G\u00fcnter with your unique logo for upcoming events &amp; trade shows. This eco-friendly gadget features a practical LED light and a natural brown finish that resonates with your conscious audience. Hidalgo ensures sharp printing to make your promotional gifts stand out every day.\" \/>\n\t\t<meta property=\"og:url\" content=\"https:\/\/hidalgo.nl\/en\/wp-json\/wp\/v2\/product\/8967\" \/>\n\t\t<meta property=\"og:image\" content=\"https:\/\/shop.hidalgo.nl\/wp-content\/uploads\/2025\/11\/cropped-Hidalgo-est1993.png\" \/>\n\t\t<meta property=\"og:image:secure_url\" content=\"https:\/\/shop.hidalgo.nl\/wp-content\/uploads\/2025\/11\/cropped-Hidalgo-est1993.png\" \/>\n\t\t<meta property=\"article:published_time\" content=\"2025-07-03T09:54:58+00:00\" \/>\n\t\t<meta property=\"article:modified_time\" content=\"2026-03-15T09:30:38+00:00\" \/>\n\t\t<meta name=\"twitter:card\" content=\"summary_large_image\" \/>\n\t\t<meta name=\"twitter:title\" content=\"Wheat Straw Keychain G\u00fcnter Printed LED Sustainable\" \/>\n\t\t<meta name=\"twitter:description\" content=\"Enhance your brand visibility by personalizing the G\u00fcnter with your unique logo for upcoming events &amp; trade shows. This eco-friendly gadget features a practical LED light and a natural brown finish that resonates with your conscious audience. Hidalgo ensures sharp printing to make your promotional gifts stand out every day.\" \/>\n\t\t<meta name=\"twitter:image\" content=\"https:\/\/shop.hidalgo.nl\/wp-content\/uploads\/2025\/11\/cropped-Hidalgo-est1993.png\" \/>\n\t\t<script type=\"application\/ld+json\" class=\"aioseo-schema\">\n\t\t\t{\"@context\":\"https:\\\/\\\/schema.org\",\"@graph\":[{\"@type\":\"BreadcrumbList\",\"@id\":\"https:\\\/\\\/hidalgo.nl\\\/en\\\/product\\\/8967\\\/wheat-straw-keychain-gunter-printed-led-sustainable\\\/#breadcrumblist\",\"itemListElement\":[{\"@type\":\"ListItem\",\"@id\":\"https:\\\/\\\/hidalgo.nl\\\/en\\\/#listItem\",\"position\":1,\"name\":\"Home\",\"item\":\"https:\\\/\\\/hidalgo.nl\\\/en\\\/\",\"nextItem\":{\"@type\":\"ListItem\",\"@id\":\"https:\\\/\\\/hidalgo.nl\\\/example\\\/#listItem\",\"name\":\"example\"}},{\"@type\":\"ListItem\",\"@id\":\"https:\\\/\\\/hidalgo.nl\\\/example\\\/#listItem\",\"position\":2,\"name\":\"example\",\"item\":\"https:\\\/\\\/hidalgo.nl\\\/example\\\/\",\"nextItem\":{\"@type\":\"ListItem\",\"@id\":\"https:\\\/\\\/hidalgo.nl\\\/en\\\/product-supplier\\\/a58\\\/#listItem\",\"name\":\"A58\"},\"previousItem\":{\"@type\":\"ListItem\",\"@id\":\"https:\\\/\\\/hidalgo.nl\\\/en\\\/#listItem\",\"name\":\"Home\"}},{\"@type\":\"ListItem\",\"@id\":\"https:\\\/\\\/hidalgo.nl\\\/en\\\/product-supplier\\\/a58\\\/#listItem\",\"position\":3,\"name\":\"A58\",\"item\":\"https:\\\/\\\/hidalgo.nl\\\/en\\\/product-supplier\\\/a58\\\/\",\"nextItem\":{\"@type\":\"ListItem\",\"@id\":\"https:\\\/\\\/hidalgo.nl\\\/en\\\/product\\\/8967\\\/wheat-straw-keychain-gunter-printed-led-sustainable\\\/#listItem\",\"name\":\"Tarwestro sleutelhanger G\\u00fcnter\"},\"previousItem\":{\"@type\":\"ListItem\",\"@id\":\"https:\\\/\\\/hidalgo.nl\\\/example\\\/#listItem\",\"name\":\"example\"}},{\"@type\":\"ListItem\",\"@id\":\"https:\\\/\\\/hidalgo.nl\\\/en\\\/product\\\/8967\\\/wheat-straw-keychain-gunter-printed-led-sustainable\\\/#listItem\",\"position\":4,\"name\":\"Tarwestro sleutelhanger G\\u00fcnter\",\"previousItem\":{\"@type\":\"ListItem\",\"@id\":\"https:\\\/\\\/hidalgo.nl\\\/en\\\/product-supplier\\\/a58\\\/#listItem\",\"name\":\"A58\"}}]},{\"@type\":\"ItemPage\",\"@id\":\"https:\\\/\\\/hidalgo.nl\\\/en\\\/product\\\/8967\\\/wheat-straw-keychain-gunter-printed-led-sustainable\\\/#itempage\",\"url\":\"https:\\\/\\\/hidalgo.nl\\\/en\\\/product\\\/8967\\\/wheat-straw-keychain-gunter-printed-led-sustainable\\\/\",\"name\":\"Wheat Straw Keychain G\\u00fcnter Printed LED Sustainable\",\"description\":\"Enhance your brand visibility by personalizing the G\\u00fcnter with your unique logo for upcoming events & trade shows. This eco-friendly gadget features a practical LED light and a natural brown finish that resonates with your conscious audience. Hidalgo ensures sharp printing to make your promotional gifts stand out every day.\",\"inLanguage\":\"en-US\",\"isPartOf\":{\"@id\":\"https:\\\/\\\/hidalgo.nl\\\/en\\\/#website\"},\"breadcrumb\":{\"@id\":\"https:\\\/\\\/hidalgo.nl\\\/en\\\/product\\\/8967\\\/wheat-straw-keychain-gunter-printed-led-sustainable\\\/#breadcrumblist\"},\"image\":{\"@type\":\"ImageObject\",\"url\":\"https:\\\/\\\/shop.hidalgo.nl\\\/wp-content\\\/uploads\\\/2025\\\/05\\\/6387077ddb9688e4539e7bdc30cdfe1dc7ec94b8e7634e4526e86f63f201eede.jpg\",\"@id\":\"https:\\\/\\\/hidalgo.nl\\\/en\\\/product\\\/8967\\\/wheat-straw-keychain-gunter-printed-led-sustainable\\\/#mainImage\",\"width\":267,\"height\":1000},\"primaryImageOfPage\":{\"@id\":\"https:\\\/\\\/hidalgo.nl\\\/en\\\/product\\\/8967\\\/wheat-straw-keychain-gunter-printed-led-sustainable\\\/#mainImage\"},\"datePublished\":\"2025-07-03T09:54:58+00:00\",\"dateModified\":\"2026-03-15T09:30:38+00:00\"},{\"@type\":\"Organization\",\"@id\":\"https:\\\/\\\/hidalgo.nl\\\/en\\\/#organization\",\"name\":\"Hidalgo\",\"url\":\"https:\\\/\\\/hidalgo.nl\\\/en\\\/\",\"logo\":{\"@type\":\"ImageObject\",\"url\":\"https:\\\/\\\/shop.hidalgo.nl\\\/wp-content\\\/uploads\\\/2025\\\/11\\\/cropped-Hidalgo-est1993.png\",\"@id\":\"https:\\\/\\\/hidalgo.nl\\\/en\\\/product\\\/8967\\\/wheat-straw-keychain-gunter-printed-led-sustainable\\\/#organizationLogo\",\"width\":585,\"height\":195},\"image\":{\"@id\":\"https:\\\/\\\/hidalgo.nl\\\/en\\\/product\\\/8967\\\/wheat-straw-keychain-gunter-printed-led-sustainable\\\/#organizationLogo\"}},{\"@type\":\"WebPage\",\"@id\":\"https:\\\/\\\/hidalgo.nl\\\/en\\\/product\\\/8967\\\/wheat-straw-keychain-gunter-printed-led-sustainable\\\/#webpage\",\"url\":\"https:\\\/\\\/hidalgo.nl\\\/en\\\/product\\\/8967\\\/wheat-straw-keychain-gunter-printed-led-sustainable\\\/\",\"name\":\"Wheat Straw Keychain G\\u00fcnter Printed LED Sustainable\",\"description\":\"Enhance your brand visibility by personalizing the G\\u00fcnter with your unique logo for upcoming events & trade shows. This eco-friendly gadget features a practical LED light and a natural brown finish that resonates with your conscious audience. Hidalgo ensures sharp printing to make your promotional gifts stand out every day.\",\"inLanguage\":\"en-US\",\"isPartOf\":{\"@id\":\"https:\\\/\\\/hidalgo.nl\\\/en\\\/#website\"},\"breadcrumb\":{\"@id\":\"https:\\\/\\\/hidalgo.nl\\\/en\\\/product\\\/8967\\\/wheat-straw-keychain-gunter-printed-led-sustainable\\\/#breadcrumblist\"},\"image\":{\"@type\":\"ImageObject\",\"url\":\"https:\\\/\\\/shop.hidalgo.nl\\\/wp-content\\\/uploads\\\/2025\\\/05\\\/6387077ddb9688e4539e7bdc30cdfe1dc7ec94b8e7634e4526e86f63f201eede.jpg\",\"@id\":\"https:\\\/\\\/hidalgo.nl\\\/en\\\/product\\\/8967\\\/wheat-straw-keychain-gunter-printed-led-sustainable\\\/#mainImage\",\"width\":267,\"height\":1000},\"primaryImageOfPage\":{\"@id\":\"https:\\\/\\\/hidalgo.nl\\\/en\\\/product\\\/8967\\\/wheat-straw-keychain-gunter-printed-led-sustainable\\\/#mainImage\"},\"datePublished\":\"2025-07-03T09:54:58+00:00\",\"dateModified\":\"2026-03-15T09:30:38+00:00\"},{\"@type\":\"WebSite\",\"@id\":\"https:\\\/\\\/hidalgo.nl\\\/en\\\/#website\",\"url\":\"https:\\\/\\\/hidalgo.nl\\\/en\\\/\",\"name\":\"Hidalgo\",\"inLanguage\":\"en-US\",\"publisher\":{\"@id\":\"https:\\\/\\\/hidalgo.nl\\\/en\\\/#organization\"}}]}\n\t\t<\/script>\n\t\t<!-- All in One SEO Pro -->\r\n\t\t<title>Wheat Straw Keychain G\u00fcnter Printed LED Sustainable<\/title>\n\n","aioseo_head_json":{"title":"Wheat Straw Keychain G\u00fcnter Printed LED Sustainable","description":"Enhance your brand visibility by personalizing the G\u00fcnter with your unique logo for upcoming events & trade shows. This eco-friendly gadget features a practical LED light and a natural brown finish that resonates with your conscious audience. Hidalgo ensures sharp printing to make your promotional gifts stand out every day.","canonical_url":"https:\/\/hidalgo.nl\/en\/wp-json\/wp\/v2\/product\/8967","robots":"max-image-preview:large","keywords":"","webmasterTools":{"miscellaneous":""},"schema":{"@context":"https:\/\/schema.org","@graph":[{"@type":"BreadcrumbList","@id":"https:\/\/hidalgo.nl\/en\/product\/8967\/wheat-straw-keychain-gunter-printed-led-sustainable\/#breadcrumblist","itemListElement":[{"@type":"ListItem","@id":"https:\/\/hidalgo.nl\/en\/#listItem","position":1,"name":"Home","item":"https:\/\/hidalgo.nl\/en\/","nextItem":{"@type":"ListItem","@id":"https:\/\/hidalgo.nl\/example\/#listItem","name":"example"}},{"@type":"ListItem","@id":"https:\/\/hidalgo.nl\/example\/#listItem","position":2,"name":"example","item":"https:\/\/hidalgo.nl\/example\/","nextItem":{"@type":"ListItem","@id":"https:\/\/hidalgo.nl\/en\/product-supplier\/a58\/#listItem","name":"A58"},"previousItem":{"@type":"ListItem","@id":"https:\/\/hidalgo.nl\/en\/#listItem","name":"Home"}},{"@type":"ListItem","@id":"https:\/\/hidalgo.nl\/en\/product-supplier\/a58\/#listItem","position":3,"name":"A58","item":"https:\/\/hidalgo.nl\/en\/product-supplier\/a58\/","nextItem":{"@type":"ListItem","@id":"https:\/\/hidalgo.nl\/en\/product\/8967\/wheat-straw-keychain-gunter-printed-led-sustainable\/#listItem","name":"Tarwestro sleutelhanger G\u00fcnter"},"previousItem":{"@type":"ListItem","@id":"https:\/\/hidalgo.nl\/example\/#listItem","name":"example"}},{"@type":"ListItem","@id":"https:\/\/hidalgo.nl\/en\/product\/8967\/wheat-straw-keychain-gunter-printed-led-sustainable\/#listItem","position":4,"name":"Tarwestro sleutelhanger G\u00fcnter","previousItem":{"@type":"ListItem","@id":"https:\/\/hidalgo.nl\/en\/product-supplier\/a58\/#listItem","name":"A58"}}]},{"@type":"ItemPage","@id":"https:\/\/hidalgo.nl\/en\/product\/8967\/wheat-straw-keychain-gunter-printed-led-sustainable\/#itempage","url":"https:\/\/hidalgo.nl\/en\/product\/8967\/wheat-straw-keychain-gunter-printed-led-sustainable\/","name":"Wheat Straw Keychain G\u00fcnter Printed LED Sustainable","description":"Enhance your brand visibility by personalizing the G\u00fcnter with your unique logo for upcoming events & trade shows. This eco-friendly gadget features a practical LED light and a natural brown finish that resonates with your conscious audience. Hidalgo ensures sharp printing to make your promotional gifts stand out every day.","inLanguage":"en-US","isPartOf":{"@id":"https:\/\/hidalgo.nl\/en\/#website"},"breadcrumb":{"@id":"https:\/\/hidalgo.nl\/en\/product\/8967\/wheat-straw-keychain-gunter-printed-led-sustainable\/#breadcrumblist"},"image":{"@type":"ImageObject","url":"https:\/\/shop.hidalgo.nl\/wp-content\/uploads\/2025\/05\/6387077ddb9688e4539e7bdc30cdfe1dc7ec94b8e7634e4526e86f63f201eede.jpg","@id":"https:\/\/hidalgo.nl\/en\/product\/8967\/wheat-straw-keychain-gunter-printed-led-sustainable\/#mainImage","width":267,"height":1000},"primaryImageOfPage":{"@id":"https:\/\/hidalgo.nl\/en\/product\/8967\/wheat-straw-keychain-gunter-printed-led-sustainable\/#mainImage"},"datePublished":"2025-07-03T09:54:58+00:00","dateModified":"2026-03-15T09:30:38+00:00"},{"@type":"Organization","@id":"https:\/\/hidalgo.nl\/en\/#organization","name":"Hidalgo","url":"https:\/\/hidalgo.nl\/en\/","logo":{"@type":"ImageObject","url":"https:\/\/shop.hidalgo.nl\/wp-content\/uploads\/2025\/11\/cropped-Hidalgo-est1993.png","@id":"https:\/\/hidalgo.nl\/en\/product\/8967\/wheat-straw-keychain-gunter-printed-led-sustainable\/#organizationLogo","width":585,"height":195},"image":{"@id":"https:\/\/hidalgo.nl\/en\/product\/8967\/wheat-straw-keychain-gunter-printed-led-sustainable\/#organizationLogo"}},{"@type":"WebPage","@id":"https:\/\/hidalgo.nl\/en\/product\/8967\/wheat-straw-keychain-gunter-printed-led-sustainable\/#webpage","url":"https:\/\/hidalgo.nl\/en\/product\/8967\/wheat-straw-keychain-gunter-printed-led-sustainable\/","name":"Wheat Straw Keychain G\u00fcnter Printed LED Sustainable","description":"Enhance your brand visibility by personalizing the G\u00fcnter with your unique logo for upcoming events & trade shows. This eco-friendly gadget features a practical LED light and a natural brown finish that resonates with your conscious audience. Hidalgo ensures sharp printing to make your promotional gifts stand out every day.","inLanguage":"en-US","isPartOf":{"@id":"https:\/\/hidalgo.nl\/en\/#website"},"breadcrumb":{"@id":"https:\/\/hidalgo.nl\/en\/product\/8967\/wheat-straw-keychain-gunter-printed-led-sustainable\/#breadcrumblist"},"image":{"@type":"ImageObject","url":"https:\/\/shop.hidalgo.nl\/wp-content\/uploads\/2025\/05\/6387077ddb9688e4539e7bdc30cdfe1dc7ec94b8e7634e4526e86f63f201eede.jpg","@id":"https:\/\/hidalgo.nl\/en\/product\/8967\/wheat-straw-keychain-gunter-printed-led-sustainable\/#mainImage","width":267,"height":1000},"primaryImageOfPage":{"@id":"https:\/\/hidalgo.nl\/en\/product\/8967\/wheat-straw-keychain-gunter-printed-led-sustainable\/#mainImage"},"datePublished":"2025-07-03T09:54:58+00:00","dateModified":"2026-03-15T09:30:38+00:00"},{"@type":"WebSite","@id":"https:\/\/hidalgo.nl\/en\/#website","url":"https:\/\/hidalgo.nl\/en\/","name":"Hidalgo","inLanguage":"en-US","publisher":{"@id":"https:\/\/hidalgo.nl\/en\/#organization"}}]},"og:locale":"en_US","og:site_name":"Hidalgo -","og:type":"article","og:title":"Wheat Straw Keychain G\u00fcnter Printed LED Sustainable","og:description":"Enhance your brand visibility by personalizing the G\u00fcnter with your unique logo for upcoming events &amp; trade shows. This eco-friendly gadget features a practical LED light and a natural brown finish that resonates with your conscious audience. Hidalgo ensures sharp printing to make your promotional gifts stand out every day.","og:url":"https:\/\/hidalgo.nl\/en\/wp-json\/wp\/v2\/product\/8967","og:image":"https:\/\/shop.hidalgo.nl\/wp-content\/uploads\/2025\/11\/cropped-Hidalgo-est1993.png","og:image:secure_url":"https:\/\/shop.hidalgo.nl\/wp-content\/uploads\/2025\/11\/cropped-Hidalgo-est1993.png","article:published_time":"2025-07-03T09:54:58+00:00","article:modified_time":"2026-03-15T09:30:38+00:00","twitter:card":"summary_large_image","twitter:title":"Wheat Straw Keychain G\u00fcnter Printed LED Sustainable","twitter:description":"Enhance your brand visibility by personalizing the G\u00fcnter with your unique logo for upcoming events &amp; trade shows. This eco-friendly gadget features a practical LED light and a natural brown finish that resonates with your conscious audience. Hidalgo ensures sharp printing to make your promotional gifts stand out every day.","twitter:image":"https:\/\/shop.hidalgo.nl\/wp-content\/uploads\/2025\/11\/cropped-Hidalgo-est1993.png"},"aioseo_meta_data":{"post_id":"8967","title":null,"description":null,"keywords":null,"keyphrases":null,"primary_term":null,"canonical_url":null,"og_title":null,"og_description":null,"og_object_type":"default","og_image_type":"default","og_image_url":null,"og_image_width":null,"og_image_height":null,"og_image_custom_url":null,"og_image_custom_fields":null,"og_video":null,"og_custom_url":null,"og_article_section":null,"og_article_tags":null,"twitter_use_og":false,"twitter_card":"default","twitter_image_type":"default","twitter_image_url":null,"twitter_image_custom_url":null,"twitter_image_custom_fields":null,"twitter_title":null,"twitter_description":null,"schema":{"blockGraphs":[],"customGraphs":[],"default":{"data":{"Article":[],"Course":[],"Dataset":[],"FAQPage":[],"Movie":[],"Person":[],"Product":[],"ProductReview":[],"Car":[],"Recipe":[],"Service":[],"SoftwareApplication":[],"WebPage":[]},"graphName":"","isEnabled":true},"graphs":[]},"schema_type":"default","schema_type_options":null,"pillar_content":false,"robots_default":true,"robots_noindex":false,"robots_noarchive":false,"robots_nosnippet":false,"robots_nofollow":false,"robots_noimageindex":false,"robots_noodp":false,"robots_notranslate":false,"robots_max_snippet":null,"robots_max_videopreview":null,"robots_max_imagepreview":"large","priority":null,"frequency":null,"local_seo":null,"seo_analyzer_scan_date":"2026-01-20 09:46:21","breadcrumb_settings":null,"limit_modified_date":false,"reviewed_by":null,"open_ai":null,"ai":null,"created":"2026-01-14 06:17:37","updated":"2026-03-16 12:50:13"},"aioseo_breadcrumb":"<div class=\"aioseo-breadcrumbs\"><span class=\"aioseo-breadcrumb\">\n\t<a href=\"https:\/\/hidalgo.nl\/en\/\" title=\"Home\">Home<\/a>\n<\/span><span class=\"aioseo-breadcrumb-separator\">\u00bb<\/span><span class=\"aioseo-breadcrumb\">\n\t<a href=\"https:\/\/hidalgo.nl\/example\/\" title=\"example\">example<\/a>\n<\/span><span class=\"aioseo-breadcrumb-separator\">\u00bb<\/span><span class=\"aioseo-breadcrumb\">\n\t<a href=\"https:\/\/hidalgo.nl\/en\/product-supplier\/a58\/\" title=\"A58\">A58<\/a>\n<\/span><span class=\"aioseo-breadcrumb-separator\">\u00bb<\/span><span class=\"aioseo-breadcrumb\">\n\tTarwestro sleutelhanger G\u00fcnter\n<\/span><\/div>","aioseo_breadcrumb_json":[{"label":"Home","link":"https:\/\/hidalgo.nl\/en\/"},{"label":"example","link":"https:\/\/hidalgo.nl\/example\/"},{"label":"A58","link":"https:\/\/hidalgo.nl\/en\/product-supplier\/a58\/"},{"label":"Tarwestro sleutelhanger G\u00fcnter","link":"https:\/\/hidalgo.nl\/en\/product\/8967\/wheat-straw-keychain-gunter-printed-led-sustainable\/"}],"_links":{"self":[{"href":"https:\/\/hidalgo.nl\/en\/wp-json\/wp\/v2\/product\/8967","targetHints":{"allow":["GET"]}}],"collection":[{"href":"https:\/\/hidalgo.nl\/en\/wp-json\/wp\/v2\/product"}],"about":[{"href":"https:\/\/hidalgo.nl\/en\/wp-json\/wp\/v2\/types\/product"}],"wp:featuredmedia":[{"embeddable":true,"href":"https:\/\/hidalgo.nl\/en\/wp-json\/wp\/v2\/media\/8968"}],"wp:attachment":[{"href":"https:\/\/hidalgo.nl\/en\/wp-json\/wp\/v2\/media?parent=8967"}],"wp:term":[{"taxonomy":"product_brand","embeddable":true,"href":"https:\/\/hidalgo.nl\/en\/wp-json\/wp\/v2\/product_brand?post=8967"},{"taxonomy":"product_cat","embeddable":true,"href":"https:\/\/hidalgo.nl\/en\/wp-json\/wp\/v2\/product_cat?post=8967"},{"taxonomy":"product_tag","embeddable":true,"href":"https:\/\/hidalgo.nl\/en\/wp-json\/wp\/v2\/product_tag?post=8967"}],"curies":[{"name":"wp","href":"https:\/\/api.w.org\/{rel}","templated":true}]}}