{"id":883255,"date":"2026-05-11T12:40:45","date_gmt":"2026-05-11T12:40:45","guid":{"rendered":"https:\/\/hidalgo.nl\/product\/sp100-gestreepte-fouta\/"},"modified":"2026-05-11T12:42:03","modified_gmt":"2026-05-11T12:42:03","slug":"sp100-gestreepte-fouta","status":"publish","type":"product","link":"https:\/\/hidalgo.nl\/en\/product\/883255\/sp100-striped-fouta\/","title":{"rendered":"SP100 &#8211; Gestreepte Fouta"},"content":{"rendered":"<p>100% katoen. Afmetingen: 135 x 195\u00a0cm (variaties mogelijk naargelang de complexiteit van het weefproces). Gewassen product. Fouta met franjes aan de uiteinden. Dubbelzijdig geweven met textuur-effect, waarvan \u00e9\u00e9n lichtere zijde in beige schakeringen. Decoratieve strepen, waarvan sommige contrasterend aan de uiteinden.<\/p>\n","protected":false},"excerpt":{"rendered":"<p>100% katoen. Afmetingen: 135 x 195\u00a0cm (variaties mogelijk naargelang de complexiteit van het weefproces). Gewassen product. Fouta met franjes aan de uiteinden. Dubbelzijdig geweven met textuur-effect, waarvan \u00e9\u00e9n lichtere zijde in beige schakeringen. Decoratieve strepen, waarvan sommige contrasterend aan de uiteinden.<\/p>\n","protected":false},"featured_media":883256,"template":"","meta":{"_acf_changed":false,"om_disable_all_campaigns":false,"_monsterinsights_skip_tracking":false,"_monsterinsights_sitenote_active":false,"_monsterinsights_sitenote_note":"","_monsterinsights_sitenote_category":0},"product_brand":[1670],"product_cat":[4877,4752],"product_tag":[],"class_list":{"0":"post-883255","1":"product","2":"type-product","3":"status-publish","4":"has-post-thumbnail","6":"product_supplier-a404","7":"product_brand-spasso","8":"product_cat-handdoeken-hammam-doeken","9":"product_cat-handdoeken","10":"entry","12":"first","13":"outofstock","14":"taxable","15":"shipping-taxable","16":"purchasable","17":"product-type-variable"},"acf":{"english_short_description":"No label: 100% customisable.\nDouble-sided weave with contrasting stripes.\nNatural fringes and finishes for authentic style.","german_short_description":"No Label: 100 % veredelbar.\nDoppelseitige Webart mit kontrastierenden Streifen.\nFransen und nat\u00fcrliche Abschl\u00fcsse f\u00fcr einen authentischen Stil.","product_supplier_text":"A404"},"aioseo_notices":[],"aioseo_head":"\n\t\t<!-- All in One SEO Pro 4.9.7 - aioseo.com -->\n\t<meta name=\"description\" content=\"No label: 100% customisable. Double-sided weave with contrasting stripes. Natural fringes and finishes for authentic style.\" \/>\n\t<meta name=\"robots\" content=\"max-image-preview:large\" \/>\n\t<link rel=\"canonical\" href=\"https:\/\/hidalgo.nl\/en\/wp-json\/wp\/v2\/product\/883255\" \/>\n\t<meta name=\"generator\" content=\"All in One SEO Pro (AIOSEO) 4.9.7\" \/>\n\t\t<meta property=\"og:locale\" content=\"en_US\" \/>\n\t\t<meta property=\"og:site_name\" content=\"Hidalgo -\" \/>\n\t\t<meta property=\"og:type\" content=\"article\" \/>\n\t\t<meta property=\"og:title\" content=\"SP100 - Striped Fouta\" \/>\n\t\t<meta property=\"og:description\" content=\"No label: 100% customisable. Double-sided weave with contrasting stripes. Natural fringes and finishes for authentic style.\" \/>\n\t\t<meta property=\"og:url\" content=\"https:\/\/hidalgo.nl\/en\/wp-json\/wp\/v2\/product\/883255\" \/>\n\t\t<meta property=\"og:image\" content=\"https:\/\/shop.hidalgo.nl\/wp-content\/uploads\/2025\/11\/cropped-Hidalgo-est1993.png\" \/>\n\t\t<meta property=\"og:image:secure_url\" content=\"https:\/\/shop.hidalgo.nl\/wp-content\/uploads\/2025\/11\/cropped-Hidalgo-est1993.png\" \/>\n\t\t<meta property=\"article:published_time\" content=\"2026-05-11T12:40:45+00:00\" \/>\n\t\t<meta property=\"article:modified_time\" content=\"2026-05-11T12:42:03+00:00\" \/>\n\t\t<meta name=\"twitter:card\" content=\"summary_large_image\" \/>\n\t\t<meta name=\"twitter:title\" content=\"SP100 - Striped Fouta\" \/>\n\t\t<meta name=\"twitter:description\" content=\"No label: 100% customisable. Double-sided weave with contrasting stripes. Natural fringes and finishes for authentic style.\" \/>\n\t\t<meta name=\"twitter:image\" content=\"https:\/\/shop.hidalgo.nl\/wp-content\/uploads\/2025\/11\/cropped-Hidalgo-est1993.png\" \/>\n\t\t<script type=\"application\/ld+json\" class=\"aioseo-schema\">\n\t\t\t{\"@context\":\"https:\\\/\\\/schema.org\",\"@graph\":[{\"@type\":\"BreadcrumbList\",\"@id\":\"https:\\\/\\\/hidalgo.nl\\\/en\\\/product\\\/883255\\\/sp100-striped-fouta\\\/#breadcrumblist\",\"itemListElement\":[{\"@type\":\"ListItem\",\"@id\":\"https:\\\/\\\/hidalgo.nl\\\/en\\\/#listItem\",\"position\":1,\"name\":\"Home\",\"item\":\"https:\\\/\\\/hidalgo.nl\\\/en\\\/\",\"nextItem\":{\"@type\":\"ListItem\",\"@id\":\"https:\\\/\\\/hidalgo.nl\\\/example\\\/#listItem\",\"name\":\"example\"}},{\"@type\":\"ListItem\",\"@id\":\"https:\\\/\\\/hidalgo.nl\\\/example\\\/#listItem\",\"position\":2,\"name\":\"example\",\"item\":\"https:\\\/\\\/hidalgo.nl\\\/example\\\/\",\"nextItem\":{\"@type\":\"ListItem\",\"@id\":\"https:\\\/\\\/hidalgo.nl\\\/en\\\/product-supplier\\\/a404\\\/#listItem\",\"name\":\"A404\"},\"previousItem\":{\"@type\":\"ListItem\",\"@id\":\"https:\\\/\\\/hidalgo.nl\\\/en\\\/#listItem\",\"name\":\"Home\"}},{\"@type\":\"ListItem\",\"@id\":\"https:\\\/\\\/hidalgo.nl\\\/en\\\/product-supplier\\\/a404\\\/#listItem\",\"position\":3,\"name\":\"A404\",\"item\":\"https:\\\/\\\/hidalgo.nl\\\/en\\\/product-supplier\\\/a404\\\/\",\"nextItem\":{\"@type\":\"ListItem\",\"@id\":\"https:\\\/\\\/hidalgo.nl\\\/en\\\/product\\\/883255\\\/sp100-striped-fouta\\\/#listItem\",\"name\":\"SP100 &#8211; Gestreepte Fouta\"},\"previousItem\":{\"@type\":\"ListItem\",\"@id\":\"https:\\\/\\\/hidalgo.nl\\\/example\\\/#listItem\",\"name\":\"example\"}},{\"@type\":\"ListItem\",\"@id\":\"https:\\\/\\\/hidalgo.nl\\\/en\\\/product\\\/883255\\\/sp100-striped-fouta\\\/#listItem\",\"position\":4,\"name\":\"SP100 &#8211; Gestreepte Fouta\",\"previousItem\":{\"@type\":\"ListItem\",\"@id\":\"https:\\\/\\\/hidalgo.nl\\\/en\\\/product-supplier\\\/a404\\\/#listItem\",\"name\":\"A404\"}}]},{\"@type\":\"Organization\",\"@id\":\"https:\\\/\\\/hidalgo.nl\\\/en\\\/#organization\",\"name\":\"Hidalgo\",\"url\":\"https:\\\/\\\/hidalgo.nl\\\/en\\\/\",\"logo\":{\"@type\":\"ImageObject\",\"url\":\"https:\\\/\\\/shop.hidalgo.nl\\\/wp-content\\\/uploads\\\/2025\\\/11\\\/cropped-Hidalgo-est1993.png\",\"@id\":\"https:\\\/\\\/hidalgo.nl\\\/en\\\/product\\\/883255\\\/sp100-striped-fouta\\\/#organizationLogo\",\"width\":585,\"height\":195},\"image\":{\"@id\":\"https:\\\/\\\/hidalgo.nl\\\/en\\\/product\\\/883255\\\/sp100-striped-fouta\\\/#organizationLogo\"}},{\"@type\":\"ProductGroup\",\"@id\":\"https:\\\/\\\/hidalgo.nl\\\/en\\\/product\\\/883255\\\/sp100-striped-fouta\\\/#wooCommerceProduct\",\"name\":\"SP100 - Striped Fouta\",\"url\":\"https:\\\/\\\/hidalgo.nl\\\/en\\\/product\\\/883255\\\/sp100-striped-fouta\\\/\",\"brand\":{\"@type\":\"Brand\",\"name\":\"Spasso\"},\"sku\":\"SP100\",\"image\":{\"@type\":\"ImageObject\",\"url\":\"https:\\\/\\\/shop.hidalgo.nl\\\/wp-content\\\/uploads\\\/2026\\\/04\\\/SP100-2_2025.jpg\",\"@id\":\"https:\\\/\\\/hidalgo.nl\\\/en\\\/product\\\/883255\\\/sp100-striped-fouta\\\/#productImage\"},\"productGroupID\":883255,\"hasVariant\":[{\"@type\":\"Product\",\"@id\":\"https:\\\/\\\/hidalgo.nl\\\/en\\\/product\\\/883255\\\/sp100-striped-fouta\\\/#wooCommerceProduct\",\"name\":\"SP100 - Gestreepte Fouta - olive-green-heather, one-size\",\"url\":\"https:\\\/\\\/hidalgo.nl\\\/en\\\/product\\\/883255\\\/sp100-striped-fouta\\\/\",\"sku\":\"SP100_96244_96243\",\"gtin\":\"3663639149631\",\"image\":{\"@type\":\"ImageObject\",\"url\":\"https:\\\/\\\/shop.hidalgo.nl\\\/wp-content\\\/uploads\\\/2026\\\/04\\\/SP100-2_2025.jpg\",\"@id\":\"https:\\\/\\\/hidalgo.nl\\\/en\\\/product\\\/883255\\\/sp100-striped-fouta\\\/#productImage\"},\"offers\":{\"@type\":\"Offer\",\"url\":\"https:\\\/\\\/hidalgo.nl\\\/en\\\/product\\\/883255\\\/sp100-striped-fouta\\\/#wooCommerceOffer\",\"price\":\"28.6\",\"priceCurrency\":\"EUR\",\"category\":\"Handdoeken\",\"availability\":\"https:\\\/\\\/schema.org\\\/InStock\",\"priceSpecification\":{\"@type\":\"PriceSpecification\",\"price\":28.6,\"priceCurrency\":\"EUR\",\"valueAddedTaxIncluded\":\"true\"}}}]},{\"@type\":\"WebPage\",\"@id\":\"https:\\\/\\\/hidalgo.nl\\\/en\\\/product\\\/883255\\\/sp100-striped-fouta\\\/#webpage\",\"url\":\"https:\\\/\\\/hidalgo.nl\\\/en\\\/product\\\/883255\\\/sp100-striped-fouta\\\/\",\"name\":\"SP100 - Striped Fouta\",\"description\":\"No label: 100% customisable. Double-sided weave with contrasting stripes. Natural fringes and finishes for authentic style.\",\"inLanguage\":\"en-US\",\"isPartOf\":{\"@id\":\"https:\\\/\\\/hidalgo.nl\\\/en\\\/#website\"},\"breadcrumb\":{\"@id\":\"https:\\\/\\\/hidalgo.nl\\\/en\\\/product\\\/883255\\\/sp100-striped-fouta\\\/#breadcrumblist\"},\"image\":{\"@type\":\"ImageObject\",\"url\":\"https:\\\/\\\/shop.hidalgo.nl\\\/wp-content\\\/uploads\\\/2026\\\/04\\\/SP100-2_2025.jpg\",\"@id\":\"https:\\\/\\\/hidalgo.nl\\\/en\\\/product\\\/883255\\\/sp100-striped-fouta\\\/#mainImage\"},\"primaryImageOfPage\":{\"@id\":\"https:\\\/\\\/hidalgo.nl\\\/en\\\/product\\\/883255\\\/sp100-striped-fouta\\\/#mainImage\"},\"datePublished\":\"2026-05-11T12:40:45+00:00\",\"dateModified\":\"2026-05-11T12:42:03+00:00\"},{\"@type\":\"WebSite\",\"@id\":\"https:\\\/\\\/hidalgo.nl\\\/en\\\/#website\",\"url\":\"https:\\\/\\\/hidalgo.nl\\\/en\\\/\",\"name\":\"Hidalgo\",\"inLanguage\":\"en-US\",\"publisher\":{\"@id\":\"https:\\\/\\\/hidalgo.nl\\\/en\\\/#organization\"}}]}\n\t\t<\/script>\n\t\t<!-- All in One SEO Pro -->\r\n\t\t<title>SP100 - Striped Fouta<\/title>\n\n","aioseo_head_json":{"title":"SP100 - Striped Fouta","description":"No label: 100% customisable. Double-sided weave with contrasting stripes. Natural fringes and finishes for authentic style.","canonical_url":"https:\/\/hidalgo.nl\/en\/wp-json\/wp\/v2\/product\/883255","robots":"max-image-preview:large","keywords":"","webmasterTools":{"miscellaneous":""},"schema":{"@context":"https:\/\/schema.org","@graph":[{"@type":"BreadcrumbList","@id":"https:\/\/hidalgo.nl\/en\/product\/883255\/sp100-striped-fouta\/#breadcrumblist","itemListElement":[{"@type":"ListItem","@id":"https:\/\/hidalgo.nl\/en\/#listItem","position":1,"name":"Home","item":"https:\/\/hidalgo.nl\/en\/","nextItem":{"@type":"ListItem","@id":"https:\/\/hidalgo.nl\/example\/#listItem","name":"example"}},{"@type":"ListItem","@id":"https:\/\/hidalgo.nl\/example\/#listItem","position":2,"name":"example","item":"https:\/\/hidalgo.nl\/example\/","nextItem":{"@type":"ListItem","@id":"https:\/\/hidalgo.nl\/en\/product-supplier\/a404\/#listItem","name":"A404"},"previousItem":{"@type":"ListItem","@id":"https:\/\/hidalgo.nl\/en\/#listItem","name":"Home"}},{"@type":"ListItem","@id":"https:\/\/hidalgo.nl\/en\/product-supplier\/a404\/#listItem","position":3,"name":"A404","item":"https:\/\/hidalgo.nl\/en\/product-supplier\/a404\/","nextItem":{"@type":"ListItem","@id":"https:\/\/hidalgo.nl\/en\/product\/883255\/sp100-striped-fouta\/#listItem","name":"SP100 &#8211; Gestreepte Fouta"},"previousItem":{"@type":"ListItem","@id":"https:\/\/hidalgo.nl\/example\/#listItem","name":"example"}},{"@type":"ListItem","@id":"https:\/\/hidalgo.nl\/en\/product\/883255\/sp100-striped-fouta\/#listItem","position":4,"name":"SP100 &#8211; Gestreepte Fouta","previousItem":{"@type":"ListItem","@id":"https:\/\/hidalgo.nl\/en\/product-supplier\/a404\/#listItem","name":"A404"}}]},{"@type":"Organization","@id":"https:\/\/hidalgo.nl\/en\/#organization","name":"Hidalgo","url":"https:\/\/hidalgo.nl\/en\/","logo":{"@type":"ImageObject","url":"https:\/\/shop.hidalgo.nl\/wp-content\/uploads\/2025\/11\/cropped-Hidalgo-est1993.png","@id":"https:\/\/hidalgo.nl\/en\/product\/883255\/sp100-striped-fouta\/#organizationLogo","width":585,"height":195},"image":{"@id":"https:\/\/hidalgo.nl\/en\/product\/883255\/sp100-striped-fouta\/#organizationLogo"}},{"@type":"ProductGroup","@id":"https:\/\/hidalgo.nl\/en\/product\/883255\/sp100-striped-fouta\/#wooCommerceProduct","name":"SP100 - Striped Fouta","url":"https:\/\/hidalgo.nl\/en\/product\/883255\/sp100-striped-fouta\/","brand":{"@type":"Brand","name":"Spasso"},"sku":"SP100","image":{"@type":"ImageObject","url":"https:\/\/shop.hidalgo.nl\/wp-content\/uploads\/2026\/04\/SP100-2_2025.jpg","@id":"https:\/\/hidalgo.nl\/en\/product\/883255\/sp100-striped-fouta\/#productImage"},"productGroupID":883255,"hasVariant":[{"@type":"Product","@id":"https:\/\/hidalgo.nl\/en\/product\/883255\/sp100-striped-fouta\/#wooCommerceProduct","name":"SP100 - Gestreepte Fouta - olive-green-heather, one-size","url":"https:\/\/hidalgo.nl\/en\/product\/883255\/sp100-striped-fouta\/","sku":"SP100_96244_96243","gtin":"3663639149631","image":{"@type":"ImageObject","url":"https:\/\/shop.hidalgo.nl\/wp-content\/uploads\/2026\/04\/SP100-2_2025.jpg","@id":"https:\/\/hidalgo.nl\/en\/product\/883255\/sp100-striped-fouta\/#productImage"},"offers":{"@type":"Offer","url":"https:\/\/hidalgo.nl\/en\/product\/883255\/sp100-striped-fouta\/#wooCommerceOffer","price":"28.6","priceCurrency":"EUR","category":"Handdoeken","availability":"https:\/\/schema.org\/InStock","priceSpecification":{"@type":"PriceSpecification","price":28.6,"priceCurrency":"EUR","valueAddedTaxIncluded":"true"}}}]},{"@type":"WebPage","@id":"https:\/\/hidalgo.nl\/en\/product\/883255\/sp100-striped-fouta\/#webpage","url":"https:\/\/hidalgo.nl\/en\/product\/883255\/sp100-striped-fouta\/","name":"SP100 - Striped Fouta","description":"No label: 100% customisable. Double-sided weave with contrasting stripes. Natural fringes and finishes for authentic style.","inLanguage":"en-US","isPartOf":{"@id":"https:\/\/hidalgo.nl\/en\/#website"},"breadcrumb":{"@id":"https:\/\/hidalgo.nl\/en\/product\/883255\/sp100-striped-fouta\/#breadcrumblist"},"image":{"@type":"ImageObject","url":"https:\/\/shop.hidalgo.nl\/wp-content\/uploads\/2026\/04\/SP100-2_2025.jpg","@id":"https:\/\/hidalgo.nl\/en\/product\/883255\/sp100-striped-fouta\/#mainImage"},"primaryImageOfPage":{"@id":"https:\/\/hidalgo.nl\/en\/product\/883255\/sp100-striped-fouta\/#mainImage"},"datePublished":"2026-05-11T12:40:45+00:00","dateModified":"2026-05-11T12:42:03+00:00"},{"@type":"WebSite","@id":"https:\/\/hidalgo.nl\/en\/#website","url":"https:\/\/hidalgo.nl\/en\/","name":"Hidalgo","inLanguage":"en-US","publisher":{"@id":"https:\/\/hidalgo.nl\/en\/#organization"}}]},"og:locale":"en_US","og:site_name":"Hidalgo -","og:type":"article","og:title":"SP100 - Striped Fouta","og:description":"No label: 100% customisable. Double-sided weave with contrasting stripes. Natural fringes and finishes for authentic style.","og:url":"https:\/\/hidalgo.nl\/en\/wp-json\/wp\/v2\/product\/883255","og:image":"https:\/\/shop.hidalgo.nl\/wp-content\/uploads\/2025\/11\/cropped-Hidalgo-est1993.png","og:image:secure_url":"https:\/\/shop.hidalgo.nl\/wp-content\/uploads\/2025\/11\/cropped-Hidalgo-est1993.png","article:published_time":"2026-05-11T12:40:45+00:00","article:modified_time":"2026-05-11T12:42:03+00:00","twitter:card":"summary_large_image","twitter:title":"SP100 - Striped Fouta","twitter:description":"No label: 100% customisable. Double-sided weave with contrasting stripes. Natural fringes and finishes for authentic style.","twitter:image":"https:\/\/shop.hidalgo.nl\/wp-content\/uploads\/2025\/11\/cropped-Hidalgo-est1993.png"},"aioseo_meta_data":{"post_id":"883255","title":null,"description":null,"keywords":null,"keyphrases":null,"primary_term":null,"canonical_url":null,"og_title":null,"og_description":null,"og_object_type":"default","og_image_type":"default","og_image_url":null,"og_image_width":null,"og_image_height":null,"og_image_custom_url":null,"og_image_custom_fields":null,"og_video":null,"og_custom_url":null,"og_article_section":null,"og_article_tags":null,"twitter_use_og":false,"twitter_card":"default","twitter_image_type":"default","twitter_image_url":null,"twitter_image_custom_url":null,"twitter_image_custom_fields":null,"twitter_title":null,"twitter_description":null,"schema":{"blockGraphs":[],"customGraphs":[],"default":{"data":{"Article":[],"Course":[],"Dataset":[],"FAQPage":[],"Movie":[],"Person":[],"Product":[],"ProductReview":[],"Car":[],"Recipe":[],"Service":[],"SoftwareApplication":[],"WebPage":[]},"graphName":"","isEnabled":true},"graphs":[]},"schema_type":"default","schema_type_options":null,"pillar_content":false,"robots_default":true,"robots_noindex":false,"robots_noarchive":false,"robots_nosnippet":false,"robots_nofollow":false,"robots_noimageindex":false,"robots_noodp":false,"robots_notranslate":false,"robots_max_snippet":null,"robots_max_videopreview":null,"robots_max_imagepreview":"large","priority":null,"frequency":null,"local_seo":null,"seo_analyzer_scan_date":null,"breadcrumb_settings":null,"limit_modified_date":false,"reviewed_by":null,"open_ai":null,"ai":null,"created":"2026-05-11 12:40:54","updated":"2026-05-11 12:43:52"},"aioseo_breadcrumb":"<div class=\"aioseo-breadcrumbs\"><span class=\"aioseo-breadcrumb\">\n\t<a href=\"https:\/\/hidalgo.nl\/en\/\" title=\"Home\">Home<\/a>\n<\/span><span class=\"aioseo-breadcrumb-separator\">\u00bb<\/span><span class=\"aioseo-breadcrumb\">\n\t<a href=\"https:\/\/hidalgo.nl\/example\/\" title=\"example\">example<\/a>\n<\/span><span class=\"aioseo-breadcrumb-separator\">\u00bb<\/span><span class=\"aioseo-breadcrumb\">\n\t<a href=\"https:\/\/hidalgo.nl\/en\/product-supplier\/a404\/\" title=\"A404\">A404<\/a>\n<\/span><span class=\"aioseo-breadcrumb-separator\">\u00bb<\/span><span class=\"aioseo-breadcrumb\">\n\tSP100 \u2013 Gestreepte Fouta\n<\/span><\/div>","aioseo_breadcrumb_json":[{"label":"Home","link":"https:\/\/hidalgo.nl\/en\/"},{"label":"example","link":"https:\/\/hidalgo.nl\/example\/"},{"label":"A404","link":"https:\/\/hidalgo.nl\/en\/product-supplier\/a404\/"},{"label":"SP100 &#8211; Gestreepte Fouta","link":"https:\/\/hidalgo.nl\/en\/product\/883255\/sp100-striped-fouta\/"}],"_links":{"self":[{"href":"https:\/\/hidalgo.nl\/en\/wp-json\/wp\/v2\/product\/883255","targetHints":{"allow":["GET"]}}],"collection":[{"href":"https:\/\/hidalgo.nl\/en\/wp-json\/wp\/v2\/product"}],"about":[{"href":"https:\/\/hidalgo.nl\/en\/wp-json\/wp\/v2\/types\/product"}],"wp:featuredmedia":[{"embeddable":true,"href":"https:\/\/hidalgo.nl\/en\/wp-json\/wp\/v2\/media\/883256"}],"wp:attachment":[{"href":"https:\/\/hidalgo.nl\/en\/wp-json\/wp\/v2\/media?parent=883255"}],"wp:term":[{"taxonomy":"product_brand","embeddable":true,"href":"https:\/\/hidalgo.nl\/en\/wp-json\/wp\/v2\/product_brand?post=883255"},{"taxonomy":"product_cat","embeddable":true,"href":"https:\/\/hidalgo.nl\/en\/wp-json\/wp\/v2\/product_cat?post=883255"},{"taxonomy":"product_tag","embeddable":true,"href":"https:\/\/hidalgo.nl\/en\/wp-json\/wp\/v2\/product_tag?post=883255"}],"curies":[{"name":"wp","href":"https:\/\/api.w.org\/{rel}","templated":true}]}}