{"id":847526,"date":"2026-02-16T11:20:29","date_gmt":"2026-02-16T11:20:29","guid":{"rendered":"https:\/\/hidalgo.nl\/product\/ps-schilderpakket-kerstman-zina\/"},"modified":"2026-03-13T20:04:19","modified_gmt":"2026-03-13T20:04:19","slug":"ps-schilderpakket-kerstman-zina","status":"publish","type":"product","link":"https:\/\/hidalgo.nl\/en\/product\/847526\/christmas-painting-set-ps-santa-zina-branded-plaster-1pc\/","title":{"rendered":"PS schilderpakket kerstman Zina"},"content":{"rendered":"<p>PS schilderpakket kerstman met \u00e9\u00e9n gipsfiguur, drie kleuren acrylverf en \u00e9\u00e9n penseel. Voorzien van een gaatje met polyestertouw om op te hangen als kerstboomversiering. Geschatte speeltijd: 30\u201360 minuten. Per stuk verpakt.<\/p>\n","protected":false},"excerpt":{"rendered":"<p>PS schilderpakket kerstman met \u00e9\u00e9n gipsfiguur, drie kleuren acrylverf en \u00e9\u00e9n penseel. Voorzien van een gaatje met polyestertouw om op te hangen als kerstboomversiering. Geschatte speeltijd: 30\u201360 minuten. Per stuk verpakt.<\/p>\n","protected":false},"featured_media":847709,"template":"","meta":{"_acf_changed":false,"om_disable_all_campaigns":false,"_monsterinsights_skip_tracking":false,"_monsterinsights_sitenote_active":false,"_monsterinsights_sitenote_note":"","_monsterinsights_sitenote_category":0},"product_brand":[49],"product_cat":[4768,4807,4719],"product_tag":[],"class_list":{"0":"post-847526","1":"product","2":"type-product","3":"status-publish","4":"has-post-thumbnail","6":"product_supplier-a58","7":"product_material-acryl","8":"product_material-calcium-sulfaat","9":"product_material-karton","10":"product_material-nylon","11":"product_material-polyester","12":"product_material-pp","13":"product_material-ps","14":"product_material-rpet","15":"product_brand-impression","16":"product_cat-kerst","17":"product_cat-kinder-artikelen","18":"product_cat-promotionele-artikelen","19":"entry","21":"first","22":"instock","23":"taxable","24":"shipping-taxable","25":"purchasable","26":"product-type-variable"},"acf":{"imprint_cost":[{"imprint_cost_key":"1a66eb90f0b2b4d9a3d92d64808c32199886815b","product_quantity_price_range":[{"imprint_cost_recommended_selling_price":"8.57","imprint_cost_recommended_selling_quantity":"1"},{"imprint_cost_recommended_selling_price":"5.55","imprint_cost_recommended_selling_quantity":"25"},{"imprint_cost_recommended_selling_price":"2.92","imprint_cost_recommended_selling_quantity":"50"},{"imprint_cost_recommended_selling_price":"2.18","imprint_cost_recommended_selling_quantity":"100"},{"imprint_cost_recommended_selling_price":"1.55","imprint_cost_recommended_selling_quantity":"250"},{"imprint_cost_recommended_selling_price":"1.45","imprint_cost_recommended_selling_quantity":"500"},{"imprint_cost_recommended_selling_price":"1.34","imprint_cost_recommended_selling_quantity":"1000"},{"imprint_cost_recommended_selling_price":"1.29","imprint_cost_recommended_selling_quantity":"2500"},{"imprint_cost_recommended_selling_price":"1.28","imprint_cost_recommended_selling_quantity":"10000"}],"product_quantity_price_range_buying":false,"imprint_cost_setup_costs":"71.54","imprint_cost_handling_costs":"0.26"},{"imprint_cost_key":"57e0205574468e83e6e6a74193363c35bc0524e5","product_quantity_price_range":[{"imprint_cost_recommended_selling_price":"2.05","imprint_cost_recommended_selling_quantity":"1"},{"imprint_cost_recommended_selling_price":"1.37","imprint_cost_recommended_selling_quantity":"25"},{"imprint_cost_recommended_selling_price":"0.97","imprint_cost_recommended_selling_quantity":"50"},{"imprint_cost_recommended_selling_price":"0.91","imprint_cost_recommended_selling_quantity":"100"},{"imprint_cost_recommended_selling_price":"0.85","imprint_cost_recommended_selling_quantity":"250"},{"imprint_cost_recommended_selling_price":"0.78","imprint_cost_recommended_selling_quantity":"500"},{"imprint_cost_recommended_selling_price":"0.71","imprint_cost_recommended_selling_quantity":"1000"},{"imprint_cost_recommended_selling_price":"0.69","imprint_cost_recommended_selling_quantity":"2500"},{"imprint_cost_recommended_selling_price":"0.68","imprint_cost_recommended_selling_quantity":"5000"}],"product_quantity_price_range_buying":false,"imprint_cost_setup_costs":"60.77","imprint_cost_handling_costs":"0.26"}]},"aioseo_notices":[],"aioseo_head":"\n\t\t<!-- All in One SEO Pro 4.9.6.2 - aioseo.com -->\n\t<meta name=\"description\" content=\"You can offer a creative holiday activity with this Zina DIY craft set, which features a plaster figure, paints, &amp; a brush. These promotional giveaways are ideal for events, allowing you to showcase your brand by having your unique logo printed on the packaging.\" \/>\n\t<meta name=\"robots\" content=\"max-image-preview:large\" \/>\n\t<link rel=\"canonical\" href=\"https:\/\/hidalgo.nl\/en\/wp-json\/wp\/v2\/product\/847526\" \/>\n\t<meta name=\"generator\" content=\"All in One SEO Pro (AIOSEO) 4.9.6.2\" \/>\n\t\t<meta property=\"og:locale\" content=\"en_US\" \/>\n\t\t<meta property=\"og:site_name\" content=\"Hidalgo -\" \/>\n\t\t<meta property=\"og:type\" content=\"article\" \/>\n\t\t<meta property=\"og:title\" content=\"Christmas Painting Set PS Santa Zina Branded Plaster 1pc\" \/>\n\t\t<meta property=\"og:description\" content=\"You can offer a creative holiday activity with this Zina DIY craft set, which features a plaster figure, paints, &amp; a brush. These promotional giveaways are ideal for events, allowing you to showcase your brand by having your unique logo printed on the packaging.\" \/>\n\t\t<meta property=\"og:url\" content=\"https:\/\/hidalgo.nl\/en\/wp-json\/wp\/v2\/product\/847526\" \/>\n\t\t<meta property=\"og:image\" content=\"https:\/\/shop.hidalgo.nl\/wp-content\/uploads\/2025\/11\/cropped-Hidalgo-est1993.png\" \/>\n\t\t<meta property=\"og:image:secure_url\" content=\"https:\/\/shop.hidalgo.nl\/wp-content\/uploads\/2025\/11\/cropped-Hidalgo-est1993.png\" \/>\n\t\t<meta property=\"article:published_time\" content=\"2026-02-16T11:20:29+00:00\" \/>\n\t\t<meta property=\"article:modified_time\" content=\"2026-03-13T20:04:19+00:00\" \/>\n\t\t<meta name=\"twitter:card\" content=\"summary_large_image\" \/>\n\t\t<meta name=\"twitter:title\" content=\"Christmas Painting Set PS Santa Zina Branded Plaster 1pc\" \/>\n\t\t<meta name=\"twitter:description\" content=\"You can offer a creative holiday activity with this Zina DIY craft set, which features a plaster figure, paints, &amp; a brush. These promotional giveaways are ideal for events, allowing you to showcase your brand by having your unique logo printed on the packaging.\" \/>\n\t\t<meta name=\"twitter:image\" content=\"https:\/\/shop.hidalgo.nl\/wp-content\/uploads\/2025\/11\/cropped-Hidalgo-est1993.png\" \/>\n\t\t<script type=\"application\/ld+json\" class=\"aioseo-schema\">\n\t\t\t{\"@context\":\"https:\\\/\\\/schema.org\",\"@graph\":[{\"@type\":\"BreadcrumbList\",\"@id\":\"https:\\\/\\\/hidalgo.nl\\\/en\\\/product\\\/847526\\\/christmas-painting-set-ps-santa-zina-branded-plaster-1pc\\\/#breadcrumblist\",\"itemListElement\":[{\"@type\":\"ListItem\",\"@id\":\"https:\\\/\\\/hidalgo.nl\\\/en\\\/#listItem\",\"position\":1,\"name\":\"Home\",\"item\":\"https:\\\/\\\/hidalgo.nl\\\/en\\\/\",\"nextItem\":{\"@type\":\"ListItem\",\"@id\":\"https:\\\/\\\/hidalgo.nl\\\/example\\\/#listItem\",\"name\":\"example\"}},{\"@type\":\"ListItem\",\"@id\":\"https:\\\/\\\/hidalgo.nl\\\/example\\\/#listItem\",\"position\":2,\"name\":\"example\",\"item\":\"https:\\\/\\\/hidalgo.nl\\\/example\\\/\",\"nextItem\":{\"@type\":\"ListItem\",\"@id\":\"https:\\\/\\\/hidalgo.nl\\\/en\\\/product-supplier\\\/a58\\\/#listItem\",\"name\":\"A58\"},\"previousItem\":{\"@type\":\"ListItem\",\"@id\":\"https:\\\/\\\/hidalgo.nl\\\/en\\\/#listItem\",\"name\":\"Home\"}},{\"@type\":\"ListItem\",\"@id\":\"https:\\\/\\\/hidalgo.nl\\\/en\\\/product-supplier\\\/a58\\\/#listItem\",\"position\":3,\"name\":\"A58\",\"item\":\"https:\\\/\\\/hidalgo.nl\\\/en\\\/product-supplier\\\/a58\\\/\",\"nextItem\":{\"@type\":\"ListItem\",\"@id\":\"https:\\\/\\\/hidalgo.nl\\\/en\\\/product\\\/847526\\\/christmas-painting-set-ps-santa-zina-branded-plaster-1pc\\\/#listItem\",\"name\":\"PS schilderpakket kerstman Zina\"},\"previousItem\":{\"@type\":\"ListItem\",\"@id\":\"https:\\\/\\\/hidalgo.nl\\\/example\\\/#listItem\",\"name\":\"example\"}},{\"@type\":\"ListItem\",\"@id\":\"https:\\\/\\\/hidalgo.nl\\\/en\\\/product\\\/847526\\\/christmas-painting-set-ps-santa-zina-branded-plaster-1pc\\\/#listItem\",\"position\":4,\"name\":\"PS schilderpakket kerstman Zina\",\"previousItem\":{\"@type\":\"ListItem\",\"@id\":\"https:\\\/\\\/hidalgo.nl\\\/en\\\/product-supplier\\\/a58\\\/#listItem\",\"name\":\"A58\"}}]},{\"@type\":\"ItemPage\",\"@id\":\"https:\\\/\\\/hidalgo.nl\\\/en\\\/product\\\/847526\\\/christmas-painting-set-ps-santa-zina-branded-plaster-1pc\\\/#itempage\",\"url\":\"https:\\\/\\\/hidalgo.nl\\\/en\\\/product\\\/847526\\\/christmas-painting-set-ps-santa-zina-branded-plaster-1pc\\\/\",\"name\":\"Christmas Painting Set PS Santa Zina Branded Plaster 1pc\",\"description\":\"You can offer a creative holiday activity with this Zina DIY craft set, which features a plaster figure, paints, & a brush. These promotional giveaways are ideal for events, allowing you to showcase your brand by having your unique logo printed on the packaging.\",\"inLanguage\":\"en-US\",\"isPartOf\":{\"@id\":\"https:\\\/\\\/hidalgo.nl\\\/en\\\/#website\"},\"breadcrumb\":{\"@id\":\"https:\\\/\\\/hidalgo.nl\\\/en\\\/product\\\/847526\\\/christmas-painting-set-ps-santa-zina-branded-plaster-1pc\\\/#breadcrumblist\"},\"image\":{\"@type\":\"ImageObject\",\"url\":\"https:\\\/\\\/shop.hidalgo.nl\\\/wp-content\\\/uploads\\\/2025\\\/04\\\/43c40845099c647082b1d4ba027e7fccd9984c245c5db69358ea64d70814a913.jpg\",\"@id\":\"https:\\\/\\\/hidalgo.nl\\\/en\\\/product\\\/847526\\\/christmas-painting-set-ps-santa-zina-branded-plaster-1pc\\\/#mainImage\"},\"primaryImageOfPage\":{\"@id\":\"https:\\\/\\\/hidalgo.nl\\\/en\\\/product\\\/847526\\\/christmas-painting-set-ps-santa-zina-branded-plaster-1pc\\\/#mainImage\"},\"datePublished\":\"2026-02-16T11:20:29+00:00\",\"dateModified\":\"2026-03-13T20:04:19+00:00\"},{\"@type\":\"Organization\",\"@id\":\"https:\\\/\\\/hidalgo.nl\\\/en\\\/#organization\",\"name\":\"Hidalgo\",\"url\":\"https:\\\/\\\/hidalgo.nl\\\/en\\\/\",\"logo\":{\"@type\":\"ImageObject\",\"url\":\"https:\\\/\\\/shop.hidalgo.nl\\\/wp-content\\\/uploads\\\/2025\\\/11\\\/cropped-Hidalgo-est1993.png\",\"@id\":\"https:\\\/\\\/hidalgo.nl\\\/en\\\/product\\\/847526\\\/christmas-painting-set-ps-santa-zina-branded-plaster-1pc\\\/#organizationLogo\",\"width\":585,\"height\":195},\"image\":{\"@id\":\"https:\\\/\\\/hidalgo.nl\\\/en\\\/product\\\/847526\\\/christmas-painting-set-ps-santa-zina-branded-plaster-1pc\\\/#organizationLogo\"}},{\"@type\":\"WebPage\",\"@id\":\"https:\\\/\\\/hidalgo.nl\\\/en\\\/product\\\/847526\\\/christmas-painting-set-ps-santa-zina-branded-plaster-1pc\\\/#webpage\",\"url\":\"https:\\\/\\\/hidalgo.nl\\\/en\\\/product\\\/847526\\\/christmas-painting-set-ps-santa-zina-branded-plaster-1pc\\\/\",\"name\":\"Christmas Painting Set PS Santa Zina Branded Plaster 1pc\",\"description\":\"You can offer a creative holiday activity with this Zina DIY craft set, which features a plaster figure, paints, & a brush. These promotional giveaways are ideal for events, allowing you to showcase your brand by having your unique logo printed on the packaging.\",\"inLanguage\":\"en-US\",\"isPartOf\":{\"@id\":\"https:\\\/\\\/hidalgo.nl\\\/en\\\/#website\"},\"breadcrumb\":{\"@id\":\"https:\\\/\\\/hidalgo.nl\\\/en\\\/product\\\/847526\\\/christmas-painting-set-ps-santa-zina-branded-plaster-1pc\\\/#breadcrumblist\"},\"image\":{\"@type\":\"ImageObject\",\"url\":\"https:\\\/\\\/shop.hidalgo.nl\\\/wp-content\\\/uploads\\\/2025\\\/04\\\/43c40845099c647082b1d4ba027e7fccd9984c245c5db69358ea64d70814a913.jpg\",\"@id\":\"https:\\\/\\\/hidalgo.nl\\\/en\\\/product\\\/847526\\\/christmas-painting-set-ps-santa-zina-branded-plaster-1pc\\\/#mainImage\"},\"primaryImageOfPage\":{\"@id\":\"https:\\\/\\\/hidalgo.nl\\\/en\\\/product\\\/847526\\\/christmas-painting-set-ps-santa-zina-branded-plaster-1pc\\\/#mainImage\"},\"datePublished\":\"2026-02-16T11:20:29+00:00\",\"dateModified\":\"2026-03-13T20:04:19+00:00\"},{\"@type\":\"WebSite\",\"@id\":\"https:\\\/\\\/hidalgo.nl\\\/en\\\/#website\",\"url\":\"https:\\\/\\\/hidalgo.nl\\\/en\\\/\",\"name\":\"Hidalgo\",\"inLanguage\":\"en-US\",\"publisher\":{\"@id\":\"https:\\\/\\\/hidalgo.nl\\\/en\\\/#organization\"}}]}\n\t\t<\/script>\n\t\t<!-- All in One SEO Pro -->\r\n\t\t<title>Christmas Painting Set PS Santa Zina Branded Plaster 1pc<\/title>\n\n","aioseo_head_json":{"title":"Christmas Painting Set PS Santa Zina Branded Plaster 1pc","description":"You can offer a creative holiday activity with this Zina DIY craft set, which features a plaster figure, paints, & a brush. These promotional giveaways are ideal for events, allowing you to showcase your brand by having your unique logo printed on the packaging.","canonical_url":"https:\/\/hidalgo.nl\/en\/wp-json\/wp\/v2\/product\/847526","robots":"max-image-preview:large","keywords":"","webmasterTools":{"miscellaneous":""},"schema":{"@context":"https:\/\/schema.org","@graph":[{"@type":"BreadcrumbList","@id":"https:\/\/hidalgo.nl\/en\/product\/847526\/christmas-painting-set-ps-santa-zina-branded-plaster-1pc\/#breadcrumblist","itemListElement":[{"@type":"ListItem","@id":"https:\/\/hidalgo.nl\/en\/#listItem","position":1,"name":"Home","item":"https:\/\/hidalgo.nl\/en\/","nextItem":{"@type":"ListItem","@id":"https:\/\/hidalgo.nl\/example\/#listItem","name":"example"}},{"@type":"ListItem","@id":"https:\/\/hidalgo.nl\/example\/#listItem","position":2,"name":"example","item":"https:\/\/hidalgo.nl\/example\/","nextItem":{"@type":"ListItem","@id":"https:\/\/hidalgo.nl\/en\/product-supplier\/a58\/#listItem","name":"A58"},"previousItem":{"@type":"ListItem","@id":"https:\/\/hidalgo.nl\/en\/#listItem","name":"Home"}},{"@type":"ListItem","@id":"https:\/\/hidalgo.nl\/en\/product-supplier\/a58\/#listItem","position":3,"name":"A58","item":"https:\/\/hidalgo.nl\/en\/product-supplier\/a58\/","nextItem":{"@type":"ListItem","@id":"https:\/\/hidalgo.nl\/en\/product\/847526\/christmas-painting-set-ps-santa-zina-branded-plaster-1pc\/#listItem","name":"PS schilderpakket kerstman Zina"},"previousItem":{"@type":"ListItem","@id":"https:\/\/hidalgo.nl\/example\/#listItem","name":"example"}},{"@type":"ListItem","@id":"https:\/\/hidalgo.nl\/en\/product\/847526\/christmas-painting-set-ps-santa-zina-branded-plaster-1pc\/#listItem","position":4,"name":"PS schilderpakket kerstman Zina","previousItem":{"@type":"ListItem","@id":"https:\/\/hidalgo.nl\/en\/product-supplier\/a58\/#listItem","name":"A58"}}]},{"@type":"ItemPage","@id":"https:\/\/hidalgo.nl\/en\/product\/847526\/christmas-painting-set-ps-santa-zina-branded-plaster-1pc\/#itempage","url":"https:\/\/hidalgo.nl\/en\/product\/847526\/christmas-painting-set-ps-santa-zina-branded-plaster-1pc\/","name":"Christmas Painting Set PS Santa Zina Branded Plaster 1pc","description":"You can offer a creative holiday activity with this Zina DIY craft set, which features a plaster figure, paints, & a brush. These promotional giveaways are ideal for events, allowing you to showcase your brand by having your unique logo printed on the packaging.","inLanguage":"en-US","isPartOf":{"@id":"https:\/\/hidalgo.nl\/en\/#website"},"breadcrumb":{"@id":"https:\/\/hidalgo.nl\/en\/product\/847526\/christmas-painting-set-ps-santa-zina-branded-plaster-1pc\/#breadcrumblist"},"image":{"@type":"ImageObject","url":"https:\/\/shop.hidalgo.nl\/wp-content\/uploads\/2025\/04\/43c40845099c647082b1d4ba027e7fccd9984c245c5db69358ea64d70814a913.jpg","@id":"https:\/\/hidalgo.nl\/en\/product\/847526\/christmas-painting-set-ps-santa-zina-branded-plaster-1pc\/#mainImage"},"primaryImageOfPage":{"@id":"https:\/\/hidalgo.nl\/en\/product\/847526\/christmas-painting-set-ps-santa-zina-branded-plaster-1pc\/#mainImage"},"datePublished":"2026-02-16T11:20:29+00:00","dateModified":"2026-03-13T20:04:19+00:00"},{"@type":"Organization","@id":"https:\/\/hidalgo.nl\/en\/#organization","name":"Hidalgo","url":"https:\/\/hidalgo.nl\/en\/","logo":{"@type":"ImageObject","url":"https:\/\/shop.hidalgo.nl\/wp-content\/uploads\/2025\/11\/cropped-Hidalgo-est1993.png","@id":"https:\/\/hidalgo.nl\/en\/product\/847526\/christmas-painting-set-ps-santa-zina-branded-plaster-1pc\/#organizationLogo","width":585,"height":195},"image":{"@id":"https:\/\/hidalgo.nl\/en\/product\/847526\/christmas-painting-set-ps-santa-zina-branded-plaster-1pc\/#organizationLogo"}},{"@type":"WebPage","@id":"https:\/\/hidalgo.nl\/en\/product\/847526\/christmas-painting-set-ps-santa-zina-branded-plaster-1pc\/#webpage","url":"https:\/\/hidalgo.nl\/en\/product\/847526\/christmas-painting-set-ps-santa-zina-branded-plaster-1pc\/","name":"Christmas Painting Set PS Santa Zina Branded Plaster 1pc","description":"You can offer a creative holiday activity with this Zina DIY craft set, which features a plaster figure, paints, & a brush. These promotional giveaways are ideal for events, allowing you to showcase your brand by having your unique logo printed on the packaging.","inLanguage":"en-US","isPartOf":{"@id":"https:\/\/hidalgo.nl\/en\/#website"},"breadcrumb":{"@id":"https:\/\/hidalgo.nl\/en\/product\/847526\/christmas-painting-set-ps-santa-zina-branded-plaster-1pc\/#breadcrumblist"},"image":{"@type":"ImageObject","url":"https:\/\/shop.hidalgo.nl\/wp-content\/uploads\/2025\/04\/43c40845099c647082b1d4ba027e7fccd9984c245c5db69358ea64d70814a913.jpg","@id":"https:\/\/hidalgo.nl\/en\/product\/847526\/christmas-painting-set-ps-santa-zina-branded-plaster-1pc\/#mainImage"},"primaryImageOfPage":{"@id":"https:\/\/hidalgo.nl\/en\/product\/847526\/christmas-painting-set-ps-santa-zina-branded-plaster-1pc\/#mainImage"},"datePublished":"2026-02-16T11:20:29+00:00","dateModified":"2026-03-13T20:04:19+00:00"},{"@type":"WebSite","@id":"https:\/\/hidalgo.nl\/en\/#website","url":"https:\/\/hidalgo.nl\/en\/","name":"Hidalgo","inLanguage":"en-US","publisher":{"@id":"https:\/\/hidalgo.nl\/en\/#organization"}}]},"og:locale":"en_US","og:site_name":"Hidalgo -","og:type":"article","og:title":"Christmas Painting Set PS Santa Zina Branded Plaster 1pc","og:description":"You can offer a creative holiday activity with this Zina DIY craft set, which features a plaster figure, paints, &amp; a brush. These promotional giveaways are ideal for events, allowing you to showcase your brand by having your unique logo printed on the packaging.","og:url":"https:\/\/hidalgo.nl\/en\/wp-json\/wp\/v2\/product\/847526","og:image":"https:\/\/shop.hidalgo.nl\/wp-content\/uploads\/2025\/11\/cropped-Hidalgo-est1993.png","og:image:secure_url":"https:\/\/shop.hidalgo.nl\/wp-content\/uploads\/2025\/11\/cropped-Hidalgo-est1993.png","article:published_time":"2026-02-16T11:20:29+00:00","article:modified_time":"2026-03-13T20:04:19+00:00","twitter:card":"summary_large_image","twitter:title":"Christmas Painting Set PS Santa Zina Branded Plaster 1pc","twitter:description":"You can offer a creative holiday activity with this Zina DIY craft set, which features a plaster figure, paints, &amp; a brush. These promotional giveaways are ideal for events, allowing you to showcase your brand by having your unique logo printed on the packaging.","twitter:image":"https:\/\/shop.hidalgo.nl\/wp-content\/uploads\/2025\/11\/cropped-Hidalgo-est1993.png"},"aioseo_meta_data":{"post_id":"847526","title":null,"description":null,"keywords":null,"keyphrases":null,"primary_term":null,"canonical_url":null,"og_title":null,"og_description":null,"og_object_type":"default","og_image_type":"default","og_image_url":null,"og_image_width":null,"og_image_height":null,"og_image_custom_url":null,"og_image_custom_fields":null,"og_video":null,"og_custom_url":null,"og_article_section":null,"og_article_tags":null,"twitter_use_og":false,"twitter_card":"default","twitter_image_type":"default","twitter_image_url":null,"twitter_image_custom_url":null,"twitter_image_custom_fields":null,"twitter_title":null,"twitter_description":null,"schema":{"blockGraphs":[],"customGraphs":[],"default":{"data":{"Article":[],"Course":[],"Dataset":[],"FAQPage":[],"Movie":[],"Person":[],"Product":[],"ProductReview":[],"Car":[],"Recipe":[],"Service":[],"SoftwareApplication":[],"WebPage":[]},"graphName":"","isEnabled":true},"graphs":[]},"schema_type":"default","schema_type_options":null,"pillar_content":false,"robots_default":true,"robots_noindex":false,"robots_noarchive":false,"robots_nosnippet":false,"robots_nofollow":false,"robots_noimageindex":false,"robots_noodp":false,"robots_notranslate":false,"robots_max_snippet":null,"robots_max_videopreview":null,"robots_max_imagepreview":"large","priority":null,"frequency":null,"local_seo":null,"seo_analyzer_scan_date":"2026-02-17 10:02:32","breadcrumb_settings":null,"limit_modified_date":false,"reviewed_by":null,"open_ai":null,"ai":null,"created":"2026-02-16 11:23:36","updated":"2026-03-16 16:02:26"},"aioseo_breadcrumb":"<div class=\"aioseo-breadcrumbs\"><span class=\"aioseo-breadcrumb\">\n\t<a href=\"https:\/\/hidalgo.nl\/en\/\" title=\"Home\">Home<\/a>\n<\/span><span class=\"aioseo-breadcrumb-separator\">\u00bb<\/span><span class=\"aioseo-breadcrumb\">\n\t<a href=\"https:\/\/hidalgo.nl\/example\/\" title=\"example\">example<\/a>\n<\/span><span class=\"aioseo-breadcrumb-separator\">\u00bb<\/span><span class=\"aioseo-breadcrumb\">\n\t<a href=\"https:\/\/hidalgo.nl\/en\/product-supplier\/a58\/\" title=\"A58\">A58<\/a>\n<\/span><span class=\"aioseo-breadcrumb-separator\">\u00bb<\/span><span class=\"aioseo-breadcrumb\">\n\tPS schilderpakket kerstman Zina\n<\/span><\/div>","aioseo_breadcrumb_json":[{"label":"Home","link":"https:\/\/hidalgo.nl\/en\/"},{"label":"example","link":"https:\/\/hidalgo.nl\/example\/"},{"label":"A58","link":"https:\/\/hidalgo.nl\/en\/product-supplier\/a58\/"},{"label":"PS schilderpakket kerstman Zina","link":"https:\/\/hidalgo.nl\/en\/product\/847526\/christmas-painting-set-ps-santa-zina-branded-plaster-1pc\/"}],"_links":{"self":[{"href":"https:\/\/hidalgo.nl\/en\/wp-json\/wp\/v2\/product\/847526","targetHints":{"allow":["GET"]}}],"collection":[{"href":"https:\/\/hidalgo.nl\/en\/wp-json\/wp\/v2\/product"}],"about":[{"href":"https:\/\/hidalgo.nl\/en\/wp-json\/wp\/v2\/types\/product"}],"wp:featuredmedia":[{"embeddable":true,"href":"https:\/\/hidalgo.nl\/en\/wp-json\/wp\/v2\/media\/847709"}],"wp:attachment":[{"href":"https:\/\/hidalgo.nl\/en\/wp-json\/wp\/v2\/media?parent=847526"}],"wp:term":[{"taxonomy":"product_brand","embeddable":true,"href":"https:\/\/hidalgo.nl\/en\/wp-json\/wp\/v2\/product_brand?post=847526"},{"taxonomy":"product_cat","embeddable":true,"href":"https:\/\/hidalgo.nl\/en\/wp-json\/wp\/v2\/product_cat?post=847526"},{"taxonomy":"product_tag","embeddable":true,"href":"https:\/\/hidalgo.nl\/en\/wp-json\/wp\/v2\/product_tag?post=847526"}],"curies":[{"name":"wp","href":"https:\/\/api.w.org\/{rel}","templated":true}]}}