{"id":844990,"date":"2026-02-16T10:21:14","date_gmt":"2026-02-16T10:21:14","guid":{"rendered":"https:\/\/hidalgo.nl\/product\/tucano-premium-travel-backpack-156-handbagage-rugzak\/"},"modified":"2026-02-26T07:35:37","modified_gmt":"2026-02-26T07:35:37","slug":"tucano-premium-travel-backpack-156-handbagage-rugzak","status":"publish","type":"product","link":"https:\/\/hidalgo.nl\/en\/product\/tucano-premium-travel-backpack-156-handbagage-rugzak\/","title":{"rendered":"Tucano Premium Travel Backpack 15,6&#8243; handbagage rugzak"},"content":{"rendered":"<p>Handbagage rugzak van het Italiaanse merk Tucano. Deze compacte en reisvriendelijke cabin-rugzak voldoet aan de afmetingseisen van alle lowcost luchtvaartmaatschappijen. De nylon rugzak is gemaakt van materialen geproduceerd uit gerecycled kunststof, waaronder 24 gerecyclede PET-flessen. Het grote, ruime hoofdvak, gevoerd met een elegante gestreepte stof, biedt plaats aan kleding en benodigdheden. Aan de binnenzijde is een uitneembare paspoorthouder bevestigd en vind je een apart binnenvak voor een Airtag. Met een handige ritsvak aan de voorzijde voor accessoires. De rugzijde en verstelbare schouderbanden zijn gewatteerd en voorzien van een ademende meshstof voor optimaal draagcomfort. Met handige trolleyriem en extra gewatteerd achtervak met intern ritsvak voor het vervoeren van laptops tot 15,6 inch of MacBook Pro 16 inch. Geniet van perfecte draagbaarheid met twee handgrepen, \u00e9\u00e9n aan de bovenkant en \u00e9\u00e9n aan de zijkant. Deze rugzak is ontworpen om te voldoen aan de cabineafmetingen van alle luchtvaartmaatschappijen. Past onder de stoel in het vliegtuig en is daarmee de ideale reisgenoot tijdens vliegreizen.<\/p>\n","protected":false},"excerpt":{"rendered":"<p>Handbagage rugzak van het Italiaanse merk Tucano. Deze compacte en reisvriendelijke cabin-rugzak voldoet aan de afmetingseisen van alle lowcost luchtvaartmaatschappijen. De nylon rugzak is gemaakt van materialen geproduceerd uit gerecycled kunststof, waaronder 24 gerecyclede PET-flessen. Het grote, ruime hoofdvak, gevoerd met een elegante gestreepte stof, biedt plaats aan kleding en benodigdheden. Aan de binnenzijde is&hellip; <a class=\"more-link\" href=\"https:\/\/hidalgo.nl\/en\/product\/tucano-premium-travel-backpack-156-handbagage-rugzak\/\">Continue reading <span class=\"screen-reader-text\">Tucano Premium Travel Backpack 15,6&#8243; handbagage rugzak<\/span><\/a><\/p>\n","protected":false},"featured_media":844991,"template":"","meta":{"_acf_changed":false,"om_disable_all_campaigns":false,"_monsterinsights_skip_tracking":false,"_monsterinsights_sitenote_active":false,"_monsterinsights_sitenote_note":"","_monsterinsights_sitenote_category":0},"product_brand":[1903],"product_cat":[4760,4932,4795,4796,4713],"product_tag":[],"class_list":{"0":"post-844990","1":"product","2":"type-product","3":"status-publish","4":"has-post-thumbnail","6":"product_supplier-a508","7":"product_material-gerecycled-nylon","8":"product_brand-tucano","9":"product_cat-document-tassen","10":"product_cat-document-tassen-laptop-rugtassen","11":"product_cat-rugtassen","12":"product_cat-rugzakken","13":"product_cat-tassen","14":"entry","16":"first","17":"instock","18":"taxable","19":"shipping-taxable","20":"purchasable","21":"product-type-variable"},"acf":{"imprint_cost":[{"imprint_cost_key":"3ef4874a608b6ee55f7a83f5b440a42f3b139152","product_quantity_price_range":[{"imprint_cost_recommended_selling_price":"2.34","imprint_cost_recommended_selling_quantity":"1"},{"imprint_cost_recommended_selling_price":"2.07","imprint_cost_recommended_selling_quantity":"25"},{"imprint_cost_recommended_selling_price":"1.44","imprint_cost_recommended_selling_quantity":"50"},{"imprint_cost_recommended_selling_price":"0.96","imprint_cost_recommended_selling_quantity":"100"},{"imprint_cost_recommended_selling_price":"0.75","imprint_cost_recommended_selling_quantity":"250"},{"imprint_cost_recommended_selling_price":"0.63","imprint_cost_recommended_selling_quantity":"500"},{"imprint_cost_recommended_selling_price":"0.57","imprint_cost_recommended_selling_quantity":"1000"},{"imprint_cost_recommended_selling_price":"0.465","imprint_cost_recommended_selling_quantity":"2500"},{"imprint_cost_recommended_selling_price":"0.435","imprint_cost_recommended_selling_quantity":"5000"}],"product_quantity_price_range_buying":[{"imprint_cost_general_buying_price":"1.56","imprint_cost_general_buying_quantity":"1"},{"imprint_cost_general_buying_price":"1.38","imprint_cost_general_buying_quantity":"25"},{"imprint_cost_general_buying_price":"0.96","imprint_cost_general_buying_quantity":"50"},{"imprint_cost_general_buying_price":"0.64","imprint_cost_general_buying_quantity":"100"},{"imprint_cost_general_buying_price":"0.5","imprint_cost_general_buying_quantity":"250"},{"imprint_cost_general_buying_price":"0.42","imprint_cost_general_buying_quantity":"500"},{"imprint_cost_general_buying_price":"0.38","imprint_cost_general_buying_quantity":"1000"},{"imprint_cost_general_buying_price":"0.31","imprint_cost_general_buying_quantity":"2500"},{"imprint_cost_general_buying_price":"0.29","imprint_cost_general_buying_quantity":"5000"}],"imprint_cost_setup_costs":"45","imprint_cost_handling_costs":"0.12"},{"imprint_cost_key":"5d3cf48199879a46e247cc18d3733061e538808e","product_quantity_price_range":[{"imprint_cost_recommended_selling_price":"2.34","imprint_cost_recommended_selling_quantity":"1"},{"imprint_cost_recommended_selling_price":"2.07","imprint_cost_recommended_selling_quantity":"25"},{"imprint_cost_recommended_selling_price":"1.44","imprint_cost_recommended_selling_quantity":"50"},{"imprint_cost_recommended_selling_price":"0.96","imprint_cost_recommended_selling_quantity":"100"},{"imprint_cost_recommended_selling_price":"0.75","imprint_cost_recommended_selling_quantity":"250"},{"imprint_cost_recommended_selling_price":"0.63","imprint_cost_recommended_selling_quantity":"500"},{"imprint_cost_recommended_selling_price":"0.57","imprint_cost_recommended_selling_quantity":"1000"},{"imprint_cost_recommended_selling_price":"0.465","imprint_cost_recommended_selling_quantity":"2500"},{"imprint_cost_recommended_selling_price":"0.435","imprint_cost_recommended_selling_quantity":"5000"}],"product_quantity_price_range_buying":[{"imprint_cost_general_buying_price":"1.56","imprint_cost_general_buying_quantity":"1"},{"imprint_cost_general_buying_price":"1.38","imprint_cost_general_buying_quantity":"25"},{"imprint_cost_general_buying_price":"0.96","imprint_cost_general_buying_quantity":"50"},{"imprint_cost_general_buying_price":"0.64","imprint_cost_general_buying_quantity":"100"},{"imprint_cost_general_buying_price":"0.5","imprint_cost_general_buying_quantity":"250"},{"imprint_cost_general_buying_price":"0.42","imprint_cost_general_buying_quantity":"500"},{"imprint_cost_general_buying_price":"0.38","imprint_cost_general_buying_quantity":"1000"},{"imprint_cost_general_buying_price":"0.31","imprint_cost_general_buying_quantity":"2500"},{"imprint_cost_general_buying_price":"0.29","imprint_cost_general_buying_quantity":"5000"}],"imprint_cost_setup_costs":"45","imprint_cost_handling_costs":"0.12"}]},"aioseo_notices":[],"aioseo_head":"\n\t\t<!-- All in One SEO Pro 4.9.5.2 - aioseo.com -->\n\t<meta name=\"description\" content=\"Travel light with this Tucano carry-on bag that slides under the seat and meets cabin size rules. It protects your 15.6 inch laptop in a padded sleeve and uses recycled nylon. Hidalgo prints your logo for business trips &amp; events, ideal for teams and giveaways.\" \/>\n\t<meta name=\"robots\" content=\"max-image-preview:large\" \/>\n\t<link rel=\"canonical\" href=\"https:\/\/hidalgo.nl\/en\/wp-json\/wp\/v2\/product\/844990\" \/>\n\t<meta name=\"generator\" content=\"All in One SEO Pro (AIOSEO) 4.9.5.2\" \/>\n\t\t<meta property=\"og:locale\" content=\"en_US\" \/>\n\t\t<meta property=\"og:site_name\" content=\"Hidalgo -\" \/>\n\t\t<meta property=\"og:type\" content=\"article\" \/>\n\t\t<meta property=\"og:title\" content=\"Tucano Premium Travel Backpack 15,6\u2033 handbagage rugzak\" \/>\n\t\t<meta property=\"og:description\" content=\"Travel light with this Tucano carry-on bag that slides under the seat and meets cabin size rules. It protects your 15.6 inch laptop in a padded sleeve and uses recycled nylon. Hidalgo prints your logo for business trips &amp; events, ideal for teams and giveaways.\" \/>\n\t\t<meta property=\"og:url\" content=\"https:\/\/hidalgo.nl\/en\/wp-json\/wp\/v2\/product\/844990\" \/>\n\t\t<meta property=\"og:image\" content=\"https:\/\/shop.hidalgo.nl\/wp-content\/uploads\/2025\/11\/cropped-Hidalgo-est1993.png\" \/>\n\t\t<meta property=\"og:image:secure_url\" content=\"https:\/\/shop.hidalgo.nl\/wp-content\/uploads\/2025\/11\/cropped-Hidalgo-est1993.png\" \/>\n\t\t<meta property=\"article:published_time\" content=\"2026-02-16T10:21:14+00:00\" \/>\n\t\t<meta property=\"article:modified_time\" content=\"2026-02-26T07:35:37+00:00\" \/>\n\t\t<meta name=\"twitter:card\" content=\"summary_large_image\" \/>\n\t\t<meta name=\"twitter:title\" content=\"Tucano Premium Travel Backpack 15,6\u2033 handbagage rugzak\" \/>\n\t\t<meta name=\"twitter:description\" content=\"Travel light with this Tucano carry-on bag that slides under the seat and meets cabin size rules. It protects your 15.6 inch laptop in a padded sleeve and uses recycled nylon. Hidalgo prints your logo for business trips &amp; events, ideal for teams and giveaways.\" \/>\n\t\t<meta name=\"twitter:image\" content=\"https:\/\/shop.hidalgo.nl\/wp-content\/uploads\/2025\/11\/cropped-Hidalgo-est1993.png\" \/>\n\t\t<script type=\"application\/ld+json\" class=\"aioseo-schema\">\n\t\t\t{\"@context\":\"https:\\\/\\\/schema.org\",\"@graph\":[{\"@type\":\"BreadcrumbList\",\"@id\":\"https:\\\/\\\/hidalgo.nl\\\/en\\\/product\\\/tucano-premium-travel-backpack-156-handbagage-rugzak\\\/#breadcrumblist\",\"itemListElement\":[{\"@type\":\"ListItem\",\"@id\":\"https:\\\/\\\/hidalgo.nl\\\/en\\\/#listItem\",\"position\":1,\"name\":\"Home\",\"item\":\"https:\\\/\\\/hidalgo.nl\\\/en\\\/\",\"nextItem\":{\"@type\":\"ListItem\",\"@id\":\"https:\\\/\\\/hidalgo.nl\\\/example\\\/#listItem\",\"name\":\"example\"}},{\"@type\":\"ListItem\",\"@id\":\"https:\\\/\\\/hidalgo.nl\\\/example\\\/#listItem\",\"position\":2,\"name\":\"example\",\"item\":\"https:\\\/\\\/hidalgo.nl\\\/example\\\/\",\"nextItem\":{\"@type\":\"ListItem\",\"@id\":\"https:\\\/\\\/hidalgo.nl\\\/en\\\/product-supplier\\\/a508\\\/#listItem\",\"name\":\"A508\"},\"previousItem\":{\"@type\":\"ListItem\",\"@id\":\"https:\\\/\\\/hidalgo.nl\\\/en\\\/#listItem\",\"name\":\"Home\"}},{\"@type\":\"ListItem\",\"@id\":\"https:\\\/\\\/hidalgo.nl\\\/en\\\/product-supplier\\\/a508\\\/#listItem\",\"position\":3,\"name\":\"A508\",\"item\":\"https:\\\/\\\/hidalgo.nl\\\/en\\\/product-supplier\\\/a508\\\/\",\"nextItem\":{\"@type\":\"ListItem\",\"@id\":\"https:\\\/\\\/hidalgo.nl\\\/en\\\/product\\\/tucano-premium-travel-backpack-156-handbagage-rugzak\\\/#listItem\",\"name\":\"Tucano Premium Travel Backpack 15,6&#8243; handbagage rugzak\"},\"previousItem\":{\"@type\":\"ListItem\",\"@id\":\"https:\\\/\\\/hidalgo.nl\\\/example\\\/#listItem\",\"name\":\"example\"}},{\"@type\":\"ListItem\",\"@id\":\"https:\\\/\\\/hidalgo.nl\\\/en\\\/product\\\/tucano-premium-travel-backpack-156-handbagage-rugzak\\\/#listItem\",\"position\":4,\"name\":\"Tucano Premium Travel Backpack 15,6&#8243; handbagage rugzak\",\"previousItem\":{\"@type\":\"ListItem\",\"@id\":\"https:\\\/\\\/hidalgo.nl\\\/en\\\/product-supplier\\\/a508\\\/#listItem\",\"name\":\"A508\"}}]},{\"@type\":\"ItemPage\",\"@id\":\"https:\\\/\\\/hidalgo.nl\\\/en\\\/product\\\/tucano-premium-travel-backpack-156-handbagage-rugzak\\\/#itempage\",\"url\":\"https:\\\/\\\/hidalgo.nl\\\/en\\\/product\\\/tucano-premium-travel-backpack-156-handbagage-rugzak\\\/\",\"name\":\"Tucano Premium Travel Backpack 15,6\\u2033 handbagage rugzak\",\"description\":\"Travel light with this Tucano carry-on bag that slides under the seat and meets cabin size rules. It protects your 15.6 inch laptop in a padded sleeve and uses recycled nylon. Hidalgo prints your logo for business trips & events, ideal for teams and giveaways.\",\"inLanguage\":\"en-US\",\"isPartOf\":{\"@id\":\"https:\\\/\\\/hidalgo.nl\\\/en\\\/#website\"},\"breadcrumb\":{\"@id\":\"https:\\\/\\\/hidalgo.nl\\\/en\\\/product\\\/tucano-premium-travel-backpack-156-handbagage-rugzak\\\/#breadcrumblist\"},\"image\":{\"@type\":\"ImageObject\",\"url\":\"https:\\\/\\\/shop.hidalgo.nl\\\/wp-content\\\/uploads\\\/2025\\\/11\\\/d5d856bbd784d8bd5b3043069e9474b99132a7126e1a88403b9137a3f7da0edf.jpg\",\"@id\":\"https:\\\/\\\/hidalgo.nl\\\/en\\\/product\\\/tucano-premium-travel-backpack-156-handbagage-rugzak\\\/#mainImage\"},\"primaryImageOfPage\":{\"@id\":\"https:\\\/\\\/hidalgo.nl\\\/en\\\/product\\\/tucano-premium-travel-backpack-156-handbagage-rugzak\\\/#mainImage\"},\"datePublished\":\"2026-02-16T10:21:14+00:00\",\"dateModified\":\"2026-02-26T07:35:37+00:00\"},{\"@type\":\"Organization\",\"@id\":\"https:\\\/\\\/hidalgo.nl\\\/en\\\/#organization\",\"name\":\"Hidalgo\",\"url\":\"https:\\\/\\\/hidalgo.nl\\\/en\\\/\",\"logo\":{\"@type\":\"ImageObject\",\"url\":\"https:\\\/\\\/shop.hidalgo.nl\\\/wp-content\\\/uploads\\\/2025\\\/11\\\/cropped-Hidalgo-est1993.png\",\"@id\":\"https:\\\/\\\/hidalgo.nl\\\/en\\\/product\\\/tucano-premium-travel-backpack-156-handbagage-rugzak\\\/#organizationLogo\",\"width\":585,\"height\":195},\"image\":{\"@id\":\"https:\\\/\\\/hidalgo.nl\\\/en\\\/product\\\/tucano-premium-travel-backpack-156-handbagage-rugzak\\\/#organizationLogo\"}},{\"@type\":\"WebPage\",\"@id\":\"https:\\\/\\\/hidalgo.nl\\\/en\\\/product\\\/tucano-premium-travel-backpack-156-handbagage-rugzak\\\/#webpage\",\"url\":\"https:\\\/\\\/hidalgo.nl\\\/en\\\/product\\\/tucano-premium-travel-backpack-156-handbagage-rugzak\\\/\",\"name\":\"Tucano Premium Travel Backpack 15,6\\u2033 handbagage rugzak\",\"description\":\"Travel light with this Tucano carry-on bag that slides under the seat and meets cabin size rules. It protects your 15.6 inch laptop in a padded sleeve and uses recycled nylon. Hidalgo prints your logo for business trips & events, ideal for teams and giveaways.\",\"inLanguage\":\"en-US\",\"isPartOf\":{\"@id\":\"https:\\\/\\\/hidalgo.nl\\\/en\\\/#website\"},\"breadcrumb\":{\"@id\":\"https:\\\/\\\/hidalgo.nl\\\/en\\\/product\\\/tucano-premium-travel-backpack-156-handbagage-rugzak\\\/#breadcrumblist\"},\"image\":{\"@type\":\"ImageObject\",\"url\":\"https:\\\/\\\/shop.hidalgo.nl\\\/wp-content\\\/uploads\\\/2025\\\/11\\\/d5d856bbd784d8bd5b3043069e9474b99132a7126e1a88403b9137a3f7da0edf.jpg\",\"@id\":\"https:\\\/\\\/hidalgo.nl\\\/en\\\/product\\\/tucano-premium-travel-backpack-156-handbagage-rugzak\\\/#mainImage\"},\"primaryImageOfPage\":{\"@id\":\"https:\\\/\\\/hidalgo.nl\\\/en\\\/product\\\/tucano-premium-travel-backpack-156-handbagage-rugzak\\\/#mainImage\"},\"datePublished\":\"2026-02-16T10:21:14+00:00\",\"dateModified\":\"2026-02-26T07:35:37+00:00\"},{\"@type\":\"WebSite\",\"@id\":\"https:\\\/\\\/hidalgo.nl\\\/en\\\/#website\",\"url\":\"https:\\\/\\\/hidalgo.nl\\\/en\\\/\",\"name\":\"Hidalgo\",\"inLanguage\":\"en-US\",\"publisher\":{\"@id\":\"https:\\\/\\\/hidalgo.nl\\\/en\\\/#organization\"}}]}\n\t\t<\/script>\n\t\t<!-- All in One SEO Pro -->\r\n\t\t<title>Tucano Premium Travel Backpack 15,6\u2033 handbagage rugzak<\/title>\n\n","aioseo_head_json":{"title":"Tucano Premium Travel Backpack 15,6\u2033 handbagage rugzak","description":"Travel light with this Tucano carry-on bag that slides under the seat and meets cabin size rules. It protects your 15.6 inch laptop in a padded sleeve and uses recycled nylon. Hidalgo prints your logo for business trips & events, ideal for teams and giveaways.","canonical_url":"https:\/\/hidalgo.nl\/en\/wp-json\/wp\/v2\/product\/844990","robots":"max-image-preview:large","keywords":"","webmasterTools":{"miscellaneous":""},"schema":{"@context":"https:\/\/schema.org","@graph":[{"@type":"BreadcrumbList","@id":"https:\/\/hidalgo.nl\/en\/product\/tucano-premium-travel-backpack-156-handbagage-rugzak\/#breadcrumblist","itemListElement":[{"@type":"ListItem","@id":"https:\/\/hidalgo.nl\/en\/#listItem","position":1,"name":"Home","item":"https:\/\/hidalgo.nl\/en\/","nextItem":{"@type":"ListItem","@id":"https:\/\/hidalgo.nl\/example\/#listItem","name":"example"}},{"@type":"ListItem","@id":"https:\/\/hidalgo.nl\/example\/#listItem","position":2,"name":"example","item":"https:\/\/hidalgo.nl\/example\/","nextItem":{"@type":"ListItem","@id":"https:\/\/hidalgo.nl\/en\/product-supplier\/a508\/#listItem","name":"A508"},"previousItem":{"@type":"ListItem","@id":"https:\/\/hidalgo.nl\/en\/#listItem","name":"Home"}},{"@type":"ListItem","@id":"https:\/\/hidalgo.nl\/en\/product-supplier\/a508\/#listItem","position":3,"name":"A508","item":"https:\/\/hidalgo.nl\/en\/product-supplier\/a508\/","nextItem":{"@type":"ListItem","@id":"https:\/\/hidalgo.nl\/en\/product\/tucano-premium-travel-backpack-156-handbagage-rugzak\/#listItem","name":"Tucano Premium Travel Backpack 15,6&#8243; handbagage rugzak"},"previousItem":{"@type":"ListItem","@id":"https:\/\/hidalgo.nl\/example\/#listItem","name":"example"}},{"@type":"ListItem","@id":"https:\/\/hidalgo.nl\/en\/product\/tucano-premium-travel-backpack-156-handbagage-rugzak\/#listItem","position":4,"name":"Tucano Premium Travel Backpack 15,6&#8243; handbagage rugzak","previousItem":{"@type":"ListItem","@id":"https:\/\/hidalgo.nl\/en\/product-supplier\/a508\/#listItem","name":"A508"}}]},{"@type":"ItemPage","@id":"https:\/\/hidalgo.nl\/en\/product\/tucano-premium-travel-backpack-156-handbagage-rugzak\/#itempage","url":"https:\/\/hidalgo.nl\/en\/product\/tucano-premium-travel-backpack-156-handbagage-rugzak\/","name":"Tucano Premium Travel Backpack 15,6\u2033 handbagage rugzak","description":"Travel light with this Tucano carry-on bag that slides under the seat and meets cabin size rules. It protects your 15.6 inch laptop in a padded sleeve and uses recycled nylon. Hidalgo prints your logo for business trips & events, ideal for teams and giveaways.","inLanguage":"en-US","isPartOf":{"@id":"https:\/\/hidalgo.nl\/en\/#website"},"breadcrumb":{"@id":"https:\/\/hidalgo.nl\/en\/product\/tucano-premium-travel-backpack-156-handbagage-rugzak\/#breadcrumblist"},"image":{"@type":"ImageObject","url":"https:\/\/shop.hidalgo.nl\/wp-content\/uploads\/2025\/11\/d5d856bbd784d8bd5b3043069e9474b99132a7126e1a88403b9137a3f7da0edf.jpg","@id":"https:\/\/hidalgo.nl\/en\/product\/tucano-premium-travel-backpack-156-handbagage-rugzak\/#mainImage"},"primaryImageOfPage":{"@id":"https:\/\/hidalgo.nl\/en\/product\/tucano-premium-travel-backpack-156-handbagage-rugzak\/#mainImage"},"datePublished":"2026-02-16T10:21:14+00:00","dateModified":"2026-02-26T07:35:37+00:00"},{"@type":"Organization","@id":"https:\/\/hidalgo.nl\/en\/#organization","name":"Hidalgo","url":"https:\/\/hidalgo.nl\/en\/","logo":{"@type":"ImageObject","url":"https:\/\/shop.hidalgo.nl\/wp-content\/uploads\/2025\/11\/cropped-Hidalgo-est1993.png","@id":"https:\/\/hidalgo.nl\/en\/product\/tucano-premium-travel-backpack-156-handbagage-rugzak\/#organizationLogo","width":585,"height":195},"image":{"@id":"https:\/\/hidalgo.nl\/en\/product\/tucano-premium-travel-backpack-156-handbagage-rugzak\/#organizationLogo"}},{"@type":"WebPage","@id":"https:\/\/hidalgo.nl\/en\/product\/tucano-premium-travel-backpack-156-handbagage-rugzak\/#webpage","url":"https:\/\/hidalgo.nl\/en\/product\/tucano-premium-travel-backpack-156-handbagage-rugzak\/","name":"Tucano Premium Travel Backpack 15,6\u2033 handbagage rugzak","description":"Travel light with this Tucano carry-on bag that slides under the seat and meets cabin size rules. It protects your 15.6 inch laptop in a padded sleeve and uses recycled nylon. Hidalgo prints your logo for business trips & events, ideal for teams and giveaways.","inLanguage":"en-US","isPartOf":{"@id":"https:\/\/hidalgo.nl\/en\/#website"},"breadcrumb":{"@id":"https:\/\/hidalgo.nl\/en\/product\/tucano-premium-travel-backpack-156-handbagage-rugzak\/#breadcrumblist"},"image":{"@type":"ImageObject","url":"https:\/\/shop.hidalgo.nl\/wp-content\/uploads\/2025\/11\/d5d856bbd784d8bd5b3043069e9474b99132a7126e1a88403b9137a3f7da0edf.jpg","@id":"https:\/\/hidalgo.nl\/en\/product\/tucano-premium-travel-backpack-156-handbagage-rugzak\/#mainImage"},"primaryImageOfPage":{"@id":"https:\/\/hidalgo.nl\/en\/product\/tucano-premium-travel-backpack-156-handbagage-rugzak\/#mainImage"},"datePublished":"2026-02-16T10:21:14+00:00","dateModified":"2026-02-26T07:35:37+00:00"},{"@type":"WebSite","@id":"https:\/\/hidalgo.nl\/en\/#website","url":"https:\/\/hidalgo.nl\/en\/","name":"Hidalgo","inLanguage":"en-US","publisher":{"@id":"https:\/\/hidalgo.nl\/en\/#organization"}}]},"og:locale":"en_US","og:site_name":"Hidalgo -","og:type":"article","og:title":"Tucano Premium Travel Backpack 15,6\u2033 handbagage rugzak","og:description":"Travel light with this Tucano carry-on bag that slides under the seat and meets cabin size rules. It protects your 15.6 inch laptop in a padded sleeve and uses recycled nylon. Hidalgo prints your logo for business trips &amp; events, ideal for teams and giveaways.","og:url":"https:\/\/hidalgo.nl\/en\/wp-json\/wp\/v2\/product\/844990","og:image":"https:\/\/shop.hidalgo.nl\/wp-content\/uploads\/2025\/11\/cropped-Hidalgo-est1993.png","og:image:secure_url":"https:\/\/shop.hidalgo.nl\/wp-content\/uploads\/2025\/11\/cropped-Hidalgo-est1993.png","article:published_time":"2026-02-16T10:21:14+00:00","article:modified_time":"2026-02-26T07:35:37+00:00","twitter:card":"summary_large_image","twitter:title":"Tucano Premium Travel Backpack 15,6\u2033 handbagage rugzak","twitter:description":"Travel light with this Tucano carry-on bag that slides under the seat and meets cabin size rules. It protects your 15.6 inch laptop in a padded sleeve and uses recycled nylon. Hidalgo prints your logo for business trips &amp; events, ideal for teams and giveaways.","twitter:image":"https:\/\/shop.hidalgo.nl\/wp-content\/uploads\/2025\/11\/cropped-Hidalgo-est1993.png"},"aioseo_meta_data":{"post_id":"844990","title":null,"description":null,"keywords":null,"keyphrases":null,"primary_term":null,"canonical_url":null,"og_title":null,"og_description":null,"og_object_type":"default","og_image_type":"default","og_image_url":null,"og_image_width":null,"og_image_height":null,"og_image_custom_url":null,"og_image_custom_fields":null,"og_video":null,"og_custom_url":null,"og_article_section":null,"og_article_tags":null,"twitter_use_og":false,"twitter_card":"default","twitter_image_type":"default","twitter_image_url":null,"twitter_image_custom_url":null,"twitter_image_custom_fields":null,"twitter_title":null,"twitter_description":null,"schema":{"blockGraphs":[],"customGraphs":[],"default":{"data":{"Article":[],"Course":[],"Dataset":[],"FAQPage":[],"Movie":[],"Person":[],"Product":[],"ProductReview":[],"Car":[],"Recipe":[],"Service":[],"SoftwareApplication":[],"WebPage":[]},"graphName":"","isEnabled":true},"graphs":[]},"schema_type":"default","schema_type_options":null,"pillar_content":false,"robots_default":true,"robots_noindex":false,"robots_noarchive":false,"robots_nosnippet":false,"robots_nofollow":false,"robots_noimageindex":false,"robots_noodp":false,"robots_notranslate":false,"robots_max_snippet":null,"robots_max_videopreview":null,"robots_max_imagepreview":"large","priority":null,"frequency":null,"local_seo":null,"seo_analyzer_scan_date":"2026-02-17 09:31:14","breadcrumb_settings":null,"limit_modified_date":false,"reviewed_by":null,"open_ai":null,"ai":null,"created":"2026-02-16 10:25:52","updated":"2026-02-26 13:36:26"},"aioseo_breadcrumb":"<div class=\"aioseo-breadcrumbs\"><span class=\"aioseo-breadcrumb\">\n\t<a href=\"https:\/\/hidalgo.nl\/en\/\" title=\"Home\">Home<\/a>\n<\/span><span class=\"aioseo-breadcrumb-separator\">\u00bb<\/span><span class=\"aioseo-breadcrumb\">\n\t<a href=\"https:\/\/hidalgo.nl\/example\/\" title=\"example\">example<\/a>\n<\/span><span class=\"aioseo-breadcrumb-separator\">\u00bb<\/span><span class=\"aioseo-breadcrumb\">\n\t<a href=\"https:\/\/hidalgo.nl\/en\/product-supplier\/a508\/\" title=\"A508\">A508<\/a>\n<\/span><span class=\"aioseo-breadcrumb-separator\">\u00bb<\/span><span class=\"aioseo-breadcrumb\">\n\tTucano Premium Travel Backpack 15,6\u2033 handbagage rugzak\n<\/span><\/div>","aioseo_breadcrumb_json":[{"label":"Home","link":"https:\/\/hidalgo.nl\/en\/"},{"label":"example","link":"https:\/\/hidalgo.nl\/example\/"},{"label":"A508","link":"https:\/\/hidalgo.nl\/en\/product-supplier\/a508\/"},{"label":"Tucano Premium Travel Backpack 15,6&#8243; handbagage rugzak","link":"https:\/\/hidalgo.nl\/en\/product\/tucano-premium-travel-backpack-156-handbagage-rugzak\/"}],"_links":{"self":[{"href":"https:\/\/hidalgo.nl\/en\/wp-json\/wp\/v2\/product\/844990","targetHints":{"allow":["GET"]}}],"collection":[{"href":"https:\/\/hidalgo.nl\/en\/wp-json\/wp\/v2\/product"}],"about":[{"href":"https:\/\/hidalgo.nl\/en\/wp-json\/wp\/v2\/types\/product"}],"wp:featuredmedia":[{"embeddable":true,"href":"https:\/\/hidalgo.nl\/en\/wp-json\/wp\/v2\/media\/844991"}],"wp:attachment":[{"href":"https:\/\/hidalgo.nl\/en\/wp-json\/wp\/v2\/media?parent=844990"}],"wp:term":[{"taxonomy":"product_brand","embeddable":true,"href":"https:\/\/hidalgo.nl\/en\/wp-json\/wp\/v2\/product_brand?post=844990"},{"taxonomy":"product_cat","embeddable":true,"href":"https:\/\/hidalgo.nl\/en\/wp-json\/wp\/v2\/product_cat?post=844990"},{"taxonomy":"product_tag","embeddable":true,"href":"https:\/\/hidalgo.nl\/en\/wp-json\/wp\/v2\/product_tag?post=844990"}],"curies":[{"name":"wp","href":"https:\/\/api.w.org\/{rel}","templated":true}]}}