{"id":840979,"date":"2026-02-12T14:50:29","date_gmt":"2026-02-12T14:50:29","guid":{"rendered":"https:\/\/hidalgo.nl\/product\/eerste-hulp-set-10-delig-elbrus\/"},"modified":"2026-04-24T07:46:53","modified_gmt":"2026-04-24T07:46:53","slug":"eerste-hulp-set-10-delig-elbrus","status":"publish","type":"product","link":"https:\/\/hidalgo.nl\/en\/product\/840979\/custom-first-aid-kit-elbrus-printed-compact-pp-box-10-piece\/","title":{"rendered":"Eerste hulp set 10-delig Elbrus"},"content":{"rendered":"<p>Deze compacte EHBO set wordt geleverd in een stevige PP-doosje en voldoet aan Europese normen. Perfect voor reizen, kantoor, auto of giveaways. Bevat essenti\u00eble items voor kleine verwondingen. Inhoud: 2 \u00d7 alcoholpads, 5 \u00d7 pleisters 72 \u00d7 19 mm, 1 \u00d7 schaar, 1 \u00d7 medische tape 1.25 \u00d7 4.5 m, 1 \u00d7 non-woven sponzen 2&#8243; \u00d7 2&#8243; 4-laags (5 stuks\/pack).<\/p>\n","protected":false},"excerpt":{"rendered":"<p>Deze compacte EHBO set wordt geleverd in een stevige PP-doosje en voldoet aan Europese normen. Perfect voor reizen, kantoor, auto of giveaways. Bevat essenti\u00eble items voor kleine verwondingen. Inhoud: 2 \u00d7 alcoholpads, 5 \u00d7 pleisters 72 \u00d7 19 mm, 1 \u00d7 schaar, 1 \u00d7 medische tape 1.25 \u00d7 4.5 m, 1 \u00d7 non-woven sponzen 2&#8243;&hellip; <a class=\"more-link\" href=\"https:\/\/hidalgo.nl\/en\/product\/840979\/custom-first-aid-kit-elbrus-printed-compact-pp-box-10-piece\/\">Continue reading <span class=\"screen-reader-text\">Eerste hulp set 10-delig Elbrus<\/span><\/a><\/p>\n","protected":false},"featured_media":840980,"template":"","meta":{"_acf_changed":false,"om_disable_all_campaigns":false,"_monsterinsights_skip_tracking":false,"_monsterinsights_sitenote_active":false,"_monsterinsights_sitenote_note":"","_monsterinsights_sitenote_category":0},"product_brand":[],"product_cat":[4803,4722,4719],"product_tag":[],"class_list":{"0":"post-840979","1":"product","2":"type-product","3":"status-publish","4":"has-post-thumbnail","6":"product_supplier-a53","7":"product_cat-ehbo-kits","8":"product_cat-gezondheid","9":"product_cat-promotionele-artikelen","10":"entry","12":"first","13":"instock","14":"taxable","15":"shipping-taxable","16":"purchasable","17":"product-type-variable"},"acf":{"imprint_cost":[{"imprint_cost_key":"dd12ffde0df91894995ca4831085b8f059e5fafe","product_quantity_price_range":[{"imprint_cost_recommended_selling_price":"2.0025","imprint_cost_recommended_selling_quantity":"1"},{"imprint_cost_recommended_selling_price":"1.6875","imprint_cost_recommended_selling_quantity":"10"},{"imprint_cost_recommended_selling_price":"1.515","imprint_cost_recommended_selling_quantity":"25"},{"imprint_cost_recommended_selling_price":"1.4025","imprint_cost_recommended_selling_quantity":"50"},{"imprint_cost_recommended_selling_price":"1.245","imprint_cost_recommended_selling_quantity":"100"},{"imprint_cost_recommended_selling_price":"1.1625","imprint_cost_recommended_selling_quantity":"250"},{"imprint_cost_recommended_selling_price":"1.0875","imprint_cost_recommended_selling_quantity":"500"},{"imprint_cost_recommended_selling_price":"1.0425","imprint_cost_recommended_selling_quantity":"1000"},{"imprint_cost_recommended_selling_price":"0.99","imprint_cost_recommended_selling_quantity":"2500"},{"imprint_cost_recommended_selling_price":"0.96","imprint_cost_recommended_selling_quantity":"5000"},{"imprint_cost_recommended_selling_price":"0.915","imprint_cost_recommended_selling_quantity":"10000"}],"product_quantity_price_range_buying":[{"imprint_cost_general_buying_price":"1.335","imprint_cost_general_buying_quantity":"1"},{"imprint_cost_general_buying_price":"1.125","imprint_cost_general_buying_quantity":"10"},{"imprint_cost_general_buying_price":"1.01","imprint_cost_general_buying_quantity":"25"},{"imprint_cost_general_buying_price":"0.935","imprint_cost_general_buying_quantity":"50"},{"imprint_cost_general_buying_price":"0.83","imprint_cost_general_buying_quantity":"100"},{"imprint_cost_general_buying_price":"0.775","imprint_cost_general_buying_quantity":"250"},{"imprint_cost_general_buying_price":"0.725","imprint_cost_general_buying_quantity":"500"},{"imprint_cost_general_buying_price":"0.695","imprint_cost_general_buying_quantity":"1000"},{"imprint_cost_general_buying_price":"0.66","imprint_cost_general_buying_quantity":"2500"},{"imprint_cost_general_buying_price":"0.64","imprint_cost_general_buying_quantity":"5000"},{"imprint_cost_general_buying_price":"0.61","imprint_cost_general_buying_quantity":"10000"}],"imprint_cost_setup_costs":"54","imprint_cost_handling_costs":"0.12"}]},"aioseo_notices":[],"aioseo_head":"\n\t\t<!-- All in One SEO Pro 4.9.6.2 - aioseo.com -->\n\t<meta name=\"description\" content=\"Keep your team safe with these branded first aid kits for businesses, featuring a durable case for any bag or glove box. You can order these custom first aid kits bulk with your logo printed on the Elbrus set to ensure your brand provides essential support during emergencies.\" \/>\n\t<meta name=\"robots\" content=\"max-image-preview:large\" \/>\n\t<link rel=\"canonical\" href=\"https:\/\/hidalgo.nl\/en\/wp-json\/wp\/v2\/product\/840979\" \/>\n\t<meta name=\"generator\" content=\"All in One SEO Pro (AIOSEO) 4.9.6.2\" \/>\n\t\t<meta property=\"og:locale\" content=\"en_US\" \/>\n\t\t<meta property=\"og:site_name\" content=\"Hidalgo -\" \/>\n\t\t<meta property=\"og:type\" content=\"article\" \/>\n\t\t<meta property=\"og:title\" content=\"Custom First Aid Kit Elbrus Printed Compact PP Box 10-piece\" \/>\n\t\t<meta property=\"og:description\" content=\"Keep your team safe with these branded first aid kits for businesses, featuring a durable case for any bag or glove box. You can order these custom first aid kits bulk with your logo printed on the Elbrus set to ensure your brand provides essential support during emergencies.\" \/>\n\t\t<meta property=\"og:url\" content=\"https:\/\/hidalgo.nl\/en\/wp-json\/wp\/v2\/product\/840979\" \/>\n\t\t<meta property=\"og:image\" content=\"https:\/\/shop.hidalgo.nl\/wp-content\/uploads\/2025\/11\/cropped-Hidalgo-est1993.png\" \/>\n\t\t<meta property=\"og:image:secure_url\" content=\"https:\/\/shop.hidalgo.nl\/wp-content\/uploads\/2025\/11\/cropped-Hidalgo-est1993.png\" \/>\n\t\t<meta property=\"article:published_time\" content=\"2026-02-12T14:50:29+00:00\" \/>\n\t\t<meta property=\"article:modified_time\" content=\"2026-04-24T07:46:53+00:00\" \/>\n\t\t<meta name=\"twitter:card\" content=\"summary_large_image\" \/>\n\t\t<meta name=\"twitter:title\" content=\"Custom First Aid Kit Elbrus Printed Compact PP Box 10-piece\" \/>\n\t\t<meta name=\"twitter:description\" content=\"Keep your team safe with these branded first aid kits for businesses, featuring a durable case for any bag or glove box. You can order these custom first aid kits bulk with your logo printed on the Elbrus set to ensure your brand provides essential support during emergencies.\" \/>\n\t\t<meta name=\"twitter:image\" content=\"https:\/\/shop.hidalgo.nl\/wp-content\/uploads\/2025\/11\/cropped-Hidalgo-est1993.png\" \/>\n\t\t<script type=\"application\/ld+json\" class=\"aioseo-schema\">\n\t\t\t{\"@context\":\"https:\\\/\\\/schema.org\",\"@graph\":[{\"@type\":\"BreadcrumbList\",\"@id\":\"https:\\\/\\\/hidalgo.nl\\\/en\\\/product\\\/840979\\\/custom-first-aid-kit-elbrus-printed-compact-pp-box-10-piece\\\/#breadcrumblist\",\"itemListElement\":[{\"@type\":\"ListItem\",\"@id\":\"https:\\\/\\\/hidalgo.nl\\\/en\\\/#listItem\",\"position\":1,\"name\":\"Home\",\"item\":\"https:\\\/\\\/hidalgo.nl\\\/en\\\/\",\"nextItem\":{\"@type\":\"ListItem\",\"@id\":\"https:\\\/\\\/hidalgo.nl\\\/example\\\/#listItem\",\"name\":\"example\"}},{\"@type\":\"ListItem\",\"@id\":\"https:\\\/\\\/hidalgo.nl\\\/example\\\/#listItem\",\"position\":2,\"name\":\"example\",\"item\":\"https:\\\/\\\/hidalgo.nl\\\/example\\\/\",\"nextItem\":{\"@type\":\"ListItem\",\"@id\":\"https:\\\/\\\/hidalgo.nl\\\/en\\\/product-supplier\\\/a53\\\/#listItem\",\"name\":\"A53\"},\"previousItem\":{\"@type\":\"ListItem\",\"@id\":\"https:\\\/\\\/hidalgo.nl\\\/en\\\/#listItem\",\"name\":\"Home\"}},{\"@type\":\"ListItem\",\"@id\":\"https:\\\/\\\/hidalgo.nl\\\/en\\\/product-supplier\\\/a53\\\/#listItem\",\"position\":3,\"name\":\"A53\",\"item\":\"https:\\\/\\\/hidalgo.nl\\\/en\\\/product-supplier\\\/a53\\\/\",\"nextItem\":{\"@type\":\"ListItem\",\"@id\":\"https:\\\/\\\/hidalgo.nl\\\/en\\\/product\\\/840979\\\/custom-first-aid-kit-elbrus-printed-compact-pp-box-10-piece\\\/#listItem\",\"name\":\"Eerste hulp set 10-delig Elbrus\"},\"previousItem\":{\"@type\":\"ListItem\",\"@id\":\"https:\\\/\\\/hidalgo.nl\\\/example\\\/#listItem\",\"name\":\"example\"}},{\"@type\":\"ListItem\",\"@id\":\"https:\\\/\\\/hidalgo.nl\\\/en\\\/product\\\/840979\\\/custom-first-aid-kit-elbrus-printed-compact-pp-box-10-piece\\\/#listItem\",\"position\":4,\"name\":\"Eerste hulp set 10-delig Elbrus\",\"previousItem\":{\"@type\":\"ListItem\",\"@id\":\"https:\\\/\\\/hidalgo.nl\\\/en\\\/product-supplier\\\/a53\\\/#listItem\",\"name\":\"A53\"}}]},{\"@type\":\"Organization\",\"@id\":\"https:\\\/\\\/hidalgo.nl\\\/en\\\/#organization\",\"name\":\"Hidalgo\",\"url\":\"https:\\\/\\\/hidalgo.nl\\\/en\\\/\",\"logo\":{\"@type\":\"ImageObject\",\"url\":\"https:\\\/\\\/shop.hidalgo.nl\\\/wp-content\\\/uploads\\\/2025\\\/11\\\/cropped-Hidalgo-est1993.png\",\"@id\":\"https:\\\/\\\/hidalgo.nl\\\/en\\\/product\\\/840979\\\/custom-first-aid-kit-elbrus-printed-compact-pp-box-10-piece\\\/#organizationLogo\",\"width\":585,\"height\":195},\"image\":{\"@id\":\"https:\\\/\\\/hidalgo.nl\\\/en\\\/product\\\/840979\\\/custom-first-aid-kit-elbrus-printed-compact-pp-box-10-piece\\\/#organizationLogo\"}},{\"@type\":\"ProductGroup\",\"@id\":\"https:\\\/\\\/hidalgo.nl\\\/en\\\/product\\\/840979\\\/custom-first-aid-kit-elbrus-printed-compact-pp-box-10-piece\\\/#wooCommerceProduct\",\"name\":\"Custom First Aid Kit Elbrus Printed Compact PP Box 10-piece\",\"url\":\"https:\\\/\\\/hidalgo.nl\\\/en\\\/product\\\/840979\\\/custom-first-aid-kit-elbrus-printed-compact-pp-box-10-piece\\\/\",\"sku\":\"A53-LT90316\",\"image\":{\"@type\":\"ImageObject\",\"url\":\"https:\\\/\\\/shop.hidalgo.nl\\\/wp-content\\\/uploads\\\/2025\\\/04\\\/b8b74d20738a4892e5ca667b66a220ca168f45b44acc08d6ea11b68395698d6b.jpg\",\"@id\":\"https:\\\/\\\/hidalgo.nl\\\/en\\\/product\\\/840979\\\/custom-first-aid-kit-elbrus-printed-compact-pp-box-10-piece\\\/#productImage\"},\"productGroupID\":840979,\"hasVariant\":[{\"@type\":\"Product\",\"@id\":\"https:\\\/\\\/hidalgo.nl\\\/en\\\/product\\\/840979\\\/custom-first-aid-kit-elbrus-printed-compact-pp-box-10-piece\\\/#wooCommerceProduct\",\"name\":\"Eerste hulp set 10-delig Elbrus - wit\",\"url\":\"https:\\\/\\\/hidalgo.nl\\\/en\\\/product\\\/840979\\\/custom-first-aid-kit-elbrus-printed-compact-pp-box-10-piece\\\/\",\"sku\":\"A53-LT90316-N0001\",\"image\":{\"@type\":\"ImageObject\",\"url\":\"https:\\\/\\\/shop.hidalgo.nl\\\/wp-content\\\/uploads\\\/2025\\\/04\\\/b72b02944b5c9bc06d7adada75e1533c25971675079c5ee6c6cfac282f771985.jpg\",\"@id\":\"https:\\\/\\\/hidalgo.nl\\\/en\\\/product\\\/840979\\\/custom-first-aid-kit-elbrus-printed-compact-pp-box-10-piece\\\/#productImage\"},\"offers\":{\"@type\":\"Offer\",\"url\":\"https:\\\/\\\/hidalgo.nl\\\/en\\\/product\\\/840979\\\/custom-first-aid-kit-elbrus-printed-compact-pp-box-10-piece\\\/#wooCommerceOffer\",\"price\":\"2.715\",\"priceCurrency\":\"EUR\",\"category\":\"Promotionele Artikelen\",\"availability\":\"https:\\\/\\\/schema.org\\\/InStock\",\"priceSpecification\":{\"@type\":\"PriceSpecification\",\"price\":2.715,\"priceCurrency\":\"EUR\",\"valueAddedTaxIncluded\":\"true\"}}},{\"@type\":\"Product\",\"@id\":\"https:\\\/\\\/hidalgo.nl\\\/en\\\/product\\\/840979\\\/custom-first-aid-kit-elbrus-printed-compact-pp-box-10-piece\\\/#wooCommerceProduct\",\"name\":\"Eerste hulp set 10-delig Elbrus - rood\",\"url\":\"https:\\\/\\\/hidalgo.nl\\\/en\\\/product\\\/840979\\\/custom-first-aid-kit-elbrus-printed-compact-pp-box-10-piece\\\/\",\"sku\":\"A53-LT90316-N0021\",\"image\":{\"@type\":\"ImageObject\",\"url\":\"https:\\\/\\\/shop.hidalgo.nl\\\/wp-content\\\/uploads\\\/2025\\\/04\\\/6852eef3699539ab585bca7d75384c6ca6038b7e6e479c1d8a6308a0243b8d72.jpg\",\"@id\":\"https:\\\/\\\/hidalgo.nl\\\/en\\\/product\\\/840979\\\/custom-first-aid-kit-elbrus-printed-compact-pp-box-10-piece\\\/#productImage\"},\"offers\":{\"@type\":\"Offer\",\"url\":\"https:\\\/\\\/hidalgo.nl\\\/en\\\/product\\\/840979\\\/custom-first-aid-kit-elbrus-printed-compact-pp-box-10-piece\\\/#wooCommerceOffer\",\"price\":\"2.715\",\"priceCurrency\":\"EUR\",\"category\":\"Promotionele Artikelen\",\"availability\":\"https:\\\/\\\/schema.org\\\/InStock\",\"priceSpecification\":{\"@type\":\"PriceSpecification\",\"price\":2.715,\"priceCurrency\":\"EUR\",\"valueAddedTaxIncluded\":\"true\"}}}]},{\"@type\":\"WebPage\",\"@id\":\"https:\\\/\\\/hidalgo.nl\\\/en\\\/product\\\/840979\\\/custom-first-aid-kit-elbrus-printed-compact-pp-box-10-piece\\\/#webpage\",\"url\":\"https:\\\/\\\/hidalgo.nl\\\/en\\\/product\\\/840979\\\/custom-first-aid-kit-elbrus-printed-compact-pp-box-10-piece\\\/\",\"name\":\"Custom First Aid Kit Elbrus Printed Compact PP Box 10-piece\",\"description\":\"Keep your team safe with these branded first aid kits for businesses, featuring a durable case for any bag or glove box. You can order these custom first aid kits bulk with your logo printed on the Elbrus set to ensure your brand provides essential support during emergencies.\",\"inLanguage\":\"en-US\",\"isPartOf\":{\"@id\":\"https:\\\/\\\/hidalgo.nl\\\/en\\\/#website\"},\"breadcrumb\":{\"@id\":\"https:\\\/\\\/hidalgo.nl\\\/en\\\/product\\\/840979\\\/custom-first-aid-kit-elbrus-printed-compact-pp-box-10-piece\\\/#breadcrumblist\"},\"image\":{\"@type\":\"ImageObject\",\"url\":\"https:\\\/\\\/shop.hidalgo.nl\\\/wp-content\\\/uploads\\\/2025\\\/04\\\/b8b74d20738a4892e5ca667b66a220ca168f45b44acc08d6ea11b68395698d6b.jpg\",\"@id\":\"https:\\\/\\\/hidalgo.nl\\\/en\\\/product\\\/840979\\\/custom-first-aid-kit-elbrus-printed-compact-pp-box-10-piece\\\/#mainImage\"},\"primaryImageOfPage\":{\"@id\":\"https:\\\/\\\/hidalgo.nl\\\/en\\\/product\\\/840979\\\/custom-first-aid-kit-elbrus-printed-compact-pp-box-10-piece\\\/#mainImage\"},\"datePublished\":\"2026-02-12T14:50:29+00:00\",\"dateModified\":\"2026-04-24T07:46:53+00:00\"},{\"@type\":\"WebSite\",\"@id\":\"https:\\\/\\\/hidalgo.nl\\\/en\\\/#website\",\"url\":\"https:\\\/\\\/hidalgo.nl\\\/en\\\/\",\"name\":\"Hidalgo\",\"inLanguage\":\"en-US\",\"publisher\":{\"@id\":\"https:\\\/\\\/hidalgo.nl\\\/en\\\/#organization\"}}]}\n\t\t<\/script>\n\t\t<!-- All in One SEO Pro -->\r\n\t\t<title>Custom First Aid Kit Elbrus Printed Compact PP Box 10-piece<\/title>\n\n","aioseo_head_json":{"title":"Custom First Aid Kit Elbrus Printed Compact PP Box 10-piece","description":"Keep your team safe with these branded first aid kits for businesses, featuring a durable case for any bag or glove box. You can order these custom first aid kits bulk with your logo printed on the Elbrus set to ensure your brand provides essential support during emergencies.","canonical_url":"https:\/\/hidalgo.nl\/en\/wp-json\/wp\/v2\/product\/840979","robots":"max-image-preview:large","keywords":"","webmasterTools":{"miscellaneous":""},"schema":{"@context":"https:\/\/schema.org","@graph":[{"@type":"BreadcrumbList","@id":"https:\/\/hidalgo.nl\/en\/product\/840979\/custom-first-aid-kit-elbrus-printed-compact-pp-box-10-piece\/#breadcrumblist","itemListElement":[{"@type":"ListItem","@id":"https:\/\/hidalgo.nl\/en\/#listItem","position":1,"name":"Home","item":"https:\/\/hidalgo.nl\/en\/","nextItem":{"@type":"ListItem","@id":"https:\/\/hidalgo.nl\/example\/#listItem","name":"example"}},{"@type":"ListItem","@id":"https:\/\/hidalgo.nl\/example\/#listItem","position":2,"name":"example","item":"https:\/\/hidalgo.nl\/example\/","nextItem":{"@type":"ListItem","@id":"https:\/\/hidalgo.nl\/en\/product-supplier\/a53\/#listItem","name":"A53"},"previousItem":{"@type":"ListItem","@id":"https:\/\/hidalgo.nl\/en\/#listItem","name":"Home"}},{"@type":"ListItem","@id":"https:\/\/hidalgo.nl\/en\/product-supplier\/a53\/#listItem","position":3,"name":"A53","item":"https:\/\/hidalgo.nl\/en\/product-supplier\/a53\/","nextItem":{"@type":"ListItem","@id":"https:\/\/hidalgo.nl\/en\/product\/840979\/custom-first-aid-kit-elbrus-printed-compact-pp-box-10-piece\/#listItem","name":"Eerste hulp set 10-delig Elbrus"},"previousItem":{"@type":"ListItem","@id":"https:\/\/hidalgo.nl\/example\/#listItem","name":"example"}},{"@type":"ListItem","@id":"https:\/\/hidalgo.nl\/en\/product\/840979\/custom-first-aid-kit-elbrus-printed-compact-pp-box-10-piece\/#listItem","position":4,"name":"Eerste hulp set 10-delig Elbrus","previousItem":{"@type":"ListItem","@id":"https:\/\/hidalgo.nl\/en\/product-supplier\/a53\/#listItem","name":"A53"}}]},{"@type":"Organization","@id":"https:\/\/hidalgo.nl\/en\/#organization","name":"Hidalgo","url":"https:\/\/hidalgo.nl\/en\/","logo":{"@type":"ImageObject","url":"https:\/\/shop.hidalgo.nl\/wp-content\/uploads\/2025\/11\/cropped-Hidalgo-est1993.png","@id":"https:\/\/hidalgo.nl\/en\/product\/840979\/custom-first-aid-kit-elbrus-printed-compact-pp-box-10-piece\/#organizationLogo","width":585,"height":195},"image":{"@id":"https:\/\/hidalgo.nl\/en\/product\/840979\/custom-first-aid-kit-elbrus-printed-compact-pp-box-10-piece\/#organizationLogo"}},{"@type":"ProductGroup","@id":"https:\/\/hidalgo.nl\/en\/product\/840979\/custom-first-aid-kit-elbrus-printed-compact-pp-box-10-piece\/#wooCommerceProduct","name":"Custom First Aid Kit Elbrus Printed Compact PP Box 10-piece","url":"https:\/\/hidalgo.nl\/en\/product\/840979\/custom-first-aid-kit-elbrus-printed-compact-pp-box-10-piece\/","sku":"A53-LT90316","image":{"@type":"ImageObject","url":"https:\/\/shop.hidalgo.nl\/wp-content\/uploads\/2025\/04\/b8b74d20738a4892e5ca667b66a220ca168f45b44acc08d6ea11b68395698d6b.jpg","@id":"https:\/\/hidalgo.nl\/en\/product\/840979\/custom-first-aid-kit-elbrus-printed-compact-pp-box-10-piece\/#productImage"},"productGroupID":840979,"hasVariant":[{"@type":"Product","@id":"https:\/\/hidalgo.nl\/en\/product\/840979\/custom-first-aid-kit-elbrus-printed-compact-pp-box-10-piece\/#wooCommerceProduct","name":"Eerste hulp set 10-delig Elbrus - wit","url":"https:\/\/hidalgo.nl\/en\/product\/840979\/custom-first-aid-kit-elbrus-printed-compact-pp-box-10-piece\/","sku":"A53-LT90316-N0001","image":{"@type":"ImageObject","url":"https:\/\/shop.hidalgo.nl\/wp-content\/uploads\/2025\/04\/b72b02944b5c9bc06d7adada75e1533c25971675079c5ee6c6cfac282f771985.jpg","@id":"https:\/\/hidalgo.nl\/en\/product\/840979\/custom-first-aid-kit-elbrus-printed-compact-pp-box-10-piece\/#productImage"},"offers":{"@type":"Offer","url":"https:\/\/hidalgo.nl\/en\/product\/840979\/custom-first-aid-kit-elbrus-printed-compact-pp-box-10-piece\/#wooCommerceOffer","price":"2.715","priceCurrency":"EUR","category":"Promotionele Artikelen","availability":"https:\/\/schema.org\/InStock","priceSpecification":{"@type":"PriceSpecification","price":2.715,"priceCurrency":"EUR","valueAddedTaxIncluded":"true"}}},{"@type":"Product","@id":"https:\/\/hidalgo.nl\/en\/product\/840979\/custom-first-aid-kit-elbrus-printed-compact-pp-box-10-piece\/#wooCommerceProduct","name":"Eerste hulp set 10-delig Elbrus - rood","url":"https:\/\/hidalgo.nl\/en\/product\/840979\/custom-first-aid-kit-elbrus-printed-compact-pp-box-10-piece\/","sku":"A53-LT90316-N0021","image":{"@type":"ImageObject","url":"https:\/\/shop.hidalgo.nl\/wp-content\/uploads\/2025\/04\/6852eef3699539ab585bca7d75384c6ca6038b7e6e479c1d8a6308a0243b8d72.jpg","@id":"https:\/\/hidalgo.nl\/en\/product\/840979\/custom-first-aid-kit-elbrus-printed-compact-pp-box-10-piece\/#productImage"},"offers":{"@type":"Offer","url":"https:\/\/hidalgo.nl\/en\/product\/840979\/custom-first-aid-kit-elbrus-printed-compact-pp-box-10-piece\/#wooCommerceOffer","price":"2.715","priceCurrency":"EUR","category":"Promotionele Artikelen","availability":"https:\/\/schema.org\/InStock","priceSpecification":{"@type":"PriceSpecification","price":2.715,"priceCurrency":"EUR","valueAddedTaxIncluded":"true"}}}]},{"@type":"WebPage","@id":"https:\/\/hidalgo.nl\/en\/product\/840979\/custom-first-aid-kit-elbrus-printed-compact-pp-box-10-piece\/#webpage","url":"https:\/\/hidalgo.nl\/en\/product\/840979\/custom-first-aid-kit-elbrus-printed-compact-pp-box-10-piece\/","name":"Custom First Aid Kit Elbrus Printed Compact PP Box 10-piece","description":"Keep your team safe with these branded first aid kits for businesses, featuring a durable case for any bag or glove box. You can order these custom first aid kits bulk with your logo printed on the Elbrus set to ensure your brand provides essential support during emergencies.","inLanguage":"en-US","isPartOf":{"@id":"https:\/\/hidalgo.nl\/en\/#website"},"breadcrumb":{"@id":"https:\/\/hidalgo.nl\/en\/product\/840979\/custom-first-aid-kit-elbrus-printed-compact-pp-box-10-piece\/#breadcrumblist"},"image":{"@type":"ImageObject","url":"https:\/\/shop.hidalgo.nl\/wp-content\/uploads\/2025\/04\/b8b74d20738a4892e5ca667b66a220ca168f45b44acc08d6ea11b68395698d6b.jpg","@id":"https:\/\/hidalgo.nl\/en\/product\/840979\/custom-first-aid-kit-elbrus-printed-compact-pp-box-10-piece\/#mainImage"},"primaryImageOfPage":{"@id":"https:\/\/hidalgo.nl\/en\/product\/840979\/custom-first-aid-kit-elbrus-printed-compact-pp-box-10-piece\/#mainImage"},"datePublished":"2026-02-12T14:50:29+00:00","dateModified":"2026-04-24T07:46:53+00:00"},{"@type":"WebSite","@id":"https:\/\/hidalgo.nl\/en\/#website","url":"https:\/\/hidalgo.nl\/en\/","name":"Hidalgo","inLanguage":"en-US","publisher":{"@id":"https:\/\/hidalgo.nl\/en\/#organization"}}]},"og:locale":"en_US","og:site_name":"Hidalgo -","og:type":"article","og:title":"Custom First Aid Kit Elbrus Printed Compact PP Box 10-piece","og:description":"Keep your team safe with these branded first aid kits for businesses, featuring a durable case for any bag or glove box. You can order these custom first aid kits bulk with your logo printed on the Elbrus set to ensure your brand provides essential support during emergencies.","og:url":"https:\/\/hidalgo.nl\/en\/wp-json\/wp\/v2\/product\/840979","og:image":"https:\/\/shop.hidalgo.nl\/wp-content\/uploads\/2025\/11\/cropped-Hidalgo-est1993.png","og:image:secure_url":"https:\/\/shop.hidalgo.nl\/wp-content\/uploads\/2025\/11\/cropped-Hidalgo-est1993.png","article:published_time":"2026-02-12T14:50:29+00:00","article:modified_time":"2026-04-24T07:46:53+00:00","twitter:card":"summary_large_image","twitter:title":"Custom First Aid Kit Elbrus Printed Compact PP Box 10-piece","twitter:description":"Keep your team safe with these branded first aid kits for businesses, featuring a durable case for any bag or glove box. You can order these custom first aid kits bulk with your logo printed on the Elbrus set to ensure your brand provides essential support during emergencies.","twitter:image":"https:\/\/shop.hidalgo.nl\/wp-content\/uploads\/2025\/11\/cropped-Hidalgo-est1993.png"},"aioseo_meta_data":{"post_id":"840979","title":null,"description":null,"keywords":null,"keyphrases":null,"primary_term":null,"canonical_url":null,"og_title":null,"og_description":null,"og_object_type":"default","og_image_type":"default","og_image_url":null,"og_image_width":null,"og_image_height":null,"og_image_custom_url":null,"og_image_custom_fields":null,"og_video":null,"og_custom_url":null,"og_article_section":null,"og_article_tags":null,"twitter_use_og":false,"twitter_card":"default","twitter_image_type":"default","twitter_image_url":null,"twitter_image_custom_url":null,"twitter_image_custom_fields":null,"twitter_title":null,"twitter_description":null,"schema":{"blockGraphs":[],"customGraphs":[],"default":{"data":{"Article":[],"Course":[],"Dataset":[],"FAQPage":[],"Movie":[],"Person":[],"Product":[],"ProductReview":[],"Car":[],"Recipe":[],"Service":[],"SoftwareApplication":[],"WebPage":[]},"graphName":"","isEnabled":true},"graphs":[]},"schema_type":"default","schema_type_options":null,"pillar_content":false,"robots_default":true,"robots_noindex":false,"robots_noarchive":false,"robots_nosnippet":false,"robots_nofollow":false,"robots_noimageindex":false,"robots_noodp":false,"robots_notranslate":false,"robots_max_snippet":null,"robots_max_videopreview":null,"robots_max_imagepreview":"large","priority":null,"frequency":null,"local_seo":null,"seo_analyzer_scan_date":"2026-02-12 15:03:56","breadcrumb_settings":null,"limit_modified_date":false,"reviewed_by":null,"open_ai":null,"ai":null,"created":"2026-02-12 14:51:48","updated":"2026-04-24 08:56:57"},"aioseo_breadcrumb":"<div class=\"aioseo-breadcrumbs\"><span class=\"aioseo-breadcrumb\">\n\t<a href=\"https:\/\/hidalgo.nl\/en\/\" title=\"Home\">Home<\/a>\n<\/span><span class=\"aioseo-breadcrumb-separator\">\u00bb<\/span><span class=\"aioseo-breadcrumb\">\n\t<a href=\"https:\/\/hidalgo.nl\/example\/\" title=\"example\">example<\/a>\n<\/span><span class=\"aioseo-breadcrumb-separator\">\u00bb<\/span><span class=\"aioseo-breadcrumb\">\n\t<a href=\"https:\/\/hidalgo.nl\/en\/product-supplier\/a53\/\" title=\"A53\">A53<\/a>\n<\/span><span class=\"aioseo-breadcrumb-separator\">\u00bb<\/span><span class=\"aioseo-breadcrumb\">\n\tEerste hulp set 10-delig Elbrus\n<\/span><\/div>","aioseo_breadcrumb_json":[{"label":"Home","link":"https:\/\/hidalgo.nl\/en\/"},{"label":"example","link":"https:\/\/hidalgo.nl\/example\/"},{"label":"A53","link":"https:\/\/hidalgo.nl\/en\/product-supplier\/a53\/"},{"label":"Eerste hulp set 10-delig Elbrus","link":"https:\/\/hidalgo.nl\/en\/product\/840979\/custom-first-aid-kit-elbrus-printed-compact-pp-box-10-piece\/"}],"_links":{"self":[{"href":"https:\/\/hidalgo.nl\/en\/wp-json\/wp\/v2\/product\/840979","targetHints":{"allow":["GET"]}}],"collection":[{"href":"https:\/\/hidalgo.nl\/en\/wp-json\/wp\/v2\/product"}],"about":[{"href":"https:\/\/hidalgo.nl\/en\/wp-json\/wp\/v2\/types\/product"}],"wp:featuredmedia":[{"embeddable":true,"href":"https:\/\/hidalgo.nl\/en\/wp-json\/wp\/v2\/media\/840980"}],"wp:attachment":[{"href":"https:\/\/hidalgo.nl\/en\/wp-json\/wp\/v2\/media?parent=840979"}],"wp:term":[{"taxonomy":"product_brand","embeddable":true,"href":"https:\/\/hidalgo.nl\/en\/wp-json\/wp\/v2\/product_brand?post=840979"},{"taxonomy":"product_cat","embeddable":true,"href":"https:\/\/hidalgo.nl\/en\/wp-json\/wp\/v2\/product_cat?post=840979"},{"taxonomy":"product_tag","embeddable":true,"href":"https:\/\/hidalgo.nl\/en\/wp-json\/wp\/v2\/product_tag?post=840979"}],"curies":[{"name":"wp","href":"https:\/\/api.w.org\/{rel}","templated":true}]}}