{"id":7726,"date":"2025-07-03T09:41:11","date_gmt":"2025-07-03T09:41:11","guid":{"rendered":"http:\/\/bidonsenshakers.pim.hidalgo.nl\/product\/polyester-210d-reistoilettas-merrick\/"},"modified":"2026-03-15T18:20:32","modified_gmt":"2026-03-15T18:20:32","slug":"polyester-210d-reistoilettas-merrick","status":"publish","type":"product","link":"https:\/\/hidalgo.nl\/en\/product\/7726\/custom-travel-toiletry-bag-merrick-hanging-hook-210d\/","title":{"rendered":"Polyester (210D) reistoilettas Merrick"},"content":{"rendered":"<p>Polyester (210D) ripstop reistoilettas met ophanghaak. Zakje met ritssluiting aan de bovenzijde wanneer geopend. E\u00e9n groot en \u00e9\u00e9n klein gaasvak met ritssluiting. Zakje aan de achterkant. Korte draaggreep.<\/p>\n","protected":false},"excerpt":{"rendered":"<p>Polyester (210D) ripstop reistoilettas met ophanghaak. Zakje met ritssluiting aan de bovenzijde wanneer geopend. E\u00e9n groot en \u00e9\u00e9n klein gaasvak met ritssluiting. Zakje aan de achterkant. Korte draaggreep.<\/p>\n","protected":false},"featured_media":7727,"template":"","meta":{"_acf_changed":false,"om_disable_all_campaigns":false,"_monsterinsights_skip_tracking":false,"_monsterinsights_sitenote_active":false,"_monsterinsights_sitenote_note":"","_monsterinsights_sitenote_category":0},"product_brand":[49],"product_cat":[4713,4854],"product_tag":[],"class_list":{"0":"post-7726","1":"product","2":"type-product","3":"status-publish","4":"has-post-thumbnail","6":"product_supplier-a58","7":"product_material-kunststof","8":"product_material-metaal","9":"product_material-nylon","10":"product_material-polyester-210d","11":"product_material-pvc","12":"product_brand-impression","13":"product_cat-tassen","14":"product_cat-toilettassen","15":"entry","17":"first","18":"instock","19":"taxable","20":"shipping-taxable","21":"purchasable","22":"product-type-variable"},"acf":{"imprint_cost":[{"imprint_cost_key":"d0f7dcc3ebd216b58fe4e50cf147001256a4d0ae","product_quantity_price_range":[{"imprint_cost_recommended_selling_price":"4.23","imprint_cost_recommended_selling_quantity":"1"},{"imprint_cost_recommended_selling_price":"2.23","imprint_cost_recommended_selling_quantity":"25"},{"imprint_cost_recommended_selling_price":"1.57","imprint_cost_recommended_selling_quantity":"50"},{"imprint_cost_recommended_selling_price":"1.08","imprint_cost_recommended_selling_quantity":"100"},{"imprint_cost_recommended_selling_price":"0.82","imprint_cost_recommended_selling_quantity":"250"},{"imprint_cost_recommended_selling_price":"0.58","imprint_cost_recommended_selling_quantity":"500"},{"imprint_cost_recommended_selling_price":"0.46","imprint_cost_recommended_selling_quantity":"1000"},{"imprint_cost_recommended_selling_price":"0.38","imprint_cost_recommended_selling_quantity":"2500"},{"imprint_cost_recommended_selling_price":"0.35","imprint_cost_recommended_selling_quantity":"5000"}],"product_quantity_price_range_buying":false,"imprint_cost_setup_costs":"52.31","imprint_cost_handling_costs":"0.2"}]},"aioseo_notices":[],"aioseo_head":"\n\t\t<!-- All in One SEO Pro 4.9.6.2 - aioseo.com -->\n\t<meta name=\"description\" content=\"Organize your grooming essentials with the Merrick ripstop polyester travel organizer, designed for compact storage on the go. You can easily personalize this versatile bag with your logo &amp; branding to create a practical giveaway for your next corporate event.\" \/>\n\t<meta name=\"robots\" content=\"max-image-preview:large\" \/>\n\t<link rel=\"canonical\" href=\"https:\/\/hidalgo.nl\/en\/wp-json\/wp\/v2\/product\/7726\" \/>\n\t<meta name=\"generator\" content=\"All in One SEO Pro (AIOSEO) 4.9.6.2\" \/>\n\t\t<meta property=\"og:locale\" content=\"en_US\" \/>\n\t\t<meta property=\"og:site_name\" content=\"Hidalgo -\" \/>\n\t\t<meta property=\"og:type\" content=\"article\" \/>\n\t\t<meta property=\"og:title\" content=\"Custom Travel Toiletry Bag Merrick Hanging Hook 210D\" \/>\n\t\t<meta property=\"og:description\" content=\"Organize your grooming essentials with the Merrick ripstop polyester travel organizer, designed for compact storage on the go. You can easily personalize this versatile bag with your logo &amp; branding to create a practical giveaway for your next corporate event.\" \/>\n\t\t<meta property=\"og:url\" content=\"https:\/\/hidalgo.nl\/en\/wp-json\/wp\/v2\/product\/7726\" \/>\n\t\t<meta property=\"og:image\" content=\"https:\/\/shop.hidalgo.nl\/wp-content\/uploads\/2025\/11\/cropped-Hidalgo-est1993.png\" \/>\n\t\t<meta property=\"og:image:secure_url\" content=\"https:\/\/shop.hidalgo.nl\/wp-content\/uploads\/2025\/11\/cropped-Hidalgo-est1993.png\" \/>\n\t\t<meta property=\"article:published_time\" content=\"2025-07-03T09:41:11+00:00\" \/>\n\t\t<meta property=\"article:modified_time\" content=\"2026-03-15T18:20:32+00:00\" \/>\n\t\t<meta name=\"twitter:card\" content=\"summary_large_image\" \/>\n\t\t<meta name=\"twitter:title\" content=\"Custom Travel Toiletry Bag Merrick Hanging Hook 210D\" \/>\n\t\t<meta name=\"twitter:description\" content=\"Organize your grooming essentials with the Merrick ripstop polyester travel organizer, designed for compact storage on the go. You can easily personalize this versatile bag with your logo &amp; branding to create a practical giveaway for your next corporate event.\" \/>\n\t\t<meta name=\"twitter:image\" content=\"https:\/\/shop.hidalgo.nl\/wp-content\/uploads\/2025\/11\/cropped-Hidalgo-est1993.png\" \/>\n\t\t<script type=\"application\/ld+json\" class=\"aioseo-schema\">\n\t\t\t{\"@context\":\"https:\\\/\\\/schema.org\",\"@graph\":[{\"@type\":\"BreadcrumbList\",\"@id\":\"https:\\\/\\\/hidalgo.nl\\\/en\\\/product\\\/7726\\\/custom-travel-toiletry-bag-merrick-hanging-hook-210d\\\/#breadcrumblist\",\"itemListElement\":[{\"@type\":\"ListItem\",\"@id\":\"https:\\\/\\\/hidalgo.nl\\\/en\\\/#listItem\",\"position\":1,\"name\":\"Home\",\"item\":\"https:\\\/\\\/hidalgo.nl\\\/en\\\/\",\"nextItem\":{\"@type\":\"ListItem\",\"@id\":\"https:\\\/\\\/hidalgo.nl\\\/example\\\/#listItem\",\"name\":\"example\"}},{\"@type\":\"ListItem\",\"@id\":\"https:\\\/\\\/hidalgo.nl\\\/example\\\/#listItem\",\"position\":2,\"name\":\"example\",\"item\":\"https:\\\/\\\/hidalgo.nl\\\/example\\\/\",\"nextItem\":{\"@type\":\"ListItem\",\"@id\":\"https:\\\/\\\/hidalgo.nl\\\/en\\\/product-supplier\\\/a58\\\/#listItem\",\"name\":\"A58\"},\"previousItem\":{\"@type\":\"ListItem\",\"@id\":\"https:\\\/\\\/hidalgo.nl\\\/en\\\/#listItem\",\"name\":\"Home\"}},{\"@type\":\"ListItem\",\"@id\":\"https:\\\/\\\/hidalgo.nl\\\/en\\\/product-supplier\\\/a58\\\/#listItem\",\"position\":3,\"name\":\"A58\",\"item\":\"https:\\\/\\\/hidalgo.nl\\\/en\\\/product-supplier\\\/a58\\\/\",\"nextItem\":{\"@type\":\"ListItem\",\"@id\":\"https:\\\/\\\/hidalgo.nl\\\/en\\\/product\\\/7726\\\/custom-travel-toiletry-bag-merrick-hanging-hook-210d\\\/#listItem\",\"name\":\"Polyester (210D) reistoilettas Merrick\"},\"previousItem\":{\"@type\":\"ListItem\",\"@id\":\"https:\\\/\\\/hidalgo.nl\\\/example\\\/#listItem\",\"name\":\"example\"}},{\"@type\":\"ListItem\",\"@id\":\"https:\\\/\\\/hidalgo.nl\\\/en\\\/product\\\/7726\\\/custom-travel-toiletry-bag-merrick-hanging-hook-210d\\\/#listItem\",\"position\":4,\"name\":\"Polyester (210D) reistoilettas Merrick\",\"previousItem\":{\"@type\":\"ListItem\",\"@id\":\"https:\\\/\\\/hidalgo.nl\\\/en\\\/product-supplier\\\/a58\\\/#listItem\",\"name\":\"A58\"}}]},{\"@type\":\"Organization\",\"@id\":\"https:\\\/\\\/hidalgo.nl\\\/en\\\/#organization\",\"name\":\"Hidalgo\",\"url\":\"https:\\\/\\\/hidalgo.nl\\\/en\\\/\",\"logo\":{\"@type\":\"ImageObject\",\"url\":\"https:\\\/\\\/shop.hidalgo.nl\\\/wp-content\\\/uploads\\\/2025\\\/11\\\/cropped-Hidalgo-est1993.png\",\"@id\":\"https:\\\/\\\/hidalgo.nl\\\/en\\\/product\\\/7726\\\/custom-travel-toiletry-bag-merrick-hanging-hook-210d\\\/#organizationLogo\",\"width\":585,\"height\":195},\"image\":{\"@id\":\"https:\\\/\\\/hidalgo.nl\\\/en\\\/product\\\/7726\\\/custom-travel-toiletry-bag-merrick-hanging-hook-210d\\\/#organizationLogo\"}},{\"@type\":\"ProductGroup\",\"@id\":\"https:\\\/\\\/hidalgo.nl\\\/en\\\/product\\\/7726\\\/custom-travel-toiletry-bag-merrick-hanging-hook-210d\\\/#wooCommerceProduct\",\"name\":\"Custom Travel Toiletry Bag Merrick Hanging Hook 210D\",\"url\":\"https:\\\/\\\/hidalgo.nl\\\/en\\\/product\\\/7726\\\/custom-travel-toiletry-bag-merrick-hanging-hook-210d\\\/\",\"brand\":{\"@type\":\"Brand\",\"name\":\"IMPRESSION\"},\"sku\":\"A58-1015159\",\"image\":{\"@type\":\"ImageObject\",\"url\":\"https:\\\/\\\/shop.hidalgo.nl\\\/wp-content\\\/uploads\\\/2025\\\/05\\\/d7af2bd72d2620352de2098b5910ac8312dbe5238cd38470f19c99a5042de8e2.jpg\",\"@id\":\"https:\\\/\\\/hidalgo.nl\\\/en\\\/product\\\/7726\\\/custom-travel-toiletry-bag-merrick-hanging-hook-210d\\\/#productImage\",\"width\":943,\"height\":1000},\"productGroupID\":7726,\"hasVariant\":[{\"@type\":\"Product\",\"@id\":\"https:\\\/\\\/hidalgo.nl\\\/en\\\/product\\\/7726\\\/custom-travel-toiletry-bag-merrick-hanging-hook-210d\\\/#wooCommerceProduct\",\"name\":\"Polyester (210D) reistoilettas Merrick - zwart,\",\"url\":\"https:\\\/\\\/hidalgo.nl\\\/en\\\/product\\\/7726\\\/custom-travel-toiletry-bag-merrick-hanging-hook-210d\\\/\",\"sku\":\"A58-1015159-001999999\",\"gtin\":\"8719446064515\",\"image\":{\"@type\":\"ImageObject\",\"url\":\"https:\\\/\\\/shop.hidalgo.nl\\\/wp-content\\\/uploads\\\/2025\\\/05\\\/bc057e3feb3ebbb116f35a8f8686eafef8aad7519f94f66f62d61018d942105d.jpg\",\"@id\":\"https:\\\/\\\/hidalgo.nl\\\/en\\\/product\\\/7726\\\/custom-travel-toiletry-bag-merrick-hanging-hook-210d\\\/#productImage\",\"width\":1000,\"height\":965},\"offers\":{\"@type\":\"Offer\",\"url\":\"https:\\\/\\\/hidalgo.nl\\\/en\\\/product\\\/7726\\\/custom-travel-toiletry-bag-merrick-hanging-hook-210d\\\/#wooCommerceOffer\",\"price\":\"7\",\"priceCurrency\":\"EUR\",\"category\":\"Tassen\",\"availability\":\"https:\\\/\\\/schema.org\\\/InStock\",\"priceSpecification\":{\"@type\":\"PriceSpecification\",\"price\":7,\"priceCurrency\":\"EUR\",\"valueAddedTaxIncluded\":\"true\"}}}]},{\"@type\":\"WebPage\",\"@id\":\"https:\\\/\\\/hidalgo.nl\\\/en\\\/product\\\/7726\\\/custom-travel-toiletry-bag-merrick-hanging-hook-210d\\\/#webpage\",\"url\":\"https:\\\/\\\/hidalgo.nl\\\/en\\\/product\\\/7726\\\/custom-travel-toiletry-bag-merrick-hanging-hook-210d\\\/\",\"name\":\"Custom Travel Toiletry Bag Merrick Hanging Hook 210D\",\"description\":\"Organize your grooming essentials with the Merrick ripstop polyester travel organizer, designed for compact storage on the go. You can easily personalize this versatile bag with your logo & branding to create a practical giveaway for your next corporate event.\",\"inLanguage\":\"en-US\",\"isPartOf\":{\"@id\":\"https:\\\/\\\/hidalgo.nl\\\/en\\\/#website\"},\"breadcrumb\":{\"@id\":\"https:\\\/\\\/hidalgo.nl\\\/en\\\/product\\\/7726\\\/custom-travel-toiletry-bag-merrick-hanging-hook-210d\\\/#breadcrumblist\"},\"image\":{\"@type\":\"ImageObject\",\"url\":\"https:\\\/\\\/shop.hidalgo.nl\\\/wp-content\\\/uploads\\\/2025\\\/05\\\/d7af2bd72d2620352de2098b5910ac8312dbe5238cd38470f19c99a5042de8e2.jpg\",\"@id\":\"https:\\\/\\\/hidalgo.nl\\\/en\\\/product\\\/7726\\\/custom-travel-toiletry-bag-merrick-hanging-hook-210d\\\/#mainImage\",\"width\":943,\"height\":1000},\"primaryImageOfPage\":{\"@id\":\"https:\\\/\\\/hidalgo.nl\\\/en\\\/product\\\/7726\\\/custom-travel-toiletry-bag-merrick-hanging-hook-210d\\\/#mainImage\"},\"datePublished\":\"2025-07-03T09:41:11+00:00\",\"dateModified\":\"2026-03-15T18:20:32+00:00\"},{\"@type\":\"WebSite\",\"@id\":\"https:\\\/\\\/hidalgo.nl\\\/en\\\/#website\",\"url\":\"https:\\\/\\\/hidalgo.nl\\\/en\\\/\",\"name\":\"Hidalgo\",\"inLanguage\":\"en-US\",\"publisher\":{\"@id\":\"https:\\\/\\\/hidalgo.nl\\\/en\\\/#organization\"}}]}\n\t\t<\/script>\n\t\t<!-- All in One SEO Pro -->\r\n\t\t<title>Custom Travel Toiletry Bag Merrick Hanging Hook 210D<\/title>\n\n","aioseo_head_json":{"title":"Custom Travel Toiletry Bag Merrick Hanging Hook 210D","description":"Organize your grooming essentials with the Merrick ripstop polyester travel organizer, designed for compact storage on the go. You can easily personalize this versatile bag with your logo & branding to create a practical giveaway for your next corporate event.","canonical_url":"https:\/\/hidalgo.nl\/en\/wp-json\/wp\/v2\/product\/7726","robots":"max-image-preview:large","keywords":"","webmasterTools":{"miscellaneous":""},"schema":{"@context":"https:\/\/schema.org","@graph":[{"@type":"BreadcrumbList","@id":"https:\/\/hidalgo.nl\/en\/product\/7726\/custom-travel-toiletry-bag-merrick-hanging-hook-210d\/#breadcrumblist","itemListElement":[{"@type":"ListItem","@id":"https:\/\/hidalgo.nl\/en\/#listItem","position":1,"name":"Home","item":"https:\/\/hidalgo.nl\/en\/","nextItem":{"@type":"ListItem","@id":"https:\/\/hidalgo.nl\/example\/#listItem","name":"example"}},{"@type":"ListItem","@id":"https:\/\/hidalgo.nl\/example\/#listItem","position":2,"name":"example","item":"https:\/\/hidalgo.nl\/example\/","nextItem":{"@type":"ListItem","@id":"https:\/\/hidalgo.nl\/en\/product-supplier\/a58\/#listItem","name":"A58"},"previousItem":{"@type":"ListItem","@id":"https:\/\/hidalgo.nl\/en\/#listItem","name":"Home"}},{"@type":"ListItem","@id":"https:\/\/hidalgo.nl\/en\/product-supplier\/a58\/#listItem","position":3,"name":"A58","item":"https:\/\/hidalgo.nl\/en\/product-supplier\/a58\/","nextItem":{"@type":"ListItem","@id":"https:\/\/hidalgo.nl\/en\/product\/7726\/custom-travel-toiletry-bag-merrick-hanging-hook-210d\/#listItem","name":"Polyester (210D) reistoilettas Merrick"},"previousItem":{"@type":"ListItem","@id":"https:\/\/hidalgo.nl\/example\/#listItem","name":"example"}},{"@type":"ListItem","@id":"https:\/\/hidalgo.nl\/en\/product\/7726\/custom-travel-toiletry-bag-merrick-hanging-hook-210d\/#listItem","position":4,"name":"Polyester (210D) reistoilettas Merrick","previousItem":{"@type":"ListItem","@id":"https:\/\/hidalgo.nl\/en\/product-supplier\/a58\/#listItem","name":"A58"}}]},{"@type":"Organization","@id":"https:\/\/hidalgo.nl\/en\/#organization","name":"Hidalgo","url":"https:\/\/hidalgo.nl\/en\/","logo":{"@type":"ImageObject","url":"https:\/\/shop.hidalgo.nl\/wp-content\/uploads\/2025\/11\/cropped-Hidalgo-est1993.png","@id":"https:\/\/hidalgo.nl\/en\/product\/7726\/custom-travel-toiletry-bag-merrick-hanging-hook-210d\/#organizationLogo","width":585,"height":195},"image":{"@id":"https:\/\/hidalgo.nl\/en\/product\/7726\/custom-travel-toiletry-bag-merrick-hanging-hook-210d\/#organizationLogo"}},{"@type":"ProductGroup","@id":"https:\/\/hidalgo.nl\/en\/product\/7726\/custom-travel-toiletry-bag-merrick-hanging-hook-210d\/#wooCommerceProduct","name":"Custom Travel Toiletry Bag Merrick Hanging Hook 210D","url":"https:\/\/hidalgo.nl\/en\/product\/7726\/custom-travel-toiletry-bag-merrick-hanging-hook-210d\/","brand":{"@type":"Brand","name":"IMPRESSION"},"sku":"A58-1015159","image":{"@type":"ImageObject","url":"https:\/\/shop.hidalgo.nl\/wp-content\/uploads\/2025\/05\/d7af2bd72d2620352de2098b5910ac8312dbe5238cd38470f19c99a5042de8e2.jpg","@id":"https:\/\/hidalgo.nl\/en\/product\/7726\/custom-travel-toiletry-bag-merrick-hanging-hook-210d\/#productImage","width":943,"height":1000},"productGroupID":7726,"hasVariant":[{"@type":"Product","@id":"https:\/\/hidalgo.nl\/en\/product\/7726\/custom-travel-toiletry-bag-merrick-hanging-hook-210d\/#wooCommerceProduct","name":"Polyester (210D) reistoilettas Merrick - zwart,","url":"https:\/\/hidalgo.nl\/en\/product\/7726\/custom-travel-toiletry-bag-merrick-hanging-hook-210d\/","sku":"A58-1015159-001999999","gtin":"8719446064515","image":{"@type":"ImageObject","url":"https:\/\/shop.hidalgo.nl\/wp-content\/uploads\/2025\/05\/bc057e3feb3ebbb116f35a8f8686eafef8aad7519f94f66f62d61018d942105d.jpg","@id":"https:\/\/hidalgo.nl\/en\/product\/7726\/custom-travel-toiletry-bag-merrick-hanging-hook-210d\/#productImage","width":1000,"height":965},"offers":{"@type":"Offer","url":"https:\/\/hidalgo.nl\/en\/product\/7726\/custom-travel-toiletry-bag-merrick-hanging-hook-210d\/#wooCommerceOffer","price":"7","priceCurrency":"EUR","category":"Tassen","availability":"https:\/\/schema.org\/InStock","priceSpecification":{"@type":"PriceSpecification","price":7,"priceCurrency":"EUR","valueAddedTaxIncluded":"true"}}}]},{"@type":"WebPage","@id":"https:\/\/hidalgo.nl\/en\/product\/7726\/custom-travel-toiletry-bag-merrick-hanging-hook-210d\/#webpage","url":"https:\/\/hidalgo.nl\/en\/product\/7726\/custom-travel-toiletry-bag-merrick-hanging-hook-210d\/","name":"Custom Travel Toiletry Bag Merrick Hanging Hook 210D","description":"Organize your grooming essentials with the Merrick ripstop polyester travel organizer, designed for compact storage on the go. You can easily personalize this versatile bag with your logo & branding to create a practical giveaway for your next corporate event.","inLanguage":"en-US","isPartOf":{"@id":"https:\/\/hidalgo.nl\/en\/#website"},"breadcrumb":{"@id":"https:\/\/hidalgo.nl\/en\/product\/7726\/custom-travel-toiletry-bag-merrick-hanging-hook-210d\/#breadcrumblist"},"image":{"@type":"ImageObject","url":"https:\/\/shop.hidalgo.nl\/wp-content\/uploads\/2025\/05\/d7af2bd72d2620352de2098b5910ac8312dbe5238cd38470f19c99a5042de8e2.jpg","@id":"https:\/\/hidalgo.nl\/en\/product\/7726\/custom-travel-toiletry-bag-merrick-hanging-hook-210d\/#mainImage","width":943,"height":1000},"primaryImageOfPage":{"@id":"https:\/\/hidalgo.nl\/en\/product\/7726\/custom-travel-toiletry-bag-merrick-hanging-hook-210d\/#mainImage"},"datePublished":"2025-07-03T09:41:11+00:00","dateModified":"2026-03-15T18:20:32+00:00"},{"@type":"WebSite","@id":"https:\/\/hidalgo.nl\/en\/#website","url":"https:\/\/hidalgo.nl\/en\/","name":"Hidalgo","inLanguage":"en-US","publisher":{"@id":"https:\/\/hidalgo.nl\/en\/#organization"}}]},"og:locale":"en_US","og:site_name":"Hidalgo -","og:type":"article","og:title":"Custom Travel Toiletry Bag Merrick Hanging Hook 210D","og:description":"Organize your grooming essentials with the Merrick ripstop polyester travel organizer, designed for compact storage on the go. You can easily personalize this versatile bag with your logo &amp; branding to create a practical giveaway for your next corporate event.","og:url":"https:\/\/hidalgo.nl\/en\/wp-json\/wp\/v2\/product\/7726","og:image":"https:\/\/shop.hidalgo.nl\/wp-content\/uploads\/2025\/11\/cropped-Hidalgo-est1993.png","og:image:secure_url":"https:\/\/shop.hidalgo.nl\/wp-content\/uploads\/2025\/11\/cropped-Hidalgo-est1993.png","article:published_time":"2025-07-03T09:41:11+00:00","article:modified_time":"2026-03-15T18:20:32+00:00","twitter:card":"summary_large_image","twitter:title":"Custom Travel Toiletry Bag Merrick Hanging Hook 210D","twitter:description":"Organize your grooming essentials with the Merrick ripstop polyester travel organizer, designed for compact storage on the go. You can easily personalize this versatile bag with your logo &amp; branding to create a practical giveaway for your next corporate event.","twitter:image":"https:\/\/shop.hidalgo.nl\/wp-content\/uploads\/2025\/11\/cropped-Hidalgo-est1993.png"},"aioseo_meta_data":{"post_id":"7726","title":null,"description":null,"keywords":null,"keyphrases":null,"primary_term":null,"canonical_url":null,"og_title":null,"og_description":null,"og_object_type":"default","og_image_type":"default","og_image_url":null,"og_image_width":null,"og_image_height":null,"og_image_custom_url":null,"og_image_custom_fields":null,"og_video":null,"og_custom_url":null,"og_article_section":null,"og_article_tags":null,"twitter_use_og":false,"twitter_card":"default","twitter_image_type":"default","twitter_image_url":null,"twitter_image_custom_url":null,"twitter_image_custom_fields":null,"twitter_title":null,"twitter_description":null,"schema":{"blockGraphs":[],"customGraphs":[],"default":{"data":{"Article":[],"Course":[],"Dataset":[],"FAQPage":[],"Movie":[],"Person":[],"Product":[],"ProductReview":[],"Car":[],"Recipe":[],"Service":[],"SoftwareApplication":[],"WebPage":[]},"graphName":"","isEnabled":true},"graphs":[]},"schema_type":"default","schema_type_options":null,"pillar_content":false,"robots_default":true,"robots_noindex":false,"robots_noarchive":false,"robots_nosnippet":false,"robots_nofollow":false,"robots_noimageindex":false,"robots_noodp":false,"robots_notranslate":false,"robots_max_snippet":null,"robots_max_videopreview":null,"robots_max_imagepreview":"large","priority":null,"frequency":null,"local_seo":null,"seo_analyzer_scan_date":"2026-01-20 09:29:21","breadcrumb_settings":null,"limit_modified_date":false,"reviewed_by":null,"open_ai":null,"ai":null,"created":"2026-01-14 06:17:37","updated":"2026-04-22 15:48:47"},"aioseo_breadcrumb":"<div class=\"aioseo-breadcrumbs\"><span class=\"aioseo-breadcrumb\">\n\t<a href=\"https:\/\/hidalgo.nl\/en\/\" title=\"Home\">Home<\/a>\n<\/span><span class=\"aioseo-breadcrumb-separator\">\u00bb<\/span><span class=\"aioseo-breadcrumb\">\n\t<a href=\"https:\/\/hidalgo.nl\/example\/\" title=\"example\">example<\/a>\n<\/span><span class=\"aioseo-breadcrumb-separator\">\u00bb<\/span><span class=\"aioseo-breadcrumb\">\n\t<a href=\"https:\/\/hidalgo.nl\/en\/product-supplier\/a58\/\" title=\"A58\">A58<\/a>\n<\/span><span class=\"aioseo-breadcrumb-separator\">\u00bb<\/span><span class=\"aioseo-breadcrumb\">\n\tPolyester (210D) reistoilettas Merrick\n<\/span><\/div>","aioseo_breadcrumb_json":[{"label":"Home","link":"https:\/\/hidalgo.nl\/en\/"},{"label":"example","link":"https:\/\/hidalgo.nl\/example\/"},{"label":"A58","link":"https:\/\/hidalgo.nl\/en\/product-supplier\/a58\/"},{"label":"Polyester (210D) reistoilettas Merrick","link":"https:\/\/hidalgo.nl\/en\/product\/7726\/custom-travel-toiletry-bag-merrick-hanging-hook-210d\/"}],"_links":{"self":[{"href":"https:\/\/hidalgo.nl\/en\/wp-json\/wp\/v2\/product\/7726","targetHints":{"allow":["GET"]}}],"collection":[{"href":"https:\/\/hidalgo.nl\/en\/wp-json\/wp\/v2\/product"}],"about":[{"href":"https:\/\/hidalgo.nl\/en\/wp-json\/wp\/v2\/types\/product"}],"wp:featuredmedia":[{"embeddable":true,"href":"https:\/\/hidalgo.nl\/en\/wp-json\/wp\/v2\/media\/7727"}],"wp:attachment":[{"href":"https:\/\/hidalgo.nl\/en\/wp-json\/wp\/v2\/media?parent=7726"}],"wp:term":[{"taxonomy":"product_brand","embeddable":true,"href":"https:\/\/hidalgo.nl\/en\/wp-json\/wp\/v2\/product_brand?post=7726"},{"taxonomy":"product_cat","embeddable":true,"href":"https:\/\/hidalgo.nl\/en\/wp-json\/wp\/v2\/product_cat?post=7726"},{"taxonomy":"product_tag","embeddable":true,"href":"https:\/\/hidalgo.nl\/en\/wp-json\/wp\/v2\/product_tag?post=7726"}],"curies":[{"name":"wp","href":"https:\/\/api.w.org\/{rel}","templated":true}]}}