{"id":7609,"date":"2025-07-03T09:39:10","date_gmt":"2025-07-03T09:39:10","guid":{"rendered":"http:\/\/bidonsenshakers.pim.hidalgo.nl\/product\/abs-luchtbevochtiger-ronin\/"},"modified":"2026-03-15T08:36:59","modified_gmt":"2026-03-15T08:36:59","slug":"abs-luchtbevochtiger-ronin","status":"publish","type":"product","link":"https:\/\/hidalgo.nl\/en\/product\/7609\/abs-air-humidifier-ronin-printed-wood-look-led-25m2\/","title":{"rendered":"ABS luchtbevochtiger Ronin"},"content":{"rendered":"<p>ABS luchtbevochtiger met houten look. Met van kleur veranderende LED-verlichting. Voor ruimtes tot 25m2. Geleverd zonder vloeistof, voeg je eigen water of geur toe. Twee sponzen meegeleverd voor betere prestaties, \u00e9\u00e9n ge\u00efnstalleerd en \u00e9\u00e9n navulling. Individueel verpakt in een bruine kartonnen doos.<\/p>\n","protected":false},"excerpt":{"rendered":"<p>ABS luchtbevochtiger met houten look. Met van kleur veranderende LED-verlichting. Voor ruimtes tot 25m2. Geleverd zonder vloeistof, voeg je eigen water of geur toe. Twee sponzen meegeleverd voor betere prestaties, \u00e9\u00e9n ge\u00efnstalleerd en \u00e9\u00e9n navulling. Individueel verpakt in een bruine kartonnen doos.<\/p>\n","protected":false},"featured_media":7610,"template":"","meta":{"_acf_changed":false,"om_disable_all_campaigns":false,"_monsterinsights_skip_tracking":false,"_monsterinsights_sitenote_active":false,"_monsterinsights_sitenote_note":"","_monsterinsights_sitenote_category":0},"product_brand":[49],"product_cat":[4722,4789,4719],"product_tag":[],"class_list":{"0":"post-7609","1":"product","2":"type-product","3":"status-publish","4":"has-post-thumbnail","6":"product_supplier-a58","7":"product_material-abs","8":"product_material-pp","9":"product_brand-impression","10":"product_cat-gezondheid","11":"product_cat-persoonlijke-verzorging","12":"product_cat-promotionele-artikelen","13":"entry","15":"first","16":"instock","17":"taxable","18":"shipping-taxable","19":"purchasable","20":"product-type-variable"},"acf":{"imprint_cost":[{"imprint_cost_key":"8a411dd9cb1225c14846950a5d19745517bf3203","product_quantity_price_range":[{"imprint_cost_recommended_selling_price":"5.43","imprint_cost_recommended_selling_quantity":"1"},{"imprint_cost_recommended_selling_price":"2.83","imprint_cost_recommended_selling_quantity":"25"},{"imprint_cost_recommended_selling_price":"1.29","imprint_cost_recommended_selling_quantity":"50"},{"imprint_cost_recommended_selling_price":"0.49","imprint_cost_recommended_selling_quantity":"100"},{"imprint_cost_recommended_selling_price":"0.35","imprint_cost_recommended_selling_quantity":"250"},{"imprint_cost_recommended_selling_price":"0.28","imprint_cost_recommended_selling_quantity":"500"},{"imprint_cost_recommended_selling_price":"0.2","imprint_cost_recommended_selling_quantity":"1000"},{"imprint_cost_recommended_selling_price":"0.18","imprint_cost_recommended_selling_quantity":"5000"}],"product_quantity_price_range_buying":false,"imprint_cost_setup_costs":"52.31","imprint_cost_handling_costs":"0.2"},{"imprint_cost_key":"6f70c0f4bbfc50ce6830ee81848c7d8ea3ecdd07","product_quantity_price_range":[{"imprint_cost_recommended_selling_price":"5.43","imprint_cost_recommended_selling_quantity":"1"},{"imprint_cost_recommended_selling_price":"2.83","imprint_cost_recommended_selling_quantity":"25"},{"imprint_cost_recommended_selling_price":"1.29","imprint_cost_recommended_selling_quantity":"50"},{"imprint_cost_recommended_selling_price":"0.49","imprint_cost_recommended_selling_quantity":"100"},{"imprint_cost_recommended_selling_price":"0.35","imprint_cost_recommended_selling_quantity":"250"},{"imprint_cost_recommended_selling_price":"0.28","imprint_cost_recommended_selling_quantity":"500"},{"imprint_cost_recommended_selling_price":"0.2","imprint_cost_recommended_selling_quantity":"1000"},{"imprint_cost_recommended_selling_price":"0.18","imprint_cost_recommended_selling_quantity":"5000"}],"product_quantity_price_range_buying":false,"imprint_cost_setup_costs":"52.31","imprint_cost_handling_costs":"0.2"}]},"aioseo_notices":[],"aioseo_head":"\n\t\t<!-- All in One SEO Pro 4.9.6.2 - aioseo.com -->\n\t<meta name=\"description\" content=\"Enhance your workspace climate with the Ronin, a stylish brown wood-look humidifier designed to improve well-being in rooms up to 25m2. You can easily personalize this functional office accessory with your own logo to create a memorable &amp; health-focused promotional gift.\" \/>\n\t<meta name=\"robots\" content=\"max-image-preview:large\" \/>\n\t<link rel=\"canonical\" href=\"https:\/\/hidalgo.nl\/en\/wp-json\/wp\/v2\/product\/7609\" \/>\n\t<meta name=\"generator\" content=\"All in One SEO Pro (AIOSEO) 4.9.6.2\" \/>\n\t\t<meta property=\"og:locale\" content=\"en_US\" \/>\n\t\t<meta property=\"og:site_name\" content=\"Hidalgo -\" \/>\n\t\t<meta property=\"og:type\" content=\"article\" \/>\n\t\t<meta property=\"og:title\" content=\"ABS Air Humidifier Ronin Printed Wood Look LED 25m2\" \/>\n\t\t<meta property=\"og:description\" content=\"Enhance your workspace climate with the Ronin, a stylish brown wood-look humidifier designed to improve well-being in rooms up to 25m2. You can easily personalize this functional office accessory with your own logo to create a memorable &amp; health-focused promotional gift.\" \/>\n\t\t<meta property=\"og:url\" content=\"https:\/\/hidalgo.nl\/en\/wp-json\/wp\/v2\/product\/7609\" \/>\n\t\t<meta property=\"og:image\" content=\"https:\/\/shop.hidalgo.nl\/wp-content\/uploads\/2025\/11\/cropped-Hidalgo-est1993.png\" \/>\n\t\t<meta property=\"og:image:secure_url\" content=\"https:\/\/shop.hidalgo.nl\/wp-content\/uploads\/2025\/11\/cropped-Hidalgo-est1993.png\" \/>\n\t\t<meta property=\"article:published_time\" content=\"2025-07-03T09:39:10+00:00\" \/>\n\t\t<meta property=\"article:modified_time\" content=\"2026-03-15T08:36:59+00:00\" \/>\n\t\t<meta name=\"twitter:card\" content=\"summary_large_image\" \/>\n\t\t<meta name=\"twitter:title\" content=\"ABS Air Humidifier Ronin Printed Wood Look LED 25m2\" \/>\n\t\t<meta name=\"twitter:description\" content=\"Enhance your workspace climate with the Ronin, a stylish brown wood-look humidifier designed to improve well-being in rooms up to 25m2. You can easily personalize this functional office accessory with your own logo to create a memorable &amp; health-focused promotional gift.\" \/>\n\t\t<meta name=\"twitter:image\" content=\"https:\/\/shop.hidalgo.nl\/wp-content\/uploads\/2025\/11\/cropped-Hidalgo-est1993.png\" \/>\n\t\t<script type=\"application\/ld+json\" class=\"aioseo-schema\">\n\t\t\t{\"@context\":\"https:\\\/\\\/schema.org\",\"@graph\":[{\"@type\":\"BreadcrumbList\",\"@id\":\"https:\\\/\\\/hidalgo.nl\\\/en\\\/product\\\/7609\\\/abs-air-humidifier-ronin-printed-wood-look-led-25m2\\\/#breadcrumblist\",\"itemListElement\":[{\"@type\":\"ListItem\",\"@id\":\"https:\\\/\\\/hidalgo.nl\\\/en\\\/#listItem\",\"position\":1,\"name\":\"Home\",\"item\":\"https:\\\/\\\/hidalgo.nl\\\/en\\\/\",\"nextItem\":{\"@type\":\"ListItem\",\"@id\":\"https:\\\/\\\/hidalgo.nl\\\/example\\\/#listItem\",\"name\":\"example\"}},{\"@type\":\"ListItem\",\"@id\":\"https:\\\/\\\/hidalgo.nl\\\/example\\\/#listItem\",\"position\":2,\"name\":\"example\",\"item\":\"https:\\\/\\\/hidalgo.nl\\\/example\\\/\",\"nextItem\":{\"@type\":\"ListItem\",\"@id\":\"https:\\\/\\\/hidalgo.nl\\\/en\\\/product-supplier\\\/a58\\\/#listItem\",\"name\":\"A58\"},\"previousItem\":{\"@type\":\"ListItem\",\"@id\":\"https:\\\/\\\/hidalgo.nl\\\/en\\\/#listItem\",\"name\":\"Home\"}},{\"@type\":\"ListItem\",\"@id\":\"https:\\\/\\\/hidalgo.nl\\\/en\\\/product-supplier\\\/a58\\\/#listItem\",\"position\":3,\"name\":\"A58\",\"item\":\"https:\\\/\\\/hidalgo.nl\\\/en\\\/product-supplier\\\/a58\\\/\",\"nextItem\":{\"@type\":\"ListItem\",\"@id\":\"https:\\\/\\\/hidalgo.nl\\\/en\\\/product\\\/7609\\\/abs-air-humidifier-ronin-printed-wood-look-led-25m2\\\/#listItem\",\"name\":\"ABS luchtbevochtiger Ronin\"},\"previousItem\":{\"@type\":\"ListItem\",\"@id\":\"https:\\\/\\\/hidalgo.nl\\\/example\\\/#listItem\",\"name\":\"example\"}},{\"@type\":\"ListItem\",\"@id\":\"https:\\\/\\\/hidalgo.nl\\\/en\\\/product\\\/7609\\\/abs-air-humidifier-ronin-printed-wood-look-led-25m2\\\/#listItem\",\"position\":4,\"name\":\"ABS luchtbevochtiger Ronin\",\"previousItem\":{\"@type\":\"ListItem\",\"@id\":\"https:\\\/\\\/hidalgo.nl\\\/en\\\/product-supplier\\\/a58\\\/#listItem\",\"name\":\"A58\"}}]},{\"@type\":\"Organization\",\"@id\":\"https:\\\/\\\/hidalgo.nl\\\/en\\\/#organization\",\"name\":\"Hidalgo\",\"url\":\"https:\\\/\\\/hidalgo.nl\\\/en\\\/\",\"logo\":{\"@type\":\"ImageObject\",\"url\":\"https:\\\/\\\/shop.hidalgo.nl\\\/wp-content\\\/uploads\\\/2025\\\/11\\\/cropped-Hidalgo-est1993.png\",\"@id\":\"https:\\\/\\\/hidalgo.nl\\\/en\\\/product\\\/7609\\\/abs-air-humidifier-ronin-printed-wood-look-led-25m2\\\/#organizationLogo\",\"width\":585,\"height\":195},\"image\":{\"@id\":\"https:\\\/\\\/hidalgo.nl\\\/en\\\/product\\\/7609\\\/abs-air-humidifier-ronin-printed-wood-look-led-25m2\\\/#organizationLogo\"}},{\"@type\":\"ProductGroup\",\"@id\":\"https:\\\/\\\/hidalgo.nl\\\/en\\\/product\\\/7609\\\/abs-air-humidifier-ronin-printed-wood-look-led-25m2\\\/#wooCommerceProduct\",\"name\":\"ABS Air Humidifier Ronin Printed Wood Look LED 25m2\",\"url\":\"https:\\\/\\\/hidalgo.nl\\\/en\\\/product\\\/7609\\\/abs-air-humidifier-ronin-printed-wood-look-led-25m2\\\/\",\"brand\":{\"@type\":\"Brand\",\"name\":\"IMPRESSION\"},\"sku\":\"A58-1015143\",\"image\":{\"@type\":\"ImageObject\",\"url\":\"https:\\\/\\\/shop.hidalgo.nl\\\/wp-content\\\/uploads\\\/2025\\\/05\\\/43ad5753a2c1b197b663513bee3350f592c19918e7934b6cbeac4fc69bef69f1.jpg\",\"@id\":\"https:\\\/\\\/hidalgo.nl\\\/en\\\/product\\\/7609\\\/abs-air-humidifier-ronin-printed-wood-look-led-25m2\\\/#productImage\",\"width\":946,\"height\":1000},\"productGroupID\":7609,\"hasVariant\":[{\"@type\":\"Product\",\"@id\":\"https:\\\/\\\/hidalgo.nl\\\/en\\\/product\\\/7609\\\/abs-air-humidifier-ronin-printed-wood-look-led-25m2\\\/#wooCommerceProduct\",\"name\":\"ABS luchtbevochtiger Ronin - bruin,\",\"url\":\"https:\\\/\\\/hidalgo.nl\\\/en\\\/product\\\/7609\\\/abs-air-humidifier-ronin-printed-wood-look-led-25m2\\\/\",\"sku\":\"A58-1015143-011999999\",\"gtin\":\"8719446064171\",\"image\":{\"@type\":\"ImageObject\",\"url\":\"https:\\\/\\\/shop.hidalgo.nl\\\/wp-content\\\/uploads\\\/2025\\\/05\\\/39f57b251e9e3e3259cd5d295e429c7bc6150d5ae9add5315bd4a20915988f03.jpg\",\"@id\":\"https:\\\/\\\/hidalgo.nl\\\/en\\\/product\\\/7609\\\/abs-air-humidifier-ronin-printed-wood-look-led-25m2\\\/#productImage\",\"width\":1000,\"height\":994},\"offers\":{\"@type\":\"Offer\",\"url\":\"https:\\\/\\\/hidalgo.nl\\\/en\\\/product\\\/7609\\\/abs-air-humidifier-ronin-printed-wood-look-led-25m2\\\/#wooCommerceOffer\",\"price\":\"8.6\",\"priceCurrency\":\"EUR\",\"category\":\"Promotionele Artikelen\",\"availability\":\"https:\\\/\\\/schema.org\\\/InStock\",\"priceSpecification\":{\"@type\":\"PriceSpecification\",\"price\":8.6,\"priceCurrency\":\"EUR\",\"valueAddedTaxIncluded\":\"true\"}}}]},{\"@type\":\"WebPage\",\"@id\":\"https:\\\/\\\/hidalgo.nl\\\/en\\\/product\\\/7609\\\/abs-air-humidifier-ronin-printed-wood-look-led-25m2\\\/#webpage\",\"url\":\"https:\\\/\\\/hidalgo.nl\\\/en\\\/product\\\/7609\\\/abs-air-humidifier-ronin-printed-wood-look-led-25m2\\\/\",\"name\":\"ABS Air Humidifier Ronin Printed Wood Look LED 25m2\",\"description\":\"Enhance your workspace climate with the Ronin, a stylish brown wood-look humidifier designed to improve well-being in rooms up to 25m2. You can easily personalize this functional office accessory with your own logo to create a memorable & health-focused promotional gift.\",\"inLanguage\":\"en-US\",\"isPartOf\":{\"@id\":\"https:\\\/\\\/hidalgo.nl\\\/en\\\/#website\"},\"breadcrumb\":{\"@id\":\"https:\\\/\\\/hidalgo.nl\\\/en\\\/product\\\/7609\\\/abs-air-humidifier-ronin-printed-wood-look-led-25m2\\\/#breadcrumblist\"},\"image\":{\"@type\":\"ImageObject\",\"url\":\"https:\\\/\\\/shop.hidalgo.nl\\\/wp-content\\\/uploads\\\/2025\\\/05\\\/43ad5753a2c1b197b663513bee3350f592c19918e7934b6cbeac4fc69bef69f1.jpg\",\"@id\":\"https:\\\/\\\/hidalgo.nl\\\/en\\\/product\\\/7609\\\/abs-air-humidifier-ronin-printed-wood-look-led-25m2\\\/#mainImage\",\"width\":946,\"height\":1000},\"primaryImageOfPage\":{\"@id\":\"https:\\\/\\\/hidalgo.nl\\\/en\\\/product\\\/7609\\\/abs-air-humidifier-ronin-printed-wood-look-led-25m2\\\/#mainImage\"},\"datePublished\":\"2025-07-03T09:39:10+00:00\",\"dateModified\":\"2026-03-15T08:36:59+00:00\"},{\"@type\":\"WebSite\",\"@id\":\"https:\\\/\\\/hidalgo.nl\\\/en\\\/#website\",\"url\":\"https:\\\/\\\/hidalgo.nl\\\/en\\\/\",\"name\":\"Hidalgo\",\"inLanguage\":\"en-US\",\"publisher\":{\"@id\":\"https:\\\/\\\/hidalgo.nl\\\/en\\\/#organization\"}}]}\n\t\t<\/script>\n\t\t<!-- All in One SEO Pro -->\r\n\t\t<title>ABS Air Humidifier Ronin Printed Wood Look LED 25m2<\/title>\n\n","aioseo_head_json":{"title":"ABS Air Humidifier Ronin Printed Wood Look LED 25m2","description":"Enhance your workspace climate with the Ronin, a stylish brown wood-look humidifier designed to improve well-being in rooms up to 25m2. You can easily personalize this functional office accessory with your own logo to create a memorable & health-focused promotional gift.","canonical_url":"https:\/\/hidalgo.nl\/en\/wp-json\/wp\/v2\/product\/7609","robots":"max-image-preview:large","keywords":"","webmasterTools":{"miscellaneous":""},"schema":{"@context":"https:\/\/schema.org","@graph":[{"@type":"BreadcrumbList","@id":"https:\/\/hidalgo.nl\/en\/product\/7609\/abs-air-humidifier-ronin-printed-wood-look-led-25m2\/#breadcrumblist","itemListElement":[{"@type":"ListItem","@id":"https:\/\/hidalgo.nl\/en\/#listItem","position":1,"name":"Home","item":"https:\/\/hidalgo.nl\/en\/","nextItem":{"@type":"ListItem","@id":"https:\/\/hidalgo.nl\/example\/#listItem","name":"example"}},{"@type":"ListItem","@id":"https:\/\/hidalgo.nl\/example\/#listItem","position":2,"name":"example","item":"https:\/\/hidalgo.nl\/example\/","nextItem":{"@type":"ListItem","@id":"https:\/\/hidalgo.nl\/en\/product-supplier\/a58\/#listItem","name":"A58"},"previousItem":{"@type":"ListItem","@id":"https:\/\/hidalgo.nl\/en\/#listItem","name":"Home"}},{"@type":"ListItem","@id":"https:\/\/hidalgo.nl\/en\/product-supplier\/a58\/#listItem","position":3,"name":"A58","item":"https:\/\/hidalgo.nl\/en\/product-supplier\/a58\/","nextItem":{"@type":"ListItem","@id":"https:\/\/hidalgo.nl\/en\/product\/7609\/abs-air-humidifier-ronin-printed-wood-look-led-25m2\/#listItem","name":"ABS luchtbevochtiger Ronin"},"previousItem":{"@type":"ListItem","@id":"https:\/\/hidalgo.nl\/example\/#listItem","name":"example"}},{"@type":"ListItem","@id":"https:\/\/hidalgo.nl\/en\/product\/7609\/abs-air-humidifier-ronin-printed-wood-look-led-25m2\/#listItem","position":4,"name":"ABS luchtbevochtiger Ronin","previousItem":{"@type":"ListItem","@id":"https:\/\/hidalgo.nl\/en\/product-supplier\/a58\/#listItem","name":"A58"}}]},{"@type":"Organization","@id":"https:\/\/hidalgo.nl\/en\/#organization","name":"Hidalgo","url":"https:\/\/hidalgo.nl\/en\/","logo":{"@type":"ImageObject","url":"https:\/\/shop.hidalgo.nl\/wp-content\/uploads\/2025\/11\/cropped-Hidalgo-est1993.png","@id":"https:\/\/hidalgo.nl\/en\/product\/7609\/abs-air-humidifier-ronin-printed-wood-look-led-25m2\/#organizationLogo","width":585,"height":195},"image":{"@id":"https:\/\/hidalgo.nl\/en\/product\/7609\/abs-air-humidifier-ronin-printed-wood-look-led-25m2\/#organizationLogo"}},{"@type":"ProductGroup","@id":"https:\/\/hidalgo.nl\/en\/product\/7609\/abs-air-humidifier-ronin-printed-wood-look-led-25m2\/#wooCommerceProduct","name":"ABS Air Humidifier Ronin Printed Wood Look LED 25m2","url":"https:\/\/hidalgo.nl\/en\/product\/7609\/abs-air-humidifier-ronin-printed-wood-look-led-25m2\/","brand":{"@type":"Brand","name":"IMPRESSION"},"sku":"A58-1015143","image":{"@type":"ImageObject","url":"https:\/\/shop.hidalgo.nl\/wp-content\/uploads\/2025\/05\/43ad5753a2c1b197b663513bee3350f592c19918e7934b6cbeac4fc69bef69f1.jpg","@id":"https:\/\/hidalgo.nl\/en\/product\/7609\/abs-air-humidifier-ronin-printed-wood-look-led-25m2\/#productImage","width":946,"height":1000},"productGroupID":7609,"hasVariant":[{"@type":"Product","@id":"https:\/\/hidalgo.nl\/en\/product\/7609\/abs-air-humidifier-ronin-printed-wood-look-led-25m2\/#wooCommerceProduct","name":"ABS luchtbevochtiger Ronin - bruin,","url":"https:\/\/hidalgo.nl\/en\/product\/7609\/abs-air-humidifier-ronin-printed-wood-look-led-25m2\/","sku":"A58-1015143-011999999","gtin":"8719446064171","image":{"@type":"ImageObject","url":"https:\/\/shop.hidalgo.nl\/wp-content\/uploads\/2025\/05\/39f57b251e9e3e3259cd5d295e429c7bc6150d5ae9add5315bd4a20915988f03.jpg","@id":"https:\/\/hidalgo.nl\/en\/product\/7609\/abs-air-humidifier-ronin-printed-wood-look-led-25m2\/#productImage","width":1000,"height":994},"offers":{"@type":"Offer","url":"https:\/\/hidalgo.nl\/en\/product\/7609\/abs-air-humidifier-ronin-printed-wood-look-led-25m2\/#wooCommerceOffer","price":"8.6","priceCurrency":"EUR","category":"Promotionele Artikelen","availability":"https:\/\/schema.org\/InStock","priceSpecification":{"@type":"PriceSpecification","price":8.6,"priceCurrency":"EUR","valueAddedTaxIncluded":"true"}}}]},{"@type":"WebPage","@id":"https:\/\/hidalgo.nl\/en\/product\/7609\/abs-air-humidifier-ronin-printed-wood-look-led-25m2\/#webpage","url":"https:\/\/hidalgo.nl\/en\/product\/7609\/abs-air-humidifier-ronin-printed-wood-look-led-25m2\/","name":"ABS Air Humidifier Ronin Printed Wood Look LED 25m2","description":"Enhance your workspace climate with the Ronin, a stylish brown wood-look humidifier designed to improve well-being in rooms up to 25m2. You can easily personalize this functional office accessory with your own logo to create a memorable & health-focused promotional gift.","inLanguage":"en-US","isPartOf":{"@id":"https:\/\/hidalgo.nl\/en\/#website"},"breadcrumb":{"@id":"https:\/\/hidalgo.nl\/en\/product\/7609\/abs-air-humidifier-ronin-printed-wood-look-led-25m2\/#breadcrumblist"},"image":{"@type":"ImageObject","url":"https:\/\/shop.hidalgo.nl\/wp-content\/uploads\/2025\/05\/43ad5753a2c1b197b663513bee3350f592c19918e7934b6cbeac4fc69bef69f1.jpg","@id":"https:\/\/hidalgo.nl\/en\/product\/7609\/abs-air-humidifier-ronin-printed-wood-look-led-25m2\/#mainImage","width":946,"height":1000},"primaryImageOfPage":{"@id":"https:\/\/hidalgo.nl\/en\/product\/7609\/abs-air-humidifier-ronin-printed-wood-look-led-25m2\/#mainImage"},"datePublished":"2025-07-03T09:39:10+00:00","dateModified":"2026-03-15T08:36:59+00:00"},{"@type":"WebSite","@id":"https:\/\/hidalgo.nl\/en\/#website","url":"https:\/\/hidalgo.nl\/en\/","name":"Hidalgo","inLanguage":"en-US","publisher":{"@id":"https:\/\/hidalgo.nl\/en\/#organization"}}]},"og:locale":"en_US","og:site_name":"Hidalgo -","og:type":"article","og:title":"ABS Air Humidifier Ronin Printed Wood Look LED 25m2","og:description":"Enhance your workspace climate with the Ronin, a stylish brown wood-look humidifier designed to improve well-being in rooms up to 25m2. You can easily personalize this functional office accessory with your own logo to create a memorable &amp; health-focused promotional gift.","og:url":"https:\/\/hidalgo.nl\/en\/wp-json\/wp\/v2\/product\/7609","og:image":"https:\/\/shop.hidalgo.nl\/wp-content\/uploads\/2025\/11\/cropped-Hidalgo-est1993.png","og:image:secure_url":"https:\/\/shop.hidalgo.nl\/wp-content\/uploads\/2025\/11\/cropped-Hidalgo-est1993.png","article:published_time":"2025-07-03T09:39:10+00:00","article:modified_time":"2026-03-15T08:36:59+00:00","twitter:card":"summary_large_image","twitter:title":"ABS Air Humidifier Ronin Printed Wood Look LED 25m2","twitter:description":"Enhance your workspace climate with the Ronin, a stylish brown wood-look humidifier designed to improve well-being in rooms up to 25m2. You can easily personalize this functional office accessory with your own logo to create a memorable &amp; health-focused promotional gift.","twitter:image":"https:\/\/shop.hidalgo.nl\/wp-content\/uploads\/2025\/11\/cropped-Hidalgo-est1993.png"},"aioseo_meta_data":{"post_id":"7609","title":null,"description":null,"keywords":null,"keyphrases":null,"primary_term":null,"canonical_url":null,"og_title":null,"og_description":null,"og_object_type":"default","og_image_type":"default","og_image_url":null,"og_image_width":null,"og_image_height":null,"og_image_custom_url":null,"og_image_custom_fields":null,"og_video":null,"og_custom_url":null,"og_article_section":null,"og_article_tags":null,"twitter_use_og":false,"twitter_card":"default","twitter_image_type":"default","twitter_image_url":null,"twitter_image_custom_url":null,"twitter_image_custom_fields":null,"twitter_title":null,"twitter_description":null,"schema":{"blockGraphs":[],"customGraphs":[],"default":{"data":{"Article":[],"Course":[],"Dataset":[],"FAQPage":[],"Movie":[],"Person":[],"Product":[],"ProductReview":[],"Car":[],"Recipe":[],"Service":[],"SoftwareApplication":[],"WebPage":[]},"graphName":"","isEnabled":true},"graphs":[]},"schema_type":"default","schema_type_options":null,"pillar_content":false,"robots_default":true,"robots_noindex":false,"robots_noarchive":false,"robots_nosnippet":false,"robots_nofollow":false,"robots_noimageindex":false,"robots_noodp":false,"robots_notranslate":false,"robots_max_snippet":null,"robots_max_videopreview":null,"robots_max_imagepreview":"large","priority":null,"frequency":null,"local_seo":null,"seo_analyzer_scan_date":"2026-02-03 15:59:37","breadcrumb_settings":null,"limit_modified_date":false,"reviewed_by":null,"open_ai":null,"ai":null,"created":"2026-01-14 06:17:37","updated":"2026-04-23 12:11:36"},"aioseo_breadcrumb":"<div class=\"aioseo-breadcrumbs\"><span class=\"aioseo-breadcrumb\">\n\t<a href=\"https:\/\/hidalgo.nl\/en\/\" title=\"Home\">Home<\/a>\n<\/span><span class=\"aioseo-breadcrumb-separator\">\u00bb<\/span><span class=\"aioseo-breadcrumb\">\n\t<a href=\"https:\/\/hidalgo.nl\/example\/\" title=\"example\">example<\/a>\n<\/span><span class=\"aioseo-breadcrumb-separator\">\u00bb<\/span><span class=\"aioseo-breadcrumb\">\n\t<a href=\"https:\/\/hidalgo.nl\/en\/product-supplier\/a58\/\" title=\"A58\">A58<\/a>\n<\/span><span class=\"aioseo-breadcrumb-separator\">\u00bb<\/span><span class=\"aioseo-breadcrumb\">\n\tABS luchtbevochtiger Ronin\n<\/span><\/div>","aioseo_breadcrumb_json":[{"label":"Home","link":"https:\/\/hidalgo.nl\/en\/"},{"label":"example","link":"https:\/\/hidalgo.nl\/example\/"},{"label":"A58","link":"https:\/\/hidalgo.nl\/en\/product-supplier\/a58\/"},{"label":"ABS luchtbevochtiger Ronin","link":"https:\/\/hidalgo.nl\/en\/product\/7609\/abs-air-humidifier-ronin-printed-wood-look-led-25m2\/"}],"_links":{"self":[{"href":"https:\/\/hidalgo.nl\/en\/wp-json\/wp\/v2\/product\/7609","targetHints":{"allow":["GET"]}}],"collection":[{"href":"https:\/\/hidalgo.nl\/en\/wp-json\/wp\/v2\/product"}],"about":[{"href":"https:\/\/hidalgo.nl\/en\/wp-json\/wp\/v2\/types\/product"}],"wp:featuredmedia":[{"embeddable":true,"href":"https:\/\/hidalgo.nl\/en\/wp-json\/wp\/v2\/media\/7610"}],"wp:attachment":[{"href":"https:\/\/hidalgo.nl\/en\/wp-json\/wp\/v2\/media?parent=7609"}],"wp:term":[{"taxonomy":"product_brand","embeddable":true,"href":"https:\/\/hidalgo.nl\/en\/wp-json\/wp\/v2\/product_brand?post=7609"},{"taxonomy":"product_cat","embeddable":true,"href":"https:\/\/hidalgo.nl\/en\/wp-json\/wp\/v2\/product_cat?post=7609"},{"taxonomy":"product_tag","embeddable":true,"href":"https:\/\/hidalgo.nl\/en\/wp-json\/wp\/v2\/product_tag?post=7609"}],"curies":[{"name":"wp","href":"https:\/\/api.w.org\/{rel}","templated":true}]}}