{"id":7592,"date":"2025-07-03T09:39:02","date_gmt":"2025-07-03T09:39:02","guid":{"rendered":"http:\/\/bidonsenshakers.pim.hidalgo.nl\/product\/rvs-sleutelhanger-landry\/"},"modified":"2026-03-15T08:35:17","modified_gmt":"2026-03-15T08:35:17","slug":"rvs-sleutelhanger-landry","status":"publish","type":"product","link":"https:\/\/hidalgo.nl\/en\/product\/7592\/3-in-1-charging-cable-landry-custom-steel-wheat-straw-small\/","title":{"rendered":"RVS sleutelhanger Landry"},"content":{"rendered":"<p>RVS sleutelhanger met oplaadkabel. Kurkenkabel- en tarwestro-aansluitingen. 3 kabels, \u00e9\u00e9n USB-A\/C, \u00e9\u00e9n Lightning, \u00e9\u00e9n USB-C. Individueel verpakt in een bruin kartonnen zakje.<\/p>\n","protected":false},"excerpt":{"rendered":"<p>RVS sleutelhanger met oplaadkabel. Kurkenkabel- en tarwestro-aansluitingen. 3 kabels, \u00e9\u00e9n USB-A\/C, \u00e9\u00e9n Lightning, \u00e9\u00e9n USB-C. Individueel verpakt in een bruin kartonnen zakje.<\/p>\n","protected":false},"featured_media":7593,"template":"","meta":{"_acf_changed":false,"om_disable_all_campaigns":false,"_monsterinsights_skip_tracking":false,"_monsterinsights_sitenote_active":false,"_monsterinsights_sitenote_note":"","_monsterinsights_sitenote_category":0},"product_brand":[49],"product_cat":[4720,4724,4719],"product_tag":[],"class_list":{"0":"post-7592","1":"product","2":"type-product","3":"status-publish","4":"has-post-thumbnail","6":"product_supplier-a58","7":"product_material-abs","8":"product_material-kurk","9":"product_material-papier","10":"product_material-pp","11":"product_material-rvs","12":"product_material-silicone","13":"product_material-tarwestro","14":"product_brand-impression","15":"product_cat-promotionele-artikelen-elektronica-en-gadgets","16":"product_cat-promotionele-artikelen-elektronica-en-gadgets-kabels-en-opladers","17":"product_cat-promotionele-artikelen","18":"entry","20":"first","21":"instock","22":"taxable","23":"shipping-taxable","24":"purchasable","25":"product-type-variable"},"acf":{"imprint_cost":[{"imprint_cost_key":"c411e7eb60069f06aeb3922f23aeeba7f10f9a18","product_quantity_price_range":[{"imprint_cost_recommended_selling_price":"2.66","imprint_cost_recommended_selling_quantity":"1"},{"imprint_cost_recommended_selling_price":"1.63","imprint_cost_recommended_selling_quantity":"25"},{"imprint_cost_recommended_selling_price":"1.22","imprint_cost_recommended_selling_quantity":"50"},{"imprint_cost_recommended_selling_price":"0.88","imprint_cost_recommended_selling_quantity":"100"},{"imprint_cost_recommended_selling_price":"0.52","imprint_cost_recommended_selling_quantity":"250"},{"imprint_cost_recommended_selling_price":"0.43","imprint_cost_recommended_selling_quantity":"500"},{"imprint_cost_recommended_selling_price":"0.37","imprint_cost_recommended_selling_quantity":"1000"},{"imprint_cost_recommended_selling_price":"0.29","imprint_cost_recommended_selling_quantity":"2500"}],"product_quantity_price_range_buying":false,"imprint_cost_setup_costs":"30.77","imprint_cost_handling_costs":"0.2"},{"imprint_cost_key":"049284419d430987a3a144d35016eecffb9356fd","product_quantity_price_range":[{"imprint_cost_recommended_selling_price":"5.43","imprint_cost_recommended_selling_quantity":"1"},{"imprint_cost_recommended_selling_price":"2.83","imprint_cost_recommended_selling_quantity":"25"},{"imprint_cost_recommended_selling_price":"1.29","imprint_cost_recommended_selling_quantity":"50"},{"imprint_cost_recommended_selling_price":"0.49","imprint_cost_recommended_selling_quantity":"100"},{"imprint_cost_recommended_selling_price":"0.35","imprint_cost_recommended_selling_quantity":"250"},{"imprint_cost_recommended_selling_price":"0.28","imprint_cost_recommended_selling_quantity":"500"},{"imprint_cost_recommended_selling_price":"0.2","imprint_cost_recommended_selling_quantity":"1000"},{"imprint_cost_recommended_selling_price":"0.18","imprint_cost_recommended_selling_quantity":"5000"}],"product_quantity_price_range_buying":false,"imprint_cost_setup_costs":"52.31","imprint_cost_handling_costs":"0.2"},{"imprint_cost_key":"af8be9408c78f3c3cfa608f52aea2180df8b1b7d","product_quantity_price_range":[{"imprint_cost_recommended_selling_price":"10.26","imprint_cost_recommended_selling_quantity":"1"},{"imprint_cost_recommended_selling_price":"5.35","imprint_cost_recommended_selling_quantity":"25"},{"imprint_cost_recommended_selling_price":"2.4","imprint_cost_recommended_selling_quantity":"50"},{"imprint_cost_recommended_selling_price":"0.84","imprint_cost_recommended_selling_quantity":"100"},{"imprint_cost_recommended_selling_price":"0.63","imprint_cost_recommended_selling_quantity":"250"},{"imprint_cost_recommended_selling_price":"0.53","imprint_cost_recommended_selling_quantity":"500"},{"imprint_cost_recommended_selling_price":"0.38","imprint_cost_recommended_selling_quantity":"1000"},{"imprint_cost_recommended_selling_price":"0.35","imprint_cost_recommended_selling_quantity":"5000"},{"imprint_cost_recommended_selling_price":"0.32","imprint_cost_recommended_selling_quantity":"10000"}],"product_quantity_price_range_buying":false,"imprint_cost_setup_costs":"104.62","imprint_cost_handling_costs":"0.2"},{"imprint_cost_key":"61eb247b95d7a91a3e637a343788e5e11a1bda1d","product_quantity_price_range":[{"imprint_cost_recommended_selling_price":"5.43","imprint_cost_recommended_selling_quantity":"1"},{"imprint_cost_recommended_selling_price":"2.83","imprint_cost_recommended_selling_quantity":"25"},{"imprint_cost_recommended_selling_price":"1.29","imprint_cost_recommended_selling_quantity":"50"},{"imprint_cost_recommended_selling_price":"0.49","imprint_cost_recommended_selling_quantity":"100"},{"imprint_cost_recommended_selling_price":"0.35","imprint_cost_recommended_selling_quantity":"250"},{"imprint_cost_recommended_selling_price":"0.28","imprint_cost_recommended_selling_quantity":"500"},{"imprint_cost_recommended_selling_price":"0.2","imprint_cost_recommended_selling_quantity":"1000"},{"imprint_cost_recommended_selling_price":"0.18","imprint_cost_recommended_selling_quantity":"5000"}],"product_quantity_price_range_buying":false,"imprint_cost_setup_costs":"52.31","imprint_cost_handling_costs":"0.2"}]},"aioseo_notices":[],"aioseo_head":"\n\t\t<!-- All in One SEO Pro 4.9.6.2 - aioseo.com -->\n\t<meta name=\"description\" content=\"You can stay connected effortlessly with this versatile 3-in-1 charging cable integrated into a robust design. Have your logo laser engraved by Hidalgo to create a professional corporate gift that combines sustainable wheat straw materials &amp; daily utility for your mobile lifestyle.\" \/>\n\t<meta name=\"robots\" content=\"max-image-preview:large\" \/>\n\t<link rel=\"canonical\" href=\"https:\/\/hidalgo.nl\/en\/wp-json\/wp\/v2\/product\/7592\" \/>\n\t<meta name=\"generator\" content=\"All in One SEO Pro (AIOSEO) 4.9.6.2\" \/>\n\t\t<meta property=\"og:locale\" content=\"en_US\" \/>\n\t\t<meta property=\"og:site_name\" content=\"Hidalgo -\" \/>\n\t\t<meta property=\"og:type\" content=\"article\" \/>\n\t\t<meta property=\"og:title\" content=\"3-in-1 Charging Cable Landry Custom Steel Wheat Straw Small\" \/>\n\t\t<meta property=\"og:description\" content=\"You can stay connected effortlessly with this versatile 3-in-1 charging cable integrated into a robust design. Have your logo laser engraved by Hidalgo to create a professional corporate gift that combines sustainable wheat straw materials &amp; daily utility for your mobile lifestyle.\" \/>\n\t\t<meta property=\"og:url\" content=\"https:\/\/hidalgo.nl\/en\/wp-json\/wp\/v2\/product\/7592\" \/>\n\t\t<meta property=\"og:image\" content=\"https:\/\/shop.hidalgo.nl\/wp-content\/uploads\/2025\/11\/cropped-Hidalgo-est1993.png\" \/>\n\t\t<meta property=\"og:image:secure_url\" content=\"https:\/\/shop.hidalgo.nl\/wp-content\/uploads\/2025\/11\/cropped-Hidalgo-est1993.png\" \/>\n\t\t<meta property=\"article:published_time\" content=\"2025-07-03T09:39:02+00:00\" \/>\n\t\t<meta property=\"article:modified_time\" content=\"2026-03-15T08:35:17+00:00\" \/>\n\t\t<meta name=\"twitter:card\" content=\"summary_large_image\" \/>\n\t\t<meta name=\"twitter:title\" content=\"3-in-1 Charging Cable Landry Custom Steel Wheat Straw Small\" \/>\n\t\t<meta name=\"twitter:description\" content=\"You can stay connected effortlessly with this versatile 3-in-1 charging cable integrated into a robust design. Have your logo laser engraved by Hidalgo to create a professional corporate gift that combines sustainable wheat straw materials &amp; daily utility for your mobile lifestyle.\" \/>\n\t\t<meta name=\"twitter:image\" content=\"https:\/\/shop.hidalgo.nl\/wp-content\/uploads\/2025\/11\/cropped-Hidalgo-est1993.png\" \/>\n\t\t<script type=\"application\/ld+json\" class=\"aioseo-schema\">\n\t\t\t{\"@context\":\"https:\\\/\\\/schema.org\",\"@graph\":[{\"@type\":\"BreadcrumbList\",\"@id\":\"https:\\\/\\\/hidalgo.nl\\\/en\\\/product\\\/7592\\\/3-in-1-charging-cable-landry-custom-steel-wheat-straw-small\\\/#breadcrumblist\",\"itemListElement\":[{\"@type\":\"ListItem\",\"@id\":\"https:\\\/\\\/hidalgo.nl\\\/en\\\/#listItem\",\"position\":1,\"name\":\"Home\",\"item\":\"https:\\\/\\\/hidalgo.nl\\\/en\\\/\",\"nextItem\":{\"@type\":\"ListItem\",\"@id\":\"https:\\\/\\\/hidalgo.nl\\\/example\\\/#listItem\",\"name\":\"example\"}},{\"@type\":\"ListItem\",\"@id\":\"https:\\\/\\\/hidalgo.nl\\\/example\\\/#listItem\",\"position\":2,\"name\":\"example\",\"item\":\"https:\\\/\\\/hidalgo.nl\\\/example\\\/\",\"nextItem\":{\"@type\":\"ListItem\",\"@id\":\"https:\\\/\\\/hidalgo.nl\\\/en\\\/product-supplier\\\/a58\\\/#listItem\",\"name\":\"A58\"},\"previousItem\":{\"@type\":\"ListItem\",\"@id\":\"https:\\\/\\\/hidalgo.nl\\\/en\\\/#listItem\",\"name\":\"Home\"}},{\"@type\":\"ListItem\",\"@id\":\"https:\\\/\\\/hidalgo.nl\\\/en\\\/product-supplier\\\/a58\\\/#listItem\",\"position\":3,\"name\":\"A58\",\"item\":\"https:\\\/\\\/hidalgo.nl\\\/en\\\/product-supplier\\\/a58\\\/\",\"nextItem\":{\"@type\":\"ListItem\",\"@id\":\"https:\\\/\\\/hidalgo.nl\\\/en\\\/product\\\/7592\\\/3-in-1-charging-cable-landry-custom-steel-wheat-straw-small\\\/#listItem\",\"name\":\"RVS sleutelhanger Landry\"},\"previousItem\":{\"@type\":\"ListItem\",\"@id\":\"https:\\\/\\\/hidalgo.nl\\\/example\\\/#listItem\",\"name\":\"example\"}},{\"@type\":\"ListItem\",\"@id\":\"https:\\\/\\\/hidalgo.nl\\\/en\\\/product\\\/7592\\\/3-in-1-charging-cable-landry-custom-steel-wheat-straw-small\\\/#listItem\",\"position\":4,\"name\":\"RVS sleutelhanger Landry\",\"previousItem\":{\"@type\":\"ListItem\",\"@id\":\"https:\\\/\\\/hidalgo.nl\\\/en\\\/product-supplier\\\/a58\\\/#listItem\",\"name\":\"A58\"}}]},{\"@type\":\"Organization\",\"@id\":\"https:\\\/\\\/hidalgo.nl\\\/en\\\/#organization\",\"name\":\"Hidalgo\",\"url\":\"https:\\\/\\\/hidalgo.nl\\\/en\\\/\",\"logo\":{\"@type\":\"ImageObject\",\"url\":\"https:\\\/\\\/shop.hidalgo.nl\\\/wp-content\\\/uploads\\\/2025\\\/11\\\/cropped-Hidalgo-est1993.png\",\"@id\":\"https:\\\/\\\/hidalgo.nl\\\/en\\\/product\\\/7592\\\/3-in-1-charging-cable-landry-custom-steel-wheat-straw-small\\\/#organizationLogo\",\"width\":585,\"height\":195},\"image\":{\"@id\":\"https:\\\/\\\/hidalgo.nl\\\/en\\\/product\\\/7592\\\/3-in-1-charging-cable-landry-custom-steel-wheat-straw-small\\\/#organizationLogo\"}},{\"@type\":\"ProductGroup\",\"@id\":\"https:\\\/\\\/hidalgo.nl\\\/en\\\/product\\\/7592\\\/3-in-1-charging-cable-landry-custom-steel-wheat-straw-small\\\/#wooCommerceProduct\",\"name\":\"3-in-1 Charging Cable Landry Custom Steel Wheat Straw Small\",\"url\":\"https:\\\/\\\/hidalgo.nl\\\/en\\\/product\\\/7592\\\/3-in-1-charging-cable-landry-custom-steel-wheat-straw-small\\\/\",\"brand\":{\"@type\":\"Brand\",\"name\":\"IMPRESSION\"},\"sku\":\"A58-1015139\",\"image\":{\"@type\":\"ImageObject\",\"url\":\"https:\\\/\\\/shop.hidalgo.nl\\\/wp-content\\\/uploads\\\/2025\\\/05\\\/eb9d9817bf816388b48d184aaa99e1b622a383d94ca291169333fdc9813e0299.jpg\",\"@id\":\"https:\\\/\\\/hidalgo.nl\\\/en\\\/product\\\/7592\\\/3-in-1-charging-cable-landry-custom-steel-wheat-straw-small\\\/#productImage\",\"width\":428,\"height\":1000},\"productGroupID\":7592,\"hasVariant\":[{\"@type\":\"Product\",\"@id\":\"https:\\\/\\\/hidalgo.nl\\\/en\\\/product\\\/7592\\\/3-in-1-charging-cable-landry-custom-steel-wheat-straw-small\\\/#wooCommerceProduct\",\"name\":\"RVS sleutelhanger Landry - bruin,\",\"url\":\"https:\\\/\\\/hidalgo.nl\\\/en\\\/product\\\/7592\\\/3-in-1-charging-cable-landry-custom-steel-wheat-straw-small\\\/\",\"sku\":\"A58-1015139-011999999\",\"image\":{\"@type\":\"ImageObject\",\"url\":\"https:\\\/\\\/shop.hidalgo.nl\\\/wp-content\\\/uploads\\\/2025\\\/05\\\/eb9d9817bf816388b48d184aaa99e1b622a383d94ca291169333fdc9813e0299.jpg\",\"@id\":\"https:\\\/\\\/hidalgo.nl\\\/en\\\/product\\\/7592\\\/3-in-1-charging-cable-landry-custom-steel-wheat-straw-small\\\/#productImage\",\"width\":428,\"height\":1000},\"offers\":{\"@type\":\"Offer\",\"url\":\"https:\\\/\\\/hidalgo.nl\\\/en\\\/product\\\/7592\\\/3-in-1-charging-cable-landry-custom-steel-wheat-straw-small\\\/#wooCommerceOffer\",\"price\":\"4.43\",\"priceCurrency\":\"EUR\",\"category\":\"Promotionele Artikelen\",\"availability\":\"https:\\\/\\\/schema.org\\\/InStock\",\"priceSpecification\":{\"@type\":\"PriceSpecification\",\"price\":4.43,\"priceCurrency\":\"EUR\",\"valueAddedTaxIncluded\":\"true\"}}}]},{\"@type\":\"WebPage\",\"@id\":\"https:\\\/\\\/hidalgo.nl\\\/en\\\/product\\\/7592\\\/3-in-1-charging-cable-landry-custom-steel-wheat-straw-small\\\/#webpage\",\"url\":\"https:\\\/\\\/hidalgo.nl\\\/en\\\/product\\\/7592\\\/3-in-1-charging-cable-landry-custom-steel-wheat-straw-small\\\/\",\"name\":\"3-in-1 Charging Cable Landry Custom Steel Wheat Straw Small\",\"description\":\"You can stay connected effortlessly with this versatile 3-in-1 charging cable integrated into a robust design. Have your logo laser engraved by Hidalgo to create a professional corporate gift that combines sustainable wheat straw materials & daily utility for your mobile lifestyle.\",\"inLanguage\":\"en-US\",\"isPartOf\":{\"@id\":\"https:\\\/\\\/hidalgo.nl\\\/en\\\/#website\"},\"breadcrumb\":{\"@id\":\"https:\\\/\\\/hidalgo.nl\\\/en\\\/product\\\/7592\\\/3-in-1-charging-cable-landry-custom-steel-wheat-straw-small\\\/#breadcrumblist\"},\"image\":{\"@type\":\"ImageObject\",\"url\":\"https:\\\/\\\/shop.hidalgo.nl\\\/wp-content\\\/uploads\\\/2025\\\/05\\\/eb9d9817bf816388b48d184aaa99e1b622a383d94ca291169333fdc9813e0299.jpg\",\"@id\":\"https:\\\/\\\/hidalgo.nl\\\/en\\\/product\\\/7592\\\/3-in-1-charging-cable-landry-custom-steel-wheat-straw-small\\\/#mainImage\",\"width\":428,\"height\":1000},\"primaryImageOfPage\":{\"@id\":\"https:\\\/\\\/hidalgo.nl\\\/en\\\/product\\\/7592\\\/3-in-1-charging-cable-landry-custom-steel-wheat-straw-small\\\/#mainImage\"},\"datePublished\":\"2025-07-03T09:39:02+00:00\",\"dateModified\":\"2026-03-15T08:35:17+00:00\"},{\"@type\":\"WebSite\",\"@id\":\"https:\\\/\\\/hidalgo.nl\\\/en\\\/#website\",\"url\":\"https:\\\/\\\/hidalgo.nl\\\/en\\\/\",\"name\":\"Hidalgo\",\"inLanguage\":\"en-US\",\"publisher\":{\"@id\":\"https:\\\/\\\/hidalgo.nl\\\/en\\\/#organization\"}}]}\n\t\t<\/script>\n\t\t<!-- All in One SEO Pro -->\r\n\t\t<title>3-in-1 Charging Cable Landry Custom Steel Wheat Straw Small<\/title>\n\n","aioseo_head_json":{"title":"3-in-1 Charging Cable Landry Custom Steel Wheat Straw Small","description":"You can stay connected effortlessly with this versatile 3-in-1 charging cable integrated into a robust design. Have your logo laser engraved by Hidalgo to create a professional corporate gift that combines sustainable wheat straw materials & daily utility for your mobile lifestyle.","canonical_url":"https:\/\/hidalgo.nl\/en\/wp-json\/wp\/v2\/product\/7592","robots":"max-image-preview:large","keywords":"","webmasterTools":{"miscellaneous":""},"schema":{"@context":"https:\/\/schema.org","@graph":[{"@type":"BreadcrumbList","@id":"https:\/\/hidalgo.nl\/en\/product\/7592\/3-in-1-charging-cable-landry-custom-steel-wheat-straw-small\/#breadcrumblist","itemListElement":[{"@type":"ListItem","@id":"https:\/\/hidalgo.nl\/en\/#listItem","position":1,"name":"Home","item":"https:\/\/hidalgo.nl\/en\/","nextItem":{"@type":"ListItem","@id":"https:\/\/hidalgo.nl\/example\/#listItem","name":"example"}},{"@type":"ListItem","@id":"https:\/\/hidalgo.nl\/example\/#listItem","position":2,"name":"example","item":"https:\/\/hidalgo.nl\/example\/","nextItem":{"@type":"ListItem","@id":"https:\/\/hidalgo.nl\/en\/product-supplier\/a58\/#listItem","name":"A58"},"previousItem":{"@type":"ListItem","@id":"https:\/\/hidalgo.nl\/en\/#listItem","name":"Home"}},{"@type":"ListItem","@id":"https:\/\/hidalgo.nl\/en\/product-supplier\/a58\/#listItem","position":3,"name":"A58","item":"https:\/\/hidalgo.nl\/en\/product-supplier\/a58\/","nextItem":{"@type":"ListItem","@id":"https:\/\/hidalgo.nl\/en\/product\/7592\/3-in-1-charging-cable-landry-custom-steel-wheat-straw-small\/#listItem","name":"RVS sleutelhanger Landry"},"previousItem":{"@type":"ListItem","@id":"https:\/\/hidalgo.nl\/example\/#listItem","name":"example"}},{"@type":"ListItem","@id":"https:\/\/hidalgo.nl\/en\/product\/7592\/3-in-1-charging-cable-landry-custom-steel-wheat-straw-small\/#listItem","position":4,"name":"RVS sleutelhanger Landry","previousItem":{"@type":"ListItem","@id":"https:\/\/hidalgo.nl\/en\/product-supplier\/a58\/#listItem","name":"A58"}}]},{"@type":"Organization","@id":"https:\/\/hidalgo.nl\/en\/#organization","name":"Hidalgo","url":"https:\/\/hidalgo.nl\/en\/","logo":{"@type":"ImageObject","url":"https:\/\/shop.hidalgo.nl\/wp-content\/uploads\/2025\/11\/cropped-Hidalgo-est1993.png","@id":"https:\/\/hidalgo.nl\/en\/product\/7592\/3-in-1-charging-cable-landry-custom-steel-wheat-straw-small\/#organizationLogo","width":585,"height":195},"image":{"@id":"https:\/\/hidalgo.nl\/en\/product\/7592\/3-in-1-charging-cable-landry-custom-steel-wheat-straw-small\/#organizationLogo"}},{"@type":"ProductGroup","@id":"https:\/\/hidalgo.nl\/en\/product\/7592\/3-in-1-charging-cable-landry-custom-steel-wheat-straw-small\/#wooCommerceProduct","name":"3-in-1 Charging Cable Landry Custom Steel Wheat Straw Small","url":"https:\/\/hidalgo.nl\/en\/product\/7592\/3-in-1-charging-cable-landry-custom-steel-wheat-straw-small\/","brand":{"@type":"Brand","name":"IMPRESSION"},"sku":"A58-1015139","image":{"@type":"ImageObject","url":"https:\/\/shop.hidalgo.nl\/wp-content\/uploads\/2025\/05\/eb9d9817bf816388b48d184aaa99e1b622a383d94ca291169333fdc9813e0299.jpg","@id":"https:\/\/hidalgo.nl\/en\/product\/7592\/3-in-1-charging-cable-landry-custom-steel-wheat-straw-small\/#productImage","width":428,"height":1000},"productGroupID":7592,"hasVariant":[{"@type":"Product","@id":"https:\/\/hidalgo.nl\/en\/product\/7592\/3-in-1-charging-cable-landry-custom-steel-wheat-straw-small\/#wooCommerceProduct","name":"RVS sleutelhanger Landry - bruin,","url":"https:\/\/hidalgo.nl\/en\/product\/7592\/3-in-1-charging-cable-landry-custom-steel-wheat-straw-small\/","sku":"A58-1015139-011999999","image":{"@type":"ImageObject","url":"https:\/\/shop.hidalgo.nl\/wp-content\/uploads\/2025\/05\/eb9d9817bf816388b48d184aaa99e1b622a383d94ca291169333fdc9813e0299.jpg","@id":"https:\/\/hidalgo.nl\/en\/product\/7592\/3-in-1-charging-cable-landry-custom-steel-wheat-straw-small\/#productImage","width":428,"height":1000},"offers":{"@type":"Offer","url":"https:\/\/hidalgo.nl\/en\/product\/7592\/3-in-1-charging-cable-landry-custom-steel-wheat-straw-small\/#wooCommerceOffer","price":"4.43","priceCurrency":"EUR","category":"Promotionele Artikelen","availability":"https:\/\/schema.org\/InStock","priceSpecification":{"@type":"PriceSpecification","price":4.43,"priceCurrency":"EUR","valueAddedTaxIncluded":"true"}}}]},{"@type":"WebPage","@id":"https:\/\/hidalgo.nl\/en\/product\/7592\/3-in-1-charging-cable-landry-custom-steel-wheat-straw-small\/#webpage","url":"https:\/\/hidalgo.nl\/en\/product\/7592\/3-in-1-charging-cable-landry-custom-steel-wheat-straw-small\/","name":"3-in-1 Charging Cable Landry Custom Steel Wheat Straw Small","description":"You can stay connected effortlessly with this versatile 3-in-1 charging cable integrated into a robust design. Have your logo laser engraved by Hidalgo to create a professional corporate gift that combines sustainable wheat straw materials & daily utility for your mobile lifestyle.","inLanguage":"en-US","isPartOf":{"@id":"https:\/\/hidalgo.nl\/en\/#website"},"breadcrumb":{"@id":"https:\/\/hidalgo.nl\/en\/product\/7592\/3-in-1-charging-cable-landry-custom-steel-wheat-straw-small\/#breadcrumblist"},"image":{"@type":"ImageObject","url":"https:\/\/shop.hidalgo.nl\/wp-content\/uploads\/2025\/05\/eb9d9817bf816388b48d184aaa99e1b622a383d94ca291169333fdc9813e0299.jpg","@id":"https:\/\/hidalgo.nl\/en\/product\/7592\/3-in-1-charging-cable-landry-custom-steel-wheat-straw-small\/#mainImage","width":428,"height":1000},"primaryImageOfPage":{"@id":"https:\/\/hidalgo.nl\/en\/product\/7592\/3-in-1-charging-cable-landry-custom-steel-wheat-straw-small\/#mainImage"},"datePublished":"2025-07-03T09:39:02+00:00","dateModified":"2026-03-15T08:35:17+00:00"},{"@type":"WebSite","@id":"https:\/\/hidalgo.nl\/en\/#website","url":"https:\/\/hidalgo.nl\/en\/","name":"Hidalgo","inLanguage":"en-US","publisher":{"@id":"https:\/\/hidalgo.nl\/en\/#organization"}}]},"og:locale":"en_US","og:site_name":"Hidalgo -","og:type":"article","og:title":"3-in-1 Charging Cable Landry Custom Steel Wheat Straw Small","og:description":"You can stay connected effortlessly with this versatile 3-in-1 charging cable integrated into a robust design. Have your logo laser engraved by Hidalgo to create a professional corporate gift that combines sustainable wheat straw materials &amp; daily utility for your mobile lifestyle.","og:url":"https:\/\/hidalgo.nl\/en\/wp-json\/wp\/v2\/product\/7592","og:image":"https:\/\/shop.hidalgo.nl\/wp-content\/uploads\/2025\/11\/cropped-Hidalgo-est1993.png","og:image:secure_url":"https:\/\/shop.hidalgo.nl\/wp-content\/uploads\/2025\/11\/cropped-Hidalgo-est1993.png","article:published_time":"2025-07-03T09:39:02+00:00","article:modified_time":"2026-03-15T08:35:17+00:00","twitter:card":"summary_large_image","twitter:title":"3-in-1 Charging Cable Landry Custom Steel Wheat Straw Small","twitter:description":"You can stay connected effortlessly with this versatile 3-in-1 charging cable integrated into a robust design. Have your logo laser engraved by Hidalgo to create a professional corporate gift that combines sustainable wheat straw materials &amp; daily utility for your mobile lifestyle.","twitter:image":"https:\/\/shop.hidalgo.nl\/wp-content\/uploads\/2025\/11\/cropped-Hidalgo-est1993.png"},"aioseo_meta_data":{"post_id":"7592","title":null,"description":null,"keywords":null,"keyphrases":null,"primary_term":null,"canonical_url":null,"og_title":null,"og_description":null,"og_object_type":"default","og_image_type":"default","og_image_url":null,"og_image_width":null,"og_image_height":null,"og_image_custom_url":null,"og_image_custom_fields":null,"og_video":null,"og_custom_url":null,"og_article_section":null,"og_article_tags":null,"twitter_use_og":false,"twitter_card":"default","twitter_image_type":"default","twitter_image_url":null,"twitter_image_custom_url":null,"twitter_image_custom_fields":null,"twitter_title":null,"twitter_description":null,"schema":{"blockGraphs":[],"customGraphs":[],"default":{"data":{"Article":[],"Course":[],"Dataset":[],"FAQPage":[],"Movie":[],"Person":[],"Product":[],"ProductReview":[],"Car":[],"Recipe":[],"Service":[],"SoftwareApplication":[],"WebPage":[]},"graphName":"","isEnabled":true},"graphs":[]},"schema_type":"default","schema_type_options":null,"pillar_content":false,"robots_default":true,"robots_noindex":false,"robots_noarchive":false,"robots_nosnippet":false,"robots_nofollow":false,"robots_noimageindex":false,"robots_noodp":false,"robots_notranslate":false,"robots_max_snippet":null,"robots_max_videopreview":null,"robots_max_imagepreview":"large","priority":null,"frequency":null,"local_seo":null,"seo_analyzer_scan_date":"2026-01-20 09:28:15","breadcrumb_settings":null,"limit_modified_date":false,"reviewed_by":null,"open_ai":null,"ai":null,"created":"2026-01-14 06:17:37","updated":"2026-04-22 15:46:52"},"aioseo_breadcrumb":"<div class=\"aioseo-breadcrumbs\"><span class=\"aioseo-breadcrumb\">\n\t<a href=\"https:\/\/hidalgo.nl\/en\/\" title=\"Home\">Home<\/a>\n<\/span><span class=\"aioseo-breadcrumb-separator\">\u00bb<\/span><span class=\"aioseo-breadcrumb\">\n\t<a href=\"https:\/\/hidalgo.nl\/example\/\" title=\"example\">example<\/a>\n<\/span><span class=\"aioseo-breadcrumb-separator\">\u00bb<\/span><span class=\"aioseo-breadcrumb\">\n\t<a href=\"https:\/\/hidalgo.nl\/en\/product-supplier\/a58\/\" title=\"A58\">A58<\/a>\n<\/span><span class=\"aioseo-breadcrumb-separator\">\u00bb<\/span><span class=\"aioseo-breadcrumb\">\n\tRVS sleutelhanger Landry\n<\/span><\/div>","aioseo_breadcrumb_json":[{"label":"Home","link":"https:\/\/hidalgo.nl\/en\/"},{"label":"example","link":"https:\/\/hidalgo.nl\/example\/"},{"label":"A58","link":"https:\/\/hidalgo.nl\/en\/product-supplier\/a58\/"},{"label":"RVS sleutelhanger Landry","link":"https:\/\/hidalgo.nl\/en\/product\/7592\/3-in-1-charging-cable-landry-custom-steel-wheat-straw-small\/"}],"_links":{"self":[{"href":"https:\/\/hidalgo.nl\/en\/wp-json\/wp\/v2\/product\/7592","targetHints":{"allow":["GET"]}}],"collection":[{"href":"https:\/\/hidalgo.nl\/en\/wp-json\/wp\/v2\/product"}],"about":[{"href":"https:\/\/hidalgo.nl\/en\/wp-json\/wp\/v2\/types\/product"}],"wp:featuredmedia":[{"embeddable":true,"href":"https:\/\/hidalgo.nl\/en\/wp-json\/wp\/v2\/media\/7593"}],"wp:attachment":[{"href":"https:\/\/hidalgo.nl\/en\/wp-json\/wp\/v2\/media?parent=7592"}],"wp:term":[{"taxonomy":"product_brand","embeddable":true,"href":"https:\/\/hidalgo.nl\/en\/wp-json\/wp\/v2\/product_brand?post=7592"},{"taxonomy":"product_cat","embeddable":true,"href":"https:\/\/hidalgo.nl\/en\/wp-json\/wp\/v2\/product_cat?post=7592"},{"taxonomy":"product_tag","embeddable":true,"href":"https:\/\/hidalgo.nl\/en\/wp-json\/wp\/v2\/product_tag?post=7592"}],"curies":[{"name":"wp","href":"https:\/\/api.w.org\/{rel}","templated":true}]}}