{"id":9943,"date":"2025-07-03T10:08:57","date_gmt":"2025-07-03T10:08:57","guid":{"rendered":"http:\/\/bidonsenshakers.pim.hidalgo.nl\/product\/zinklegering-cijferhangslot-april\/"},"modified":"2026-03-16T00:22:16","modified_gmt":"2026-03-16T00:22:16","slug":"zinklegering-cijferhangslot-april","status":"publish","type":"product","link":"https:\/\/hidalgo.nl\/de\/product\/9943\/zahlenschloss-april-bedrucken-3-stellig-karabiner-zink-6cm\/","title":{"rendered":"Zinklegering cijferhangslot April"},"content":{"rendered":"<p>Zinklegering cijferhangslot met karabijnhaak. Instructies inbegrepen. Per stuk verpakt in een wit doosje.<\/p>\n","protected":false},"excerpt":{"rendered":"<p>Zinklegering cijferhangslot met karabijnhaak. Instructies inbegrepen. Per stuk verpakt in een wit doosje.<\/p>\n","protected":false},"featured_media":9944,"template":"","meta":{"_acf_changed":false,"om_disable_all_campaigns":false,"_monsterinsights_skip_tracking":false,"_monsterinsights_sitenote_active":false,"_monsterinsights_sitenote_note":"","_monsterinsights_sitenote_category":0},"product_brand":[49],"product_cat":[4719,4853,4774],"product_tag":[],"class_list":{"0":"post-9943","1":"product","2":"type-product","3":"status-publish","4":"has-post-thumbnail","6":"product_supplier-a58","7":"product_material-zinken-legering","8":"product_brand-impression","9":"product_cat-promotionele-artikelen","10":"product_cat-reis-accessoires","11":"product_cat-promotionele-artikelen-vrije-tijd","12":"entry","14":"first","15":"instock","16":"taxable","17":"shipping-taxable","18":"purchasable","19":"product-type-variable"},"acf":{"imprint_cost":[{"imprint_cost_key":"287b1a902341a55d081db6e810bef84868751c83","product_quantity_price_range":[{"imprint_cost_recommended_selling_price":"2.15","imprint_cost_recommended_selling_quantity":"1"},{"imprint_cost_recommended_selling_price":"1.42","imprint_cost_recommended_selling_quantity":"25"},{"imprint_cost_recommended_selling_price":"1.02","imprint_cost_recommended_selling_quantity":"50"},{"imprint_cost_recommended_selling_price":"0.65","imprint_cost_recommended_selling_quantity":"100"},{"imprint_cost_recommended_selling_price":"0.51","imprint_cost_recommended_selling_quantity":"250"},{"imprint_cost_recommended_selling_price":"0.42","imprint_cost_recommended_selling_quantity":"500"},{"imprint_cost_recommended_selling_price":"0.34","imprint_cost_recommended_selling_quantity":"1000"},{"imprint_cost_recommended_selling_price":"0.28","imprint_cost_recommended_selling_quantity":"2500"},{"imprint_cost_recommended_selling_price":"0.25","imprint_cost_recommended_selling_quantity":"5000"},{"imprint_cost_recommended_selling_price":"0.23","imprint_cost_recommended_selling_quantity":"10000"}],"product_quantity_price_range_buying":false,"imprint_cost_setup_costs":"30.77","imprint_cost_handling_costs":"0.2"}]},"aioseo_notices":[],"aioseo_head":"\n\t\t<!-- All in One SEO Pro 4.9.6.2 - aioseo.com -->\n\t<meta name=\"description\" content=\"Sichere deine Taschen und Koffer unterwegs zuverl\u00e4ssig ab. Das Modell April l\u00e4sst sich bei Hidalgo individuell bedrucken und bietet dir schl\u00fcssellose Sicherheit durch eine robuste Zinklegierung. Wenn du ein langlebiges Codeschloss mit Logo suchst, ist dieses Karabiner Zahlenschloss der ideale Begleiter.\" \/>\n\t<meta name=\"robots\" content=\"max-image-preview:large\" \/>\n\t<link rel=\"canonical\" href=\"https:\/\/hidalgo.nl\/de\/wp-json\/wp\/v2\/product\/9943\" \/>\n\t<meta name=\"generator\" content=\"All in One SEO Pro (AIOSEO) 4.9.6.2\" \/>\n\t\t<meta property=\"og:locale\" content=\"de_DE\" \/>\n\t\t<meta property=\"og:site_name\" content=\"Hidalgo -\" \/>\n\t\t<meta property=\"og:type\" content=\"article\" \/>\n\t\t<meta property=\"og:title\" content=\"Zahlenschloss April bedrucken 3-stellig Karabiner Zink 6cm\" \/>\n\t\t<meta property=\"og:description\" content=\"Sichere deine Taschen und Koffer unterwegs zuverl\u00e4ssig ab. Das Modell April l\u00e4sst sich bei Hidalgo individuell bedrucken und bietet dir schl\u00fcssellose Sicherheit durch eine robuste Zinklegierung. Wenn du ein langlebiges Codeschloss mit Logo suchst, ist dieses Karabiner Zahlenschloss der ideale Begleiter.\" \/>\n\t\t<meta property=\"og:url\" content=\"https:\/\/hidalgo.nl\/de\/wp-json\/wp\/v2\/product\/9943\" \/>\n\t\t<meta property=\"og:image\" content=\"https:\/\/shop.hidalgo.nl\/wp-content\/uploads\/2025\/11\/cropped-Hidalgo-est1993.png\" \/>\n\t\t<meta property=\"og:image:secure_url\" content=\"https:\/\/shop.hidalgo.nl\/wp-content\/uploads\/2025\/11\/cropped-Hidalgo-est1993.png\" \/>\n\t\t<meta property=\"article:published_time\" content=\"2025-07-03T10:08:57+00:00\" \/>\n\t\t<meta property=\"article:modified_time\" content=\"2026-03-16T00:22:16+00:00\" \/>\n\t\t<meta name=\"twitter:card\" content=\"summary_large_image\" \/>\n\t\t<meta name=\"twitter:title\" content=\"Zahlenschloss April bedrucken 3-stellig Karabiner Zink 6cm\" \/>\n\t\t<meta name=\"twitter:description\" content=\"Sichere deine Taschen und Koffer unterwegs zuverl\u00e4ssig ab. Das Modell April l\u00e4sst sich bei Hidalgo individuell bedrucken und bietet dir schl\u00fcssellose Sicherheit durch eine robuste Zinklegierung. Wenn du ein langlebiges Codeschloss mit Logo suchst, ist dieses Karabiner Zahlenschloss der ideale Begleiter.\" \/>\n\t\t<meta name=\"twitter:image\" content=\"https:\/\/shop.hidalgo.nl\/wp-content\/uploads\/2025\/11\/cropped-Hidalgo-est1993.png\" \/>\n\t\t<script type=\"application\/ld+json\" class=\"aioseo-schema\">\n\t\t\t{\"@context\":\"https:\\\/\\\/schema.org\",\"@graph\":[{\"@type\":\"BreadcrumbList\",\"@id\":\"https:\\\/\\\/hidalgo.nl\\\/de\\\/product\\\/9943\\\/zahlenschloss-april-bedrucken-3-stellig-karabiner-zink-6cm\\\/#breadcrumblist\",\"itemListElement\":[{\"@type\":\"ListItem\",\"@id\":\"https:\\\/\\\/hidalgo.nl\\\/de\\\/#listItem\",\"position\":1,\"name\":\"Home\",\"item\":\"https:\\\/\\\/hidalgo.nl\\\/de\\\/\",\"nextItem\":{\"@type\":\"ListItem\",\"@id\":\"https:\\\/\\\/hidalgo.nl\\\/example\\\/#listItem\",\"name\":\"example\"}},{\"@type\":\"ListItem\",\"@id\":\"https:\\\/\\\/hidalgo.nl\\\/example\\\/#listItem\",\"position\":2,\"name\":\"example\",\"item\":\"https:\\\/\\\/hidalgo.nl\\\/example\\\/\",\"nextItem\":{\"@type\":\"ListItem\",\"@id\":\"https:\\\/\\\/hidalgo.nl\\\/en\\\/product-supplier\\\/a58\\\/#listItem\",\"name\":\"A58\"},\"previousItem\":{\"@type\":\"ListItem\",\"@id\":\"https:\\\/\\\/hidalgo.nl\\\/de\\\/#listItem\",\"name\":\"Home\"}},{\"@type\":\"ListItem\",\"@id\":\"https:\\\/\\\/hidalgo.nl\\\/en\\\/product-supplier\\\/a58\\\/#listItem\",\"position\":3,\"name\":\"A58\",\"item\":\"https:\\\/\\\/hidalgo.nl\\\/en\\\/product-supplier\\\/a58\\\/\",\"nextItem\":{\"@type\":\"ListItem\",\"@id\":\"https:\\\/\\\/hidalgo.nl\\\/de\\\/product\\\/9943\\\/zahlenschloss-april-bedrucken-3-stellig-karabiner-zink-6cm\\\/#listItem\",\"name\":\"Zinklegering cijferhangslot April\"},\"previousItem\":{\"@type\":\"ListItem\",\"@id\":\"https:\\\/\\\/hidalgo.nl\\\/example\\\/#listItem\",\"name\":\"example\"}},{\"@type\":\"ListItem\",\"@id\":\"https:\\\/\\\/hidalgo.nl\\\/de\\\/product\\\/9943\\\/zahlenschloss-april-bedrucken-3-stellig-karabiner-zink-6cm\\\/#listItem\",\"position\":4,\"name\":\"Zinklegering cijferhangslot April\",\"previousItem\":{\"@type\":\"ListItem\",\"@id\":\"https:\\\/\\\/hidalgo.nl\\\/en\\\/product-supplier\\\/a58\\\/#listItem\",\"name\":\"A58\"}}]},{\"@type\":\"Organization\",\"@id\":\"https:\\\/\\\/hidalgo.nl\\\/de\\\/#organization\",\"name\":\"Hidalgo\",\"url\":\"https:\\\/\\\/hidalgo.nl\\\/de\\\/\",\"logo\":{\"@type\":\"ImageObject\",\"url\":\"https:\\\/\\\/shop.hidalgo.nl\\\/wp-content\\\/uploads\\\/2025\\\/11\\\/cropped-Hidalgo-est1993.png\",\"@id\":\"https:\\\/\\\/hidalgo.nl\\\/de\\\/product\\\/9943\\\/zahlenschloss-april-bedrucken-3-stellig-karabiner-zink-6cm\\\/#organizationLogo\",\"width\":585,\"height\":195},\"image\":{\"@id\":\"https:\\\/\\\/hidalgo.nl\\\/de\\\/product\\\/9943\\\/zahlenschloss-april-bedrucken-3-stellig-karabiner-zink-6cm\\\/#organizationLogo\"}},{\"@type\":\"ProductGroup\",\"@id\":\"https:\\\/\\\/hidalgo.nl\\\/de\\\/product\\\/9943\\\/zahlenschloss-april-bedrucken-3-stellig-karabiner-zink-6cm\\\/#wooCommerceProduct\",\"name\":\"Zahlenschloss April bedrucken 3-stellig Karabiner Zink 6cm\",\"url\":\"https:\\\/\\\/hidalgo.nl\\\/de\\\/product\\\/9943\\\/zahlenschloss-april-bedrucken-3-stellig-karabiner-zink-6cm\\\/\",\"brand\":{\"@type\":\"Brand\",\"name\":\"IMPRESSION\"},\"sku\":\"A58-1171289\",\"image\":{\"@type\":\"ImageObject\",\"url\":\"https:\\\/\\\/shop.hidalgo.nl\\\/wp-content\\\/uploads\\\/2025\\\/05\\\/db18edca14fc02c7fc4de2b4ab62f7553c8b5fc278fafa99eea073be784f0301.jpg\",\"@id\":\"https:\\\/\\\/hidalgo.nl\\\/de\\\/product\\\/9943\\\/zahlenschloss-april-bedrucken-3-stellig-karabiner-zink-6cm\\\/#productImage\",\"width\":352,\"height\":1000},\"productGroupID\":9943,\"hasVariant\":[{\"@type\":\"Product\",\"@id\":\"https:\\\/\\\/hidalgo.nl\\\/de\\\/product\\\/9943\\\/zahlenschloss-april-bedrucken-3-stellig-karabiner-zink-6cm\\\/#wooCommerceProduct\",\"name\":\"Zinklegering cijferhangslot April - zwart,\",\"url\":\"https:\\\/\\\/hidalgo.nl\\\/de\\\/product\\\/9943\\\/zahlenschloss-april-bedrucken-3-stellig-karabiner-zink-6cm\\\/\",\"sku\":\"A58-1171289-001999999\",\"gtin\":\"8719446068933\",\"image\":{\"@type\":\"ImageObject\",\"url\":\"https:\\\/\\\/shop.hidalgo.nl\\\/wp-content\\\/uploads\\\/2025\\\/05\\\/9d0e5fa8240aa9d96dc40b7d6fd9751789c5a37166b398b9f795d3670436f07a.jpg\",\"@id\":\"https:\\\/\\\/hidalgo.nl\\\/de\\\/product\\\/9943\\\/zahlenschloss-april-bedrucken-3-stellig-karabiner-zink-6cm\\\/#productImage\",\"width\":352,\"height\":1000},\"offers\":{\"@type\":\"Offer\",\"url\":\"https:\\\/\\\/hidalgo.nl\\\/de\\\/product\\\/9943\\\/zahlenschloss-april-bedrucken-3-stellig-karabiner-zink-6cm\\\/#wooCommerceOffer\",\"price\":\"1.02\",\"priceCurrency\":\"EUR\",\"category\":\"Promotionele Artikelen\",\"availability\":\"https:\\\/\\\/schema.org\\\/InStock\",\"priceSpecification\":{\"@type\":\"PriceSpecification\",\"price\":1.02,\"priceCurrency\":\"EUR\",\"valueAddedTaxIncluded\":\"true\"}}},{\"@type\":\"Product\",\"@id\":\"https:\\\/\\\/hidalgo.nl\\\/de\\\/product\\\/9943\\\/zahlenschloss-april-bedrucken-3-stellig-karabiner-zink-6cm\\\/#wooCommerceProduct\",\"name\":\"Zinklegering cijferhangslot April - zilver,\",\"url\":\"https:\\\/\\\/hidalgo.nl\\\/de\\\/product\\\/9943\\\/zahlenschloss-april-bedrucken-3-stellig-karabiner-zink-6cm\\\/\",\"sku\":\"A58-1171289-032999999\",\"gtin\":\"8719446069268\",\"image\":{\"@type\":\"ImageObject\",\"url\":\"https:\\\/\\\/shop.hidalgo.nl\\\/wp-content\\\/uploads\\\/2025\\\/05\\\/6bd3fae631f2b142dfe4454e52105cd37b59f4195c0f187f8c176cf170e1654c.jpg\",\"@id\":\"https:\\\/\\\/hidalgo.nl\\\/de\\\/product\\\/9943\\\/zahlenschloss-april-bedrucken-3-stellig-karabiner-zink-6cm\\\/#productImage\",\"width\":358,\"height\":1000},\"offers\":{\"@type\":\"Offer\",\"url\":\"https:\\\/\\\/hidalgo.nl\\\/de\\\/product\\\/9943\\\/zahlenschloss-april-bedrucken-3-stellig-karabiner-zink-6cm\\\/#wooCommerceOffer\",\"price\":\"1.02\",\"priceCurrency\":\"EUR\",\"category\":\"Promotionele Artikelen\",\"availability\":\"https:\\\/\\\/schema.org\\\/InStock\",\"priceSpecification\":{\"@type\":\"PriceSpecification\",\"price\":1.02,\"priceCurrency\":\"EUR\",\"valueAddedTaxIncluded\":\"true\"}}}]},{\"@type\":\"WebPage\",\"@id\":\"https:\\\/\\\/hidalgo.nl\\\/de\\\/product\\\/9943\\\/zahlenschloss-april-bedrucken-3-stellig-karabiner-zink-6cm\\\/#webpage\",\"url\":\"https:\\\/\\\/hidalgo.nl\\\/de\\\/product\\\/9943\\\/zahlenschloss-april-bedrucken-3-stellig-karabiner-zink-6cm\\\/\",\"name\":\"Zahlenschloss April bedrucken 3-stellig Karabiner Zink 6cm\",\"description\":\"Sichere deine Taschen und Koffer unterwegs zuverl\\u00e4ssig ab. Das Modell April l\\u00e4sst sich bei Hidalgo individuell bedrucken und bietet dir schl\\u00fcssellose Sicherheit durch eine robuste Zinklegierung. Wenn du ein langlebiges Codeschloss mit Logo suchst, ist dieses Karabiner Zahlenschloss der ideale Begleiter.\",\"inLanguage\":\"de-DE\",\"isPartOf\":{\"@id\":\"https:\\\/\\\/hidalgo.nl\\\/de\\\/#website\"},\"breadcrumb\":{\"@id\":\"https:\\\/\\\/hidalgo.nl\\\/de\\\/product\\\/9943\\\/zahlenschloss-april-bedrucken-3-stellig-karabiner-zink-6cm\\\/#breadcrumblist\"},\"image\":{\"@type\":\"ImageObject\",\"url\":\"https:\\\/\\\/shop.hidalgo.nl\\\/wp-content\\\/uploads\\\/2025\\\/05\\\/db18edca14fc02c7fc4de2b4ab62f7553c8b5fc278fafa99eea073be784f0301.jpg\",\"@id\":\"https:\\\/\\\/hidalgo.nl\\\/de\\\/product\\\/9943\\\/zahlenschloss-april-bedrucken-3-stellig-karabiner-zink-6cm\\\/#mainImage\",\"width\":352,\"height\":1000},\"primaryImageOfPage\":{\"@id\":\"https:\\\/\\\/hidalgo.nl\\\/de\\\/product\\\/9943\\\/zahlenschloss-april-bedrucken-3-stellig-karabiner-zink-6cm\\\/#mainImage\"},\"datePublished\":\"2025-07-03T10:08:57+00:00\",\"dateModified\":\"2026-03-16T00:22:16+00:00\"},{\"@type\":\"WebSite\",\"@id\":\"https:\\\/\\\/hidalgo.nl\\\/de\\\/#website\",\"url\":\"https:\\\/\\\/hidalgo.nl\\\/de\\\/\",\"name\":\"Hidalgo\",\"inLanguage\":\"de-DE\",\"publisher\":{\"@id\":\"https:\\\/\\\/hidalgo.nl\\\/de\\\/#organization\"}}]}\n\t\t<\/script>\n\t\t<!-- All in One SEO Pro -->\r\n\t\t<title>Zahlenschloss April bedrucken 3-stellig Karabiner Zink 6cm<\/title>\n\n","aioseo_head_json":{"title":"Zahlenschloss April bedrucken 3-stellig Karabiner Zink 6cm","description":"Sichere deine Taschen und Koffer unterwegs zuverl\u00e4ssig ab. Das Modell April l\u00e4sst sich bei Hidalgo individuell bedrucken und bietet dir schl\u00fcssellose Sicherheit durch eine robuste Zinklegierung. Wenn du ein langlebiges Codeschloss mit Logo suchst, ist dieses Karabiner Zahlenschloss der ideale Begleiter.","canonical_url":"https:\/\/hidalgo.nl\/de\/wp-json\/wp\/v2\/product\/9943","robots":"max-image-preview:large","keywords":"","webmasterTools":{"miscellaneous":""},"schema":{"@context":"https:\/\/schema.org","@graph":[{"@type":"BreadcrumbList","@id":"https:\/\/hidalgo.nl\/de\/product\/9943\/zahlenschloss-april-bedrucken-3-stellig-karabiner-zink-6cm\/#breadcrumblist","itemListElement":[{"@type":"ListItem","@id":"https:\/\/hidalgo.nl\/de\/#listItem","position":1,"name":"Home","item":"https:\/\/hidalgo.nl\/de\/","nextItem":{"@type":"ListItem","@id":"https:\/\/hidalgo.nl\/example\/#listItem","name":"example"}},{"@type":"ListItem","@id":"https:\/\/hidalgo.nl\/example\/#listItem","position":2,"name":"example","item":"https:\/\/hidalgo.nl\/example\/","nextItem":{"@type":"ListItem","@id":"https:\/\/hidalgo.nl\/en\/product-supplier\/a58\/#listItem","name":"A58"},"previousItem":{"@type":"ListItem","@id":"https:\/\/hidalgo.nl\/de\/#listItem","name":"Home"}},{"@type":"ListItem","@id":"https:\/\/hidalgo.nl\/en\/product-supplier\/a58\/#listItem","position":3,"name":"A58","item":"https:\/\/hidalgo.nl\/en\/product-supplier\/a58\/","nextItem":{"@type":"ListItem","@id":"https:\/\/hidalgo.nl\/de\/product\/9943\/zahlenschloss-april-bedrucken-3-stellig-karabiner-zink-6cm\/#listItem","name":"Zinklegering cijferhangslot April"},"previousItem":{"@type":"ListItem","@id":"https:\/\/hidalgo.nl\/example\/#listItem","name":"example"}},{"@type":"ListItem","@id":"https:\/\/hidalgo.nl\/de\/product\/9943\/zahlenschloss-april-bedrucken-3-stellig-karabiner-zink-6cm\/#listItem","position":4,"name":"Zinklegering cijferhangslot April","previousItem":{"@type":"ListItem","@id":"https:\/\/hidalgo.nl\/en\/product-supplier\/a58\/#listItem","name":"A58"}}]},{"@type":"Organization","@id":"https:\/\/hidalgo.nl\/de\/#organization","name":"Hidalgo","url":"https:\/\/hidalgo.nl\/de\/","logo":{"@type":"ImageObject","url":"https:\/\/shop.hidalgo.nl\/wp-content\/uploads\/2025\/11\/cropped-Hidalgo-est1993.png","@id":"https:\/\/hidalgo.nl\/de\/product\/9943\/zahlenschloss-april-bedrucken-3-stellig-karabiner-zink-6cm\/#organizationLogo","width":585,"height":195},"image":{"@id":"https:\/\/hidalgo.nl\/de\/product\/9943\/zahlenschloss-april-bedrucken-3-stellig-karabiner-zink-6cm\/#organizationLogo"}},{"@type":"ProductGroup","@id":"https:\/\/hidalgo.nl\/de\/product\/9943\/zahlenschloss-april-bedrucken-3-stellig-karabiner-zink-6cm\/#wooCommerceProduct","name":"Zahlenschloss April bedrucken 3-stellig Karabiner Zink 6cm","url":"https:\/\/hidalgo.nl\/de\/product\/9943\/zahlenschloss-april-bedrucken-3-stellig-karabiner-zink-6cm\/","brand":{"@type":"Brand","name":"IMPRESSION"},"sku":"A58-1171289","image":{"@type":"ImageObject","url":"https:\/\/shop.hidalgo.nl\/wp-content\/uploads\/2025\/05\/db18edca14fc02c7fc4de2b4ab62f7553c8b5fc278fafa99eea073be784f0301.jpg","@id":"https:\/\/hidalgo.nl\/de\/product\/9943\/zahlenschloss-april-bedrucken-3-stellig-karabiner-zink-6cm\/#productImage","width":352,"height":1000},"productGroupID":9943,"hasVariant":[{"@type":"Product","@id":"https:\/\/hidalgo.nl\/de\/product\/9943\/zahlenschloss-april-bedrucken-3-stellig-karabiner-zink-6cm\/#wooCommerceProduct","name":"Zinklegering cijferhangslot April - zwart,","url":"https:\/\/hidalgo.nl\/de\/product\/9943\/zahlenschloss-april-bedrucken-3-stellig-karabiner-zink-6cm\/","sku":"A58-1171289-001999999","gtin":"8719446068933","image":{"@type":"ImageObject","url":"https:\/\/shop.hidalgo.nl\/wp-content\/uploads\/2025\/05\/9d0e5fa8240aa9d96dc40b7d6fd9751789c5a37166b398b9f795d3670436f07a.jpg","@id":"https:\/\/hidalgo.nl\/de\/product\/9943\/zahlenschloss-april-bedrucken-3-stellig-karabiner-zink-6cm\/#productImage","width":352,"height":1000},"offers":{"@type":"Offer","url":"https:\/\/hidalgo.nl\/de\/product\/9943\/zahlenschloss-april-bedrucken-3-stellig-karabiner-zink-6cm\/#wooCommerceOffer","price":"1.02","priceCurrency":"EUR","category":"Promotionele Artikelen","availability":"https:\/\/schema.org\/InStock","priceSpecification":{"@type":"PriceSpecification","price":1.02,"priceCurrency":"EUR","valueAddedTaxIncluded":"true"}}},{"@type":"Product","@id":"https:\/\/hidalgo.nl\/de\/product\/9943\/zahlenschloss-april-bedrucken-3-stellig-karabiner-zink-6cm\/#wooCommerceProduct","name":"Zinklegering cijferhangslot April - zilver,","url":"https:\/\/hidalgo.nl\/de\/product\/9943\/zahlenschloss-april-bedrucken-3-stellig-karabiner-zink-6cm\/","sku":"A58-1171289-032999999","gtin":"8719446069268","image":{"@type":"ImageObject","url":"https:\/\/shop.hidalgo.nl\/wp-content\/uploads\/2025\/05\/6bd3fae631f2b142dfe4454e52105cd37b59f4195c0f187f8c176cf170e1654c.jpg","@id":"https:\/\/hidalgo.nl\/de\/product\/9943\/zahlenschloss-april-bedrucken-3-stellig-karabiner-zink-6cm\/#productImage","width":358,"height":1000},"offers":{"@type":"Offer","url":"https:\/\/hidalgo.nl\/de\/product\/9943\/zahlenschloss-april-bedrucken-3-stellig-karabiner-zink-6cm\/#wooCommerceOffer","price":"1.02","priceCurrency":"EUR","category":"Promotionele Artikelen","availability":"https:\/\/schema.org\/InStock","priceSpecification":{"@type":"PriceSpecification","price":1.02,"priceCurrency":"EUR","valueAddedTaxIncluded":"true"}}}]},{"@type":"WebPage","@id":"https:\/\/hidalgo.nl\/de\/product\/9943\/zahlenschloss-april-bedrucken-3-stellig-karabiner-zink-6cm\/#webpage","url":"https:\/\/hidalgo.nl\/de\/product\/9943\/zahlenschloss-april-bedrucken-3-stellig-karabiner-zink-6cm\/","name":"Zahlenschloss April bedrucken 3-stellig Karabiner Zink 6cm","description":"Sichere deine Taschen und Koffer unterwegs zuverl\u00e4ssig ab. Das Modell April l\u00e4sst sich bei Hidalgo individuell bedrucken und bietet dir schl\u00fcssellose Sicherheit durch eine robuste Zinklegierung. Wenn du ein langlebiges Codeschloss mit Logo suchst, ist dieses Karabiner Zahlenschloss der ideale Begleiter.","inLanguage":"de-DE","isPartOf":{"@id":"https:\/\/hidalgo.nl\/de\/#website"},"breadcrumb":{"@id":"https:\/\/hidalgo.nl\/de\/product\/9943\/zahlenschloss-april-bedrucken-3-stellig-karabiner-zink-6cm\/#breadcrumblist"},"image":{"@type":"ImageObject","url":"https:\/\/shop.hidalgo.nl\/wp-content\/uploads\/2025\/05\/db18edca14fc02c7fc4de2b4ab62f7553c8b5fc278fafa99eea073be784f0301.jpg","@id":"https:\/\/hidalgo.nl\/de\/product\/9943\/zahlenschloss-april-bedrucken-3-stellig-karabiner-zink-6cm\/#mainImage","width":352,"height":1000},"primaryImageOfPage":{"@id":"https:\/\/hidalgo.nl\/de\/product\/9943\/zahlenschloss-april-bedrucken-3-stellig-karabiner-zink-6cm\/#mainImage"},"datePublished":"2025-07-03T10:08:57+00:00","dateModified":"2026-03-16T00:22:16+00:00"},{"@type":"WebSite","@id":"https:\/\/hidalgo.nl\/de\/#website","url":"https:\/\/hidalgo.nl\/de\/","name":"Hidalgo","inLanguage":"de-DE","publisher":{"@id":"https:\/\/hidalgo.nl\/de\/#organization"}}]},"og:locale":"de_DE","og:site_name":"Hidalgo -","og:type":"article","og:title":"Zahlenschloss April bedrucken 3-stellig Karabiner Zink 6cm","og:description":"Sichere deine Taschen und Koffer unterwegs zuverl\u00e4ssig ab. Das Modell April l\u00e4sst sich bei Hidalgo individuell bedrucken und bietet dir schl\u00fcssellose Sicherheit durch eine robuste Zinklegierung. Wenn du ein langlebiges Codeschloss mit Logo suchst, ist dieses Karabiner Zahlenschloss der ideale Begleiter.","og:url":"https:\/\/hidalgo.nl\/de\/wp-json\/wp\/v2\/product\/9943","og:image":"https:\/\/shop.hidalgo.nl\/wp-content\/uploads\/2025\/11\/cropped-Hidalgo-est1993.png","og:image:secure_url":"https:\/\/shop.hidalgo.nl\/wp-content\/uploads\/2025\/11\/cropped-Hidalgo-est1993.png","article:published_time":"2025-07-03T10:08:57+00:00","article:modified_time":"2026-03-16T00:22:16+00:00","twitter:card":"summary_large_image","twitter:title":"Zahlenschloss April bedrucken 3-stellig Karabiner Zink 6cm","twitter:description":"Sichere deine Taschen und Koffer unterwegs zuverl\u00e4ssig ab. Das Modell April l\u00e4sst sich bei Hidalgo individuell bedrucken und bietet dir schl\u00fcssellose Sicherheit durch eine robuste Zinklegierung. Wenn du ein langlebiges Codeschloss mit Logo suchst, ist dieses Karabiner Zahlenschloss der ideale Begleiter.","twitter:image":"https:\/\/shop.hidalgo.nl\/wp-content\/uploads\/2025\/11\/cropped-Hidalgo-est1993.png"},"aioseo_meta_data":{"post_id":"9943","title":null,"description":null,"keywords":null,"keyphrases":null,"primary_term":null,"canonical_url":null,"og_title":null,"og_description":null,"og_object_type":"default","og_image_type":"default","og_image_url":null,"og_image_width":null,"og_image_height":null,"og_image_custom_url":null,"og_image_custom_fields":null,"og_video":null,"og_custom_url":null,"og_article_section":null,"og_article_tags":null,"twitter_use_og":false,"twitter_card":"default","twitter_image_type":"default","twitter_image_url":null,"twitter_image_custom_url":null,"twitter_image_custom_fields":null,"twitter_title":null,"twitter_description":null,"schema":{"blockGraphs":[],"customGraphs":[],"default":{"data":{"Article":[],"Course":[],"Dataset":[],"FAQPage":[],"Movie":[],"Person":[],"Product":[],"ProductReview":[],"Car":[],"Recipe":[],"Service":[],"SoftwareApplication":[],"WebPage":[]},"graphName":"","isEnabled":true},"graphs":[]},"schema_type":"default","schema_type_options":null,"pillar_content":false,"robots_default":true,"robots_noindex":false,"robots_noarchive":false,"robots_nosnippet":false,"robots_nofollow":false,"robots_noimageindex":false,"robots_noodp":false,"robots_notranslate":false,"robots_max_snippet":null,"robots_max_videopreview":null,"robots_max_imagepreview":"large","priority":null,"frequency":null,"local_seo":null,"seo_analyzer_scan_date":"2026-02-16 09:52:51","breadcrumb_settings":null,"limit_modified_date":false,"reviewed_by":null,"open_ai":null,"ai":null,"created":"2026-01-14 06:17:37","updated":"2026-04-23 12:22:11"},"aioseo_breadcrumb":"<div class=\"aioseo-breadcrumbs\"><span class=\"aioseo-breadcrumb\">\n\t<a href=\"https:\/\/hidalgo.nl\/de\/\" title=\"Home\">Home<\/a>\n<\/span><span class=\"aioseo-breadcrumb-separator\">\u00bb<\/span><span class=\"aioseo-breadcrumb\">\n\t<a href=\"https:\/\/hidalgo.nl\/example\/\" title=\"example\">example<\/a>\n<\/span><span class=\"aioseo-breadcrumb-separator\">\u00bb<\/span><span class=\"aioseo-breadcrumb\">\n\t<a href=\"https:\/\/hidalgo.nl\/en\/product-supplier\/a58\/\" title=\"A58\">A58<\/a>\n<\/span><span class=\"aioseo-breadcrumb-separator\">\u00bb<\/span><span class=\"aioseo-breadcrumb\">\n\tZinklegering cijferhangslot April\n<\/span><\/div>","aioseo_breadcrumb_json":[{"label":"Home","link":"https:\/\/hidalgo.nl\/de\/"},{"label":"example","link":"https:\/\/hidalgo.nl\/example\/"},{"label":"A58","link":"https:\/\/hidalgo.nl\/en\/product-supplier\/a58\/"},{"label":"Zinklegering cijferhangslot April","link":"https:\/\/hidalgo.nl\/de\/product\/9943\/zahlenschloss-april-bedrucken-3-stellig-karabiner-zink-6cm\/"}],"_links":{"self":[{"href":"https:\/\/hidalgo.nl\/de\/wp-json\/wp\/v2\/product\/9943","targetHints":{"allow":["GET"]}}],"collection":[{"href":"https:\/\/hidalgo.nl\/de\/wp-json\/wp\/v2\/product"}],"about":[{"href":"https:\/\/hidalgo.nl\/de\/wp-json\/wp\/v2\/types\/product"}],"wp:featuredmedia":[{"embeddable":true,"href":"https:\/\/hidalgo.nl\/de\/wp-json\/wp\/v2\/media\/9944"}],"wp:attachment":[{"href":"https:\/\/hidalgo.nl\/de\/wp-json\/wp\/v2\/media?parent=9943"}],"wp:term":[{"taxonomy":"product_brand","embeddable":true,"href":"https:\/\/hidalgo.nl\/de\/wp-json\/wp\/v2\/product_brand?post=9943"},{"taxonomy":"product_cat","embeddable":true,"href":"https:\/\/hidalgo.nl\/de\/wp-json\/wp\/v2\/product_cat?post=9943"},{"taxonomy":"product_tag","embeddable":true,"href":"https:\/\/hidalgo.nl\/de\/wp-json\/wp\/v2\/product_tag?post=9943"}],"curies":[{"name":"wp","href":"https:\/\/api.w.org\/{rel}","templated":true}]}}