{"id":99405,"date":"2025-07-07T07:55:42","date_gmt":"2025-07-07T07:55:42","guid":{"rendered":"http:\/\/bidonsenshakers.pim.hidalgo.nl\/product\/qx335-rugzak-slx-lite\/"},"modified":"2026-03-22T01:39:03","modified_gmt":"2026-03-22T01:39:03","slug":"qx335-rugzak-slx-lite","status":"publish","type":"product","link":"https:\/\/hidalgo.nl\/de\/product\/99405\/rucksack-bedrucken-qx335-slx-lite-35l-wasserfest-one-size\/","title":{"rendered":"QX335 &#8211; Rugzak SLX\u00ae-Lite"},"content":{"rendered":"<p>100% polyester. Polyester 210D Box Check Dobby\/300D Polyester. 35 liter. Heel licht en stevig. Waterdichte stof. Waterdichte en afneembare regenhoes. Bevestigingspunten voor trekkingstokken. Reflecterende details. Elastische zijzakken in mesh. Binnenzak. Ademend achterpaneel. Verstelbare riemen. Verstelbare en gevulde schouderriemen. Sleutelhaak. Handgreep. TearAway-label voor eenvoudige bedrukking.<\/p>\n","protected":false},"excerpt":{"rendered":"<p>100% polyester. Polyester 210D Box Check Dobby\/300D Polyester. 35 liter. Heel licht en stevig. Waterdichte stof. Waterdichte en afneembare regenhoes. Bevestigingspunten voor trekkingstokken. Reflecterende details. Elastische zijzakken in mesh. Binnenzak. Ademend achterpaneel. Verstelbare riemen. Verstelbare en gevulde schouderriemen. Sleutelhaak. Handgreep. TearAway-label voor eenvoudige bedrukking.<\/p>\n","protected":false},"featured_media":99406,"template":"","meta":{"_acf_changed":false,"om_disable_all_campaigns":false,"_monsterinsights_skip_tracking":false,"_monsterinsights_sitenote_active":false,"_monsterinsights_sitenote_note":"","_monsterinsights_sitenote_category":0},"product_brand":[40],"product_cat":[4795,4796,4713],"product_tag":[],"class_list":{"0":"post-99405","1":"product","2":"type-product","3":"status-publish","4":"has-post-thumbnail","6":"product_supplier-a403","7":"product_material-polyester","8":"product_brand-quadra","9":"product_cat-rugtassen","10":"product_cat-rugzakken","11":"product_cat-tassen","12":"entry","14":"first","15":"instock","16":"taxable","17":"shipping-taxable","18":"purchasable","19":"product-type-variable"},"acf":{"imprint_cost":[{"imprint_cost_key":"33483b79de35c41f6a5968127e3727b83ce2fe0b","product_quantity_price_range":[{"imprint_cost_recommended_selling_price":"0","imprint_cost_recommended_selling_quantity":"1"}],"product_quantity_price_range_buying":false,"imprint_cost_setup_costs":"","imprint_cost_handling_costs":""}]},"aioseo_notices":[],"aioseo_head":"\n\t\t<!-- All in One SEO Pro 4.9.6.2 - aioseo.com -->\n\t<meta name=\"description\" content=\"QX335 SLX-Lite mit 35 Litern, leicht und robust in Black oder Graphite Grey - ideal f\u00fcr Events, Outdoor und deinen Alltag. Bei Hidalgo l\u00e4sst du deinen Rucksack mit eigenem Logo bedrucken; One Size sitzt bequem und du erh\u00e4ltst vorab ein digitales Druckmuster.\" \/>\n\t<meta name=\"robots\" content=\"max-image-preview:large\" \/>\n\t<link rel=\"canonical\" href=\"https:\/\/hidalgo.nl\/de\/wp-json\/wp\/v2\/product\/99405\" \/>\n\t<meta name=\"generator\" content=\"All in One SEO Pro (AIOSEO) 4.9.6.2\" \/>\n\t\t<meta property=\"og:locale\" content=\"de_DE\" \/>\n\t\t<meta property=\"og:site_name\" content=\"Hidalgo -\" \/>\n\t\t<meta property=\"og:type\" content=\"article\" \/>\n\t\t<meta property=\"og:title\" content=\"Rucksack bedrucken QX335 SLX-Lite 35L wasserfest One-size\" \/>\n\t\t<meta property=\"og:description\" content=\"QX335 SLX-Lite mit 35 Litern, leicht und robust in Black oder Graphite Grey - ideal f\u00fcr Events, Outdoor und deinen Alltag. Bei Hidalgo l\u00e4sst du deinen Rucksack mit eigenem Logo bedrucken; One Size sitzt bequem und du erh\u00e4ltst vorab ein digitales Druckmuster.\" \/>\n\t\t<meta property=\"og:url\" content=\"https:\/\/hidalgo.nl\/de\/wp-json\/wp\/v2\/product\/99405\" \/>\n\t\t<meta property=\"og:image\" content=\"https:\/\/shop.hidalgo.nl\/wp-content\/uploads\/2025\/11\/cropped-Hidalgo-est1993.png\" \/>\n\t\t<meta property=\"og:image:secure_url\" content=\"https:\/\/shop.hidalgo.nl\/wp-content\/uploads\/2025\/11\/cropped-Hidalgo-est1993.png\" \/>\n\t\t<meta property=\"article:published_time\" content=\"2025-07-07T07:55:42+00:00\" \/>\n\t\t<meta property=\"article:modified_time\" content=\"2026-03-22T01:39:03+00:00\" \/>\n\t\t<meta name=\"twitter:card\" content=\"summary_large_image\" \/>\n\t\t<meta name=\"twitter:title\" content=\"Rucksack bedrucken QX335 SLX-Lite 35L wasserfest One-size\" \/>\n\t\t<meta name=\"twitter:description\" content=\"QX335 SLX-Lite mit 35 Litern, leicht und robust in Black oder Graphite Grey - ideal f\u00fcr Events, Outdoor und deinen Alltag. Bei Hidalgo l\u00e4sst du deinen Rucksack mit eigenem Logo bedrucken; One Size sitzt bequem und du erh\u00e4ltst vorab ein digitales Druckmuster.\" \/>\n\t\t<meta name=\"twitter:image\" content=\"https:\/\/shop.hidalgo.nl\/wp-content\/uploads\/2025\/11\/cropped-Hidalgo-est1993.png\" \/>\n\t\t<script type=\"application\/ld+json\" class=\"aioseo-schema\">\n\t\t\t{\"@context\":\"https:\\\/\\\/schema.org\",\"@graph\":[{\"@type\":\"BreadcrumbList\",\"@id\":\"https:\\\/\\\/hidalgo.nl\\\/de\\\/product\\\/99405\\\/rucksack-bedrucken-qx335-slx-lite-35l-wasserfest-one-size\\\/#breadcrumblist\",\"itemListElement\":[{\"@type\":\"ListItem\",\"@id\":\"https:\\\/\\\/hidalgo.nl\\\/de\\\/#listItem\",\"position\":1,\"name\":\"Home\",\"item\":\"https:\\\/\\\/hidalgo.nl\\\/de\\\/\",\"nextItem\":{\"@type\":\"ListItem\",\"@id\":\"https:\\\/\\\/hidalgo.nl\\\/example\\\/#listItem\",\"name\":\"example\"}},{\"@type\":\"ListItem\",\"@id\":\"https:\\\/\\\/hidalgo.nl\\\/example\\\/#listItem\",\"position\":2,\"name\":\"example\",\"item\":\"https:\\\/\\\/hidalgo.nl\\\/example\\\/\",\"nextItem\":{\"@type\":\"ListItem\",\"@id\":\"https:\\\/\\\/hidalgo.nl\\\/en\\\/product-supplier\\\/a403\\\/#listItem\",\"name\":\"A403\"},\"previousItem\":{\"@type\":\"ListItem\",\"@id\":\"https:\\\/\\\/hidalgo.nl\\\/de\\\/#listItem\",\"name\":\"Home\"}},{\"@type\":\"ListItem\",\"@id\":\"https:\\\/\\\/hidalgo.nl\\\/en\\\/product-supplier\\\/a403\\\/#listItem\",\"position\":3,\"name\":\"A403\",\"item\":\"https:\\\/\\\/hidalgo.nl\\\/en\\\/product-supplier\\\/a403\\\/\",\"nextItem\":{\"@type\":\"ListItem\",\"@id\":\"https:\\\/\\\/hidalgo.nl\\\/de\\\/product\\\/99405\\\/rucksack-bedrucken-qx335-slx-lite-35l-wasserfest-one-size\\\/#listItem\",\"name\":\"QX335 &#8211; Rugzak SLX\\u00ae-Lite\"},\"previousItem\":{\"@type\":\"ListItem\",\"@id\":\"https:\\\/\\\/hidalgo.nl\\\/example\\\/#listItem\",\"name\":\"example\"}},{\"@type\":\"ListItem\",\"@id\":\"https:\\\/\\\/hidalgo.nl\\\/de\\\/product\\\/99405\\\/rucksack-bedrucken-qx335-slx-lite-35l-wasserfest-one-size\\\/#listItem\",\"position\":4,\"name\":\"QX335 &#8211; Rugzak SLX\\u00ae-Lite\",\"previousItem\":{\"@type\":\"ListItem\",\"@id\":\"https:\\\/\\\/hidalgo.nl\\\/en\\\/product-supplier\\\/a403\\\/#listItem\",\"name\":\"A403\"}}]},{\"@type\":\"Organization\",\"@id\":\"https:\\\/\\\/hidalgo.nl\\\/de\\\/#organization\",\"name\":\"Hidalgo\",\"url\":\"https:\\\/\\\/hidalgo.nl\\\/de\\\/\",\"logo\":{\"@type\":\"ImageObject\",\"url\":\"https:\\\/\\\/shop.hidalgo.nl\\\/wp-content\\\/uploads\\\/2025\\\/11\\\/cropped-Hidalgo-est1993.png\",\"@id\":\"https:\\\/\\\/hidalgo.nl\\\/de\\\/product\\\/99405\\\/rucksack-bedrucken-qx335-slx-lite-35l-wasserfest-one-size\\\/#organizationLogo\",\"width\":585,\"height\":195},\"image\":{\"@id\":\"https:\\\/\\\/hidalgo.nl\\\/de\\\/product\\\/99405\\\/rucksack-bedrucken-qx335-slx-lite-35l-wasserfest-one-size\\\/#organizationLogo\"}},{\"@type\":\"ProductGroup\",\"@id\":\"https:\\\/\\\/hidalgo.nl\\\/de\\\/product\\\/99405\\\/rucksack-bedrucken-qx335-slx-lite-35l-wasserfest-one-size\\\/#wooCommerceProduct\",\"name\":\"Rucksack bedrucken QX335 SLX-Lite 35L wasserfest One-size\",\"url\":\"https:\\\/\\\/hidalgo.nl\\\/de\\\/product\\\/99405\\\/rucksack-bedrucken-qx335-slx-lite-35l-wasserfest-one-size\\\/\",\"brand\":{\"@type\":\"Brand\",\"name\":\"Quadra\"},\"sku\":\"A403-QX335\",\"image\":{\"@type\":\"ImageObject\",\"url\":\"https:\\\/\\\/shop.hidalgo.nl\\\/wp-content\\\/uploads\\\/2025\\\/07\\\/1c0fb51d6aa9a349739a19388879047b9826fb62b036d6d04e8206e4e772b7d0.png\",\"@id\":\"https:\\\/\\\/hidalgo.nl\\\/de\\\/product\\\/99405\\\/rucksack-bedrucken-qx335-slx-lite-35l-wasserfest-one-size\\\/#productImage\",\"width\":1000,\"height\":1000},\"productGroupID\":99405,\"hasVariant\":[{\"@type\":\"Product\",\"@id\":\"https:\\\/\\\/hidalgo.nl\\\/de\\\/product\\\/99405\\\/rucksack-bedrucken-qx335-slx-lite-35l-wasserfest-one-size\\\/#wooCommerceProduct\",\"name\":\"QX335 - Rugzak SLX\\u00ae-Lite - , black\",\"url\":\"https:\\\/\\\/hidalgo.nl\\\/de\\\/product\\\/99405\\\/rucksack-bedrucken-qx335-slx-lite-35l-wasserfest-one-size\\\/\",\"sku\":\"A403-QX335_77374_77373\",\"gtin\":\"5060566345903\",\"image\":{\"@type\":\"ImageObject\",\"url\":\"https:\\\/\\\/shop.hidalgo.nl\\\/wp-content\\\/uploads\\\/2025\\\/07\\\/1c0fb51d6aa9a349739a19388879047b9826fb62b036d6d04e8206e4e772b7d0.png\",\"@id\":\"https:\\\/\\\/hidalgo.nl\\\/de\\\/product\\\/99405\\\/rucksack-bedrucken-qx335-slx-lite-35l-wasserfest-one-size\\\/#productImage\",\"width\":1000,\"height\":1000},\"offers\":{\"@type\":\"Offer\",\"url\":\"https:\\\/\\\/hidalgo.nl\\\/de\\\/product\\\/99405\\\/rucksack-bedrucken-qx335-slx-lite-35l-wasserfest-one-size\\\/#wooCommerceOffer\",\"price\":\"40.19\",\"priceCurrency\":\"EUR\",\"category\":\"Tassen\",\"availability\":\"https:\\\/\\\/schema.org\\\/InStock\",\"priceSpecification\":{\"@type\":\"PriceSpecification\",\"price\":40.19,\"priceCurrency\":\"EUR\",\"valueAddedTaxIncluded\":\"true\"}}},{\"@type\":\"Product\",\"@id\":\"https:\\\/\\\/hidalgo.nl\\\/de\\\/product\\\/99405\\\/rucksack-bedrucken-qx335-slx-lite-35l-wasserfest-one-size\\\/#wooCommerceProduct\",\"name\":\"QX335 - Rugzak SLX\\u00ae-Lite - , graphite-grey\",\"url\":\"https:\\\/\\\/hidalgo.nl\\\/de\\\/product\\\/99405\\\/rucksack-bedrucken-qx335-slx-lite-35l-wasserfest-one-size\\\/\",\"sku\":\"A403-QX335_77375_77373\",\"gtin\":\"5060566345910\",\"image\":{\"@type\":\"ImageObject\",\"url\":\"https:\\\/\\\/shop.hidalgo.nl\\\/wp-content\\\/uploads\\\/2025\\\/07\\\/97ddd82b825f185750ff70e2cde596d8266174317642428e3e06a20e5e90849f.png\",\"@id\":\"https:\\\/\\\/hidalgo.nl\\\/de\\\/product\\\/99405\\\/rucksack-bedrucken-qx335-slx-lite-35l-wasserfest-one-size\\\/#productImage\",\"width\":1000,\"height\":1000},\"offers\":{\"@type\":\"Offer\",\"url\":\"https:\\\/\\\/hidalgo.nl\\\/de\\\/product\\\/99405\\\/rucksack-bedrucken-qx335-slx-lite-35l-wasserfest-one-size\\\/#wooCommerceOffer\",\"price\":\"40.19\",\"priceCurrency\":\"EUR\",\"category\":\"Tassen\",\"availability\":\"https:\\\/\\\/schema.org\\\/InStock\",\"priceSpecification\":{\"@type\":\"PriceSpecification\",\"price\":40.19,\"priceCurrency\":\"EUR\",\"valueAddedTaxIncluded\":\"true\"}}}]},{\"@type\":\"WebPage\",\"@id\":\"https:\\\/\\\/hidalgo.nl\\\/de\\\/product\\\/99405\\\/rucksack-bedrucken-qx335-slx-lite-35l-wasserfest-one-size\\\/#webpage\",\"url\":\"https:\\\/\\\/hidalgo.nl\\\/de\\\/product\\\/99405\\\/rucksack-bedrucken-qx335-slx-lite-35l-wasserfest-one-size\\\/\",\"name\":\"Rucksack bedrucken QX335 SLX-Lite 35L wasserfest One-size\",\"description\":\"QX335 SLX-Lite mit 35 Litern, leicht und robust in Black oder Graphite Grey - ideal f\\u00fcr Events, Outdoor und deinen Alltag. Bei Hidalgo l\\u00e4sst du deinen Rucksack mit eigenem Logo bedrucken; One Size sitzt bequem und du erh\\u00e4ltst vorab ein digitales Druckmuster.\",\"inLanguage\":\"de-DE\",\"isPartOf\":{\"@id\":\"https:\\\/\\\/hidalgo.nl\\\/de\\\/#website\"},\"breadcrumb\":{\"@id\":\"https:\\\/\\\/hidalgo.nl\\\/de\\\/product\\\/99405\\\/rucksack-bedrucken-qx335-slx-lite-35l-wasserfest-one-size\\\/#breadcrumblist\"},\"image\":{\"@type\":\"ImageObject\",\"url\":\"https:\\\/\\\/shop.hidalgo.nl\\\/wp-content\\\/uploads\\\/2025\\\/07\\\/1c0fb51d6aa9a349739a19388879047b9826fb62b036d6d04e8206e4e772b7d0.png\",\"@id\":\"https:\\\/\\\/hidalgo.nl\\\/de\\\/product\\\/99405\\\/rucksack-bedrucken-qx335-slx-lite-35l-wasserfest-one-size\\\/#mainImage\",\"width\":1000,\"height\":1000},\"primaryImageOfPage\":{\"@id\":\"https:\\\/\\\/hidalgo.nl\\\/de\\\/product\\\/99405\\\/rucksack-bedrucken-qx335-slx-lite-35l-wasserfest-one-size\\\/#mainImage\"},\"datePublished\":\"2025-07-07T07:55:42+00:00\",\"dateModified\":\"2026-03-22T01:39:03+00:00\"},{\"@type\":\"WebSite\",\"@id\":\"https:\\\/\\\/hidalgo.nl\\\/de\\\/#website\",\"url\":\"https:\\\/\\\/hidalgo.nl\\\/de\\\/\",\"name\":\"Hidalgo\",\"inLanguage\":\"de-DE\",\"publisher\":{\"@id\":\"https:\\\/\\\/hidalgo.nl\\\/de\\\/#organization\"}}]}\n\t\t<\/script>\n\t\t<!-- All in One SEO Pro -->\r\n\t\t<title>Rucksack bedrucken QX335 SLX-Lite 35L wasserfest One-size<\/title>\n\n","aioseo_head_json":{"title":"Rucksack bedrucken QX335 SLX-Lite 35L wasserfest One-size","description":"QX335 SLX-Lite mit 35 Litern, leicht und robust in Black oder Graphite Grey - ideal f\u00fcr Events, Outdoor und deinen Alltag. Bei Hidalgo l\u00e4sst du deinen Rucksack mit eigenem Logo bedrucken; One Size sitzt bequem und du erh\u00e4ltst vorab ein digitales Druckmuster.","canonical_url":"https:\/\/hidalgo.nl\/de\/wp-json\/wp\/v2\/product\/99405","robots":"max-image-preview:large","keywords":"","webmasterTools":{"miscellaneous":""},"schema":{"@context":"https:\/\/schema.org","@graph":[{"@type":"BreadcrumbList","@id":"https:\/\/hidalgo.nl\/de\/product\/99405\/rucksack-bedrucken-qx335-slx-lite-35l-wasserfest-one-size\/#breadcrumblist","itemListElement":[{"@type":"ListItem","@id":"https:\/\/hidalgo.nl\/de\/#listItem","position":1,"name":"Home","item":"https:\/\/hidalgo.nl\/de\/","nextItem":{"@type":"ListItem","@id":"https:\/\/hidalgo.nl\/example\/#listItem","name":"example"}},{"@type":"ListItem","@id":"https:\/\/hidalgo.nl\/example\/#listItem","position":2,"name":"example","item":"https:\/\/hidalgo.nl\/example\/","nextItem":{"@type":"ListItem","@id":"https:\/\/hidalgo.nl\/en\/product-supplier\/a403\/#listItem","name":"A403"},"previousItem":{"@type":"ListItem","@id":"https:\/\/hidalgo.nl\/de\/#listItem","name":"Home"}},{"@type":"ListItem","@id":"https:\/\/hidalgo.nl\/en\/product-supplier\/a403\/#listItem","position":3,"name":"A403","item":"https:\/\/hidalgo.nl\/en\/product-supplier\/a403\/","nextItem":{"@type":"ListItem","@id":"https:\/\/hidalgo.nl\/de\/product\/99405\/rucksack-bedrucken-qx335-slx-lite-35l-wasserfest-one-size\/#listItem","name":"QX335 &#8211; Rugzak SLX\u00ae-Lite"},"previousItem":{"@type":"ListItem","@id":"https:\/\/hidalgo.nl\/example\/#listItem","name":"example"}},{"@type":"ListItem","@id":"https:\/\/hidalgo.nl\/de\/product\/99405\/rucksack-bedrucken-qx335-slx-lite-35l-wasserfest-one-size\/#listItem","position":4,"name":"QX335 &#8211; Rugzak SLX\u00ae-Lite","previousItem":{"@type":"ListItem","@id":"https:\/\/hidalgo.nl\/en\/product-supplier\/a403\/#listItem","name":"A403"}}]},{"@type":"Organization","@id":"https:\/\/hidalgo.nl\/de\/#organization","name":"Hidalgo","url":"https:\/\/hidalgo.nl\/de\/","logo":{"@type":"ImageObject","url":"https:\/\/shop.hidalgo.nl\/wp-content\/uploads\/2025\/11\/cropped-Hidalgo-est1993.png","@id":"https:\/\/hidalgo.nl\/de\/product\/99405\/rucksack-bedrucken-qx335-slx-lite-35l-wasserfest-one-size\/#organizationLogo","width":585,"height":195},"image":{"@id":"https:\/\/hidalgo.nl\/de\/product\/99405\/rucksack-bedrucken-qx335-slx-lite-35l-wasserfest-one-size\/#organizationLogo"}},{"@type":"ProductGroup","@id":"https:\/\/hidalgo.nl\/de\/product\/99405\/rucksack-bedrucken-qx335-slx-lite-35l-wasserfest-one-size\/#wooCommerceProduct","name":"Rucksack bedrucken QX335 SLX-Lite 35L wasserfest One-size","url":"https:\/\/hidalgo.nl\/de\/product\/99405\/rucksack-bedrucken-qx335-slx-lite-35l-wasserfest-one-size\/","brand":{"@type":"Brand","name":"Quadra"},"sku":"A403-QX335","image":{"@type":"ImageObject","url":"https:\/\/shop.hidalgo.nl\/wp-content\/uploads\/2025\/07\/1c0fb51d6aa9a349739a19388879047b9826fb62b036d6d04e8206e4e772b7d0.png","@id":"https:\/\/hidalgo.nl\/de\/product\/99405\/rucksack-bedrucken-qx335-slx-lite-35l-wasserfest-one-size\/#productImage","width":1000,"height":1000},"productGroupID":99405,"hasVariant":[{"@type":"Product","@id":"https:\/\/hidalgo.nl\/de\/product\/99405\/rucksack-bedrucken-qx335-slx-lite-35l-wasserfest-one-size\/#wooCommerceProduct","name":"QX335 - Rugzak SLX\u00ae-Lite - , black","url":"https:\/\/hidalgo.nl\/de\/product\/99405\/rucksack-bedrucken-qx335-slx-lite-35l-wasserfest-one-size\/","sku":"A403-QX335_77374_77373","gtin":"5060566345903","image":{"@type":"ImageObject","url":"https:\/\/shop.hidalgo.nl\/wp-content\/uploads\/2025\/07\/1c0fb51d6aa9a349739a19388879047b9826fb62b036d6d04e8206e4e772b7d0.png","@id":"https:\/\/hidalgo.nl\/de\/product\/99405\/rucksack-bedrucken-qx335-slx-lite-35l-wasserfest-one-size\/#productImage","width":1000,"height":1000},"offers":{"@type":"Offer","url":"https:\/\/hidalgo.nl\/de\/product\/99405\/rucksack-bedrucken-qx335-slx-lite-35l-wasserfest-one-size\/#wooCommerceOffer","price":"40.19","priceCurrency":"EUR","category":"Tassen","availability":"https:\/\/schema.org\/InStock","priceSpecification":{"@type":"PriceSpecification","price":40.19,"priceCurrency":"EUR","valueAddedTaxIncluded":"true"}}},{"@type":"Product","@id":"https:\/\/hidalgo.nl\/de\/product\/99405\/rucksack-bedrucken-qx335-slx-lite-35l-wasserfest-one-size\/#wooCommerceProduct","name":"QX335 - Rugzak SLX\u00ae-Lite - , graphite-grey","url":"https:\/\/hidalgo.nl\/de\/product\/99405\/rucksack-bedrucken-qx335-slx-lite-35l-wasserfest-one-size\/","sku":"A403-QX335_77375_77373","gtin":"5060566345910","image":{"@type":"ImageObject","url":"https:\/\/shop.hidalgo.nl\/wp-content\/uploads\/2025\/07\/97ddd82b825f185750ff70e2cde596d8266174317642428e3e06a20e5e90849f.png","@id":"https:\/\/hidalgo.nl\/de\/product\/99405\/rucksack-bedrucken-qx335-slx-lite-35l-wasserfest-one-size\/#productImage","width":1000,"height":1000},"offers":{"@type":"Offer","url":"https:\/\/hidalgo.nl\/de\/product\/99405\/rucksack-bedrucken-qx335-slx-lite-35l-wasserfest-one-size\/#wooCommerceOffer","price":"40.19","priceCurrency":"EUR","category":"Tassen","availability":"https:\/\/schema.org\/InStock","priceSpecification":{"@type":"PriceSpecification","price":40.19,"priceCurrency":"EUR","valueAddedTaxIncluded":"true"}}}]},{"@type":"WebPage","@id":"https:\/\/hidalgo.nl\/de\/product\/99405\/rucksack-bedrucken-qx335-slx-lite-35l-wasserfest-one-size\/#webpage","url":"https:\/\/hidalgo.nl\/de\/product\/99405\/rucksack-bedrucken-qx335-slx-lite-35l-wasserfest-one-size\/","name":"Rucksack bedrucken QX335 SLX-Lite 35L wasserfest One-size","description":"QX335 SLX-Lite mit 35 Litern, leicht und robust in Black oder Graphite Grey - ideal f\u00fcr Events, Outdoor und deinen Alltag. Bei Hidalgo l\u00e4sst du deinen Rucksack mit eigenem Logo bedrucken; One Size sitzt bequem und du erh\u00e4ltst vorab ein digitales Druckmuster.","inLanguage":"de-DE","isPartOf":{"@id":"https:\/\/hidalgo.nl\/de\/#website"},"breadcrumb":{"@id":"https:\/\/hidalgo.nl\/de\/product\/99405\/rucksack-bedrucken-qx335-slx-lite-35l-wasserfest-one-size\/#breadcrumblist"},"image":{"@type":"ImageObject","url":"https:\/\/shop.hidalgo.nl\/wp-content\/uploads\/2025\/07\/1c0fb51d6aa9a349739a19388879047b9826fb62b036d6d04e8206e4e772b7d0.png","@id":"https:\/\/hidalgo.nl\/de\/product\/99405\/rucksack-bedrucken-qx335-slx-lite-35l-wasserfest-one-size\/#mainImage","width":1000,"height":1000},"primaryImageOfPage":{"@id":"https:\/\/hidalgo.nl\/de\/product\/99405\/rucksack-bedrucken-qx335-slx-lite-35l-wasserfest-one-size\/#mainImage"},"datePublished":"2025-07-07T07:55:42+00:00","dateModified":"2026-03-22T01:39:03+00:00"},{"@type":"WebSite","@id":"https:\/\/hidalgo.nl\/de\/#website","url":"https:\/\/hidalgo.nl\/de\/","name":"Hidalgo","inLanguage":"de-DE","publisher":{"@id":"https:\/\/hidalgo.nl\/de\/#organization"}}]},"og:locale":"de_DE","og:site_name":"Hidalgo -","og:type":"article","og:title":"Rucksack bedrucken QX335 SLX-Lite 35L wasserfest One-size","og:description":"QX335 SLX-Lite mit 35 Litern, leicht und robust in Black oder Graphite Grey - ideal f\u00fcr Events, Outdoor und deinen Alltag. Bei Hidalgo l\u00e4sst du deinen Rucksack mit eigenem Logo bedrucken; One Size sitzt bequem und du erh\u00e4ltst vorab ein digitales Druckmuster.","og:url":"https:\/\/hidalgo.nl\/de\/wp-json\/wp\/v2\/product\/99405","og:image":"https:\/\/shop.hidalgo.nl\/wp-content\/uploads\/2025\/11\/cropped-Hidalgo-est1993.png","og:image:secure_url":"https:\/\/shop.hidalgo.nl\/wp-content\/uploads\/2025\/11\/cropped-Hidalgo-est1993.png","article:published_time":"2025-07-07T07:55:42+00:00","article:modified_time":"2026-03-22T01:39:03+00:00","twitter:card":"summary_large_image","twitter:title":"Rucksack bedrucken QX335 SLX-Lite 35L wasserfest One-size","twitter:description":"QX335 SLX-Lite mit 35 Litern, leicht und robust in Black oder Graphite Grey - ideal f\u00fcr Events, Outdoor und deinen Alltag. Bei Hidalgo l\u00e4sst du deinen Rucksack mit eigenem Logo bedrucken; One Size sitzt bequem und du erh\u00e4ltst vorab ein digitales Druckmuster.","twitter:image":"https:\/\/shop.hidalgo.nl\/wp-content\/uploads\/2025\/11\/cropped-Hidalgo-est1993.png"},"aioseo_meta_data":{"post_id":"99405","title":null,"description":null,"keywords":null,"keyphrases":null,"primary_term":null,"canonical_url":null,"og_title":null,"og_description":null,"og_object_type":"default","og_image_type":"default","og_image_url":null,"og_image_width":null,"og_image_height":null,"og_image_custom_url":null,"og_image_custom_fields":null,"og_video":null,"og_custom_url":null,"og_article_section":null,"og_article_tags":null,"twitter_use_og":false,"twitter_card":"default","twitter_image_type":"default","twitter_image_url":null,"twitter_image_custom_url":null,"twitter_image_custom_fields":null,"twitter_title":null,"twitter_description":null,"schema":{"blockGraphs":[],"customGraphs":[],"default":{"data":{"Article":[],"Course":[],"Dataset":[],"FAQPage":[],"Movie":[],"Person":[],"Product":[],"ProductReview":[],"Car":[],"Recipe":[],"Service":[],"SoftwareApplication":[],"WebPage":[]},"graphName":"","isEnabled":true},"graphs":[]},"schema_type":"default","schema_type_options":null,"pillar_content":false,"robots_default":true,"robots_noindex":false,"robots_noarchive":false,"robots_nosnippet":false,"robots_nofollow":false,"robots_noimageindex":false,"robots_noodp":false,"robots_notranslate":false,"robots_max_snippet":null,"robots_max_videopreview":null,"robots_max_imagepreview":"large","priority":null,"frequency":null,"local_seo":null,"seo_analyzer_scan_date":"2026-01-21 13:01:32","breadcrumb_settings":null,"limit_modified_date":false,"reviewed_by":null,"open_ai":null,"ai":null,"created":"2026-01-14 06:25:30","updated":"2026-04-22 21:15:52"},"aioseo_breadcrumb":"<div class=\"aioseo-breadcrumbs\"><span class=\"aioseo-breadcrumb\">\n\t<a href=\"https:\/\/hidalgo.nl\/de\/\" title=\"Home\">Home<\/a>\n<\/span><span class=\"aioseo-breadcrumb-separator\">\u00bb<\/span><span class=\"aioseo-breadcrumb\">\n\t<a href=\"https:\/\/hidalgo.nl\/example\/\" title=\"example\">example<\/a>\n<\/span><span class=\"aioseo-breadcrumb-separator\">\u00bb<\/span><span class=\"aioseo-breadcrumb\">\n\t<a href=\"https:\/\/hidalgo.nl\/en\/product-supplier\/a403\/\" title=\"A403\">A403<\/a>\n<\/span><span class=\"aioseo-breadcrumb-separator\">\u00bb<\/span><span class=\"aioseo-breadcrumb\">\n\tQX335 \u2013 Rugzak SLX\u00ae-Lite\n<\/span><\/div>","aioseo_breadcrumb_json":[{"label":"Home","link":"https:\/\/hidalgo.nl\/de\/"},{"label":"example","link":"https:\/\/hidalgo.nl\/example\/"},{"label":"A403","link":"https:\/\/hidalgo.nl\/en\/product-supplier\/a403\/"},{"label":"QX335 &#8211; Rugzak SLX\u00ae-Lite","link":"https:\/\/hidalgo.nl\/de\/product\/99405\/rucksack-bedrucken-qx335-slx-lite-35l-wasserfest-one-size\/"}],"_links":{"self":[{"href":"https:\/\/hidalgo.nl\/de\/wp-json\/wp\/v2\/product\/99405","targetHints":{"allow":["GET"]}}],"collection":[{"href":"https:\/\/hidalgo.nl\/de\/wp-json\/wp\/v2\/product"}],"about":[{"href":"https:\/\/hidalgo.nl\/de\/wp-json\/wp\/v2\/types\/product"}],"wp:featuredmedia":[{"embeddable":true,"href":"https:\/\/hidalgo.nl\/de\/wp-json\/wp\/v2\/media\/99406"}],"wp:attachment":[{"href":"https:\/\/hidalgo.nl\/de\/wp-json\/wp\/v2\/media?parent=99405"}],"wp:term":[{"taxonomy":"product_brand","embeddable":true,"href":"https:\/\/hidalgo.nl\/de\/wp-json\/wp\/v2\/product_brand?post=99405"},{"taxonomy":"product_cat","embeddable":true,"href":"https:\/\/hidalgo.nl\/de\/wp-json\/wp\/v2\/product_cat?post=99405"},{"taxonomy":"product_tag","embeddable":true,"href":"https:\/\/hidalgo.nl\/de\/wp-json\/wp\/v2\/product_tag?post=99405"}],"curies":[{"name":"wp","href":"https:\/\/api.w.org\/{rel}","templated":true}]}}