{"id":9812,"date":"2025-07-03T10:07:28","date_gmt":"2025-07-03T10:07:28","guid":{"rendered":"http:\/\/bidonsenshakers.pim.hidalgo.nl\/product\/abs-mobiele-tefoonhouder-everett\/"},"modified":"2026-03-15T15:03:13","modified_gmt":"2026-03-15T15:03:13","slug":"abs-mobiele-tefoonhouder-everett","status":"publish","type":"product","link":"https:\/\/hidalgo.nl\/de\/product\/9812\/handyhalterung-fahrrad-everett-bedrucken-verstellbar-abs-9cm\/","title":{"rendered":"ABS mobiele tefoonhouder Everett"},"content":{"rendered":"<p>Kunststof verstelbare mobiele telefoonhouder voor op het stuur van een fiets. De telefoonhouder is verstelbaar in verschillende posities. De maximale stangdiameter is tussen de 15 en 19 mm, en de maximale opening voor de telefoonhouder is 9 cm.<\/p>\n","protected":false},"excerpt":{"rendered":"<p>Kunststof verstelbare mobiele telefoonhouder voor op het stuur van een fiets. De telefoonhouder is verstelbaar in verschillende posities. De maximale stangdiameter is tussen de 15 en 19 mm, en de maximale opening voor de telefoonhouder is 9 cm.<\/p>\n","protected":false},"featured_media":9813,"template":"","meta":{"_acf_changed":false,"om_disable_all_campaigns":false,"_monsterinsights_skip_tracking":false,"_monsterinsights_sitenote_active":false,"_monsterinsights_sitenote_note":"","_monsterinsights_sitenote_category":0},"product_brand":[49],"product_cat":[4720,4719,4749],"product_tag":[],"class_list":{"0":"post-9812","1":"product","2":"type-product","3":"status-publish","4":"has-post-thumbnail","6":"product_supplier-a58","7":"product_material-abs","8":"product_material-rubber","9":"product_brand-impression","10":"product_cat-promotionele-artikelen-elektronica-en-gadgets","11":"product_cat-promotionele-artikelen","12":"product_cat-promotionele-artikelen-elektronica-en-gadgets-telefoon-accessoires","13":"entry","15":"first","16":"instock","17":"taxable","18":"shipping-taxable","19":"purchasable","20":"product-type-variable"},"acf":{"imprint_cost":[{"imprint_cost_key":"370e769e147fb976a24fca47c4f959891638cbf2","product_quantity_price_range":[{"imprint_cost_recommended_selling_price":"5.91","imprint_cost_recommended_selling_quantity":"1"},{"imprint_cost_recommended_selling_price":"2.97","imprint_cost_recommended_selling_quantity":"25"},{"imprint_cost_recommended_selling_price":"1.49","imprint_cost_recommended_selling_quantity":"50"},{"imprint_cost_recommended_selling_price":"0.69","imprint_cost_recommended_selling_quantity":"100"},{"imprint_cost_recommended_selling_price":"0.55","imprint_cost_recommended_selling_quantity":"250"},{"imprint_cost_recommended_selling_price":"0.43","imprint_cost_recommended_selling_quantity":"500"},{"imprint_cost_recommended_selling_price":"0.4","imprint_cost_recommended_selling_quantity":"1000"},{"imprint_cost_recommended_selling_price":"0.35","imprint_cost_recommended_selling_quantity":"2500"},{"imprint_cost_recommended_selling_price":"0.34","imprint_cost_recommended_selling_quantity":"5000"},{"imprint_cost_recommended_selling_price":"0.32","imprint_cost_recommended_selling_quantity":"10000"}],"product_quantity_price_range_buying":false,"imprint_cost_setup_costs":"52.31","imprint_cost_handling_costs":"0.2"},{"imprint_cost_key":"09b11e15689bcaad4821eeb88022ce31b8d9473b","product_quantity_price_range":[{"imprint_cost_recommended_selling_price":"11.6","imprint_cost_recommended_selling_quantity":"1"},{"imprint_cost_recommended_selling_price":"5.83","imprint_cost_recommended_selling_quantity":"25"},{"imprint_cost_recommended_selling_price":"2.92","imprint_cost_recommended_selling_quantity":"50"},{"imprint_cost_recommended_selling_price":"1.35","imprint_cost_recommended_selling_quantity":"100"},{"imprint_cost_recommended_selling_price":"1.07","imprint_cost_recommended_selling_quantity":"250"},{"imprint_cost_recommended_selling_price":"0.85","imprint_cost_recommended_selling_quantity":"500"},{"imprint_cost_recommended_selling_price":"0.78","imprint_cost_recommended_selling_quantity":"1000"},{"imprint_cost_recommended_selling_price":"0.69","imprint_cost_recommended_selling_quantity":"2500"},{"imprint_cost_recommended_selling_price":"0.66","imprint_cost_recommended_selling_quantity":"5000"},{"imprint_cost_recommended_selling_price":"0.63","imprint_cost_recommended_selling_quantity":"10000"}],"product_quantity_price_range_buying":false,"imprint_cost_setup_costs":"104.62","imprint_cost_handling_costs":"0.2"},{"imprint_cost_key":"e9e7178c6e5a05b02f42a80eda35707579dde3bc","product_quantity_price_range":[{"imprint_cost_recommended_selling_price":"6.06","imprint_cost_recommended_selling_quantity":"1"},{"imprint_cost_recommended_selling_price":"4.52","imprint_cost_recommended_selling_quantity":"25"},{"imprint_cost_recommended_selling_price":"2.23","imprint_cost_recommended_selling_quantity":"50"},{"imprint_cost_recommended_selling_price":"1.72","imprint_cost_recommended_selling_quantity":"100"},{"imprint_cost_recommended_selling_price":"1.31","imprint_cost_recommended_selling_quantity":"250"},{"imprint_cost_recommended_selling_price":"1.11","imprint_cost_recommended_selling_quantity":"500"},{"imprint_cost_recommended_selling_price":"1.06","imprint_cost_recommended_selling_quantity":"1000"},{"imprint_cost_recommended_selling_price":"0.98","imprint_cost_recommended_selling_quantity":"2500"},{"imprint_cost_recommended_selling_price":"0.94","imprint_cost_recommended_selling_quantity":"5000"},{"imprint_cost_recommended_selling_price":"0.92","imprint_cost_recommended_selling_quantity":"10000"}],"product_quantity_price_range_buying":false,"imprint_cost_setup_costs":"71.54","imprint_cost_handling_costs":"0.26"}]},"aioseo_notices":[],"aioseo_head":"\n\t\t<!-- All in One SEO Pro 4.9.6.2 - aioseo.com -->\n\t<meta name=\"description\" content=\"Sichere dir die verstellbare ABS Handyhalterung Everett f\u00fcr dein n\u00e4chstes Outdoor-Event und lass diese Handyhalterung bedrucken, um deine Marke direkt am Lenker sichtbar zu machen. Mit Platz f\u00fcr Smartphones bis 9 cm Breite ist dieser Werbeartikel ein n\u00fctzlicher Begleiter f\u00fcr deine aktive Zielgruppe.\" \/>\n\t<meta name=\"robots\" content=\"max-image-preview:large\" \/>\n\t<link rel=\"canonical\" href=\"https:\/\/hidalgo.nl\/de\/wp-json\/wp\/v2\/product\/9812\" \/>\n\t<meta name=\"generator\" content=\"All in One SEO Pro (AIOSEO) 4.9.6.2\" \/>\n\t\t<meta property=\"og:locale\" content=\"de_DE\" \/>\n\t\t<meta property=\"og:site_name\" content=\"Hidalgo -\" \/>\n\t\t<meta property=\"og:type\" content=\"article\" \/>\n\t\t<meta property=\"og:title\" content=\"Handyhalterung Fahrrad Everett bedrucken verstellbar ABS 9cm\" \/>\n\t\t<meta property=\"og:description\" content=\"Sichere dir die verstellbare ABS Handyhalterung Everett f\u00fcr dein n\u00e4chstes Outdoor-Event und lass diese Handyhalterung bedrucken, um deine Marke direkt am Lenker sichtbar zu machen. Mit Platz f\u00fcr Smartphones bis 9 cm Breite ist dieser Werbeartikel ein n\u00fctzlicher Begleiter f\u00fcr deine aktive Zielgruppe.\" \/>\n\t\t<meta property=\"og:url\" content=\"https:\/\/hidalgo.nl\/de\/wp-json\/wp\/v2\/product\/9812\" \/>\n\t\t<meta property=\"og:image\" content=\"https:\/\/shop.hidalgo.nl\/wp-content\/uploads\/2025\/11\/cropped-Hidalgo-est1993.png\" \/>\n\t\t<meta property=\"og:image:secure_url\" content=\"https:\/\/shop.hidalgo.nl\/wp-content\/uploads\/2025\/11\/cropped-Hidalgo-est1993.png\" \/>\n\t\t<meta property=\"article:published_time\" content=\"2025-07-03T10:07:28+00:00\" \/>\n\t\t<meta property=\"article:modified_time\" content=\"2026-03-15T15:03:13+00:00\" \/>\n\t\t<meta name=\"twitter:card\" content=\"summary_large_image\" \/>\n\t\t<meta name=\"twitter:title\" content=\"Handyhalterung Fahrrad Everett bedrucken verstellbar ABS 9cm\" \/>\n\t\t<meta name=\"twitter:description\" content=\"Sichere dir die verstellbare ABS Handyhalterung Everett f\u00fcr dein n\u00e4chstes Outdoor-Event und lass diese Handyhalterung bedrucken, um deine Marke direkt am Lenker sichtbar zu machen. Mit Platz f\u00fcr Smartphones bis 9 cm Breite ist dieser Werbeartikel ein n\u00fctzlicher Begleiter f\u00fcr deine aktive Zielgruppe.\" \/>\n\t\t<meta name=\"twitter:image\" content=\"https:\/\/shop.hidalgo.nl\/wp-content\/uploads\/2025\/11\/cropped-Hidalgo-est1993.png\" \/>\n\t\t<script type=\"application\/ld+json\" class=\"aioseo-schema\">\n\t\t\t{\"@context\":\"https:\\\/\\\/schema.org\",\"@graph\":[{\"@type\":\"BreadcrumbList\",\"@id\":\"https:\\\/\\\/hidalgo.nl\\\/de\\\/product\\\/9812\\\/handyhalterung-fahrrad-everett-bedrucken-verstellbar-abs-9cm\\\/#breadcrumblist\",\"itemListElement\":[{\"@type\":\"ListItem\",\"@id\":\"https:\\\/\\\/hidalgo.nl\\\/de\\\/#listItem\",\"position\":1,\"name\":\"Home\",\"item\":\"https:\\\/\\\/hidalgo.nl\\\/de\\\/\",\"nextItem\":{\"@type\":\"ListItem\",\"@id\":\"https:\\\/\\\/hidalgo.nl\\\/example\\\/#listItem\",\"name\":\"example\"}},{\"@type\":\"ListItem\",\"@id\":\"https:\\\/\\\/hidalgo.nl\\\/example\\\/#listItem\",\"position\":2,\"name\":\"example\",\"item\":\"https:\\\/\\\/hidalgo.nl\\\/example\\\/\",\"nextItem\":{\"@type\":\"ListItem\",\"@id\":\"https:\\\/\\\/hidalgo.nl\\\/en\\\/product-supplier\\\/a58\\\/#listItem\",\"name\":\"A58\"},\"previousItem\":{\"@type\":\"ListItem\",\"@id\":\"https:\\\/\\\/hidalgo.nl\\\/de\\\/#listItem\",\"name\":\"Home\"}},{\"@type\":\"ListItem\",\"@id\":\"https:\\\/\\\/hidalgo.nl\\\/en\\\/product-supplier\\\/a58\\\/#listItem\",\"position\":3,\"name\":\"A58\",\"item\":\"https:\\\/\\\/hidalgo.nl\\\/en\\\/product-supplier\\\/a58\\\/\",\"nextItem\":{\"@type\":\"ListItem\",\"@id\":\"https:\\\/\\\/hidalgo.nl\\\/de\\\/product\\\/9812\\\/handyhalterung-fahrrad-everett-bedrucken-verstellbar-abs-9cm\\\/#listItem\",\"name\":\"ABS mobiele tefoonhouder Everett\"},\"previousItem\":{\"@type\":\"ListItem\",\"@id\":\"https:\\\/\\\/hidalgo.nl\\\/example\\\/#listItem\",\"name\":\"example\"}},{\"@type\":\"ListItem\",\"@id\":\"https:\\\/\\\/hidalgo.nl\\\/de\\\/product\\\/9812\\\/handyhalterung-fahrrad-everett-bedrucken-verstellbar-abs-9cm\\\/#listItem\",\"position\":4,\"name\":\"ABS mobiele tefoonhouder Everett\",\"previousItem\":{\"@type\":\"ListItem\",\"@id\":\"https:\\\/\\\/hidalgo.nl\\\/en\\\/product-supplier\\\/a58\\\/#listItem\",\"name\":\"A58\"}}]},{\"@type\":\"Organization\",\"@id\":\"https:\\\/\\\/hidalgo.nl\\\/de\\\/#organization\",\"name\":\"Hidalgo\",\"url\":\"https:\\\/\\\/hidalgo.nl\\\/de\\\/\",\"logo\":{\"@type\":\"ImageObject\",\"url\":\"https:\\\/\\\/shop.hidalgo.nl\\\/wp-content\\\/uploads\\\/2025\\\/11\\\/cropped-Hidalgo-est1993.png\",\"@id\":\"https:\\\/\\\/hidalgo.nl\\\/de\\\/product\\\/9812\\\/handyhalterung-fahrrad-everett-bedrucken-verstellbar-abs-9cm\\\/#organizationLogo\",\"width\":585,\"height\":195},\"image\":{\"@id\":\"https:\\\/\\\/hidalgo.nl\\\/de\\\/product\\\/9812\\\/handyhalterung-fahrrad-everett-bedrucken-verstellbar-abs-9cm\\\/#organizationLogo\"}},{\"@type\":\"ProductGroup\",\"@id\":\"https:\\\/\\\/hidalgo.nl\\\/de\\\/product\\\/9812\\\/handyhalterung-fahrrad-everett-bedrucken-verstellbar-abs-9cm\\\/#wooCommerceProduct\",\"name\":\"Handyhalterung Fahrrad Everett bedrucken verstellbar ABS 9cm\",\"url\":\"https:\\\/\\\/hidalgo.nl\\\/de\\\/product\\\/9812\\\/handyhalterung-fahrrad-everett-bedrucken-verstellbar-abs-9cm\\\/\",\"brand\":{\"@type\":\"Brand\",\"name\":\"IMPRESSION\"},\"sku\":\"A58-1165\",\"image\":{\"@type\":\"ImageObject\",\"url\":\"https:\\\/\\\/shop.hidalgo.nl\\\/wp-content\\\/uploads\\\/2025\\\/05\\\/de367d0e1abea128205cf5f2aa5ab671cee5f0ce497989a78ac4cd15d8fba04a.jpg\",\"@id\":\"https:\\\/\\\/hidalgo.nl\\\/de\\\/product\\\/9812\\\/handyhalterung-fahrrad-everett-bedrucken-verstellbar-abs-9cm\\\/#productImage\",\"width\":902,\"height\":1000},\"productGroupID\":9812,\"hasVariant\":[{\"@type\":\"Product\",\"@id\":\"https:\\\/\\\/hidalgo.nl\\\/de\\\/product\\\/9812\\\/handyhalterung-fahrrad-everett-bedrucken-verstellbar-abs-9cm\\\/#wooCommerceProduct\",\"name\":\"ABS mobiele tefoonhouder Everett - zwart,\",\"url\":\"https:\\\/\\\/hidalgo.nl\\\/de\\\/product\\\/9812\\\/handyhalterung-fahrrad-everett-bedrucken-verstellbar-abs-9cm\\\/\",\"sku\":\"A58-1165-001999999\",\"gtin\":\"8717568946429\",\"image\":{\"@type\":\"ImageObject\",\"url\":\"https:\\\/\\\/shop.hidalgo.nl\\\/wp-content\\\/uploads\\\/2025\\\/05\\\/de367d0e1abea128205cf5f2aa5ab671cee5f0ce497989a78ac4cd15d8fba04a.jpg\",\"@id\":\"https:\\\/\\\/hidalgo.nl\\\/de\\\/product\\\/9812\\\/handyhalterung-fahrrad-everett-bedrucken-verstellbar-abs-9cm\\\/#productImage\",\"width\":902,\"height\":1000},\"offers\":{\"@type\":\"Offer\",\"url\":\"https:\\\/\\\/hidalgo.nl\\\/de\\\/product\\\/9812\\\/handyhalterung-fahrrad-everett-bedrucken-verstellbar-abs-9cm\\\/#wooCommerceOffer\",\"price\":\"5.26\",\"priceCurrency\":\"EUR\",\"category\":\"Promotionele Artikelen\",\"availability\":\"https:\\\/\\\/schema.org\\\/InStock\",\"priceSpecification\":{\"@type\":\"PriceSpecification\",\"price\":5.26,\"priceCurrency\":\"EUR\",\"valueAddedTaxIncluded\":\"true\"}}}]},{\"@type\":\"WebPage\",\"@id\":\"https:\\\/\\\/hidalgo.nl\\\/de\\\/product\\\/9812\\\/handyhalterung-fahrrad-everett-bedrucken-verstellbar-abs-9cm\\\/#webpage\",\"url\":\"https:\\\/\\\/hidalgo.nl\\\/de\\\/product\\\/9812\\\/handyhalterung-fahrrad-everett-bedrucken-verstellbar-abs-9cm\\\/\",\"name\":\"Handyhalterung Fahrrad Everett bedrucken verstellbar ABS 9cm\",\"description\":\"Sichere dir die verstellbare ABS Handyhalterung Everett f\\u00fcr dein n\\u00e4chstes Outdoor-Event und lass diese Handyhalterung bedrucken, um deine Marke direkt am Lenker sichtbar zu machen. Mit Platz f\\u00fcr Smartphones bis 9 cm Breite ist dieser Werbeartikel ein n\\u00fctzlicher Begleiter f\\u00fcr deine aktive Zielgruppe.\",\"inLanguage\":\"de-DE\",\"isPartOf\":{\"@id\":\"https:\\\/\\\/hidalgo.nl\\\/de\\\/#website\"},\"breadcrumb\":{\"@id\":\"https:\\\/\\\/hidalgo.nl\\\/de\\\/product\\\/9812\\\/handyhalterung-fahrrad-everett-bedrucken-verstellbar-abs-9cm\\\/#breadcrumblist\"},\"image\":{\"@type\":\"ImageObject\",\"url\":\"https:\\\/\\\/shop.hidalgo.nl\\\/wp-content\\\/uploads\\\/2025\\\/05\\\/de367d0e1abea128205cf5f2aa5ab671cee5f0ce497989a78ac4cd15d8fba04a.jpg\",\"@id\":\"https:\\\/\\\/hidalgo.nl\\\/de\\\/product\\\/9812\\\/handyhalterung-fahrrad-everett-bedrucken-verstellbar-abs-9cm\\\/#mainImage\",\"width\":902,\"height\":1000},\"primaryImageOfPage\":{\"@id\":\"https:\\\/\\\/hidalgo.nl\\\/de\\\/product\\\/9812\\\/handyhalterung-fahrrad-everett-bedrucken-verstellbar-abs-9cm\\\/#mainImage\"},\"datePublished\":\"2025-07-03T10:07:28+00:00\",\"dateModified\":\"2026-03-15T15:03:13+00:00\"},{\"@type\":\"WebSite\",\"@id\":\"https:\\\/\\\/hidalgo.nl\\\/de\\\/#website\",\"url\":\"https:\\\/\\\/hidalgo.nl\\\/de\\\/\",\"name\":\"Hidalgo\",\"inLanguage\":\"de-DE\",\"publisher\":{\"@id\":\"https:\\\/\\\/hidalgo.nl\\\/de\\\/#organization\"}}]}\n\t\t<\/script>\n\t\t<!-- All in One SEO Pro -->\r\n\t\t<title>Handyhalterung Fahrrad Everett bedrucken verstellbar ABS 9cm<\/title>\n\n","aioseo_head_json":{"title":"Handyhalterung Fahrrad Everett bedrucken verstellbar ABS 9cm","description":"Sichere dir die verstellbare ABS Handyhalterung Everett f\u00fcr dein n\u00e4chstes Outdoor-Event und lass diese Handyhalterung bedrucken, um deine Marke direkt am Lenker sichtbar zu machen. Mit Platz f\u00fcr Smartphones bis 9 cm Breite ist dieser Werbeartikel ein n\u00fctzlicher Begleiter f\u00fcr deine aktive Zielgruppe.","canonical_url":"https:\/\/hidalgo.nl\/de\/wp-json\/wp\/v2\/product\/9812","robots":"max-image-preview:large","keywords":"","webmasterTools":{"miscellaneous":""},"schema":{"@context":"https:\/\/schema.org","@graph":[{"@type":"BreadcrumbList","@id":"https:\/\/hidalgo.nl\/de\/product\/9812\/handyhalterung-fahrrad-everett-bedrucken-verstellbar-abs-9cm\/#breadcrumblist","itemListElement":[{"@type":"ListItem","@id":"https:\/\/hidalgo.nl\/de\/#listItem","position":1,"name":"Home","item":"https:\/\/hidalgo.nl\/de\/","nextItem":{"@type":"ListItem","@id":"https:\/\/hidalgo.nl\/example\/#listItem","name":"example"}},{"@type":"ListItem","@id":"https:\/\/hidalgo.nl\/example\/#listItem","position":2,"name":"example","item":"https:\/\/hidalgo.nl\/example\/","nextItem":{"@type":"ListItem","@id":"https:\/\/hidalgo.nl\/en\/product-supplier\/a58\/#listItem","name":"A58"},"previousItem":{"@type":"ListItem","@id":"https:\/\/hidalgo.nl\/de\/#listItem","name":"Home"}},{"@type":"ListItem","@id":"https:\/\/hidalgo.nl\/en\/product-supplier\/a58\/#listItem","position":3,"name":"A58","item":"https:\/\/hidalgo.nl\/en\/product-supplier\/a58\/","nextItem":{"@type":"ListItem","@id":"https:\/\/hidalgo.nl\/de\/product\/9812\/handyhalterung-fahrrad-everett-bedrucken-verstellbar-abs-9cm\/#listItem","name":"ABS mobiele tefoonhouder Everett"},"previousItem":{"@type":"ListItem","@id":"https:\/\/hidalgo.nl\/example\/#listItem","name":"example"}},{"@type":"ListItem","@id":"https:\/\/hidalgo.nl\/de\/product\/9812\/handyhalterung-fahrrad-everett-bedrucken-verstellbar-abs-9cm\/#listItem","position":4,"name":"ABS mobiele tefoonhouder Everett","previousItem":{"@type":"ListItem","@id":"https:\/\/hidalgo.nl\/en\/product-supplier\/a58\/#listItem","name":"A58"}}]},{"@type":"Organization","@id":"https:\/\/hidalgo.nl\/de\/#organization","name":"Hidalgo","url":"https:\/\/hidalgo.nl\/de\/","logo":{"@type":"ImageObject","url":"https:\/\/shop.hidalgo.nl\/wp-content\/uploads\/2025\/11\/cropped-Hidalgo-est1993.png","@id":"https:\/\/hidalgo.nl\/de\/product\/9812\/handyhalterung-fahrrad-everett-bedrucken-verstellbar-abs-9cm\/#organizationLogo","width":585,"height":195},"image":{"@id":"https:\/\/hidalgo.nl\/de\/product\/9812\/handyhalterung-fahrrad-everett-bedrucken-verstellbar-abs-9cm\/#organizationLogo"}},{"@type":"ProductGroup","@id":"https:\/\/hidalgo.nl\/de\/product\/9812\/handyhalterung-fahrrad-everett-bedrucken-verstellbar-abs-9cm\/#wooCommerceProduct","name":"Handyhalterung Fahrrad Everett bedrucken verstellbar ABS 9cm","url":"https:\/\/hidalgo.nl\/de\/product\/9812\/handyhalterung-fahrrad-everett-bedrucken-verstellbar-abs-9cm\/","brand":{"@type":"Brand","name":"IMPRESSION"},"sku":"A58-1165","image":{"@type":"ImageObject","url":"https:\/\/shop.hidalgo.nl\/wp-content\/uploads\/2025\/05\/de367d0e1abea128205cf5f2aa5ab671cee5f0ce497989a78ac4cd15d8fba04a.jpg","@id":"https:\/\/hidalgo.nl\/de\/product\/9812\/handyhalterung-fahrrad-everett-bedrucken-verstellbar-abs-9cm\/#productImage","width":902,"height":1000},"productGroupID":9812,"hasVariant":[{"@type":"Product","@id":"https:\/\/hidalgo.nl\/de\/product\/9812\/handyhalterung-fahrrad-everett-bedrucken-verstellbar-abs-9cm\/#wooCommerceProduct","name":"ABS mobiele tefoonhouder Everett - zwart,","url":"https:\/\/hidalgo.nl\/de\/product\/9812\/handyhalterung-fahrrad-everett-bedrucken-verstellbar-abs-9cm\/","sku":"A58-1165-001999999","gtin":"8717568946429","image":{"@type":"ImageObject","url":"https:\/\/shop.hidalgo.nl\/wp-content\/uploads\/2025\/05\/de367d0e1abea128205cf5f2aa5ab671cee5f0ce497989a78ac4cd15d8fba04a.jpg","@id":"https:\/\/hidalgo.nl\/de\/product\/9812\/handyhalterung-fahrrad-everett-bedrucken-verstellbar-abs-9cm\/#productImage","width":902,"height":1000},"offers":{"@type":"Offer","url":"https:\/\/hidalgo.nl\/de\/product\/9812\/handyhalterung-fahrrad-everett-bedrucken-verstellbar-abs-9cm\/#wooCommerceOffer","price":"5.26","priceCurrency":"EUR","category":"Promotionele Artikelen","availability":"https:\/\/schema.org\/InStock","priceSpecification":{"@type":"PriceSpecification","price":5.26,"priceCurrency":"EUR","valueAddedTaxIncluded":"true"}}}]},{"@type":"WebPage","@id":"https:\/\/hidalgo.nl\/de\/product\/9812\/handyhalterung-fahrrad-everett-bedrucken-verstellbar-abs-9cm\/#webpage","url":"https:\/\/hidalgo.nl\/de\/product\/9812\/handyhalterung-fahrrad-everett-bedrucken-verstellbar-abs-9cm\/","name":"Handyhalterung Fahrrad Everett bedrucken verstellbar ABS 9cm","description":"Sichere dir die verstellbare ABS Handyhalterung Everett f\u00fcr dein n\u00e4chstes Outdoor-Event und lass diese Handyhalterung bedrucken, um deine Marke direkt am Lenker sichtbar zu machen. Mit Platz f\u00fcr Smartphones bis 9 cm Breite ist dieser Werbeartikel ein n\u00fctzlicher Begleiter f\u00fcr deine aktive Zielgruppe.","inLanguage":"de-DE","isPartOf":{"@id":"https:\/\/hidalgo.nl\/de\/#website"},"breadcrumb":{"@id":"https:\/\/hidalgo.nl\/de\/product\/9812\/handyhalterung-fahrrad-everett-bedrucken-verstellbar-abs-9cm\/#breadcrumblist"},"image":{"@type":"ImageObject","url":"https:\/\/shop.hidalgo.nl\/wp-content\/uploads\/2025\/05\/de367d0e1abea128205cf5f2aa5ab671cee5f0ce497989a78ac4cd15d8fba04a.jpg","@id":"https:\/\/hidalgo.nl\/de\/product\/9812\/handyhalterung-fahrrad-everett-bedrucken-verstellbar-abs-9cm\/#mainImage","width":902,"height":1000},"primaryImageOfPage":{"@id":"https:\/\/hidalgo.nl\/de\/product\/9812\/handyhalterung-fahrrad-everett-bedrucken-verstellbar-abs-9cm\/#mainImage"},"datePublished":"2025-07-03T10:07:28+00:00","dateModified":"2026-03-15T15:03:13+00:00"},{"@type":"WebSite","@id":"https:\/\/hidalgo.nl\/de\/#website","url":"https:\/\/hidalgo.nl\/de\/","name":"Hidalgo","inLanguage":"de-DE","publisher":{"@id":"https:\/\/hidalgo.nl\/de\/#organization"}}]},"og:locale":"de_DE","og:site_name":"Hidalgo -","og:type":"article","og:title":"Handyhalterung Fahrrad Everett bedrucken verstellbar ABS 9cm","og:description":"Sichere dir die verstellbare ABS Handyhalterung Everett f\u00fcr dein n\u00e4chstes Outdoor-Event und lass diese Handyhalterung bedrucken, um deine Marke direkt am Lenker sichtbar zu machen. Mit Platz f\u00fcr Smartphones bis 9 cm Breite ist dieser Werbeartikel ein n\u00fctzlicher Begleiter f\u00fcr deine aktive Zielgruppe.","og:url":"https:\/\/hidalgo.nl\/de\/wp-json\/wp\/v2\/product\/9812","og:image":"https:\/\/shop.hidalgo.nl\/wp-content\/uploads\/2025\/11\/cropped-Hidalgo-est1993.png","og:image:secure_url":"https:\/\/shop.hidalgo.nl\/wp-content\/uploads\/2025\/11\/cropped-Hidalgo-est1993.png","article:published_time":"2025-07-03T10:07:28+00:00","article:modified_time":"2026-03-15T15:03:13+00:00","twitter:card":"summary_large_image","twitter:title":"Handyhalterung Fahrrad Everett bedrucken verstellbar ABS 9cm","twitter:description":"Sichere dir die verstellbare ABS Handyhalterung Everett f\u00fcr dein n\u00e4chstes Outdoor-Event und lass diese Handyhalterung bedrucken, um deine Marke direkt am Lenker sichtbar zu machen. Mit Platz f\u00fcr Smartphones bis 9 cm Breite ist dieser Werbeartikel ein n\u00fctzlicher Begleiter f\u00fcr deine aktive Zielgruppe.","twitter:image":"https:\/\/shop.hidalgo.nl\/wp-content\/uploads\/2025\/11\/cropped-Hidalgo-est1993.png"},"aioseo_meta_data":{"post_id":"9812","title":null,"description":null,"keywords":null,"keyphrases":null,"primary_term":null,"canonical_url":null,"og_title":null,"og_description":null,"og_object_type":"default","og_image_type":"default","og_image_url":null,"og_image_width":null,"og_image_height":null,"og_image_custom_url":null,"og_image_custom_fields":null,"og_video":null,"og_custom_url":null,"og_article_section":null,"og_article_tags":null,"twitter_use_og":false,"twitter_card":"default","twitter_image_type":"default","twitter_image_url":null,"twitter_image_custom_url":null,"twitter_image_custom_fields":null,"twitter_title":null,"twitter_description":null,"schema":{"blockGraphs":[],"customGraphs":[],"default":{"data":{"Article":[],"Course":[],"Dataset":[],"FAQPage":[],"Movie":[],"Person":[],"Product":[],"ProductReview":[],"Car":[],"Recipe":[],"Service":[],"SoftwareApplication":[],"WebPage":[]},"graphName":"","isEnabled":true},"graphs":[]},"schema_type":"default","schema_type_options":null,"pillar_content":false,"robots_default":true,"robots_noindex":false,"robots_noarchive":false,"robots_nosnippet":false,"robots_nofollow":false,"robots_noimageindex":false,"robots_noodp":false,"robots_notranslate":false,"robots_max_snippet":null,"robots_max_videopreview":null,"robots_max_imagepreview":"large","priority":null,"frequency":null,"local_seo":null,"seo_analyzer_scan_date":"2026-01-20 09:55:11","breadcrumb_settings":null,"limit_modified_date":false,"reviewed_by":null,"open_ai":null,"ai":null,"created":"2026-01-14 06:17:37","updated":"2026-04-22 16:05:52"},"aioseo_breadcrumb":"<div class=\"aioseo-breadcrumbs\"><span class=\"aioseo-breadcrumb\">\n\t<a href=\"https:\/\/hidalgo.nl\/de\/\" title=\"Home\">Home<\/a>\n<\/span><span class=\"aioseo-breadcrumb-separator\">\u00bb<\/span><span class=\"aioseo-breadcrumb\">\n\t<a href=\"https:\/\/hidalgo.nl\/example\/\" title=\"example\">example<\/a>\n<\/span><span class=\"aioseo-breadcrumb-separator\">\u00bb<\/span><span class=\"aioseo-breadcrumb\">\n\t<a href=\"https:\/\/hidalgo.nl\/en\/product-supplier\/a58\/\" title=\"A58\">A58<\/a>\n<\/span><span class=\"aioseo-breadcrumb-separator\">\u00bb<\/span><span class=\"aioseo-breadcrumb\">\n\tABS mobiele tefoonhouder Everett\n<\/span><\/div>","aioseo_breadcrumb_json":[{"label":"Home","link":"https:\/\/hidalgo.nl\/de\/"},{"label":"example","link":"https:\/\/hidalgo.nl\/example\/"},{"label":"A58","link":"https:\/\/hidalgo.nl\/en\/product-supplier\/a58\/"},{"label":"ABS mobiele tefoonhouder Everett","link":"https:\/\/hidalgo.nl\/de\/product\/9812\/handyhalterung-fahrrad-everett-bedrucken-verstellbar-abs-9cm\/"}],"_links":{"self":[{"href":"https:\/\/hidalgo.nl\/de\/wp-json\/wp\/v2\/product\/9812","targetHints":{"allow":["GET"]}}],"collection":[{"href":"https:\/\/hidalgo.nl\/de\/wp-json\/wp\/v2\/product"}],"about":[{"href":"https:\/\/hidalgo.nl\/de\/wp-json\/wp\/v2\/types\/product"}],"wp:featuredmedia":[{"embeddable":true,"href":"https:\/\/hidalgo.nl\/de\/wp-json\/wp\/v2\/media\/9813"}],"wp:attachment":[{"href":"https:\/\/hidalgo.nl\/de\/wp-json\/wp\/v2\/media?parent=9812"}],"wp:term":[{"taxonomy":"product_brand","embeddable":true,"href":"https:\/\/hidalgo.nl\/de\/wp-json\/wp\/v2\/product_brand?post=9812"},{"taxonomy":"product_cat","embeddable":true,"href":"https:\/\/hidalgo.nl\/de\/wp-json\/wp\/v2\/product_cat?post=9812"},{"taxonomy":"product_tag","embeddable":true,"href":"https:\/\/hidalgo.nl\/de\/wp-json\/wp\/v2\/product_tag?post=9812"}],"curies":[{"name":"wp","href":"https:\/\/api.w.org\/{rel}","templated":true}]}}