{"id":9799,"date":"2025-07-03T10:07:20","date_gmt":"2025-07-03T10:07:20","guid":{"rendered":"http:\/\/bidonsenshakers.pim.hidalgo.nl\/product\/brandcharger-kee-multitool\/"},"modified":"2026-03-15T15:02:36","modified_gmt":"2026-03-15T15:02:36","slug":"brandcharger-kee-multitool","status":"publish","type":"product","link":"https:\/\/hidalgo.nl\/de\/product\/9799\/multitool-brandcharger-kee-bedrucken-12-in-1-edelstahl-mini\/","title":{"rendered":"BrandCharger Kee multitool"},"content":{"rendered":"<p>De Kee Shape multitool, gemaakt van duurzaam 2CR13 martensitisch roestvrij staal, combineert 12 essenti\u00eble gereedschappen in een compact, sleutelhanger-vormig ontwerp dat eenvoudig aan elke sleutelhanger kan worden bevestigd. Het bevat een fietsspaken sleutel, steeksleutels (4-10 mm), flesopener, Phillips- en platte schroevendraaiers, draadbuiger en centimeter- en inchlinialen. Geleverd in een strakke zwarte doos, is het een handig alles-in-\u00e9\u00e9n gereedschap voor dagelijkse behoeften.<\/p>\n","protected":false},"excerpt":{"rendered":"<p>De Kee Shape multitool, gemaakt van duurzaam 2CR13 martensitisch roestvrij staal, combineert 12 essenti\u00eble gereedschappen in een compact, sleutelhanger-vormig ontwerp dat eenvoudig aan elke sleutelhanger kan worden bevestigd. Het bevat een fietsspaken sleutel, steeksleutels (4-10 mm), flesopener, Phillips- en platte schroevendraaiers, draadbuiger en centimeter- en inchlinialen. Geleverd in een strakke zwarte doos, is het een&hellip; <a class=\"more-link\" href=\"https:\/\/hidalgo.nl\/de\/product\/9799\/multitool-brandcharger-kee-bedrucken-12-in-1-edelstahl-mini\/\"><span class=\"screen-reader-text\">BrandCharger Kee multitool<\/span> weiterlesen<\/a><\/p>\n","protected":false},"featured_media":9800,"template":"","meta":{"_acf_changed":false,"om_disable_all_campaigns":false,"_monsterinsights_skip_tracking":false,"_monsterinsights_sitenote_active":false,"_monsterinsights_sitenote_note":"","_monsterinsights_sitenote_category":0},"product_brand":[117],"product_cat":[4808,4719],"product_tag":[],"class_list":{"0":"post-9799","1":"product","2":"type-product","3":"status-publish","4":"has-post-thumbnail","6":"product_supplier-a58","7":"product_material-rvs","8":"product_brand-brandcharger","9":"product_cat-gereedschap","10":"product_cat-promotionele-artikelen","11":"entry","13":"first","14":"instock","15":"taxable","16":"shipping-taxable","17":"purchasable","18":"product-type-variable"},"acf":{"imprint_cost":[{"imprint_cost_key":"6f42367420bc4823bdf10d6066b4354feefc1e48","product_quantity_price_range":[{"imprint_cost_recommended_selling_price":"2.66","imprint_cost_recommended_selling_quantity":"1"},{"imprint_cost_recommended_selling_price":"1.63","imprint_cost_recommended_selling_quantity":"25"},{"imprint_cost_recommended_selling_price":"1.22","imprint_cost_recommended_selling_quantity":"50"},{"imprint_cost_recommended_selling_price":"0.88","imprint_cost_recommended_selling_quantity":"100"},{"imprint_cost_recommended_selling_price":"0.52","imprint_cost_recommended_selling_quantity":"250"},{"imprint_cost_recommended_selling_price":"0.43","imprint_cost_recommended_selling_quantity":"500"},{"imprint_cost_recommended_selling_price":"0.37","imprint_cost_recommended_selling_quantity":"1000"},{"imprint_cost_recommended_selling_price":"0.29","imprint_cost_recommended_selling_quantity":"2500"}],"product_quantity_price_range_buying":false,"imprint_cost_setup_costs":"30.77","imprint_cost_handling_costs":"0.2"}]},"aioseo_notices":[],"aioseo_head":"\n\t\t<!-- All in One SEO Pro 4.9.6.2 - aioseo.com -->\n\t<meta name=\"description\" content=\"Mit dem BrandCharger Kee erh\u00e4ltst du ein funktionales Taschenwerkzeug mit Logo, das mit seinen zw\u00f6lf n\u00fctzlichen Funktionen perfekt in den mobilen Alltag passt. Du kannst dieses robuste Tool bequem per Multitool Gravur personalisieren lassen, um bei deiner Zielgruppe auf Events &amp; Messen einen bleibenden Eindruck zu hinterlassen.\" \/>\n\t<meta name=\"robots\" content=\"max-image-preview:large\" \/>\n\t<link rel=\"canonical\" href=\"https:\/\/hidalgo.nl\/de\/wp-json\/wp\/v2\/product\/9799\" \/>\n\t<meta name=\"generator\" content=\"All in One SEO Pro (AIOSEO) 4.9.6.2\" \/>\n\t\t<meta property=\"og:locale\" content=\"de_DE\" \/>\n\t\t<meta property=\"og:site_name\" content=\"Hidalgo -\" \/>\n\t\t<meta property=\"og:type\" content=\"article\" \/>\n\t\t<meta property=\"og:title\" content=\"Multitool BrandCharger Kee bedrucken 12-in-1 Edelstahl Mini\" \/>\n\t\t<meta property=\"og:description\" content=\"Mit dem BrandCharger Kee erh\u00e4ltst du ein funktionales Taschenwerkzeug mit Logo, das mit seinen zw\u00f6lf n\u00fctzlichen Funktionen perfekt in den mobilen Alltag passt. Du kannst dieses robuste Tool bequem per Multitool Gravur personalisieren lassen, um bei deiner Zielgruppe auf Events &amp; Messen einen bleibenden Eindruck zu hinterlassen.\" \/>\n\t\t<meta property=\"og:url\" content=\"https:\/\/hidalgo.nl\/de\/wp-json\/wp\/v2\/product\/9799\" \/>\n\t\t<meta property=\"og:image\" content=\"https:\/\/shop.hidalgo.nl\/wp-content\/uploads\/2025\/11\/cropped-Hidalgo-est1993.png\" \/>\n\t\t<meta property=\"og:image:secure_url\" content=\"https:\/\/shop.hidalgo.nl\/wp-content\/uploads\/2025\/11\/cropped-Hidalgo-est1993.png\" \/>\n\t\t<meta property=\"article:published_time\" content=\"2025-07-03T10:07:20+00:00\" \/>\n\t\t<meta property=\"article:modified_time\" content=\"2026-03-15T15:02:36+00:00\" \/>\n\t\t<meta name=\"twitter:card\" content=\"summary_large_image\" \/>\n\t\t<meta name=\"twitter:title\" content=\"Multitool BrandCharger Kee bedrucken 12-in-1 Edelstahl Mini\" \/>\n\t\t<meta name=\"twitter:description\" content=\"Mit dem BrandCharger Kee erh\u00e4ltst du ein funktionales Taschenwerkzeug mit Logo, das mit seinen zw\u00f6lf n\u00fctzlichen Funktionen perfekt in den mobilen Alltag passt. Du kannst dieses robuste Tool bequem per Multitool Gravur personalisieren lassen, um bei deiner Zielgruppe auf Events &amp; Messen einen bleibenden Eindruck zu hinterlassen.\" \/>\n\t\t<meta name=\"twitter:image\" content=\"https:\/\/shop.hidalgo.nl\/wp-content\/uploads\/2025\/11\/cropped-Hidalgo-est1993.png\" \/>\n\t\t<script type=\"application\/ld+json\" class=\"aioseo-schema\">\n\t\t\t{\"@context\":\"https:\\\/\\\/schema.org\",\"@graph\":[{\"@type\":\"BreadcrumbList\",\"@id\":\"https:\\\/\\\/hidalgo.nl\\\/de\\\/product\\\/9799\\\/multitool-brandcharger-kee-bedrucken-12-in-1-edelstahl-mini\\\/#breadcrumblist\",\"itemListElement\":[{\"@type\":\"ListItem\",\"@id\":\"https:\\\/\\\/hidalgo.nl\\\/de\\\/#listItem\",\"position\":1,\"name\":\"Home\",\"item\":\"https:\\\/\\\/hidalgo.nl\\\/de\\\/\",\"nextItem\":{\"@type\":\"ListItem\",\"@id\":\"https:\\\/\\\/hidalgo.nl\\\/example\\\/#listItem\",\"name\":\"example\"}},{\"@type\":\"ListItem\",\"@id\":\"https:\\\/\\\/hidalgo.nl\\\/example\\\/#listItem\",\"position\":2,\"name\":\"example\",\"item\":\"https:\\\/\\\/hidalgo.nl\\\/example\\\/\",\"nextItem\":{\"@type\":\"ListItem\",\"@id\":\"https:\\\/\\\/hidalgo.nl\\\/en\\\/product-supplier\\\/a58\\\/#listItem\",\"name\":\"A58\"},\"previousItem\":{\"@type\":\"ListItem\",\"@id\":\"https:\\\/\\\/hidalgo.nl\\\/de\\\/#listItem\",\"name\":\"Home\"}},{\"@type\":\"ListItem\",\"@id\":\"https:\\\/\\\/hidalgo.nl\\\/en\\\/product-supplier\\\/a58\\\/#listItem\",\"position\":3,\"name\":\"A58\",\"item\":\"https:\\\/\\\/hidalgo.nl\\\/en\\\/product-supplier\\\/a58\\\/\",\"nextItem\":{\"@type\":\"ListItem\",\"@id\":\"https:\\\/\\\/hidalgo.nl\\\/de\\\/product\\\/9799\\\/multitool-brandcharger-kee-bedrucken-12-in-1-edelstahl-mini\\\/#listItem\",\"name\":\"BrandCharger Kee multitool\"},\"previousItem\":{\"@type\":\"ListItem\",\"@id\":\"https:\\\/\\\/hidalgo.nl\\\/example\\\/#listItem\",\"name\":\"example\"}},{\"@type\":\"ListItem\",\"@id\":\"https:\\\/\\\/hidalgo.nl\\\/de\\\/product\\\/9799\\\/multitool-brandcharger-kee-bedrucken-12-in-1-edelstahl-mini\\\/#listItem\",\"position\":4,\"name\":\"BrandCharger Kee multitool\",\"previousItem\":{\"@type\":\"ListItem\",\"@id\":\"https:\\\/\\\/hidalgo.nl\\\/en\\\/product-supplier\\\/a58\\\/#listItem\",\"name\":\"A58\"}}]},{\"@type\":\"Organization\",\"@id\":\"https:\\\/\\\/hidalgo.nl\\\/de\\\/#organization\",\"name\":\"Hidalgo\",\"url\":\"https:\\\/\\\/hidalgo.nl\\\/de\\\/\",\"logo\":{\"@type\":\"ImageObject\",\"url\":\"https:\\\/\\\/shop.hidalgo.nl\\\/wp-content\\\/uploads\\\/2025\\\/11\\\/cropped-Hidalgo-est1993.png\",\"@id\":\"https:\\\/\\\/hidalgo.nl\\\/de\\\/product\\\/9799\\\/multitool-brandcharger-kee-bedrucken-12-in-1-edelstahl-mini\\\/#organizationLogo\",\"width\":585,\"height\":195},\"image\":{\"@id\":\"https:\\\/\\\/hidalgo.nl\\\/de\\\/product\\\/9799\\\/multitool-brandcharger-kee-bedrucken-12-in-1-edelstahl-mini\\\/#organizationLogo\"}},{\"@type\":\"ProductGroup\",\"@id\":\"https:\\\/\\\/hidalgo.nl\\\/de\\\/product\\\/9799\\\/multitool-brandcharger-kee-bedrucken-12-in-1-edelstahl-mini\\\/#wooCommerceProduct\",\"name\":\"Multitool BrandCharger Kee bedrucken 12-in-1 Edelstahl Mini\",\"url\":\"https:\\\/\\\/hidalgo.nl\\\/de\\\/product\\\/9799\\\/multitool-brandcharger-kee-bedrucken-12-in-1-edelstahl-mini\\\/\",\"brand\":{\"@type\":\"Brand\",\"name\":\"Brandcharger\"},\"sku\":\"A58-1163694\",\"image\":{\"@type\":\"ImageObject\",\"url\":\"https:\\\/\\\/shop.hidalgo.nl\\\/wp-content\\\/uploads\\\/2025\\\/05\\\/2651ea868fc0e69b59709c19b0339cab05f6c7cdee1ae5c5dd5e2240af565b42.jpg\",\"@id\":\"https:\\\/\\\/hidalgo.nl\\\/de\\\/product\\\/9799\\\/multitool-brandcharger-kee-bedrucken-12-in-1-edelstahl-mini\\\/#productImage\",\"width\":1000,\"height\":412},\"productGroupID\":9799,\"hasVariant\":[{\"@type\":\"Product\",\"@id\":\"https:\\\/\\\/hidalgo.nl\\\/de\\\/product\\\/9799\\\/multitool-brandcharger-kee-bedrucken-12-in-1-edelstahl-mini\\\/#wooCommerceProduct\",\"name\":\"BrandCharger Kee multitool - zilver,\",\"url\":\"https:\\\/\\\/hidalgo.nl\\\/de\\\/product\\\/9799\\\/multitool-brandcharger-kee-bedrucken-12-in-1-edelstahl-mini\\\/\",\"sku\":\"A58-1163694-032999999\",\"image\":{\"@type\":\"ImageObject\",\"url\":\"https:\\\/\\\/shop.hidalgo.nl\\\/wp-content\\\/uploads\\\/2025\\\/05\\\/2651ea868fc0e69b59709c19b0339cab05f6c7cdee1ae5c5dd5e2240af565b42.jpg\",\"@id\":\"https:\\\/\\\/hidalgo.nl\\\/de\\\/product\\\/9799\\\/multitool-brandcharger-kee-bedrucken-12-in-1-edelstahl-mini\\\/#productImage\",\"width\":1000,\"height\":412},\"offers\":{\"@type\":\"Offer\",\"url\":\"https:\\\/\\\/hidalgo.nl\\\/de\\\/product\\\/9799\\\/multitool-brandcharger-kee-bedrucken-12-in-1-edelstahl-mini\\\/#wooCommerceOffer\",\"price\":\"3.26\",\"priceCurrency\":\"EUR\",\"category\":\"Promotionele Artikelen\",\"availability\":\"https:\\\/\\\/schema.org\\\/InStock\",\"priceSpecification\":{\"@type\":\"PriceSpecification\",\"price\":3.26,\"priceCurrency\":\"EUR\",\"valueAddedTaxIncluded\":\"true\"}}}]},{\"@type\":\"WebPage\",\"@id\":\"https:\\\/\\\/hidalgo.nl\\\/de\\\/product\\\/9799\\\/multitool-brandcharger-kee-bedrucken-12-in-1-edelstahl-mini\\\/#webpage\",\"url\":\"https:\\\/\\\/hidalgo.nl\\\/de\\\/product\\\/9799\\\/multitool-brandcharger-kee-bedrucken-12-in-1-edelstahl-mini\\\/\",\"name\":\"Multitool BrandCharger Kee bedrucken 12-in-1 Edelstahl Mini\",\"description\":\"Mit dem BrandCharger Kee erh\\u00e4ltst du ein funktionales Taschenwerkzeug mit Logo, das mit seinen zw\\u00f6lf n\\u00fctzlichen Funktionen perfekt in den mobilen Alltag passt. Du kannst dieses robuste Tool bequem per Multitool Gravur personalisieren lassen, um bei deiner Zielgruppe auf Events & Messen einen bleibenden Eindruck zu hinterlassen.\",\"inLanguage\":\"de-DE\",\"isPartOf\":{\"@id\":\"https:\\\/\\\/hidalgo.nl\\\/de\\\/#website\"},\"breadcrumb\":{\"@id\":\"https:\\\/\\\/hidalgo.nl\\\/de\\\/product\\\/9799\\\/multitool-brandcharger-kee-bedrucken-12-in-1-edelstahl-mini\\\/#breadcrumblist\"},\"image\":{\"@type\":\"ImageObject\",\"url\":\"https:\\\/\\\/shop.hidalgo.nl\\\/wp-content\\\/uploads\\\/2025\\\/05\\\/2651ea868fc0e69b59709c19b0339cab05f6c7cdee1ae5c5dd5e2240af565b42.jpg\",\"@id\":\"https:\\\/\\\/hidalgo.nl\\\/de\\\/product\\\/9799\\\/multitool-brandcharger-kee-bedrucken-12-in-1-edelstahl-mini\\\/#mainImage\",\"width\":1000,\"height\":412},\"primaryImageOfPage\":{\"@id\":\"https:\\\/\\\/hidalgo.nl\\\/de\\\/product\\\/9799\\\/multitool-brandcharger-kee-bedrucken-12-in-1-edelstahl-mini\\\/#mainImage\"},\"datePublished\":\"2025-07-03T10:07:20+00:00\",\"dateModified\":\"2026-03-15T15:02:36+00:00\"},{\"@type\":\"WebSite\",\"@id\":\"https:\\\/\\\/hidalgo.nl\\\/de\\\/#website\",\"url\":\"https:\\\/\\\/hidalgo.nl\\\/de\\\/\",\"name\":\"Hidalgo\",\"inLanguage\":\"de-DE\",\"publisher\":{\"@id\":\"https:\\\/\\\/hidalgo.nl\\\/de\\\/#organization\"}}]}\n\t\t<\/script>\n\t\t<!-- All in One SEO Pro -->\r\n\t\t<title>Multitool BrandCharger Kee bedrucken 12-in-1 Edelstahl Mini<\/title>\n\n","aioseo_head_json":{"title":"Multitool BrandCharger Kee bedrucken 12-in-1 Edelstahl Mini","description":"Mit dem BrandCharger Kee erh\u00e4ltst du ein funktionales Taschenwerkzeug mit Logo, das mit seinen zw\u00f6lf n\u00fctzlichen Funktionen perfekt in den mobilen Alltag passt. Du kannst dieses robuste Tool bequem per Multitool Gravur personalisieren lassen, um bei deiner Zielgruppe auf Events & Messen einen bleibenden Eindruck zu hinterlassen.","canonical_url":"https:\/\/hidalgo.nl\/de\/wp-json\/wp\/v2\/product\/9799","robots":"max-image-preview:large","keywords":"","webmasterTools":{"miscellaneous":""},"schema":{"@context":"https:\/\/schema.org","@graph":[{"@type":"BreadcrumbList","@id":"https:\/\/hidalgo.nl\/de\/product\/9799\/multitool-brandcharger-kee-bedrucken-12-in-1-edelstahl-mini\/#breadcrumblist","itemListElement":[{"@type":"ListItem","@id":"https:\/\/hidalgo.nl\/de\/#listItem","position":1,"name":"Home","item":"https:\/\/hidalgo.nl\/de\/","nextItem":{"@type":"ListItem","@id":"https:\/\/hidalgo.nl\/example\/#listItem","name":"example"}},{"@type":"ListItem","@id":"https:\/\/hidalgo.nl\/example\/#listItem","position":2,"name":"example","item":"https:\/\/hidalgo.nl\/example\/","nextItem":{"@type":"ListItem","@id":"https:\/\/hidalgo.nl\/en\/product-supplier\/a58\/#listItem","name":"A58"},"previousItem":{"@type":"ListItem","@id":"https:\/\/hidalgo.nl\/de\/#listItem","name":"Home"}},{"@type":"ListItem","@id":"https:\/\/hidalgo.nl\/en\/product-supplier\/a58\/#listItem","position":3,"name":"A58","item":"https:\/\/hidalgo.nl\/en\/product-supplier\/a58\/","nextItem":{"@type":"ListItem","@id":"https:\/\/hidalgo.nl\/de\/product\/9799\/multitool-brandcharger-kee-bedrucken-12-in-1-edelstahl-mini\/#listItem","name":"BrandCharger Kee multitool"},"previousItem":{"@type":"ListItem","@id":"https:\/\/hidalgo.nl\/example\/#listItem","name":"example"}},{"@type":"ListItem","@id":"https:\/\/hidalgo.nl\/de\/product\/9799\/multitool-brandcharger-kee-bedrucken-12-in-1-edelstahl-mini\/#listItem","position":4,"name":"BrandCharger Kee multitool","previousItem":{"@type":"ListItem","@id":"https:\/\/hidalgo.nl\/en\/product-supplier\/a58\/#listItem","name":"A58"}}]},{"@type":"Organization","@id":"https:\/\/hidalgo.nl\/de\/#organization","name":"Hidalgo","url":"https:\/\/hidalgo.nl\/de\/","logo":{"@type":"ImageObject","url":"https:\/\/shop.hidalgo.nl\/wp-content\/uploads\/2025\/11\/cropped-Hidalgo-est1993.png","@id":"https:\/\/hidalgo.nl\/de\/product\/9799\/multitool-brandcharger-kee-bedrucken-12-in-1-edelstahl-mini\/#organizationLogo","width":585,"height":195},"image":{"@id":"https:\/\/hidalgo.nl\/de\/product\/9799\/multitool-brandcharger-kee-bedrucken-12-in-1-edelstahl-mini\/#organizationLogo"}},{"@type":"ProductGroup","@id":"https:\/\/hidalgo.nl\/de\/product\/9799\/multitool-brandcharger-kee-bedrucken-12-in-1-edelstahl-mini\/#wooCommerceProduct","name":"Multitool BrandCharger Kee bedrucken 12-in-1 Edelstahl Mini","url":"https:\/\/hidalgo.nl\/de\/product\/9799\/multitool-brandcharger-kee-bedrucken-12-in-1-edelstahl-mini\/","brand":{"@type":"Brand","name":"Brandcharger"},"sku":"A58-1163694","image":{"@type":"ImageObject","url":"https:\/\/shop.hidalgo.nl\/wp-content\/uploads\/2025\/05\/2651ea868fc0e69b59709c19b0339cab05f6c7cdee1ae5c5dd5e2240af565b42.jpg","@id":"https:\/\/hidalgo.nl\/de\/product\/9799\/multitool-brandcharger-kee-bedrucken-12-in-1-edelstahl-mini\/#productImage","width":1000,"height":412},"productGroupID":9799,"hasVariant":[{"@type":"Product","@id":"https:\/\/hidalgo.nl\/de\/product\/9799\/multitool-brandcharger-kee-bedrucken-12-in-1-edelstahl-mini\/#wooCommerceProduct","name":"BrandCharger Kee multitool - zilver,","url":"https:\/\/hidalgo.nl\/de\/product\/9799\/multitool-brandcharger-kee-bedrucken-12-in-1-edelstahl-mini\/","sku":"A58-1163694-032999999","image":{"@type":"ImageObject","url":"https:\/\/shop.hidalgo.nl\/wp-content\/uploads\/2025\/05\/2651ea868fc0e69b59709c19b0339cab05f6c7cdee1ae5c5dd5e2240af565b42.jpg","@id":"https:\/\/hidalgo.nl\/de\/product\/9799\/multitool-brandcharger-kee-bedrucken-12-in-1-edelstahl-mini\/#productImage","width":1000,"height":412},"offers":{"@type":"Offer","url":"https:\/\/hidalgo.nl\/de\/product\/9799\/multitool-brandcharger-kee-bedrucken-12-in-1-edelstahl-mini\/#wooCommerceOffer","price":"3.26","priceCurrency":"EUR","category":"Promotionele Artikelen","availability":"https:\/\/schema.org\/InStock","priceSpecification":{"@type":"PriceSpecification","price":3.26,"priceCurrency":"EUR","valueAddedTaxIncluded":"true"}}}]},{"@type":"WebPage","@id":"https:\/\/hidalgo.nl\/de\/product\/9799\/multitool-brandcharger-kee-bedrucken-12-in-1-edelstahl-mini\/#webpage","url":"https:\/\/hidalgo.nl\/de\/product\/9799\/multitool-brandcharger-kee-bedrucken-12-in-1-edelstahl-mini\/","name":"Multitool BrandCharger Kee bedrucken 12-in-1 Edelstahl Mini","description":"Mit dem BrandCharger Kee erh\u00e4ltst du ein funktionales Taschenwerkzeug mit Logo, das mit seinen zw\u00f6lf n\u00fctzlichen Funktionen perfekt in den mobilen Alltag passt. Du kannst dieses robuste Tool bequem per Multitool Gravur personalisieren lassen, um bei deiner Zielgruppe auf Events & Messen einen bleibenden Eindruck zu hinterlassen.","inLanguage":"de-DE","isPartOf":{"@id":"https:\/\/hidalgo.nl\/de\/#website"},"breadcrumb":{"@id":"https:\/\/hidalgo.nl\/de\/product\/9799\/multitool-brandcharger-kee-bedrucken-12-in-1-edelstahl-mini\/#breadcrumblist"},"image":{"@type":"ImageObject","url":"https:\/\/shop.hidalgo.nl\/wp-content\/uploads\/2025\/05\/2651ea868fc0e69b59709c19b0339cab05f6c7cdee1ae5c5dd5e2240af565b42.jpg","@id":"https:\/\/hidalgo.nl\/de\/product\/9799\/multitool-brandcharger-kee-bedrucken-12-in-1-edelstahl-mini\/#mainImage","width":1000,"height":412},"primaryImageOfPage":{"@id":"https:\/\/hidalgo.nl\/de\/product\/9799\/multitool-brandcharger-kee-bedrucken-12-in-1-edelstahl-mini\/#mainImage"},"datePublished":"2025-07-03T10:07:20+00:00","dateModified":"2026-03-15T15:02:36+00:00"},{"@type":"WebSite","@id":"https:\/\/hidalgo.nl\/de\/#website","url":"https:\/\/hidalgo.nl\/de\/","name":"Hidalgo","inLanguage":"de-DE","publisher":{"@id":"https:\/\/hidalgo.nl\/de\/#organization"}}]},"og:locale":"de_DE","og:site_name":"Hidalgo -","og:type":"article","og:title":"Multitool BrandCharger Kee bedrucken 12-in-1 Edelstahl Mini","og:description":"Mit dem BrandCharger Kee erh\u00e4ltst du ein funktionales Taschenwerkzeug mit Logo, das mit seinen zw\u00f6lf n\u00fctzlichen Funktionen perfekt in den mobilen Alltag passt. Du kannst dieses robuste Tool bequem per Multitool Gravur personalisieren lassen, um bei deiner Zielgruppe auf Events &amp; Messen einen bleibenden Eindruck zu hinterlassen.","og:url":"https:\/\/hidalgo.nl\/de\/wp-json\/wp\/v2\/product\/9799","og:image":"https:\/\/shop.hidalgo.nl\/wp-content\/uploads\/2025\/11\/cropped-Hidalgo-est1993.png","og:image:secure_url":"https:\/\/shop.hidalgo.nl\/wp-content\/uploads\/2025\/11\/cropped-Hidalgo-est1993.png","article:published_time":"2025-07-03T10:07:20+00:00","article:modified_time":"2026-03-15T15:02:36+00:00","twitter:card":"summary_large_image","twitter:title":"Multitool BrandCharger Kee bedrucken 12-in-1 Edelstahl Mini","twitter:description":"Mit dem BrandCharger Kee erh\u00e4ltst du ein funktionales Taschenwerkzeug mit Logo, das mit seinen zw\u00f6lf n\u00fctzlichen Funktionen perfekt in den mobilen Alltag passt. Du kannst dieses robuste Tool bequem per Multitool Gravur personalisieren lassen, um bei deiner Zielgruppe auf Events &amp; Messen einen bleibenden Eindruck zu hinterlassen.","twitter:image":"https:\/\/shop.hidalgo.nl\/wp-content\/uploads\/2025\/11\/cropped-Hidalgo-est1993.png"},"aioseo_meta_data":{"post_id":"9799","title":null,"description":null,"keywords":null,"keyphrases":null,"primary_term":null,"canonical_url":null,"og_title":null,"og_description":null,"og_object_type":"default","og_image_type":"default","og_image_url":null,"og_image_width":null,"og_image_height":null,"og_image_custom_url":null,"og_image_custom_fields":null,"og_video":null,"og_custom_url":null,"og_article_section":null,"og_article_tags":null,"twitter_use_og":false,"twitter_card":"default","twitter_image_type":"default","twitter_image_url":null,"twitter_image_custom_url":null,"twitter_image_custom_fields":null,"twitter_title":null,"twitter_description":null,"schema":{"blockGraphs":[],"customGraphs":[],"default":{"data":{"Article":[],"Course":[],"Dataset":[],"FAQPage":[],"Movie":[],"Person":[],"Product":[],"ProductReview":[],"Car":[],"Recipe":[],"Service":[],"SoftwareApplication":[],"WebPage":[]},"graphName":"","isEnabled":true},"graphs":[]},"schema_type":"default","schema_type_options":null,"pillar_content":false,"robots_default":true,"robots_noindex":false,"robots_noarchive":false,"robots_nosnippet":false,"robots_nofollow":false,"robots_noimageindex":false,"robots_noodp":false,"robots_notranslate":false,"robots_max_snippet":null,"robots_max_videopreview":null,"robots_max_imagepreview":"large","priority":null,"frequency":null,"local_seo":null,"seo_analyzer_scan_date":"2026-01-20 09:55:10","breadcrumb_settings":null,"limit_modified_date":false,"reviewed_by":null,"open_ai":null,"ai":null,"created":"2026-01-14 06:17:37","updated":"2026-04-22 16:05:52"},"aioseo_breadcrumb":"<div class=\"aioseo-breadcrumbs\"><span class=\"aioseo-breadcrumb\">\n\t<a href=\"https:\/\/hidalgo.nl\/de\/\" title=\"Home\">Home<\/a>\n<\/span><span class=\"aioseo-breadcrumb-separator\">\u00bb<\/span><span class=\"aioseo-breadcrumb\">\n\t<a href=\"https:\/\/hidalgo.nl\/example\/\" title=\"example\">example<\/a>\n<\/span><span class=\"aioseo-breadcrumb-separator\">\u00bb<\/span><span class=\"aioseo-breadcrumb\">\n\t<a href=\"https:\/\/hidalgo.nl\/en\/product-supplier\/a58\/\" title=\"A58\">A58<\/a>\n<\/span><span class=\"aioseo-breadcrumb-separator\">\u00bb<\/span><span class=\"aioseo-breadcrumb\">\n\tBrandCharger Kee multitool\n<\/span><\/div>","aioseo_breadcrumb_json":[{"label":"Home","link":"https:\/\/hidalgo.nl\/de\/"},{"label":"example","link":"https:\/\/hidalgo.nl\/example\/"},{"label":"A58","link":"https:\/\/hidalgo.nl\/en\/product-supplier\/a58\/"},{"label":"BrandCharger Kee multitool","link":"https:\/\/hidalgo.nl\/de\/product\/9799\/multitool-brandcharger-kee-bedrucken-12-in-1-edelstahl-mini\/"}],"_links":{"self":[{"href":"https:\/\/hidalgo.nl\/de\/wp-json\/wp\/v2\/product\/9799","targetHints":{"allow":["GET"]}}],"collection":[{"href":"https:\/\/hidalgo.nl\/de\/wp-json\/wp\/v2\/product"}],"about":[{"href":"https:\/\/hidalgo.nl\/de\/wp-json\/wp\/v2\/types\/product"}],"wp:featuredmedia":[{"embeddable":true,"href":"https:\/\/hidalgo.nl\/de\/wp-json\/wp\/v2\/media\/9800"}],"wp:attachment":[{"href":"https:\/\/hidalgo.nl\/de\/wp-json\/wp\/v2\/media?parent=9799"}],"wp:term":[{"taxonomy":"product_brand","embeddable":true,"href":"https:\/\/hidalgo.nl\/de\/wp-json\/wp\/v2\/product_brand?post=9799"},{"taxonomy":"product_cat","embeddable":true,"href":"https:\/\/hidalgo.nl\/de\/wp-json\/wp\/v2\/product_cat?post=9799"},{"taxonomy":"product_tag","embeddable":true,"href":"https:\/\/hidalgo.nl\/de\/wp-json\/wp\/v2\/product_tag?post=9799"}],"curies":[{"name":"wp","href":"https:\/\/api.w.org\/{rel}","templated":true}]}}