{"id":9792,"date":"2025-07-03T10:07:17","date_gmt":"2025-07-03T10:07:17","guid":{"rendered":"http:\/\/bidonsenshakers.pim.hidalgo.nl\/product\/brandcharger-twist-multitool\/"},"modified":"2026-03-15T10:04:13","modified_gmt":"2026-03-15T10:04:13","slug":"brandcharger-twist-multitool","status":"publish","type":"product","link":"https:\/\/hidalgo.nl\/de\/product\/9792\/multitool-brandcharger-twist-bedrucken-8-in-1-edelstahl-mini\/","title":{"rendered":"BrandCharger Twist multitool"},"content":{"rendered":"<p>De Twist multitool, gemaakt van gehard 420 martensitisch roestvrij staal, combineert 8 essenti\u00eble gereedschappen in een compact draaiontwerp dat comfortabel in de hand ligt. Dit veelzijdige gereedschap bevat een draadknipper, fietsspaken sleutel, diverse steeksleutels (5,5-12 mm), sleutelhanger, flesopener, karabijnhaak, Phillips- en platte schroevendraaiers en een liniaal. Geleverd in een zwarte doos met zachte schuiminzet voor bescherming, is het zowel stijlvol als praktisch\u2014ideaal voor dagelijkse taken.<\/p>\n","protected":false},"excerpt":{"rendered":"<p>De Twist multitool, gemaakt van gehard 420 martensitisch roestvrij staal, combineert 8 essenti\u00eble gereedschappen in een compact draaiontwerp dat comfortabel in de hand ligt. Dit veelzijdige gereedschap bevat een draadknipper, fietsspaken sleutel, diverse steeksleutels (5,5-12 mm), sleutelhanger, flesopener, karabijnhaak, Phillips- en platte schroevendraaiers en een liniaal. Geleverd in een zwarte doos met zachte schuiminzet voor&hellip; <a class=\"more-link\" href=\"https:\/\/hidalgo.nl\/de\/product\/9792\/multitool-brandcharger-twist-bedrucken-8-in-1-edelstahl-mini\/\"><span class=\"screen-reader-text\">BrandCharger Twist multitool<\/span> weiterlesen<\/a><\/p>\n","protected":false},"featured_media":9793,"template":"","meta":{"_acf_changed":false,"om_disable_all_campaigns":false,"_monsterinsights_skip_tracking":false,"_monsterinsights_sitenote_active":false,"_monsterinsights_sitenote_note":"","_monsterinsights_sitenote_category":0},"product_brand":[117],"product_cat":[4808,4719],"product_tag":[],"class_list":{"0":"post-9792","1":"product","2":"type-product","3":"status-publish","4":"has-post-thumbnail","6":"product_supplier-a58","7":"product_material-rvs","8":"product_brand-brandcharger","9":"product_cat-gereedschap","10":"product_cat-promotionele-artikelen","11":"entry","13":"first","14":"instock","15":"taxable","16":"shipping-taxable","17":"purchasable","18":"product-type-variable"},"acf":{"imprint_cost":[{"imprint_cost_key":"5ede99ee24681e5b444db0d53bea32733b28690f","product_quantity_price_range":[{"imprint_cost_recommended_selling_price":"2.66","imprint_cost_recommended_selling_quantity":"1"},{"imprint_cost_recommended_selling_price":"1.63","imprint_cost_recommended_selling_quantity":"25"},{"imprint_cost_recommended_selling_price":"1.22","imprint_cost_recommended_selling_quantity":"50"},{"imprint_cost_recommended_selling_price":"0.88","imprint_cost_recommended_selling_quantity":"100"},{"imprint_cost_recommended_selling_price":"0.52","imprint_cost_recommended_selling_quantity":"250"},{"imprint_cost_recommended_selling_price":"0.43","imprint_cost_recommended_selling_quantity":"500"},{"imprint_cost_recommended_selling_price":"0.37","imprint_cost_recommended_selling_quantity":"1000"},{"imprint_cost_recommended_selling_price":"0.29","imprint_cost_recommended_selling_quantity":"2500"}],"product_quantity_price_range_buying":false,"imprint_cost_setup_costs":"30.77","imprint_cost_handling_costs":"0.2"}]},"aioseo_notices":[],"aioseo_head":"\n\t\t<!-- All in One SEO Pro 4.9.6.2 - aioseo.com -->\n\t<meta name=\"description\" content=\"Sichere dir mit dem BrandCharger Twist ein kompaktes 8-in-1-Werkzeug aus Edelstahl f\u00fcr Alltag und Freizeit. Du kannst dieses Multitool bedrucken lassen und bei Hidalgo nach deinen W\u00fcnschen personalisieren. Es vereint modernes Design &amp; Funktionalit\u00e4t perfekt f\u00fcr deine Zielgruppe.\" \/>\n\t<meta name=\"robots\" content=\"max-image-preview:large\" \/>\n\t<link rel=\"canonical\" href=\"https:\/\/hidalgo.nl\/de\/wp-json\/wp\/v2\/product\/9792\" \/>\n\t<meta name=\"generator\" content=\"All in One SEO Pro (AIOSEO) 4.9.6.2\" \/>\n\t\t<meta property=\"og:locale\" content=\"de_DE\" \/>\n\t\t<meta property=\"og:site_name\" content=\"Hidalgo -\" \/>\n\t\t<meta property=\"og:type\" content=\"article\" \/>\n\t\t<meta property=\"og:title\" content=\"Multitool BrandCharger Twist bedrucken 8-in-1 Edelstahl Mini\" \/>\n\t\t<meta property=\"og:description\" content=\"Sichere dir mit dem BrandCharger Twist ein kompaktes 8-in-1-Werkzeug aus Edelstahl f\u00fcr Alltag und Freizeit. Du kannst dieses Multitool bedrucken lassen und bei Hidalgo nach deinen W\u00fcnschen personalisieren. Es vereint modernes Design &amp; Funktionalit\u00e4t perfekt f\u00fcr deine Zielgruppe.\" \/>\n\t\t<meta property=\"og:url\" content=\"https:\/\/hidalgo.nl\/de\/wp-json\/wp\/v2\/product\/9792\" \/>\n\t\t<meta property=\"og:image\" content=\"https:\/\/shop.hidalgo.nl\/wp-content\/uploads\/2025\/11\/cropped-Hidalgo-est1993.png\" \/>\n\t\t<meta property=\"og:image:secure_url\" content=\"https:\/\/shop.hidalgo.nl\/wp-content\/uploads\/2025\/11\/cropped-Hidalgo-est1993.png\" \/>\n\t\t<meta property=\"article:published_time\" content=\"2025-07-03T10:07:17+00:00\" \/>\n\t\t<meta property=\"article:modified_time\" content=\"2026-03-15T10:04:13+00:00\" \/>\n\t\t<meta name=\"twitter:card\" content=\"summary_large_image\" \/>\n\t\t<meta name=\"twitter:title\" content=\"Multitool BrandCharger Twist bedrucken 8-in-1 Edelstahl Mini\" \/>\n\t\t<meta name=\"twitter:description\" content=\"Sichere dir mit dem BrandCharger Twist ein kompaktes 8-in-1-Werkzeug aus Edelstahl f\u00fcr Alltag und Freizeit. Du kannst dieses Multitool bedrucken lassen und bei Hidalgo nach deinen W\u00fcnschen personalisieren. Es vereint modernes Design &amp; Funktionalit\u00e4t perfekt f\u00fcr deine Zielgruppe.\" \/>\n\t\t<meta name=\"twitter:image\" content=\"https:\/\/shop.hidalgo.nl\/wp-content\/uploads\/2025\/11\/cropped-Hidalgo-est1993.png\" \/>\n\t\t<script type=\"application\/ld+json\" class=\"aioseo-schema\">\n\t\t\t{\"@context\":\"https:\\\/\\\/schema.org\",\"@graph\":[{\"@type\":\"BreadcrumbList\",\"@id\":\"https:\\\/\\\/hidalgo.nl\\\/de\\\/product\\\/9792\\\/multitool-brandcharger-twist-bedrucken-8-in-1-edelstahl-mini\\\/#breadcrumblist\",\"itemListElement\":[{\"@type\":\"ListItem\",\"@id\":\"https:\\\/\\\/hidalgo.nl\\\/de\\\/#listItem\",\"position\":1,\"name\":\"Home\",\"item\":\"https:\\\/\\\/hidalgo.nl\\\/de\\\/\",\"nextItem\":{\"@type\":\"ListItem\",\"@id\":\"https:\\\/\\\/hidalgo.nl\\\/example\\\/#listItem\",\"name\":\"example\"}},{\"@type\":\"ListItem\",\"@id\":\"https:\\\/\\\/hidalgo.nl\\\/example\\\/#listItem\",\"position\":2,\"name\":\"example\",\"item\":\"https:\\\/\\\/hidalgo.nl\\\/example\\\/\",\"nextItem\":{\"@type\":\"ListItem\",\"@id\":\"https:\\\/\\\/hidalgo.nl\\\/en\\\/product-supplier\\\/a58\\\/#listItem\",\"name\":\"A58\"},\"previousItem\":{\"@type\":\"ListItem\",\"@id\":\"https:\\\/\\\/hidalgo.nl\\\/de\\\/#listItem\",\"name\":\"Home\"}},{\"@type\":\"ListItem\",\"@id\":\"https:\\\/\\\/hidalgo.nl\\\/en\\\/product-supplier\\\/a58\\\/#listItem\",\"position\":3,\"name\":\"A58\",\"item\":\"https:\\\/\\\/hidalgo.nl\\\/en\\\/product-supplier\\\/a58\\\/\",\"nextItem\":{\"@type\":\"ListItem\",\"@id\":\"https:\\\/\\\/hidalgo.nl\\\/de\\\/product\\\/9792\\\/multitool-brandcharger-twist-bedrucken-8-in-1-edelstahl-mini\\\/#listItem\",\"name\":\"BrandCharger Twist multitool\"},\"previousItem\":{\"@type\":\"ListItem\",\"@id\":\"https:\\\/\\\/hidalgo.nl\\\/example\\\/#listItem\",\"name\":\"example\"}},{\"@type\":\"ListItem\",\"@id\":\"https:\\\/\\\/hidalgo.nl\\\/de\\\/product\\\/9792\\\/multitool-brandcharger-twist-bedrucken-8-in-1-edelstahl-mini\\\/#listItem\",\"position\":4,\"name\":\"BrandCharger Twist multitool\",\"previousItem\":{\"@type\":\"ListItem\",\"@id\":\"https:\\\/\\\/hidalgo.nl\\\/en\\\/product-supplier\\\/a58\\\/#listItem\",\"name\":\"A58\"}}]},{\"@type\":\"Organization\",\"@id\":\"https:\\\/\\\/hidalgo.nl\\\/de\\\/#organization\",\"name\":\"Hidalgo\",\"url\":\"https:\\\/\\\/hidalgo.nl\\\/de\\\/\",\"logo\":{\"@type\":\"ImageObject\",\"url\":\"https:\\\/\\\/shop.hidalgo.nl\\\/wp-content\\\/uploads\\\/2025\\\/11\\\/cropped-Hidalgo-est1993.png\",\"@id\":\"https:\\\/\\\/hidalgo.nl\\\/de\\\/product\\\/9792\\\/multitool-brandcharger-twist-bedrucken-8-in-1-edelstahl-mini\\\/#organizationLogo\",\"width\":585,\"height\":195},\"image\":{\"@id\":\"https:\\\/\\\/hidalgo.nl\\\/de\\\/product\\\/9792\\\/multitool-brandcharger-twist-bedrucken-8-in-1-edelstahl-mini\\\/#organizationLogo\"}},{\"@type\":\"ProductGroup\",\"@id\":\"https:\\\/\\\/hidalgo.nl\\\/de\\\/product\\\/9792\\\/multitool-brandcharger-twist-bedrucken-8-in-1-edelstahl-mini\\\/#wooCommerceProduct\",\"name\":\"Multitool BrandCharger Twist bedrucken 8-in-1 Edelstahl Mini\",\"url\":\"https:\\\/\\\/hidalgo.nl\\\/de\\\/product\\\/9792\\\/multitool-brandcharger-twist-bedrucken-8-in-1-edelstahl-mini\\\/\",\"brand\":{\"@type\":\"Brand\",\"name\":\"Brandcharger\"},\"sku\":\"A58-1163693\",\"image\":{\"@type\":\"ImageObject\",\"url\":\"https:\\\/\\\/shop.hidalgo.nl\\\/wp-content\\\/uploads\\\/2025\\\/05\\\/53ea3bef0a976e6919b7a598b1a7e3c1e347e4e2ae7d0344a13c1c2f0c99e85f.jpg\",\"@id\":\"https:\\\/\\\/hidalgo.nl\\\/de\\\/product\\\/9792\\\/multitool-brandcharger-twist-bedrucken-8-in-1-edelstahl-mini\\\/#productImage\",\"width\":1000,\"height\":495},\"productGroupID\":9792,\"hasVariant\":[{\"@type\":\"Product\",\"@id\":\"https:\\\/\\\/hidalgo.nl\\\/de\\\/product\\\/9792\\\/multitool-brandcharger-twist-bedrucken-8-in-1-edelstahl-mini\\\/#wooCommerceProduct\",\"name\":\"BrandCharger Twist multitool - zilver,\",\"url\":\"https:\\\/\\\/hidalgo.nl\\\/de\\\/product\\\/9792\\\/multitool-brandcharger-twist-bedrucken-8-in-1-edelstahl-mini\\\/\",\"sku\":\"A58-1163693-032999999\",\"image\":{\"@type\":\"ImageObject\",\"url\":\"https:\\\/\\\/shop.hidalgo.nl\\\/wp-content\\\/uploads\\\/2025\\\/05\\\/53ea3bef0a976e6919b7a598b1a7e3c1e347e4e2ae7d0344a13c1c2f0c99e85f.jpg\",\"@id\":\"https:\\\/\\\/hidalgo.nl\\\/de\\\/product\\\/9792\\\/multitool-brandcharger-twist-bedrucken-8-in-1-edelstahl-mini\\\/#productImage\",\"width\":1000,\"height\":495},\"offers\":{\"@type\":\"Offer\",\"url\":\"https:\\\/\\\/hidalgo.nl\\\/de\\\/product\\\/9792\\\/multitool-brandcharger-twist-bedrucken-8-in-1-edelstahl-mini\\\/#wooCommerceOffer\",\"price\":\"10.1\",\"priceCurrency\":\"EUR\",\"category\":\"Promotionele Artikelen\",\"availability\":\"https:\\\/\\\/schema.org\\\/InStock\",\"priceSpecification\":{\"@type\":\"PriceSpecification\",\"price\":10.1,\"priceCurrency\":\"EUR\",\"valueAddedTaxIncluded\":\"true\"}}}]},{\"@type\":\"WebPage\",\"@id\":\"https:\\\/\\\/hidalgo.nl\\\/de\\\/product\\\/9792\\\/multitool-brandcharger-twist-bedrucken-8-in-1-edelstahl-mini\\\/#webpage\",\"url\":\"https:\\\/\\\/hidalgo.nl\\\/de\\\/product\\\/9792\\\/multitool-brandcharger-twist-bedrucken-8-in-1-edelstahl-mini\\\/\",\"name\":\"Multitool BrandCharger Twist bedrucken 8-in-1 Edelstahl Mini\",\"description\":\"Sichere dir mit dem BrandCharger Twist ein kompaktes 8-in-1-Werkzeug aus Edelstahl f\\u00fcr Alltag und Freizeit. Du kannst dieses Multitool bedrucken lassen und bei Hidalgo nach deinen W\\u00fcnschen personalisieren. Es vereint modernes Design & Funktionalit\\u00e4t perfekt f\\u00fcr deine Zielgruppe.\",\"inLanguage\":\"de-DE\",\"isPartOf\":{\"@id\":\"https:\\\/\\\/hidalgo.nl\\\/de\\\/#website\"},\"breadcrumb\":{\"@id\":\"https:\\\/\\\/hidalgo.nl\\\/de\\\/product\\\/9792\\\/multitool-brandcharger-twist-bedrucken-8-in-1-edelstahl-mini\\\/#breadcrumblist\"},\"image\":{\"@type\":\"ImageObject\",\"url\":\"https:\\\/\\\/shop.hidalgo.nl\\\/wp-content\\\/uploads\\\/2025\\\/05\\\/53ea3bef0a976e6919b7a598b1a7e3c1e347e4e2ae7d0344a13c1c2f0c99e85f.jpg\",\"@id\":\"https:\\\/\\\/hidalgo.nl\\\/de\\\/product\\\/9792\\\/multitool-brandcharger-twist-bedrucken-8-in-1-edelstahl-mini\\\/#mainImage\",\"width\":1000,\"height\":495},\"primaryImageOfPage\":{\"@id\":\"https:\\\/\\\/hidalgo.nl\\\/de\\\/product\\\/9792\\\/multitool-brandcharger-twist-bedrucken-8-in-1-edelstahl-mini\\\/#mainImage\"},\"datePublished\":\"2025-07-03T10:07:17+00:00\",\"dateModified\":\"2026-03-15T10:04:13+00:00\"},{\"@type\":\"WebSite\",\"@id\":\"https:\\\/\\\/hidalgo.nl\\\/de\\\/#website\",\"url\":\"https:\\\/\\\/hidalgo.nl\\\/de\\\/\",\"name\":\"Hidalgo\",\"inLanguage\":\"de-DE\",\"publisher\":{\"@id\":\"https:\\\/\\\/hidalgo.nl\\\/de\\\/#organization\"}}]}\n\t\t<\/script>\n\t\t<!-- All in One SEO Pro -->\r\n\t\t<title>Multitool BrandCharger Twist bedrucken 8-in-1 Edelstahl Mini<\/title>\n\n","aioseo_head_json":{"title":"Multitool BrandCharger Twist bedrucken 8-in-1 Edelstahl Mini","description":"Sichere dir mit dem BrandCharger Twist ein kompaktes 8-in-1-Werkzeug aus Edelstahl f\u00fcr Alltag und Freizeit. Du kannst dieses Multitool bedrucken lassen und bei Hidalgo nach deinen W\u00fcnschen personalisieren. Es vereint modernes Design & Funktionalit\u00e4t perfekt f\u00fcr deine Zielgruppe.","canonical_url":"https:\/\/hidalgo.nl\/de\/wp-json\/wp\/v2\/product\/9792","robots":"max-image-preview:large","keywords":"","webmasterTools":{"miscellaneous":""},"schema":{"@context":"https:\/\/schema.org","@graph":[{"@type":"BreadcrumbList","@id":"https:\/\/hidalgo.nl\/de\/product\/9792\/multitool-brandcharger-twist-bedrucken-8-in-1-edelstahl-mini\/#breadcrumblist","itemListElement":[{"@type":"ListItem","@id":"https:\/\/hidalgo.nl\/de\/#listItem","position":1,"name":"Home","item":"https:\/\/hidalgo.nl\/de\/","nextItem":{"@type":"ListItem","@id":"https:\/\/hidalgo.nl\/example\/#listItem","name":"example"}},{"@type":"ListItem","@id":"https:\/\/hidalgo.nl\/example\/#listItem","position":2,"name":"example","item":"https:\/\/hidalgo.nl\/example\/","nextItem":{"@type":"ListItem","@id":"https:\/\/hidalgo.nl\/en\/product-supplier\/a58\/#listItem","name":"A58"},"previousItem":{"@type":"ListItem","@id":"https:\/\/hidalgo.nl\/de\/#listItem","name":"Home"}},{"@type":"ListItem","@id":"https:\/\/hidalgo.nl\/en\/product-supplier\/a58\/#listItem","position":3,"name":"A58","item":"https:\/\/hidalgo.nl\/en\/product-supplier\/a58\/","nextItem":{"@type":"ListItem","@id":"https:\/\/hidalgo.nl\/de\/product\/9792\/multitool-brandcharger-twist-bedrucken-8-in-1-edelstahl-mini\/#listItem","name":"BrandCharger Twist multitool"},"previousItem":{"@type":"ListItem","@id":"https:\/\/hidalgo.nl\/example\/#listItem","name":"example"}},{"@type":"ListItem","@id":"https:\/\/hidalgo.nl\/de\/product\/9792\/multitool-brandcharger-twist-bedrucken-8-in-1-edelstahl-mini\/#listItem","position":4,"name":"BrandCharger Twist multitool","previousItem":{"@type":"ListItem","@id":"https:\/\/hidalgo.nl\/en\/product-supplier\/a58\/#listItem","name":"A58"}}]},{"@type":"Organization","@id":"https:\/\/hidalgo.nl\/de\/#organization","name":"Hidalgo","url":"https:\/\/hidalgo.nl\/de\/","logo":{"@type":"ImageObject","url":"https:\/\/shop.hidalgo.nl\/wp-content\/uploads\/2025\/11\/cropped-Hidalgo-est1993.png","@id":"https:\/\/hidalgo.nl\/de\/product\/9792\/multitool-brandcharger-twist-bedrucken-8-in-1-edelstahl-mini\/#organizationLogo","width":585,"height":195},"image":{"@id":"https:\/\/hidalgo.nl\/de\/product\/9792\/multitool-brandcharger-twist-bedrucken-8-in-1-edelstahl-mini\/#organizationLogo"}},{"@type":"ProductGroup","@id":"https:\/\/hidalgo.nl\/de\/product\/9792\/multitool-brandcharger-twist-bedrucken-8-in-1-edelstahl-mini\/#wooCommerceProduct","name":"Multitool BrandCharger Twist bedrucken 8-in-1 Edelstahl Mini","url":"https:\/\/hidalgo.nl\/de\/product\/9792\/multitool-brandcharger-twist-bedrucken-8-in-1-edelstahl-mini\/","brand":{"@type":"Brand","name":"Brandcharger"},"sku":"A58-1163693","image":{"@type":"ImageObject","url":"https:\/\/shop.hidalgo.nl\/wp-content\/uploads\/2025\/05\/53ea3bef0a976e6919b7a598b1a7e3c1e347e4e2ae7d0344a13c1c2f0c99e85f.jpg","@id":"https:\/\/hidalgo.nl\/de\/product\/9792\/multitool-brandcharger-twist-bedrucken-8-in-1-edelstahl-mini\/#productImage","width":1000,"height":495},"productGroupID":9792,"hasVariant":[{"@type":"Product","@id":"https:\/\/hidalgo.nl\/de\/product\/9792\/multitool-brandcharger-twist-bedrucken-8-in-1-edelstahl-mini\/#wooCommerceProduct","name":"BrandCharger Twist multitool - zilver,","url":"https:\/\/hidalgo.nl\/de\/product\/9792\/multitool-brandcharger-twist-bedrucken-8-in-1-edelstahl-mini\/","sku":"A58-1163693-032999999","image":{"@type":"ImageObject","url":"https:\/\/shop.hidalgo.nl\/wp-content\/uploads\/2025\/05\/53ea3bef0a976e6919b7a598b1a7e3c1e347e4e2ae7d0344a13c1c2f0c99e85f.jpg","@id":"https:\/\/hidalgo.nl\/de\/product\/9792\/multitool-brandcharger-twist-bedrucken-8-in-1-edelstahl-mini\/#productImage","width":1000,"height":495},"offers":{"@type":"Offer","url":"https:\/\/hidalgo.nl\/de\/product\/9792\/multitool-brandcharger-twist-bedrucken-8-in-1-edelstahl-mini\/#wooCommerceOffer","price":"10.1","priceCurrency":"EUR","category":"Promotionele Artikelen","availability":"https:\/\/schema.org\/InStock","priceSpecification":{"@type":"PriceSpecification","price":10.1,"priceCurrency":"EUR","valueAddedTaxIncluded":"true"}}}]},{"@type":"WebPage","@id":"https:\/\/hidalgo.nl\/de\/product\/9792\/multitool-brandcharger-twist-bedrucken-8-in-1-edelstahl-mini\/#webpage","url":"https:\/\/hidalgo.nl\/de\/product\/9792\/multitool-brandcharger-twist-bedrucken-8-in-1-edelstahl-mini\/","name":"Multitool BrandCharger Twist bedrucken 8-in-1 Edelstahl Mini","description":"Sichere dir mit dem BrandCharger Twist ein kompaktes 8-in-1-Werkzeug aus Edelstahl f\u00fcr Alltag und Freizeit. Du kannst dieses Multitool bedrucken lassen und bei Hidalgo nach deinen W\u00fcnschen personalisieren. Es vereint modernes Design & Funktionalit\u00e4t perfekt f\u00fcr deine Zielgruppe.","inLanguage":"de-DE","isPartOf":{"@id":"https:\/\/hidalgo.nl\/de\/#website"},"breadcrumb":{"@id":"https:\/\/hidalgo.nl\/de\/product\/9792\/multitool-brandcharger-twist-bedrucken-8-in-1-edelstahl-mini\/#breadcrumblist"},"image":{"@type":"ImageObject","url":"https:\/\/shop.hidalgo.nl\/wp-content\/uploads\/2025\/05\/53ea3bef0a976e6919b7a598b1a7e3c1e347e4e2ae7d0344a13c1c2f0c99e85f.jpg","@id":"https:\/\/hidalgo.nl\/de\/product\/9792\/multitool-brandcharger-twist-bedrucken-8-in-1-edelstahl-mini\/#mainImage","width":1000,"height":495},"primaryImageOfPage":{"@id":"https:\/\/hidalgo.nl\/de\/product\/9792\/multitool-brandcharger-twist-bedrucken-8-in-1-edelstahl-mini\/#mainImage"},"datePublished":"2025-07-03T10:07:17+00:00","dateModified":"2026-03-15T10:04:13+00:00"},{"@type":"WebSite","@id":"https:\/\/hidalgo.nl\/de\/#website","url":"https:\/\/hidalgo.nl\/de\/","name":"Hidalgo","inLanguage":"de-DE","publisher":{"@id":"https:\/\/hidalgo.nl\/de\/#organization"}}]},"og:locale":"de_DE","og:site_name":"Hidalgo -","og:type":"article","og:title":"Multitool BrandCharger Twist bedrucken 8-in-1 Edelstahl Mini","og:description":"Sichere dir mit dem BrandCharger Twist ein kompaktes 8-in-1-Werkzeug aus Edelstahl f\u00fcr Alltag und Freizeit. Du kannst dieses Multitool bedrucken lassen und bei Hidalgo nach deinen W\u00fcnschen personalisieren. Es vereint modernes Design &amp; Funktionalit\u00e4t perfekt f\u00fcr deine Zielgruppe.","og:url":"https:\/\/hidalgo.nl\/de\/wp-json\/wp\/v2\/product\/9792","og:image":"https:\/\/shop.hidalgo.nl\/wp-content\/uploads\/2025\/11\/cropped-Hidalgo-est1993.png","og:image:secure_url":"https:\/\/shop.hidalgo.nl\/wp-content\/uploads\/2025\/11\/cropped-Hidalgo-est1993.png","article:published_time":"2025-07-03T10:07:17+00:00","article:modified_time":"2026-03-15T10:04:13+00:00","twitter:card":"summary_large_image","twitter:title":"Multitool BrandCharger Twist bedrucken 8-in-1 Edelstahl Mini","twitter:description":"Sichere dir mit dem BrandCharger Twist ein kompaktes 8-in-1-Werkzeug aus Edelstahl f\u00fcr Alltag und Freizeit. Du kannst dieses Multitool bedrucken lassen und bei Hidalgo nach deinen W\u00fcnschen personalisieren. Es vereint modernes Design &amp; Funktionalit\u00e4t perfekt f\u00fcr deine Zielgruppe.","twitter:image":"https:\/\/shop.hidalgo.nl\/wp-content\/uploads\/2025\/11\/cropped-Hidalgo-est1993.png"},"aioseo_meta_data":{"post_id":"9792","title":null,"description":null,"keywords":null,"keyphrases":null,"primary_term":null,"canonical_url":null,"og_title":null,"og_description":null,"og_object_type":"default","og_image_type":"default","og_image_url":null,"og_image_width":null,"og_image_height":null,"og_image_custom_url":null,"og_image_custom_fields":null,"og_video":null,"og_custom_url":null,"og_article_section":null,"og_article_tags":null,"twitter_use_og":false,"twitter_card":"default","twitter_image_type":"default","twitter_image_url":null,"twitter_image_custom_url":null,"twitter_image_custom_fields":null,"twitter_title":null,"twitter_description":null,"schema":{"blockGraphs":[],"customGraphs":[],"default":{"data":{"Article":[],"Course":[],"Dataset":[],"FAQPage":[],"Movie":[],"Person":[],"Product":[],"ProductReview":[],"Car":[],"Recipe":[],"Service":[],"SoftwareApplication":[],"WebPage":[]},"graphName":"","isEnabled":true},"graphs":[]},"schema_type":"default","schema_type_options":null,"pillar_content":false,"robots_default":true,"robots_noindex":false,"robots_noarchive":false,"robots_nosnippet":false,"robots_nofollow":false,"robots_noimageindex":false,"robots_noodp":false,"robots_notranslate":false,"robots_max_snippet":null,"robots_max_videopreview":null,"robots_max_imagepreview":"large","priority":null,"frequency":null,"local_seo":null,"seo_analyzer_scan_date":"2026-01-20 09:55:10","breadcrumb_settings":null,"limit_modified_date":false,"reviewed_by":null,"open_ai":null,"ai":null,"created":"2026-01-14 06:17:37","updated":"2026-04-22 16:05:52"},"aioseo_breadcrumb":"<div class=\"aioseo-breadcrumbs\"><span class=\"aioseo-breadcrumb\">\n\t<a href=\"https:\/\/hidalgo.nl\/de\/\" title=\"Home\">Home<\/a>\n<\/span><span class=\"aioseo-breadcrumb-separator\">\u00bb<\/span><span class=\"aioseo-breadcrumb\">\n\t<a href=\"https:\/\/hidalgo.nl\/example\/\" title=\"example\">example<\/a>\n<\/span><span class=\"aioseo-breadcrumb-separator\">\u00bb<\/span><span class=\"aioseo-breadcrumb\">\n\t<a href=\"https:\/\/hidalgo.nl\/en\/product-supplier\/a58\/\" title=\"A58\">A58<\/a>\n<\/span><span class=\"aioseo-breadcrumb-separator\">\u00bb<\/span><span class=\"aioseo-breadcrumb\">\n\tBrandCharger Twist multitool\n<\/span><\/div>","aioseo_breadcrumb_json":[{"label":"Home","link":"https:\/\/hidalgo.nl\/de\/"},{"label":"example","link":"https:\/\/hidalgo.nl\/example\/"},{"label":"A58","link":"https:\/\/hidalgo.nl\/en\/product-supplier\/a58\/"},{"label":"BrandCharger Twist multitool","link":"https:\/\/hidalgo.nl\/de\/product\/9792\/multitool-brandcharger-twist-bedrucken-8-in-1-edelstahl-mini\/"}],"_links":{"self":[{"href":"https:\/\/hidalgo.nl\/de\/wp-json\/wp\/v2\/product\/9792","targetHints":{"allow":["GET"]}}],"collection":[{"href":"https:\/\/hidalgo.nl\/de\/wp-json\/wp\/v2\/product"}],"about":[{"href":"https:\/\/hidalgo.nl\/de\/wp-json\/wp\/v2\/types\/product"}],"wp:featuredmedia":[{"embeddable":true,"href":"https:\/\/hidalgo.nl\/de\/wp-json\/wp\/v2\/media\/9793"}],"wp:attachment":[{"href":"https:\/\/hidalgo.nl\/de\/wp-json\/wp\/v2\/media?parent=9792"}],"wp:term":[{"taxonomy":"product_brand","embeddable":true,"href":"https:\/\/hidalgo.nl\/de\/wp-json\/wp\/v2\/product_brand?post=9792"},{"taxonomy":"product_cat","embeddable":true,"href":"https:\/\/hidalgo.nl\/de\/wp-json\/wp\/v2\/product_cat?post=9792"},{"taxonomy":"product_tag","embeddable":true,"href":"https:\/\/hidalgo.nl\/de\/wp-json\/wp\/v2\/product_tag?post=9792"}],"curies":[{"name":"wp","href":"https:\/\/api.w.org\/{rel}","templated":true}]}}