{"id":9771,"date":"2025-07-03T10:07:04","date_gmt":"2025-07-03T10:07:04","guid":{"rendered":"http:\/\/bidonsenshakers.pim.hidalgo.nl\/product\/brandcharger-trident-2-oplaadkabel\/"},"modified":"2026-03-15T15:02:06","modified_gmt":"2026-03-15T15:02:06","slug":"brandcharger-trident-2-oplaadkabel-2","status":"publish","type":"product","link":"https:\/\/hidalgo.nl\/de\/product\/9771\/ladekabel-brandcharger-trident-2-bedrucken-3-in-1-nylon\/","title":{"rendered":"BrandCharger Trident 2+ oplaadkabel"},"content":{"rendered":"<p>De Trident 2+ Ultra-Strong Oplaadkabel is gebouwd om lang mee te gaan, met een levensduur van meer dan 12.000 buigingen zes keer sterker dan standaardkabels. De aluminium basis en de verstevigde nylon gevlochten mantel zorgen voor duurzaamheid en een strak design. Deze USB-A naar Micro\/Type-C\/Lightning kabel garandeert betrouwbaar opladen voor alle compatibele apparaten, met maximaal 10W laadvermogen.<\/p>\n","protected":false},"excerpt":{"rendered":"<p>De Trident 2+ Ultra-Strong Oplaadkabel is gebouwd om lang mee te gaan, met een levensduur van meer dan 12.000 buigingen zes keer sterker dan standaardkabels. De aluminium basis en de verstevigde nylon gevlochten mantel zorgen voor duurzaamheid en een strak design. Deze USB-A naar Micro\/Type-C\/Lightning kabel garandeert betrouwbaar opladen voor alle compatibele apparaten, met maximaal&hellip; <a class=\"more-link\" href=\"https:\/\/hidalgo.nl\/de\/product\/9771\/ladekabel-brandcharger-trident-2-bedrucken-3-in-1-nylon\/\"><span class=\"screen-reader-text\">BrandCharger Trident 2+ oplaadkabel<\/span> weiterlesen<\/a><\/p>\n","protected":false},"featured_media":9772,"template":"","meta":{"_acf_changed":false,"om_disable_all_campaigns":false,"_monsterinsights_skip_tracking":false,"_monsterinsights_sitenote_active":false,"_monsterinsights_sitenote_note":"","_monsterinsights_sitenote_category":0},"product_brand":[117],"product_cat":[4720,4724,4719],"product_tag":[],"class_list":{"0":"post-9771","1":"product","2":"type-product","3":"status-publish","4":"has-post-thumbnail","6":"product_supplier-a58","7":"product_material-aluminium","8":"product_material-nylon","9":"product_material-rpet","10":"product_brand-brandcharger","11":"product_cat-promotionele-artikelen-elektronica-en-gadgets","12":"product_cat-promotionele-artikelen-elektronica-en-gadgets-kabels-en-opladers","13":"product_cat-promotionele-artikelen","14":"entry","16":"first","17":"instock","18":"taxable","19":"shipping-taxable","20":"purchasable","21":"product-type-variable"},"acf":{"imprint_cost":[{"imprint_cost_key":"20dad2ca13a029658de4c257ff78cc5b2ca3da5f","product_quantity_price_range":[{"imprint_cost_recommended_selling_price":"2.66","imprint_cost_recommended_selling_quantity":"1"},{"imprint_cost_recommended_selling_price":"1.63","imprint_cost_recommended_selling_quantity":"25"},{"imprint_cost_recommended_selling_price":"1.22","imprint_cost_recommended_selling_quantity":"50"},{"imprint_cost_recommended_selling_price":"0.88","imprint_cost_recommended_selling_quantity":"100"},{"imprint_cost_recommended_selling_price":"0.52","imprint_cost_recommended_selling_quantity":"250"},{"imprint_cost_recommended_selling_price":"0.43","imprint_cost_recommended_selling_quantity":"500"},{"imprint_cost_recommended_selling_price":"0.37","imprint_cost_recommended_selling_quantity":"1000"},{"imprint_cost_recommended_selling_price":"0.29","imprint_cost_recommended_selling_quantity":"2500"}],"product_quantity_price_range_buying":false,"imprint_cost_setup_costs":"30.77","imprint_cost_handling_costs":"0.2"},{"imprint_cost_key":"70233de7e511ac3559b8944c3c186e145ef4b655","product_quantity_price_range":[{"imprint_cost_recommended_selling_price":"5.91","imprint_cost_recommended_selling_quantity":"1"},{"imprint_cost_recommended_selling_price":"2.97","imprint_cost_recommended_selling_quantity":"25"},{"imprint_cost_recommended_selling_price":"1.49","imprint_cost_recommended_selling_quantity":"50"},{"imprint_cost_recommended_selling_price":"0.69","imprint_cost_recommended_selling_quantity":"100"},{"imprint_cost_recommended_selling_price":"0.55","imprint_cost_recommended_selling_quantity":"250"},{"imprint_cost_recommended_selling_price":"0.43","imprint_cost_recommended_selling_quantity":"500"},{"imprint_cost_recommended_selling_price":"0.4","imprint_cost_recommended_selling_quantity":"1000"},{"imprint_cost_recommended_selling_price":"0.35","imprint_cost_recommended_selling_quantity":"2500"},{"imprint_cost_recommended_selling_price":"0.34","imprint_cost_recommended_selling_quantity":"5000"},{"imprint_cost_recommended_selling_price":"0.32","imprint_cost_recommended_selling_quantity":"10000"}],"product_quantity_price_range_buying":false,"imprint_cost_setup_costs":"52.31","imprint_cost_handling_costs":"0.2"},{"imprint_cost_key":"ba90d6371060d9477d72234b6d7c1fd3a5c4fd22","product_quantity_price_range":[{"imprint_cost_recommended_selling_price":"11.6","imprint_cost_recommended_selling_quantity":"1"},{"imprint_cost_recommended_selling_price":"5.83","imprint_cost_recommended_selling_quantity":"25"},{"imprint_cost_recommended_selling_price":"2.92","imprint_cost_recommended_selling_quantity":"50"},{"imprint_cost_recommended_selling_price":"1.35","imprint_cost_recommended_selling_quantity":"100"},{"imprint_cost_recommended_selling_price":"1.07","imprint_cost_recommended_selling_quantity":"250"},{"imprint_cost_recommended_selling_price":"0.85","imprint_cost_recommended_selling_quantity":"500"},{"imprint_cost_recommended_selling_price":"0.78","imprint_cost_recommended_selling_quantity":"1000"},{"imprint_cost_recommended_selling_price":"0.69","imprint_cost_recommended_selling_quantity":"2500"},{"imprint_cost_recommended_selling_price":"0.66","imprint_cost_recommended_selling_quantity":"5000"},{"imprint_cost_recommended_selling_price":"0.63","imprint_cost_recommended_selling_quantity":"10000"}],"product_quantity_price_range_buying":false,"imprint_cost_setup_costs":"104.62","imprint_cost_handling_costs":"0.2"}]},"aioseo_notices":[],"aioseo_head":"\n\t\t<!-- All in One SEO Pro 4.9.6.2 - aioseo.com -->\n\t<meta name=\"description\" content=\"Mit dem BrandCharger Trident 2+ sicherst du dir ein vielseitiges 3 in 1 Ladekabel Werbeartikel f\u00fcr deine n\u00e4chste Messe. Du kannst dieses Ladekabel bedrucken lassen, damit dein Logo auf dem bruchsicheren Nylongeh\u00e4use &amp; den Multi-Anschl\u00fcssen bei deiner Zielgruppe t\u00e4glich pr\u00e4sent bleibt.\" \/>\n\t<meta name=\"robots\" content=\"max-image-preview:large\" \/>\n\t<link rel=\"canonical\" href=\"https:\/\/hidalgo.nl\/de\/wp-json\/wp\/v2\/product\/9771\" \/>\n\t<meta name=\"generator\" content=\"All in One SEO Pro (AIOSEO) 4.9.6.2\" \/>\n\t\t<meta property=\"og:locale\" content=\"de_DE\" \/>\n\t\t<meta property=\"og:site_name\" content=\"Hidalgo -\" \/>\n\t\t<meta property=\"og:type\" content=\"article\" \/>\n\t\t<meta property=\"og:title\" content=\"Ladekabel BrandCharger Trident 2+ bedrucken 3-in-1 Nylon\" \/>\n\t\t<meta property=\"og:description\" content=\"Mit dem BrandCharger Trident 2+ sicherst du dir ein vielseitiges 3 in 1 Ladekabel Werbeartikel f\u00fcr deine n\u00e4chste Messe. Du kannst dieses Ladekabel bedrucken lassen, damit dein Logo auf dem bruchsicheren Nylongeh\u00e4use &amp; den Multi-Anschl\u00fcssen bei deiner Zielgruppe t\u00e4glich pr\u00e4sent bleibt.\" \/>\n\t\t<meta property=\"og:url\" content=\"https:\/\/hidalgo.nl\/de\/wp-json\/wp\/v2\/product\/9771\" \/>\n\t\t<meta property=\"og:image\" content=\"https:\/\/shop.hidalgo.nl\/wp-content\/uploads\/2025\/11\/cropped-Hidalgo-est1993.png\" \/>\n\t\t<meta property=\"og:image:secure_url\" content=\"https:\/\/shop.hidalgo.nl\/wp-content\/uploads\/2025\/11\/cropped-Hidalgo-est1993.png\" \/>\n\t\t<meta property=\"article:published_time\" content=\"2025-07-03T10:07:04+00:00\" \/>\n\t\t<meta property=\"article:modified_time\" content=\"2026-03-15T15:02:06+00:00\" \/>\n\t\t<meta name=\"twitter:card\" content=\"summary_large_image\" \/>\n\t\t<meta name=\"twitter:title\" content=\"Ladekabel BrandCharger Trident 2+ bedrucken 3-in-1 Nylon\" \/>\n\t\t<meta name=\"twitter:description\" content=\"Mit dem BrandCharger Trident 2+ sicherst du dir ein vielseitiges 3 in 1 Ladekabel Werbeartikel f\u00fcr deine n\u00e4chste Messe. Du kannst dieses Ladekabel bedrucken lassen, damit dein Logo auf dem bruchsicheren Nylongeh\u00e4use &amp; den Multi-Anschl\u00fcssen bei deiner Zielgruppe t\u00e4glich pr\u00e4sent bleibt.\" \/>\n\t\t<meta name=\"twitter:image\" content=\"https:\/\/shop.hidalgo.nl\/wp-content\/uploads\/2025\/11\/cropped-Hidalgo-est1993.png\" \/>\n\t\t<script type=\"application\/ld+json\" class=\"aioseo-schema\">\n\t\t\t{\"@context\":\"https:\\\/\\\/schema.org\",\"@graph\":[{\"@type\":\"BreadcrumbList\",\"@id\":\"https:\\\/\\\/hidalgo.nl\\\/de\\\/product\\\/9771\\\/ladekabel-brandcharger-trident-2-bedrucken-3-in-1-nylon\\\/#breadcrumblist\",\"itemListElement\":[{\"@type\":\"ListItem\",\"@id\":\"https:\\\/\\\/hidalgo.nl\\\/de\\\/#listItem\",\"position\":1,\"name\":\"Home\",\"item\":\"https:\\\/\\\/hidalgo.nl\\\/de\\\/\",\"nextItem\":{\"@type\":\"ListItem\",\"@id\":\"https:\\\/\\\/hidalgo.nl\\\/example\\\/#listItem\",\"name\":\"example\"}},{\"@type\":\"ListItem\",\"@id\":\"https:\\\/\\\/hidalgo.nl\\\/example\\\/#listItem\",\"position\":2,\"name\":\"example\",\"item\":\"https:\\\/\\\/hidalgo.nl\\\/example\\\/\",\"nextItem\":{\"@type\":\"ListItem\",\"@id\":\"https:\\\/\\\/hidalgo.nl\\\/en\\\/product-supplier\\\/a58\\\/#listItem\",\"name\":\"A58\"},\"previousItem\":{\"@type\":\"ListItem\",\"@id\":\"https:\\\/\\\/hidalgo.nl\\\/de\\\/#listItem\",\"name\":\"Home\"}},{\"@type\":\"ListItem\",\"@id\":\"https:\\\/\\\/hidalgo.nl\\\/en\\\/product-supplier\\\/a58\\\/#listItem\",\"position\":3,\"name\":\"A58\",\"item\":\"https:\\\/\\\/hidalgo.nl\\\/en\\\/product-supplier\\\/a58\\\/\",\"nextItem\":{\"@type\":\"ListItem\",\"@id\":\"https:\\\/\\\/hidalgo.nl\\\/de\\\/product\\\/9771\\\/ladekabel-brandcharger-trident-2-bedrucken-3-in-1-nylon\\\/#listItem\",\"name\":\"BrandCharger Trident 2+ oplaadkabel\"},\"previousItem\":{\"@type\":\"ListItem\",\"@id\":\"https:\\\/\\\/hidalgo.nl\\\/example\\\/#listItem\",\"name\":\"example\"}},{\"@type\":\"ListItem\",\"@id\":\"https:\\\/\\\/hidalgo.nl\\\/de\\\/product\\\/9771\\\/ladekabel-brandcharger-trident-2-bedrucken-3-in-1-nylon\\\/#listItem\",\"position\":4,\"name\":\"BrandCharger Trident 2+ oplaadkabel\",\"previousItem\":{\"@type\":\"ListItem\",\"@id\":\"https:\\\/\\\/hidalgo.nl\\\/en\\\/product-supplier\\\/a58\\\/#listItem\",\"name\":\"A58\"}}]},{\"@type\":\"Organization\",\"@id\":\"https:\\\/\\\/hidalgo.nl\\\/de\\\/#organization\",\"name\":\"Hidalgo\",\"url\":\"https:\\\/\\\/hidalgo.nl\\\/de\\\/\",\"logo\":{\"@type\":\"ImageObject\",\"url\":\"https:\\\/\\\/shop.hidalgo.nl\\\/wp-content\\\/uploads\\\/2025\\\/11\\\/cropped-Hidalgo-est1993.png\",\"@id\":\"https:\\\/\\\/hidalgo.nl\\\/de\\\/product\\\/9771\\\/ladekabel-brandcharger-trident-2-bedrucken-3-in-1-nylon\\\/#organizationLogo\",\"width\":585,\"height\":195},\"image\":{\"@id\":\"https:\\\/\\\/hidalgo.nl\\\/de\\\/product\\\/9771\\\/ladekabel-brandcharger-trident-2-bedrucken-3-in-1-nylon\\\/#organizationLogo\"}},{\"@type\":\"ProductGroup\",\"@id\":\"https:\\\/\\\/hidalgo.nl\\\/de\\\/product\\\/9771\\\/ladekabel-brandcharger-trident-2-bedrucken-3-in-1-nylon\\\/#wooCommerceProduct\",\"name\":\"Ladekabel BrandCharger Trident 2+ bedrucken 3-in-1 Nylon\",\"url\":\"https:\\\/\\\/hidalgo.nl\\\/de\\\/product\\\/9771\\\/ladekabel-brandcharger-trident-2-bedrucken-3-in-1-nylon\\\/\",\"brand\":{\"@type\":\"Brand\",\"name\":\"Brandcharger\"},\"sku\":\"A58-1163691\",\"image\":{\"@type\":\"ImageObject\",\"url\":\"https:\\\/\\\/shop.hidalgo.nl\\\/wp-content\\\/uploads\\\/2025\\\/05\\\/fd02b782441d0ed6f631a486db40d79a623c73d97a20d4fd5320f7efb3cf9df2.jpg\",\"@id\":\"https:\\\/\\\/hidalgo.nl\\\/de\\\/product\\\/9771\\\/ladekabel-brandcharger-trident-2-bedrucken-3-in-1-nylon\\\/#productImage\",\"width\":1000,\"height\":364},\"productGroupID\":9771,\"hasVariant\":[{\"@type\":\"Product\",\"@id\":\"https:\\\/\\\/hidalgo.nl\\\/de\\\/product\\\/9771\\\/ladekabel-brandcharger-trident-2-bedrucken-3-in-1-nylon\\\/#wooCommerceProduct\",\"name\":\"BrandCharger Trident 2+ oplaadkabel - gun-metal,\",\"url\":\"https:\\\/\\\/hidalgo.nl\\\/de\\\/product\\\/9771\\\/ladekabel-brandcharger-trident-2-bedrucken-3-in-1-nylon\\\/\",\"sku\":\"A58-1163691-411999999\",\"gtin\":\"8719446068780\",\"image\":{\"@type\":\"ImageObject\",\"url\":\"https:\\\/\\\/shop.hidalgo.nl\\\/wp-content\\\/uploads\\\/2025\\\/05\\\/fd02b782441d0ed6f631a486db40d79a623c73d97a20d4fd5320f7efb3cf9df2.jpg\",\"@id\":\"https:\\\/\\\/hidalgo.nl\\\/de\\\/product\\\/9771\\\/ladekabel-brandcharger-trident-2-bedrucken-3-in-1-nylon\\\/#productImage\",\"width\":1000,\"height\":364},\"offers\":{\"@type\":\"Offer\",\"url\":\"https:\\\/\\\/hidalgo.nl\\\/de\\\/product\\\/9771\\\/ladekabel-brandcharger-trident-2-bedrucken-3-in-1-nylon\\\/#wooCommerceOffer\",\"price\":\"8.57\",\"priceCurrency\":\"EUR\",\"category\":\"Promotionele Artikelen\",\"availability\":\"https:\\\/\\\/schema.org\\\/InStock\",\"priceSpecification\":{\"@type\":\"PriceSpecification\",\"price\":8.57,\"priceCurrency\":\"EUR\",\"valueAddedTaxIncluded\":\"true\"}}}]},{\"@type\":\"WebPage\",\"@id\":\"https:\\\/\\\/hidalgo.nl\\\/de\\\/product\\\/9771\\\/ladekabel-brandcharger-trident-2-bedrucken-3-in-1-nylon\\\/#webpage\",\"url\":\"https:\\\/\\\/hidalgo.nl\\\/de\\\/product\\\/9771\\\/ladekabel-brandcharger-trident-2-bedrucken-3-in-1-nylon\\\/\",\"name\":\"Ladekabel BrandCharger Trident 2+ bedrucken 3-in-1 Nylon\",\"description\":\"Mit dem BrandCharger Trident 2+ sicherst du dir ein vielseitiges 3 in 1 Ladekabel Werbeartikel f\\u00fcr deine n\\u00e4chste Messe. Du kannst dieses Ladekabel bedrucken lassen, damit dein Logo auf dem bruchsicheren Nylongeh\\u00e4use & den Multi-Anschl\\u00fcssen bei deiner Zielgruppe t\\u00e4glich pr\\u00e4sent bleibt.\",\"inLanguage\":\"de-DE\",\"isPartOf\":{\"@id\":\"https:\\\/\\\/hidalgo.nl\\\/de\\\/#website\"},\"breadcrumb\":{\"@id\":\"https:\\\/\\\/hidalgo.nl\\\/de\\\/product\\\/9771\\\/ladekabel-brandcharger-trident-2-bedrucken-3-in-1-nylon\\\/#breadcrumblist\"},\"image\":{\"@type\":\"ImageObject\",\"url\":\"https:\\\/\\\/shop.hidalgo.nl\\\/wp-content\\\/uploads\\\/2025\\\/05\\\/fd02b782441d0ed6f631a486db40d79a623c73d97a20d4fd5320f7efb3cf9df2.jpg\",\"@id\":\"https:\\\/\\\/hidalgo.nl\\\/de\\\/product\\\/9771\\\/ladekabel-brandcharger-trident-2-bedrucken-3-in-1-nylon\\\/#mainImage\",\"width\":1000,\"height\":364},\"primaryImageOfPage\":{\"@id\":\"https:\\\/\\\/hidalgo.nl\\\/de\\\/product\\\/9771\\\/ladekabel-brandcharger-trident-2-bedrucken-3-in-1-nylon\\\/#mainImage\"},\"datePublished\":\"2025-07-03T10:07:04+00:00\",\"dateModified\":\"2026-03-15T15:02:06+00:00\"},{\"@type\":\"WebSite\",\"@id\":\"https:\\\/\\\/hidalgo.nl\\\/de\\\/#website\",\"url\":\"https:\\\/\\\/hidalgo.nl\\\/de\\\/\",\"name\":\"Hidalgo\",\"inLanguage\":\"de-DE\",\"publisher\":{\"@id\":\"https:\\\/\\\/hidalgo.nl\\\/de\\\/#organization\"}}]}\n\t\t<\/script>\n\t\t<!-- All in One SEO Pro -->\r\n\t\t<title>Ladekabel BrandCharger Trident 2+ bedrucken 3-in-1 Nylon<\/title>\n\n","aioseo_head_json":{"title":"Ladekabel BrandCharger Trident 2+ bedrucken 3-in-1 Nylon","description":"Mit dem BrandCharger Trident 2+ sicherst du dir ein vielseitiges 3 in 1 Ladekabel Werbeartikel f\u00fcr deine n\u00e4chste Messe. Du kannst dieses Ladekabel bedrucken lassen, damit dein Logo auf dem bruchsicheren Nylongeh\u00e4use & den Multi-Anschl\u00fcssen bei deiner Zielgruppe t\u00e4glich pr\u00e4sent bleibt.","canonical_url":"https:\/\/hidalgo.nl\/de\/wp-json\/wp\/v2\/product\/9771","robots":"max-image-preview:large","keywords":"","webmasterTools":{"miscellaneous":""},"schema":{"@context":"https:\/\/schema.org","@graph":[{"@type":"BreadcrumbList","@id":"https:\/\/hidalgo.nl\/de\/product\/9771\/ladekabel-brandcharger-trident-2-bedrucken-3-in-1-nylon\/#breadcrumblist","itemListElement":[{"@type":"ListItem","@id":"https:\/\/hidalgo.nl\/de\/#listItem","position":1,"name":"Home","item":"https:\/\/hidalgo.nl\/de\/","nextItem":{"@type":"ListItem","@id":"https:\/\/hidalgo.nl\/example\/#listItem","name":"example"}},{"@type":"ListItem","@id":"https:\/\/hidalgo.nl\/example\/#listItem","position":2,"name":"example","item":"https:\/\/hidalgo.nl\/example\/","nextItem":{"@type":"ListItem","@id":"https:\/\/hidalgo.nl\/en\/product-supplier\/a58\/#listItem","name":"A58"},"previousItem":{"@type":"ListItem","@id":"https:\/\/hidalgo.nl\/de\/#listItem","name":"Home"}},{"@type":"ListItem","@id":"https:\/\/hidalgo.nl\/en\/product-supplier\/a58\/#listItem","position":3,"name":"A58","item":"https:\/\/hidalgo.nl\/en\/product-supplier\/a58\/","nextItem":{"@type":"ListItem","@id":"https:\/\/hidalgo.nl\/de\/product\/9771\/ladekabel-brandcharger-trident-2-bedrucken-3-in-1-nylon\/#listItem","name":"BrandCharger Trident 2+ oplaadkabel"},"previousItem":{"@type":"ListItem","@id":"https:\/\/hidalgo.nl\/example\/#listItem","name":"example"}},{"@type":"ListItem","@id":"https:\/\/hidalgo.nl\/de\/product\/9771\/ladekabel-brandcharger-trident-2-bedrucken-3-in-1-nylon\/#listItem","position":4,"name":"BrandCharger Trident 2+ oplaadkabel","previousItem":{"@type":"ListItem","@id":"https:\/\/hidalgo.nl\/en\/product-supplier\/a58\/#listItem","name":"A58"}}]},{"@type":"Organization","@id":"https:\/\/hidalgo.nl\/de\/#organization","name":"Hidalgo","url":"https:\/\/hidalgo.nl\/de\/","logo":{"@type":"ImageObject","url":"https:\/\/shop.hidalgo.nl\/wp-content\/uploads\/2025\/11\/cropped-Hidalgo-est1993.png","@id":"https:\/\/hidalgo.nl\/de\/product\/9771\/ladekabel-brandcharger-trident-2-bedrucken-3-in-1-nylon\/#organizationLogo","width":585,"height":195},"image":{"@id":"https:\/\/hidalgo.nl\/de\/product\/9771\/ladekabel-brandcharger-trident-2-bedrucken-3-in-1-nylon\/#organizationLogo"}},{"@type":"ProductGroup","@id":"https:\/\/hidalgo.nl\/de\/product\/9771\/ladekabel-brandcharger-trident-2-bedrucken-3-in-1-nylon\/#wooCommerceProduct","name":"Ladekabel BrandCharger Trident 2+ bedrucken 3-in-1 Nylon","url":"https:\/\/hidalgo.nl\/de\/product\/9771\/ladekabel-brandcharger-trident-2-bedrucken-3-in-1-nylon\/","brand":{"@type":"Brand","name":"Brandcharger"},"sku":"A58-1163691","image":{"@type":"ImageObject","url":"https:\/\/shop.hidalgo.nl\/wp-content\/uploads\/2025\/05\/fd02b782441d0ed6f631a486db40d79a623c73d97a20d4fd5320f7efb3cf9df2.jpg","@id":"https:\/\/hidalgo.nl\/de\/product\/9771\/ladekabel-brandcharger-trident-2-bedrucken-3-in-1-nylon\/#productImage","width":1000,"height":364},"productGroupID":9771,"hasVariant":[{"@type":"Product","@id":"https:\/\/hidalgo.nl\/de\/product\/9771\/ladekabel-brandcharger-trident-2-bedrucken-3-in-1-nylon\/#wooCommerceProduct","name":"BrandCharger Trident 2+ oplaadkabel - gun-metal,","url":"https:\/\/hidalgo.nl\/de\/product\/9771\/ladekabel-brandcharger-trident-2-bedrucken-3-in-1-nylon\/","sku":"A58-1163691-411999999","gtin":"8719446068780","image":{"@type":"ImageObject","url":"https:\/\/shop.hidalgo.nl\/wp-content\/uploads\/2025\/05\/fd02b782441d0ed6f631a486db40d79a623c73d97a20d4fd5320f7efb3cf9df2.jpg","@id":"https:\/\/hidalgo.nl\/de\/product\/9771\/ladekabel-brandcharger-trident-2-bedrucken-3-in-1-nylon\/#productImage","width":1000,"height":364},"offers":{"@type":"Offer","url":"https:\/\/hidalgo.nl\/de\/product\/9771\/ladekabel-brandcharger-trident-2-bedrucken-3-in-1-nylon\/#wooCommerceOffer","price":"8.57","priceCurrency":"EUR","category":"Promotionele Artikelen","availability":"https:\/\/schema.org\/InStock","priceSpecification":{"@type":"PriceSpecification","price":8.57,"priceCurrency":"EUR","valueAddedTaxIncluded":"true"}}}]},{"@type":"WebPage","@id":"https:\/\/hidalgo.nl\/de\/product\/9771\/ladekabel-brandcharger-trident-2-bedrucken-3-in-1-nylon\/#webpage","url":"https:\/\/hidalgo.nl\/de\/product\/9771\/ladekabel-brandcharger-trident-2-bedrucken-3-in-1-nylon\/","name":"Ladekabel BrandCharger Trident 2+ bedrucken 3-in-1 Nylon","description":"Mit dem BrandCharger Trident 2+ sicherst du dir ein vielseitiges 3 in 1 Ladekabel Werbeartikel f\u00fcr deine n\u00e4chste Messe. Du kannst dieses Ladekabel bedrucken lassen, damit dein Logo auf dem bruchsicheren Nylongeh\u00e4use & den Multi-Anschl\u00fcssen bei deiner Zielgruppe t\u00e4glich pr\u00e4sent bleibt.","inLanguage":"de-DE","isPartOf":{"@id":"https:\/\/hidalgo.nl\/de\/#website"},"breadcrumb":{"@id":"https:\/\/hidalgo.nl\/de\/product\/9771\/ladekabel-brandcharger-trident-2-bedrucken-3-in-1-nylon\/#breadcrumblist"},"image":{"@type":"ImageObject","url":"https:\/\/shop.hidalgo.nl\/wp-content\/uploads\/2025\/05\/fd02b782441d0ed6f631a486db40d79a623c73d97a20d4fd5320f7efb3cf9df2.jpg","@id":"https:\/\/hidalgo.nl\/de\/product\/9771\/ladekabel-brandcharger-trident-2-bedrucken-3-in-1-nylon\/#mainImage","width":1000,"height":364},"primaryImageOfPage":{"@id":"https:\/\/hidalgo.nl\/de\/product\/9771\/ladekabel-brandcharger-trident-2-bedrucken-3-in-1-nylon\/#mainImage"},"datePublished":"2025-07-03T10:07:04+00:00","dateModified":"2026-03-15T15:02:06+00:00"},{"@type":"WebSite","@id":"https:\/\/hidalgo.nl\/de\/#website","url":"https:\/\/hidalgo.nl\/de\/","name":"Hidalgo","inLanguage":"de-DE","publisher":{"@id":"https:\/\/hidalgo.nl\/de\/#organization"}}]},"og:locale":"de_DE","og:site_name":"Hidalgo -","og:type":"article","og:title":"Ladekabel BrandCharger Trident 2+ bedrucken 3-in-1 Nylon","og:description":"Mit dem BrandCharger Trident 2+ sicherst du dir ein vielseitiges 3 in 1 Ladekabel Werbeartikel f\u00fcr deine n\u00e4chste Messe. Du kannst dieses Ladekabel bedrucken lassen, damit dein Logo auf dem bruchsicheren Nylongeh\u00e4use &amp; den Multi-Anschl\u00fcssen bei deiner Zielgruppe t\u00e4glich pr\u00e4sent bleibt.","og:url":"https:\/\/hidalgo.nl\/de\/wp-json\/wp\/v2\/product\/9771","og:image":"https:\/\/shop.hidalgo.nl\/wp-content\/uploads\/2025\/11\/cropped-Hidalgo-est1993.png","og:image:secure_url":"https:\/\/shop.hidalgo.nl\/wp-content\/uploads\/2025\/11\/cropped-Hidalgo-est1993.png","article:published_time":"2025-07-03T10:07:04+00:00","article:modified_time":"2026-03-15T15:02:06+00:00","twitter:card":"summary_large_image","twitter:title":"Ladekabel BrandCharger Trident 2+ bedrucken 3-in-1 Nylon","twitter:description":"Mit dem BrandCharger Trident 2+ sicherst du dir ein vielseitiges 3 in 1 Ladekabel Werbeartikel f\u00fcr deine n\u00e4chste Messe. Du kannst dieses Ladekabel bedrucken lassen, damit dein Logo auf dem bruchsicheren Nylongeh\u00e4use &amp; den Multi-Anschl\u00fcssen bei deiner Zielgruppe t\u00e4glich pr\u00e4sent bleibt.","twitter:image":"https:\/\/shop.hidalgo.nl\/wp-content\/uploads\/2025\/11\/cropped-Hidalgo-est1993.png"},"aioseo_meta_data":{"post_id":"9771","title":null,"description":null,"keywords":null,"keyphrases":null,"primary_term":null,"canonical_url":null,"og_title":null,"og_description":null,"og_object_type":"default","og_image_type":"default","og_image_url":null,"og_image_width":null,"og_image_height":null,"og_image_custom_url":null,"og_image_custom_fields":null,"og_video":null,"og_custom_url":null,"og_article_section":null,"og_article_tags":null,"twitter_use_og":false,"twitter_card":"default","twitter_image_type":"default","twitter_image_url":null,"twitter_image_custom_url":null,"twitter_image_custom_fields":null,"twitter_title":null,"twitter_description":null,"schema":{"blockGraphs":[],"customGraphs":[],"default":{"data":{"Article":[],"Course":[],"Dataset":[],"FAQPage":[],"Movie":[],"Person":[],"Product":[],"ProductReview":[],"Car":[],"Recipe":[],"Service":[],"SoftwareApplication":[],"WebPage":[]},"graphName":"","isEnabled":true},"graphs":[]},"schema_type":"default","schema_type_options":null,"pillar_content":false,"robots_default":true,"robots_noindex":false,"robots_noarchive":false,"robots_nosnippet":false,"robots_nofollow":false,"robots_noimageindex":false,"robots_noodp":false,"robots_notranslate":false,"robots_max_snippet":null,"robots_max_videopreview":null,"robots_max_imagepreview":"large","priority":null,"frequency":null,"local_seo":null,"seo_analyzer_scan_date":"2026-01-20 09:55:10","breadcrumb_settings":null,"limit_modified_date":false,"reviewed_by":null,"open_ai":null,"ai":null,"created":"2026-01-14 06:17:37","updated":"2026-04-22 16:05:52"},"aioseo_breadcrumb":"<div class=\"aioseo-breadcrumbs\"><span class=\"aioseo-breadcrumb\">\n\t<a href=\"https:\/\/hidalgo.nl\/de\/\" title=\"Home\">Home<\/a>\n<\/span><span class=\"aioseo-breadcrumb-separator\">\u00bb<\/span><span class=\"aioseo-breadcrumb\">\n\t<a href=\"https:\/\/hidalgo.nl\/example\/\" title=\"example\">example<\/a>\n<\/span><span class=\"aioseo-breadcrumb-separator\">\u00bb<\/span><span class=\"aioseo-breadcrumb\">\n\t<a href=\"https:\/\/hidalgo.nl\/en\/product-supplier\/a58\/\" title=\"A58\">A58<\/a>\n<\/span><span class=\"aioseo-breadcrumb-separator\">\u00bb<\/span><span class=\"aioseo-breadcrumb\">\n\tBrandCharger Trident 2+ oplaadkabel\n<\/span><\/div>","aioseo_breadcrumb_json":[{"label":"Home","link":"https:\/\/hidalgo.nl\/de\/"},{"label":"example","link":"https:\/\/hidalgo.nl\/example\/"},{"label":"A58","link":"https:\/\/hidalgo.nl\/en\/product-supplier\/a58\/"},{"label":"BrandCharger Trident 2+ oplaadkabel","link":"https:\/\/hidalgo.nl\/de\/product\/9771\/ladekabel-brandcharger-trident-2-bedrucken-3-in-1-nylon\/"}],"_links":{"self":[{"href":"https:\/\/hidalgo.nl\/de\/wp-json\/wp\/v2\/product\/9771","targetHints":{"allow":["GET"]}}],"collection":[{"href":"https:\/\/hidalgo.nl\/de\/wp-json\/wp\/v2\/product"}],"about":[{"href":"https:\/\/hidalgo.nl\/de\/wp-json\/wp\/v2\/types\/product"}],"wp:featuredmedia":[{"embeddable":true,"href":"https:\/\/hidalgo.nl\/de\/wp-json\/wp\/v2\/media\/9772"}],"wp:attachment":[{"href":"https:\/\/hidalgo.nl\/de\/wp-json\/wp\/v2\/media?parent=9771"}],"wp:term":[{"taxonomy":"product_brand","embeddable":true,"href":"https:\/\/hidalgo.nl\/de\/wp-json\/wp\/v2\/product_brand?post=9771"},{"taxonomy":"product_cat","embeddable":true,"href":"https:\/\/hidalgo.nl\/de\/wp-json\/wp\/v2\/product_cat?post=9771"},{"taxonomy":"product_tag","embeddable":true,"href":"https:\/\/hidalgo.nl\/de\/wp-json\/wp\/v2\/product_tag?post=9771"}],"curies":[{"name":"wp","href":"https:\/\/api.w.org\/{rel}","templated":true}]}}