{"id":9690,"date":"2025-07-03T10:06:10","date_gmt":"2025-07-03T10:06:10","guid":{"rendered":"http:\/\/bidonsenshakers.pim.hidalgo.nl\/product\/brandcharger-nano-pro-draadloze-speaker\/"},"modified":"2026-03-15T09:58:54","modified_gmt":"2026-03-15T09:58:54","slug":"brandcharger-nano-pro-draadloze-speaker","status":"publish","type":"product","link":"https:\/\/hidalgo.nl\/de\/product\/9690\/bluetooth-speaker-brandcharger-nano-pro-bedrucken-10w-alu\/","title":{"rendered":"BrandCharger Nano Pro draadloze speaker"},"content":{"rendered":"<p>De dunste draadloze speaker ter wereld is nu Pro. Gemaakt van aluminium met een vegan su\u00e8de afwerking, biedt de Nano Pro een verbluffend ontwerp en krachtige prestaties. Uitgerust met een 10-watt driver levert hij hoogwaardig geluid voor een indrukwekkende audio-ervaring. Dankzij TWS-stereokoppeling kun je twee Nano Pro\u2019s verbinden voor stereogeluid, ideaal voor grote feesten of bijeenkomsten. Draagbaar met een draagkoord en verpakt in een slanke zwarte doos met clamshell-inzetstuk.<\/p>\n","protected":false},"excerpt":{"rendered":"<p>De dunste draadloze speaker ter wereld is nu Pro. Gemaakt van aluminium met een vegan su\u00e8de afwerking, biedt de Nano Pro een verbluffend ontwerp en krachtige prestaties. Uitgerust met een 10-watt driver levert hij hoogwaardig geluid voor een indrukwekkende audio-ervaring. Dankzij TWS-stereokoppeling kun je twee Nano Pro\u2019s verbinden voor stereogeluid, ideaal voor grote feesten of&hellip; <a class=\"more-link\" href=\"https:\/\/hidalgo.nl\/de\/product\/9690\/bluetooth-speaker-brandcharger-nano-pro-bedrucken-10w-alu\/\"><span class=\"screen-reader-text\">BrandCharger Nano Pro draadloze speaker<\/span> weiterlesen<\/a><\/p>\n","protected":false},"featured_media":9691,"template":"","meta":{"_acf_changed":false,"om_disable_all_campaigns":false,"_monsterinsights_skip_tracking":false,"_monsterinsights_sitenote_active":false,"_monsterinsights_sitenote_note":"","_monsterinsights_sitenote_category":0},"product_brand":[117],"product_cat":[4720,4719,2846],"product_tag":[],"class_list":{"0":"post-9690","1":"product","2":"type-product","3":"status-publish","4":"has-post-thumbnail","6":"product_supplier-a58","7":"product_material-aluminium","8":"product_material-pu","9":"product_brand-brandcharger","10":"product_cat-promotionele-artikelen-elektronica-en-gadgets","11":"product_cat-promotionele-artikelen","12":"product_cat-promotionele-artikelen-elektronica-en-gadgets-speakers","13":"entry","15":"first","16":"instock","17":"taxable","18":"shipping-taxable","19":"purchasable","20":"product-type-variable"},"acf":{"imprint_cost":[{"imprint_cost_key":"5b2835a5bf48a45cc9a02ac6ad146f5b6cc5e132","product_quantity_price_range":[{"imprint_cost_recommended_selling_price":"5.91","imprint_cost_recommended_selling_quantity":"1"},{"imprint_cost_recommended_selling_price":"2.97","imprint_cost_recommended_selling_quantity":"25"},{"imprint_cost_recommended_selling_price":"1.49","imprint_cost_recommended_selling_quantity":"50"},{"imprint_cost_recommended_selling_price":"0.69","imprint_cost_recommended_selling_quantity":"100"},{"imprint_cost_recommended_selling_price":"0.55","imprint_cost_recommended_selling_quantity":"250"},{"imprint_cost_recommended_selling_price":"0.43","imprint_cost_recommended_selling_quantity":"500"},{"imprint_cost_recommended_selling_price":"0.4","imprint_cost_recommended_selling_quantity":"1000"},{"imprint_cost_recommended_selling_price":"0.35","imprint_cost_recommended_selling_quantity":"2500"},{"imprint_cost_recommended_selling_price":"0.34","imprint_cost_recommended_selling_quantity":"5000"},{"imprint_cost_recommended_selling_price":"0.32","imprint_cost_recommended_selling_quantity":"10000"}],"product_quantity_price_range_buying":false,"imprint_cost_setup_costs":"52.31","imprint_cost_handling_costs":"0.2"},{"imprint_cost_key":"1b021b832a0e90c4deacc86900669e752a4dff81","product_quantity_price_range":[{"imprint_cost_recommended_selling_price":"2.66","imprint_cost_recommended_selling_quantity":"1"},{"imprint_cost_recommended_selling_price":"1.63","imprint_cost_recommended_selling_quantity":"25"},{"imprint_cost_recommended_selling_price":"1.22","imprint_cost_recommended_selling_quantity":"50"},{"imprint_cost_recommended_selling_price":"0.88","imprint_cost_recommended_selling_quantity":"100"},{"imprint_cost_recommended_selling_price":"0.52","imprint_cost_recommended_selling_quantity":"250"},{"imprint_cost_recommended_selling_price":"0.43","imprint_cost_recommended_selling_quantity":"500"},{"imprint_cost_recommended_selling_price":"0.37","imprint_cost_recommended_selling_quantity":"1000"},{"imprint_cost_recommended_selling_price":"0.29","imprint_cost_recommended_selling_quantity":"2500"}],"product_quantity_price_range_buying":false,"imprint_cost_setup_costs":"30.77","imprint_cost_handling_costs":"0.2"},{"imprint_cost_key":"ba07f5375a81d53db2487f171b630b7d5ffe5e8e","product_quantity_price_range":[{"imprint_cost_recommended_selling_price":"2.46","imprint_cost_recommended_selling_quantity":"1"},{"imprint_cost_recommended_selling_price":"1.23","imprint_cost_recommended_selling_quantity":"25"},{"imprint_cost_recommended_selling_price":"0.83","imprint_cost_recommended_selling_quantity":"50"},{"imprint_cost_recommended_selling_price":"0.69","imprint_cost_recommended_selling_quantity":"100"},{"imprint_cost_recommended_selling_price":"0.58","imprint_cost_recommended_selling_quantity":"250"},{"imprint_cost_recommended_selling_price":"0.49","imprint_cost_recommended_selling_quantity":"500"},{"imprint_cost_recommended_selling_price":"0.4","imprint_cost_recommended_selling_quantity":"1000"},{"imprint_cost_recommended_selling_price":"0.37","imprint_cost_recommended_selling_quantity":"2500"},{"imprint_cost_recommended_selling_price":"0.32","imprint_cost_recommended_selling_quantity":"5000"},{"imprint_cost_recommended_selling_price":"0.31","imprint_cost_recommended_selling_quantity":"10000"}],"product_quantity_price_range_buying":false,"imprint_cost_setup_costs":"51.54","imprint_cost_handling_costs":"0.2"}]},"aioseo_notices":[],"aioseo_head":"\n\t\t<!-- All in One SEO Pro 4.9.6.2 - aioseo.com -->\n\t<meta name=\"description\" content=\"Mit dem BrandCharger Nano Pro sicherst du dir eine moderne Bluetooth Box zum Personalisieren f\u00fcr dein Team oder Kunden. Das edle Aluminium-Geh\u00e4use sorgt f\u00fcr satten Sound &amp; ein professionelles Auftreten. Diesen Werbeartikel Lautsprecher l\u00e4sst du bei uns direkt mit deinem Logo veredeln.\" \/>\n\t<meta name=\"robots\" content=\"max-image-preview:large\" \/>\n\t<link rel=\"canonical\" href=\"https:\/\/hidalgo.nl\/de\/wp-json\/wp\/v2\/product\/9690\" \/>\n\t<meta name=\"generator\" content=\"All in One SEO Pro (AIOSEO) 4.9.6.2\" \/>\n\t\t<meta property=\"og:locale\" content=\"de_DE\" \/>\n\t\t<meta property=\"og:site_name\" content=\"Hidalgo -\" \/>\n\t\t<meta property=\"og:type\" content=\"article\" \/>\n\t\t<meta property=\"og:title\" content=\"Bluetooth Speaker BrandCharger Nano Pro bedrucken 10W Alu\" \/>\n\t\t<meta property=\"og:description\" content=\"Mit dem BrandCharger Nano Pro sicherst du dir eine moderne Bluetooth Box zum Personalisieren f\u00fcr dein Team oder Kunden. Das edle Aluminium-Geh\u00e4use sorgt f\u00fcr satten Sound &amp; ein professionelles Auftreten. Diesen Werbeartikel Lautsprecher l\u00e4sst du bei uns direkt mit deinem Logo veredeln.\" \/>\n\t\t<meta property=\"og:url\" content=\"https:\/\/hidalgo.nl\/de\/wp-json\/wp\/v2\/product\/9690\" \/>\n\t\t<meta property=\"og:image\" content=\"https:\/\/shop.hidalgo.nl\/wp-content\/uploads\/2025\/11\/cropped-Hidalgo-est1993.png\" \/>\n\t\t<meta property=\"og:image:secure_url\" content=\"https:\/\/shop.hidalgo.nl\/wp-content\/uploads\/2025\/11\/cropped-Hidalgo-est1993.png\" \/>\n\t\t<meta property=\"article:published_time\" content=\"2025-07-03T10:06:10+00:00\" \/>\n\t\t<meta property=\"article:modified_time\" content=\"2026-03-15T09:58:54+00:00\" \/>\n\t\t<meta name=\"twitter:card\" content=\"summary_large_image\" \/>\n\t\t<meta name=\"twitter:title\" content=\"Bluetooth Speaker BrandCharger Nano Pro bedrucken 10W Alu\" \/>\n\t\t<meta name=\"twitter:description\" content=\"Mit dem BrandCharger Nano Pro sicherst du dir eine moderne Bluetooth Box zum Personalisieren f\u00fcr dein Team oder Kunden. Das edle Aluminium-Geh\u00e4use sorgt f\u00fcr satten Sound &amp; ein professionelles Auftreten. Diesen Werbeartikel Lautsprecher l\u00e4sst du bei uns direkt mit deinem Logo veredeln.\" \/>\n\t\t<meta name=\"twitter:image\" content=\"https:\/\/shop.hidalgo.nl\/wp-content\/uploads\/2025\/11\/cropped-Hidalgo-est1993.png\" \/>\n\t\t<script type=\"application\/ld+json\" class=\"aioseo-schema\">\n\t\t\t{\"@context\":\"https:\\\/\\\/schema.org\",\"@graph\":[{\"@type\":\"BreadcrumbList\",\"@id\":\"https:\\\/\\\/hidalgo.nl\\\/de\\\/product\\\/9690\\\/bluetooth-speaker-brandcharger-nano-pro-bedrucken-10w-alu\\\/#breadcrumblist\",\"itemListElement\":[{\"@type\":\"ListItem\",\"@id\":\"https:\\\/\\\/hidalgo.nl\\\/de\\\/#listItem\",\"position\":1,\"name\":\"Home\",\"item\":\"https:\\\/\\\/hidalgo.nl\\\/de\\\/\",\"nextItem\":{\"@type\":\"ListItem\",\"@id\":\"https:\\\/\\\/hidalgo.nl\\\/example\\\/#listItem\",\"name\":\"example\"}},{\"@type\":\"ListItem\",\"@id\":\"https:\\\/\\\/hidalgo.nl\\\/example\\\/#listItem\",\"position\":2,\"name\":\"example\",\"item\":\"https:\\\/\\\/hidalgo.nl\\\/example\\\/\",\"nextItem\":{\"@type\":\"ListItem\",\"@id\":\"https:\\\/\\\/hidalgo.nl\\\/en\\\/product-supplier\\\/a58\\\/#listItem\",\"name\":\"A58\"},\"previousItem\":{\"@type\":\"ListItem\",\"@id\":\"https:\\\/\\\/hidalgo.nl\\\/de\\\/#listItem\",\"name\":\"Home\"}},{\"@type\":\"ListItem\",\"@id\":\"https:\\\/\\\/hidalgo.nl\\\/en\\\/product-supplier\\\/a58\\\/#listItem\",\"position\":3,\"name\":\"A58\",\"item\":\"https:\\\/\\\/hidalgo.nl\\\/en\\\/product-supplier\\\/a58\\\/\",\"nextItem\":{\"@type\":\"ListItem\",\"@id\":\"https:\\\/\\\/hidalgo.nl\\\/de\\\/product\\\/9690\\\/bluetooth-speaker-brandcharger-nano-pro-bedrucken-10w-alu\\\/#listItem\",\"name\":\"BrandCharger Nano Pro draadloze speaker\"},\"previousItem\":{\"@type\":\"ListItem\",\"@id\":\"https:\\\/\\\/hidalgo.nl\\\/example\\\/#listItem\",\"name\":\"example\"}},{\"@type\":\"ListItem\",\"@id\":\"https:\\\/\\\/hidalgo.nl\\\/de\\\/product\\\/9690\\\/bluetooth-speaker-brandcharger-nano-pro-bedrucken-10w-alu\\\/#listItem\",\"position\":4,\"name\":\"BrandCharger Nano Pro draadloze speaker\",\"previousItem\":{\"@type\":\"ListItem\",\"@id\":\"https:\\\/\\\/hidalgo.nl\\\/en\\\/product-supplier\\\/a58\\\/#listItem\",\"name\":\"A58\"}}]},{\"@type\":\"Organization\",\"@id\":\"https:\\\/\\\/hidalgo.nl\\\/de\\\/#organization\",\"name\":\"Hidalgo\",\"url\":\"https:\\\/\\\/hidalgo.nl\\\/de\\\/\",\"logo\":{\"@type\":\"ImageObject\",\"url\":\"https:\\\/\\\/shop.hidalgo.nl\\\/wp-content\\\/uploads\\\/2025\\\/11\\\/cropped-Hidalgo-est1993.png\",\"@id\":\"https:\\\/\\\/hidalgo.nl\\\/de\\\/product\\\/9690\\\/bluetooth-speaker-brandcharger-nano-pro-bedrucken-10w-alu\\\/#organizationLogo\",\"width\":585,\"height\":195},\"image\":{\"@id\":\"https:\\\/\\\/hidalgo.nl\\\/de\\\/product\\\/9690\\\/bluetooth-speaker-brandcharger-nano-pro-bedrucken-10w-alu\\\/#organizationLogo\"}},{\"@type\":\"ProductGroup\",\"@id\":\"https:\\\/\\\/hidalgo.nl\\\/de\\\/product\\\/9690\\\/bluetooth-speaker-brandcharger-nano-pro-bedrucken-10w-alu\\\/#wooCommerceProduct\",\"name\":\"Bluetooth Speaker BrandCharger Nano Pro bedrucken 10W Alu\",\"url\":\"https:\\\/\\\/hidalgo.nl\\\/de\\\/product\\\/9690\\\/bluetooth-speaker-brandcharger-nano-pro-bedrucken-10w-alu\\\/\",\"brand\":{\"@type\":\"Brand\",\"name\":\"Brandcharger\"},\"sku\":\"A58-1163682\",\"image\":{\"@type\":\"ImageObject\",\"url\":\"https:\\\/\\\/shop.hidalgo.nl\\\/wp-content\\\/uploads\\\/2025\\\/05\\\/ca66e8ee18d655d86f986298b828d2dfa601b7c0fe10aae9f3fefdd64a075a66.jpg\",\"@id\":\"https:\\\/\\\/hidalgo.nl\\\/de\\\/product\\\/9690\\\/bluetooth-speaker-brandcharger-nano-pro-bedrucken-10w-alu\\\/#productImage\",\"width\":1000,\"height\":457},\"productGroupID\":9690,\"hasVariant\":[{\"@type\":\"Product\",\"@id\":\"https:\\\/\\\/hidalgo.nl\\\/de\\\/product\\\/9690\\\/bluetooth-speaker-brandcharger-nano-pro-bedrucken-10w-alu\\\/#wooCommerceProduct\",\"name\":\"BrandCharger Nano Pro draadloze speaker - zilver,\",\"url\":\"https:\\\/\\\/hidalgo.nl\\\/de\\\/product\\\/9690\\\/bluetooth-speaker-brandcharger-nano-pro-bedrucken-10w-alu\\\/\",\"sku\":\"A58-1163682-050999999\",\"gtin\":\"8719446068704\",\"image\":{\"@type\":\"ImageObject\",\"url\":\"https:\\\/\\\/shop.hidalgo.nl\\\/wp-content\\\/uploads\\\/2025\\\/05\\\/d942f300ef995f667192be60b957480d83769030a4657ac9e06f1233e6a27de7.jpg\",\"@id\":\"https:\\\/\\\/hidalgo.nl\\\/de\\\/product\\\/9690\\\/bluetooth-speaker-brandcharger-nano-pro-bedrucken-10w-alu\\\/#productImage\",\"width\":1000,\"height\":406},\"offers\":{\"@type\":\"Offer\",\"url\":\"https:\\\/\\\/hidalgo.nl\\\/de\\\/product\\\/9690\\\/bluetooth-speaker-brandcharger-nano-pro-bedrucken-10w-alu\\\/#wooCommerceOffer\",\"price\":\"42.31\",\"priceCurrency\":\"EUR\",\"category\":\"Promotionele Artikelen\",\"availability\":\"https:\\\/\\\/schema.org\\\/InStock\",\"priceSpecification\":{\"@type\":\"PriceSpecification\",\"price\":42.31,\"priceCurrency\":\"EUR\",\"valueAddedTaxIncluded\":\"true\"}}}]},{\"@type\":\"WebPage\",\"@id\":\"https:\\\/\\\/hidalgo.nl\\\/de\\\/product\\\/9690\\\/bluetooth-speaker-brandcharger-nano-pro-bedrucken-10w-alu\\\/#webpage\",\"url\":\"https:\\\/\\\/hidalgo.nl\\\/de\\\/product\\\/9690\\\/bluetooth-speaker-brandcharger-nano-pro-bedrucken-10w-alu\\\/\",\"name\":\"Bluetooth Speaker BrandCharger Nano Pro bedrucken 10W Alu\",\"description\":\"Mit dem BrandCharger Nano Pro sicherst du dir eine moderne Bluetooth Box zum Personalisieren f\\u00fcr dein Team oder Kunden. Das edle Aluminium-Geh\\u00e4use sorgt f\\u00fcr satten Sound & ein professionelles Auftreten. Diesen Werbeartikel Lautsprecher l\\u00e4sst du bei uns direkt mit deinem Logo veredeln.\",\"inLanguage\":\"de-DE\",\"isPartOf\":{\"@id\":\"https:\\\/\\\/hidalgo.nl\\\/de\\\/#website\"},\"breadcrumb\":{\"@id\":\"https:\\\/\\\/hidalgo.nl\\\/de\\\/product\\\/9690\\\/bluetooth-speaker-brandcharger-nano-pro-bedrucken-10w-alu\\\/#breadcrumblist\"},\"image\":{\"@type\":\"ImageObject\",\"url\":\"https:\\\/\\\/shop.hidalgo.nl\\\/wp-content\\\/uploads\\\/2025\\\/05\\\/ca66e8ee18d655d86f986298b828d2dfa601b7c0fe10aae9f3fefdd64a075a66.jpg\",\"@id\":\"https:\\\/\\\/hidalgo.nl\\\/de\\\/product\\\/9690\\\/bluetooth-speaker-brandcharger-nano-pro-bedrucken-10w-alu\\\/#mainImage\",\"width\":1000,\"height\":457},\"primaryImageOfPage\":{\"@id\":\"https:\\\/\\\/hidalgo.nl\\\/de\\\/product\\\/9690\\\/bluetooth-speaker-brandcharger-nano-pro-bedrucken-10w-alu\\\/#mainImage\"},\"datePublished\":\"2025-07-03T10:06:10+00:00\",\"dateModified\":\"2026-03-15T09:58:54+00:00\"},{\"@type\":\"WebSite\",\"@id\":\"https:\\\/\\\/hidalgo.nl\\\/de\\\/#website\",\"url\":\"https:\\\/\\\/hidalgo.nl\\\/de\\\/\",\"name\":\"Hidalgo\",\"inLanguage\":\"de-DE\",\"publisher\":{\"@id\":\"https:\\\/\\\/hidalgo.nl\\\/de\\\/#organization\"}}]}\n\t\t<\/script>\n\t\t<!-- All in One SEO Pro -->\r\n\t\t<title>Bluetooth Speaker BrandCharger Nano Pro bedrucken 10W Alu<\/title>\n\n","aioseo_head_json":{"title":"Bluetooth Speaker BrandCharger Nano Pro bedrucken 10W Alu","description":"Mit dem BrandCharger Nano Pro sicherst du dir eine moderne Bluetooth Box zum Personalisieren f\u00fcr dein Team oder Kunden. Das edle Aluminium-Geh\u00e4use sorgt f\u00fcr satten Sound & ein professionelles Auftreten. Diesen Werbeartikel Lautsprecher l\u00e4sst du bei uns direkt mit deinem Logo veredeln.","canonical_url":"https:\/\/hidalgo.nl\/de\/wp-json\/wp\/v2\/product\/9690","robots":"max-image-preview:large","keywords":"","webmasterTools":{"miscellaneous":""},"schema":{"@context":"https:\/\/schema.org","@graph":[{"@type":"BreadcrumbList","@id":"https:\/\/hidalgo.nl\/de\/product\/9690\/bluetooth-speaker-brandcharger-nano-pro-bedrucken-10w-alu\/#breadcrumblist","itemListElement":[{"@type":"ListItem","@id":"https:\/\/hidalgo.nl\/de\/#listItem","position":1,"name":"Home","item":"https:\/\/hidalgo.nl\/de\/","nextItem":{"@type":"ListItem","@id":"https:\/\/hidalgo.nl\/example\/#listItem","name":"example"}},{"@type":"ListItem","@id":"https:\/\/hidalgo.nl\/example\/#listItem","position":2,"name":"example","item":"https:\/\/hidalgo.nl\/example\/","nextItem":{"@type":"ListItem","@id":"https:\/\/hidalgo.nl\/en\/product-supplier\/a58\/#listItem","name":"A58"},"previousItem":{"@type":"ListItem","@id":"https:\/\/hidalgo.nl\/de\/#listItem","name":"Home"}},{"@type":"ListItem","@id":"https:\/\/hidalgo.nl\/en\/product-supplier\/a58\/#listItem","position":3,"name":"A58","item":"https:\/\/hidalgo.nl\/en\/product-supplier\/a58\/","nextItem":{"@type":"ListItem","@id":"https:\/\/hidalgo.nl\/de\/product\/9690\/bluetooth-speaker-brandcharger-nano-pro-bedrucken-10w-alu\/#listItem","name":"BrandCharger Nano Pro draadloze speaker"},"previousItem":{"@type":"ListItem","@id":"https:\/\/hidalgo.nl\/example\/#listItem","name":"example"}},{"@type":"ListItem","@id":"https:\/\/hidalgo.nl\/de\/product\/9690\/bluetooth-speaker-brandcharger-nano-pro-bedrucken-10w-alu\/#listItem","position":4,"name":"BrandCharger Nano Pro draadloze speaker","previousItem":{"@type":"ListItem","@id":"https:\/\/hidalgo.nl\/en\/product-supplier\/a58\/#listItem","name":"A58"}}]},{"@type":"Organization","@id":"https:\/\/hidalgo.nl\/de\/#organization","name":"Hidalgo","url":"https:\/\/hidalgo.nl\/de\/","logo":{"@type":"ImageObject","url":"https:\/\/shop.hidalgo.nl\/wp-content\/uploads\/2025\/11\/cropped-Hidalgo-est1993.png","@id":"https:\/\/hidalgo.nl\/de\/product\/9690\/bluetooth-speaker-brandcharger-nano-pro-bedrucken-10w-alu\/#organizationLogo","width":585,"height":195},"image":{"@id":"https:\/\/hidalgo.nl\/de\/product\/9690\/bluetooth-speaker-brandcharger-nano-pro-bedrucken-10w-alu\/#organizationLogo"}},{"@type":"ProductGroup","@id":"https:\/\/hidalgo.nl\/de\/product\/9690\/bluetooth-speaker-brandcharger-nano-pro-bedrucken-10w-alu\/#wooCommerceProduct","name":"Bluetooth Speaker BrandCharger Nano Pro bedrucken 10W Alu","url":"https:\/\/hidalgo.nl\/de\/product\/9690\/bluetooth-speaker-brandcharger-nano-pro-bedrucken-10w-alu\/","brand":{"@type":"Brand","name":"Brandcharger"},"sku":"A58-1163682","image":{"@type":"ImageObject","url":"https:\/\/shop.hidalgo.nl\/wp-content\/uploads\/2025\/05\/ca66e8ee18d655d86f986298b828d2dfa601b7c0fe10aae9f3fefdd64a075a66.jpg","@id":"https:\/\/hidalgo.nl\/de\/product\/9690\/bluetooth-speaker-brandcharger-nano-pro-bedrucken-10w-alu\/#productImage","width":1000,"height":457},"productGroupID":9690,"hasVariant":[{"@type":"Product","@id":"https:\/\/hidalgo.nl\/de\/product\/9690\/bluetooth-speaker-brandcharger-nano-pro-bedrucken-10w-alu\/#wooCommerceProduct","name":"BrandCharger Nano Pro draadloze speaker - zilver,","url":"https:\/\/hidalgo.nl\/de\/product\/9690\/bluetooth-speaker-brandcharger-nano-pro-bedrucken-10w-alu\/","sku":"A58-1163682-050999999","gtin":"8719446068704","image":{"@type":"ImageObject","url":"https:\/\/shop.hidalgo.nl\/wp-content\/uploads\/2025\/05\/d942f300ef995f667192be60b957480d83769030a4657ac9e06f1233e6a27de7.jpg","@id":"https:\/\/hidalgo.nl\/de\/product\/9690\/bluetooth-speaker-brandcharger-nano-pro-bedrucken-10w-alu\/#productImage","width":1000,"height":406},"offers":{"@type":"Offer","url":"https:\/\/hidalgo.nl\/de\/product\/9690\/bluetooth-speaker-brandcharger-nano-pro-bedrucken-10w-alu\/#wooCommerceOffer","price":"42.31","priceCurrency":"EUR","category":"Promotionele Artikelen","availability":"https:\/\/schema.org\/InStock","priceSpecification":{"@type":"PriceSpecification","price":42.31,"priceCurrency":"EUR","valueAddedTaxIncluded":"true"}}}]},{"@type":"WebPage","@id":"https:\/\/hidalgo.nl\/de\/product\/9690\/bluetooth-speaker-brandcharger-nano-pro-bedrucken-10w-alu\/#webpage","url":"https:\/\/hidalgo.nl\/de\/product\/9690\/bluetooth-speaker-brandcharger-nano-pro-bedrucken-10w-alu\/","name":"Bluetooth Speaker BrandCharger Nano Pro bedrucken 10W Alu","description":"Mit dem BrandCharger Nano Pro sicherst du dir eine moderne Bluetooth Box zum Personalisieren f\u00fcr dein Team oder Kunden. Das edle Aluminium-Geh\u00e4use sorgt f\u00fcr satten Sound & ein professionelles Auftreten. Diesen Werbeartikel Lautsprecher l\u00e4sst du bei uns direkt mit deinem Logo veredeln.","inLanguage":"de-DE","isPartOf":{"@id":"https:\/\/hidalgo.nl\/de\/#website"},"breadcrumb":{"@id":"https:\/\/hidalgo.nl\/de\/product\/9690\/bluetooth-speaker-brandcharger-nano-pro-bedrucken-10w-alu\/#breadcrumblist"},"image":{"@type":"ImageObject","url":"https:\/\/shop.hidalgo.nl\/wp-content\/uploads\/2025\/05\/ca66e8ee18d655d86f986298b828d2dfa601b7c0fe10aae9f3fefdd64a075a66.jpg","@id":"https:\/\/hidalgo.nl\/de\/product\/9690\/bluetooth-speaker-brandcharger-nano-pro-bedrucken-10w-alu\/#mainImage","width":1000,"height":457},"primaryImageOfPage":{"@id":"https:\/\/hidalgo.nl\/de\/product\/9690\/bluetooth-speaker-brandcharger-nano-pro-bedrucken-10w-alu\/#mainImage"},"datePublished":"2025-07-03T10:06:10+00:00","dateModified":"2026-03-15T09:58:54+00:00"},{"@type":"WebSite","@id":"https:\/\/hidalgo.nl\/de\/#website","url":"https:\/\/hidalgo.nl\/de\/","name":"Hidalgo","inLanguage":"de-DE","publisher":{"@id":"https:\/\/hidalgo.nl\/de\/#organization"}}]},"og:locale":"de_DE","og:site_name":"Hidalgo -","og:type":"article","og:title":"Bluetooth Speaker BrandCharger Nano Pro bedrucken 10W Alu","og:description":"Mit dem BrandCharger Nano Pro sicherst du dir eine moderne Bluetooth Box zum Personalisieren f\u00fcr dein Team oder Kunden. Das edle Aluminium-Geh\u00e4use sorgt f\u00fcr satten Sound &amp; ein professionelles Auftreten. Diesen Werbeartikel Lautsprecher l\u00e4sst du bei uns direkt mit deinem Logo veredeln.","og:url":"https:\/\/hidalgo.nl\/de\/wp-json\/wp\/v2\/product\/9690","og:image":"https:\/\/shop.hidalgo.nl\/wp-content\/uploads\/2025\/11\/cropped-Hidalgo-est1993.png","og:image:secure_url":"https:\/\/shop.hidalgo.nl\/wp-content\/uploads\/2025\/11\/cropped-Hidalgo-est1993.png","article:published_time":"2025-07-03T10:06:10+00:00","article:modified_time":"2026-03-15T09:58:54+00:00","twitter:card":"summary_large_image","twitter:title":"Bluetooth Speaker BrandCharger Nano Pro bedrucken 10W Alu","twitter:description":"Mit dem BrandCharger Nano Pro sicherst du dir eine moderne Bluetooth Box zum Personalisieren f\u00fcr dein Team oder Kunden. Das edle Aluminium-Geh\u00e4use sorgt f\u00fcr satten Sound &amp; ein professionelles Auftreten. Diesen Werbeartikel Lautsprecher l\u00e4sst du bei uns direkt mit deinem Logo veredeln.","twitter:image":"https:\/\/shop.hidalgo.nl\/wp-content\/uploads\/2025\/11\/cropped-Hidalgo-est1993.png"},"aioseo_meta_data":{"post_id":"9690","title":null,"description":null,"keywords":null,"keyphrases":null,"primary_term":null,"canonical_url":null,"og_title":null,"og_description":null,"og_object_type":"default","og_image_type":"default","og_image_url":null,"og_image_width":null,"og_image_height":null,"og_image_custom_url":null,"og_image_custom_fields":null,"og_video":null,"og_custom_url":null,"og_article_section":null,"og_article_tags":null,"twitter_use_og":false,"twitter_card":"default","twitter_image_type":"default","twitter_image_url":null,"twitter_image_custom_url":null,"twitter_image_custom_fields":null,"twitter_title":null,"twitter_description":null,"schema":{"blockGraphs":[],"customGraphs":[],"default":{"data":{"Article":[],"Course":[],"Dataset":[],"FAQPage":[],"Movie":[],"Person":[],"Product":[],"ProductReview":[],"Car":[],"Recipe":[],"Service":[],"SoftwareApplication":[],"WebPage":[]},"graphName":"","isEnabled":true},"graphs":[]},"schema_type":"default","schema_type_options":null,"pillar_content":false,"robots_default":true,"robots_noindex":false,"robots_noarchive":false,"robots_nosnippet":false,"robots_nofollow":false,"robots_noimageindex":false,"robots_noodp":false,"robots_notranslate":false,"robots_max_snippet":null,"robots_max_videopreview":null,"robots_max_imagepreview":"large","priority":null,"frequency":null,"local_seo":null,"seo_analyzer_scan_date":"2026-01-23 14:59:05","breadcrumb_settings":null,"limit_modified_date":false,"reviewed_by":null,"open_ai":null,"ai":null,"created":"2026-01-14 06:17:37","updated":"2026-04-23 12:20:09"},"aioseo_breadcrumb":"<div class=\"aioseo-breadcrumbs\"><span class=\"aioseo-breadcrumb\">\n\t<a href=\"https:\/\/hidalgo.nl\/de\/\" title=\"Home\">Home<\/a>\n<\/span><span class=\"aioseo-breadcrumb-separator\">\u00bb<\/span><span class=\"aioseo-breadcrumb\">\n\t<a href=\"https:\/\/hidalgo.nl\/example\/\" title=\"example\">example<\/a>\n<\/span><span class=\"aioseo-breadcrumb-separator\">\u00bb<\/span><span class=\"aioseo-breadcrumb\">\n\t<a href=\"https:\/\/hidalgo.nl\/en\/product-supplier\/a58\/\" title=\"A58\">A58<\/a>\n<\/span><span class=\"aioseo-breadcrumb-separator\">\u00bb<\/span><span class=\"aioseo-breadcrumb\">\n\tBrandCharger Nano Pro draadloze speaker\n<\/span><\/div>","aioseo_breadcrumb_json":[{"label":"Home","link":"https:\/\/hidalgo.nl\/de\/"},{"label":"example","link":"https:\/\/hidalgo.nl\/example\/"},{"label":"A58","link":"https:\/\/hidalgo.nl\/en\/product-supplier\/a58\/"},{"label":"BrandCharger Nano Pro draadloze speaker","link":"https:\/\/hidalgo.nl\/de\/product\/9690\/bluetooth-speaker-brandcharger-nano-pro-bedrucken-10w-alu\/"}],"_links":{"self":[{"href":"https:\/\/hidalgo.nl\/de\/wp-json\/wp\/v2\/product\/9690","targetHints":{"allow":["GET"]}}],"collection":[{"href":"https:\/\/hidalgo.nl\/de\/wp-json\/wp\/v2\/product"}],"about":[{"href":"https:\/\/hidalgo.nl\/de\/wp-json\/wp\/v2\/types\/product"}],"wp:featuredmedia":[{"embeddable":true,"href":"https:\/\/hidalgo.nl\/de\/wp-json\/wp\/v2\/media\/9691"}],"wp:attachment":[{"href":"https:\/\/hidalgo.nl\/de\/wp-json\/wp\/v2\/media?parent=9690"}],"wp:term":[{"taxonomy":"product_brand","embeddable":true,"href":"https:\/\/hidalgo.nl\/de\/wp-json\/wp\/v2\/product_brand?post=9690"},{"taxonomy":"product_cat","embeddable":true,"href":"https:\/\/hidalgo.nl\/de\/wp-json\/wp\/v2\/product_cat?post=9690"},{"taxonomy":"product_tag","embeddable":true,"href":"https:\/\/hidalgo.nl\/de\/wp-json\/wp\/v2\/product_tag?post=9690"}],"curies":[{"name":"wp","href":"https:\/\/api.w.org\/{rel}","templated":true}]}}