{"id":9606,"date":"2025-07-03T10:05:15","date_gmt":"2025-07-03T10:05:15","guid":{"rendered":"http:\/\/bidonsenshakers.pim.hidalgo.nl\/product\/brandcharger-solo-schoudertas\/"},"modified":"2026-03-15T18:39:06","modified_gmt":"2026-03-15T18:39:06","slug":"brandcharger-solo-schoudertas","status":"publish","type":"product","link":"https:\/\/hidalgo.nl\/de\/product\/9606\/umhaengetasche-brandcharger-solo-bedrucken-rpet-kompakt\/","title":{"rendered":"BrandCharger Solo schoudertas"},"content":{"rendered":"<p>De Solo schoudertas, gemaakt van gerecyclede PET-flessen, is het perfecte relatiegeschenk voor dagelijks gebruik. Compact en lichtgewicht, ontworpen om je essenti\u00eble spullen op te bergen zonder je zakken te belasten. Het magnetische ritssysteem maakt openen en sluiten moeiteloos. Met vakken voor telefoon, portemonnee en sleutels houdt de Solo tas alles georganiseerd. Het verstelbare draagkoord biedt veelzijdigheid, terwijl de water- en vuilafstotende stof zorgt voor duurzaamheid bij dagelijkse avonturen.<\/p>\n","protected":false},"excerpt":{"rendered":"<p>De Solo schoudertas, gemaakt van gerecyclede PET-flessen, is het perfecte relatiegeschenk voor dagelijks gebruik. Compact en lichtgewicht, ontworpen om je essenti\u00eble spullen op te bergen zonder je zakken te belasten. Het magnetische ritssysteem maakt openen en sluiten moeiteloos. Met vakken voor telefoon, portemonnee en sleutels houdt de Solo tas alles georganiseerd. Het verstelbare draagkoord biedt&hellip; <a class=\"more-link\" href=\"https:\/\/hidalgo.nl\/de\/product\/9606\/umhaengetasche-brandcharger-solo-bedrucken-rpet-kompakt\/\"><span class=\"screen-reader-text\">BrandCharger Solo schoudertas<\/span> weiterlesen<\/a><\/p>\n","protected":false},"featured_media":9607,"template":"","meta":{"_acf_changed":false,"om_disable_all_campaigns":false,"_monsterinsights_skip_tracking":false,"_monsterinsights_sitenote_active":false,"_monsterinsights_sitenote_note":"","_monsterinsights_sitenote_category":0},"product_brand":[117],"product_cat":[4726,4727,4713],"product_tag":[],"class_list":{"0":"post-9606","1":"product","2":"type-product","3":"status-publish","4":"has-post-thumbnail","6":"product_supplier-a58","7":"product_material-polyester","8":"product_brand-brandcharger","9":"product_cat-draagtassen","10":"product_cat-schouder-tassen","11":"product_cat-tassen","12":"entry","14":"first","15":"instock","16":"taxable","17":"shipping-taxable","18":"purchasable","19":"product-type-variable"},"acf":{"imprint_cost":[{"imprint_cost_key":"bc2eb18935f325ce3c41f029f057e52e2e36b8e7","product_quantity_price_range":[{"imprint_cost_recommended_selling_price":"2.15","imprint_cost_recommended_selling_quantity":"1"},{"imprint_cost_recommended_selling_price":"1.42","imprint_cost_recommended_selling_quantity":"25"},{"imprint_cost_recommended_selling_price":"1.02","imprint_cost_recommended_selling_quantity":"50"},{"imprint_cost_recommended_selling_price":"0.65","imprint_cost_recommended_selling_quantity":"100"},{"imprint_cost_recommended_selling_price":"0.51","imprint_cost_recommended_selling_quantity":"250"},{"imprint_cost_recommended_selling_price":"0.42","imprint_cost_recommended_selling_quantity":"500"},{"imprint_cost_recommended_selling_price":"0.34","imprint_cost_recommended_selling_quantity":"1000"},{"imprint_cost_recommended_selling_price":"0.28","imprint_cost_recommended_selling_quantity":"2500"},{"imprint_cost_recommended_selling_price":"0.25","imprint_cost_recommended_selling_quantity":"5000"},{"imprint_cost_recommended_selling_price":"0.23","imprint_cost_recommended_selling_quantity":"10000"}],"product_quantity_price_range_buying":false,"imprint_cost_setup_costs":"30.77","imprint_cost_handling_costs":"0.26"},{"imprint_cost_key":"45d01a94b4c7a237c3bdf11f12016b02e381a8a6","product_quantity_price_range":[{"imprint_cost_recommended_selling_price":"6.06","imprint_cost_recommended_selling_quantity":"1"},{"imprint_cost_recommended_selling_price":"4.52","imprint_cost_recommended_selling_quantity":"25"},{"imprint_cost_recommended_selling_price":"2.23","imprint_cost_recommended_selling_quantity":"50"},{"imprint_cost_recommended_selling_price":"1.72","imprint_cost_recommended_selling_quantity":"100"},{"imprint_cost_recommended_selling_price":"1.31","imprint_cost_recommended_selling_quantity":"250"},{"imprint_cost_recommended_selling_price":"1.11","imprint_cost_recommended_selling_quantity":"500"},{"imprint_cost_recommended_selling_price":"1.06","imprint_cost_recommended_selling_quantity":"1000"},{"imprint_cost_recommended_selling_price":"0.98","imprint_cost_recommended_selling_quantity":"2500"},{"imprint_cost_recommended_selling_price":"0.94","imprint_cost_recommended_selling_quantity":"5000"},{"imprint_cost_recommended_selling_price":"0.92","imprint_cost_recommended_selling_quantity":"10000"}],"product_quantity_price_range_buying":false,"imprint_cost_setup_costs":"71.54","imprint_cost_handling_costs":"0.26"},{"imprint_cost_key":"a06b11693f156ff7a537c6c597fc5477875d354f","product_quantity_price_range":[{"imprint_cost_recommended_selling_price":"1.46","imprint_cost_recommended_selling_quantity":"1"},{"imprint_cost_recommended_selling_price":"1.29","imprint_cost_recommended_selling_quantity":"25"},{"imprint_cost_recommended_selling_price":"1.14","imprint_cost_recommended_selling_quantity":"50"},{"imprint_cost_recommended_selling_price":"0.97","imprint_cost_recommended_selling_quantity":"100"},{"imprint_cost_recommended_selling_price":"0.82","imprint_cost_recommended_selling_quantity":"250"},{"imprint_cost_recommended_selling_price":"0.75","imprint_cost_recommended_selling_quantity":"500"},{"imprint_cost_recommended_selling_price":"0.68","imprint_cost_recommended_selling_quantity":"1000"},{"imprint_cost_recommended_selling_price":"0.63","imprint_cost_recommended_selling_quantity":"2500"},{"imprint_cost_recommended_selling_price":"0.58","imprint_cost_recommended_selling_quantity":"5000"}],"product_quantity_price_range_buying":false,"imprint_cost_setup_costs":"60.77","imprint_cost_handling_costs":"0.26"}]},"aioseo_notices":[],"aioseo_head":"\n\t\t<!-- All in One SEO Pro 4.9.6.2 - aioseo.com -->\n\t<meta name=\"description\" content=\"Mit der BrandCharger Solo hast du deine Essentials stets griffbereit &amp; die Hosentaschen frei. Du kannst diese kompakte Umh\u00e4ngetasche bedrucken lassen, um deine Marke nachhaltig im Alltag zu pr\u00e4sentieren. Das recycelte Material und die clevere Innenaufteilung machen sie zum idealen Begleiter f\u00fcr deine Promotion.\" \/>\n\t<meta name=\"robots\" content=\"max-image-preview:large\" \/>\n\t<link rel=\"canonical\" href=\"https:\/\/hidalgo.nl\/de\/wp-json\/wp\/v2\/product\/9606\" \/>\n\t<meta name=\"generator\" content=\"All in One SEO Pro (AIOSEO) 4.9.6.2\" \/>\n\t\t<meta property=\"og:locale\" content=\"de_DE\" \/>\n\t\t<meta property=\"og:site_name\" content=\"Hidalgo -\" \/>\n\t\t<meta property=\"og:type\" content=\"article\" \/>\n\t\t<meta property=\"og:title\" content=\"Umh\u00e4ngetasche BrandCharger Solo bedrucken rPET kompakt\" \/>\n\t\t<meta property=\"og:description\" content=\"Mit der BrandCharger Solo hast du deine Essentials stets griffbereit &amp; die Hosentaschen frei. Du kannst diese kompakte Umh\u00e4ngetasche bedrucken lassen, um deine Marke nachhaltig im Alltag zu pr\u00e4sentieren. Das recycelte Material und die clevere Innenaufteilung machen sie zum idealen Begleiter f\u00fcr deine Promotion.\" \/>\n\t\t<meta property=\"og:url\" content=\"https:\/\/hidalgo.nl\/de\/wp-json\/wp\/v2\/product\/9606\" \/>\n\t\t<meta property=\"og:image\" content=\"https:\/\/shop.hidalgo.nl\/wp-content\/uploads\/2025\/11\/cropped-Hidalgo-est1993.png\" \/>\n\t\t<meta property=\"og:image:secure_url\" content=\"https:\/\/shop.hidalgo.nl\/wp-content\/uploads\/2025\/11\/cropped-Hidalgo-est1993.png\" \/>\n\t\t<meta property=\"article:published_time\" content=\"2025-07-03T10:05:15+00:00\" \/>\n\t\t<meta property=\"article:modified_time\" content=\"2026-03-15T18:39:06+00:00\" \/>\n\t\t<meta name=\"twitter:card\" content=\"summary_large_image\" \/>\n\t\t<meta name=\"twitter:title\" content=\"Umh\u00e4ngetasche BrandCharger Solo bedrucken rPET kompakt\" \/>\n\t\t<meta name=\"twitter:description\" content=\"Mit der BrandCharger Solo hast du deine Essentials stets griffbereit &amp; die Hosentaschen frei. Du kannst diese kompakte Umh\u00e4ngetasche bedrucken lassen, um deine Marke nachhaltig im Alltag zu pr\u00e4sentieren. Das recycelte Material und die clevere Innenaufteilung machen sie zum idealen Begleiter f\u00fcr deine Promotion.\" \/>\n\t\t<meta name=\"twitter:image\" content=\"https:\/\/shop.hidalgo.nl\/wp-content\/uploads\/2025\/11\/cropped-Hidalgo-est1993.png\" \/>\n\t\t<script type=\"application\/ld+json\" class=\"aioseo-schema\">\n\t\t\t{\"@context\":\"https:\\\/\\\/schema.org\",\"@graph\":[{\"@type\":\"BreadcrumbList\",\"@id\":\"https:\\\/\\\/hidalgo.nl\\\/de\\\/product\\\/9606\\\/umhaengetasche-brandcharger-solo-bedrucken-rpet-kompakt\\\/#breadcrumblist\",\"itemListElement\":[{\"@type\":\"ListItem\",\"@id\":\"https:\\\/\\\/hidalgo.nl\\\/de\\\/#listItem\",\"position\":1,\"name\":\"Home\",\"item\":\"https:\\\/\\\/hidalgo.nl\\\/de\\\/\",\"nextItem\":{\"@type\":\"ListItem\",\"@id\":\"https:\\\/\\\/hidalgo.nl\\\/example\\\/#listItem\",\"name\":\"example\"}},{\"@type\":\"ListItem\",\"@id\":\"https:\\\/\\\/hidalgo.nl\\\/example\\\/#listItem\",\"position\":2,\"name\":\"example\",\"item\":\"https:\\\/\\\/hidalgo.nl\\\/example\\\/\",\"nextItem\":{\"@type\":\"ListItem\",\"@id\":\"https:\\\/\\\/hidalgo.nl\\\/en\\\/product-supplier\\\/a58\\\/#listItem\",\"name\":\"A58\"},\"previousItem\":{\"@type\":\"ListItem\",\"@id\":\"https:\\\/\\\/hidalgo.nl\\\/de\\\/#listItem\",\"name\":\"Home\"}},{\"@type\":\"ListItem\",\"@id\":\"https:\\\/\\\/hidalgo.nl\\\/en\\\/product-supplier\\\/a58\\\/#listItem\",\"position\":3,\"name\":\"A58\",\"item\":\"https:\\\/\\\/hidalgo.nl\\\/en\\\/product-supplier\\\/a58\\\/\",\"nextItem\":{\"@type\":\"ListItem\",\"@id\":\"https:\\\/\\\/hidalgo.nl\\\/de\\\/product\\\/9606\\\/umhaengetasche-brandcharger-solo-bedrucken-rpet-kompakt\\\/#listItem\",\"name\":\"BrandCharger Solo schoudertas\"},\"previousItem\":{\"@type\":\"ListItem\",\"@id\":\"https:\\\/\\\/hidalgo.nl\\\/example\\\/#listItem\",\"name\":\"example\"}},{\"@type\":\"ListItem\",\"@id\":\"https:\\\/\\\/hidalgo.nl\\\/de\\\/product\\\/9606\\\/umhaengetasche-brandcharger-solo-bedrucken-rpet-kompakt\\\/#listItem\",\"position\":4,\"name\":\"BrandCharger Solo schoudertas\",\"previousItem\":{\"@type\":\"ListItem\",\"@id\":\"https:\\\/\\\/hidalgo.nl\\\/en\\\/product-supplier\\\/a58\\\/#listItem\",\"name\":\"A58\"}}]},{\"@type\":\"Organization\",\"@id\":\"https:\\\/\\\/hidalgo.nl\\\/de\\\/#organization\",\"name\":\"Hidalgo\",\"url\":\"https:\\\/\\\/hidalgo.nl\\\/de\\\/\",\"logo\":{\"@type\":\"ImageObject\",\"url\":\"https:\\\/\\\/shop.hidalgo.nl\\\/wp-content\\\/uploads\\\/2025\\\/11\\\/cropped-Hidalgo-est1993.png\",\"@id\":\"https:\\\/\\\/hidalgo.nl\\\/de\\\/product\\\/9606\\\/umhaengetasche-brandcharger-solo-bedrucken-rpet-kompakt\\\/#organizationLogo\",\"width\":585,\"height\":195},\"image\":{\"@id\":\"https:\\\/\\\/hidalgo.nl\\\/de\\\/product\\\/9606\\\/umhaengetasche-brandcharger-solo-bedrucken-rpet-kompakt\\\/#organizationLogo\"}},{\"@type\":\"ProductGroup\",\"@id\":\"https:\\\/\\\/hidalgo.nl\\\/de\\\/product\\\/9606\\\/umhaengetasche-brandcharger-solo-bedrucken-rpet-kompakt\\\/#wooCommerceProduct\",\"name\":\"Umh\\u00e4ngetasche BrandCharger Solo bedrucken rPET kompakt\",\"url\":\"https:\\\/\\\/hidalgo.nl\\\/de\\\/product\\\/9606\\\/umhaengetasche-brandcharger-solo-bedrucken-rpet-kompakt\\\/\",\"brand\":{\"@type\":\"Brand\",\"name\":\"Brandcharger\"},\"sku\":\"A58-1163668\",\"image\":{\"@type\":\"ImageObject\",\"url\":\"https:\\\/\\\/shop.hidalgo.nl\\\/wp-content\\\/uploads\\\/2025\\\/05\\\/d465cbbde5d401b70e0486ac879edd54266e942c6d11c51efc9e4d5973c0786a.jpg\",\"@id\":\"https:\\\/\\\/hidalgo.nl\\\/de\\\/product\\\/9606\\\/umhaengetasche-brandcharger-solo-bedrucken-rpet-kompakt\\\/#productImage\",\"width\":1000,\"height\":748},\"productGroupID\":9606,\"hasVariant\":[{\"@type\":\"Product\",\"@id\":\"https:\\\/\\\/hidalgo.nl\\\/de\\\/product\\\/9606\\\/umhaengetasche-brandcharger-solo-bedrucken-rpet-kompakt\\\/#wooCommerceProduct\",\"name\":\"BrandCharger Solo schoudertas - zwart,\",\"url\":\"https:\\\/\\\/hidalgo.nl\\\/de\\\/product\\\/9606\\\/umhaengetasche-brandcharger-solo-bedrucken-rpet-kompakt\\\/\",\"sku\":\"A58-1163668-001999999\",\"gtin\":\"8719446068551\",\"image\":{\"@type\":\"ImageObject\",\"url\":\"https:\\\/\\\/shop.hidalgo.nl\\\/wp-content\\\/uploads\\\/2025\\\/05\\\/32f0eaa2dddaa64f1fe73ac3823830e56a7459c3e0d8ed66bd582a38419295d2.jpg\",\"@id\":\"https:\\\/\\\/hidalgo.nl\\\/de\\\/product\\\/9606\\\/umhaengetasche-brandcharger-solo-bedrucken-rpet-kompakt\\\/#productImage\",\"width\":389,\"height\":1000},\"offers\":{\"@type\":\"Offer\",\"url\":\"https:\\\/\\\/hidalgo.nl\\\/de\\\/product\\\/9606\\\/umhaengetasche-brandcharger-solo-bedrucken-rpet-kompakt\\\/#wooCommerceOffer\",\"price\":\"14.61\",\"priceCurrency\":\"EUR\",\"category\":\"Tassen\",\"availability\":\"https:\\\/\\\/schema.org\\\/InStock\",\"priceSpecification\":{\"@type\":\"PriceSpecification\",\"price\":14.61,\"priceCurrency\":\"EUR\",\"valueAddedTaxIncluded\":\"true\"}}}]},{\"@type\":\"WebPage\",\"@id\":\"https:\\\/\\\/hidalgo.nl\\\/de\\\/product\\\/9606\\\/umhaengetasche-brandcharger-solo-bedrucken-rpet-kompakt\\\/#webpage\",\"url\":\"https:\\\/\\\/hidalgo.nl\\\/de\\\/product\\\/9606\\\/umhaengetasche-brandcharger-solo-bedrucken-rpet-kompakt\\\/\",\"name\":\"Umh\\u00e4ngetasche BrandCharger Solo bedrucken rPET kompakt\",\"description\":\"Mit der BrandCharger Solo hast du deine Essentials stets griffbereit & die Hosentaschen frei. Du kannst diese kompakte Umh\\u00e4ngetasche bedrucken lassen, um deine Marke nachhaltig im Alltag zu pr\\u00e4sentieren. Das recycelte Material und die clevere Innenaufteilung machen sie zum idealen Begleiter f\\u00fcr deine Promotion.\",\"inLanguage\":\"de-DE\",\"isPartOf\":{\"@id\":\"https:\\\/\\\/hidalgo.nl\\\/de\\\/#website\"},\"breadcrumb\":{\"@id\":\"https:\\\/\\\/hidalgo.nl\\\/de\\\/product\\\/9606\\\/umhaengetasche-brandcharger-solo-bedrucken-rpet-kompakt\\\/#breadcrumblist\"},\"image\":{\"@type\":\"ImageObject\",\"url\":\"https:\\\/\\\/shop.hidalgo.nl\\\/wp-content\\\/uploads\\\/2025\\\/05\\\/d465cbbde5d401b70e0486ac879edd54266e942c6d11c51efc9e4d5973c0786a.jpg\",\"@id\":\"https:\\\/\\\/hidalgo.nl\\\/de\\\/product\\\/9606\\\/umhaengetasche-brandcharger-solo-bedrucken-rpet-kompakt\\\/#mainImage\",\"width\":1000,\"height\":748},\"primaryImageOfPage\":{\"@id\":\"https:\\\/\\\/hidalgo.nl\\\/de\\\/product\\\/9606\\\/umhaengetasche-brandcharger-solo-bedrucken-rpet-kompakt\\\/#mainImage\"},\"datePublished\":\"2025-07-03T10:05:15+00:00\",\"dateModified\":\"2026-03-15T18:39:06+00:00\"},{\"@type\":\"WebSite\",\"@id\":\"https:\\\/\\\/hidalgo.nl\\\/de\\\/#website\",\"url\":\"https:\\\/\\\/hidalgo.nl\\\/de\\\/\",\"name\":\"Hidalgo\",\"inLanguage\":\"de-DE\",\"publisher\":{\"@id\":\"https:\\\/\\\/hidalgo.nl\\\/de\\\/#organization\"}}]}\n\t\t<\/script>\n\t\t<!-- All in One SEO Pro -->\r\n\t\t<title>Umh\u00e4ngetasche BrandCharger Solo bedrucken rPET kompakt<\/title>\n\n","aioseo_head_json":{"title":"Umh\u00e4ngetasche BrandCharger Solo bedrucken rPET kompakt","description":"Mit der BrandCharger Solo hast du deine Essentials stets griffbereit & die Hosentaschen frei. Du kannst diese kompakte Umh\u00e4ngetasche bedrucken lassen, um deine Marke nachhaltig im Alltag zu pr\u00e4sentieren. Das recycelte Material und die clevere Innenaufteilung machen sie zum idealen Begleiter f\u00fcr deine Promotion.","canonical_url":"https:\/\/hidalgo.nl\/de\/wp-json\/wp\/v2\/product\/9606","robots":"max-image-preview:large","keywords":"","webmasterTools":{"miscellaneous":""},"schema":{"@context":"https:\/\/schema.org","@graph":[{"@type":"BreadcrumbList","@id":"https:\/\/hidalgo.nl\/de\/product\/9606\/umhaengetasche-brandcharger-solo-bedrucken-rpet-kompakt\/#breadcrumblist","itemListElement":[{"@type":"ListItem","@id":"https:\/\/hidalgo.nl\/de\/#listItem","position":1,"name":"Home","item":"https:\/\/hidalgo.nl\/de\/","nextItem":{"@type":"ListItem","@id":"https:\/\/hidalgo.nl\/example\/#listItem","name":"example"}},{"@type":"ListItem","@id":"https:\/\/hidalgo.nl\/example\/#listItem","position":2,"name":"example","item":"https:\/\/hidalgo.nl\/example\/","nextItem":{"@type":"ListItem","@id":"https:\/\/hidalgo.nl\/en\/product-supplier\/a58\/#listItem","name":"A58"},"previousItem":{"@type":"ListItem","@id":"https:\/\/hidalgo.nl\/de\/#listItem","name":"Home"}},{"@type":"ListItem","@id":"https:\/\/hidalgo.nl\/en\/product-supplier\/a58\/#listItem","position":3,"name":"A58","item":"https:\/\/hidalgo.nl\/en\/product-supplier\/a58\/","nextItem":{"@type":"ListItem","@id":"https:\/\/hidalgo.nl\/de\/product\/9606\/umhaengetasche-brandcharger-solo-bedrucken-rpet-kompakt\/#listItem","name":"BrandCharger Solo schoudertas"},"previousItem":{"@type":"ListItem","@id":"https:\/\/hidalgo.nl\/example\/#listItem","name":"example"}},{"@type":"ListItem","@id":"https:\/\/hidalgo.nl\/de\/product\/9606\/umhaengetasche-brandcharger-solo-bedrucken-rpet-kompakt\/#listItem","position":4,"name":"BrandCharger Solo schoudertas","previousItem":{"@type":"ListItem","@id":"https:\/\/hidalgo.nl\/en\/product-supplier\/a58\/#listItem","name":"A58"}}]},{"@type":"Organization","@id":"https:\/\/hidalgo.nl\/de\/#organization","name":"Hidalgo","url":"https:\/\/hidalgo.nl\/de\/","logo":{"@type":"ImageObject","url":"https:\/\/shop.hidalgo.nl\/wp-content\/uploads\/2025\/11\/cropped-Hidalgo-est1993.png","@id":"https:\/\/hidalgo.nl\/de\/product\/9606\/umhaengetasche-brandcharger-solo-bedrucken-rpet-kompakt\/#organizationLogo","width":585,"height":195},"image":{"@id":"https:\/\/hidalgo.nl\/de\/product\/9606\/umhaengetasche-brandcharger-solo-bedrucken-rpet-kompakt\/#organizationLogo"}},{"@type":"ProductGroup","@id":"https:\/\/hidalgo.nl\/de\/product\/9606\/umhaengetasche-brandcharger-solo-bedrucken-rpet-kompakt\/#wooCommerceProduct","name":"Umh\u00e4ngetasche BrandCharger Solo bedrucken rPET kompakt","url":"https:\/\/hidalgo.nl\/de\/product\/9606\/umhaengetasche-brandcharger-solo-bedrucken-rpet-kompakt\/","brand":{"@type":"Brand","name":"Brandcharger"},"sku":"A58-1163668","image":{"@type":"ImageObject","url":"https:\/\/shop.hidalgo.nl\/wp-content\/uploads\/2025\/05\/d465cbbde5d401b70e0486ac879edd54266e942c6d11c51efc9e4d5973c0786a.jpg","@id":"https:\/\/hidalgo.nl\/de\/product\/9606\/umhaengetasche-brandcharger-solo-bedrucken-rpet-kompakt\/#productImage","width":1000,"height":748},"productGroupID":9606,"hasVariant":[{"@type":"Product","@id":"https:\/\/hidalgo.nl\/de\/product\/9606\/umhaengetasche-brandcharger-solo-bedrucken-rpet-kompakt\/#wooCommerceProduct","name":"BrandCharger Solo schoudertas - zwart,","url":"https:\/\/hidalgo.nl\/de\/product\/9606\/umhaengetasche-brandcharger-solo-bedrucken-rpet-kompakt\/","sku":"A58-1163668-001999999","gtin":"8719446068551","image":{"@type":"ImageObject","url":"https:\/\/shop.hidalgo.nl\/wp-content\/uploads\/2025\/05\/32f0eaa2dddaa64f1fe73ac3823830e56a7459c3e0d8ed66bd582a38419295d2.jpg","@id":"https:\/\/hidalgo.nl\/de\/product\/9606\/umhaengetasche-brandcharger-solo-bedrucken-rpet-kompakt\/#productImage","width":389,"height":1000},"offers":{"@type":"Offer","url":"https:\/\/hidalgo.nl\/de\/product\/9606\/umhaengetasche-brandcharger-solo-bedrucken-rpet-kompakt\/#wooCommerceOffer","price":"14.61","priceCurrency":"EUR","category":"Tassen","availability":"https:\/\/schema.org\/InStock","priceSpecification":{"@type":"PriceSpecification","price":14.61,"priceCurrency":"EUR","valueAddedTaxIncluded":"true"}}}]},{"@type":"WebPage","@id":"https:\/\/hidalgo.nl\/de\/product\/9606\/umhaengetasche-brandcharger-solo-bedrucken-rpet-kompakt\/#webpage","url":"https:\/\/hidalgo.nl\/de\/product\/9606\/umhaengetasche-brandcharger-solo-bedrucken-rpet-kompakt\/","name":"Umh\u00e4ngetasche BrandCharger Solo bedrucken rPET kompakt","description":"Mit der BrandCharger Solo hast du deine Essentials stets griffbereit & die Hosentaschen frei. Du kannst diese kompakte Umh\u00e4ngetasche bedrucken lassen, um deine Marke nachhaltig im Alltag zu pr\u00e4sentieren. Das recycelte Material und die clevere Innenaufteilung machen sie zum idealen Begleiter f\u00fcr deine Promotion.","inLanguage":"de-DE","isPartOf":{"@id":"https:\/\/hidalgo.nl\/de\/#website"},"breadcrumb":{"@id":"https:\/\/hidalgo.nl\/de\/product\/9606\/umhaengetasche-brandcharger-solo-bedrucken-rpet-kompakt\/#breadcrumblist"},"image":{"@type":"ImageObject","url":"https:\/\/shop.hidalgo.nl\/wp-content\/uploads\/2025\/05\/d465cbbde5d401b70e0486ac879edd54266e942c6d11c51efc9e4d5973c0786a.jpg","@id":"https:\/\/hidalgo.nl\/de\/product\/9606\/umhaengetasche-brandcharger-solo-bedrucken-rpet-kompakt\/#mainImage","width":1000,"height":748},"primaryImageOfPage":{"@id":"https:\/\/hidalgo.nl\/de\/product\/9606\/umhaengetasche-brandcharger-solo-bedrucken-rpet-kompakt\/#mainImage"},"datePublished":"2025-07-03T10:05:15+00:00","dateModified":"2026-03-15T18:39:06+00:00"},{"@type":"WebSite","@id":"https:\/\/hidalgo.nl\/de\/#website","url":"https:\/\/hidalgo.nl\/de\/","name":"Hidalgo","inLanguage":"de-DE","publisher":{"@id":"https:\/\/hidalgo.nl\/de\/#organization"}}]},"og:locale":"de_DE","og:site_name":"Hidalgo -","og:type":"article","og:title":"Umh\u00e4ngetasche BrandCharger Solo bedrucken rPET kompakt","og:description":"Mit der BrandCharger Solo hast du deine Essentials stets griffbereit &amp; die Hosentaschen frei. Du kannst diese kompakte Umh\u00e4ngetasche bedrucken lassen, um deine Marke nachhaltig im Alltag zu pr\u00e4sentieren. Das recycelte Material und die clevere Innenaufteilung machen sie zum idealen Begleiter f\u00fcr deine Promotion.","og:url":"https:\/\/hidalgo.nl\/de\/wp-json\/wp\/v2\/product\/9606","og:image":"https:\/\/shop.hidalgo.nl\/wp-content\/uploads\/2025\/11\/cropped-Hidalgo-est1993.png","og:image:secure_url":"https:\/\/shop.hidalgo.nl\/wp-content\/uploads\/2025\/11\/cropped-Hidalgo-est1993.png","article:published_time":"2025-07-03T10:05:15+00:00","article:modified_time":"2026-03-15T18:39:06+00:00","twitter:card":"summary_large_image","twitter:title":"Umh\u00e4ngetasche BrandCharger Solo bedrucken rPET kompakt","twitter:description":"Mit der BrandCharger Solo hast du deine Essentials stets griffbereit &amp; die Hosentaschen frei. Du kannst diese kompakte Umh\u00e4ngetasche bedrucken lassen, um deine Marke nachhaltig im Alltag zu pr\u00e4sentieren. Das recycelte Material und die clevere Innenaufteilung machen sie zum idealen Begleiter f\u00fcr deine Promotion.","twitter:image":"https:\/\/shop.hidalgo.nl\/wp-content\/uploads\/2025\/11\/cropped-Hidalgo-est1993.png"},"aioseo_meta_data":{"post_id":"9606","title":null,"description":null,"keywords":null,"keyphrases":null,"primary_term":null,"canonical_url":null,"og_title":null,"og_description":null,"og_object_type":"default","og_image_type":"default","og_image_url":null,"og_image_width":null,"og_image_height":null,"og_image_custom_url":null,"og_image_custom_fields":null,"og_video":null,"og_custom_url":null,"og_article_section":null,"og_article_tags":null,"twitter_use_og":false,"twitter_card":"default","twitter_image_type":"default","twitter_image_url":null,"twitter_image_custom_url":null,"twitter_image_custom_fields":null,"twitter_title":null,"twitter_description":null,"schema":{"blockGraphs":[],"customGraphs":[],"default":{"data":{"Article":[],"Course":[],"Dataset":[],"FAQPage":[],"Movie":[],"Person":[],"Product":[],"ProductReview":[],"Car":[],"Recipe":[],"Service":[],"SoftwareApplication":[],"WebPage":[]},"graphName":"","isEnabled":true},"graphs":[]},"schema_type":"default","schema_type_options":null,"pillar_content":false,"robots_default":true,"robots_noindex":false,"robots_noarchive":false,"robots_nosnippet":false,"robots_nofollow":false,"robots_noimageindex":false,"robots_noodp":false,"robots_notranslate":false,"robots_max_snippet":null,"robots_max_videopreview":null,"robots_max_imagepreview":"large","priority":null,"frequency":null,"local_seo":null,"seo_analyzer_scan_date":"2026-01-20 09:52:02","breadcrumb_settings":null,"limit_modified_date":false,"reviewed_by":null,"open_ai":null,"ai":null,"created":"2026-01-14 06:17:37","updated":"2026-04-22 16:03:53"},"aioseo_breadcrumb":"<div class=\"aioseo-breadcrumbs\"><span class=\"aioseo-breadcrumb\">\n\t<a href=\"https:\/\/hidalgo.nl\/de\/\" title=\"Home\">Home<\/a>\n<\/span><span class=\"aioseo-breadcrumb-separator\">\u00bb<\/span><span class=\"aioseo-breadcrumb\">\n\t<a href=\"https:\/\/hidalgo.nl\/example\/\" title=\"example\">example<\/a>\n<\/span><span class=\"aioseo-breadcrumb-separator\">\u00bb<\/span><span class=\"aioseo-breadcrumb\">\n\t<a href=\"https:\/\/hidalgo.nl\/en\/product-supplier\/a58\/\" title=\"A58\">A58<\/a>\n<\/span><span class=\"aioseo-breadcrumb-separator\">\u00bb<\/span><span class=\"aioseo-breadcrumb\">\n\tBrandCharger Solo schoudertas\n<\/span><\/div>","aioseo_breadcrumb_json":[{"label":"Home","link":"https:\/\/hidalgo.nl\/de\/"},{"label":"example","link":"https:\/\/hidalgo.nl\/example\/"},{"label":"A58","link":"https:\/\/hidalgo.nl\/en\/product-supplier\/a58\/"},{"label":"BrandCharger Solo schoudertas","link":"https:\/\/hidalgo.nl\/de\/product\/9606\/umhaengetasche-brandcharger-solo-bedrucken-rpet-kompakt\/"}],"_links":{"self":[{"href":"https:\/\/hidalgo.nl\/de\/wp-json\/wp\/v2\/product\/9606","targetHints":{"allow":["GET"]}}],"collection":[{"href":"https:\/\/hidalgo.nl\/de\/wp-json\/wp\/v2\/product"}],"about":[{"href":"https:\/\/hidalgo.nl\/de\/wp-json\/wp\/v2\/types\/product"}],"wp:featuredmedia":[{"embeddable":true,"href":"https:\/\/hidalgo.nl\/de\/wp-json\/wp\/v2\/media\/9607"}],"wp:attachment":[{"href":"https:\/\/hidalgo.nl\/de\/wp-json\/wp\/v2\/media?parent=9606"}],"wp:term":[{"taxonomy":"product_brand","embeddable":true,"href":"https:\/\/hidalgo.nl\/de\/wp-json\/wp\/v2\/product_brand?post=9606"},{"taxonomy":"product_cat","embeddable":true,"href":"https:\/\/hidalgo.nl\/de\/wp-json\/wp\/v2\/product_cat?post=9606"},{"taxonomy":"product_tag","embeddable":true,"href":"https:\/\/hidalgo.nl\/de\/wp-json\/wp\/v2\/product_tag?post=9606"}],"curies":[{"name":"wp","href":"https:\/\/api.w.org\/{rel}","templated":true}]}}