{"id":95919,"date":"2025-07-07T06:35:07","date_gmt":"2025-07-07T06:35:07","guid":{"rendered":"http:\/\/bidonsenshakers.pim.hidalgo.nl\/product\/pa875-voetbal-glider-2-maat-4\/"},"modified":"2026-03-20T14:03:40","modified_gmt":"2026-03-20T14:03:40","slug":"pa875-voetbal-glider-2-maat-4","status":"publish","type":"product","link":"https:\/\/hidalgo.nl\/de\/product\/95919\/werbefussball-glider-2-bedrucken-formstabil-pvc-groesse-4\/","title":{"rendered":"PA875 &#8211; Voetbal Glider 2 maat 4"},"content":{"rendered":"<p>Ontwikkeld voor vrijetijdsvoetbal op gras. Opgebouwd uit 32 panelen, body van polyester 3 lagen, met de hand genaaid. Zachte buitenkant voor meer comfort en glanzende PVC-afwerking. Voor kinderen van 7 tot 12 jaar<\/p>\n","protected":false},"excerpt":{"rendered":"<p>Ontwikkeld voor vrijetijdsvoetbal op gras. Opgebouwd uit 32 panelen, body van polyester 3 lagen, met de hand genaaid. Zachte buitenkant voor meer comfort en glanzende PVC-afwerking. Voor kinderen van 7 tot 12 jaar<\/p>\n","protected":false},"featured_media":95920,"template":"","meta":{"_acf_changed":false,"om_disable_all_campaigns":false,"_monsterinsights_skip_tracking":false,"_monsterinsights_sitenote_active":false,"_monsterinsights_sitenote_note":"","_monsterinsights_sitenote_category":0},"product_brand":[1415],"product_cat":[4948,4719,4754],"product_tag":[],"class_list":{"0":"post-95919","1":"product","2":"type-product","3":"status-publish","4":"has-post-thumbnail","6":"product_supplier-a403","7":"product_material-pvc","8":"product_brand-proact","9":"product_cat-sport-artikelen-fitness-uitrusting","10":"product_cat-promotionele-artikelen","11":"product_cat-sport-artikelen","12":"entry","14":"first","15":"instock","16":"taxable","17":"shipping-taxable","18":"purchasable","19":"product-type-variable"},"acf":{"imprint_cost":[{"imprint_cost_key":"33483b79de35c41f6a5968127e3727b83ce2fe0b","product_quantity_price_range":[{"imprint_cost_recommended_selling_price":"0","imprint_cost_recommended_selling_quantity":"1"}],"product_quantity_price_range_buying":false,"imprint_cost_setup_costs":"","imprint_cost_handling_costs":""}]},"aioseo_notices":[],"aioseo_head":"\n\t\t<!-- All in One SEO Pro 4.9.6.2 - aioseo.com -->\n\t<meta name=\"description\" content=\"Setze dein Logo auf den formstabilen Glider 2 in Gr\u00f6\u00dfe 4: ideal f\u00fcr Events, Vereine und Kampagnen. Hier kannst du deinen Fu\u00dfball bedrucken lassen, perfekt wenn du Werbeb\u00e4lle mit Logo kaufen m\u00f6chtest. Royal Blue, robust &amp; auff\u00e4llig - bereit f\u00fcr deinen Auftritt.\" \/>\n\t<meta name=\"robots\" content=\"max-image-preview:large\" \/>\n\t<link rel=\"canonical\" href=\"https:\/\/hidalgo.nl\/de\/wp-json\/wp\/v2\/product\/95919\" \/>\n\t<meta name=\"generator\" content=\"All in One SEO Pro (AIOSEO) 4.9.6.2\" \/>\n\t\t<meta property=\"og:locale\" content=\"de_DE\" \/>\n\t\t<meta property=\"og:site_name\" content=\"Hidalgo -\" \/>\n\t\t<meta property=\"og:type\" content=\"article\" \/>\n\t\t<meta property=\"og:title\" content=\"Werbefu\u00dfball Glider 2 bedrucken formstabil PVC Gr\u00f6\u00dfe 4\" \/>\n\t\t<meta property=\"og:description\" content=\"Setze dein Logo auf den formstabilen Glider 2 in Gr\u00f6\u00dfe 4: ideal f\u00fcr Events, Vereine und Kampagnen. Hier kannst du deinen Fu\u00dfball bedrucken lassen, perfekt wenn du Werbeb\u00e4lle mit Logo kaufen m\u00f6chtest. Royal Blue, robust &amp; auff\u00e4llig - bereit f\u00fcr deinen Auftritt.\" \/>\n\t\t<meta property=\"og:url\" content=\"https:\/\/hidalgo.nl\/de\/wp-json\/wp\/v2\/product\/95919\" \/>\n\t\t<meta property=\"og:image\" content=\"https:\/\/shop.hidalgo.nl\/wp-content\/uploads\/2025\/11\/cropped-Hidalgo-est1993.png\" \/>\n\t\t<meta property=\"og:image:secure_url\" content=\"https:\/\/shop.hidalgo.nl\/wp-content\/uploads\/2025\/11\/cropped-Hidalgo-est1993.png\" \/>\n\t\t<meta property=\"article:published_time\" content=\"2025-07-07T06:35:07+00:00\" \/>\n\t\t<meta property=\"article:modified_time\" content=\"2026-03-20T14:03:40+00:00\" \/>\n\t\t<meta name=\"twitter:card\" content=\"summary_large_image\" \/>\n\t\t<meta name=\"twitter:title\" content=\"Werbefu\u00dfball Glider 2 bedrucken formstabil PVC Gr\u00f6\u00dfe 4\" \/>\n\t\t<meta name=\"twitter:description\" content=\"Setze dein Logo auf den formstabilen Glider 2 in Gr\u00f6\u00dfe 4: ideal f\u00fcr Events, Vereine und Kampagnen. Hier kannst du deinen Fu\u00dfball bedrucken lassen, perfekt wenn du Werbeb\u00e4lle mit Logo kaufen m\u00f6chtest. Royal Blue, robust &amp; auff\u00e4llig - bereit f\u00fcr deinen Auftritt.\" \/>\n\t\t<meta name=\"twitter:image\" content=\"https:\/\/shop.hidalgo.nl\/wp-content\/uploads\/2025\/11\/cropped-Hidalgo-est1993.png\" \/>\n\t\t<script type=\"application\/ld+json\" class=\"aioseo-schema\">\n\t\t\t{\"@context\":\"https:\\\/\\\/schema.org\",\"@graph\":[{\"@type\":\"BreadcrumbList\",\"@id\":\"https:\\\/\\\/hidalgo.nl\\\/de\\\/product\\\/95919\\\/werbefussball-glider-2-bedrucken-formstabil-pvc-groesse-4\\\/#breadcrumblist\",\"itemListElement\":[{\"@type\":\"ListItem\",\"@id\":\"https:\\\/\\\/hidalgo.nl\\\/de\\\/#listItem\",\"position\":1,\"name\":\"Home\",\"item\":\"https:\\\/\\\/hidalgo.nl\\\/de\\\/\",\"nextItem\":{\"@type\":\"ListItem\",\"@id\":\"https:\\\/\\\/hidalgo.nl\\\/example\\\/#listItem\",\"name\":\"example\"}},{\"@type\":\"ListItem\",\"@id\":\"https:\\\/\\\/hidalgo.nl\\\/example\\\/#listItem\",\"position\":2,\"name\":\"example\",\"item\":\"https:\\\/\\\/hidalgo.nl\\\/example\\\/\",\"nextItem\":{\"@type\":\"ListItem\",\"@id\":\"https:\\\/\\\/hidalgo.nl\\\/en\\\/product-supplier\\\/a403\\\/#listItem\",\"name\":\"A403\"},\"previousItem\":{\"@type\":\"ListItem\",\"@id\":\"https:\\\/\\\/hidalgo.nl\\\/de\\\/#listItem\",\"name\":\"Home\"}},{\"@type\":\"ListItem\",\"@id\":\"https:\\\/\\\/hidalgo.nl\\\/en\\\/product-supplier\\\/a403\\\/#listItem\",\"position\":3,\"name\":\"A403\",\"item\":\"https:\\\/\\\/hidalgo.nl\\\/en\\\/product-supplier\\\/a403\\\/\",\"nextItem\":{\"@type\":\"ListItem\",\"@id\":\"https:\\\/\\\/hidalgo.nl\\\/de\\\/product\\\/95919\\\/werbefussball-glider-2-bedrucken-formstabil-pvc-groesse-4\\\/#listItem\",\"name\":\"PA875 &#8211; Voetbal Glider 2 maat 4\"},\"previousItem\":{\"@type\":\"ListItem\",\"@id\":\"https:\\\/\\\/hidalgo.nl\\\/example\\\/#listItem\",\"name\":\"example\"}},{\"@type\":\"ListItem\",\"@id\":\"https:\\\/\\\/hidalgo.nl\\\/de\\\/product\\\/95919\\\/werbefussball-glider-2-bedrucken-formstabil-pvc-groesse-4\\\/#listItem\",\"position\":4,\"name\":\"PA875 &#8211; Voetbal Glider 2 maat 4\",\"previousItem\":{\"@type\":\"ListItem\",\"@id\":\"https:\\\/\\\/hidalgo.nl\\\/en\\\/product-supplier\\\/a403\\\/#listItem\",\"name\":\"A403\"}}]},{\"@type\":\"Organization\",\"@id\":\"https:\\\/\\\/hidalgo.nl\\\/de\\\/#organization\",\"name\":\"Hidalgo\",\"url\":\"https:\\\/\\\/hidalgo.nl\\\/de\\\/\",\"logo\":{\"@type\":\"ImageObject\",\"url\":\"https:\\\/\\\/shop.hidalgo.nl\\\/wp-content\\\/uploads\\\/2025\\\/11\\\/cropped-Hidalgo-est1993.png\",\"@id\":\"https:\\\/\\\/hidalgo.nl\\\/de\\\/product\\\/95919\\\/werbefussball-glider-2-bedrucken-formstabil-pvc-groesse-4\\\/#organizationLogo\",\"width\":585,\"height\":195},\"image\":{\"@id\":\"https:\\\/\\\/hidalgo.nl\\\/de\\\/product\\\/95919\\\/werbefussball-glider-2-bedrucken-formstabil-pvc-groesse-4\\\/#organizationLogo\"}},{\"@type\":\"ProductGroup\",\"@id\":\"https:\\\/\\\/hidalgo.nl\\\/de\\\/product\\\/95919\\\/werbefussball-glider-2-bedrucken-formstabil-pvc-groesse-4\\\/#wooCommerceProduct\",\"name\":\"Werbefu\\u00dfball Glider 2 bedrucken formstabil PVC Gr\\u00f6\\u00dfe 4\",\"url\":\"https:\\\/\\\/hidalgo.nl\\\/de\\\/product\\\/95919\\\/werbefussball-glider-2-bedrucken-formstabil-pvc-groesse-4\\\/\",\"brand\":{\"@type\":\"Brand\",\"name\":\"PROACT\"},\"sku\":\"A403-PA875\",\"image\":{\"@type\":\"ImageObject\",\"url\":\"https:\\\/\\\/shop.hidalgo.nl\\\/wp-content\\\/uploads\\\/2025\\\/07\\\/54b055223a4b436c65fc3e7f586dfacc702413fa1f46c113a6cab48b7a019680.png\",\"@id\":\"https:\\\/\\\/hidalgo.nl\\\/de\\\/product\\\/95919\\\/werbefussball-glider-2-bedrucken-formstabil-pvc-groesse-4\\\/#productImage\",\"width\":1000,\"height\":995},\"productGroupID\":95919,\"hasVariant\":[{\"@type\":\"Product\",\"@id\":\"https:\\\/\\\/hidalgo.nl\\\/de\\\/product\\\/95919\\\/werbefussball-glider-2-bedrucken-formstabil-pvc-groesse-4\\\/#wooCommerceProduct\",\"name\":\"PA875 - Voetbal Glider 2 maat 4 - taille-4, royal-blue\",\"url\":\"https:\\\/\\\/hidalgo.nl\\\/de\\\/product\\\/95919\\\/werbefussball-glider-2-bedrucken-formstabil-pvc-groesse-4\\\/\",\"sku\":\"A403-PA875_55826_55825\",\"gtin\":\"3663639074582\",\"image\":{\"@type\":\"ImageObject\",\"url\":\"https:\\\/\\\/shop.hidalgo.nl\\\/wp-content\\\/uploads\\\/2025\\\/07\\\/54b055223a4b436c65fc3e7f586dfacc702413fa1f46c113a6cab48b7a019680.png\",\"@id\":\"https:\\\/\\\/hidalgo.nl\\\/de\\\/product\\\/95919\\\/werbefussball-glider-2-bedrucken-formstabil-pvc-groesse-4\\\/#productImage\",\"width\":1000,\"height\":995},\"offers\":{\"@type\":\"Offer\",\"url\":\"https:\\\/\\\/hidalgo.nl\\\/de\\\/product\\\/95919\\\/werbefussball-glider-2-bedrucken-formstabil-pvc-groesse-4\\\/#wooCommerceOffer\",\"price\":\"8.2\",\"priceCurrency\":\"EUR\",\"category\":\"Promotionele Artikelen\",\"availability\":\"https:\\\/\\\/schema.org\\\/InStock\",\"priceSpecification\":{\"@type\":\"PriceSpecification\",\"price\":8.2,\"priceCurrency\":\"EUR\",\"valueAddedTaxIncluded\":\"true\"}}}]},{\"@type\":\"WebPage\",\"@id\":\"https:\\\/\\\/hidalgo.nl\\\/de\\\/product\\\/95919\\\/werbefussball-glider-2-bedrucken-formstabil-pvc-groesse-4\\\/#webpage\",\"url\":\"https:\\\/\\\/hidalgo.nl\\\/de\\\/product\\\/95919\\\/werbefussball-glider-2-bedrucken-formstabil-pvc-groesse-4\\\/\",\"name\":\"Werbefu\\u00dfball Glider 2 bedrucken formstabil PVC Gr\\u00f6\\u00dfe 4\",\"description\":\"Setze dein Logo auf den formstabilen Glider 2 in Gr\\u00f6\\u00dfe 4: ideal f\\u00fcr Events, Vereine und Kampagnen. Hier kannst du deinen Fu\\u00dfball bedrucken lassen, perfekt wenn du Werbeb\\u00e4lle mit Logo kaufen m\\u00f6chtest. Royal Blue, robust & auff\\u00e4llig - bereit f\\u00fcr deinen Auftritt.\",\"inLanguage\":\"de-DE\",\"isPartOf\":{\"@id\":\"https:\\\/\\\/hidalgo.nl\\\/de\\\/#website\"},\"breadcrumb\":{\"@id\":\"https:\\\/\\\/hidalgo.nl\\\/de\\\/product\\\/95919\\\/werbefussball-glider-2-bedrucken-formstabil-pvc-groesse-4\\\/#breadcrumblist\"},\"image\":{\"@type\":\"ImageObject\",\"url\":\"https:\\\/\\\/shop.hidalgo.nl\\\/wp-content\\\/uploads\\\/2025\\\/07\\\/54b055223a4b436c65fc3e7f586dfacc702413fa1f46c113a6cab48b7a019680.png\",\"@id\":\"https:\\\/\\\/hidalgo.nl\\\/de\\\/product\\\/95919\\\/werbefussball-glider-2-bedrucken-formstabil-pvc-groesse-4\\\/#mainImage\",\"width\":1000,\"height\":995},\"primaryImageOfPage\":{\"@id\":\"https:\\\/\\\/hidalgo.nl\\\/de\\\/product\\\/95919\\\/werbefussball-glider-2-bedrucken-formstabil-pvc-groesse-4\\\/#mainImage\"},\"datePublished\":\"2025-07-07T06:35:07+00:00\",\"dateModified\":\"2026-03-20T14:03:40+00:00\"},{\"@type\":\"WebSite\",\"@id\":\"https:\\\/\\\/hidalgo.nl\\\/de\\\/#website\",\"url\":\"https:\\\/\\\/hidalgo.nl\\\/de\\\/\",\"name\":\"Hidalgo\",\"inLanguage\":\"de-DE\",\"publisher\":{\"@id\":\"https:\\\/\\\/hidalgo.nl\\\/de\\\/#organization\"}}]}\n\t\t<\/script>\n\t\t<!-- All in One SEO Pro -->\r\n\t\t<title>Werbefu\u00dfball Glider 2 bedrucken formstabil PVC Gr\u00f6\u00dfe 4<\/title>\n\n","aioseo_head_json":{"title":"Werbefu\u00dfball Glider 2 bedrucken formstabil PVC Gr\u00f6\u00dfe 4","description":"Setze dein Logo auf den formstabilen Glider 2 in Gr\u00f6\u00dfe 4: ideal f\u00fcr Events, Vereine und Kampagnen. Hier kannst du deinen Fu\u00dfball bedrucken lassen, perfekt wenn du Werbeb\u00e4lle mit Logo kaufen m\u00f6chtest. Royal Blue, robust & auff\u00e4llig - bereit f\u00fcr deinen Auftritt.","canonical_url":"https:\/\/hidalgo.nl\/de\/wp-json\/wp\/v2\/product\/95919","robots":"max-image-preview:large","keywords":"","webmasterTools":{"miscellaneous":""},"schema":{"@context":"https:\/\/schema.org","@graph":[{"@type":"BreadcrumbList","@id":"https:\/\/hidalgo.nl\/de\/product\/95919\/werbefussball-glider-2-bedrucken-formstabil-pvc-groesse-4\/#breadcrumblist","itemListElement":[{"@type":"ListItem","@id":"https:\/\/hidalgo.nl\/de\/#listItem","position":1,"name":"Home","item":"https:\/\/hidalgo.nl\/de\/","nextItem":{"@type":"ListItem","@id":"https:\/\/hidalgo.nl\/example\/#listItem","name":"example"}},{"@type":"ListItem","@id":"https:\/\/hidalgo.nl\/example\/#listItem","position":2,"name":"example","item":"https:\/\/hidalgo.nl\/example\/","nextItem":{"@type":"ListItem","@id":"https:\/\/hidalgo.nl\/en\/product-supplier\/a403\/#listItem","name":"A403"},"previousItem":{"@type":"ListItem","@id":"https:\/\/hidalgo.nl\/de\/#listItem","name":"Home"}},{"@type":"ListItem","@id":"https:\/\/hidalgo.nl\/en\/product-supplier\/a403\/#listItem","position":3,"name":"A403","item":"https:\/\/hidalgo.nl\/en\/product-supplier\/a403\/","nextItem":{"@type":"ListItem","@id":"https:\/\/hidalgo.nl\/de\/product\/95919\/werbefussball-glider-2-bedrucken-formstabil-pvc-groesse-4\/#listItem","name":"PA875 &#8211; Voetbal Glider 2 maat 4"},"previousItem":{"@type":"ListItem","@id":"https:\/\/hidalgo.nl\/example\/#listItem","name":"example"}},{"@type":"ListItem","@id":"https:\/\/hidalgo.nl\/de\/product\/95919\/werbefussball-glider-2-bedrucken-formstabil-pvc-groesse-4\/#listItem","position":4,"name":"PA875 &#8211; Voetbal Glider 2 maat 4","previousItem":{"@type":"ListItem","@id":"https:\/\/hidalgo.nl\/en\/product-supplier\/a403\/#listItem","name":"A403"}}]},{"@type":"Organization","@id":"https:\/\/hidalgo.nl\/de\/#organization","name":"Hidalgo","url":"https:\/\/hidalgo.nl\/de\/","logo":{"@type":"ImageObject","url":"https:\/\/shop.hidalgo.nl\/wp-content\/uploads\/2025\/11\/cropped-Hidalgo-est1993.png","@id":"https:\/\/hidalgo.nl\/de\/product\/95919\/werbefussball-glider-2-bedrucken-formstabil-pvc-groesse-4\/#organizationLogo","width":585,"height":195},"image":{"@id":"https:\/\/hidalgo.nl\/de\/product\/95919\/werbefussball-glider-2-bedrucken-formstabil-pvc-groesse-4\/#organizationLogo"}},{"@type":"ProductGroup","@id":"https:\/\/hidalgo.nl\/de\/product\/95919\/werbefussball-glider-2-bedrucken-formstabil-pvc-groesse-4\/#wooCommerceProduct","name":"Werbefu\u00dfball Glider 2 bedrucken formstabil PVC Gr\u00f6\u00dfe 4","url":"https:\/\/hidalgo.nl\/de\/product\/95919\/werbefussball-glider-2-bedrucken-formstabil-pvc-groesse-4\/","brand":{"@type":"Brand","name":"PROACT"},"sku":"A403-PA875","image":{"@type":"ImageObject","url":"https:\/\/shop.hidalgo.nl\/wp-content\/uploads\/2025\/07\/54b055223a4b436c65fc3e7f586dfacc702413fa1f46c113a6cab48b7a019680.png","@id":"https:\/\/hidalgo.nl\/de\/product\/95919\/werbefussball-glider-2-bedrucken-formstabil-pvc-groesse-4\/#productImage","width":1000,"height":995},"productGroupID":95919,"hasVariant":[{"@type":"Product","@id":"https:\/\/hidalgo.nl\/de\/product\/95919\/werbefussball-glider-2-bedrucken-formstabil-pvc-groesse-4\/#wooCommerceProduct","name":"PA875 - Voetbal Glider 2 maat 4 - taille-4, royal-blue","url":"https:\/\/hidalgo.nl\/de\/product\/95919\/werbefussball-glider-2-bedrucken-formstabil-pvc-groesse-4\/","sku":"A403-PA875_55826_55825","gtin":"3663639074582","image":{"@type":"ImageObject","url":"https:\/\/shop.hidalgo.nl\/wp-content\/uploads\/2025\/07\/54b055223a4b436c65fc3e7f586dfacc702413fa1f46c113a6cab48b7a019680.png","@id":"https:\/\/hidalgo.nl\/de\/product\/95919\/werbefussball-glider-2-bedrucken-formstabil-pvc-groesse-4\/#productImage","width":1000,"height":995},"offers":{"@type":"Offer","url":"https:\/\/hidalgo.nl\/de\/product\/95919\/werbefussball-glider-2-bedrucken-formstabil-pvc-groesse-4\/#wooCommerceOffer","price":"8.2","priceCurrency":"EUR","category":"Promotionele Artikelen","availability":"https:\/\/schema.org\/InStock","priceSpecification":{"@type":"PriceSpecification","price":8.2,"priceCurrency":"EUR","valueAddedTaxIncluded":"true"}}}]},{"@type":"WebPage","@id":"https:\/\/hidalgo.nl\/de\/product\/95919\/werbefussball-glider-2-bedrucken-formstabil-pvc-groesse-4\/#webpage","url":"https:\/\/hidalgo.nl\/de\/product\/95919\/werbefussball-glider-2-bedrucken-formstabil-pvc-groesse-4\/","name":"Werbefu\u00dfball Glider 2 bedrucken formstabil PVC Gr\u00f6\u00dfe 4","description":"Setze dein Logo auf den formstabilen Glider 2 in Gr\u00f6\u00dfe 4: ideal f\u00fcr Events, Vereine und Kampagnen. Hier kannst du deinen Fu\u00dfball bedrucken lassen, perfekt wenn du Werbeb\u00e4lle mit Logo kaufen m\u00f6chtest. Royal Blue, robust & auff\u00e4llig - bereit f\u00fcr deinen Auftritt.","inLanguage":"de-DE","isPartOf":{"@id":"https:\/\/hidalgo.nl\/de\/#website"},"breadcrumb":{"@id":"https:\/\/hidalgo.nl\/de\/product\/95919\/werbefussball-glider-2-bedrucken-formstabil-pvc-groesse-4\/#breadcrumblist"},"image":{"@type":"ImageObject","url":"https:\/\/shop.hidalgo.nl\/wp-content\/uploads\/2025\/07\/54b055223a4b436c65fc3e7f586dfacc702413fa1f46c113a6cab48b7a019680.png","@id":"https:\/\/hidalgo.nl\/de\/product\/95919\/werbefussball-glider-2-bedrucken-formstabil-pvc-groesse-4\/#mainImage","width":1000,"height":995},"primaryImageOfPage":{"@id":"https:\/\/hidalgo.nl\/de\/product\/95919\/werbefussball-glider-2-bedrucken-formstabil-pvc-groesse-4\/#mainImage"},"datePublished":"2025-07-07T06:35:07+00:00","dateModified":"2026-03-20T14:03:40+00:00"},{"@type":"WebSite","@id":"https:\/\/hidalgo.nl\/de\/#website","url":"https:\/\/hidalgo.nl\/de\/","name":"Hidalgo","inLanguage":"de-DE","publisher":{"@id":"https:\/\/hidalgo.nl\/de\/#organization"}}]},"og:locale":"de_DE","og:site_name":"Hidalgo -","og:type":"article","og:title":"Werbefu\u00dfball Glider 2 bedrucken formstabil PVC Gr\u00f6\u00dfe 4","og:description":"Setze dein Logo auf den formstabilen Glider 2 in Gr\u00f6\u00dfe 4: ideal f\u00fcr Events, Vereine und Kampagnen. Hier kannst du deinen Fu\u00dfball bedrucken lassen, perfekt wenn du Werbeb\u00e4lle mit Logo kaufen m\u00f6chtest. Royal Blue, robust &amp; auff\u00e4llig - bereit f\u00fcr deinen Auftritt.","og:url":"https:\/\/hidalgo.nl\/de\/wp-json\/wp\/v2\/product\/95919","og:image":"https:\/\/shop.hidalgo.nl\/wp-content\/uploads\/2025\/11\/cropped-Hidalgo-est1993.png","og:image:secure_url":"https:\/\/shop.hidalgo.nl\/wp-content\/uploads\/2025\/11\/cropped-Hidalgo-est1993.png","article:published_time":"2025-07-07T06:35:07+00:00","article:modified_time":"2026-03-20T14:03:40+00:00","twitter:card":"summary_large_image","twitter:title":"Werbefu\u00dfball Glider 2 bedrucken formstabil PVC Gr\u00f6\u00dfe 4","twitter:description":"Setze dein Logo auf den formstabilen Glider 2 in Gr\u00f6\u00dfe 4: ideal f\u00fcr Events, Vereine und Kampagnen. Hier kannst du deinen Fu\u00dfball bedrucken lassen, perfekt wenn du Werbeb\u00e4lle mit Logo kaufen m\u00f6chtest. Royal Blue, robust &amp; auff\u00e4llig - bereit f\u00fcr deinen Auftritt.","twitter:image":"https:\/\/shop.hidalgo.nl\/wp-content\/uploads\/2025\/11\/cropped-Hidalgo-est1993.png"},"aioseo_meta_data":{"post_id":"95919","title":null,"description":null,"keywords":null,"keyphrases":null,"primary_term":null,"canonical_url":null,"og_title":null,"og_description":null,"og_object_type":"default","og_image_type":"default","og_image_url":null,"og_image_width":null,"og_image_height":null,"og_image_custom_url":null,"og_image_custom_fields":null,"og_video":null,"og_custom_url":null,"og_article_section":null,"og_article_tags":null,"twitter_use_og":false,"twitter_card":"default","twitter_image_type":"default","twitter_image_url":null,"twitter_image_custom_url":null,"twitter_image_custom_fields":null,"twitter_title":null,"twitter_description":null,"schema":{"blockGraphs":[],"customGraphs":[],"default":{"data":{"Article":[],"Course":[],"Dataset":[],"FAQPage":[],"Movie":[],"Person":[],"Product":[],"ProductReview":[],"Car":[],"Recipe":[],"Service":[],"SoftwareApplication":[],"WebPage":[]},"graphName":"","isEnabled":true},"graphs":[]},"schema_type":"default","schema_type_options":null,"pillar_content":false,"robots_default":true,"robots_noindex":false,"robots_noarchive":false,"robots_nosnippet":false,"robots_nofollow":false,"robots_noimageindex":false,"robots_noodp":false,"robots_notranslate":false,"robots_max_snippet":null,"robots_max_videopreview":null,"robots_max_imagepreview":"large","priority":null,"frequency":null,"local_seo":null,"seo_analyzer_scan_date":"2026-01-21 12:30:13","breadcrumb_settings":null,"limit_modified_date":false,"reviewed_by":null,"open_ai":null,"ai":null,"created":"2026-01-14 06:25:30","updated":"2026-04-22 20:50:49"},"aioseo_breadcrumb":"<div class=\"aioseo-breadcrumbs\"><span class=\"aioseo-breadcrumb\">\n\t<a href=\"https:\/\/hidalgo.nl\/de\/\" title=\"Home\">Home<\/a>\n<\/span><span class=\"aioseo-breadcrumb-separator\">\u00bb<\/span><span class=\"aioseo-breadcrumb\">\n\t<a href=\"https:\/\/hidalgo.nl\/example\/\" title=\"example\">example<\/a>\n<\/span><span class=\"aioseo-breadcrumb-separator\">\u00bb<\/span><span class=\"aioseo-breadcrumb\">\n\t<a href=\"https:\/\/hidalgo.nl\/en\/product-supplier\/a403\/\" title=\"A403\">A403<\/a>\n<\/span><span class=\"aioseo-breadcrumb-separator\">\u00bb<\/span><span class=\"aioseo-breadcrumb\">\n\tPA875 \u2013 Voetbal Glider 2 maat 4\n<\/span><\/div>","aioseo_breadcrumb_json":[{"label":"Home","link":"https:\/\/hidalgo.nl\/de\/"},{"label":"example","link":"https:\/\/hidalgo.nl\/example\/"},{"label":"A403","link":"https:\/\/hidalgo.nl\/en\/product-supplier\/a403\/"},{"label":"PA875 &#8211; Voetbal Glider 2 maat 4","link":"https:\/\/hidalgo.nl\/de\/product\/95919\/werbefussball-glider-2-bedrucken-formstabil-pvc-groesse-4\/"}],"_links":{"self":[{"href":"https:\/\/hidalgo.nl\/de\/wp-json\/wp\/v2\/product\/95919","targetHints":{"allow":["GET"]}}],"collection":[{"href":"https:\/\/hidalgo.nl\/de\/wp-json\/wp\/v2\/product"}],"about":[{"href":"https:\/\/hidalgo.nl\/de\/wp-json\/wp\/v2\/types\/product"}],"wp:featuredmedia":[{"embeddable":true,"href":"https:\/\/hidalgo.nl\/de\/wp-json\/wp\/v2\/media\/95920"}],"wp:attachment":[{"href":"https:\/\/hidalgo.nl\/de\/wp-json\/wp\/v2\/media?parent=95919"}],"wp:term":[{"taxonomy":"product_brand","embeddable":true,"href":"https:\/\/hidalgo.nl\/de\/wp-json\/wp\/v2\/product_brand?post=95919"},{"taxonomy":"product_cat","embeddable":true,"href":"https:\/\/hidalgo.nl\/de\/wp-json\/wp\/v2\/product_cat?post=95919"},{"taxonomy":"product_tag","embeddable":true,"href":"https:\/\/hidalgo.nl\/de\/wp-json\/wp\/v2\/product_tag?post=95919"}],"curies":[{"name":"wp","href":"https:\/\/api.w.org\/{rel}","templated":true}]}}