{"id":95906,"date":"2025-07-07T06:34:32","date_gmt":"2025-07-07T06:34:32","guid":{"rendered":"http:\/\/bidonsenshakers.pim.hidalgo.nl\/product\/pa822-bal-challenger-t3\/"},"modified":"2026-03-21T23:44:01","modified_gmt":"2026-03-21T23:44:01","slug":"pa822-bal-challenger-t3","status":"publish","type":"product","link":"https:\/\/hidalgo.nl\/de\/product\/95906\/rugbyball-bedrucken-challenger-t3-handgenaeht-3-lagig-groesse-3\/","title":{"rendered":"PA822 &#8211; Bal Challenger T3"},"content":{"rendered":"<p>Rugbybal met 3 gelamineerde lagen: 2 katoenlagen en 1 polyesterlaag. Latex binnenbal. Grippy afwerking voor gebruik in alle weersomstandigheden. Handgestikt.<\/p>\n","protected":false},"excerpt":{"rendered":"<p>Rugbybal met 3 gelamineerde lagen: 2 katoenlagen en 1 polyesterlaag. Latex binnenbal. Grippy afwerking voor gebruik in alle weersomstandigheden. Handgestikt.<\/p>\n","protected":false},"featured_media":95907,"template":"","meta":{"_acf_changed":false,"om_disable_all_campaigns":false,"_monsterinsights_skip_tracking":false,"_monsterinsights_sitenote_active":false,"_monsterinsights_sitenote_note":"","_monsterinsights_sitenote_category":0},"product_brand":[1415],"product_cat":[4948,4719,4754],"product_tag":[],"class_list":{"0":"post-95906","1":"product","2":"type-product","3":"status-publish","4":"has-post-thumbnail","6":"product_supplier-a403","7":"product_brand-proact","8":"product_cat-sport-artikelen-fitness-uitrusting","9":"product_cat-promotionele-artikelen","10":"product_cat-sport-artikelen","11":"entry","13":"first","14":"instock","15":"taxable","16":"shipping-taxable","17":"purchasable","18":"product-type-variable"},"acf":{"imprint_cost":[{"imprint_cost_key":"33483b79de35c41f6a5968127e3727b83ce2fe0b","product_quantity_price_range":[{"imprint_cost_recommended_selling_price":"0","imprint_cost_recommended_selling_quantity":"1"}],"product_quantity_price_range_buying":false,"imprint_cost_setup_costs":"","imprint_cost_handling_costs":""}]},"aioseo_notices":[],"aioseo_head":"\n\t\t<!-- All in One SEO Pro 4.9.6.2 - aioseo.com -->\n\t<meta name=\"description\" content=\"Du planst Events oder Vereinsaktionen? Der handgen\u00e4hte Challenger T3 in Gr\u00f6\u00dfe 3 ist 3-lagig mit starkem Grip und l\u00e4sst sich als Rugbyball bedrucken, ideal f\u00fcr Rugbyb\u00e4lle mit Logo, um deine Marke bei 20-40-J\u00e4hrigen sichtbar zu machen. Hidalgo druckt dein Logo pr\u00e4zise.\" \/>\n\t<meta name=\"robots\" content=\"max-image-preview:large\" \/>\n\t<link rel=\"canonical\" href=\"https:\/\/hidalgo.nl\/de\/wp-json\/wp\/v2\/product\/95906\" \/>\n\t<meta name=\"generator\" content=\"All in One SEO Pro (AIOSEO) 4.9.6.2\" \/>\n\t\t<meta property=\"og:locale\" content=\"de_DE\" \/>\n\t\t<meta property=\"og:site_name\" content=\"Hidalgo -\" \/>\n\t\t<meta property=\"og:type\" content=\"article\" \/>\n\t\t<meta property=\"og:title\" content=\"Rugbyball bedrucken Challenger T3 handgen\u00e4ht 3-lagig Gr\u00f6\u00dfe 3\" \/>\n\t\t<meta property=\"og:description\" content=\"Du planst Events oder Vereinsaktionen? Der handgen\u00e4hte Challenger T3 in Gr\u00f6\u00dfe 3 ist 3-lagig mit starkem Grip und l\u00e4sst sich als Rugbyball bedrucken, ideal f\u00fcr Rugbyb\u00e4lle mit Logo, um deine Marke bei 20-40-J\u00e4hrigen sichtbar zu machen. Hidalgo druckt dein Logo pr\u00e4zise.\" \/>\n\t\t<meta property=\"og:url\" content=\"https:\/\/hidalgo.nl\/de\/wp-json\/wp\/v2\/product\/95906\" \/>\n\t\t<meta property=\"og:image\" content=\"https:\/\/shop.hidalgo.nl\/wp-content\/uploads\/2025\/11\/cropped-Hidalgo-est1993.png\" \/>\n\t\t<meta property=\"og:image:secure_url\" content=\"https:\/\/shop.hidalgo.nl\/wp-content\/uploads\/2025\/11\/cropped-Hidalgo-est1993.png\" \/>\n\t\t<meta property=\"article:published_time\" content=\"2025-07-07T06:34:32+00:00\" \/>\n\t\t<meta property=\"article:modified_time\" content=\"2026-03-21T23:44:01+00:00\" \/>\n\t\t<meta name=\"twitter:card\" content=\"summary_large_image\" \/>\n\t\t<meta name=\"twitter:title\" content=\"Rugbyball bedrucken Challenger T3 handgen\u00e4ht 3-lagig Gr\u00f6\u00dfe 3\" \/>\n\t\t<meta name=\"twitter:description\" content=\"Du planst Events oder Vereinsaktionen? Der handgen\u00e4hte Challenger T3 in Gr\u00f6\u00dfe 3 ist 3-lagig mit starkem Grip und l\u00e4sst sich als Rugbyball bedrucken, ideal f\u00fcr Rugbyb\u00e4lle mit Logo, um deine Marke bei 20-40-J\u00e4hrigen sichtbar zu machen. Hidalgo druckt dein Logo pr\u00e4zise.\" \/>\n\t\t<meta name=\"twitter:image\" content=\"https:\/\/shop.hidalgo.nl\/wp-content\/uploads\/2025\/11\/cropped-Hidalgo-est1993.png\" \/>\n\t\t<script type=\"application\/ld+json\" class=\"aioseo-schema\">\n\t\t\t{\"@context\":\"https:\\\/\\\/schema.org\",\"@graph\":[{\"@type\":\"BreadcrumbList\",\"@id\":\"https:\\\/\\\/hidalgo.nl\\\/de\\\/product\\\/95906\\\/rugbyball-bedrucken-challenger-t3-handgenaeht-3-lagig-groesse-3\\\/#breadcrumblist\",\"itemListElement\":[{\"@type\":\"ListItem\",\"@id\":\"https:\\\/\\\/hidalgo.nl\\\/de\\\/#listItem\",\"position\":1,\"name\":\"Home\",\"item\":\"https:\\\/\\\/hidalgo.nl\\\/de\\\/\",\"nextItem\":{\"@type\":\"ListItem\",\"@id\":\"https:\\\/\\\/hidalgo.nl\\\/example\\\/#listItem\",\"name\":\"example\"}},{\"@type\":\"ListItem\",\"@id\":\"https:\\\/\\\/hidalgo.nl\\\/example\\\/#listItem\",\"position\":2,\"name\":\"example\",\"item\":\"https:\\\/\\\/hidalgo.nl\\\/example\\\/\",\"nextItem\":{\"@type\":\"ListItem\",\"@id\":\"https:\\\/\\\/hidalgo.nl\\\/en\\\/product-supplier\\\/a403\\\/#listItem\",\"name\":\"A403\"},\"previousItem\":{\"@type\":\"ListItem\",\"@id\":\"https:\\\/\\\/hidalgo.nl\\\/de\\\/#listItem\",\"name\":\"Home\"}},{\"@type\":\"ListItem\",\"@id\":\"https:\\\/\\\/hidalgo.nl\\\/en\\\/product-supplier\\\/a403\\\/#listItem\",\"position\":3,\"name\":\"A403\",\"item\":\"https:\\\/\\\/hidalgo.nl\\\/en\\\/product-supplier\\\/a403\\\/\",\"nextItem\":{\"@type\":\"ListItem\",\"@id\":\"https:\\\/\\\/hidalgo.nl\\\/de\\\/product\\\/95906\\\/rugbyball-bedrucken-challenger-t3-handgenaeht-3-lagig-groesse-3\\\/#listItem\",\"name\":\"PA822 &#8211; Bal Challenger T3\"},\"previousItem\":{\"@type\":\"ListItem\",\"@id\":\"https:\\\/\\\/hidalgo.nl\\\/example\\\/#listItem\",\"name\":\"example\"}},{\"@type\":\"ListItem\",\"@id\":\"https:\\\/\\\/hidalgo.nl\\\/de\\\/product\\\/95906\\\/rugbyball-bedrucken-challenger-t3-handgenaeht-3-lagig-groesse-3\\\/#listItem\",\"position\":4,\"name\":\"PA822 &#8211; Bal Challenger T3\",\"previousItem\":{\"@type\":\"ListItem\",\"@id\":\"https:\\\/\\\/hidalgo.nl\\\/en\\\/product-supplier\\\/a403\\\/#listItem\",\"name\":\"A403\"}}]},{\"@type\":\"Organization\",\"@id\":\"https:\\\/\\\/hidalgo.nl\\\/de\\\/#organization\",\"name\":\"Hidalgo\",\"url\":\"https:\\\/\\\/hidalgo.nl\\\/de\\\/\",\"logo\":{\"@type\":\"ImageObject\",\"url\":\"https:\\\/\\\/shop.hidalgo.nl\\\/wp-content\\\/uploads\\\/2025\\\/11\\\/cropped-Hidalgo-est1993.png\",\"@id\":\"https:\\\/\\\/hidalgo.nl\\\/de\\\/product\\\/95906\\\/rugbyball-bedrucken-challenger-t3-handgenaeht-3-lagig-groesse-3\\\/#organizationLogo\",\"width\":585,\"height\":195},\"image\":{\"@id\":\"https:\\\/\\\/hidalgo.nl\\\/de\\\/product\\\/95906\\\/rugbyball-bedrucken-challenger-t3-handgenaeht-3-lagig-groesse-3\\\/#organizationLogo\"}},{\"@type\":\"ProductGroup\",\"@id\":\"https:\\\/\\\/hidalgo.nl\\\/de\\\/product\\\/95906\\\/rugbyball-bedrucken-challenger-t3-handgenaeht-3-lagig-groesse-3\\\/#wooCommerceProduct\",\"name\":\"Rugbyball bedrucken Challenger T3 handgen\\u00e4ht 3-lagig Gr\\u00f6\\u00dfe 3\",\"url\":\"https:\\\/\\\/hidalgo.nl\\\/de\\\/product\\\/95906\\\/rugbyball-bedrucken-challenger-t3-handgenaeht-3-lagig-groesse-3\\\/\",\"brand\":{\"@type\":\"Brand\",\"name\":\"PROACT\"},\"sku\":\"A403-PA822\",\"image\":{\"@type\":\"ImageObject\",\"url\":\"https:\\\/\\\/shop.hidalgo.nl\\\/wp-content\\\/uploads\\\/2025\\\/07\\\/20c264514d16ea26409035848b95c1862889f329be2b9f8428a2f6a5405f16ff.png\",\"@id\":\"https:\\\/\\\/hidalgo.nl\\\/de\\\/product\\\/95906\\\/rugbyball-bedrucken-challenger-t3-handgenaeht-3-lagig-groesse-3\\\/#productImage\",\"width\":1000,\"height\":578},\"productGroupID\":95906,\"hasVariant\":[{\"@type\":\"Product\",\"@id\":\"https:\\\/\\\/hidalgo.nl\\\/de\\\/product\\\/95906\\\/rugbyball-bedrucken-challenger-t3-handgenaeht-3-lagig-groesse-3\\\/#wooCommerceProduct\",\"name\":\"PA822 - Bal Challenger T3 - taille-3, navy\",\"url\":\"https:\\\/\\\/hidalgo.nl\\\/de\\\/product\\\/95906\\\/rugbyball-bedrucken-challenger-t3-handgenaeht-3-lagig-groesse-3\\\/\",\"sku\":\"A403-PA822_48580_48579\",\"gtin\":\"3663639047791\",\"image\":{\"@type\":\"ImageObject\",\"url\":\"https:\\\/\\\/shop.hidalgo.nl\\\/wp-content\\\/uploads\\\/2025\\\/07\\\/20c264514d16ea26409035848b95c1862889f329be2b9f8428a2f6a5405f16ff.png\",\"@id\":\"https:\\\/\\\/hidalgo.nl\\\/de\\\/product\\\/95906\\\/rugbyball-bedrucken-challenger-t3-handgenaeht-3-lagig-groesse-3\\\/#productImage\",\"width\":1000,\"height\":578},\"offers\":{\"@type\":\"Offer\",\"url\":\"https:\\\/\\\/hidalgo.nl\\\/de\\\/product\\\/95906\\\/rugbyball-bedrucken-challenger-t3-handgenaeht-3-lagig-groesse-3\\\/#wooCommerceOffer\",\"price\":\"8.15\",\"priceCurrency\":\"EUR\",\"category\":\"Promotionele Artikelen\",\"availability\":\"https:\\\/\\\/schema.org\\\/InStock\",\"priceSpecification\":{\"@type\":\"PriceSpecification\",\"price\":8.15,\"priceCurrency\":\"EUR\",\"valueAddedTaxIncluded\":\"true\"}}}]},{\"@type\":\"WebPage\",\"@id\":\"https:\\\/\\\/hidalgo.nl\\\/de\\\/product\\\/95906\\\/rugbyball-bedrucken-challenger-t3-handgenaeht-3-lagig-groesse-3\\\/#webpage\",\"url\":\"https:\\\/\\\/hidalgo.nl\\\/de\\\/product\\\/95906\\\/rugbyball-bedrucken-challenger-t3-handgenaeht-3-lagig-groesse-3\\\/\",\"name\":\"Rugbyball bedrucken Challenger T3 handgen\\u00e4ht 3-lagig Gr\\u00f6\\u00dfe 3\",\"description\":\"Du planst Events oder Vereinsaktionen? Der handgen\\u00e4hte Challenger T3 in Gr\\u00f6\\u00dfe 3 ist 3-lagig mit starkem Grip und l\\u00e4sst sich als Rugbyball bedrucken, ideal f\\u00fcr Rugbyb\\u00e4lle mit Logo, um deine Marke bei 20-40-J\\u00e4hrigen sichtbar zu machen. Hidalgo druckt dein Logo pr\\u00e4zise.\",\"inLanguage\":\"de-DE\",\"isPartOf\":{\"@id\":\"https:\\\/\\\/hidalgo.nl\\\/de\\\/#website\"},\"breadcrumb\":{\"@id\":\"https:\\\/\\\/hidalgo.nl\\\/de\\\/product\\\/95906\\\/rugbyball-bedrucken-challenger-t3-handgenaeht-3-lagig-groesse-3\\\/#breadcrumblist\"},\"image\":{\"@type\":\"ImageObject\",\"url\":\"https:\\\/\\\/shop.hidalgo.nl\\\/wp-content\\\/uploads\\\/2025\\\/07\\\/20c264514d16ea26409035848b95c1862889f329be2b9f8428a2f6a5405f16ff.png\",\"@id\":\"https:\\\/\\\/hidalgo.nl\\\/de\\\/product\\\/95906\\\/rugbyball-bedrucken-challenger-t3-handgenaeht-3-lagig-groesse-3\\\/#mainImage\",\"width\":1000,\"height\":578},\"primaryImageOfPage\":{\"@id\":\"https:\\\/\\\/hidalgo.nl\\\/de\\\/product\\\/95906\\\/rugbyball-bedrucken-challenger-t3-handgenaeht-3-lagig-groesse-3\\\/#mainImage\"},\"datePublished\":\"2025-07-07T06:34:32+00:00\",\"dateModified\":\"2026-03-21T23:44:01+00:00\"},{\"@type\":\"WebSite\",\"@id\":\"https:\\\/\\\/hidalgo.nl\\\/de\\\/#website\",\"url\":\"https:\\\/\\\/hidalgo.nl\\\/de\\\/\",\"name\":\"Hidalgo\",\"inLanguage\":\"de-DE\",\"publisher\":{\"@id\":\"https:\\\/\\\/hidalgo.nl\\\/de\\\/#organization\"}}]}\n\t\t<\/script>\n\t\t<!-- All in One SEO Pro -->\r\n\t\t<title>Rugbyball bedrucken Challenger T3 handgen\u00e4ht 3-lagig Gr\u00f6\u00dfe 3<\/title>\n\n","aioseo_head_json":{"title":"Rugbyball bedrucken Challenger T3 handgen\u00e4ht 3-lagig Gr\u00f6\u00dfe 3","description":"Du planst Events oder Vereinsaktionen? Der handgen\u00e4hte Challenger T3 in Gr\u00f6\u00dfe 3 ist 3-lagig mit starkem Grip und l\u00e4sst sich als Rugbyball bedrucken, ideal f\u00fcr Rugbyb\u00e4lle mit Logo, um deine Marke bei 20-40-J\u00e4hrigen sichtbar zu machen. Hidalgo druckt dein Logo pr\u00e4zise.","canonical_url":"https:\/\/hidalgo.nl\/de\/wp-json\/wp\/v2\/product\/95906","robots":"max-image-preview:large","keywords":"","webmasterTools":{"miscellaneous":""},"schema":{"@context":"https:\/\/schema.org","@graph":[{"@type":"BreadcrumbList","@id":"https:\/\/hidalgo.nl\/de\/product\/95906\/rugbyball-bedrucken-challenger-t3-handgenaeht-3-lagig-groesse-3\/#breadcrumblist","itemListElement":[{"@type":"ListItem","@id":"https:\/\/hidalgo.nl\/de\/#listItem","position":1,"name":"Home","item":"https:\/\/hidalgo.nl\/de\/","nextItem":{"@type":"ListItem","@id":"https:\/\/hidalgo.nl\/example\/#listItem","name":"example"}},{"@type":"ListItem","@id":"https:\/\/hidalgo.nl\/example\/#listItem","position":2,"name":"example","item":"https:\/\/hidalgo.nl\/example\/","nextItem":{"@type":"ListItem","@id":"https:\/\/hidalgo.nl\/en\/product-supplier\/a403\/#listItem","name":"A403"},"previousItem":{"@type":"ListItem","@id":"https:\/\/hidalgo.nl\/de\/#listItem","name":"Home"}},{"@type":"ListItem","@id":"https:\/\/hidalgo.nl\/en\/product-supplier\/a403\/#listItem","position":3,"name":"A403","item":"https:\/\/hidalgo.nl\/en\/product-supplier\/a403\/","nextItem":{"@type":"ListItem","@id":"https:\/\/hidalgo.nl\/de\/product\/95906\/rugbyball-bedrucken-challenger-t3-handgenaeht-3-lagig-groesse-3\/#listItem","name":"PA822 &#8211; Bal Challenger T3"},"previousItem":{"@type":"ListItem","@id":"https:\/\/hidalgo.nl\/example\/#listItem","name":"example"}},{"@type":"ListItem","@id":"https:\/\/hidalgo.nl\/de\/product\/95906\/rugbyball-bedrucken-challenger-t3-handgenaeht-3-lagig-groesse-3\/#listItem","position":4,"name":"PA822 &#8211; Bal Challenger T3","previousItem":{"@type":"ListItem","@id":"https:\/\/hidalgo.nl\/en\/product-supplier\/a403\/#listItem","name":"A403"}}]},{"@type":"Organization","@id":"https:\/\/hidalgo.nl\/de\/#organization","name":"Hidalgo","url":"https:\/\/hidalgo.nl\/de\/","logo":{"@type":"ImageObject","url":"https:\/\/shop.hidalgo.nl\/wp-content\/uploads\/2025\/11\/cropped-Hidalgo-est1993.png","@id":"https:\/\/hidalgo.nl\/de\/product\/95906\/rugbyball-bedrucken-challenger-t3-handgenaeht-3-lagig-groesse-3\/#organizationLogo","width":585,"height":195},"image":{"@id":"https:\/\/hidalgo.nl\/de\/product\/95906\/rugbyball-bedrucken-challenger-t3-handgenaeht-3-lagig-groesse-3\/#organizationLogo"}},{"@type":"ProductGroup","@id":"https:\/\/hidalgo.nl\/de\/product\/95906\/rugbyball-bedrucken-challenger-t3-handgenaeht-3-lagig-groesse-3\/#wooCommerceProduct","name":"Rugbyball bedrucken Challenger T3 handgen\u00e4ht 3-lagig Gr\u00f6\u00dfe 3","url":"https:\/\/hidalgo.nl\/de\/product\/95906\/rugbyball-bedrucken-challenger-t3-handgenaeht-3-lagig-groesse-3\/","brand":{"@type":"Brand","name":"PROACT"},"sku":"A403-PA822","image":{"@type":"ImageObject","url":"https:\/\/shop.hidalgo.nl\/wp-content\/uploads\/2025\/07\/20c264514d16ea26409035848b95c1862889f329be2b9f8428a2f6a5405f16ff.png","@id":"https:\/\/hidalgo.nl\/de\/product\/95906\/rugbyball-bedrucken-challenger-t3-handgenaeht-3-lagig-groesse-3\/#productImage","width":1000,"height":578},"productGroupID":95906,"hasVariant":[{"@type":"Product","@id":"https:\/\/hidalgo.nl\/de\/product\/95906\/rugbyball-bedrucken-challenger-t3-handgenaeht-3-lagig-groesse-3\/#wooCommerceProduct","name":"PA822 - Bal Challenger T3 - taille-3, navy","url":"https:\/\/hidalgo.nl\/de\/product\/95906\/rugbyball-bedrucken-challenger-t3-handgenaeht-3-lagig-groesse-3\/","sku":"A403-PA822_48580_48579","gtin":"3663639047791","image":{"@type":"ImageObject","url":"https:\/\/shop.hidalgo.nl\/wp-content\/uploads\/2025\/07\/20c264514d16ea26409035848b95c1862889f329be2b9f8428a2f6a5405f16ff.png","@id":"https:\/\/hidalgo.nl\/de\/product\/95906\/rugbyball-bedrucken-challenger-t3-handgenaeht-3-lagig-groesse-3\/#productImage","width":1000,"height":578},"offers":{"@type":"Offer","url":"https:\/\/hidalgo.nl\/de\/product\/95906\/rugbyball-bedrucken-challenger-t3-handgenaeht-3-lagig-groesse-3\/#wooCommerceOffer","price":"8.15","priceCurrency":"EUR","category":"Promotionele Artikelen","availability":"https:\/\/schema.org\/InStock","priceSpecification":{"@type":"PriceSpecification","price":8.15,"priceCurrency":"EUR","valueAddedTaxIncluded":"true"}}}]},{"@type":"WebPage","@id":"https:\/\/hidalgo.nl\/de\/product\/95906\/rugbyball-bedrucken-challenger-t3-handgenaeht-3-lagig-groesse-3\/#webpage","url":"https:\/\/hidalgo.nl\/de\/product\/95906\/rugbyball-bedrucken-challenger-t3-handgenaeht-3-lagig-groesse-3\/","name":"Rugbyball bedrucken Challenger T3 handgen\u00e4ht 3-lagig Gr\u00f6\u00dfe 3","description":"Du planst Events oder Vereinsaktionen? Der handgen\u00e4hte Challenger T3 in Gr\u00f6\u00dfe 3 ist 3-lagig mit starkem Grip und l\u00e4sst sich als Rugbyball bedrucken, ideal f\u00fcr Rugbyb\u00e4lle mit Logo, um deine Marke bei 20-40-J\u00e4hrigen sichtbar zu machen. Hidalgo druckt dein Logo pr\u00e4zise.","inLanguage":"de-DE","isPartOf":{"@id":"https:\/\/hidalgo.nl\/de\/#website"},"breadcrumb":{"@id":"https:\/\/hidalgo.nl\/de\/product\/95906\/rugbyball-bedrucken-challenger-t3-handgenaeht-3-lagig-groesse-3\/#breadcrumblist"},"image":{"@type":"ImageObject","url":"https:\/\/shop.hidalgo.nl\/wp-content\/uploads\/2025\/07\/20c264514d16ea26409035848b95c1862889f329be2b9f8428a2f6a5405f16ff.png","@id":"https:\/\/hidalgo.nl\/de\/product\/95906\/rugbyball-bedrucken-challenger-t3-handgenaeht-3-lagig-groesse-3\/#mainImage","width":1000,"height":578},"primaryImageOfPage":{"@id":"https:\/\/hidalgo.nl\/de\/product\/95906\/rugbyball-bedrucken-challenger-t3-handgenaeht-3-lagig-groesse-3\/#mainImage"},"datePublished":"2025-07-07T06:34:32+00:00","dateModified":"2026-03-21T23:44:01+00:00"},{"@type":"WebSite","@id":"https:\/\/hidalgo.nl\/de\/#website","url":"https:\/\/hidalgo.nl\/de\/","name":"Hidalgo","inLanguage":"de-DE","publisher":{"@id":"https:\/\/hidalgo.nl\/de\/#organization"}}]},"og:locale":"de_DE","og:site_name":"Hidalgo -","og:type":"article","og:title":"Rugbyball bedrucken Challenger T3 handgen\u00e4ht 3-lagig Gr\u00f6\u00dfe 3","og:description":"Du planst Events oder Vereinsaktionen? Der handgen\u00e4hte Challenger T3 in Gr\u00f6\u00dfe 3 ist 3-lagig mit starkem Grip und l\u00e4sst sich als Rugbyball bedrucken, ideal f\u00fcr Rugbyb\u00e4lle mit Logo, um deine Marke bei 20-40-J\u00e4hrigen sichtbar zu machen. Hidalgo druckt dein Logo pr\u00e4zise.","og:url":"https:\/\/hidalgo.nl\/de\/wp-json\/wp\/v2\/product\/95906","og:image":"https:\/\/shop.hidalgo.nl\/wp-content\/uploads\/2025\/11\/cropped-Hidalgo-est1993.png","og:image:secure_url":"https:\/\/shop.hidalgo.nl\/wp-content\/uploads\/2025\/11\/cropped-Hidalgo-est1993.png","article:published_time":"2025-07-07T06:34:32+00:00","article:modified_time":"2026-03-21T23:44:01+00:00","twitter:card":"summary_large_image","twitter:title":"Rugbyball bedrucken Challenger T3 handgen\u00e4ht 3-lagig Gr\u00f6\u00dfe 3","twitter:description":"Du planst Events oder Vereinsaktionen? Der handgen\u00e4hte Challenger T3 in Gr\u00f6\u00dfe 3 ist 3-lagig mit starkem Grip und l\u00e4sst sich als Rugbyball bedrucken, ideal f\u00fcr Rugbyb\u00e4lle mit Logo, um deine Marke bei 20-40-J\u00e4hrigen sichtbar zu machen. Hidalgo druckt dein Logo pr\u00e4zise.","twitter:image":"https:\/\/shop.hidalgo.nl\/wp-content\/uploads\/2025\/11\/cropped-Hidalgo-est1993.png"},"aioseo_meta_data":{"post_id":"95906","title":null,"description":null,"keywords":null,"keyphrases":null,"primary_term":null,"canonical_url":null,"og_title":null,"og_description":null,"og_object_type":"default","og_image_type":"default","og_image_url":null,"og_image_width":null,"og_image_height":null,"og_image_custom_url":null,"og_image_custom_fields":null,"og_video":null,"og_custom_url":null,"og_article_section":null,"og_article_tags":null,"twitter_use_og":false,"twitter_card":"default","twitter_image_type":"default","twitter_image_url":null,"twitter_image_custom_url":null,"twitter_image_custom_fields":null,"twitter_title":null,"twitter_description":null,"schema":{"blockGraphs":[],"customGraphs":[],"default":{"data":{"Article":[],"Course":[],"Dataset":[],"FAQPage":[],"Movie":[],"Person":[],"Product":[],"ProductReview":[],"Car":[],"Recipe":[],"Service":[],"SoftwareApplication":[],"WebPage":[]},"graphName":"","isEnabled":true},"graphs":[]},"schema_type":"default","schema_type_options":null,"pillar_content":false,"robots_default":true,"robots_noindex":false,"robots_noarchive":false,"robots_nosnippet":false,"robots_nofollow":false,"robots_noimageindex":false,"robots_noodp":false,"robots_notranslate":false,"robots_max_snippet":null,"robots_max_videopreview":null,"robots_max_imagepreview":"large","priority":null,"frequency":null,"local_seo":null,"seo_analyzer_scan_date":"2026-01-21 12:30:12","breadcrumb_settings":null,"limit_modified_date":false,"reviewed_by":null,"open_ai":null,"ai":null,"created":"2026-01-14 06:25:30","updated":"2026-04-22 20:50:49"},"aioseo_breadcrumb":"<div class=\"aioseo-breadcrumbs\"><span class=\"aioseo-breadcrumb\">\n\t<a href=\"https:\/\/hidalgo.nl\/de\/\" title=\"Home\">Home<\/a>\n<\/span><span class=\"aioseo-breadcrumb-separator\">\u00bb<\/span><span class=\"aioseo-breadcrumb\">\n\t<a href=\"https:\/\/hidalgo.nl\/example\/\" title=\"example\">example<\/a>\n<\/span><span class=\"aioseo-breadcrumb-separator\">\u00bb<\/span><span class=\"aioseo-breadcrumb\">\n\t<a href=\"https:\/\/hidalgo.nl\/en\/product-supplier\/a403\/\" title=\"A403\">A403<\/a>\n<\/span><span class=\"aioseo-breadcrumb-separator\">\u00bb<\/span><span class=\"aioseo-breadcrumb\">\n\tPA822 \u2013 Bal Challenger T3\n<\/span><\/div>","aioseo_breadcrumb_json":[{"label":"Home","link":"https:\/\/hidalgo.nl\/de\/"},{"label":"example","link":"https:\/\/hidalgo.nl\/example\/"},{"label":"A403","link":"https:\/\/hidalgo.nl\/en\/product-supplier\/a403\/"},{"label":"PA822 &#8211; Bal Challenger T3","link":"https:\/\/hidalgo.nl\/de\/product\/95906\/rugbyball-bedrucken-challenger-t3-handgenaeht-3-lagig-groesse-3\/"}],"_links":{"self":[{"href":"https:\/\/hidalgo.nl\/de\/wp-json\/wp\/v2\/product\/95906","targetHints":{"allow":["GET"]}}],"collection":[{"href":"https:\/\/hidalgo.nl\/de\/wp-json\/wp\/v2\/product"}],"about":[{"href":"https:\/\/hidalgo.nl\/de\/wp-json\/wp\/v2\/types\/product"}],"wp:featuredmedia":[{"embeddable":true,"href":"https:\/\/hidalgo.nl\/de\/wp-json\/wp\/v2\/media\/95907"}],"wp:attachment":[{"href":"https:\/\/hidalgo.nl\/de\/wp-json\/wp\/v2\/media?parent=95906"}],"wp:term":[{"taxonomy":"product_brand","embeddable":true,"href":"https:\/\/hidalgo.nl\/de\/wp-json\/wp\/v2\/product_brand?post=95906"},{"taxonomy":"product_cat","embeddable":true,"href":"https:\/\/hidalgo.nl\/de\/wp-json\/wp\/v2\/product_cat?post=95906"},{"taxonomy":"product_tag","embeddable":true,"href":"https:\/\/hidalgo.nl\/de\/wp-json\/wp\/v2\/product_tag?post=95906"}],"curies":[{"name":"wp","href":"https:\/\/api.w.org\/{rel}","templated":true}]}}