{"id":9232,"date":"2025-07-03T09:59:27","date_gmt":"2025-07-03T09:59:27","guid":{"rendered":"http:\/\/bidonsenshakers.pim.hidalgo.nl\/product\/bamboe-multitool-heinrich\/"},"modified":"2026-03-15T09:43:33","modified_gmt":"2026-03-15T09:43:33","slug":"bamboe-multitool-heinrich","status":"publish","type":"product","link":"https:\/\/hidalgo.nl\/de\/product\/9232\/bambus-multitool-heinrich-bedrucken-7-in-1-schluesselanhaenger\/","title":{"rendered":"Bamboe multitool Heinrich"},"content":{"rendered":"<p>Bamboe multitool met 7 functies, inclusief sleutelhanger. Individueel verpakt in een bruine kartonnen doos.<\/p>\n","protected":false},"excerpt":{"rendered":"<p>Bamboe multitool met 7 functies, inclusief sleutelhanger. Individueel verpakt in een bruine kartonnen doos.<\/p>\n","protected":false},"featured_media":9233,"template":"","meta":{"_acf_changed":false,"om_disable_all_campaigns":false,"_monsterinsights_skip_tracking":false,"_monsterinsights_sitenote_active":false,"_monsterinsights_sitenote_note":"","_monsterinsights_sitenote_category":0},"product_brand":[49],"product_cat":[4808,4719],"product_tag":[],"class_list":{"0":"post-9232","1":"product","2":"type-product","3":"status-publish","4":"has-post-thumbnail","6":"product_supplier-a58","7":"product_material-carbon-staal","8":"product_material-hout","9":"product_material-ijzer","10":"product_material-rvs-301","11":"product_material-silicone","12":"product_brand-impression","13":"product_cat-gereedschap","14":"product_cat-promotionele-artikelen","15":"entry","17":"first","18":"instock","19":"taxable","20":"shipping-taxable","21":"purchasable","22":"product-type-variable"},"acf":{"imprint_cost":[{"imprint_cost_key":"42fef84bf19ad3a9352cd979d0ae86ea05dd7730","product_quantity_price_range":[{"imprint_cost_recommended_selling_price":"2.66","imprint_cost_recommended_selling_quantity":"1"},{"imprint_cost_recommended_selling_price":"1.63","imprint_cost_recommended_selling_quantity":"25"},{"imprint_cost_recommended_selling_price":"1.22","imprint_cost_recommended_selling_quantity":"50"},{"imprint_cost_recommended_selling_price":"0.88","imprint_cost_recommended_selling_quantity":"100"},{"imprint_cost_recommended_selling_price":"0.52","imprint_cost_recommended_selling_quantity":"250"},{"imprint_cost_recommended_selling_price":"0.43","imprint_cost_recommended_selling_quantity":"500"},{"imprint_cost_recommended_selling_price":"0.37","imprint_cost_recommended_selling_quantity":"1000"},{"imprint_cost_recommended_selling_price":"0.29","imprint_cost_recommended_selling_quantity":"2500"}],"product_quantity_price_range_buying":false,"imprint_cost_setup_costs":"30.77","imprint_cost_handling_costs":"0.2"}]},"aioseo_notices":[],"aioseo_head":"\n\t\t<!-- All in One SEO Pro 4.9.6.2 - aioseo.com -->\n\t<meta name=\"description\" content=\"Mit dem Heinrich sicherst du dir \u00f6kologische Werbegeschenke B2B f\u00fcr deine Zielgruppe. Du kannst dieses nachhaltige Werkzeug Werbegeschenk individualisieren und verschenkst sieben n\u00fctzliche Funktionen in einem. Hidalgo hilft dir dabei, dein Multitool mit Logo bestellen zu k\u00f6nnen.\" \/>\n\t<meta name=\"robots\" content=\"max-image-preview:large\" \/>\n\t<link rel=\"canonical\" href=\"https:\/\/hidalgo.nl\/de\/wp-json\/wp\/v2\/product\/9232\" \/>\n\t<meta name=\"generator\" content=\"All in One SEO Pro (AIOSEO) 4.9.6.2\" \/>\n\t\t<meta property=\"og:locale\" content=\"de_DE\" \/>\n\t\t<meta property=\"og:site_name\" content=\"Hidalgo -\" \/>\n\t\t<meta property=\"og:type\" content=\"article\" \/>\n\t\t<meta property=\"og:title\" content=\"Bambus Multitool Heinrich bedrucken 7-in-1 Schl\u00fcsselanh\u00e4nger\" \/>\n\t\t<meta property=\"og:description\" content=\"Mit dem Heinrich sicherst du dir \u00f6kologische Werbegeschenke B2B f\u00fcr deine Zielgruppe. Du kannst dieses nachhaltige Werkzeug Werbegeschenk individualisieren und verschenkst sieben n\u00fctzliche Funktionen in einem. Hidalgo hilft dir dabei, dein Multitool mit Logo bestellen zu k\u00f6nnen.\" \/>\n\t\t<meta property=\"og:url\" content=\"https:\/\/hidalgo.nl\/de\/wp-json\/wp\/v2\/product\/9232\" \/>\n\t\t<meta property=\"og:image\" content=\"https:\/\/shop.hidalgo.nl\/wp-content\/uploads\/2025\/11\/cropped-Hidalgo-est1993.png\" \/>\n\t\t<meta property=\"og:image:secure_url\" content=\"https:\/\/shop.hidalgo.nl\/wp-content\/uploads\/2025\/11\/cropped-Hidalgo-est1993.png\" \/>\n\t\t<meta property=\"article:published_time\" content=\"2025-07-03T09:59:27+00:00\" \/>\n\t\t<meta property=\"article:modified_time\" content=\"2026-03-15T09:43:33+00:00\" \/>\n\t\t<meta name=\"twitter:card\" content=\"summary_large_image\" \/>\n\t\t<meta name=\"twitter:title\" content=\"Bambus Multitool Heinrich bedrucken 7-in-1 Schl\u00fcsselanh\u00e4nger\" \/>\n\t\t<meta name=\"twitter:description\" content=\"Mit dem Heinrich sicherst du dir \u00f6kologische Werbegeschenke B2B f\u00fcr deine Zielgruppe. Du kannst dieses nachhaltige Werkzeug Werbegeschenk individualisieren und verschenkst sieben n\u00fctzliche Funktionen in einem. Hidalgo hilft dir dabei, dein Multitool mit Logo bestellen zu k\u00f6nnen.\" \/>\n\t\t<meta name=\"twitter:image\" content=\"https:\/\/shop.hidalgo.nl\/wp-content\/uploads\/2025\/11\/cropped-Hidalgo-est1993.png\" \/>\n\t\t<script type=\"application\/ld+json\" class=\"aioseo-schema\">\n\t\t\t{\"@context\":\"https:\\\/\\\/schema.org\",\"@graph\":[{\"@type\":\"BreadcrumbList\",\"@id\":\"https:\\\/\\\/hidalgo.nl\\\/de\\\/product\\\/9232\\\/bambus-multitool-heinrich-bedrucken-7-in-1-schluesselanhaenger\\\/#breadcrumblist\",\"itemListElement\":[{\"@type\":\"ListItem\",\"@id\":\"https:\\\/\\\/hidalgo.nl\\\/de\\\/#listItem\",\"position\":1,\"name\":\"Home\",\"item\":\"https:\\\/\\\/hidalgo.nl\\\/de\\\/\",\"nextItem\":{\"@type\":\"ListItem\",\"@id\":\"https:\\\/\\\/hidalgo.nl\\\/example\\\/#listItem\",\"name\":\"example\"}},{\"@type\":\"ListItem\",\"@id\":\"https:\\\/\\\/hidalgo.nl\\\/example\\\/#listItem\",\"position\":2,\"name\":\"example\",\"item\":\"https:\\\/\\\/hidalgo.nl\\\/example\\\/\",\"nextItem\":{\"@type\":\"ListItem\",\"@id\":\"https:\\\/\\\/hidalgo.nl\\\/en\\\/product-supplier\\\/a58\\\/#listItem\",\"name\":\"A58\"},\"previousItem\":{\"@type\":\"ListItem\",\"@id\":\"https:\\\/\\\/hidalgo.nl\\\/de\\\/#listItem\",\"name\":\"Home\"}},{\"@type\":\"ListItem\",\"@id\":\"https:\\\/\\\/hidalgo.nl\\\/en\\\/product-supplier\\\/a58\\\/#listItem\",\"position\":3,\"name\":\"A58\",\"item\":\"https:\\\/\\\/hidalgo.nl\\\/en\\\/product-supplier\\\/a58\\\/\",\"nextItem\":{\"@type\":\"ListItem\",\"@id\":\"https:\\\/\\\/hidalgo.nl\\\/de\\\/product\\\/9232\\\/bambus-multitool-heinrich-bedrucken-7-in-1-schluesselanhaenger\\\/#listItem\",\"name\":\"Bamboe multitool Heinrich\"},\"previousItem\":{\"@type\":\"ListItem\",\"@id\":\"https:\\\/\\\/hidalgo.nl\\\/example\\\/#listItem\",\"name\":\"example\"}},{\"@type\":\"ListItem\",\"@id\":\"https:\\\/\\\/hidalgo.nl\\\/de\\\/product\\\/9232\\\/bambus-multitool-heinrich-bedrucken-7-in-1-schluesselanhaenger\\\/#listItem\",\"position\":4,\"name\":\"Bamboe multitool Heinrich\",\"previousItem\":{\"@type\":\"ListItem\",\"@id\":\"https:\\\/\\\/hidalgo.nl\\\/en\\\/product-supplier\\\/a58\\\/#listItem\",\"name\":\"A58\"}}]},{\"@type\":\"Organization\",\"@id\":\"https:\\\/\\\/hidalgo.nl\\\/de\\\/#organization\",\"name\":\"Hidalgo\",\"url\":\"https:\\\/\\\/hidalgo.nl\\\/de\\\/\",\"logo\":{\"@type\":\"ImageObject\",\"url\":\"https:\\\/\\\/shop.hidalgo.nl\\\/wp-content\\\/uploads\\\/2025\\\/11\\\/cropped-Hidalgo-est1993.png\",\"@id\":\"https:\\\/\\\/hidalgo.nl\\\/de\\\/product\\\/9232\\\/bambus-multitool-heinrich-bedrucken-7-in-1-schluesselanhaenger\\\/#organizationLogo\",\"width\":585,\"height\":195},\"image\":{\"@id\":\"https:\\\/\\\/hidalgo.nl\\\/de\\\/product\\\/9232\\\/bambus-multitool-heinrich-bedrucken-7-in-1-schluesselanhaenger\\\/#organizationLogo\"}},{\"@type\":\"ProductGroup\",\"@id\":\"https:\\\/\\\/hidalgo.nl\\\/de\\\/product\\\/9232\\\/bambus-multitool-heinrich-bedrucken-7-in-1-schluesselanhaenger\\\/#wooCommerceProduct\",\"name\":\"Bambus Multitool Heinrich bedrucken 7-in-1 Schl\\u00fcsselanh\\u00e4nger\",\"url\":\"https:\\\/\\\/hidalgo.nl\\\/de\\\/product\\\/9232\\\/bambus-multitool-heinrich-bedrucken-7-in-1-schluesselanhaenger\\\/\",\"brand\":{\"@type\":\"Brand\",\"name\":\"IMPRESSION\"},\"sku\":\"A58-1107131\",\"image\":{\"@type\":\"ImageObject\",\"url\":\"https:\\\/\\\/shop.hidalgo.nl\\\/wp-content\\\/uploads\\\/2025\\\/05\\\/b7572d862d1f7746babee3ffc3cfa46c86166c1725b2c340835efa3d8577253a.jpg\",\"@id\":\"https:\\\/\\\/hidalgo.nl\\\/de\\\/product\\\/9232\\\/bambus-multitool-heinrich-bedrucken-7-in-1-schluesselanhaenger\\\/#productImage\",\"width\":352,\"height\":1000},\"productGroupID\":9232,\"hasVariant\":[{\"@type\":\"Product\",\"@id\":\"https:\\\/\\\/hidalgo.nl\\\/de\\\/product\\\/9232\\\/bambus-multitool-heinrich-bedrucken-7-in-1-schluesselanhaenger\\\/#wooCommerceProduct\",\"name\":\"Bamboe multitool Heinrich - bruin,\",\"url\":\"https:\\\/\\\/hidalgo.nl\\\/de\\\/product\\\/9232\\\/bambus-multitool-heinrich-bedrucken-7-in-1-schluesselanhaenger\\\/\",\"sku\":\"A58-1107131-011999999\",\"image\":{\"@type\":\"ImageObject\",\"url\":\"https:\\\/\\\/shop.hidalgo.nl\\\/wp-content\\\/uploads\\\/2025\\\/05\\\/b7572d862d1f7746babee3ffc3cfa46c86166c1725b2c340835efa3d8577253a.jpg\",\"@id\":\"https:\\\/\\\/hidalgo.nl\\\/de\\\/product\\\/9232\\\/bambus-multitool-heinrich-bedrucken-7-in-1-schluesselanhaenger\\\/#productImage\",\"width\":352,\"height\":1000},\"offers\":{\"@type\":\"Offer\",\"url\":\"https:\\\/\\\/hidalgo.nl\\\/de\\\/product\\\/9232\\\/bambus-multitool-heinrich-bedrucken-7-in-1-schluesselanhaenger\\\/#wooCommerceOffer\",\"price\":\"4.2\",\"priceCurrency\":\"EUR\",\"category\":\"Promotionele Artikelen\",\"availability\":\"https:\\\/\\\/schema.org\\\/InStock\",\"priceSpecification\":{\"@type\":\"PriceSpecification\",\"price\":4.2,\"priceCurrency\":\"EUR\",\"valueAddedTaxIncluded\":\"true\"}}}]},{\"@type\":\"WebPage\",\"@id\":\"https:\\\/\\\/hidalgo.nl\\\/de\\\/product\\\/9232\\\/bambus-multitool-heinrich-bedrucken-7-in-1-schluesselanhaenger\\\/#webpage\",\"url\":\"https:\\\/\\\/hidalgo.nl\\\/de\\\/product\\\/9232\\\/bambus-multitool-heinrich-bedrucken-7-in-1-schluesselanhaenger\\\/\",\"name\":\"Bambus Multitool Heinrich bedrucken 7-in-1 Schl\\u00fcsselanh\\u00e4nger\",\"description\":\"Mit dem Heinrich sicherst du dir \\u00f6kologische Werbegeschenke B2B f\\u00fcr deine Zielgruppe. Du kannst dieses nachhaltige Werkzeug Werbegeschenk individualisieren und verschenkst sieben n\\u00fctzliche Funktionen in einem. Hidalgo hilft dir dabei, dein Multitool mit Logo bestellen zu k\\u00f6nnen.\",\"inLanguage\":\"de-DE\",\"isPartOf\":{\"@id\":\"https:\\\/\\\/hidalgo.nl\\\/de\\\/#website\"},\"breadcrumb\":{\"@id\":\"https:\\\/\\\/hidalgo.nl\\\/de\\\/product\\\/9232\\\/bambus-multitool-heinrich-bedrucken-7-in-1-schluesselanhaenger\\\/#breadcrumblist\"},\"image\":{\"@type\":\"ImageObject\",\"url\":\"https:\\\/\\\/shop.hidalgo.nl\\\/wp-content\\\/uploads\\\/2025\\\/05\\\/b7572d862d1f7746babee3ffc3cfa46c86166c1725b2c340835efa3d8577253a.jpg\",\"@id\":\"https:\\\/\\\/hidalgo.nl\\\/de\\\/product\\\/9232\\\/bambus-multitool-heinrich-bedrucken-7-in-1-schluesselanhaenger\\\/#mainImage\",\"width\":352,\"height\":1000},\"primaryImageOfPage\":{\"@id\":\"https:\\\/\\\/hidalgo.nl\\\/de\\\/product\\\/9232\\\/bambus-multitool-heinrich-bedrucken-7-in-1-schluesselanhaenger\\\/#mainImage\"},\"datePublished\":\"2025-07-03T09:59:27+00:00\",\"dateModified\":\"2026-03-15T09:43:33+00:00\"},{\"@type\":\"WebSite\",\"@id\":\"https:\\\/\\\/hidalgo.nl\\\/de\\\/#website\",\"url\":\"https:\\\/\\\/hidalgo.nl\\\/de\\\/\",\"name\":\"Hidalgo\",\"inLanguage\":\"de-DE\",\"publisher\":{\"@id\":\"https:\\\/\\\/hidalgo.nl\\\/de\\\/#organization\"}}]}\n\t\t<\/script>\n\t\t<!-- All in One SEO Pro -->\r\n\t\t<title>Bambus Multitool Heinrich bedrucken 7-in-1 Schl\u00fcsselanh\u00e4nger<\/title>\n\n","aioseo_head_json":{"title":"Bambus Multitool Heinrich bedrucken 7-in-1 Schl\u00fcsselanh\u00e4nger","description":"Mit dem Heinrich sicherst du dir \u00f6kologische Werbegeschenke B2B f\u00fcr deine Zielgruppe. Du kannst dieses nachhaltige Werkzeug Werbegeschenk individualisieren und verschenkst sieben n\u00fctzliche Funktionen in einem. Hidalgo hilft dir dabei, dein Multitool mit Logo bestellen zu k\u00f6nnen.","canonical_url":"https:\/\/hidalgo.nl\/de\/wp-json\/wp\/v2\/product\/9232","robots":"max-image-preview:large","keywords":"","webmasterTools":{"miscellaneous":""},"schema":{"@context":"https:\/\/schema.org","@graph":[{"@type":"BreadcrumbList","@id":"https:\/\/hidalgo.nl\/de\/product\/9232\/bambus-multitool-heinrich-bedrucken-7-in-1-schluesselanhaenger\/#breadcrumblist","itemListElement":[{"@type":"ListItem","@id":"https:\/\/hidalgo.nl\/de\/#listItem","position":1,"name":"Home","item":"https:\/\/hidalgo.nl\/de\/","nextItem":{"@type":"ListItem","@id":"https:\/\/hidalgo.nl\/example\/#listItem","name":"example"}},{"@type":"ListItem","@id":"https:\/\/hidalgo.nl\/example\/#listItem","position":2,"name":"example","item":"https:\/\/hidalgo.nl\/example\/","nextItem":{"@type":"ListItem","@id":"https:\/\/hidalgo.nl\/en\/product-supplier\/a58\/#listItem","name":"A58"},"previousItem":{"@type":"ListItem","@id":"https:\/\/hidalgo.nl\/de\/#listItem","name":"Home"}},{"@type":"ListItem","@id":"https:\/\/hidalgo.nl\/en\/product-supplier\/a58\/#listItem","position":3,"name":"A58","item":"https:\/\/hidalgo.nl\/en\/product-supplier\/a58\/","nextItem":{"@type":"ListItem","@id":"https:\/\/hidalgo.nl\/de\/product\/9232\/bambus-multitool-heinrich-bedrucken-7-in-1-schluesselanhaenger\/#listItem","name":"Bamboe multitool Heinrich"},"previousItem":{"@type":"ListItem","@id":"https:\/\/hidalgo.nl\/example\/#listItem","name":"example"}},{"@type":"ListItem","@id":"https:\/\/hidalgo.nl\/de\/product\/9232\/bambus-multitool-heinrich-bedrucken-7-in-1-schluesselanhaenger\/#listItem","position":4,"name":"Bamboe multitool Heinrich","previousItem":{"@type":"ListItem","@id":"https:\/\/hidalgo.nl\/en\/product-supplier\/a58\/#listItem","name":"A58"}}]},{"@type":"Organization","@id":"https:\/\/hidalgo.nl\/de\/#organization","name":"Hidalgo","url":"https:\/\/hidalgo.nl\/de\/","logo":{"@type":"ImageObject","url":"https:\/\/shop.hidalgo.nl\/wp-content\/uploads\/2025\/11\/cropped-Hidalgo-est1993.png","@id":"https:\/\/hidalgo.nl\/de\/product\/9232\/bambus-multitool-heinrich-bedrucken-7-in-1-schluesselanhaenger\/#organizationLogo","width":585,"height":195},"image":{"@id":"https:\/\/hidalgo.nl\/de\/product\/9232\/bambus-multitool-heinrich-bedrucken-7-in-1-schluesselanhaenger\/#organizationLogo"}},{"@type":"ProductGroup","@id":"https:\/\/hidalgo.nl\/de\/product\/9232\/bambus-multitool-heinrich-bedrucken-7-in-1-schluesselanhaenger\/#wooCommerceProduct","name":"Bambus Multitool Heinrich bedrucken 7-in-1 Schl\u00fcsselanh\u00e4nger","url":"https:\/\/hidalgo.nl\/de\/product\/9232\/bambus-multitool-heinrich-bedrucken-7-in-1-schluesselanhaenger\/","brand":{"@type":"Brand","name":"IMPRESSION"},"sku":"A58-1107131","image":{"@type":"ImageObject","url":"https:\/\/shop.hidalgo.nl\/wp-content\/uploads\/2025\/05\/b7572d862d1f7746babee3ffc3cfa46c86166c1725b2c340835efa3d8577253a.jpg","@id":"https:\/\/hidalgo.nl\/de\/product\/9232\/bambus-multitool-heinrich-bedrucken-7-in-1-schluesselanhaenger\/#productImage","width":352,"height":1000},"productGroupID":9232,"hasVariant":[{"@type":"Product","@id":"https:\/\/hidalgo.nl\/de\/product\/9232\/bambus-multitool-heinrich-bedrucken-7-in-1-schluesselanhaenger\/#wooCommerceProduct","name":"Bamboe multitool Heinrich - bruin,","url":"https:\/\/hidalgo.nl\/de\/product\/9232\/bambus-multitool-heinrich-bedrucken-7-in-1-schluesselanhaenger\/","sku":"A58-1107131-011999999","image":{"@type":"ImageObject","url":"https:\/\/shop.hidalgo.nl\/wp-content\/uploads\/2025\/05\/b7572d862d1f7746babee3ffc3cfa46c86166c1725b2c340835efa3d8577253a.jpg","@id":"https:\/\/hidalgo.nl\/de\/product\/9232\/bambus-multitool-heinrich-bedrucken-7-in-1-schluesselanhaenger\/#productImage","width":352,"height":1000},"offers":{"@type":"Offer","url":"https:\/\/hidalgo.nl\/de\/product\/9232\/bambus-multitool-heinrich-bedrucken-7-in-1-schluesselanhaenger\/#wooCommerceOffer","price":"4.2","priceCurrency":"EUR","category":"Promotionele Artikelen","availability":"https:\/\/schema.org\/InStock","priceSpecification":{"@type":"PriceSpecification","price":4.2,"priceCurrency":"EUR","valueAddedTaxIncluded":"true"}}}]},{"@type":"WebPage","@id":"https:\/\/hidalgo.nl\/de\/product\/9232\/bambus-multitool-heinrich-bedrucken-7-in-1-schluesselanhaenger\/#webpage","url":"https:\/\/hidalgo.nl\/de\/product\/9232\/bambus-multitool-heinrich-bedrucken-7-in-1-schluesselanhaenger\/","name":"Bambus Multitool Heinrich bedrucken 7-in-1 Schl\u00fcsselanh\u00e4nger","description":"Mit dem Heinrich sicherst du dir \u00f6kologische Werbegeschenke B2B f\u00fcr deine Zielgruppe. Du kannst dieses nachhaltige Werkzeug Werbegeschenk individualisieren und verschenkst sieben n\u00fctzliche Funktionen in einem. Hidalgo hilft dir dabei, dein Multitool mit Logo bestellen zu k\u00f6nnen.","inLanguage":"de-DE","isPartOf":{"@id":"https:\/\/hidalgo.nl\/de\/#website"},"breadcrumb":{"@id":"https:\/\/hidalgo.nl\/de\/product\/9232\/bambus-multitool-heinrich-bedrucken-7-in-1-schluesselanhaenger\/#breadcrumblist"},"image":{"@type":"ImageObject","url":"https:\/\/shop.hidalgo.nl\/wp-content\/uploads\/2025\/05\/b7572d862d1f7746babee3ffc3cfa46c86166c1725b2c340835efa3d8577253a.jpg","@id":"https:\/\/hidalgo.nl\/de\/product\/9232\/bambus-multitool-heinrich-bedrucken-7-in-1-schluesselanhaenger\/#mainImage","width":352,"height":1000},"primaryImageOfPage":{"@id":"https:\/\/hidalgo.nl\/de\/product\/9232\/bambus-multitool-heinrich-bedrucken-7-in-1-schluesselanhaenger\/#mainImage"},"datePublished":"2025-07-03T09:59:27+00:00","dateModified":"2026-03-15T09:43:33+00:00"},{"@type":"WebSite","@id":"https:\/\/hidalgo.nl\/de\/#website","url":"https:\/\/hidalgo.nl\/de\/","name":"Hidalgo","inLanguage":"de-DE","publisher":{"@id":"https:\/\/hidalgo.nl\/de\/#organization"}}]},"og:locale":"de_DE","og:site_name":"Hidalgo -","og:type":"article","og:title":"Bambus Multitool Heinrich bedrucken 7-in-1 Schl\u00fcsselanh\u00e4nger","og:description":"Mit dem Heinrich sicherst du dir \u00f6kologische Werbegeschenke B2B f\u00fcr deine Zielgruppe. Du kannst dieses nachhaltige Werkzeug Werbegeschenk individualisieren und verschenkst sieben n\u00fctzliche Funktionen in einem. Hidalgo hilft dir dabei, dein Multitool mit Logo bestellen zu k\u00f6nnen.","og:url":"https:\/\/hidalgo.nl\/de\/wp-json\/wp\/v2\/product\/9232","og:image":"https:\/\/shop.hidalgo.nl\/wp-content\/uploads\/2025\/11\/cropped-Hidalgo-est1993.png","og:image:secure_url":"https:\/\/shop.hidalgo.nl\/wp-content\/uploads\/2025\/11\/cropped-Hidalgo-est1993.png","article:published_time":"2025-07-03T09:59:27+00:00","article:modified_time":"2026-03-15T09:43:33+00:00","twitter:card":"summary_large_image","twitter:title":"Bambus Multitool Heinrich bedrucken 7-in-1 Schl\u00fcsselanh\u00e4nger","twitter:description":"Mit dem Heinrich sicherst du dir \u00f6kologische Werbegeschenke B2B f\u00fcr deine Zielgruppe. Du kannst dieses nachhaltige Werkzeug Werbegeschenk individualisieren und verschenkst sieben n\u00fctzliche Funktionen in einem. Hidalgo hilft dir dabei, dein Multitool mit Logo bestellen zu k\u00f6nnen.","twitter:image":"https:\/\/shop.hidalgo.nl\/wp-content\/uploads\/2025\/11\/cropped-Hidalgo-est1993.png"},"aioseo_meta_data":{"post_id":"9232","title":null,"description":null,"keywords":null,"keyphrases":null,"primary_term":null,"canonical_url":null,"og_title":null,"og_description":null,"og_object_type":"default","og_image_type":"default","og_image_url":null,"og_image_width":null,"og_image_height":null,"og_image_custom_url":null,"og_image_custom_fields":null,"og_video":null,"og_custom_url":null,"og_article_section":null,"og_article_tags":null,"twitter_use_og":false,"twitter_card":"default","twitter_image_type":"default","twitter_image_url":null,"twitter_image_custom_url":null,"twitter_image_custom_fields":null,"twitter_title":null,"twitter_description":null,"schema":{"blockGraphs":[],"customGraphs":[],"default":{"data":{"Article":[],"Course":[],"Dataset":[],"FAQPage":[],"Movie":[],"Person":[],"Product":[],"ProductReview":[],"Car":[],"Recipe":[],"Service":[],"SoftwareApplication":[],"WebPage":[]},"graphName":"","isEnabled":true},"graphs":[]},"schema_type":"default","schema_type_options":null,"pillar_content":false,"robots_default":true,"robots_noindex":false,"robots_noarchive":false,"robots_nosnippet":false,"robots_nofollow":false,"robots_noimageindex":false,"robots_noodp":false,"robots_notranslate":false,"robots_max_snippet":null,"robots_max_videopreview":null,"robots_max_imagepreview":"large","priority":null,"frequency":null,"local_seo":null,"seo_analyzer_scan_date":"2026-01-20 09:49:32","breadcrumb_settings":null,"limit_modified_date":false,"reviewed_by":null,"open_ai":null,"ai":null,"created":"2026-01-14 06:17:37","updated":"2026-04-22 16:02:48"},"aioseo_breadcrumb":"<div class=\"aioseo-breadcrumbs\"><span class=\"aioseo-breadcrumb\">\n\t<a href=\"https:\/\/hidalgo.nl\/de\/\" title=\"Home\">Home<\/a>\n<\/span><span class=\"aioseo-breadcrumb-separator\">\u00bb<\/span><span class=\"aioseo-breadcrumb\">\n\t<a href=\"https:\/\/hidalgo.nl\/example\/\" title=\"example\">example<\/a>\n<\/span><span class=\"aioseo-breadcrumb-separator\">\u00bb<\/span><span class=\"aioseo-breadcrumb\">\n\t<a href=\"https:\/\/hidalgo.nl\/en\/product-supplier\/a58\/\" title=\"A58\">A58<\/a>\n<\/span><span class=\"aioseo-breadcrumb-separator\">\u00bb<\/span><span class=\"aioseo-breadcrumb\">\n\tBamboe multitool Heinrich\n<\/span><\/div>","aioseo_breadcrumb_json":[{"label":"Home","link":"https:\/\/hidalgo.nl\/de\/"},{"label":"example","link":"https:\/\/hidalgo.nl\/example\/"},{"label":"A58","link":"https:\/\/hidalgo.nl\/en\/product-supplier\/a58\/"},{"label":"Bamboe multitool Heinrich","link":"https:\/\/hidalgo.nl\/de\/product\/9232\/bambus-multitool-heinrich-bedrucken-7-in-1-schluesselanhaenger\/"}],"_links":{"self":[{"href":"https:\/\/hidalgo.nl\/de\/wp-json\/wp\/v2\/product\/9232","targetHints":{"allow":["GET"]}}],"collection":[{"href":"https:\/\/hidalgo.nl\/de\/wp-json\/wp\/v2\/product"}],"about":[{"href":"https:\/\/hidalgo.nl\/de\/wp-json\/wp\/v2\/types\/product"}],"wp:featuredmedia":[{"embeddable":true,"href":"https:\/\/hidalgo.nl\/de\/wp-json\/wp\/v2\/media\/9233"}],"wp:attachment":[{"href":"https:\/\/hidalgo.nl\/de\/wp-json\/wp\/v2\/media?parent=9232"}],"wp:term":[{"taxonomy":"product_brand","embeddable":true,"href":"https:\/\/hidalgo.nl\/de\/wp-json\/wp\/v2\/product_brand?post=9232"},{"taxonomy":"product_cat","embeddable":true,"href":"https:\/\/hidalgo.nl\/de\/wp-json\/wp\/v2\/product_cat?post=9232"},{"taxonomy":"product_tag","embeddable":true,"href":"https:\/\/hidalgo.nl\/de\/wp-json\/wp\/v2\/product_tag?post=9232"}],"curies":[{"name":"wp","href":"https:\/\/api.w.org\/{rel}","templated":true}]}}