{"id":903557,"date":"2026-05-12T10:32:58","date_gmt":"2026-05-12T10:32:58","guid":{"rendered":"https:\/\/hidalgo.nl\/product\/wki0306-afneembare-zakken-voor-gereedschap\/"},"modified":"2026-05-12T14:10:59","modified_gmt":"2026-05-12T14:10:59","slug":"wki0306-afneembare-zakken-voor-gereedschap","status":"publish","type":"product","link":"https:\/\/hidalgo.nl\/de\/product\/903557\/wki0306-abnehmbare-werkzeugtaschen\/","title":{"rendered":"WKI0306 &#8211; Afneembare zakken voor gereedschap"},"content":{"rendered":"<p>Cordura\u00ae. Per paar verkocht. 2\u00a0gereedschapszakken in Cordura\u00ae met bies in Silver, om te bevestigen aan de lussen van een broek. De zakken worden vastgemaakt met clips. De ruimte tussen 2\u00a0clips bedraagt 13\u00a0cm. De 2\u00a0zakken hebben verschillende vakken. Een van de zakken heeft een riempje om gereedschap aan te hangen.<\/p>\n","protected":false},"excerpt":{"rendered":"<p>Cordura\u00ae. Per paar verkocht. 2\u00a0gereedschapszakken in Cordura\u00ae met bies in Silver, om te bevestigen aan de lussen van een broek. De zakken worden vastgemaakt met clips. De ruimte tussen 2\u00a0clips bedraagt 13\u00a0cm. De 2\u00a0zakken hebben verschillende vakken. Een van de zakken heeft een riempje om gereedschap aan te hangen.<\/p>\n","protected":false},"featured_media":903558,"template":"","meta":{"_acf_changed":false,"om_disable_all_campaigns":false,"_monsterinsights_skip_tracking":false,"_monsterinsights_sitenote_active":false,"_monsterinsights_sitenote_note":"","_monsterinsights_sitenote_category":0},"product_brand":[1784],"product_cat":[4716,4864,4717],"product_tag":[],"class_list":{"0":"post-903557","1":"product","2":"type-product","3":"status-publish","4":"has-post-thumbnail","6":"product_supplier-a404","7":"product_brand-wk-designed-to-work","8":"product_cat-kleding","9":"product_cat-kleding-veiligheidskleding-veiligheids-accessoires","10":"product_cat-kleding-veiligheidskleding","11":"entry","13":"first","14":"instock","15":"taxable","16":"shipping-taxable","17":"purchasable","18":"product-type-variable"},"acf":{"pim_product_english_title":"WKI0306 - Pair of multi tool bags","pim_product_german_title":"WKI0306 - Abnehmbare Werkzeugtaschen","pim_product_dutch_title":"WKI0306 - Afneembare zakken voor gereedschap","pim_product_dutch_content":"<p>Cordura\u00ae. Per paar verkocht. 2\u00a0gereedschapszakken in Cordura\u00ae met bies in Silver, om te bevestigen aan de lussen van een broek. De zakken worden vastgemaakt met clips. De ruimte tussen 2\u00a0clips bedraagt 13\u00a0cm. De 2\u00a0zakken hebben verschillende vakken. Een van de zakken heeft een riempje om gereedschap aan te hangen.<\/p>\n","pim_product_german_content":"<p>Cordura\u00ae. Wird paarweise verkauft. 2 Cordura\u00ae Werkzeugtaschen mit Silber-Paspel, die sich in die G\u00fcrtelschlaufen einer Hose einh\u00e4ngen lassen. Die Befestigung der Taschen erfolgt \u00fcber ein Clip-System. Der Abstand zwischen den 2 Clips betr\u00e4gt 13\u00a0cm. Die 2 Taschen haben jeweils mehrere F\u00e4cher. Eine der Taschen verf\u00fcgt \u00fcber einen Riemen zur Befestigung von Werkzeugen.<\/p>\n","pim_product_english_content":"<p>Cordura. Sold as a pair. 2 tool pockets in Cordura with silver piping, made to attach to trouser belt loops. The pockets are attached using a system of clips. The space between the clips is 13\u00a0cm. Both pockets have several compartments. One of the pockets has a loop to hang tools.<\/p>\n","english_short_description":"Matches the trousers WK743.\r\nCordura\u00ae: very resistant to abrasion.","german_short_description":"Passt zur Hose WK743.\r\nCordura\u00ae: besonders abriebbest\u00e4ndig.","dutch_short_description":"Past bij broek WK743.\r\nCordura\u00ae: sterk bestand tegen schuring.","promidata_product_hash":"","promidata_product_uri":"","promidata_product_minimum_qty":"","imprint_cost":false,"default_keywords_nl":"","pim_product_english_faq_content":"","pim_product_german_faq_content":"","english_keywords":"","german_keywords":"","dutch_keywords":"","green_tab_text_eng":"","green_tab_text_german":"","green_tab_text_dutch":"","promi_phash_price":"","select_toptex_printing_options":"clothes","margin_influ_quantity_10":"","margin_influ_quantity_25":"","margin_influ_quantity_50":"","margin_influ_quantity_100":"","margin_influ_quantity_250":"","margin_influ_quantity_500":"","margin_influ_quantity_1000":"","pim_product_dutch_faq_content":"","product_supplier_text":"A404"},"aioseo_notices":[],"aioseo_head":"\n\t\t<!-- All in One SEO Pro 4.9.7.1 - aioseo.com -->\n\t<meta name=\"description\" content=\"Passt zur Hose WK743. Cordura\u00ae: besonders abriebbest\u00e4ndig.\" \/>\n\t<meta name=\"robots\" content=\"max-image-preview:large\" \/>\n\t<meta name=\"google-site-verification\" content=\"BBMiYHShnVBoc8v9xoHf0FXMC27otVB0wiWxw_hFRrM\" \/>\n\t<link rel=\"canonical\" href=\"https:\/\/hidalgo.nl\/de\/wp-json\/wp\/v2\/product\/903557\" \/>\n\t<meta name=\"generator\" content=\"All in One SEO Pro (AIOSEO) 4.9.7.1\" \/>\n\t\t<meta property=\"og:locale\" content=\"de_DE\" \/>\n\t\t<meta property=\"og:site_name\" content=\"Hidalgo -\" \/>\n\t\t<meta property=\"og:type\" content=\"article\" \/>\n\t\t<meta property=\"og:title\" content=\"WKI0306 - Abnehmbare Werkzeugtaschen\" \/>\n\t\t<meta property=\"og:description\" content=\"Passt zur Hose WK743. Cordura\u00ae: besonders abriebbest\u00e4ndig.\" \/>\n\t\t<meta property=\"og:url\" content=\"https:\/\/hidalgo.nl\/de\/wp-json\/wp\/v2\/product\/903557\" \/>\n\t\t<meta property=\"og:image\" content=\"https:\/\/shop.hidalgo.nl\/wp-content\/uploads\/2025\/11\/cropped-Hidalgo-est1993.png\" \/>\n\t\t<meta property=\"og:image:secure_url\" content=\"https:\/\/shop.hidalgo.nl\/wp-content\/uploads\/2025\/11\/cropped-Hidalgo-est1993.png\" \/>\n\t\t<meta property=\"article:published_time\" content=\"2026-05-12T10:32:58+00:00\" \/>\n\t\t<meta property=\"article:modified_time\" content=\"2026-05-12T14:10:59+00:00\" \/>\n\t\t<meta name=\"twitter:card\" content=\"summary_large_image\" \/>\n\t\t<meta name=\"twitter:title\" content=\"WKI0306 - Abnehmbare Werkzeugtaschen\" \/>\n\t\t<meta name=\"twitter:description\" content=\"Passt zur Hose WK743. Cordura\u00ae: besonders abriebbest\u00e4ndig.\" \/>\n\t\t<meta name=\"twitter:image\" content=\"https:\/\/shop.hidalgo.nl\/wp-content\/uploads\/2025\/11\/cropped-Hidalgo-est1993.png\" \/>\n\t\t<script type=\"application\/ld+json\" class=\"aioseo-schema\">\n\t\t\t{\"@context\":\"https:\\\/\\\/schema.org\",\"@graph\":[{\"@type\":\"BreadcrumbList\",\"@id\":\"https:\\\/\\\/hidalgo.nl\\\/de\\\/product\\\/903557\\\/wki0306-abnehmbare-werkzeugtaschen\\\/#breadcrumblist\",\"itemListElement\":[{\"@type\":\"ListItem\",\"@id\":\"https:\\\/\\\/hidalgo.nl\\\/de\\\/#listItem\",\"position\":1,\"name\":\"Home\",\"item\":\"https:\\\/\\\/hidalgo.nl\\\/de\\\/\",\"nextItem\":{\"@type\":\"ListItem\",\"@id\":\"https:\\\/\\\/hidalgo.nl\\\/example\\\/#listItem\",\"name\":\"example\"}},{\"@type\":\"ListItem\",\"@id\":\"https:\\\/\\\/hidalgo.nl\\\/example\\\/#listItem\",\"position\":2,\"name\":\"example\",\"item\":\"https:\\\/\\\/hidalgo.nl\\\/example\\\/\",\"nextItem\":{\"@type\":\"ListItem\",\"@id\":\"https:\\\/\\\/hidalgo.nl\\\/de\\\/product-supplier\\\/a404\\\/#listItem\",\"name\":\"A404\"},\"previousItem\":{\"@type\":\"ListItem\",\"@id\":\"https:\\\/\\\/hidalgo.nl\\\/de\\\/#listItem\",\"name\":\"Home\"}},{\"@type\":\"ListItem\",\"@id\":\"https:\\\/\\\/hidalgo.nl\\\/de\\\/product-supplier\\\/a404\\\/#listItem\",\"position\":3,\"name\":\"A404\",\"item\":\"https:\\\/\\\/hidalgo.nl\\\/de\\\/product-supplier\\\/a404\\\/\",\"nextItem\":{\"@type\":\"ListItem\",\"@id\":\"https:\\\/\\\/hidalgo.nl\\\/de\\\/product\\\/903557\\\/wki0306-abnehmbare-werkzeugtaschen\\\/#listItem\",\"name\":\"WKI0306 &#8211; Afneembare zakken voor gereedschap\"},\"previousItem\":{\"@type\":\"ListItem\",\"@id\":\"https:\\\/\\\/hidalgo.nl\\\/example\\\/#listItem\",\"name\":\"example\"}},{\"@type\":\"ListItem\",\"@id\":\"https:\\\/\\\/hidalgo.nl\\\/de\\\/product\\\/903557\\\/wki0306-abnehmbare-werkzeugtaschen\\\/#listItem\",\"position\":4,\"name\":\"WKI0306 &#8211; Afneembare zakken voor gereedschap\",\"previousItem\":{\"@type\":\"ListItem\",\"@id\":\"https:\\\/\\\/hidalgo.nl\\\/de\\\/product-supplier\\\/a404\\\/#listItem\",\"name\":\"A404\"}}]},{\"@type\":\"Organization\",\"@id\":\"https:\\\/\\\/hidalgo.nl\\\/de\\\/#organization\",\"name\":\"Hidalgo\",\"url\":\"https:\\\/\\\/hidalgo.nl\\\/de\\\/\",\"logo\":{\"@type\":\"ImageObject\",\"url\":\"https:\\\/\\\/shop.hidalgo.nl\\\/wp-content\\\/uploads\\\/2025\\\/11\\\/cropped-Hidalgo-est1993.png\",\"@id\":\"https:\\\/\\\/hidalgo.nl\\\/de\\\/product\\\/903557\\\/wki0306-abnehmbare-werkzeugtaschen\\\/#organizationLogo\",\"width\":585,\"height\":195},\"image\":{\"@id\":\"https:\\\/\\\/hidalgo.nl\\\/de\\\/product\\\/903557\\\/wki0306-abnehmbare-werkzeugtaschen\\\/#organizationLogo\"}},{\"@type\":\"ProductGroup\",\"@id\":\"https:\\\/\\\/hidalgo.nl\\\/de\\\/product\\\/903557\\\/wki0306-abnehmbare-werkzeugtaschen\\\/#wooCommerceProduct\",\"name\":\"WKI0306 - Abnehmbare Werkzeugtaschen\",\"url\":\"https:\\\/\\\/hidalgo.nl\\\/de\\\/product\\\/903557\\\/wki0306-abnehmbare-werkzeugtaschen\\\/\",\"brand\":{\"@type\":\"Brand\",\"name\":\"WK Designed To Work\"},\"sku\":\"WKI0306\",\"image\":{\"@type\":\"ImageObject\",\"url\":\"https:\\\/\\\/shop.hidalgo.nl\\\/wp-content\\\/uploads\\\/2026\\\/04\\\/WKI0306_2023.jpg\",\"@id\":\"https:\\\/\\\/hidalgo.nl\\\/de\\\/product\\\/903557\\\/wki0306-abnehmbare-werkzeugtaschen\\\/#productImage\"},\"productGroupID\":903557,\"hasVariant\":[{\"@type\":\"Product\",\"@id\":\"https:\\\/\\\/hidalgo.nl\\\/de\\\/product\\\/903557\\\/wki0306-abnehmbare-werkzeugtaschen\\\/#wooCommerceProduct\",\"name\":\"WKI0306 - Afneembare zakken voor gereedschap - black, one-size\",\"url\":\"https:\\\/\\\/hidalgo.nl\\\/de\\\/product\\\/903557\\\/wki0306-abnehmbare-werkzeugtaschen\\\/\",\"sku\":\"WKI0306_81103_81102\",\"gtin\":\"3663938563688\",\"image\":{\"@type\":\"ImageObject\",\"url\":\"https:\\\/\\\/shop.hidalgo.nl\\\/wp-content\\\/uploads\\\/2026\\\/04\\\/PS_WKI0306_BLACK.png\",\"@id\":\"https:\\\/\\\/hidalgo.nl\\\/de\\\/product\\\/903557\\\/wki0306-abnehmbare-werkzeugtaschen\\\/#productImage\"},\"offers\":{\"@type\":\"Offer\",\"url\":\"https:\\\/\\\/hidalgo.nl\\\/de\\\/product\\\/903557\\\/wki0306-abnehmbare-werkzeugtaschen\\\/#wooCommerceOffer\",\"price\":\"5.29\",\"priceCurrency\":\"EUR\",\"category\":\"Kleding\",\"availability\":\"https:\\\/\\\/schema.org\\\/InStock\",\"priceSpecification\":{\"@type\":\"PriceSpecification\",\"price\":5.29,\"priceCurrency\":\"EUR\",\"valueAddedTaxIncluded\":\"true\"}}}]},{\"@type\":\"WebPage\",\"@id\":\"https:\\\/\\\/hidalgo.nl\\\/de\\\/product\\\/903557\\\/wki0306-abnehmbare-werkzeugtaschen\\\/#webpage\",\"url\":\"https:\\\/\\\/hidalgo.nl\\\/de\\\/product\\\/903557\\\/wki0306-abnehmbare-werkzeugtaschen\\\/\",\"name\":\"WKI0306 - Abnehmbare Werkzeugtaschen\",\"description\":\"Passt zur Hose WK743. Cordura\\u00ae: besonders abriebbest\\u00e4ndig.\",\"inLanguage\":\"de-DE\",\"isPartOf\":{\"@id\":\"https:\\\/\\\/hidalgo.nl\\\/de\\\/#website\"},\"breadcrumb\":{\"@id\":\"https:\\\/\\\/hidalgo.nl\\\/de\\\/product\\\/903557\\\/wki0306-abnehmbare-werkzeugtaschen\\\/#breadcrumblist\"},\"image\":{\"@type\":\"ImageObject\",\"url\":\"https:\\\/\\\/shop.hidalgo.nl\\\/wp-content\\\/uploads\\\/2026\\\/04\\\/WKI0306_2023.jpg\",\"@id\":\"https:\\\/\\\/hidalgo.nl\\\/de\\\/product\\\/903557\\\/wki0306-abnehmbare-werkzeugtaschen\\\/#mainImage\"},\"primaryImageOfPage\":{\"@id\":\"https:\\\/\\\/hidalgo.nl\\\/de\\\/product\\\/903557\\\/wki0306-abnehmbare-werkzeugtaschen\\\/#mainImage\"},\"datePublished\":\"2026-05-12T10:32:58+00:00\",\"dateModified\":\"2026-05-12T14:10:59+00:00\"},{\"@type\":\"WebSite\",\"@id\":\"https:\\\/\\\/hidalgo.nl\\\/de\\\/#website\",\"url\":\"https:\\\/\\\/hidalgo.nl\\\/de\\\/\",\"name\":\"Hidalgo\",\"inLanguage\":\"de-DE\",\"publisher\":{\"@id\":\"https:\\\/\\\/hidalgo.nl\\\/de\\\/#organization\"}}]}\n\t\t<\/script>\n\t\t<!-- All in One SEO Pro -->\r\n\t\t<title>WKI0306 - Abnehmbare Werkzeugtaschen<\/title>\n\n","aioseo_head_json":{"title":"WKI0306 - Abnehmbare Werkzeugtaschen","description":"Passt zur Hose WK743. Cordura\u00ae: besonders abriebbest\u00e4ndig.","canonical_url":"https:\/\/hidalgo.nl\/de\/wp-json\/wp\/v2\/product\/903557","robots":"max-image-preview:large","keywords":"","webmasterTools":{"google-site-verification":"BBMiYHShnVBoc8v9xoHf0FXMC27otVB0wiWxw_hFRrM","miscellaneous":""},"schema":{"@context":"https:\/\/schema.org","@graph":[{"@type":"BreadcrumbList","@id":"https:\/\/hidalgo.nl\/de\/product\/903557\/wki0306-abnehmbare-werkzeugtaschen\/#breadcrumblist","itemListElement":[{"@type":"ListItem","@id":"https:\/\/hidalgo.nl\/de\/#listItem","position":1,"name":"Home","item":"https:\/\/hidalgo.nl\/de\/","nextItem":{"@type":"ListItem","@id":"https:\/\/hidalgo.nl\/example\/#listItem","name":"example"}},{"@type":"ListItem","@id":"https:\/\/hidalgo.nl\/example\/#listItem","position":2,"name":"example","item":"https:\/\/hidalgo.nl\/example\/","nextItem":{"@type":"ListItem","@id":"https:\/\/hidalgo.nl\/de\/product-supplier\/a404\/#listItem","name":"A404"},"previousItem":{"@type":"ListItem","@id":"https:\/\/hidalgo.nl\/de\/#listItem","name":"Home"}},{"@type":"ListItem","@id":"https:\/\/hidalgo.nl\/de\/product-supplier\/a404\/#listItem","position":3,"name":"A404","item":"https:\/\/hidalgo.nl\/de\/product-supplier\/a404\/","nextItem":{"@type":"ListItem","@id":"https:\/\/hidalgo.nl\/de\/product\/903557\/wki0306-abnehmbare-werkzeugtaschen\/#listItem","name":"WKI0306 &#8211; Afneembare zakken voor gereedschap"},"previousItem":{"@type":"ListItem","@id":"https:\/\/hidalgo.nl\/example\/#listItem","name":"example"}},{"@type":"ListItem","@id":"https:\/\/hidalgo.nl\/de\/product\/903557\/wki0306-abnehmbare-werkzeugtaschen\/#listItem","position":4,"name":"WKI0306 &#8211; Afneembare zakken voor gereedschap","previousItem":{"@type":"ListItem","@id":"https:\/\/hidalgo.nl\/de\/product-supplier\/a404\/#listItem","name":"A404"}}]},{"@type":"Organization","@id":"https:\/\/hidalgo.nl\/de\/#organization","name":"Hidalgo","url":"https:\/\/hidalgo.nl\/de\/","logo":{"@type":"ImageObject","url":"https:\/\/shop.hidalgo.nl\/wp-content\/uploads\/2025\/11\/cropped-Hidalgo-est1993.png","@id":"https:\/\/hidalgo.nl\/de\/product\/903557\/wki0306-abnehmbare-werkzeugtaschen\/#organizationLogo","width":585,"height":195},"image":{"@id":"https:\/\/hidalgo.nl\/de\/product\/903557\/wki0306-abnehmbare-werkzeugtaschen\/#organizationLogo"}},{"@type":"ProductGroup","@id":"https:\/\/hidalgo.nl\/de\/product\/903557\/wki0306-abnehmbare-werkzeugtaschen\/#wooCommerceProduct","name":"WKI0306 - Abnehmbare Werkzeugtaschen","url":"https:\/\/hidalgo.nl\/de\/product\/903557\/wki0306-abnehmbare-werkzeugtaschen\/","brand":{"@type":"Brand","name":"WK Designed To Work"},"sku":"WKI0306","image":{"@type":"ImageObject","url":"https:\/\/shop.hidalgo.nl\/wp-content\/uploads\/2026\/04\/WKI0306_2023.jpg","@id":"https:\/\/hidalgo.nl\/de\/product\/903557\/wki0306-abnehmbare-werkzeugtaschen\/#productImage"},"productGroupID":903557,"hasVariant":[{"@type":"Product","@id":"https:\/\/hidalgo.nl\/de\/product\/903557\/wki0306-abnehmbare-werkzeugtaschen\/#wooCommerceProduct","name":"WKI0306 - Afneembare zakken voor gereedschap - black, one-size","url":"https:\/\/hidalgo.nl\/de\/product\/903557\/wki0306-abnehmbare-werkzeugtaschen\/","sku":"WKI0306_81103_81102","gtin":"3663938563688","image":{"@type":"ImageObject","url":"https:\/\/shop.hidalgo.nl\/wp-content\/uploads\/2026\/04\/PS_WKI0306_BLACK.png","@id":"https:\/\/hidalgo.nl\/de\/product\/903557\/wki0306-abnehmbare-werkzeugtaschen\/#productImage"},"offers":{"@type":"Offer","url":"https:\/\/hidalgo.nl\/de\/product\/903557\/wki0306-abnehmbare-werkzeugtaschen\/#wooCommerceOffer","price":"5.29","priceCurrency":"EUR","category":"Kleding","availability":"https:\/\/schema.org\/InStock","priceSpecification":{"@type":"PriceSpecification","price":5.29,"priceCurrency":"EUR","valueAddedTaxIncluded":"true"}}}]},{"@type":"WebPage","@id":"https:\/\/hidalgo.nl\/de\/product\/903557\/wki0306-abnehmbare-werkzeugtaschen\/#webpage","url":"https:\/\/hidalgo.nl\/de\/product\/903557\/wki0306-abnehmbare-werkzeugtaschen\/","name":"WKI0306 - Abnehmbare Werkzeugtaschen","description":"Passt zur Hose WK743. Cordura\u00ae: besonders abriebbest\u00e4ndig.","inLanguage":"de-DE","isPartOf":{"@id":"https:\/\/hidalgo.nl\/de\/#website"},"breadcrumb":{"@id":"https:\/\/hidalgo.nl\/de\/product\/903557\/wki0306-abnehmbare-werkzeugtaschen\/#breadcrumblist"},"image":{"@type":"ImageObject","url":"https:\/\/shop.hidalgo.nl\/wp-content\/uploads\/2026\/04\/WKI0306_2023.jpg","@id":"https:\/\/hidalgo.nl\/de\/product\/903557\/wki0306-abnehmbare-werkzeugtaschen\/#mainImage"},"primaryImageOfPage":{"@id":"https:\/\/hidalgo.nl\/de\/product\/903557\/wki0306-abnehmbare-werkzeugtaschen\/#mainImage"},"datePublished":"2026-05-12T10:32:58+00:00","dateModified":"2026-05-12T14:10:59+00:00"},{"@type":"WebSite","@id":"https:\/\/hidalgo.nl\/de\/#website","url":"https:\/\/hidalgo.nl\/de\/","name":"Hidalgo","inLanguage":"de-DE","publisher":{"@id":"https:\/\/hidalgo.nl\/de\/#organization"}}]},"og:locale":"de_DE","og:site_name":"Hidalgo -","og:type":"article","og:title":"WKI0306 - Abnehmbare Werkzeugtaschen","og:description":"Passt zur Hose WK743. Cordura\u00ae: besonders abriebbest\u00e4ndig.","og:url":"https:\/\/hidalgo.nl\/de\/wp-json\/wp\/v2\/product\/903557","og:image":"https:\/\/shop.hidalgo.nl\/wp-content\/uploads\/2025\/11\/cropped-Hidalgo-est1993.png","og:image:secure_url":"https:\/\/shop.hidalgo.nl\/wp-content\/uploads\/2025\/11\/cropped-Hidalgo-est1993.png","article:published_time":"2026-05-12T10:32:58+00:00","article:modified_time":"2026-05-12T14:10:59+00:00","twitter:card":"summary_large_image","twitter:title":"WKI0306 - Abnehmbare Werkzeugtaschen","twitter:description":"Passt zur Hose WK743. Cordura\u00ae: besonders abriebbest\u00e4ndig.","twitter:image":"https:\/\/shop.hidalgo.nl\/wp-content\/uploads\/2025\/11\/cropped-Hidalgo-est1993.png"},"aioseo_meta_data":{"post_id":"903557","title":null,"description":null,"keywords":[],"keyphrases":{"focus":{"keyphrase":"","score":0,"analysis":{"keyphraseInTitle":{"score":0,"maxScore":9,"error":1}}},"additional":[]},"primary_term":null,"canonical_url":null,"og_title":"","og_description":"","og_object_type":"default","og_image_type":"default","og_image_url":null,"og_image_width":null,"og_image_height":null,"og_image_custom_url":null,"og_image_custom_fields":null,"og_video":"","og_custom_url":null,"og_article_section":"","og_article_tags":[],"twitter_use_og":false,"twitter_card":"default","twitter_image_type":"default","twitter_image_url":null,"twitter_image_custom_url":null,"twitter_image_custom_fields":null,"twitter_title":"","twitter_description":"","schema":{"blockGraphs":[],"customGraphs":[],"default":{"data":{"Article":[],"Course":[],"Dataset":[],"FAQPage":[],"Movie":[],"Person":[],"Product":[],"ProductReview":[],"Car":[],"Recipe":[],"Service":[],"SoftwareApplication":[],"WebPage":[]},"graphName":"Product","isEnabled":true},"graphs":[]},"schema_type":"default","schema_type_options":null,"pillar_content":false,"robots_default":true,"robots_noindex":false,"robots_noarchive":false,"robots_nosnippet":false,"robots_nofollow":false,"robots_noimageindex":false,"robots_noodp":false,"robots_notranslate":false,"robots_max_snippet":"-1","robots_max_videopreview":"-1","robots_max_imagepreview":"large","priority":null,"frequency":"default","local_seo":null,"seo_analyzer_scan_date":null,"breadcrumb_settings":null,"limit_modified_date":false,"reviewed_by":"0","open_ai":null,"ai":{"faqs":[],"keyPoints":[],"schemas":[],"titles":[],"descriptions":[],"socialPosts":{"email":[],"linkedin":[],"twitter":[],"facebook":[],"instagram":[]}},"created":"2026-05-12 10:33:55","updated":"2026-05-14 00:29:02"},"aioseo_breadcrumb":"<div class=\"aioseo-breadcrumbs\"><span class=\"aioseo-breadcrumb\">\n\t<a href=\"https:\/\/hidalgo.nl\/de\/\" title=\"Home\">Home<\/a>\n<\/span><span class=\"aioseo-breadcrumb-separator\">\u00bb<\/span><span class=\"aioseo-breadcrumb\">\n\t<a href=\"https:\/\/hidalgo.nl\/example\/\" title=\"example\">example<\/a>\n<\/span><span class=\"aioseo-breadcrumb-separator\">\u00bb<\/span><span class=\"aioseo-breadcrumb\">\n\t<a href=\"https:\/\/hidalgo.nl\/de\/product-supplier\/a404\/\" title=\"A404\">A404<\/a>\n<\/span><span class=\"aioseo-breadcrumb-separator\">\u00bb<\/span><span class=\"aioseo-breadcrumb\">\n\tWKI0306 \u2013 Afneembare zakken voor gereedschap\n<\/span><\/div>","aioseo_breadcrumb_json":[{"label":"Home","link":"https:\/\/hidalgo.nl\/de\/"},{"label":"example","link":"https:\/\/hidalgo.nl\/example\/"},{"label":"A404","link":"https:\/\/hidalgo.nl\/de\/product-supplier\/a404\/"},{"label":"WKI0306 &#8211; Afneembare zakken voor gereedschap","link":"https:\/\/hidalgo.nl\/de\/product\/903557\/wki0306-abnehmbare-werkzeugtaschen\/"}],"_links":{"self":[{"href":"https:\/\/hidalgo.nl\/de\/wp-json\/wp\/v2\/product\/903557","targetHints":{"allow":["GET"]}}],"collection":[{"href":"https:\/\/hidalgo.nl\/de\/wp-json\/wp\/v2\/product"}],"about":[{"href":"https:\/\/hidalgo.nl\/de\/wp-json\/wp\/v2\/types\/product"}],"wp:featuredmedia":[{"embeddable":true,"href":"https:\/\/hidalgo.nl\/de\/wp-json\/wp\/v2\/media\/903558"}],"wp:attachment":[{"href":"https:\/\/hidalgo.nl\/de\/wp-json\/wp\/v2\/media?parent=903557"}],"wp:term":[{"taxonomy":"product_brand","embeddable":true,"href":"https:\/\/hidalgo.nl\/de\/wp-json\/wp\/v2\/product_brand?post=903557"},{"taxonomy":"product_cat","embeddable":true,"href":"https:\/\/hidalgo.nl\/de\/wp-json\/wp\/v2\/product_cat?post=903557"},{"taxonomy":"product_tag","embeddable":true,"href":"https:\/\/hidalgo.nl\/de\/wp-json\/wp\/v2\/product_tag?post=903557"}],"curies":[{"name":"wp","href":"https:\/\/api.w.org\/{rel}","templated":true}]}}