{"id":898913,"date":"2026-05-12T07:56:12","date_gmt":"2026-05-12T07:56:12","guid":{"rendered":"https:\/\/hidalgo.nl\/product\/yhvw064-reflecterende-draagband\/"},"modified":"2026-05-12T13:52:30","modified_gmt":"2026-05-12T13:52:30","slug":"yhvw064-reflecterende-draagband","status":"publish","type":"product","link":"https:\/\/hidalgo.nl\/de\/product\/898913\/yhvw064-reflektierendes-band\/","title":{"rendered":"YHVW064 &#8211; Reflecterende draagband"},"content":{"rendered":"<p>100% polyester. Spandex. Gemaakt van een elastisch en reflecterend signalisatiemateriaal van 5\u00a0cm breed. Twee gespjes voor een betere afstelling. Te dragen rond de taille en op de schouders. Ideaal voor evenementen op de weg, voor veiligheidsagenten, fietsers enz.<\/p>\n","protected":false},"excerpt":{"rendered":"<p>100% polyester. Spandex. Gemaakt van een elastisch en reflecterend signalisatiemateriaal van 5\u00a0cm breed. Twee gespjes voor een betere afstelling. Te dragen rond de taille en op de schouders. Ideaal voor evenementen op de weg, voor veiligheidsagenten, fietsers enz.<\/p>\n","protected":false},"featured_media":898914,"template":"","meta":{"_acf_changed":false,"om_disable_all_campaigns":false,"_monsterinsights_skip_tracking":false,"_monsterinsights_sitenote_active":false,"_monsterinsights_sitenote_note":"","_monsterinsights_sitenote_category":0},"product_brand":[1806],"product_cat":[4716,4717,4718],"product_tag":[],"class_list":{"0":"post-898913","1":"product","2":"type-product","3":"status-publish","4":"has-post-thumbnail","6":"product_supplier-a404","7":"product_brand-yoko","8":"product_cat-kleding","9":"product_cat-kleding-veiligheidskleding","10":"product_cat-kleding-veiligheidskleding-veiligheidsvesten","11":"entry","13":"first","14":"instock","15":"taxable","16":"shipping-taxable","17":"purchasable","18":"product-type-variable"},"acf":{"pim_product_german_content":"<p>100\u00a0% Polyester. Spandex. Aus elastischem, reflektierendem, 5 cm breitem Hi-Vis-Material. Zwei Schnallen zum Verstellen der Gr\u00f6\u00dfe, kann an der Taille oder \u00fcber die Schulter getragen werden. Perfekt f\u00fcr Stra\u00dfe, Sicherheitsbeamte, Radfahrer usw.<\/p>\n","pim_product_english_content":"<p>100% Polyester. Spandex. Made from elasticated Hi-Vis and reflective material measuring 5\u00a0cm in width. Two adjustable buckles; to wear around the waist and on the shoulders. Perfect for road events, safety officers, cyclists, etc.<\/p>\n","english_short_description":"Excellent visibility day and night.\r\nAdjustable buckles for the perfect fit.","german_short_description":"Ausgezeichnete Sichtbarkeit nachts und am Tage.\r\nVerstellbare Schnallen, optimale Anpassung.","promidata_product_hash":"","imprint_cost":false,"default_keywords_nl":"","english_keywords":"","german_keywords":"","product_supplier_text":"A404"},"aioseo_notices":[],"aioseo_head":"\n\t\t<!-- All in One SEO Pro 4.9.7 - aioseo.com -->\n\t<meta name=\"description\" content=\"Ausgezeichnete Sichtbarkeit nachts und am Tage. Verstellbare Schnallen, optimale Anpassung.\" \/>\n\t<meta name=\"robots\" content=\"max-image-preview:large\" \/>\n\t<link rel=\"canonical\" href=\"https:\/\/hidalgo.nl\/de\/wp-json\/wp\/v2\/product\/898913\" \/>\n\t<meta name=\"generator\" content=\"All in One SEO Pro (AIOSEO) 4.9.7\" \/>\n\t\t<meta property=\"og:locale\" content=\"de_DE\" \/>\n\t\t<meta property=\"og:site_name\" content=\"Hidalgo -\" \/>\n\t\t<meta property=\"og:type\" content=\"article\" \/>\n\t\t<meta property=\"og:title\" content=\"YHVW064 - Reflektierendes Band\" \/>\n\t\t<meta property=\"og:description\" content=\"Ausgezeichnete Sichtbarkeit nachts und am Tage. Verstellbare Schnallen, optimale Anpassung.\" \/>\n\t\t<meta property=\"og:url\" content=\"https:\/\/hidalgo.nl\/de\/wp-json\/wp\/v2\/product\/898913\" \/>\n\t\t<meta property=\"og:image\" content=\"https:\/\/shop.hidalgo.nl\/wp-content\/uploads\/2025\/11\/cropped-Hidalgo-est1993.png\" \/>\n\t\t<meta property=\"og:image:secure_url\" content=\"https:\/\/shop.hidalgo.nl\/wp-content\/uploads\/2025\/11\/cropped-Hidalgo-est1993.png\" \/>\n\t\t<meta property=\"article:published_time\" content=\"2026-05-12T07:56:12+00:00\" \/>\n\t\t<meta property=\"article:modified_time\" content=\"2026-05-12T13:52:30+00:00\" \/>\n\t\t<meta name=\"twitter:card\" content=\"summary_large_image\" \/>\n\t\t<meta name=\"twitter:title\" content=\"YHVW064 - Reflektierendes Band\" \/>\n\t\t<meta name=\"twitter:description\" content=\"Ausgezeichnete Sichtbarkeit nachts und am Tage. Verstellbare Schnallen, optimale Anpassung.\" \/>\n\t\t<meta name=\"twitter:image\" content=\"https:\/\/shop.hidalgo.nl\/wp-content\/uploads\/2025\/11\/cropped-Hidalgo-est1993.png\" \/>\n\t\t<script type=\"application\/ld+json\" class=\"aioseo-schema\">\n\t\t\t{\"@context\":\"https:\\\/\\\/schema.org\",\"@graph\":[{\"@type\":\"BreadcrumbList\",\"@id\":\"https:\\\/\\\/hidalgo.nl\\\/de\\\/product\\\/898913\\\/yhvw064-reflektierendes-band\\\/#breadcrumblist\",\"itemListElement\":[{\"@type\":\"ListItem\",\"@id\":\"https:\\\/\\\/hidalgo.nl\\\/de\\\/#listItem\",\"position\":1,\"name\":\"Home\",\"item\":\"https:\\\/\\\/hidalgo.nl\\\/de\\\/\",\"nextItem\":{\"@type\":\"ListItem\",\"@id\":\"https:\\\/\\\/hidalgo.nl\\\/example\\\/#listItem\",\"name\":\"example\"}},{\"@type\":\"ListItem\",\"@id\":\"https:\\\/\\\/hidalgo.nl\\\/example\\\/#listItem\",\"position\":2,\"name\":\"example\",\"item\":\"https:\\\/\\\/hidalgo.nl\\\/example\\\/\",\"nextItem\":{\"@type\":\"ListItem\",\"@id\":\"https:\\\/\\\/hidalgo.nl\\\/de\\\/product-supplier\\\/a404\\\/#listItem\",\"name\":\"A404\"},\"previousItem\":{\"@type\":\"ListItem\",\"@id\":\"https:\\\/\\\/hidalgo.nl\\\/de\\\/#listItem\",\"name\":\"Home\"}},{\"@type\":\"ListItem\",\"@id\":\"https:\\\/\\\/hidalgo.nl\\\/de\\\/product-supplier\\\/a404\\\/#listItem\",\"position\":3,\"name\":\"A404\",\"item\":\"https:\\\/\\\/hidalgo.nl\\\/de\\\/product-supplier\\\/a404\\\/\",\"nextItem\":{\"@type\":\"ListItem\",\"@id\":\"https:\\\/\\\/hidalgo.nl\\\/de\\\/product\\\/898913\\\/yhvw064-reflektierendes-band\\\/#listItem\",\"name\":\"YHVW064 &#8211; Reflecterende draagband\"},\"previousItem\":{\"@type\":\"ListItem\",\"@id\":\"https:\\\/\\\/hidalgo.nl\\\/example\\\/#listItem\",\"name\":\"example\"}},{\"@type\":\"ListItem\",\"@id\":\"https:\\\/\\\/hidalgo.nl\\\/de\\\/product\\\/898913\\\/yhvw064-reflektierendes-band\\\/#listItem\",\"position\":4,\"name\":\"YHVW064 &#8211; Reflecterende draagband\",\"previousItem\":{\"@type\":\"ListItem\",\"@id\":\"https:\\\/\\\/hidalgo.nl\\\/de\\\/product-supplier\\\/a404\\\/#listItem\",\"name\":\"A404\"}}]},{\"@type\":\"Organization\",\"@id\":\"https:\\\/\\\/hidalgo.nl\\\/de\\\/#organization\",\"name\":\"Hidalgo\",\"url\":\"https:\\\/\\\/hidalgo.nl\\\/de\\\/\",\"logo\":{\"@type\":\"ImageObject\",\"url\":\"https:\\\/\\\/shop.hidalgo.nl\\\/wp-content\\\/uploads\\\/2025\\\/11\\\/cropped-Hidalgo-est1993.png\",\"@id\":\"https:\\\/\\\/hidalgo.nl\\\/de\\\/product\\\/898913\\\/yhvw064-reflektierendes-band\\\/#organizationLogo\",\"width\":585,\"height\":195},\"image\":{\"@id\":\"https:\\\/\\\/hidalgo.nl\\\/de\\\/product\\\/898913\\\/yhvw064-reflektierendes-band\\\/#organizationLogo\"}},{\"@type\":\"ProductGroup\",\"@id\":\"https:\\\/\\\/hidalgo.nl\\\/de\\\/product\\\/898913\\\/yhvw064-reflektierendes-band\\\/#wooCommerceProduct\",\"name\":\"YHVW064 - Reflektierendes Band\",\"url\":\"https:\\\/\\\/hidalgo.nl\\\/de\\\/product\\\/898913\\\/yhvw064-reflektierendes-band\\\/\",\"brand\":{\"@type\":\"Brand\",\"name\":\"YOKO\"},\"sku\":\"YHVW064\",\"image\":{\"@type\":\"ImageObject\",\"url\":\"https:\\\/\\\/shop.hidalgo.nl\\\/wp-content\\\/uploads\\\/2026\\\/04\\\/YHVW064_2025.jpg\",\"@id\":\"https:\\\/\\\/hidalgo.nl\\\/de\\\/product\\\/898913\\\/yhvw064-reflektierendes-band\\\/#productImage\"},\"productGroupID\":898913,\"hasVariant\":[{\"@type\":\"Product\",\"@id\":\"https:\\\/\\\/hidalgo.nl\\\/de\\\/product\\\/898913\\\/yhvw064-reflektierendes-band\\\/#wooCommerceProduct\",\"name\":\"YHVW064 - Reflecterende draagband - hi-vis-orange, one-size\",\"url\":\"https:\\\/\\\/hidalgo.nl\\\/de\\\/product\\\/898913\\\/yhvw064-reflektierendes-band\\\/\",\"sku\":\"YHVW064_77788_77787\",\"gtin\":\"6933883214278\",\"image\":{\"@type\":\"ImageObject\",\"url\":\"https:\\\/\\\/shop.hidalgo.nl\\\/wp-content\\\/uploads\\\/2026\\\/04\\\/YHVW064_2025.jpg\",\"@id\":\"https:\\\/\\\/hidalgo.nl\\\/de\\\/product\\\/898913\\\/yhvw064-reflektierendes-band\\\/#productImage\"},\"offers\":{\"@type\":\"Offer\",\"url\":\"https:\\\/\\\/hidalgo.nl\\\/de\\\/product\\\/898913\\\/yhvw064-reflektierendes-band\\\/#wooCommerceOffer\",\"price\":\"3.3\",\"priceCurrency\":\"EUR\",\"category\":\"Kleding\",\"availability\":\"https:\\\/\\\/schema.org\\\/InStock\",\"priceSpecification\":{\"@type\":\"PriceSpecification\",\"price\":3.3,\"priceCurrency\":\"EUR\",\"valueAddedTaxIncluded\":\"true\"}}},{\"@type\":\"Product\",\"@id\":\"https:\\\/\\\/hidalgo.nl\\\/de\\\/product\\\/898913\\\/yhvw064-reflektierendes-band\\\/#wooCommerceProduct\",\"name\":\"YHVW064 - Reflecterende draagband - hi-vis-yellow, one-size\",\"url\":\"https:\\\/\\\/hidalgo.nl\\\/de\\\/product\\\/898913\\\/yhvw064-reflektierendes-band\\\/\",\"sku\":\"YHVW064_77789_77787\",\"gtin\":\"6933883214261\",\"image\":{\"@type\":\"ImageObject\",\"url\":\"https:\\\/\\\/shop.hidalgo.nl\\\/wp-content\\\/uploads\\\/2026\\\/04\\\/YHVW064_2025.jpg\",\"@id\":\"https:\\\/\\\/hidalgo.nl\\\/de\\\/product\\\/898913\\\/yhvw064-reflektierendes-band\\\/#productImage\"},\"offers\":{\"@type\":\"Offer\",\"url\":\"https:\\\/\\\/hidalgo.nl\\\/de\\\/product\\\/898913\\\/yhvw064-reflektierendes-band\\\/#wooCommerceOffer\",\"price\":\"3.3\",\"priceCurrency\":\"EUR\",\"category\":\"Kleding\",\"availability\":\"https:\\\/\\\/schema.org\\\/InStock\",\"priceSpecification\":{\"@type\":\"PriceSpecification\",\"price\":3.3,\"priceCurrency\":\"EUR\",\"valueAddedTaxIncluded\":\"true\"}}},{\"@type\":\"Product\",\"@id\":\"https:\\\/\\\/hidalgo.nl\\\/de\\\/product\\\/898913\\\/yhvw064-reflektierendes-band\\\/#wooCommerceProduct\",\"name\":\"YHVW064 - Reflecterende draagband - lime, one-size\",\"url\":\"https:\\\/\\\/hidalgo.nl\\\/de\\\/product\\\/898913\\\/yhvw064-reflektierendes-band\\\/\",\"sku\":\"YHVW064_77790_77787\",\"gtin\":\"6933883217477\",\"image\":{\"@type\":\"ImageObject\",\"url\":\"https:\\\/\\\/shop.hidalgo.nl\\\/wp-content\\\/uploads\\\/2026\\\/04\\\/YHVW064_2025.jpg\",\"@id\":\"https:\\\/\\\/hidalgo.nl\\\/de\\\/product\\\/898913\\\/yhvw064-reflektierendes-band\\\/#productImage\"},\"offers\":{\"@type\":\"Offer\",\"url\":\"https:\\\/\\\/hidalgo.nl\\\/de\\\/product\\\/898913\\\/yhvw064-reflektierendes-band\\\/#wooCommerceOffer\",\"price\":\"3.3\",\"priceCurrency\":\"EUR\",\"category\":\"Kleding\",\"availability\":\"https:\\\/\\\/schema.org\\\/InStock\",\"priceSpecification\":{\"@type\":\"PriceSpecification\",\"price\":3.3,\"priceCurrency\":\"EUR\",\"valueAddedTaxIncluded\":\"true\"}}},{\"@type\":\"Product\",\"@id\":\"https:\\\/\\\/hidalgo.nl\\\/de\\\/product\\\/898913\\\/yhvw064-reflektierendes-band\\\/#wooCommerceProduct\",\"name\":\"YHVW064 - Reflecterende draagband - pink, one-size\",\"url\":\"https:\\\/\\\/hidalgo.nl\\\/de\\\/product\\\/898913\\\/yhvw064-reflektierendes-band\\\/\",\"sku\":\"YHVW064_77791_77787\",\"gtin\":\"6933883217460\",\"image\":{\"@type\":\"ImageObject\",\"url\":\"https:\\\/\\\/shop.hidalgo.nl\\\/wp-content\\\/uploads\\\/2026\\\/04\\\/YHVW064_2025.jpg\",\"@id\":\"https:\\\/\\\/hidalgo.nl\\\/de\\\/product\\\/898913\\\/yhvw064-reflektierendes-band\\\/#productImage\"},\"offers\":{\"@type\":\"Offer\",\"url\":\"https:\\\/\\\/hidalgo.nl\\\/de\\\/product\\\/898913\\\/yhvw064-reflektierendes-band\\\/#wooCommerceOffer\",\"price\":\"3.3\",\"priceCurrency\":\"EUR\",\"category\":\"Kleding\",\"availability\":\"https:\\\/\\\/schema.org\\\/InStock\",\"priceSpecification\":{\"@type\":\"PriceSpecification\",\"price\":3.3,\"priceCurrency\":\"EUR\",\"valueAddedTaxIncluded\":\"true\"}}}]},{\"@type\":\"WebPage\",\"@id\":\"https:\\\/\\\/hidalgo.nl\\\/de\\\/product\\\/898913\\\/yhvw064-reflektierendes-band\\\/#webpage\",\"url\":\"https:\\\/\\\/hidalgo.nl\\\/de\\\/product\\\/898913\\\/yhvw064-reflektierendes-band\\\/\",\"name\":\"YHVW064 - Reflektierendes Band\",\"description\":\"Ausgezeichnete Sichtbarkeit nachts und am Tage. Verstellbare Schnallen, optimale Anpassung.\",\"inLanguage\":\"de-DE\",\"isPartOf\":{\"@id\":\"https:\\\/\\\/hidalgo.nl\\\/de\\\/#website\"},\"breadcrumb\":{\"@id\":\"https:\\\/\\\/hidalgo.nl\\\/de\\\/product\\\/898913\\\/yhvw064-reflektierendes-band\\\/#breadcrumblist\"},\"image\":{\"@type\":\"ImageObject\",\"url\":\"https:\\\/\\\/shop.hidalgo.nl\\\/wp-content\\\/uploads\\\/2026\\\/04\\\/YHVW064_2025.jpg\",\"@id\":\"https:\\\/\\\/hidalgo.nl\\\/de\\\/product\\\/898913\\\/yhvw064-reflektierendes-band\\\/#mainImage\"},\"primaryImageOfPage\":{\"@id\":\"https:\\\/\\\/hidalgo.nl\\\/de\\\/product\\\/898913\\\/yhvw064-reflektierendes-band\\\/#mainImage\"},\"datePublished\":\"2026-05-12T07:56:12+00:00\",\"dateModified\":\"2026-05-12T13:52:30+00:00\"},{\"@type\":\"WebSite\",\"@id\":\"https:\\\/\\\/hidalgo.nl\\\/de\\\/#website\",\"url\":\"https:\\\/\\\/hidalgo.nl\\\/de\\\/\",\"name\":\"Hidalgo\",\"inLanguage\":\"de-DE\",\"publisher\":{\"@id\":\"https:\\\/\\\/hidalgo.nl\\\/de\\\/#organization\"}}]}\n\t\t<\/script>\n\t\t<!-- All in One SEO Pro -->\r\n\t\t<title>YHVW064 - Reflektierendes Band<\/title>\n\n","aioseo_head_json":{"title":"YHVW064 - Reflektierendes Band","description":"Ausgezeichnete Sichtbarkeit nachts und am Tage. Verstellbare Schnallen, optimale Anpassung.","canonical_url":"https:\/\/hidalgo.nl\/de\/wp-json\/wp\/v2\/product\/898913","robots":"max-image-preview:large","keywords":"","webmasterTools":{"miscellaneous":""},"schema":{"@context":"https:\/\/schema.org","@graph":[{"@type":"BreadcrumbList","@id":"https:\/\/hidalgo.nl\/de\/product\/898913\/yhvw064-reflektierendes-band\/#breadcrumblist","itemListElement":[{"@type":"ListItem","@id":"https:\/\/hidalgo.nl\/de\/#listItem","position":1,"name":"Home","item":"https:\/\/hidalgo.nl\/de\/","nextItem":{"@type":"ListItem","@id":"https:\/\/hidalgo.nl\/example\/#listItem","name":"example"}},{"@type":"ListItem","@id":"https:\/\/hidalgo.nl\/example\/#listItem","position":2,"name":"example","item":"https:\/\/hidalgo.nl\/example\/","nextItem":{"@type":"ListItem","@id":"https:\/\/hidalgo.nl\/de\/product-supplier\/a404\/#listItem","name":"A404"},"previousItem":{"@type":"ListItem","@id":"https:\/\/hidalgo.nl\/de\/#listItem","name":"Home"}},{"@type":"ListItem","@id":"https:\/\/hidalgo.nl\/de\/product-supplier\/a404\/#listItem","position":3,"name":"A404","item":"https:\/\/hidalgo.nl\/de\/product-supplier\/a404\/","nextItem":{"@type":"ListItem","@id":"https:\/\/hidalgo.nl\/de\/product\/898913\/yhvw064-reflektierendes-band\/#listItem","name":"YHVW064 &#8211; Reflecterende draagband"},"previousItem":{"@type":"ListItem","@id":"https:\/\/hidalgo.nl\/example\/#listItem","name":"example"}},{"@type":"ListItem","@id":"https:\/\/hidalgo.nl\/de\/product\/898913\/yhvw064-reflektierendes-band\/#listItem","position":4,"name":"YHVW064 &#8211; Reflecterende draagband","previousItem":{"@type":"ListItem","@id":"https:\/\/hidalgo.nl\/de\/product-supplier\/a404\/#listItem","name":"A404"}}]},{"@type":"Organization","@id":"https:\/\/hidalgo.nl\/de\/#organization","name":"Hidalgo","url":"https:\/\/hidalgo.nl\/de\/","logo":{"@type":"ImageObject","url":"https:\/\/shop.hidalgo.nl\/wp-content\/uploads\/2025\/11\/cropped-Hidalgo-est1993.png","@id":"https:\/\/hidalgo.nl\/de\/product\/898913\/yhvw064-reflektierendes-band\/#organizationLogo","width":585,"height":195},"image":{"@id":"https:\/\/hidalgo.nl\/de\/product\/898913\/yhvw064-reflektierendes-band\/#organizationLogo"}},{"@type":"ProductGroup","@id":"https:\/\/hidalgo.nl\/de\/product\/898913\/yhvw064-reflektierendes-band\/#wooCommerceProduct","name":"YHVW064 - Reflektierendes Band","url":"https:\/\/hidalgo.nl\/de\/product\/898913\/yhvw064-reflektierendes-band\/","brand":{"@type":"Brand","name":"YOKO"},"sku":"YHVW064","image":{"@type":"ImageObject","url":"https:\/\/shop.hidalgo.nl\/wp-content\/uploads\/2026\/04\/YHVW064_2025.jpg","@id":"https:\/\/hidalgo.nl\/de\/product\/898913\/yhvw064-reflektierendes-band\/#productImage"},"productGroupID":898913,"hasVariant":[{"@type":"Product","@id":"https:\/\/hidalgo.nl\/de\/product\/898913\/yhvw064-reflektierendes-band\/#wooCommerceProduct","name":"YHVW064 - Reflecterende draagband - hi-vis-orange, one-size","url":"https:\/\/hidalgo.nl\/de\/product\/898913\/yhvw064-reflektierendes-band\/","sku":"YHVW064_77788_77787","gtin":"6933883214278","image":{"@type":"ImageObject","url":"https:\/\/shop.hidalgo.nl\/wp-content\/uploads\/2026\/04\/YHVW064_2025.jpg","@id":"https:\/\/hidalgo.nl\/de\/product\/898913\/yhvw064-reflektierendes-band\/#productImage"},"offers":{"@type":"Offer","url":"https:\/\/hidalgo.nl\/de\/product\/898913\/yhvw064-reflektierendes-band\/#wooCommerceOffer","price":"3.3","priceCurrency":"EUR","category":"Kleding","availability":"https:\/\/schema.org\/InStock","priceSpecification":{"@type":"PriceSpecification","price":3.3,"priceCurrency":"EUR","valueAddedTaxIncluded":"true"}}},{"@type":"Product","@id":"https:\/\/hidalgo.nl\/de\/product\/898913\/yhvw064-reflektierendes-band\/#wooCommerceProduct","name":"YHVW064 - Reflecterende draagband - hi-vis-yellow, one-size","url":"https:\/\/hidalgo.nl\/de\/product\/898913\/yhvw064-reflektierendes-band\/","sku":"YHVW064_77789_77787","gtin":"6933883214261","image":{"@type":"ImageObject","url":"https:\/\/shop.hidalgo.nl\/wp-content\/uploads\/2026\/04\/YHVW064_2025.jpg","@id":"https:\/\/hidalgo.nl\/de\/product\/898913\/yhvw064-reflektierendes-band\/#productImage"},"offers":{"@type":"Offer","url":"https:\/\/hidalgo.nl\/de\/product\/898913\/yhvw064-reflektierendes-band\/#wooCommerceOffer","price":"3.3","priceCurrency":"EUR","category":"Kleding","availability":"https:\/\/schema.org\/InStock","priceSpecification":{"@type":"PriceSpecification","price":3.3,"priceCurrency":"EUR","valueAddedTaxIncluded":"true"}}},{"@type":"Product","@id":"https:\/\/hidalgo.nl\/de\/product\/898913\/yhvw064-reflektierendes-band\/#wooCommerceProduct","name":"YHVW064 - Reflecterende draagband - lime, one-size","url":"https:\/\/hidalgo.nl\/de\/product\/898913\/yhvw064-reflektierendes-band\/","sku":"YHVW064_77790_77787","gtin":"6933883217477","image":{"@type":"ImageObject","url":"https:\/\/shop.hidalgo.nl\/wp-content\/uploads\/2026\/04\/YHVW064_2025.jpg","@id":"https:\/\/hidalgo.nl\/de\/product\/898913\/yhvw064-reflektierendes-band\/#productImage"},"offers":{"@type":"Offer","url":"https:\/\/hidalgo.nl\/de\/product\/898913\/yhvw064-reflektierendes-band\/#wooCommerceOffer","price":"3.3","priceCurrency":"EUR","category":"Kleding","availability":"https:\/\/schema.org\/InStock","priceSpecification":{"@type":"PriceSpecification","price":3.3,"priceCurrency":"EUR","valueAddedTaxIncluded":"true"}}},{"@type":"Product","@id":"https:\/\/hidalgo.nl\/de\/product\/898913\/yhvw064-reflektierendes-band\/#wooCommerceProduct","name":"YHVW064 - Reflecterende draagband - pink, one-size","url":"https:\/\/hidalgo.nl\/de\/product\/898913\/yhvw064-reflektierendes-band\/","sku":"YHVW064_77791_77787","gtin":"6933883217460","image":{"@type":"ImageObject","url":"https:\/\/shop.hidalgo.nl\/wp-content\/uploads\/2026\/04\/YHVW064_2025.jpg","@id":"https:\/\/hidalgo.nl\/de\/product\/898913\/yhvw064-reflektierendes-band\/#productImage"},"offers":{"@type":"Offer","url":"https:\/\/hidalgo.nl\/de\/product\/898913\/yhvw064-reflektierendes-band\/#wooCommerceOffer","price":"3.3","priceCurrency":"EUR","category":"Kleding","availability":"https:\/\/schema.org\/InStock","priceSpecification":{"@type":"PriceSpecification","price":3.3,"priceCurrency":"EUR","valueAddedTaxIncluded":"true"}}}]},{"@type":"WebPage","@id":"https:\/\/hidalgo.nl\/de\/product\/898913\/yhvw064-reflektierendes-band\/#webpage","url":"https:\/\/hidalgo.nl\/de\/product\/898913\/yhvw064-reflektierendes-band\/","name":"YHVW064 - Reflektierendes Band","description":"Ausgezeichnete Sichtbarkeit nachts und am Tage. Verstellbare Schnallen, optimale Anpassung.","inLanguage":"de-DE","isPartOf":{"@id":"https:\/\/hidalgo.nl\/de\/#website"},"breadcrumb":{"@id":"https:\/\/hidalgo.nl\/de\/product\/898913\/yhvw064-reflektierendes-band\/#breadcrumblist"},"image":{"@type":"ImageObject","url":"https:\/\/shop.hidalgo.nl\/wp-content\/uploads\/2026\/04\/YHVW064_2025.jpg","@id":"https:\/\/hidalgo.nl\/de\/product\/898913\/yhvw064-reflektierendes-band\/#mainImage"},"primaryImageOfPage":{"@id":"https:\/\/hidalgo.nl\/de\/product\/898913\/yhvw064-reflektierendes-band\/#mainImage"},"datePublished":"2026-05-12T07:56:12+00:00","dateModified":"2026-05-12T13:52:30+00:00"},{"@type":"WebSite","@id":"https:\/\/hidalgo.nl\/de\/#website","url":"https:\/\/hidalgo.nl\/de\/","name":"Hidalgo","inLanguage":"de-DE","publisher":{"@id":"https:\/\/hidalgo.nl\/de\/#organization"}}]},"og:locale":"de_DE","og:site_name":"Hidalgo -","og:type":"article","og:title":"YHVW064 - Reflektierendes Band","og:description":"Ausgezeichnete Sichtbarkeit nachts und am Tage. Verstellbare Schnallen, optimale Anpassung.","og:url":"https:\/\/hidalgo.nl\/de\/wp-json\/wp\/v2\/product\/898913","og:image":"https:\/\/shop.hidalgo.nl\/wp-content\/uploads\/2025\/11\/cropped-Hidalgo-est1993.png","og:image:secure_url":"https:\/\/shop.hidalgo.nl\/wp-content\/uploads\/2025\/11\/cropped-Hidalgo-est1993.png","article:published_time":"2026-05-12T07:56:12+00:00","article:modified_time":"2026-05-12T13:52:30+00:00","twitter:card":"summary_large_image","twitter:title":"YHVW064 - Reflektierendes Band","twitter:description":"Ausgezeichnete Sichtbarkeit nachts und am Tage. Verstellbare Schnallen, optimale Anpassung.","twitter:image":"https:\/\/shop.hidalgo.nl\/wp-content\/uploads\/2025\/11\/cropped-Hidalgo-est1993.png"},"aioseo_meta_data":{"post_id":"898913","title":null,"description":null,"keywords":[],"keyphrases":null,"primary_term":null,"canonical_url":null,"og_title":"","og_description":"","og_object_type":"default","og_image_type":"default","og_image_url":null,"og_image_width":null,"og_image_height":null,"og_image_custom_url":null,"og_image_custom_fields":null,"og_video":null,"og_custom_url":null,"og_article_section":"","og_article_tags":[],"twitter_use_og":false,"twitter_card":"default","twitter_image_type":"default","twitter_image_url":null,"twitter_image_custom_url":null,"twitter_image_custom_fields":null,"twitter_title":"","twitter_description":"","schema":{"blockGraphs":[],"customGraphs":[],"default":{"data":{"Article":[],"Course":[],"Dataset":[],"FAQPage":[],"Movie":[],"Person":[],"Product":[],"ProductReview":[],"Car":[],"Recipe":[],"Service":[],"SoftwareApplication":[],"WebPage":[]},"graphName":"","isEnabled":true},"graphs":[]},"schema_type":"default","schema_type_options":null,"pillar_content":false,"robots_default":true,"robots_noindex":false,"robots_noarchive":false,"robots_nosnippet":false,"robots_nofollow":false,"robots_noimageindex":false,"robots_noodp":false,"robots_notranslate":false,"robots_max_snippet":null,"robots_max_videopreview":null,"robots_max_imagepreview":"large","priority":null,"frequency":null,"local_seo":null,"seo_analyzer_scan_date":null,"breadcrumb_settings":null,"limit_modified_date":false,"reviewed_by":null,"open_ai":null,"ai":null,"created":"2026-05-12 07:56:52","updated":"2026-05-12 14:25:59"},"aioseo_breadcrumb":"<div class=\"aioseo-breadcrumbs\"><span class=\"aioseo-breadcrumb\">\n\t<a href=\"https:\/\/hidalgo.nl\/de\/\" title=\"Home\">Home<\/a>\n<\/span><span class=\"aioseo-breadcrumb-separator\">\u00bb<\/span><span class=\"aioseo-breadcrumb\">\n\t<a href=\"https:\/\/hidalgo.nl\/example\/\" title=\"example\">example<\/a>\n<\/span><span class=\"aioseo-breadcrumb-separator\">\u00bb<\/span><span class=\"aioseo-breadcrumb\">\n\t<a href=\"https:\/\/hidalgo.nl\/de\/product-supplier\/a404\/\" title=\"A404\">A404<\/a>\n<\/span><span class=\"aioseo-breadcrumb-separator\">\u00bb<\/span><span class=\"aioseo-breadcrumb\">\n\tYHVW064 \u2013 Reflecterende draagband\n<\/span><\/div>","aioseo_breadcrumb_json":[{"label":"Home","link":"https:\/\/hidalgo.nl\/de\/"},{"label":"example","link":"https:\/\/hidalgo.nl\/example\/"},{"label":"A404","link":"https:\/\/hidalgo.nl\/de\/product-supplier\/a404\/"},{"label":"YHVW064 &#8211; Reflecterende draagband","link":"https:\/\/hidalgo.nl\/de\/product\/898913\/yhvw064-reflektierendes-band\/"}],"_links":{"self":[{"href":"https:\/\/hidalgo.nl\/de\/wp-json\/wp\/v2\/product\/898913","targetHints":{"allow":["GET"]}}],"collection":[{"href":"https:\/\/hidalgo.nl\/de\/wp-json\/wp\/v2\/product"}],"about":[{"href":"https:\/\/hidalgo.nl\/de\/wp-json\/wp\/v2\/types\/product"}],"wp:featuredmedia":[{"embeddable":true,"href":"https:\/\/hidalgo.nl\/de\/wp-json\/wp\/v2\/media\/898914"}],"wp:attachment":[{"href":"https:\/\/hidalgo.nl\/de\/wp-json\/wp\/v2\/media?parent=898913"}],"wp:term":[{"taxonomy":"product_brand","embeddable":true,"href":"https:\/\/hidalgo.nl\/de\/wp-json\/wp\/v2\/product_brand?post=898913"},{"taxonomy":"product_cat","embeddable":true,"href":"https:\/\/hidalgo.nl\/de\/wp-json\/wp\/v2\/product_cat?post=898913"},{"taxonomy":"product_tag","embeddable":true,"href":"https:\/\/hidalgo.nl\/de\/wp-json\/wp\/v2\/product_tag?post=898913"}],"curies":[{"name":"wp","href":"https:\/\/api.w.org\/{rel}","templated":true}]}}