{"id":888,"date":"2025-05-16T13:05:27","date_gmt":"2025-05-16T13:05:27","guid":{"rendered":"https:\/\/bidonsenshakers.pim.hidalgo.nl\/product\/nolan-grs-rpet-felt-rugzak\/"},"modified":"2026-03-21T00:25:08","modified_gmt":"2026-03-21T00:25:08","slug":"nolan-grs-rpet-felt-rugzak","status":"publish","type":"product","link":"https:\/\/hidalgo.nl\/de\/product\/nolan-grs-rpet-felt-rugzak\/","title":{"rendered":"Nolan GRS RPET Felt rugzak"},"content":{"rendered":"<p>Stoere, praktische urban &#8218;roll-top&#8216; rugzak van stevig RPET vilt. De rugzak heeft een ruim binnenvak en een insteekvak aan de voorzijde. Met draaglus en een rolsluiting met handig kliksysteem aan de bovenzijde. GRS-gecertificeerd. Totaal gerecycled materiaal: 80%. Inhoud ca. 15 liter.<\/p>\n","protected":false},"excerpt":{"rendered":"<p>Stoere, praktische urban &#8218;roll-top&#8216; rugzak van stevig RPET vilt. De rugzak heeft een ruim binnenvak en een insteekvak aan de voorzijde. Met draaglus en een rolsluiting met handig kliksysteem aan de bovenzijde. GRS-gecertificeerd. Totaal gerecycled materiaal: 80%. Inhoud ca. 15 liter.<\/p>\n","protected":false},"featured_media":889,"template":"","meta":{"_acf_changed":false,"om_disable_all_campaigns":false,"_monsterinsights_skip_tracking":false,"_monsterinsights_sitenote_active":false,"_monsterinsights_sitenote_note":"","_monsterinsights_sitenote_category":0},"product_brand":[],"product_cat":[4795,4796,4713],"product_tag":[],"class_list":{"0":"post-888","1":"product","2":"type-product","3":"status-publish","4":"has-post-thumbnail","6":"product_supplier-a24","7":"product_material-rpet-vilt","8":"product_cat-rugtassen","9":"product_cat-rugzakken","10":"product_cat-tassen","11":"entry","13":"first","14":"instock","15":"taxable","16":"shipping-taxable","17":"purchasable","18":"product-type-variable"},"acf":{"imprint_cost":[{"imprint_cost_key":"edea3c7c0e0bb50e2eeacf9b8c84c4aa6b7a8763","product_quantity_price_range":[{"imprint_cost_recommended_selling_price":"2.34","imprint_cost_recommended_selling_quantity":"1"},{"imprint_cost_recommended_selling_price":"2.07","imprint_cost_recommended_selling_quantity":"25"},{"imprint_cost_recommended_selling_price":"1.44","imprint_cost_recommended_selling_quantity":"50"},{"imprint_cost_recommended_selling_price":"0.96","imprint_cost_recommended_selling_quantity":"100"},{"imprint_cost_recommended_selling_price":"0.75","imprint_cost_recommended_selling_quantity":"250"},{"imprint_cost_recommended_selling_price":"0.63","imprint_cost_recommended_selling_quantity":"500"},{"imprint_cost_recommended_selling_price":"0.57","imprint_cost_recommended_selling_quantity":"1000"},{"imprint_cost_recommended_selling_price":"0.465","imprint_cost_recommended_selling_quantity":"2500"},{"imprint_cost_recommended_selling_price":"0.435","imprint_cost_recommended_selling_quantity":"5000"}],"product_quantity_price_range_buying":[{"imprint_cost_general_buying_price":"1.56","imprint_cost_general_buying_quantity":"1"},{"imprint_cost_general_buying_price":"1.38","imprint_cost_general_buying_quantity":"25"},{"imprint_cost_general_buying_price":"0.96","imprint_cost_general_buying_quantity":"50"},{"imprint_cost_general_buying_price":"0.64","imprint_cost_general_buying_quantity":"100"},{"imprint_cost_general_buying_price":"0.5","imprint_cost_general_buying_quantity":"250"},{"imprint_cost_general_buying_price":"0.42","imprint_cost_general_buying_quantity":"500"},{"imprint_cost_general_buying_price":"0.38","imprint_cost_general_buying_quantity":"1000"},{"imprint_cost_general_buying_price":"0.31","imprint_cost_general_buying_quantity":"2500"},{"imprint_cost_general_buying_price":"0.29","imprint_cost_general_buying_quantity":"5000"}],"imprint_cost_setup_costs":"45","imprint_cost_handling_costs":"0.09"},{"imprint_cost_key":"22a5522210201cb65e61ef7ce11412771e0beae4","product_quantity_price_range":[{"imprint_cost_recommended_selling_price":"1.875","imprint_cost_recommended_selling_quantity":"1"},{"imprint_cost_recommended_selling_price":"1.725","imprint_cost_recommended_selling_quantity":"25"},{"imprint_cost_recommended_selling_price":"1.575","imprint_cost_recommended_selling_quantity":"50"},{"imprint_cost_recommended_selling_price":"1.5","imprint_cost_recommended_selling_quantity":"100"},{"imprint_cost_recommended_selling_price":"1.425","imprint_cost_recommended_selling_quantity":"250"},{"imprint_cost_recommended_selling_price":"1.35","imprint_cost_recommended_selling_quantity":"500"},{"imprint_cost_recommended_selling_price":"1.275","imprint_cost_recommended_selling_quantity":"1000"},{"imprint_cost_recommended_selling_price":"1.23","imprint_cost_recommended_selling_quantity":"2500"},{"imprint_cost_recommended_selling_price":"1.2","imprint_cost_recommended_selling_quantity":"5000"}],"product_quantity_price_range_buying":[{"imprint_cost_general_buying_price":"1.25","imprint_cost_general_buying_quantity":"1"},{"imprint_cost_general_buying_price":"1.15","imprint_cost_general_buying_quantity":"25"},{"imprint_cost_general_buying_price":"1.05","imprint_cost_general_buying_quantity":"50"},{"imprint_cost_general_buying_price":"1","imprint_cost_general_buying_quantity":"100"},{"imprint_cost_general_buying_price":"0.95","imprint_cost_general_buying_quantity":"250"},{"imprint_cost_general_buying_price":"0.9","imprint_cost_general_buying_quantity":"500"},{"imprint_cost_general_buying_price":"0.85","imprint_cost_general_buying_quantity":"1000"},{"imprint_cost_general_buying_price":"0.82","imprint_cost_general_buying_quantity":"2500"},{"imprint_cost_general_buying_price":"0.8","imprint_cost_general_buying_quantity":"5000"}],"imprint_cost_setup_costs":"52.5","imprint_cost_handling_costs":"0.03"}]},"aioseo_notices":[],"aioseo_head":"\n\t\t<!-- All in One SEO Pro 4.9.5.2 - aioseo.com -->\n\t<meta name=\"description\" content=\"Aus GRS-zertifiziertem RPET Filz gefertigt, bietet sie 15 Liter f\u00fcr deinen Alltag. Als Rolltop-Tasche passt du das Volumen flexibel an, und Hidalgo druckt dein Logo pr\u00e4zise aufs Filz - ideal f\u00fcr Uni, Job und Freizeit.\" \/>\n\t<meta name=\"robots\" content=\"max-image-preview:large\" \/>\n\t<link rel=\"canonical\" href=\"https:\/\/hidalgo.nl\/de\/wp-json\/wp\/v2\/product\/888\" \/>\n\t<meta name=\"generator\" content=\"All in One SEO Pro (AIOSEO) 4.9.5.2\" \/>\n\t\t<meta property=\"og:locale\" content=\"de_DE\" \/>\n\t\t<meta property=\"og:site_name\" content=\"Hidalgo -\" \/>\n\t\t<meta property=\"og:type\" content=\"article\" \/>\n\t\t<meta property=\"og:title\" content=\"Nolan GRS RPET Felt rugzak\" \/>\n\t\t<meta property=\"og:description\" content=\"Aus GRS-zertifiziertem RPET Filz gefertigt, bietet sie 15 Liter f\u00fcr deinen Alltag. Als Rolltop-Tasche passt du das Volumen flexibel an, und Hidalgo druckt dein Logo pr\u00e4zise aufs Filz - ideal f\u00fcr Uni, Job und Freizeit.\" \/>\n\t\t<meta property=\"og:url\" content=\"https:\/\/hidalgo.nl\/de\/wp-json\/wp\/v2\/product\/888\" \/>\n\t\t<meta property=\"og:image\" content=\"https:\/\/shop.hidalgo.nl\/wp-content\/uploads\/2025\/11\/cropped-Hidalgo-est1993.png\" \/>\n\t\t<meta property=\"og:image:secure_url\" content=\"https:\/\/shop.hidalgo.nl\/wp-content\/uploads\/2025\/11\/cropped-Hidalgo-est1993.png\" \/>\n\t\t<meta property=\"article:published_time\" content=\"2025-05-16T13:05:27+00:00\" \/>\n\t\t<meta property=\"article:modified_time\" content=\"2026-03-21T00:25:08+00:00\" \/>\n\t\t<meta name=\"twitter:card\" content=\"summary_large_image\" \/>\n\t\t<meta name=\"twitter:title\" content=\"Nolan GRS RPET Felt rugzak\" \/>\n\t\t<meta name=\"twitter:description\" content=\"Aus GRS-zertifiziertem RPET Filz gefertigt, bietet sie 15 Liter f\u00fcr deinen Alltag. Als Rolltop-Tasche passt du das Volumen flexibel an, und Hidalgo druckt dein Logo pr\u00e4zise aufs Filz - ideal f\u00fcr Uni, Job und Freizeit.\" \/>\n\t\t<meta name=\"twitter:image\" content=\"https:\/\/shop.hidalgo.nl\/wp-content\/uploads\/2025\/11\/cropped-Hidalgo-est1993.png\" \/>\n\t\t<script type=\"application\/ld+json\" class=\"aioseo-schema\">\n\t\t\t{\"@context\":\"https:\\\/\\\/schema.org\",\"@graph\":[{\"@type\":\"BreadcrumbList\",\"@id\":\"https:\\\/\\\/hidalgo.nl\\\/de\\\/product\\\/nolan-grs-rpet-felt-rugzak\\\/#breadcrumblist\",\"itemListElement\":[{\"@type\":\"ListItem\",\"@id\":\"https:\\\/\\\/hidalgo.nl\\\/de\\\/#listItem\",\"position\":1,\"name\":\"Home\",\"item\":\"https:\\\/\\\/hidalgo.nl\\\/de\\\/\",\"nextItem\":{\"@type\":\"ListItem\",\"@id\":\"https:\\\/\\\/hidalgo.nl\\\/example\\\/#listItem\",\"name\":\"example\"}},{\"@type\":\"ListItem\",\"@id\":\"https:\\\/\\\/hidalgo.nl\\\/example\\\/#listItem\",\"position\":2,\"name\":\"example\",\"item\":\"https:\\\/\\\/hidalgo.nl\\\/example\\\/\",\"nextItem\":{\"@type\":\"ListItem\",\"@id\":\"https:\\\/\\\/hidalgo.nl\\\/en\\\/product-supplier\\\/a24\\\/#listItem\",\"name\":\"A24\"},\"previousItem\":{\"@type\":\"ListItem\",\"@id\":\"https:\\\/\\\/hidalgo.nl\\\/de\\\/#listItem\",\"name\":\"Home\"}},{\"@type\":\"ListItem\",\"@id\":\"https:\\\/\\\/hidalgo.nl\\\/en\\\/product-supplier\\\/a24\\\/#listItem\",\"position\":3,\"name\":\"A24\",\"item\":\"https:\\\/\\\/hidalgo.nl\\\/en\\\/product-supplier\\\/a24\\\/\",\"nextItem\":{\"@type\":\"ListItem\",\"@id\":\"https:\\\/\\\/hidalgo.nl\\\/de\\\/product\\\/nolan-grs-rpet-felt-rugzak\\\/#listItem\",\"name\":\"Nolan GRS RPET Felt rugzak\"},\"previousItem\":{\"@type\":\"ListItem\",\"@id\":\"https:\\\/\\\/hidalgo.nl\\\/example\\\/#listItem\",\"name\":\"example\"}},{\"@type\":\"ListItem\",\"@id\":\"https:\\\/\\\/hidalgo.nl\\\/de\\\/product\\\/nolan-grs-rpet-felt-rugzak\\\/#listItem\",\"position\":4,\"name\":\"Nolan GRS RPET Felt rugzak\",\"previousItem\":{\"@type\":\"ListItem\",\"@id\":\"https:\\\/\\\/hidalgo.nl\\\/en\\\/product-supplier\\\/a24\\\/#listItem\",\"name\":\"A24\"}}]},{\"@type\":\"ItemPage\",\"@id\":\"https:\\\/\\\/hidalgo.nl\\\/de\\\/product\\\/nolan-grs-rpet-felt-rugzak\\\/#itempage\",\"url\":\"https:\\\/\\\/hidalgo.nl\\\/de\\\/product\\\/nolan-grs-rpet-felt-rugzak\\\/\",\"name\":\"Nolan GRS RPET Felt rugzak\",\"description\":\"Aus GRS-zertifiziertem RPET Filz gefertigt, bietet sie 15 Liter f\\u00fcr deinen Alltag. Als Rolltop-Tasche passt du das Volumen flexibel an, und Hidalgo druckt dein Logo pr\\u00e4zise aufs Filz - ideal f\\u00fcr Uni, Job und Freizeit.\",\"inLanguage\":\"de-DE\",\"isPartOf\":{\"@id\":\"https:\\\/\\\/hidalgo.nl\\\/de\\\/#website\"},\"breadcrumb\":{\"@id\":\"https:\\\/\\\/hidalgo.nl\\\/de\\\/product\\\/nolan-grs-rpet-felt-rugzak\\\/#breadcrumblist\"},\"image\":{\"@type\":\"ImageObject\",\"url\":\"https:\\\/\\\/shop.hidalgo.nl\\\/wp-content\\\/uploads\\\/2025\\\/03\\\/6c12260ba2d8982c0d5702004ace6172905c64522ca49060358ea03da93b2a80.jpg\",\"@id\":\"https:\\\/\\\/hidalgo.nl\\\/de\\\/product\\\/nolan-grs-rpet-felt-rugzak\\\/#mainImage\"},\"primaryImageOfPage\":{\"@id\":\"https:\\\/\\\/hidalgo.nl\\\/de\\\/product\\\/nolan-grs-rpet-felt-rugzak\\\/#mainImage\"},\"datePublished\":\"2025-05-16T13:05:27+00:00\",\"dateModified\":\"2026-03-21T00:25:08+00:00\"},{\"@type\":\"Organization\",\"@id\":\"https:\\\/\\\/hidalgo.nl\\\/de\\\/#organization\",\"name\":\"Hidalgo\",\"url\":\"https:\\\/\\\/hidalgo.nl\\\/de\\\/\",\"logo\":{\"@type\":\"ImageObject\",\"url\":\"https:\\\/\\\/shop.hidalgo.nl\\\/wp-content\\\/uploads\\\/2025\\\/11\\\/cropped-Hidalgo-est1993.png\",\"@id\":\"https:\\\/\\\/hidalgo.nl\\\/de\\\/product\\\/nolan-grs-rpet-felt-rugzak\\\/#organizationLogo\",\"width\":585,\"height\":195},\"image\":{\"@id\":\"https:\\\/\\\/hidalgo.nl\\\/de\\\/product\\\/nolan-grs-rpet-felt-rugzak\\\/#organizationLogo\"}},{\"@type\":\"WebPage\",\"@id\":\"https:\\\/\\\/hidalgo.nl\\\/de\\\/product\\\/nolan-grs-rpet-felt-rugzak\\\/#webpage\",\"url\":\"https:\\\/\\\/hidalgo.nl\\\/de\\\/product\\\/nolan-grs-rpet-felt-rugzak\\\/\",\"name\":\"Nolan GRS RPET Felt rugzak\",\"description\":\"Aus GRS-zertifiziertem RPET Filz gefertigt, bietet sie 15 Liter f\\u00fcr deinen Alltag. Als Rolltop-Tasche passt du das Volumen flexibel an, und Hidalgo druckt dein Logo pr\\u00e4zise aufs Filz - ideal f\\u00fcr Uni, Job und Freizeit.\",\"inLanguage\":\"de-DE\",\"isPartOf\":{\"@id\":\"https:\\\/\\\/hidalgo.nl\\\/de\\\/#website\"},\"breadcrumb\":{\"@id\":\"https:\\\/\\\/hidalgo.nl\\\/de\\\/product\\\/nolan-grs-rpet-felt-rugzak\\\/#breadcrumblist\"},\"image\":{\"@type\":\"ImageObject\",\"url\":\"https:\\\/\\\/shop.hidalgo.nl\\\/wp-content\\\/uploads\\\/2025\\\/03\\\/6c12260ba2d8982c0d5702004ace6172905c64522ca49060358ea03da93b2a80.jpg\",\"@id\":\"https:\\\/\\\/hidalgo.nl\\\/de\\\/product\\\/nolan-grs-rpet-felt-rugzak\\\/#mainImage\"},\"primaryImageOfPage\":{\"@id\":\"https:\\\/\\\/hidalgo.nl\\\/de\\\/product\\\/nolan-grs-rpet-felt-rugzak\\\/#mainImage\"},\"datePublished\":\"2025-05-16T13:05:27+00:00\",\"dateModified\":\"2026-03-21T00:25:08+00:00\"},{\"@type\":\"WebSite\",\"@id\":\"https:\\\/\\\/hidalgo.nl\\\/de\\\/#website\",\"url\":\"https:\\\/\\\/hidalgo.nl\\\/de\\\/\",\"name\":\"Hidalgo\",\"inLanguage\":\"de-DE\",\"publisher\":{\"@id\":\"https:\\\/\\\/hidalgo.nl\\\/de\\\/#organization\"}}]}\n\t\t<\/script>\n\t\t<!-- All in One SEO Pro -->\r\n\t\t<title>Nolan GRS RPET Felt rugzak<\/title>\n\n","aioseo_head_json":{"title":"Nolan GRS RPET Felt rugzak","description":"Aus GRS-zertifiziertem RPET Filz gefertigt, bietet sie 15 Liter f\u00fcr deinen Alltag. Als Rolltop-Tasche passt du das Volumen flexibel an, und Hidalgo druckt dein Logo pr\u00e4zise aufs Filz - ideal f\u00fcr Uni, Job und Freizeit.","canonical_url":"https:\/\/hidalgo.nl\/de\/wp-json\/wp\/v2\/product\/888","robots":"max-image-preview:large","keywords":"","webmasterTools":{"miscellaneous":""},"schema":{"@context":"https:\/\/schema.org","@graph":[{"@type":"BreadcrumbList","@id":"https:\/\/hidalgo.nl\/de\/product\/nolan-grs-rpet-felt-rugzak\/#breadcrumblist","itemListElement":[{"@type":"ListItem","@id":"https:\/\/hidalgo.nl\/de\/#listItem","position":1,"name":"Home","item":"https:\/\/hidalgo.nl\/de\/","nextItem":{"@type":"ListItem","@id":"https:\/\/hidalgo.nl\/example\/#listItem","name":"example"}},{"@type":"ListItem","@id":"https:\/\/hidalgo.nl\/example\/#listItem","position":2,"name":"example","item":"https:\/\/hidalgo.nl\/example\/","nextItem":{"@type":"ListItem","@id":"https:\/\/hidalgo.nl\/en\/product-supplier\/a24\/#listItem","name":"A24"},"previousItem":{"@type":"ListItem","@id":"https:\/\/hidalgo.nl\/de\/#listItem","name":"Home"}},{"@type":"ListItem","@id":"https:\/\/hidalgo.nl\/en\/product-supplier\/a24\/#listItem","position":3,"name":"A24","item":"https:\/\/hidalgo.nl\/en\/product-supplier\/a24\/","nextItem":{"@type":"ListItem","@id":"https:\/\/hidalgo.nl\/de\/product\/nolan-grs-rpet-felt-rugzak\/#listItem","name":"Nolan GRS RPET Felt rugzak"},"previousItem":{"@type":"ListItem","@id":"https:\/\/hidalgo.nl\/example\/#listItem","name":"example"}},{"@type":"ListItem","@id":"https:\/\/hidalgo.nl\/de\/product\/nolan-grs-rpet-felt-rugzak\/#listItem","position":4,"name":"Nolan GRS RPET Felt rugzak","previousItem":{"@type":"ListItem","@id":"https:\/\/hidalgo.nl\/en\/product-supplier\/a24\/#listItem","name":"A24"}}]},{"@type":"ItemPage","@id":"https:\/\/hidalgo.nl\/de\/product\/nolan-grs-rpet-felt-rugzak\/#itempage","url":"https:\/\/hidalgo.nl\/de\/product\/nolan-grs-rpet-felt-rugzak\/","name":"Nolan GRS RPET Felt rugzak","description":"Aus GRS-zertifiziertem RPET Filz gefertigt, bietet sie 15 Liter f\u00fcr deinen Alltag. Als Rolltop-Tasche passt du das Volumen flexibel an, und Hidalgo druckt dein Logo pr\u00e4zise aufs Filz - ideal f\u00fcr Uni, Job und Freizeit.","inLanguage":"de-DE","isPartOf":{"@id":"https:\/\/hidalgo.nl\/de\/#website"},"breadcrumb":{"@id":"https:\/\/hidalgo.nl\/de\/product\/nolan-grs-rpet-felt-rugzak\/#breadcrumblist"},"image":{"@type":"ImageObject","url":"https:\/\/shop.hidalgo.nl\/wp-content\/uploads\/2025\/03\/6c12260ba2d8982c0d5702004ace6172905c64522ca49060358ea03da93b2a80.jpg","@id":"https:\/\/hidalgo.nl\/de\/product\/nolan-grs-rpet-felt-rugzak\/#mainImage"},"primaryImageOfPage":{"@id":"https:\/\/hidalgo.nl\/de\/product\/nolan-grs-rpet-felt-rugzak\/#mainImage"},"datePublished":"2025-05-16T13:05:27+00:00","dateModified":"2026-03-21T00:25:08+00:00"},{"@type":"Organization","@id":"https:\/\/hidalgo.nl\/de\/#organization","name":"Hidalgo","url":"https:\/\/hidalgo.nl\/de\/","logo":{"@type":"ImageObject","url":"https:\/\/shop.hidalgo.nl\/wp-content\/uploads\/2025\/11\/cropped-Hidalgo-est1993.png","@id":"https:\/\/hidalgo.nl\/de\/product\/nolan-grs-rpet-felt-rugzak\/#organizationLogo","width":585,"height":195},"image":{"@id":"https:\/\/hidalgo.nl\/de\/product\/nolan-grs-rpet-felt-rugzak\/#organizationLogo"}},{"@type":"WebPage","@id":"https:\/\/hidalgo.nl\/de\/product\/nolan-grs-rpet-felt-rugzak\/#webpage","url":"https:\/\/hidalgo.nl\/de\/product\/nolan-grs-rpet-felt-rugzak\/","name":"Nolan GRS RPET Felt rugzak","description":"Aus GRS-zertifiziertem RPET Filz gefertigt, bietet sie 15 Liter f\u00fcr deinen Alltag. Als Rolltop-Tasche passt du das Volumen flexibel an, und Hidalgo druckt dein Logo pr\u00e4zise aufs Filz - ideal f\u00fcr Uni, Job und Freizeit.","inLanguage":"de-DE","isPartOf":{"@id":"https:\/\/hidalgo.nl\/de\/#website"},"breadcrumb":{"@id":"https:\/\/hidalgo.nl\/de\/product\/nolan-grs-rpet-felt-rugzak\/#breadcrumblist"},"image":{"@type":"ImageObject","url":"https:\/\/shop.hidalgo.nl\/wp-content\/uploads\/2025\/03\/6c12260ba2d8982c0d5702004ace6172905c64522ca49060358ea03da93b2a80.jpg","@id":"https:\/\/hidalgo.nl\/de\/product\/nolan-grs-rpet-felt-rugzak\/#mainImage"},"primaryImageOfPage":{"@id":"https:\/\/hidalgo.nl\/de\/product\/nolan-grs-rpet-felt-rugzak\/#mainImage"},"datePublished":"2025-05-16T13:05:27+00:00","dateModified":"2026-03-21T00:25:08+00:00"},{"@type":"WebSite","@id":"https:\/\/hidalgo.nl\/de\/#website","url":"https:\/\/hidalgo.nl\/de\/","name":"Hidalgo","inLanguage":"de-DE","publisher":{"@id":"https:\/\/hidalgo.nl\/de\/#organization"}}]},"og:locale":"de_DE","og:site_name":"Hidalgo -","og:type":"article","og:title":"Nolan GRS RPET Felt rugzak","og:description":"Aus GRS-zertifiziertem RPET Filz gefertigt, bietet sie 15 Liter f\u00fcr deinen Alltag. Als Rolltop-Tasche passt du das Volumen flexibel an, und Hidalgo druckt dein Logo pr\u00e4zise aufs Filz - ideal f\u00fcr Uni, Job und Freizeit.","og:url":"https:\/\/hidalgo.nl\/de\/wp-json\/wp\/v2\/product\/888","og:image":"https:\/\/shop.hidalgo.nl\/wp-content\/uploads\/2025\/11\/cropped-Hidalgo-est1993.png","og:image:secure_url":"https:\/\/shop.hidalgo.nl\/wp-content\/uploads\/2025\/11\/cropped-Hidalgo-est1993.png","article:published_time":"2025-05-16T13:05:27+00:00","article:modified_time":"2026-03-21T00:25:08+00:00","twitter:card":"summary_large_image","twitter:title":"Nolan GRS RPET Felt rugzak","twitter:description":"Aus GRS-zertifiziertem RPET Filz gefertigt, bietet sie 15 Liter f\u00fcr deinen Alltag. Als Rolltop-Tasche passt du das Volumen flexibel an, und Hidalgo druckt dein Logo pr\u00e4zise aufs Filz - ideal f\u00fcr Uni, Job und Freizeit.","twitter:image":"https:\/\/shop.hidalgo.nl\/wp-content\/uploads\/2025\/11\/cropped-Hidalgo-est1993.png"},"aioseo_meta_data":{"post_id":"888","title":null,"description":null,"keywords":null,"keyphrases":null,"primary_term":null,"canonical_url":null,"og_title":null,"og_description":null,"og_object_type":"default","og_image_type":"default","og_image_url":null,"og_image_width":null,"og_image_height":null,"og_image_custom_url":null,"og_image_custom_fields":null,"og_video":null,"og_custom_url":null,"og_article_section":null,"og_article_tags":null,"twitter_use_og":false,"twitter_card":"default","twitter_image_type":"default","twitter_image_url":null,"twitter_image_custom_url":null,"twitter_image_custom_fields":null,"twitter_title":null,"twitter_description":null,"schema":{"blockGraphs":[],"customGraphs":[],"default":{"data":{"Article":[],"Course":[],"Dataset":[],"FAQPage":[],"Movie":[],"Person":[],"Product":[],"ProductReview":[],"Car":[],"Recipe":[],"Service":[],"SoftwareApplication":[],"WebPage":[]},"graphName":"","isEnabled":true},"graphs":[]},"schema_type":"default","schema_type_options":null,"pillar_content":false,"robots_default":true,"robots_noindex":false,"robots_noarchive":false,"robots_nosnippet":false,"robots_nofollow":false,"robots_noimageindex":false,"robots_noodp":false,"robots_notranslate":false,"robots_max_snippet":null,"robots_max_videopreview":null,"robots_max_imagepreview":"large","priority":null,"frequency":null,"local_seo":null,"seo_analyzer_scan_date":"2026-01-15 16:56:34","breadcrumb_settings":null,"limit_modified_date":false,"reviewed_by":null,"open_ai":null,"ai":null,"created":"2026-01-14 06:17:37","updated":"2026-03-21 00:56:36"},"aioseo_breadcrumb":"<div class=\"aioseo-breadcrumbs\"><span class=\"aioseo-breadcrumb\">\n\t<a href=\"https:\/\/hidalgo.nl\/de\/\" title=\"Home\">Home<\/a>\n<\/span><span class=\"aioseo-breadcrumb-separator\">\u00bb<\/span><span class=\"aioseo-breadcrumb\">\n\t<a href=\"https:\/\/hidalgo.nl\/example\/\" title=\"example\">example<\/a>\n<\/span><span class=\"aioseo-breadcrumb-separator\">\u00bb<\/span><span class=\"aioseo-breadcrumb\">\n\t<a href=\"https:\/\/hidalgo.nl\/en\/product-supplier\/a24\/\" title=\"A24\">A24<\/a>\n<\/span><span class=\"aioseo-breadcrumb-separator\">\u00bb<\/span><span class=\"aioseo-breadcrumb\">\n\tNolan GRS RPET Felt rugzak\n<\/span><\/div>","aioseo_breadcrumb_json":[{"label":"Home","link":"https:\/\/hidalgo.nl\/de\/"},{"label":"example","link":"https:\/\/hidalgo.nl\/example\/"},{"label":"A24","link":"https:\/\/hidalgo.nl\/en\/product-supplier\/a24\/"},{"label":"Nolan GRS RPET Felt rugzak","link":"https:\/\/hidalgo.nl\/de\/product\/nolan-grs-rpet-felt-rugzak\/"}],"_links":{"self":[{"href":"https:\/\/hidalgo.nl\/de\/wp-json\/wp\/v2\/product\/888","targetHints":{"allow":["GET"]}}],"collection":[{"href":"https:\/\/hidalgo.nl\/de\/wp-json\/wp\/v2\/product"}],"about":[{"href":"https:\/\/hidalgo.nl\/de\/wp-json\/wp\/v2\/types\/product"}],"wp:featuredmedia":[{"embeddable":true,"href":"https:\/\/hidalgo.nl\/de\/wp-json\/wp\/v2\/media\/889"}],"wp:attachment":[{"href":"https:\/\/hidalgo.nl\/de\/wp-json\/wp\/v2\/media?parent=888"}],"wp:term":[{"taxonomy":"product_brand","embeddable":true,"href":"https:\/\/hidalgo.nl\/de\/wp-json\/wp\/v2\/product_brand?post=888"},{"taxonomy":"product_cat","embeddable":true,"href":"https:\/\/hidalgo.nl\/de\/wp-json\/wp\/v2\/product_cat?post=888"},{"taxonomy":"product_tag","embeddable":true,"href":"https:\/\/hidalgo.nl\/de\/wp-json\/wp\/v2\/product_tag?post=888"}],"curies":[{"name":"wp","href":"https:\/\/api.w.org\/{rel}","templated":true}]}}