{"id":884175,"date":"2026-05-11T13:20:22","date_gmt":"2026-05-11T13:20:22","guid":{"rendered":"https:\/\/hidalgo.nl\/product\/w108-canvas-classic-shopper\/"},"modified":"2026-05-11T13:32:41","modified_gmt":"2026-05-11T13:32:41","slug":"w108-canvas-classic-shopper","status":"publish","type":"product","link":"https:\/\/hidalgo.nl\/de\/product\/884175\/w108-canvas-classic-shopper\/","title":{"rendered":"W108 &#8211; Canvas Classic Shopper"},"content":{"rendered":"<p>100% canvas katoen. Kan in de hand of over de schouder gedragen worden. Lengte hengsels: 58cm.<\/p>\n","protected":false},"excerpt":{"rendered":"<p>100% canvas katoen. Kan in de hand of over de schouder gedragen worden. Lengte hengsels: 58cm.<\/p>\n","protected":false},"featured_media":884176,"template":"","meta":{"_acf_changed":false,"om_disable_all_campaigns":false,"_monsterinsights_skip_tracking":false,"_monsterinsights_sitenote_active":false,"_monsterinsights_sitenote_note":"","_monsterinsights_sitenote_category":0},"product_brand":[1771],"product_cat":[4726,4778,4713],"product_tag":[],"class_list":{"0":"post-884175","1":"product","2":"type-product","3":"status-publish","4":"has-post-thumbnail","6":"product_supplier-a404","7":"product_brand-westford-mill","8":"product_cat-draagtassen","9":"product_cat-katoenen-tassen","10":"product_cat-tassen","11":"entry","13":"first","14":"outofstock","15":"taxable","16":"shipping-taxable","17":"purchasable","18":"product-type-variable"},"acf":{"english_short_description":"Smooth surface perfect for silkscreen printing.\nThick and resistant cotton.\nDeep, long-lasting colours.","german_short_description":"Glatte Oberfl\u00e4che, die sich optimal f\u00fcr Siebdruck eignet.\nDicke, widerstandsf\u00e4hige Baumwolle.\nIntensive, langlebige Farben.","product_supplier_text":"A404"},"aioseo_notices":[],"aioseo_head":"\n\t\t<!-- All in One SEO Pro 4.9.7 - aioseo.com -->\n\t<meta name=\"description\" content=\"Glatte Oberfl\u00e4che, die sich optimal f\u00fcr Siebdruck eignet. Dicke, widerstandsf\u00e4hige Baumwolle. Intensive, langlebige Farben.\" \/>\n\t<meta name=\"robots\" content=\"max-image-preview:large\" \/>\n\t<link rel=\"canonical\" href=\"https:\/\/hidalgo.nl\/de\/wp-json\/wp\/v2\/product\/884175\" \/>\n\t<meta name=\"generator\" content=\"All in One SEO Pro (AIOSEO) 4.9.7\" \/>\n\t\t<meta property=\"og:locale\" content=\"de_DE\" \/>\n\t\t<meta property=\"og:site_name\" content=\"Hidalgo -\" \/>\n\t\t<meta property=\"og:type\" content=\"article\" \/>\n\t\t<meta property=\"og:title\" content=\"W108 - Canvas Classic Shopper\" \/>\n\t\t<meta property=\"og:description\" content=\"Glatte Oberfl\u00e4che, die sich optimal f\u00fcr Siebdruck eignet. Dicke, widerstandsf\u00e4hige Baumwolle. Intensive, langlebige Farben.\" \/>\n\t\t<meta property=\"og:url\" content=\"https:\/\/hidalgo.nl\/de\/wp-json\/wp\/v2\/product\/884175\" \/>\n\t\t<meta property=\"og:image\" content=\"https:\/\/shop.hidalgo.nl\/wp-content\/uploads\/2025\/11\/cropped-Hidalgo-est1993.png\" \/>\n\t\t<meta property=\"og:image:secure_url\" content=\"https:\/\/shop.hidalgo.nl\/wp-content\/uploads\/2025\/11\/cropped-Hidalgo-est1993.png\" \/>\n\t\t<meta property=\"article:published_time\" content=\"2026-05-11T13:20:22+00:00\" \/>\n\t\t<meta property=\"article:modified_time\" content=\"2026-05-11T13:32:41+00:00\" \/>\n\t\t<meta name=\"twitter:card\" content=\"summary_large_image\" \/>\n\t\t<meta name=\"twitter:title\" content=\"W108 - Canvas Classic Shopper\" \/>\n\t\t<meta name=\"twitter:description\" content=\"Glatte Oberfl\u00e4che, die sich optimal f\u00fcr Siebdruck eignet. Dicke, widerstandsf\u00e4hige Baumwolle. Intensive, langlebige Farben.\" \/>\n\t\t<meta name=\"twitter:image\" content=\"https:\/\/shop.hidalgo.nl\/wp-content\/uploads\/2025\/11\/cropped-Hidalgo-est1993.png\" \/>\n\t\t<script type=\"application\/ld+json\" class=\"aioseo-schema\">\n\t\t\t{\"@context\":\"https:\\\/\\\/schema.org\",\"@graph\":[{\"@type\":\"BreadcrumbList\",\"@id\":\"https:\\\/\\\/hidalgo.nl\\\/de\\\/product\\\/884175\\\/w108-canvas-classic-shopper\\\/#breadcrumblist\",\"itemListElement\":[{\"@type\":\"ListItem\",\"@id\":\"https:\\\/\\\/hidalgo.nl\\\/de\\\/#listItem\",\"position\":1,\"name\":\"Home\",\"item\":\"https:\\\/\\\/hidalgo.nl\\\/de\\\/\",\"nextItem\":{\"@type\":\"ListItem\",\"@id\":\"https:\\\/\\\/hidalgo.nl\\\/example\\\/#listItem\",\"name\":\"example\"}},{\"@type\":\"ListItem\",\"@id\":\"https:\\\/\\\/hidalgo.nl\\\/example\\\/#listItem\",\"position\":2,\"name\":\"example\",\"item\":\"https:\\\/\\\/hidalgo.nl\\\/example\\\/\",\"nextItem\":{\"@type\":\"ListItem\",\"@id\":\"https:\\\/\\\/hidalgo.nl\\\/de\\\/product-supplier\\\/a404\\\/#listItem\",\"name\":\"A404\"},\"previousItem\":{\"@type\":\"ListItem\",\"@id\":\"https:\\\/\\\/hidalgo.nl\\\/de\\\/#listItem\",\"name\":\"Home\"}},{\"@type\":\"ListItem\",\"@id\":\"https:\\\/\\\/hidalgo.nl\\\/de\\\/product-supplier\\\/a404\\\/#listItem\",\"position\":3,\"name\":\"A404\",\"item\":\"https:\\\/\\\/hidalgo.nl\\\/de\\\/product-supplier\\\/a404\\\/\",\"nextItem\":{\"@type\":\"ListItem\",\"@id\":\"https:\\\/\\\/hidalgo.nl\\\/de\\\/product\\\/884175\\\/w108-canvas-classic-shopper\\\/#listItem\",\"name\":\"W108 &#8211; Canvas Classic Shopper\"},\"previousItem\":{\"@type\":\"ListItem\",\"@id\":\"https:\\\/\\\/hidalgo.nl\\\/example\\\/#listItem\",\"name\":\"example\"}},{\"@type\":\"ListItem\",\"@id\":\"https:\\\/\\\/hidalgo.nl\\\/de\\\/product\\\/884175\\\/w108-canvas-classic-shopper\\\/#listItem\",\"position\":4,\"name\":\"W108 &#8211; Canvas Classic Shopper\",\"previousItem\":{\"@type\":\"ListItem\",\"@id\":\"https:\\\/\\\/hidalgo.nl\\\/de\\\/product-supplier\\\/a404\\\/#listItem\",\"name\":\"A404\"}}]},{\"@type\":\"Organization\",\"@id\":\"https:\\\/\\\/hidalgo.nl\\\/de\\\/#organization\",\"name\":\"Hidalgo\",\"url\":\"https:\\\/\\\/hidalgo.nl\\\/de\\\/\",\"logo\":{\"@type\":\"ImageObject\",\"url\":\"https:\\\/\\\/shop.hidalgo.nl\\\/wp-content\\\/uploads\\\/2025\\\/11\\\/cropped-Hidalgo-est1993.png\",\"@id\":\"https:\\\/\\\/hidalgo.nl\\\/de\\\/product\\\/884175\\\/w108-canvas-classic-shopper\\\/#organizationLogo\",\"width\":585,\"height\":195},\"image\":{\"@id\":\"https:\\\/\\\/hidalgo.nl\\\/de\\\/product\\\/884175\\\/w108-canvas-classic-shopper\\\/#organizationLogo\"}},{\"@type\":\"ProductGroup\",\"@id\":\"https:\\\/\\\/hidalgo.nl\\\/de\\\/product\\\/884175\\\/w108-canvas-classic-shopper\\\/#wooCommerceProduct\",\"name\":\"W108 - Canvas Classic Shopper\",\"url\":\"https:\\\/\\\/hidalgo.nl\\\/de\\\/product\\\/884175\\\/w108-canvas-classic-shopper\\\/\",\"brand\":{\"@type\":\"Brand\",\"name\":\"Westford Mill\"},\"sku\":\"W108\",\"image\":{\"@type\":\"ImageObject\",\"url\":\"https:\\\/\\\/shop.hidalgo.nl\\\/wp-content\\\/uploads\\\/2026\\\/04\\\/W108-P_2016.jpg\",\"@id\":\"https:\\\/\\\/hidalgo.nl\\\/de\\\/product\\\/884175\\\/w108-canvas-classic-shopper\\\/#productImage\"},\"productGroupID\":884175,\"hasVariant\":[{\"@type\":\"Product\",\"@id\":\"https:\\\/\\\/hidalgo.nl\\\/de\\\/product\\\/884175\\\/w108-canvas-classic-shopper\\\/#wooCommerceProduct\",\"name\":\"W108 - Canvas Classic Shopper - black, one-size\",\"url\":\"https:\\\/\\\/hidalgo.nl\\\/de\\\/product\\\/884175\\\/w108-canvas-classic-shopper\\\/\",\"sku\":\"W108C_70701_70700\",\"gtin\":\"5060566341721\",\"image\":{\"@type\":\"ImageObject\",\"url\":\"https:\\\/\\\/shop.hidalgo.nl\\\/wp-content\\\/uploads\\\/2026\\\/04\\\/PS_W108-FS_BLACK.png\",\"@id\":\"https:\\\/\\\/hidalgo.nl\\\/de\\\/product\\\/884175\\\/w108-canvas-classic-shopper\\\/#productImage\"},\"offers\":{\"@type\":\"Offer\",\"url\":\"https:\\\/\\\/hidalgo.nl\\\/de\\\/product\\\/884175\\\/w108-canvas-classic-shopper\\\/#wooCommerceOffer\",\"price\":\"2.49\",\"priceCurrency\":\"EUR\",\"category\":\"Tassen\",\"availability\":\"https:\\\/\\\/schema.org\\\/InStock\",\"priceSpecification\":{\"@type\":\"PriceSpecification\",\"price\":2.49,\"priceCurrency\":\"EUR\",\"valueAddedTaxIncluded\":\"true\"}}},{\"@type\":\"Product\",\"@id\":\"https:\\\/\\\/hidalgo.nl\\\/de\\\/product\\\/884175\\\/w108-canvas-classic-shopper\\\/#wooCommerceProduct\",\"name\":\"W108 - Canvas Classic Shopper - natural, one-size\",\"url\":\"https:\\\/\\\/hidalgo.nl\\\/de\\\/product\\\/884175\\\/w108-canvas-classic-shopper\\\/\",\"sku\":\"W108_22463_22462\",\"gtin\":\"5060202727193\",\"image\":{\"@type\":\"ImageObject\",\"url\":\"https:\\\/\\\/shop.hidalgo.nl\\\/wp-content\\\/uploads\\\/2026\\\/04\\\/PS_W108_NATURAL.png\",\"@id\":\"https:\\\/\\\/hidalgo.nl\\\/de\\\/product\\\/884175\\\/w108-canvas-classic-shopper\\\/#productImage\"},\"offers\":{\"@type\":\"Offer\",\"url\":\"https:\\\/\\\/hidalgo.nl\\\/de\\\/product\\\/884175\\\/w108-canvas-classic-shopper\\\/#wooCommerceOffer\",\"price\":\"2.22\",\"priceCurrency\":\"EUR\",\"category\":\"Tassen\",\"availability\":\"https:\\\/\\\/schema.org\\\/InStock\",\"priceSpecification\":{\"@type\":\"PriceSpecification\",\"price\":2.22,\"priceCurrency\":\"EUR\",\"valueAddedTaxIncluded\":\"true\"}}}]},{\"@type\":\"WebPage\",\"@id\":\"https:\\\/\\\/hidalgo.nl\\\/de\\\/product\\\/884175\\\/w108-canvas-classic-shopper\\\/#webpage\",\"url\":\"https:\\\/\\\/hidalgo.nl\\\/de\\\/product\\\/884175\\\/w108-canvas-classic-shopper\\\/\",\"name\":\"W108 - Canvas Classic Shopper\",\"description\":\"Glatte Oberfl\\u00e4che, die sich optimal f\\u00fcr Siebdruck eignet. Dicke, widerstandsf\\u00e4hige Baumwolle. Intensive, langlebige Farben.\",\"inLanguage\":\"de-DE\",\"isPartOf\":{\"@id\":\"https:\\\/\\\/hidalgo.nl\\\/de\\\/#website\"},\"breadcrumb\":{\"@id\":\"https:\\\/\\\/hidalgo.nl\\\/de\\\/product\\\/884175\\\/w108-canvas-classic-shopper\\\/#breadcrumblist\"},\"image\":{\"@type\":\"ImageObject\",\"url\":\"https:\\\/\\\/shop.hidalgo.nl\\\/wp-content\\\/uploads\\\/2026\\\/04\\\/W108-P_2016.jpg\",\"@id\":\"https:\\\/\\\/hidalgo.nl\\\/de\\\/product\\\/884175\\\/w108-canvas-classic-shopper\\\/#mainImage\"},\"primaryImageOfPage\":{\"@id\":\"https:\\\/\\\/hidalgo.nl\\\/de\\\/product\\\/884175\\\/w108-canvas-classic-shopper\\\/#mainImage\"},\"datePublished\":\"2026-05-11T13:20:22+00:00\",\"dateModified\":\"2026-05-11T13:32:41+00:00\"},{\"@type\":\"WebSite\",\"@id\":\"https:\\\/\\\/hidalgo.nl\\\/de\\\/#website\",\"url\":\"https:\\\/\\\/hidalgo.nl\\\/de\\\/\",\"name\":\"Hidalgo\",\"inLanguage\":\"de-DE\",\"publisher\":{\"@id\":\"https:\\\/\\\/hidalgo.nl\\\/de\\\/#organization\"}}]}\n\t\t<\/script>\n\t\t<!-- All in One SEO Pro -->\r\n\t\t<title>W108 - Canvas Classic Shopper<\/title>\n\n","aioseo_head_json":{"title":"W108 - Canvas Classic Shopper","description":"Glatte Oberfl\u00e4che, die sich optimal f\u00fcr Siebdruck eignet. Dicke, widerstandsf\u00e4hige Baumwolle. Intensive, langlebige Farben.","canonical_url":"https:\/\/hidalgo.nl\/de\/wp-json\/wp\/v2\/product\/884175","robots":"max-image-preview:large","keywords":"","webmasterTools":{"miscellaneous":""},"schema":{"@context":"https:\/\/schema.org","@graph":[{"@type":"BreadcrumbList","@id":"https:\/\/hidalgo.nl\/de\/product\/884175\/w108-canvas-classic-shopper\/#breadcrumblist","itemListElement":[{"@type":"ListItem","@id":"https:\/\/hidalgo.nl\/de\/#listItem","position":1,"name":"Home","item":"https:\/\/hidalgo.nl\/de\/","nextItem":{"@type":"ListItem","@id":"https:\/\/hidalgo.nl\/example\/#listItem","name":"example"}},{"@type":"ListItem","@id":"https:\/\/hidalgo.nl\/example\/#listItem","position":2,"name":"example","item":"https:\/\/hidalgo.nl\/example\/","nextItem":{"@type":"ListItem","@id":"https:\/\/hidalgo.nl\/de\/product-supplier\/a404\/#listItem","name":"A404"},"previousItem":{"@type":"ListItem","@id":"https:\/\/hidalgo.nl\/de\/#listItem","name":"Home"}},{"@type":"ListItem","@id":"https:\/\/hidalgo.nl\/de\/product-supplier\/a404\/#listItem","position":3,"name":"A404","item":"https:\/\/hidalgo.nl\/de\/product-supplier\/a404\/","nextItem":{"@type":"ListItem","@id":"https:\/\/hidalgo.nl\/de\/product\/884175\/w108-canvas-classic-shopper\/#listItem","name":"W108 &#8211; Canvas Classic Shopper"},"previousItem":{"@type":"ListItem","@id":"https:\/\/hidalgo.nl\/example\/#listItem","name":"example"}},{"@type":"ListItem","@id":"https:\/\/hidalgo.nl\/de\/product\/884175\/w108-canvas-classic-shopper\/#listItem","position":4,"name":"W108 &#8211; Canvas Classic Shopper","previousItem":{"@type":"ListItem","@id":"https:\/\/hidalgo.nl\/de\/product-supplier\/a404\/#listItem","name":"A404"}}]},{"@type":"Organization","@id":"https:\/\/hidalgo.nl\/de\/#organization","name":"Hidalgo","url":"https:\/\/hidalgo.nl\/de\/","logo":{"@type":"ImageObject","url":"https:\/\/shop.hidalgo.nl\/wp-content\/uploads\/2025\/11\/cropped-Hidalgo-est1993.png","@id":"https:\/\/hidalgo.nl\/de\/product\/884175\/w108-canvas-classic-shopper\/#organizationLogo","width":585,"height":195},"image":{"@id":"https:\/\/hidalgo.nl\/de\/product\/884175\/w108-canvas-classic-shopper\/#organizationLogo"}},{"@type":"ProductGroup","@id":"https:\/\/hidalgo.nl\/de\/product\/884175\/w108-canvas-classic-shopper\/#wooCommerceProduct","name":"W108 - Canvas Classic Shopper","url":"https:\/\/hidalgo.nl\/de\/product\/884175\/w108-canvas-classic-shopper\/","brand":{"@type":"Brand","name":"Westford Mill"},"sku":"W108","image":{"@type":"ImageObject","url":"https:\/\/shop.hidalgo.nl\/wp-content\/uploads\/2026\/04\/W108-P_2016.jpg","@id":"https:\/\/hidalgo.nl\/de\/product\/884175\/w108-canvas-classic-shopper\/#productImage"},"productGroupID":884175,"hasVariant":[{"@type":"Product","@id":"https:\/\/hidalgo.nl\/de\/product\/884175\/w108-canvas-classic-shopper\/#wooCommerceProduct","name":"W108 - Canvas Classic Shopper - black, one-size","url":"https:\/\/hidalgo.nl\/de\/product\/884175\/w108-canvas-classic-shopper\/","sku":"W108C_70701_70700","gtin":"5060566341721","image":{"@type":"ImageObject","url":"https:\/\/shop.hidalgo.nl\/wp-content\/uploads\/2026\/04\/PS_W108-FS_BLACK.png","@id":"https:\/\/hidalgo.nl\/de\/product\/884175\/w108-canvas-classic-shopper\/#productImage"},"offers":{"@type":"Offer","url":"https:\/\/hidalgo.nl\/de\/product\/884175\/w108-canvas-classic-shopper\/#wooCommerceOffer","price":"2.49","priceCurrency":"EUR","category":"Tassen","availability":"https:\/\/schema.org\/InStock","priceSpecification":{"@type":"PriceSpecification","price":2.49,"priceCurrency":"EUR","valueAddedTaxIncluded":"true"}}},{"@type":"Product","@id":"https:\/\/hidalgo.nl\/de\/product\/884175\/w108-canvas-classic-shopper\/#wooCommerceProduct","name":"W108 - Canvas Classic Shopper - natural, one-size","url":"https:\/\/hidalgo.nl\/de\/product\/884175\/w108-canvas-classic-shopper\/","sku":"W108_22463_22462","gtin":"5060202727193","image":{"@type":"ImageObject","url":"https:\/\/shop.hidalgo.nl\/wp-content\/uploads\/2026\/04\/PS_W108_NATURAL.png","@id":"https:\/\/hidalgo.nl\/de\/product\/884175\/w108-canvas-classic-shopper\/#productImage"},"offers":{"@type":"Offer","url":"https:\/\/hidalgo.nl\/de\/product\/884175\/w108-canvas-classic-shopper\/#wooCommerceOffer","price":"2.22","priceCurrency":"EUR","category":"Tassen","availability":"https:\/\/schema.org\/InStock","priceSpecification":{"@type":"PriceSpecification","price":2.22,"priceCurrency":"EUR","valueAddedTaxIncluded":"true"}}}]},{"@type":"WebPage","@id":"https:\/\/hidalgo.nl\/de\/product\/884175\/w108-canvas-classic-shopper\/#webpage","url":"https:\/\/hidalgo.nl\/de\/product\/884175\/w108-canvas-classic-shopper\/","name":"W108 - Canvas Classic Shopper","description":"Glatte Oberfl\u00e4che, die sich optimal f\u00fcr Siebdruck eignet. Dicke, widerstandsf\u00e4hige Baumwolle. Intensive, langlebige Farben.","inLanguage":"de-DE","isPartOf":{"@id":"https:\/\/hidalgo.nl\/de\/#website"},"breadcrumb":{"@id":"https:\/\/hidalgo.nl\/de\/product\/884175\/w108-canvas-classic-shopper\/#breadcrumblist"},"image":{"@type":"ImageObject","url":"https:\/\/shop.hidalgo.nl\/wp-content\/uploads\/2026\/04\/W108-P_2016.jpg","@id":"https:\/\/hidalgo.nl\/de\/product\/884175\/w108-canvas-classic-shopper\/#mainImage"},"primaryImageOfPage":{"@id":"https:\/\/hidalgo.nl\/de\/product\/884175\/w108-canvas-classic-shopper\/#mainImage"},"datePublished":"2026-05-11T13:20:22+00:00","dateModified":"2026-05-11T13:32:41+00:00"},{"@type":"WebSite","@id":"https:\/\/hidalgo.nl\/de\/#website","url":"https:\/\/hidalgo.nl\/de\/","name":"Hidalgo","inLanguage":"de-DE","publisher":{"@id":"https:\/\/hidalgo.nl\/de\/#organization"}}]},"og:locale":"de_DE","og:site_name":"Hidalgo -","og:type":"article","og:title":"W108 - Canvas Classic Shopper","og:description":"Glatte Oberfl\u00e4che, die sich optimal f\u00fcr Siebdruck eignet. Dicke, widerstandsf\u00e4hige Baumwolle. Intensive, langlebige Farben.","og:url":"https:\/\/hidalgo.nl\/de\/wp-json\/wp\/v2\/product\/884175","og:image":"https:\/\/shop.hidalgo.nl\/wp-content\/uploads\/2025\/11\/cropped-Hidalgo-est1993.png","og:image:secure_url":"https:\/\/shop.hidalgo.nl\/wp-content\/uploads\/2025\/11\/cropped-Hidalgo-est1993.png","article:published_time":"2026-05-11T13:20:22+00:00","article:modified_time":"2026-05-11T13:32:41+00:00","twitter:card":"summary_large_image","twitter:title":"W108 - Canvas Classic Shopper","twitter:description":"Glatte Oberfl\u00e4che, die sich optimal f\u00fcr Siebdruck eignet. Dicke, widerstandsf\u00e4hige Baumwolle. Intensive, langlebige Farben.","twitter:image":"https:\/\/shop.hidalgo.nl\/wp-content\/uploads\/2025\/11\/cropped-Hidalgo-est1993.png"},"aioseo_meta_data":{"post_id":"884175","title":null,"description":null,"keywords":null,"keyphrases":null,"primary_term":null,"canonical_url":null,"og_title":null,"og_description":null,"og_object_type":"default","og_image_type":"default","og_image_url":null,"og_image_width":null,"og_image_height":null,"og_image_custom_url":null,"og_image_custom_fields":null,"og_video":null,"og_custom_url":null,"og_article_section":null,"og_article_tags":null,"twitter_use_og":false,"twitter_card":"default","twitter_image_type":"default","twitter_image_url":null,"twitter_image_custom_url":null,"twitter_image_custom_fields":null,"twitter_title":null,"twitter_description":null,"schema":{"blockGraphs":[],"customGraphs":[],"default":{"data":{"Article":[],"Course":[],"Dataset":[],"FAQPage":[],"Movie":[],"Person":[],"Product":[],"ProductReview":[],"Car":[],"Recipe":[],"Service":[],"SoftwareApplication":[],"WebPage":[]},"graphName":"","isEnabled":true},"graphs":[]},"schema_type":"default","schema_type_options":null,"pillar_content":false,"robots_default":true,"robots_noindex":false,"robots_noarchive":false,"robots_nosnippet":false,"robots_nofollow":false,"robots_noimageindex":false,"robots_noodp":false,"robots_notranslate":false,"robots_max_snippet":null,"robots_max_videopreview":null,"robots_max_imagepreview":"large","priority":null,"frequency":null,"local_seo":null,"seo_analyzer_scan_date":null,"breadcrumb_settings":null,"limit_modified_date":false,"reviewed_by":null,"open_ai":null,"ai":null,"created":"2026-05-11 13:20:58","updated":"2026-05-11 13:33:52"},"aioseo_breadcrumb":"<div class=\"aioseo-breadcrumbs\"><span class=\"aioseo-breadcrumb\">\n\t<a href=\"https:\/\/hidalgo.nl\/de\/\" title=\"Home\">Home<\/a>\n<\/span><span class=\"aioseo-breadcrumb-separator\">\u00bb<\/span><span class=\"aioseo-breadcrumb\">\n\t<a href=\"https:\/\/hidalgo.nl\/example\/\" title=\"example\">example<\/a>\n<\/span><span class=\"aioseo-breadcrumb-separator\">\u00bb<\/span><span class=\"aioseo-breadcrumb\">\n\t<a href=\"https:\/\/hidalgo.nl\/de\/product-supplier\/a404\/\" title=\"A404\">A404<\/a>\n<\/span><span class=\"aioseo-breadcrumb-separator\">\u00bb<\/span><span class=\"aioseo-breadcrumb\">\n\tW108 \u2013 Canvas Classic Shopper\n<\/span><\/div>","aioseo_breadcrumb_json":[{"label":"Home","link":"https:\/\/hidalgo.nl\/de\/"},{"label":"example","link":"https:\/\/hidalgo.nl\/example\/"},{"label":"A404","link":"https:\/\/hidalgo.nl\/de\/product-supplier\/a404\/"},{"label":"W108 &#8211; Canvas Classic Shopper","link":"https:\/\/hidalgo.nl\/de\/product\/884175\/w108-canvas-classic-shopper\/"}],"_links":{"self":[{"href":"https:\/\/hidalgo.nl\/de\/wp-json\/wp\/v2\/product\/884175","targetHints":{"allow":["GET"]}}],"collection":[{"href":"https:\/\/hidalgo.nl\/de\/wp-json\/wp\/v2\/product"}],"about":[{"href":"https:\/\/hidalgo.nl\/de\/wp-json\/wp\/v2\/types\/product"}],"wp:featuredmedia":[{"embeddable":true,"href":"https:\/\/hidalgo.nl\/de\/wp-json\/wp\/v2\/media\/884176"}],"wp:attachment":[{"href":"https:\/\/hidalgo.nl\/de\/wp-json\/wp\/v2\/media?parent=884175"}],"wp:term":[{"taxonomy":"product_brand","embeddable":true,"href":"https:\/\/hidalgo.nl\/de\/wp-json\/wp\/v2\/product_brand?post=884175"},{"taxonomy":"product_cat","embeddable":true,"href":"https:\/\/hidalgo.nl\/de\/wp-json\/wp\/v2\/product_cat?post=884175"},{"taxonomy":"product_tag","embeddable":true,"href":"https:\/\/hidalgo.nl\/de\/wp-json\/wp\/v2\/product_tag?post=884175"}],"curies":[{"name":"wp","href":"https:\/\/api.w.org\/{rel}","templated":true}]}}