{"id":883324,"date":"2026-05-11T12:44:28","date_gmt":"2026-05-11T12:44:28","guid":{"rendered":"https:\/\/hidalgo.nl\/product\/w580-stevige-canvasmand\/"},"modified":"2026-05-11T12:47:54","modified_gmt":"2026-05-11T12:47:54","slug":"w580-stevige-canvasmand","status":"publish","type":"product","link":"https:\/\/hidalgo.nl\/de\/product\/883324\/w580-canvas-korb\/","title":{"rendered":"W580 &#8211; Stevige canvasmand"},"content":{"rendered":"<p>100% katoen canvas &#8211; 572 g\/m\u00b2. Zeer stevige hengsels.<\/p>\n","protected":false},"excerpt":{"rendered":"<p>100% katoen canvas &#8211; 572 g\/m\u00b2. Zeer stevige hengsels.<\/p>\n","protected":false},"featured_media":883325,"template":"","meta":{"_acf_changed":false,"om_disable_all_campaigns":false,"_monsterinsights_skip_tracking":false,"_monsterinsights_sitenote_active":false,"_monsterinsights_sitenote_note":"","_monsterinsights_sitenote_category":0},"product_brand":[1771],"product_cat":[4726,5006,4778,4719,4713,5005,4728],"product_tag":[],"class_list":{"0":"post-883324","1":"product","2":"type-product","3":"status-publish","4":"has-post-thumbnail","6":"product_supplier-a404","7":"product_brand-westford-mill","8":"product_cat-draagtassen","9":"product_cat-thuis-keuken-and-tuin-thuis-huis-accessoires","10":"product_cat-katoenen-tassen","11":"product_cat-promotionele-artikelen","12":"product_cat-tassen","13":"product_cat-thuis-keuken-and-tuin-thuis","14":"product_cat-promotionele-artikelen-thuis-keuken-en-tuin","15":"entry","17":"first","18":"outofstock","19":"taxable","20":"shipping-taxable","21":"purchasable","22":"product-type-variable"},"acf":{"pim_product_english_title":"W580 - Storage Trug","pim_product_german_title":"W580 - Canvas - Korb","pim_product_dutch_title":"W580 - Stevige canvasmand","pim_product_dutch_content":"<p>100% katoen canvas &#8211; 572 g\/m\u00b2. Zeer stevige hengsels.<\/p>\n","pim_product_german_content":"<p>100% Baumwollcanvas &#8211; sehr stabile Tr\u00e4ger.<\/p>\n","pim_product_english_content":"<p>100% cotton canvas &#8211; Heavyweight rope carry handles.<\/p>\n","english_short_description":"Resistant, hard-wearing canvas.\r\nSmooth surface perfect for printing and silkscreen printing.\r\nSturdy, easy-to-carry drawstring handles.","german_short_description":"Widerstandsf\u00e4higes, langlebiges Canvas.\r\nGlatte Oberfl\u00e4che, die sich optimal zum Bedrucken und f\u00fcr Siebdruck eignet.\r\nStrapazierf\u00e4hige Handgelenkskordel f\u00fcr einen einfachen Transport.","dutch_short_description":"Sterk en duurzaam doek.\r\nGlad oppervlak, ideaal voor bedrukking en zeefdruk.\r\nHandgrepen van stevige koordjes, gemakkelijk te vervoeren.","select_toptex_printing_options":"clothes","promidata_product_hash":"","promidata_product_uri":"","promidata_product_minimum_qty":"","promi_phash_price":"","imprint_cost":false,"margin_influ_quantity_10":"","margin_influ_quantity_25":"","margin_influ_quantity_50":"","margin_influ_quantity_100":"","margin_influ_quantity_250":"","margin_influ_quantity_500":"","margin_influ_quantity_1000":"","pim_product_english_faq_content":"","pim_product_german_faq_content":"","pim_product_dutch_faq_content":"","english_keywords":"","german_keywords":"","dutch_keywords":"","green_tab_text_eng":"","green_tab_text_german":"","green_tab_text_dutch":"","default_keywords_nl":"","product_supplier_text":"A404"},"aioseo_notices":[],"aioseo_head":"\n\t\t<!-- All in One SEO Pro 4.9.7 - aioseo.com -->\n\t<meta name=\"description\" content=\"Widerstandsf\u00e4higes, langlebiges Canvas. Glatte Oberfl\u00e4che, die sich optimal zum Bedrucken und f\u00fcr Siebdruck eignet. Strapazierf\u00e4hige Handgelenkskordel f\u00fcr einen einfachen Transport.\" \/>\n\t<meta name=\"robots\" content=\"max-image-preview:large\" \/>\n\t<link rel=\"canonical\" href=\"https:\/\/hidalgo.nl\/de\/wp-json\/wp\/v2\/product\/883324\" \/>\n\t<meta name=\"generator\" content=\"All in One SEO Pro (AIOSEO) 4.9.7\" \/>\n\t\t<meta property=\"og:locale\" content=\"de_DE\" \/>\n\t\t<meta property=\"og:site_name\" content=\"Hidalgo -\" \/>\n\t\t<meta property=\"og:type\" content=\"article\" \/>\n\t\t<meta property=\"og:title\" content=\"W580 - Canvas - Korb\" \/>\n\t\t<meta property=\"og:description\" content=\"Widerstandsf\u00e4higes, langlebiges Canvas. Glatte Oberfl\u00e4che, die sich optimal zum Bedrucken und f\u00fcr Siebdruck eignet. Strapazierf\u00e4hige Handgelenkskordel f\u00fcr einen einfachen Transport.\" \/>\n\t\t<meta property=\"og:url\" content=\"https:\/\/hidalgo.nl\/de\/wp-json\/wp\/v2\/product\/883324\" \/>\n\t\t<meta property=\"og:image\" content=\"https:\/\/shop.hidalgo.nl\/wp-content\/uploads\/2025\/11\/cropped-Hidalgo-est1993.png\" \/>\n\t\t<meta property=\"og:image:secure_url\" content=\"https:\/\/shop.hidalgo.nl\/wp-content\/uploads\/2025\/11\/cropped-Hidalgo-est1993.png\" \/>\n\t\t<meta property=\"article:published_time\" content=\"2026-05-11T12:44:28+00:00\" \/>\n\t\t<meta property=\"article:modified_time\" content=\"2026-05-11T12:47:54+00:00\" \/>\n\t\t<meta name=\"twitter:card\" content=\"summary_large_image\" \/>\n\t\t<meta name=\"twitter:title\" content=\"W580 - Canvas - Korb\" \/>\n\t\t<meta name=\"twitter:description\" content=\"Widerstandsf\u00e4higes, langlebiges Canvas. Glatte Oberfl\u00e4che, die sich optimal zum Bedrucken und f\u00fcr Siebdruck eignet. Strapazierf\u00e4hige Handgelenkskordel f\u00fcr einen einfachen Transport.\" \/>\n\t\t<meta name=\"twitter:image\" content=\"https:\/\/shop.hidalgo.nl\/wp-content\/uploads\/2025\/11\/cropped-Hidalgo-est1993.png\" \/>\n\t\t<script type=\"application\/ld+json\" class=\"aioseo-schema\">\n\t\t\t{\"@context\":\"https:\\\/\\\/schema.org\",\"@graph\":[{\"@type\":\"BreadcrumbList\",\"@id\":\"https:\\\/\\\/hidalgo.nl\\\/de\\\/product\\\/883324\\\/w580-canvas-korb\\\/#breadcrumblist\",\"itemListElement\":[{\"@type\":\"ListItem\",\"@id\":\"https:\\\/\\\/hidalgo.nl\\\/de\\\/#listItem\",\"position\":1,\"name\":\"Home\",\"item\":\"https:\\\/\\\/hidalgo.nl\\\/de\\\/\",\"nextItem\":{\"@type\":\"ListItem\",\"@id\":\"https:\\\/\\\/hidalgo.nl\\\/example\\\/#listItem\",\"name\":\"example\"}},{\"@type\":\"ListItem\",\"@id\":\"https:\\\/\\\/hidalgo.nl\\\/example\\\/#listItem\",\"position\":2,\"name\":\"example\",\"item\":\"https:\\\/\\\/hidalgo.nl\\\/example\\\/\",\"nextItem\":{\"@type\":\"ListItem\",\"@id\":\"https:\\\/\\\/hidalgo.nl\\\/de\\\/product-supplier\\\/a404\\\/#listItem\",\"name\":\"A404\"},\"previousItem\":{\"@type\":\"ListItem\",\"@id\":\"https:\\\/\\\/hidalgo.nl\\\/de\\\/#listItem\",\"name\":\"Home\"}},{\"@type\":\"ListItem\",\"@id\":\"https:\\\/\\\/hidalgo.nl\\\/de\\\/product-supplier\\\/a404\\\/#listItem\",\"position\":3,\"name\":\"A404\",\"item\":\"https:\\\/\\\/hidalgo.nl\\\/de\\\/product-supplier\\\/a404\\\/\",\"nextItem\":{\"@type\":\"ListItem\",\"@id\":\"https:\\\/\\\/hidalgo.nl\\\/de\\\/product\\\/883324\\\/w580-canvas-korb\\\/#listItem\",\"name\":\"W580 &#8211; Stevige canvasmand\"},\"previousItem\":{\"@type\":\"ListItem\",\"@id\":\"https:\\\/\\\/hidalgo.nl\\\/example\\\/#listItem\",\"name\":\"example\"}},{\"@type\":\"ListItem\",\"@id\":\"https:\\\/\\\/hidalgo.nl\\\/de\\\/product\\\/883324\\\/w580-canvas-korb\\\/#listItem\",\"position\":4,\"name\":\"W580 &#8211; Stevige canvasmand\",\"previousItem\":{\"@type\":\"ListItem\",\"@id\":\"https:\\\/\\\/hidalgo.nl\\\/de\\\/product-supplier\\\/a404\\\/#listItem\",\"name\":\"A404\"}}]},{\"@type\":\"Organization\",\"@id\":\"https:\\\/\\\/hidalgo.nl\\\/de\\\/#organization\",\"name\":\"Hidalgo\",\"url\":\"https:\\\/\\\/hidalgo.nl\\\/de\\\/\",\"logo\":{\"@type\":\"ImageObject\",\"url\":\"https:\\\/\\\/shop.hidalgo.nl\\\/wp-content\\\/uploads\\\/2025\\\/11\\\/cropped-Hidalgo-est1993.png\",\"@id\":\"https:\\\/\\\/hidalgo.nl\\\/de\\\/product\\\/883324\\\/w580-canvas-korb\\\/#organizationLogo\",\"width\":585,\"height\":195},\"image\":{\"@id\":\"https:\\\/\\\/hidalgo.nl\\\/de\\\/product\\\/883324\\\/w580-canvas-korb\\\/#organizationLogo\"}},{\"@type\":\"ProductGroup\",\"@id\":\"https:\\\/\\\/hidalgo.nl\\\/de\\\/product\\\/883324\\\/w580-canvas-korb\\\/#wooCommerceProduct\",\"name\":\"W580 - Canvas - Korb\",\"url\":\"https:\\\/\\\/hidalgo.nl\\\/de\\\/product\\\/883324\\\/w580-canvas-korb\\\/\",\"brand\":{\"@type\":\"Brand\",\"name\":\"Westford Mill\"},\"sku\":\"W580\",\"image\":{\"@type\":\"ImageObject\",\"url\":\"https:\\\/\\\/shop.hidalgo.nl\\\/wp-content\\\/uploads\\\/2026\\\/04\\\/W580-8_2018.jpg\",\"@id\":\"https:\\\/\\\/hidalgo.nl\\\/de\\\/product\\\/883324\\\/w580-canvas-korb\\\/#productImage\"},\"productGroupID\":883324,\"hasVariant\":[{\"@type\":\"Product\",\"@id\":\"https:\\\/\\\/hidalgo.nl\\\/de\\\/product\\\/883324\\\/w580-canvas-korb\\\/#wooCommerceProduct\",\"name\":\"W580 - Stevige canvasmand - natural, s\",\"url\":\"https:\\\/\\\/hidalgo.nl\\\/de\\\/product\\\/883324\\\/w580-canvas-korb\\\/\",\"sku\":\"W580S_58804_58803\",\"gtin\":\"5060424727933\",\"image\":{\"@type\":\"ImageObject\",\"url\":\"https:\\\/\\\/shop.hidalgo.nl\\\/wp-content\\\/uploads\\\/2026\\\/04\\\/PS_W580-FF_NATURAL.png\",\"@id\":\"https:\\\/\\\/hidalgo.nl\\\/de\\\/product\\\/883324\\\/w580-canvas-korb\\\/#productImage\"},\"offers\":{\"@type\":\"Offer\",\"url\":\"https:\\\/\\\/hidalgo.nl\\\/de\\\/product\\\/883324\\\/w580-canvas-korb\\\/#wooCommerceOffer\",\"price\":\"4.65\",\"priceCurrency\":\"EUR\",\"category\":\"Promotionele Artikelen\",\"availability\":\"https:\\\/\\\/schema.org\\\/InStock\",\"priceSpecification\":{\"@type\":\"PriceSpecification\",\"price\":4.65,\"priceCurrency\":\"EUR\",\"valueAddedTaxIncluded\":\"true\"}}},{\"@type\":\"Product\",\"@id\":\"https:\\\/\\\/hidalgo.nl\\\/de\\\/product\\\/883324\\\/w580-canvas-korb\\\/#wooCommerceProduct\",\"name\":\"W580 - Stevige canvasmand - natural, m\",\"url\":\"https:\\\/\\\/hidalgo.nl\\\/de\\\/product\\\/883324\\\/w580-canvas-korb\\\/\",\"sku\":\"W580M_58805_58802\",\"gtin\":\"5060424727940\",\"image\":{\"@type\":\"ImageObject\",\"url\":\"https:\\\/\\\/shop.hidalgo.nl\\\/wp-content\\\/uploads\\\/2026\\\/04\\\/PS_W580-FF_NATURAL.png\",\"@id\":\"https:\\\/\\\/hidalgo.nl\\\/de\\\/product\\\/883324\\\/w580-canvas-korb\\\/#productImage\"},\"offers\":{\"@type\":\"Offer\",\"url\":\"https:\\\/\\\/hidalgo.nl\\\/de\\\/product\\\/883324\\\/w580-canvas-korb\\\/#wooCommerceOffer\",\"price\":\"7.1\",\"priceCurrency\":\"EUR\",\"category\":\"Promotionele Artikelen\",\"availability\":\"https:\\\/\\\/schema.org\\\/InStock\",\"priceSpecification\":{\"@type\":\"PriceSpecification\",\"price\":7.1,\"priceCurrency\":\"EUR\",\"valueAddedTaxIncluded\":\"true\"}}},{\"@type\":\"Product\",\"@id\":\"https:\\\/\\\/hidalgo.nl\\\/de\\\/product\\\/883324\\\/w580-canvas-korb\\\/#wooCommerceProduct\",\"name\":\"W580 - Stevige canvasmand - natural, l\",\"url\":\"https:\\\/\\\/hidalgo.nl\\\/de\\\/product\\\/883324\\\/w580-canvas-korb\\\/\",\"sku\":\"W580L_58806_58801\",\"gtin\":\"5060424727957\",\"image\":{\"@type\":\"ImageObject\",\"url\":\"https:\\\/\\\/shop.hidalgo.nl\\\/wp-content\\\/uploads\\\/2026\\\/04\\\/PS_W580-FF_NATURAL.png\",\"@id\":\"https:\\\/\\\/hidalgo.nl\\\/de\\\/product\\\/883324\\\/w580-canvas-korb\\\/#productImage\"},\"offers\":{\"@type\":\"Offer\",\"url\":\"https:\\\/\\\/hidalgo.nl\\\/de\\\/product\\\/883324\\\/w580-canvas-korb\\\/#wooCommerceOffer\",\"price\":\"9.31\",\"priceCurrency\":\"EUR\",\"category\":\"Promotionele Artikelen\",\"availability\":\"https:\\\/\\\/schema.org\\\/InStock\",\"priceSpecification\":{\"@type\":\"PriceSpecification\",\"price\":9.31,\"priceCurrency\":\"EUR\",\"valueAddedTaxIncluded\":\"true\"}}}]},{\"@type\":\"WebPage\",\"@id\":\"https:\\\/\\\/hidalgo.nl\\\/de\\\/product\\\/883324\\\/w580-canvas-korb\\\/#webpage\",\"url\":\"https:\\\/\\\/hidalgo.nl\\\/de\\\/product\\\/883324\\\/w580-canvas-korb\\\/\",\"name\":\"W580 - Canvas - Korb\",\"description\":\"Widerstandsf\\u00e4higes, langlebiges Canvas. Glatte Oberfl\\u00e4che, die sich optimal zum Bedrucken und f\\u00fcr Siebdruck eignet. Strapazierf\\u00e4hige Handgelenkskordel f\\u00fcr einen einfachen Transport.\",\"inLanguage\":\"de-DE\",\"isPartOf\":{\"@id\":\"https:\\\/\\\/hidalgo.nl\\\/de\\\/#website\"},\"breadcrumb\":{\"@id\":\"https:\\\/\\\/hidalgo.nl\\\/de\\\/product\\\/883324\\\/w580-canvas-korb\\\/#breadcrumblist\"},\"image\":{\"@type\":\"ImageObject\",\"url\":\"https:\\\/\\\/shop.hidalgo.nl\\\/wp-content\\\/uploads\\\/2026\\\/04\\\/W580-8_2018.jpg\",\"@id\":\"https:\\\/\\\/hidalgo.nl\\\/de\\\/product\\\/883324\\\/w580-canvas-korb\\\/#mainImage\"},\"primaryImageOfPage\":{\"@id\":\"https:\\\/\\\/hidalgo.nl\\\/de\\\/product\\\/883324\\\/w580-canvas-korb\\\/#mainImage\"},\"datePublished\":\"2026-05-11T12:44:28+00:00\",\"dateModified\":\"2026-05-11T12:47:54+00:00\"},{\"@type\":\"WebSite\",\"@id\":\"https:\\\/\\\/hidalgo.nl\\\/de\\\/#website\",\"url\":\"https:\\\/\\\/hidalgo.nl\\\/de\\\/\",\"name\":\"Hidalgo\",\"inLanguage\":\"de-DE\",\"publisher\":{\"@id\":\"https:\\\/\\\/hidalgo.nl\\\/de\\\/#organization\"}}]}\n\t\t<\/script>\n\t\t<!-- All in One SEO Pro -->\r\n\t\t<title>W580 - Canvas - Korb<\/title>\n\n","aioseo_head_json":{"title":"W580 - Canvas - Korb","description":"Widerstandsf\u00e4higes, langlebiges Canvas. Glatte Oberfl\u00e4che, die sich optimal zum Bedrucken und f\u00fcr Siebdruck eignet. Strapazierf\u00e4hige Handgelenkskordel f\u00fcr einen einfachen Transport.","canonical_url":"https:\/\/hidalgo.nl\/de\/wp-json\/wp\/v2\/product\/883324","robots":"max-image-preview:large","keywords":"","webmasterTools":{"miscellaneous":""},"schema":{"@context":"https:\/\/schema.org","@graph":[{"@type":"BreadcrumbList","@id":"https:\/\/hidalgo.nl\/de\/product\/883324\/w580-canvas-korb\/#breadcrumblist","itemListElement":[{"@type":"ListItem","@id":"https:\/\/hidalgo.nl\/de\/#listItem","position":1,"name":"Home","item":"https:\/\/hidalgo.nl\/de\/","nextItem":{"@type":"ListItem","@id":"https:\/\/hidalgo.nl\/example\/#listItem","name":"example"}},{"@type":"ListItem","@id":"https:\/\/hidalgo.nl\/example\/#listItem","position":2,"name":"example","item":"https:\/\/hidalgo.nl\/example\/","nextItem":{"@type":"ListItem","@id":"https:\/\/hidalgo.nl\/de\/product-supplier\/a404\/#listItem","name":"A404"},"previousItem":{"@type":"ListItem","@id":"https:\/\/hidalgo.nl\/de\/#listItem","name":"Home"}},{"@type":"ListItem","@id":"https:\/\/hidalgo.nl\/de\/product-supplier\/a404\/#listItem","position":3,"name":"A404","item":"https:\/\/hidalgo.nl\/de\/product-supplier\/a404\/","nextItem":{"@type":"ListItem","@id":"https:\/\/hidalgo.nl\/de\/product\/883324\/w580-canvas-korb\/#listItem","name":"W580 &#8211; Stevige canvasmand"},"previousItem":{"@type":"ListItem","@id":"https:\/\/hidalgo.nl\/example\/#listItem","name":"example"}},{"@type":"ListItem","@id":"https:\/\/hidalgo.nl\/de\/product\/883324\/w580-canvas-korb\/#listItem","position":4,"name":"W580 &#8211; Stevige canvasmand","previousItem":{"@type":"ListItem","@id":"https:\/\/hidalgo.nl\/de\/product-supplier\/a404\/#listItem","name":"A404"}}]},{"@type":"Organization","@id":"https:\/\/hidalgo.nl\/de\/#organization","name":"Hidalgo","url":"https:\/\/hidalgo.nl\/de\/","logo":{"@type":"ImageObject","url":"https:\/\/shop.hidalgo.nl\/wp-content\/uploads\/2025\/11\/cropped-Hidalgo-est1993.png","@id":"https:\/\/hidalgo.nl\/de\/product\/883324\/w580-canvas-korb\/#organizationLogo","width":585,"height":195},"image":{"@id":"https:\/\/hidalgo.nl\/de\/product\/883324\/w580-canvas-korb\/#organizationLogo"}},{"@type":"ProductGroup","@id":"https:\/\/hidalgo.nl\/de\/product\/883324\/w580-canvas-korb\/#wooCommerceProduct","name":"W580 - Canvas - Korb","url":"https:\/\/hidalgo.nl\/de\/product\/883324\/w580-canvas-korb\/","brand":{"@type":"Brand","name":"Westford Mill"},"sku":"W580","image":{"@type":"ImageObject","url":"https:\/\/shop.hidalgo.nl\/wp-content\/uploads\/2026\/04\/W580-8_2018.jpg","@id":"https:\/\/hidalgo.nl\/de\/product\/883324\/w580-canvas-korb\/#productImage"},"productGroupID":883324,"hasVariant":[{"@type":"Product","@id":"https:\/\/hidalgo.nl\/de\/product\/883324\/w580-canvas-korb\/#wooCommerceProduct","name":"W580 - Stevige canvasmand - natural, s","url":"https:\/\/hidalgo.nl\/de\/product\/883324\/w580-canvas-korb\/","sku":"W580S_58804_58803","gtin":"5060424727933","image":{"@type":"ImageObject","url":"https:\/\/shop.hidalgo.nl\/wp-content\/uploads\/2026\/04\/PS_W580-FF_NATURAL.png","@id":"https:\/\/hidalgo.nl\/de\/product\/883324\/w580-canvas-korb\/#productImage"},"offers":{"@type":"Offer","url":"https:\/\/hidalgo.nl\/de\/product\/883324\/w580-canvas-korb\/#wooCommerceOffer","price":"4.65","priceCurrency":"EUR","category":"Promotionele Artikelen","availability":"https:\/\/schema.org\/InStock","priceSpecification":{"@type":"PriceSpecification","price":4.65,"priceCurrency":"EUR","valueAddedTaxIncluded":"true"}}},{"@type":"Product","@id":"https:\/\/hidalgo.nl\/de\/product\/883324\/w580-canvas-korb\/#wooCommerceProduct","name":"W580 - Stevige canvasmand - natural, m","url":"https:\/\/hidalgo.nl\/de\/product\/883324\/w580-canvas-korb\/","sku":"W580M_58805_58802","gtin":"5060424727940","image":{"@type":"ImageObject","url":"https:\/\/shop.hidalgo.nl\/wp-content\/uploads\/2026\/04\/PS_W580-FF_NATURAL.png","@id":"https:\/\/hidalgo.nl\/de\/product\/883324\/w580-canvas-korb\/#productImage"},"offers":{"@type":"Offer","url":"https:\/\/hidalgo.nl\/de\/product\/883324\/w580-canvas-korb\/#wooCommerceOffer","price":"7.1","priceCurrency":"EUR","category":"Promotionele Artikelen","availability":"https:\/\/schema.org\/InStock","priceSpecification":{"@type":"PriceSpecification","price":7.1,"priceCurrency":"EUR","valueAddedTaxIncluded":"true"}}},{"@type":"Product","@id":"https:\/\/hidalgo.nl\/de\/product\/883324\/w580-canvas-korb\/#wooCommerceProduct","name":"W580 - Stevige canvasmand - natural, l","url":"https:\/\/hidalgo.nl\/de\/product\/883324\/w580-canvas-korb\/","sku":"W580L_58806_58801","gtin":"5060424727957","image":{"@type":"ImageObject","url":"https:\/\/shop.hidalgo.nl\/wp-content\/uploads\/2026\/04\/PS_W580-FF_NATURAL.png","@id":"https:\/\/hidalgo.nl\/de\/product\/883324\/w580-canvas-korb\/#productImage"},"offers":{"@type":"Offer","url":"https:\/\/hidalgo.nl\/de\/product\/883324\/w580-canvas-korb\/#wooCommerceOffer","price":"9.31","priceCurrency":"EUR","category":"Promotionele Artikelen","availability":"https:\/\/schema.org\/InStock","priceSpecification":{"@type":"PriceSpecification","price":9.31,"priceCurrency":"EUR","valueAddedTaxIncluded":"true"}}}]},{"@type":"WebPage","@id":"https:\/\/hidalgo.nl\/de\/product\/883324\/w580-canvas-korb\/#webpage","url":"https:\/\/hidalgo.nl\/de\/product\/883324\/w580-canvas-korb\/","name":"W580 - Canvas - Korb","description":"Widerstandsf\u00e4higes, langlebiges Canvas. Glatte Oberfl\u00e4che, die sich optimal zum Bedrucken und f\u00fcr Siebdruck eignet. Strapazierf\u00e4hige Handgelenkskordel f\u00fcr einen einfachen Transport.","inLanguage":"de-DE","isPartOf":{"@id":"https:\/\/hidalgo.nl\/de\/#website"},"breadcrumb":{"@id":"https:\/\/hidalgo.nl\/de\/product\/883324\/w580-canvas-korb\/#breadcrumblist"},"image":{"@type":"ImageObject","url":"https:\/\/shop.hidalgo.nl\/wp-content\/uploads\/2026\/04\/W580-8_2018.jpg","@id":"https:\/\/hidalgo.nl\/de\/product\/883324\/w580-canvas-korb\/#mainImage"},"primaryImageOfPage":{"@id":"https:\/\/hidalgo.nl\/de\/product\/883324\/w580-canvas-korb\/#mainImage"},"datePublished":"2026-05-11T12:44:28+00:00","dateModified":"2026-05-11T12:47:54+00:00"},{"@type":"WebSite","@id":"https:\/\/hidalgo.nl\/de\/#website","url":"https:\/\/hidalgo.nl\/de\/","name":"Hidalgo","inLanguage":"de-DE","publisher":{"@id":"https:\/\/hidalgo.nl\/de\/#organization"}}]},"og:locale":"de_DE","og:site_name":"Hidalgo -","og:type":"article","og:title":"W580 - Canvas - Korb","og:description":"Widerstandsf\u00e4higes, langlebiges Canvas. Glatte Oberfl\u00e4che, die sich optimal zum Bedrucken und f\u00fcr Siebdruck eignet. Strapazierf\u00e4hige Handgelenkskordel f\u00fcr einen einfachen Transport.","og:url":"https:\/\/hidalgo.nl\/de\/wp-json\/wp\/v2\/product\/883324","og:image":"https:\/\/shop.hidalgo.nl\/wp-content\/uploads\/2025\/11\/cropped-Hidalgo-est1993.png","og:image:secure_url":"https:\/\/shop.hidalgo.nl\/wp-content\/uploads\/2025\/11\/cropped-Hidalgo-est1993.png","article:published_time":"2026-05-11T12:44:28+00:00","article:modified_time":"2026-05-11T12:47:54+00:00","twitter:card":"summary_large_image","twitter:title":"W580 - Canvas - Korb","twitter:description":"Widerstandsf\u00e4higes, langlebiges Canvas. Glatte Oberfl\u00e4che, die sich optimal zum Bedrucken und f\u00fcr Siebdruck eignet. Strapazierf\u00e4hige Handgelenkskordel f\u00fcr einen einfachen Transport.","twitter:image":"https:\/\/shop.hidalgo.nl\/wp-content\/uploads\/2025\/11\/cropped-Hidalgo-est1993.png"},"aioseo_meta_data":{"post_id":"883324","title":null,"description":null,"keywords":null,"keyphrases":{"focus":{"keyphrase":"","score":0,"analysis":{"keyphraseInTitle":{"score":0,"maxScore":9,"error":1}}},"additional":[]},"primary_term":null,"canonical_url":null,"og_title":null,"og_description":null,"og_object_type":"default","og_image_type":"default","og_image_url":null,"og_image_width":null,"og_image_height":null,"og_image_custom_url":null,"og_image_custom_fields":null,"og_video":"","og_custom_url":null,"og_article_section":null,"og_article_tags":null,"twitter_use_og":false,"twitter_card":"default","twitter_image_type":"default","twitter_image_url":null,"twitter_image_custom_url":null,"twitter_image_custom_fields":null,"twitter_title":null,"twitter_description":null,"schema":{"blockGraphs":[],"customGraphs":[],"default":{"data":{"Article":[],"Course":[],"Dataset":[],"FAQPage":[],"Movie":[],"Person":[],"Product":[],"ProductReview":[],"Car":[],"Recipe":[],"Service":[],"SoftwareApplication":[],"WebPage":[]},"graphName":"Product","isEnabled":true},"graphs":[]},"schema_type":"default","schema_type_options":null,"pillar_content":false,"robots_default":true,"robots_noindex":false,"robots_noarchive":false,"robots_nosnippet":false,"robots_nofollow":false,"robots_noimageindex":false,"robots_noodp":false,"robots_notranslate":false,"robots_max_snippet":"-1","robots_max_videopreview":"-1","robots_max_imagepreview":"large","priority":null,"frequency":"default","local_seo":null,"seo_analyzer_scan_date":null,"breadcrumb_settings":null,"limit_modified_date":false,"reviewed_by":"0","open_ai":null,"ai":{"faqs":[],"keyPoints":[],"schemas":[],"titles":[],"descriptions":[],"socialPosts":{"email":[],"linkedin":[],"twitter":[],"facebook":[],"instagram":[]}},"created":"2026-05-11 12:44:57","updated":"2026-05-11 12:47:54"},"aioseo_breadcrumb":"<div class=\"aioseo-breadcrumbs\"><span class=\"aioseo-breadcrumb\">\n\t<a href=\"https:\/\/hidalgo.nl\/de\/\" title=\"Home\">Home<\/a>\n<\/span><span class=\"aioseo-breadcrumb-separator\">\u00bb<\/span><span class=\"aioseo-breadcrumb\">\n\t<a href=\"https:\/\/hidalgo.nl\/example\/\" title=\"example\">example<\/a>\n<\/span><span class=\"aioseo-breadcrumb-separator\">\u00bb<\/span><span class=\"aioseo-breadcrumb\">\n\t<a href=\"https:\/\/hidalgo.nl\/de\/product-supplier\/a404\/\" title=\"A404\">A404<\/a>\n<\/span><span class=\"aioseo-breadcrumb-separator\">\u00bb<\/span><span class=\"aioseo-breadcrumb\">\n\tW580 \u2013 Stevige canvasmand\n<\/span><\/div>","aioseo_breadcrumb_json":[{"label":"Home","link":"https:\/\/hidalgo.nl\/de\/"},{"label":"example","link":"https:\/\/hidalgo.nl\/example\/"},{"label":"A404","link":"https:\/\/hidalgo.nl\/de\/product-supplier\/a404\/"},{"label":"W580 &#8211; Stevige canvasmand","link":"https:\/\/hidalgo.nl\/de\/product\/883324\/w580-canvas-korb\/"}],"_links":{"self":[{"href":"https:\/\/hidalgo.nl\/de\/wp-json\/wp\/v2\/product\/883324","targetHints":{"allow":["GET"]}}],"collection":[{"href":"https:\/\/hidalgo.nl\/de\/wp-json\/wp\/v2\/product"}],"about":[{"href":"https:\/\/hidalgo.nl\/de\/wp-json\/wp\/v2\/types\/product"}],"wp:featuredmedia":[{"embeddable":true,"href":"https:\/\/hidalgo.nl\/de\/wp-json\/wp\/v2\/media\/883325"}],"wp:attachment":[{"href":"https:\/\/hidalgo.nl\/de\/wp-json\/wp\/v2\/media?parent=883324"}],"wp:term":[{"taxonomy":"product_brand","embeddable":true,"href":"https:\/\/hidalgo.nl\/de\/wp-json\/wp\/v2\/product_brand?post=883324"},{"taxonomy":"product_cat","embeddable":true,"href":"https:\/\/hidalgo.nl\/de\/wp-json\/wp\/v2\/product_cat?post=883324"},{"taxonomy":"product_tag","embeddable":true,"href":"https:\/\/hidalgo.nl\/de\/wp-json\/wp\/v2\/product_tag?post=883324"}],"curies":[{"name":"wp","href":"https:\/\/api.w.org\/{rel}","templated":true}]}}