{"id":883250,"date":"2026-05-11T12:40:45","date_gmt":"2026-05-11T12:40:45","guid":{"rendered":"https:\/\/hidalgo.nl\/product\/sp120-fouta\/"},"modified":"2026-05-11T12:42:03","modified_gmt":"2026-05-11T12:42:03","slug":"sp120-fouta","status":"publish","type":"product","link":"https:\/\/hidalgo.nl\/de\/product\/883250\/sp120-fouta-tuecher\/","title":{"rendered":"SP120 &#8211; Fouta"},"content":{"rendered":"<p>65% katoen, 35% linnen. Afmetingen: 135 x 180\u00a0cm (variaties mogelijk naargelang de complexiteit van het weefproces). Gewassen product. Fouta met franjes aan de uiteinden. Dubbelzijdig geweven met textuur-effect, waarvan \u00e9\u00e9n lichtere zijde in beige schakeringen.<\/p>\n","protected":false},"excerpt":{"rendered":"<p>65% katoen, 35% linnen. Afmetingen: 135 x 180\u00a0cm (variaties mogelijk naargelang de complexiteit van het weefproces). Gewassen product. Fouta met franjes aan de uiteinden. Dubbelzijdig geweven met textuur-effect, waarvan \u00e9\u00e9n lichtere zijde in beige schakeringen.<\/p>\n","protected":false},"featured_media":883251,"template":"","meta":{"_acf_changed":false,"om_disable_all_campaigns":false,"_monsterinsights_skip_tracking":false,"_monsterinsights_sitenote_active":false,"_monsterinsights_sitenote_note":"","_monsterinsights_sitenote_category":0},"product_brand":[1670],"product_cat":[4877,4752],"product_tag":[],"class_list":{"0":"post-883250","1":"product","2":"type-product","3":"status-publish","4":"has-post-thumbnail","6":"product_supplier-a404","7":"product_brand-spasso","8":"product_cat-handdoeken-hammam-doeken","9":"product_cat-handdoeken","10":"entry","12":"first","13":"outofstock","14":"taxable","15":"shipping-taxable","16":"purchasable","17":"product-type-variable"},"acf":{"english_short_description":"No label: 100% customisable.\nNatural, textured finish.\nElegant fringed finish.","german_short_description":"No Label: 100 % veredelbar.\nNat\u00fcrlicher und strukturierter Look.\nElegante Fransenabschl\u00fcsse.","product_supplier_text":"A404"},"aioseo_notices":[],"aioseo_head":"\n\t\t<!-- All in One SEO Pro 4.9.7 - aioseo.com -->\n\t<meta name=\"description\" content=\"No Label: 100 % veredelbar. Nat\u00fcrlicher und strukturierter Look. Elegante Fransenabschl\u00fcsse.\" \/>\n\t<meta name=\"robots\" content=\"max-image-preview:large\" \/>\n\t<link rel=\"canonical\" href=\"https:\/\/hidalgo.nl\/de\/wp-json\/wp\/v2\/product\/883250\" \/>\n\t<meta name=\"generator\" content=\"All in One SEO Pro (AIOSEO) 4.9.7\" \/>\n\t\t<meta property=\"og:locale\" content=\"de_DE\" \/>\n\t\t<meta property=\"og:site_name\" content=\"Hidalgo -\" \/>\n\t\t<meta property=\"og:type\" content=\"article\" \/>\n\t\t<meta property=\"og:title\" content=\"SP120 - Fouta-T\u00fccher\" \/>\n\t\t<meta property=\"og:description\" content=\"No Label: 100 % veredelbar. Nat\u00fcrlicher und strukturierter Look. Elegante Fransenabschl\u00fcsse.\" \/>\n\t\t<meta property=\"og:url\" content=\"https:\/\/hidalgo.nl\/de\/wp-json\/wp\/v2\/product\/883250\" \/>\n\t\t<meta property=\"og:image\" content=\"https:\/\/shop.hidalgo.nl\/wp-content\/uploads\/2025\/11\/cropped-Hidalgo-est1993.png\" \/>\n\t\t<meta property=\"og:image:secure_url\" content=\"https:\/\/shop.hidalgo.nl\/wp-content\/uploads\/2025\/11\/cropped-Hidalgo-est1993.png\" \/>\n\t\t<meta property=\"article:published_time\" content=\"2026-05-11T12:40:45+00:00\" \/>\n\t\t<meta property=\"article:modified_time\" content=\"2026-05-11T12:42:03+00:00\" \/>\n\t\t<meta name=\"twitter:card\" content=\"summary_large_image\" \/>\n\t\t<meta name=\"twitter:title\" content=\"SP120 - Fouta-T\u00fccher\" \/>\n\t\t<meta name=\"twitter:description\" content=\"No Label: 100 % veredelbar. Nat\u00fcrlicher und strukturierter Look. Elegante Fransenabschl\u00fcsse.\" \/>\n\t\t<meta name=\"twitter:image\" content=\"https:\/\/shop.hidalgo.nl\/wp-content\/uploads\/2025\/11\/cropped-Hidalgo-est1993.png\" \/>\n\t\t<script type=\"application\/ld+json\" class=\"aioseo-schema\">\n\t\t\t{\"@context\":\"https:\\\/\\\/schema.org\",\"@graph\":[{\"@type\":\"BreadcrumbList\",\"@id\":\"https:\\\/\\\/hidalgo.nl\\\/de\\\/product\\\/883250\\\/sp120-fouta-tuecher\\\/#breadcrumblist\",\"itemListElement\":[{\"@type\":\"ListItem\",\"@id\":\"https:\\\/\\\/hidalgo.nl\\\/de\\\/#listItem\",\"position\":1,\"name\":\"Home\",\"item\":\"https:\\\/\\\/hidalgo.nl\\\/de\\\/\",\"nextItem\":{\"@type\":\"ListItem\",\"@id\":\"https:\\\/\\\/hidalgo.nl\\\/example\\\/#listItem\",\"name\":\"example\"}},{\"@type\":\"ListItem\",\"@id\":\"https:\\\/\\\/hidalgo.nl\\\/example\\\/#listItem\",\"position\":2,\"name\":\"example\",\"item\":\"https:\\\/\\\/hidalgo.nl\\\/example\\\/\",\"nextItem\":{\"@type\":\"ListItem\",\"@id\":\"https:\\\/\\\/hidalgo.nl\\\/de\\\/product-supplier\\\/a404\\\/#listItem\",\"name\":\"A404\"},\"previousItem\":{\"@type\":\"ListItem\",\"@id\":\"https:\\\/\\\/hidalgo.nl\\\/de\\\/#listItem\",\"name\":\"Home\"}},{\"@type\":\"ListItem\",\"@id\":\"https:\\\/\\\/hidalgo.nl\\\/de\\\/product-supplier\\\/a404\\\/#listItem\",\"position\":3,\"name\":\"A404\",\"item\":\"https:\\\/\\\/hidalgo.nl\\\/de\\\/product-supplier\\\/a404\\\/\",\"nextItem\":{\"@type\":\"ListItem\",\"@id\":\"https:\\\/\\\/hidalgo.nl\\\/de\\\/product\\\/883250\\\/sp120-fouta-tuecher\\\/#listItem\",\"name\":\"SP120 &#8211; Fouta\"},\"previousItem\":{\"@type\":\"ListItem\",\"@id\":\"https:\\\/\\\/hidalgo.nl\\\/example\\\/#listItem\",\"name\":\"example\"}},{\"@type\":\"ListItem\",\"@id\":\"https:\\\/\\\/hidalgo.nl\\\/de\\\/product\\\/883250\\\/sp120-fouta-tuecher\\\/#listItem\",\"position\":4,\"name\":\"SP120 &#8211; Fouta\",\"previousItem\":{\"@type\":\"ListItem\",\"@id\":\"https:\\\/\\\/hidalgo.nl\\\/de\\\/product-supplier\\\/a404\\\/#listItem\",\"name\":\"A404\"}}]},{\"@type\":\"Organization\",\"@id\":\"https:\\\/\\\/hidalgo.nl\\\/de\\\/#organization\",\"name\":\"Hidalgo\",\"url\":\"https:\\\/\\\/hidalgo.nl\\\/de\\\/\",\"logo\":{\"@type\":\"ImageObject\",\"url\":\"https:\\\/\\\/shop.hidalgo.nl\\\/wp-content\\\/uploads\\\/2025\\\/11\\\/cropped-Hidalgo-est1993.png\",\"@id\":\"https:\\\/\\\/hidalgo.nl\\\/de\\\/product\\\/883250\\\/sp120-fouta-tuecher\\\/#organizationLogo\",\"width\":585,\"height\":195},\"image\":{\"@id\":\"https:\\\/\\\/hidalgo.nl\\\/de\\\/product\\\/883250\\\/sp120-fouta-tuecher\\\/#organizationLogo\"}},{\"@type\":\"ProductGroup\",\"@id\":\"https:\\\/\\\/hidalgo.nl\\\/de\\\/product\\\/883250\\\/sp120-fouta-tuecher\\\/#wooCommerceProduct\",\"name\":\"SP120 - Fouta-T\\u00fccher\",\"url\":\"https:\\\/\\\/hidalgo.nl\\\/de\\\/product\\\/883250\\\/sp120-fouta-tuecher\\\/\",\"brand\":{\"@type\":\"Brand\",\"name\":\"Spasso\"},\"sku\":\"SP120\",\"image\":{\"@type\":\"ImageObject\",\"url\":\"https:\\\/\\\/shop.hidalgo.nl\\\/wp-content\\\/uploads\\\/2026\\\/04\\\/SP120_2025.jpg\",\"@id\":\"https:\\\/\\\/hidalgo.nl\\\/de\\\/product\\\/883250\\\/sp120-fouta-tuecher\\\/#productImage\"},\"productGroupID\":883250,\"hasVariant\":[{\"@type\":\"Product\",\"@id\":\"https:\\\/\\\/hidalgo.nl\\\/de\\\/product\\\/883250\\\/sp120-fouta-tuecher\\\/#wooCommerceProduct\",\"name\":\"SP120 - Fouta - cedar-brown-heather, one-size\",\"url\":\"https:\\\/\\\/hidalgo.nl\\\/de\\\/product\\\/883250\\\/sp120-fouta-tuecher\\\/\",\"sku\":\"SP120_96246_96245\",\"gtin\":\"3663639149648\",\"image\":{\"@type\":\"ImageObject\",\"url\":\"https:\\\/\\\/shop.hidalgo.nl\\\/wp-content\\\/uploads\\\/2026\\\/04\\\/SP120_2025.jpg\",\"@id\":\"https:\\\/\\\/hidalgo.nl\\\/de\\\/product\\\/883250\\\/sp120-fouta-tuecher\\\/#productImage\"},\"offers\":{\"@type\":\"Offer\",\"url\":\"https:\\\/\\\/hidalgo.nl\\\/de\\\/product\\\/883250\\\/sp120-fouta-tuecher\\\/#wooCommerceOffer\",\"price\":\"34.24\",\"priceCurrency\":\"EUR\",\"category\":\"Handdoeken\",\"availability\":\"https:\\\/\\\/schema.org\\\/InStock\",\"priceSpecification\":{\"@type\":\"PriceSpecification\",\"price\":34.24,\"priceCurrency\":\"EUR\",\"valueAddedTaxIncluded\":\"true\"}}}]},{\"@type\":\"WebPage\",\"@id\":\"https:\\\/\\\/hidalgo.nl\\\/de\\\/product\\\/883250\\\/sp120-fouta-tuecher\\\/#webpage\",\"url\":\"https:\\\/\\\/hidalgo.nl\\\/de\\\/product\\\/883250\\\/sp120-fouta-tuecher\\\/\",\"name\":\"SP120 - Fouta-T\\u00fccher\",\"description\":\"No Label: 100 % veredelbar. Nat\\u00fcrlicher und strukturierter Look. Elegante Fransenabschl\\u00fcsse.\",\"inLanguage\":\"de-DE\",\"isPartOf\":{\"@id\":\"https:\\\/\\\/hidalgo.nl\\\/de\\\/#website\"},\"breadcrumb\":{\"@id\":\"https:\\\/\\\/hidalgo.nl\\\/de\\\/product\\\/883250\\\/sp120-fouta-tuecher\\\/#breadcrumblist\"},\"image\":{\"@type\":\"ImageObject\",\"url\":\"https:\\\/\\\/shop.hidalgo.nl\\\/wp-content\\\/uploads\\\/2026\\\/04\\\/SP120_2025.jpg\",\"@id\":\"https:\\\/\\\/hidalgo.nl\\\/de\\\/product\\\/883250\\\/sp120-fouta-tuecher\\\/#mainImage\"},\"primaryImageOfPage\":{\"@id\":\"https:\\\/\\\/hidalgo.nl\\\/de\\\/product\\\/883250\\\/sp120-fouta-tuecher\\\/#mainImage\"},\"datePublished\":\"2026-05-11T12:40:45+00:00\",\"dateModified\":\"2026-05-11T12:42:03+00:00\"},{\"@type\":\"WebSite\",\"@id\":\"https:\\\/\\\/hidalgo.nl\\\/de\\\/#website\",\"url\":\"https:\\\/\\\/hidalgo.nl\\\/de\\\/\",\"name\":\"Hidalgo\",\"inLanguage\":\"de-DE\",\"publisher\":{\"@id\":\"https:\\\/\\\/hidalgo.nl\\\/de\\\/#organization\"}}]}\n\t\t<\/script>\n\t\t<!-- All in One SEO Pro -->\r\n\t\t<title>SP120 - Fouta-T\u00fccher<\/title>\n\n","aioseo_head_json":{"title":"SP120 - Fouta-T\u00fccher","description":"No Label: 100 % veredelbar. Nat\u00fcrlicher und strukturierter Look. Elegante Fransenabschl\u00fcsse.","canonical_url":"https:\/\/hidalgo.nl\/de\/wp-json\/wp\/v2\/product\/883250","robots":"max-image-preview:large","keywords":"","webmasterTools":{"miscellaneous":""},"schema":{"@context":"https:\/\/schema.org","@graph":[{"@type":"BreadcrumbList","@id":"https:\/\/hidalgo.nl\/de\/product\/883250\/sp120-fouta-tuecher\/#breadcrumblist","itemListElement":[{"@type":"ListItem","@id":"https:\/\/hidalgo.nl\/de\/#listItem","position":1,"name":"Home","item":"https:\/\/hidalgo.nl\/de\/","nextItem":{"@type":"ListItem","@id":"https:\/\/hidalgo.nl\/example\/#listItem","name":"example"}},{"@type":"ListItem","@id":"https:\/\/hidalgo.nl\/example\/#listItem","position":2,"name":"example","item":"https:\/\/hidalgo.nl\/example\/","nextItem":{"@type":"ListItem","@id":"https:\/\/hidalgo.nl\/de\/product-supplier\/a404\/#listItem","name":"A404"},"previousItem":{"@type":"ListItem","@id":"https:\/\/hidalgo.nl\/de\/#listItem","name":"Home"}},{"@type":"ListItem","@id":"https:\/\/hidalgo.nl\/de\/product-supplier\/a404\/#listItem","position":3,"name":"A404","item":"https:\/\/hidalgo.nl\/de\/product-supplier\/a404\/","nextItem":{"@type":"ListItem","@id":"https:\/\/hidalgo.nl\/de\/product\/883250\/sp120-fouta-tuecher\/#listItem","name":"SP120 &#8211; Fouta"},"previousItem":{"@type":"ListItem","@id":"https:\/\/hidalgo.nl\/example\/#listItem","name":"example"}},{"@type":"ListItem","@id":"https:\/\/hidalgo.nl\/de\/product\/883250\/sp120-fouta-tuecher\/#listItem","position":4,"name":"SP120 &#8211; Fouta","previousItem":{"@type":"ListItem","@id":"https:\/\/hidalgo.nl\/de\/product-supplier\/a404\/#listItem","name":"A404"}}]},{"@type":"Organization","@id":"https:\/\/hidalgo.nl\/de\/#organization","name":"Hidalgo","url":"https:\/\/hidalgo.nl\/de\/","logo":{"@type":"ImageObject","url":"https:\/\/shop.hidalgo.nl\/wp-content\/uploads\/2025\/11\/cropped-Hidalgo-est1993.png","@id":"https:\/\/hidalgo.nl\/de\/product\/883250\/sp120-fouta-tuecher\/#organizationLogo","width":585,"height":195},"image":{"@id":"https:\/\/hidalgo.nl\/de\/product\/883250\/sp120-fouta-tuecher\/#organizationLogo"}},{"@type":"ProductGroup","@id":"https:\/\/hidalgo.nl\/de\/product\/883250\/sp120-fouta-tuecher\/#wooCommerceProduct","name":"SP120 - Fouta-T\u00fccher","url":"https:\/\/hidalgo.nl\/de\/product\/883250\/sp120-fouta-tuecher\/","brand":{"@type":"Brand","name":"Spasso"},"sku":"SP120","image":{"@type":"ImageObject","url":"https:\/\/shop.hidalgo.nl\/wp-content\/uploads\/2026\/04\/SP120_2025.jpg","@id":"https:\/\/hidalgo.nl\/de\/product\/883250\/sp120-fouta-tuecher\/#productImage"},"productGroupID":883250,"hasVariant":[{"@type":"Product","@id":"https:\/\/hidalgo.nl\/de\/product\/883250\/sp120-fouta-tuecher\/#wooCommerceProduct","name":"SP120 - Fouta - cedar-brown-heather, one-size","url":"https:\/\/hidalgo.nl\/de\/product\/883250\/sp120-fouta-tuecher\/","sku":"SP120_96246_96245","gtin":"3663639149648","image":{"@type":"ImageObject","url":"https:\/\/shop.hidalgo.nl\/wp-content\/uploads\/2026\/04\/SP120_2025.jpg","@id":"https:\/\/hidalgo.nl\/de\/product\/883250\/sp120-fouta-tuecher\/#productImage"},"offers":{"@type":"Offer","url":"https:\/\/hidalgo.nl\/de\/product\/883250\/sp120-fouta-tuecher\/#wooCommerceOffer","price":"34.24","priceCurrency":"EUR","category":"Handdoeken","availability":"https:\/\/schema.org\/InStock","priceSpecification":{"@type":"PriceSpecification","price":34.24,"priceCurrency":"EUR","valueAddedTaxIncluded":"true"}}}]},{"@type":"WebPage","@id":"https:\/\/hidalgo.nl\/de\/product\/883250\/sp120-fouta-tuecher\/#webpage","url":"https:\/\/hidalgo.nl\/de\/product\/883250\/sp120-fouta-tuecher\/","name":"SP120 - Fouta-T\u00fccher","description":"No Label: 100 % veredelbar. Nat\u00fcrlicher und strukturierter Look. Elegante Fransenabschl\u00fcsse.","inLanguage":"de-DE","isPartOf":{"@id":"https:\/\/hidalgo.nl\/de\/#website"},"breadcrumb":{"@id":"https:\/\/hidalgo.nl\/de\/product\/883250\/sp120-fouta-tuecher\/#breadcrumblist"},"image":{"@type":"ImageObject","url":"https:\/\/shop.hidalgo.nl\/wp-content\/uploads\/2026\/04\/SP120_2025.jpg","@id":"https:\/\/hidalgo.nl\/de\/product\/883250\/sp120-fouta-tuecher\/#mainImage"},"primaryImageOfPage":{"@id":"https:\/\/hidalgo.nl\/de\/product\/883250\/sp120-fouta-tuecher\/#mainImage"},"datePublished":"2026-05-11T12:40:45+00:00","dateModified":"2026-05-11T12:42:03+00:00"},{"@type":"WebSite","@id":"https:\/\/hidalgo.nl\/de\/#website","url":"https:\/\/hidalgo.nl\/de\/","name":"Hidalgo","inLanguage":"de-DE","publisher":{"@id":"https:\/\/hidalgo.nl\/de\/#organization"}}]},"og:locale":"de_DE","og:site_name":"Hidalgo -","og:type":"article","og:title":"SP120 - Fouta-T\u00fccher","og:description":"No Label: 100 % veredelbar. Nat\u00fcrlicher und strukturierter Look. Elegante Fransenabschl\u00fcsse.","og:url":"https:\/\/hidalgo.nl\/de\/wp-json\/wp\/v2\/product\/883250","og:image":"https:\/\/shop.hidalgo.nl\/wp-content\/uploads\/2025\/11\/cropped-Hidalgo-est1993.png","og:image:secure_url":"https:\/\/shop.hidalgo.nl\/wp-content\/uploads\/2025\/11\/cropped-Hidalgo-est1993.png","article:published_time":"2026-05-11T12:40:45+00:00","article:modified_time":"2026-05-11T12:42:03+00:00","twitter:card":"summary_large_image","twitter:title":"SP120 - Fouta-T\u00fccher","twitter:description":"No Label: 100 % veredelbar. Nat\u00fcrlicher und strukturierter Look. Elegante Fransenabschl\u00fcsse.","twitter:image":"https:\/\/shop.hidalgo.nl\/wp-content\/uploads\/2025\/11\/cropped-Hidalgo-est1993.png"},"aioseo_meta_data":{"post_id":"883250","title":null,"description":null,"keywords":null,"keyphrases":null,"primary_term":null,"canonical_url":null,"og_title":null,"og_description":null,"og_object_type":"default","og_image_type":"default","og_image_url":null,"og_image_width":null,"og_image_height":null,"og_image_custom_url":null,"og_image_custom_fields":null,"og_video":null,"og_custom_url":null,"og_article_section":null,"og_article_tags":null,"twitter_use_og":false,"twitter_card":"default","twitter_image_type":"default","twitter_image_url":null,"twitter_image_custom_url":null,"twitter_image_custom_fields":null,"twitter_title":null,"twitter_description":null,"schema":{"blockGraphs":[],"customGraphs":[],"default":{"data":{"Article":[],"Course":[],"Dataset":[],"FAQPage":[],"Movie":[],"Person":[],"Product":[],"ProductReview":[],"Car":[],"Recipe":[],"Service":[],"SoftwareApplication":[],"WebPage":[]},"graphName":"","isEnabled":true},"graphs":[]},"schema_type":"default","schema_type_options":null,"pillar_content":false,"robots_default":true,"robots_noindex":false,"robots_noarchive":false,"robots_nosnippet":false,"robots_nofollow":false,"robots_noimageindex":false,"robots_noodp":false,"robots_notranslate":false,"robots_max_snippet":null,"robots_max_videopreview":null,"robots_max_imagepreview":"large","priority":null,"frequency":null,"local_seo":null,"seo_analyzer_scan_date":null,"breadcrumb_settings":null,"limit_modified_date":false,"reviewed_by":null,"open_ai":null,"ai":null,"created":"2026-05-11 12:40:54","updated":"2026-05-11 12:43:52"},"aioseo_breadcrumb":"<div class=\"aioseo-breadcrumbs\"><span class=\"aioseo-breadcrumb\">\n\t<a href=\"https:\/\/hidalgo.nl\/de\/\" title=\"Home\">Home<\/a>\n<\/span><span class=\"aioseo-breadcrumb-separator\">\u00bb<\/span><span class=\"aioseo-breadcrumb\">\n\t<a href=\"https:\/\/hidalgo.nl\/example\/\" title=\"example\">example<\/a>\n<\/span><span class=\"aioseo-breadcrumb-separator\">\u00bb<\/span><span class=\"aioseo-breadcrumb\">\n\t<a href=\"https:\/\/hidalgo.nl\/de\/product-supplier\/a404\/\" title=\"A404\">A404<\/a>\n<\/span><span class=\"aioseo-breadcrumb-separator\">\u00bb<\/span><span class=\"aioseo-breadcrumb\">\n\tSP120 \u2013 Fouta\n<\/span><\/div>","aioseo_breadcrumb_json":[{"label":"Home","link":"https:\/\/hidalgo.nl\/de\/"},{"label":"example","link":"https:\/\/hidalgo.nl\/example\/"},{"label":"A404","link":"https:\/\/hidalgo.nl\/de\/product-supplier\/a404\/"},{"label":"SP120 &#8211; Fouta","link":"https:\/\/hidalgo.nl\/de\/product\/883250\/sp120-fouta-tuecher\/"}],"_links":{"self":[{"href":"https:\/\/hidalgo.nl\/de\/wp-json\/wp\/v2\/product\/883250","targetHints":{"allow":["GET"]}}],"collection":[{"href":"https:\/\/hidalgo.nl\/de\/wp-json\/wp\/v2\/product"}],"about":[{"href":"https:\/\/hidalgo.nl\/de\/wp-json\/wp\/v2\/types\/product"}],"wp:featuredmedia":[{"embeddable":true,"href":"https:\/\/hidalgo.nl\/de\/wp-json\/wp\/v2\/media\/883251"}],"wp:attachment":[{"href":"https:\/\/hidalgo.nl\/de\/wp-json\/wp\/v2\/media?parent=883250"}],"wp:term":[{"taxonomy":"product_brand","embeddable":true,"href":"https:\/\/hidalgo.nl\/de\/wp-json\/wp\/v2\/product_brand?post=883250"},{"taxonomy":"product_cat","embeddable":true,"href":"https:\/\/hidalgo.nl\/de\/wp-json\/wp\/v2\/product_cat?post=883250"},{"taxonomy":"product_tag","embeddable":true,"href":"https:\/\/hidalgo.nl\/de\/wp-json\/wp\/v2\/product_tag?post=883250"}],"curies":[{"name":"wp","href":"https:\/\/api.w.org\/{rel}","templated":true}]}}