{"id":8818,"date":"2025-07-03T09:53:32","date_gmt":"2025-07-03T09:53:32","guid":{"rendered":"http:\/\/bidonsenshakers.pim.hidalgo.nl\/product\/abs-massagepistool-axel\/"},"modified":"2026-03-15T18:31:51","modified_gmt":"2026-03-15T18:31:51","slug":"abs-massagepistool-axel","status":"publish","type":"product","link":"https:\/\/hidalgo.nl\/de\/product\/8818\/massagepistole-axel-bedrucken-6-stufen-abs-schwarz\/","title":{"rendered":"ABS massagepistool Axel"},"content":{"rendered":"<p>ABS massagepistool met borstelloze motor (snelheid 1.800 &#8211; 3.200 tpm) en 1.200 mAh oplaadbare batterij. 5V invoer en 6 intensiteitsniveaus om de spieren te masseren. Individueel verpakt per stuk in geschenkdoos, inclusief 4 massagekoppen.<\/p>\n","protected":false},"excerpt":{"rendered":"<p>ABS massagepistool met borstelloze motor (snelheid 1.800 &#8211; 3.200 tpm) en 1.200 mAh oplaadbare batterij. 5V invoer en 6 intensiteitsniveaus om de spieren te masseren. Individueel verpakt per stuk in geschenkdoos, inclusief 4 massagekoppen.<\/p>\n","protected":false},"featured_media":8819,"template":"","meta":{"_acf_changed":false,"om_disable_all_campaigns":false,"_monsterinsights_skip_tracking":false,"_monsterinsights_sitenote_active":false,"_monsterinsights_sitenote_note":"","_monsterinsights_sitenote_category":0},"product_brand":[49],"product_cat":[2820,4722,4719],"product_tag":[],"class_list":{"0":"post-8818","1":"product","2":"type-product","3":"status-publish","4":"has-post-thumbnail","6":"product_supplier-a58","7":"product_material-abs","8":"product_brand-impression","9":"product_cat-anti-stress","10":"product_cat-gezondheid","11":"product_cat-promotionele-artikelen","12":"entry","14":"first","15":"instock","16":"taxable","17":"shipping-taxable","18":"purchasable","19":"product-type-variable"},"acf":{"imprint_cost":[{"imprint_cost_key":"03fc3b45e5382f5d222cc6aa937b9b13136ce7dd","product_quantity_price_range":[{"imprint_cost_recommended_selling_price":"5.91","imprint_cost_recommended_selling_quantity":"1"},{"imprint_cost_recommended_selling_price":"2.97","imprint_cost_recommended_selling_quantity":"25"},{"imprint_cost_recommended_selling_price":"1.49","imprint_cost_recommended_selling_quantity":"50"},{"imprint_cost_recommended_selling_price":"0.69","imprint_cost_recommended_selling_quantity":"100"},{"imprint_cost_recommended_selling_price":"0.55","imprint_cost_recommended_selling_quantity":"250"},{"imprint_cost_recommended_selling_price":"0.43","imprint_cost_recommended_selling_quantity":"500"},{"imprint_cost_recommended_selling_price":"0.4","imprint_cost_recommended_selling_quantity":"1000"},{"imprint_cost_recommended_selling_price":"0.35","imprint_cost_recommended_selling_quantity":"2500"},{"imprint_cost_recommended_selling_price":"0.34","imprint_cost_recommended_selling_quantity":"5000"},{"imprint_cost_recommended_selling_price":"0.32","imprint_cost_recommended_selling_quantity":"10000"}],"product_quantity_price_range_buying":false,"imprint_cost_setup_costs":"52.31","imprint_cost_handling_costs":"0.26"},{"imprint_cost_key":"40a74d75b342eff77ecbe5d748d22701c39147d0","product_quantity_price_range":[{"imprint_cost_recommended_selling_price":"5.91","imprint_cost_recommended_selling_quantity":"1"},{"imprint_cost_recommended_selling_price":"2.97","imprint_cost_recommended_selling_quantity":"25"},{"imprint_cost_recommended_selling_price":"1.49","imprint_cost_recommended_selling_quantity":"50"},{"imprint_cost_recommended_selling_price":"0.69","imprint_cost_recommended_selling_quantity":"100"},{"imprint_cost_recommended_selling_price":"0.55","imprint_cost_recommended_selling_quantity":"250"},{"imprint_cost_recommended_selling_price":"0.43","imprint_cost_recommended_selling_quantity":"500"},{"imprint_cost_recommended_selling_price":"0.4","imprint_cost_recommended_selling_quantity":"1000"},{"imprint_cost_recommended_selling_price":"0.35","imprint_cost_recommended_selling_quantity":"2500"},{"imprint_cost_recommended_selling_price":"0.34","imprint_cost_recommended_selling_quantity":"5000"},{"imprint_cost_recommended_selling_price":"0.32","imprint_cost_recommended_selling_quantity":"10000"}],"product_quantity_price_range_buying":false,"imprint_cost_setup_costs":"52.31","imprint_cost_handling_costs":"0.26"}]},"aioseo_notices":[],"aioseo_head":"\n\t\t<!-- All in One SEO Pro 4.9.6.2 - aioseo.com -->\n\t<meta name=\"description\" content=\"Mit sechs Leistungsstufen unterst\u00fctzt dich dieses Tiefengewebe Massageger\u00e4t ideal bei der Regeneration nach dem Training oder im B\u00fcro. Lasse die Massage Gun mit Logo veredeln und gestalte ein modernes Werbegeschenk, das bei deiner aktiven Zielgruppe garantiert gut ankommt.\" \/>\n\t<meta name=\"robots\" content=\"max-image-preview:large\" \/>\n\t<link rel=\"canonical\" href=\"https:\/\/hidalgo.nl\/de\/wp-json\/wp\/v2\/product\/8818\" \/>\n\t<meta name=\"generator\" content=\"All in One SEO Pro (AIOSEO) 4.9.6.2\" \/>\n\t\t<meta property=\"og:locale\" content=\"de_DE\" \/>\n\t\t<meta property=\"og:site_name\" content=\"Hidalgo -\" \/>\n\t\t<meta property=\"og:type\" content=\"article\" \/>\n\t\t<meta property=\"og:title\" content=\"Massagepistole Axel bedrucken 6 Stufen ABS schwarz\" \/>\n\t\t<meta property=\"og:description\" content=\"Mit sechs Leistungsstufen unterst\u00fctzt dich dieses Tiefengewebe Massageger\u00e4t ideal bei der Regeneration nach dem Training oder im B\u00fcro. Lasse die Massage Gun mit Logo veredeln und gestalte ein modernes Werbegeschenk, das bei deiner aktiven Zielgruppe garantiert gut ankommt.\" \/>\n\t\t<meta property=\"og:url\" content=\"https:\/\/hidalgo.nl\/de\/wp-json\/wp\/v2\/product\/8818\" \/>\n\t\t<meta property=\"og:image\" content=\"https:\/\/shop.hidalgo.nl\/wp-content\/uploads\/2025\/11\/cropped-Hidalgo-est1993.png\" \/>\n\t\t<meta property=\"og:image:secure_url\" content=\"https:\/\/shop.hidalgo.nl\/wp-content\/uploads\/2025\/11\/cropped-Hidalgo-est1993.png\" \/>\n\t\t<meta property=\"article:published_time\" content=\"2025-07-03T09:53:32+00:00\" \/>\n\t\t<meta property=\"article:modified_time\" content=\"2026-03-15T18:31:51+00:00\" \/>\n\t\t<meta name=\"twitter:card\" content=\"summary_large_image\" \/>\n\t\t<meta name=\"twitter:title\" content=\"Massagepistole Axel bedrucken 6 Stufen ABS schwarz\" \/>\n\t\t<meta name=\"twitter:description\" content=\"Mit sechs Leistungsstufen unterst\u00fctzt dich dieses Tiefengewebe Massageger\u00e4t ideal bei der Regeneration nach dem Training oder im B\u00fcro. Lasse die Massage Gun mit Logo veredeln und gestalte ein modernes Werbegeschenk, das bei deiner aktiven Zielgruppe garantiert gut ankommt.\" \/>\n\t\t<meta name=\"twitter:image\" content=\"https:\/\/shop.hidalgo.nl\/wp-content\/uploads\/2025\/11\/cropped-Hidalgo-est1993.png\" \/>\n\t\t<script type=\"application\/ld+json\" class=\"aioseo-schema\">\n\t\t\t{\"@context\":\"https:\\\/\\\/schema.org\",\"@graph\":[{\"@type\":\"BreadcrumbList\",\"@id\":\"https:\\\/\\\/hidalgo.nl\\\/de\\\/product\\\/8818\\\/massagepistole-axel-bedrucken-6-stufen-abs-schwarz\\\/#breadcrumblist\",\"itemListElement\":[{\"@type\":\"ListItem\",\"@id\":\"https:\\\/\\\/hidalgo.nl\\\/de\\\/#listItem\",\"position\":1,\"name\":\"Home\",\"item\":\"https:\\\/\\\/hidalgo.nl\\\/de\\\/\",\"nextItem\":{\"@type\":\"ListItem\",\"@id\":\"https:\\\/\\\/hidalgo.nl\\\/example\\\/#listItem\",\"name\":\"example\"}},{\"@type\":\"ListItem\",\"@id\":\"https:\\\/\\\/hidalgo.nl\\\/example\\\/#listItem\",\"position\":2,\"name\":\"example\",\"item\":\"https:\\\/\\\/hidalgo.nl\\\/example\\\/\",\"nextItem\":{\"@type\":\"ListItem\",\"@id\":\"https:\\\/\\\/hidalgo.nl\\\/en\\\/product-supplier\\\/a58\\\/#listItem\",\"name\":\"A58\"},\"previousItem\":{\"@type\":\"ListItem\",\"@id\":\"https:\\\/\\\/hidalgo.nl\\\/de\\\/#listItem\",\"name\":\"Home\"}},{\"@type\":\"ListItem\",\"@id\":\"https:\\\/\\\/hidalgo.nl\\\/en\\\/product-supplier\\\/a58\\\/#listItem\",\"position\":3,\"name\":\"A58\",\"item\":\"https:\\\/\\\/hidalgo.nl\\\/en\\\/product-supplier\\\/a58\\\/\",\"nextItem\":{\"@type\":\"ListItem\",\"@id\":\"https:\\\/\\\/hidalgo.nl\\\/de\\\/product\\\/8818\\\/massagepistole-axel-bedrucken-6-stufen-abs-schwarz\\\/#listItem\",\"name\":\"ABS massagepistool Axel\"},\"previousItem\":{\"@type\":\"ListItem\",\"@id\":\"https:\\\/\\\/hidalgo.nl\\\/example\\\/#listItem\",\"name\":\"example\"}},{\"@type\":\"ListItem\",\"@id\":\"https:\\\/\\\/hidalgo.nl\\\/de\\\/product\\\/8818\\\/massagepistole-axel-bedrucken-6-stufen-abs-schwarz\\\/#listItem\",\"position\":4,\"name\":\"ABS massagepistool Axel\",\"previousItem\":{\"@type\":\"ListItem\",\"@id\":\"https:\\\/\\\/hidalgo.nl\\\/en\\\/product-supplier\\\/a58\\\/#listItem\",\"name\":\"A58\"}}]},{\"@type\":\"Organization\",\"@id\":\"https:\\\/\\\/hidalgo.nl\\\/de\\\/#organization\",\"name\":\"Hidalgo\",\"url\":\"https:\\\/\\\/hidalgo.nl\\\/de\\\/\",\"logo\":{\"@type\":\"ImageObject\",\"url\":\"https:\\\/\\\/shop.hidalgo.nl\\\/wp-content\\\/uploads\\\/2025\\\/11\\\/cropped-Hidalgo-est1993.png\",\"@id\":\"https:\\\/\\\/hidalgo.nl\\\/de\\\/product\\\/8818\\\/massagepistole-axel-bedrucken-6-stufen-abs-schwarz\\\/#organizationLogo\",\"width\":585,\"height\":195},\"image\":{\"@id\":\"https:\\\/\\\/hidalgo.nl\\\/de\\\/product\\\/8818\\\/massagepistole-axel-bedrucken-6-stufen-abs-schwarz\\\/#organizationLogo\"}},{\"@type\":\"ProductGroup\",\"@id\":\"https:\\\/\\\/hidalgo.nl\\\/de\\\/product\\\/8818\\\/massagepistole-axel-bedrucken-6-stufen-abs-schwarz\\\/#wooCommerceProduct\",\"name\":\"Massagepistole Axel bedrucken 6 Stufen ABS schwarz\",\"url\":\"https:\\\/\\\/hidalgo.nl\\\/de\\\/product\\\/8818\\\/massagepistole-axel-bedrucken-6-stufen-abs-schwarz\\\/\",\"brand\":{\"@type\":\"Brand\",\"name\":\"IMPRESSION\"},\"sku\":\"A58-1097551\",\"image\":{\"@type\":\"ImageObject\",\"url\":\"https:\\\/\\\/shop.hidalgo.nl\\\/wp-content\\\/uploads\\\/2025\\\/05\\\/56f3658d5333e3bd3f10a5eb60f95518d53546ca1a533789de27c183bde75876.jpg\",\"@id\":\"https:\\\/\\\/hidalgo.nl\\\/de\\\/product\\\/8818\\\/massagepistole-axel-bedrucken-6-stufen-abs-schwarz\\\/#productImage\",\"width\":1000,\"height\":836},\"productGroupID\":8818,\"hasVariant\":[{\"@type\":\"Product\",\"@id\":\"https:\\\/\\\/hidalgo.nl\\\/de\\\/product\\\/8818\\\/massagepistole-axel-bedrucken-6-stufen-abs-schwarz\\\/#wooCommerceProduct\",\"name\":\"ABS massagepistool Axel - zwart,\",\"url\":\"https:\\\/\\\/hidalgo.nl\\\/de\\\/product\\\/8818\\\/massagepistole-axel-bedrucken-6-stufen-abs-schwarz\\\/\",\"sku\":\"A58-1097551-001999999\",\"gtin\":\"8719446067035\",\"image\":{\"@type\":\"ImageObject\",\"url\":\"https:\\\/\\\/shop.hidalgo.nl\\\/wp-content\\\/uploads\\\/2025\\\/05\\\/342934ceab4b0c0ba34bfb0253f410bff0126153e90d0ff2e0d2a438bda87f77.jpg\",\"@id\":\"https:\\\/\\\/hidalgo.nl\\\/de\\\/product\\\/8818\\\/massagepistole-axel-bedrucken-6-stufen-abs-schwarz\\\/#productImage\",\"width\":1000,\"height\":690},\"offers\":{\"@type\":\"Offer\",\"url\":\"https:\\\/\\\/hidalgo.nl\\\/de\\\/product\\\/8818\\\/massagepistole-axel-bedrucken-6-stufen-abs-schwarz\\\/#wooCommerceOffer\",\"price\":\"15.32\",\"priceCurrency\":\"EUR\",\"category\":\"Promotionele Artikelen\",\"availability\":\"https:\\\/\\\/schema.org\\\/InStock\",\"priceSpecification\":{\"@type\":\"PriceSpecification\",\"price\":15.32,\"priceCurrency\":\"EUR\",\"valueAddedTaxIncluded\":\"true\"}}}]},{\"@type\":\"WebPage\",\"@id\":\"https:\\\/\\\/hidalgo.nl\\\/de\\\/product\\\/8818\\\/massagepistole-axel-bedrucken-6-stufen-abs-schwarz\\\/#webpage\",\"url\":\"https:\\\/\\\/hidalgo.nl\\\/de\\\/product\\\/8818\\\/massagepistole-axel-bedrucken-6-stufen-abs-schwarz\\\/\",\"name\":\"Massagepistole Axel bedrucken 6 Stufen ABS schwarz\",\"description\":\"Mit sechs Leistungsstufen unterst\\u00fctzt dich dieses Tiefengewebe Massageger\\u00e4t ideal bei der Regeneration nach dem Training oder im B\\u00fcro. Lasse die Massage Gun mit Logo veredeln und gestalte ein modernes Werbegeschenk, das bei deiner aktiven Zielgruppe garantiert gut ankommt.\",\"inLanguage\":\"de-DE\",\"isPartOf\":{\"@id\":\"https:\\\/\\\/hidalgo.nl\\\/de\\\/#website\"},\"breadcrumb\":{\"@id\":\"https:\\\/\\\/hidalgo.nl\\\/de\\\/product\\\/8818\\\/massagepistole-axel-bedrucken-6-stufen-abs-schwarz\\\/#breadcrumblist\"},\"image\":{\"@type\":\"ImageObject\",\"url\":\"https:\\\/\\\/shop.hidalgo.nl\\\/wp-content\\\/uploads\\\/2025\\\/05\\\/56f3658d5333e3bd3f10a5eb60f95518d53546ca1a533789de27c183bde75876.jpg\",\"@id\":\"https:\\\/\\\/hidalgo.nl\\\/de\\\/product\\\/8818\\\/massagepistole-axel-bedrucken-6-stufen-abs-schwarz\\\/#mainImage\",\"width\":1000,\"height\":836},\"primaryImageOfPage\":{\"@id\":\"https:\\\/\\\/hidalgo.nl\\\/de\\\/product\\\/8818\\\/massagepistole-axel-bedrucken-6-stufen-abs-schwarz\\\/#mainImage\"},\"datePublished\":\"2025-07-03T09:53:32+00:00\",\"dateModified\":\"2026-03-15T18:31:51+00:00\"},{\"@type\":\"WebSite\",\"@id\":\"https:\\\/\\\/hidalgo.nl\\\/de\\\/#website\",\"url\":\"https:\\\/\\\/hidalgo.nl\\\/de\\\/\",\"name\":\"Hidalgo\",\"inLanguage\":\"de-DE\",\"publisher\":{\"@id\":\"https:\\\/\\\/hidalgo.nl\\\/de\\\/#organization\"}}]}\n\t\t<\/script>\n\t\t<!-- All in One SEO Pro -->\r\n\t\t<title>Massagepistole Axel bedrucken 6 Stufen ABS schwarz<\/title>\n\n","aioseo_head_json":{"title":"Massagepistole Axel bedrucken 6 Stufen ABS schwarz","description":"Mit sechs Leistungsstufen unterst\u00fctzt dich dieses Tiefengewebe Massageger\u00e4t ideal bei der Regeneration nach dem Training oder im B\u00fcro. Lasse die Massage Gun mit Logo veredeln und gestalte ein modernes Werbegeschenk, das bei deiner aktiven Zielgruppe garantiert gut ankommt.","canonical_url":"https:\/\/hidalgo.nl\/de\/wp-json\/wp\/v2\/product\/8818","robots":"max-image-preview:large","keywords":"","webmasterTools":{"miscellaneous":""},"schema":{"@context":"https:\/\/schema.org","@graph":[{"@type":"BreadcrumbList","@id":"https:\/\/hidalgo.nl\/de\/product\/8818\/massagepistole-axel-bedrucken-6-stufen-abs-schwarz\/#breadcrumblist","itemListElement":[{"@type":"ListItem","@id":"https:\/\/hidalgo.nl\/de\/#listItem","position":1,"name":"Home","item":"https:\/\/hidalgo.nl\/de\/","nextItem":{"@type":"ListItem","@id":"https:\/\/hidalgo.nl\/example\/#listItem","name":"example"}},{"@type":"ListItem","@id":"https:\/\/hidalgo.nl\/example\/#listItem","position":2,"name":"example","item":"https:\/\/hidalgo.nl\/example\/","nextItem":{"@type":"ListItem","@id":"https:\/\/hidalgo.nl\/en\/product-supplier\/a58\/#listItem","name":"A58"},"previousItem":{"@type":"ListItem","@id":"https:\/\/hidalgo.nl\/de\/#listItem","name":"Home"}},{"@type":"ListItem","@id":"https:\/\/hidalgo.nl\/en\/product-supplier\/a58\/#listItem","position":3,"name":"A58","item":"https:\/\/hidalgo.nl\/en\/product-supplier\/a58\/","nextItem":{"@type":"ListItem","@id":"https:\/\/hidalgo.nl\/de\/product\/8818\/massagepistole-axel-bedrucken-6-stufen-abs-schwarz\/#listItem","name":"ABS massagepistool Axel"},"previousItem":{"@type":"ListItem","@id":"https:\/\/hidalgo.nl\/example\/#listItem","name":"example"}},{"@type":"ListItem","@id":"https:\/\/hidalgo.nl\/de\/product\/8818\/massagepistole-axel-bedrucken-6-stufen-abs-schwarz\/#listItem","position":4,"name":"ABS massagepistool Axel","previousItem":{"@type":"ListItem","@id":"https:\/\/hidalgo.nl\/en\/product-supplier\/a58\/#listItem","name":"A58"}}]},{"@type":"Organization","@id":"https:\/\/hidalgo.nl\/de\/#organization","name":"Hidalgo","url":"https:\/\/hidalgo.nl\/de\/","logo":{"@type":"ImageObject","url":"https:\/\/shop.hidalgo.nl\/wp-content\/uploads\/2025\/11\/cropped-Hidalgo-est1993.png","@id":"https:\/\/hidalgo.nl\/de\/product\/8818\/massagepistole-axel-bedrucken-6-stufen-abs-schwarz\/#organizationLogo","width":585,"height":195},"image":{"@id":"https:\/\/hidalgo.nl\/de\/product\/8818\/massagepistole-axel-bedrucken-6-stufen-abs-schwarz\/#organizationLogo"}},{"@type":"ProductGroup","@id":"https:\/\/hidalgo.nl\/de\/product\/8818\/massagepistole-axel-bedrucken-6-stufen-abs-schwarz\/#wooCommerceProduct","name":"Massagepistole Axel bedrucken 6 Stufen ABS schwarz","url":"https:\/\/hidalgo.nl\/de\/product\/8818\/massagepistole-axel-bedrucken-6-stufen-abs-schwarz\/","brand":{"@type":"Brand","name":"IMPRESSION"},"sku":"A58-1097551","image":{"@type":"ImageObject","url":"https:\/\/shop.hidalgo.nl\/wp-content\/uploads\/2025\/05\/56f3658d5333e3bd3f10a5eb60f95518d53546ca1a533789de27c183bde75876.jpg","@id":"https:\/\/hidalgo.nl\/de\/product\/8818\/massagepistole-axel-bedrucken-6-stufen-abs-schwarz\/#productImage","width":1000,"height":836},"productGroupID":8818,"hasVariant":[{"@type":"Product","@id":"https:\/\/hidalgo.nl\/de\/product\/8818\/massagepistole-axel-bedrucken-6-stufen-abs-schwarz\/#wooCommerceProduct","name":"ABS massagepistool Axel - zwart,","url":"https:\/\/hidalgo.nl\/de\/product\/8818\/massagepistole-axel-bedrucken-6-stufen-abs-schwarz\/","sku":"A58-1097551-001999999","gtin":"8719446067035","image":{"@type":"ImageObject","url":"https:\/\/shop.hidalgo.nl\/wp-content\/uploads\/2025\/05\/342934ceab4b0c0ba34bfb0253f410bff0126153e90d0ff2e0d2a438bda87f77.jpg","@id":"https:\/\/hidalgo.nl\/de\/product\/8818\/massagepistole-axel-bedrucken-6-stufen-abs-schwarz\/#productImage","width":1000,"height":690},"offers":{"@type":"Offer","url":"https:\/\/hidalgo.nl\/de\/product\/8818\/massagepistole-axel-bedrucken-6-stufen-abs-schwarz\/#wooCommerceOffer","price":"15.32","priceCurrency":"EUR","category":"Promotionele Artikelen","availability":"https:\/\/schema.org\/InStock","priceSpecification":{"@type":"PriceSpecification","price":15.32,"priceCurrency":"EUR","valueAddedTaxIncluded":"true"}}}]},{"@type":"WebPage","@id":"https:\/\/hidalgo.nl\/de\/product\/8818\/massagepistole-axel-bedrucken-6-stufen-abs-schwarz\/#webpage","url":"https:\/\/hidalgo.nl\/de\/product\/8818\/massagepistole-axel-bedrucken-6-stufen-abs-schwarz\/","name":"Massagepistole Axel bedrucken 6 Stufen ABS schwarz","description":"Mit sechs Leistungsstufen unterst\u00fctzt dich dieses Tiefengewebe Massageger\u00e4t ideal bei der Regeneration nach dem Training oder im B\u00fcro. Lasse die Massage Gun mit Logo veredeln und gestalte ein modernes Werbegeschenk, das bei deiner aktiven Zielgruppe garantiert gut ankommt.","inLanguage":"de-DE","isPartOf":{"@id":"https:\/\/hidalgo.nl\/de\/#website"},"breadcrumb":{"@id":"https:\/\/hidalgo.nl\/de\/product\/8818\/massagepistole-axel-bedrucken-6-stufen-abs-schwarz\/#breadcrumblist"},"image":{"@type":"ImageObject","url":"https:\/\/shop.hidalgo.nl\/wp-content\/uploads\/2025\/05\/56f3658d5333e3bd3f10a5eb60f95518d53546ca1a533789de27c183bde75876.jpg","@id":"https:\/\/hidalgo.nl\/de\/product\/8818\/massagepistole-axel-bedrucken-6-stufen-abs-schwarz\/#mainImage","width":1000,"height":836},"primaryImageOfPage":{"@id":"https:\/\/hidalgo.nl\/de\/product\/8818\/massagepistole-axel-bedrucken-6-stufen-abs-schwarz\/#mainImage"},"datePublished":"2025-07-03T09:53:32+00:00","dateModified":"2026-03-15T18:31:51+00:00"},{"@type":"WebSite","@id":"https:\/\/hidalgo.nl\/de\/#website","url":"https:\/\/hidalgo.nl\/de\/","name":"Hidalgo","inLanguage":"de-DE","publisher":{"@id":"https:\/\/hidalgo.nl\/de\/#organization"}}]},"og:locale":"de_DE","og:site_name":"Hidalgo -","og:type":"article","og:title":"Massagepistole Axel bedrucken 6 Stufen ABS schwarz","og:description":"Mit sechs Leistungsstufen unterst\u00fctzt dich dieses Tiefengewebe Massageger\u00e4t ideal bei der Regeneration nach dem Training oder im B\u00fcro. Lasse die Massage Gun mit Logo veredeln und gestalte ein modernes Werbegeschenk, das bei deiner aktiven Zielgruppe garantiert gut ankommt.","og:url":"https:\/\/hidalgo.nl\/de\/wp-json\/wp\/v2\/product\/8818","og:image":"https:\/\/shop.hidalgo.nl\/wp-content\/uploads\/2025\/11\/cropped-Hidalgo-est1993.png","og:image:secure_url":"https:\/\/shop.hidalgo.nl\/wp-content\/uploads\/2025\/11\/cropped-Hidalgo-est1993.png","article:published_time":"2025-07-03T09:53:32+00:00","article:modified_time":"2026-03-15T18:31:51+00:00","twitter:card":"summary_large_image","twitter:title":"Massagepistole Axel bedrucken 6 Stufen ABS schwarz","twitter:description":"Mit sechs Leistungsstufen unterst\u00fctzt dich dieses Tiefengewebe Massageger\u00e4t ideal bei der Regeneration nach dem Training oder im B\u00fcro. Lasse die Massage Gun mit Logo veredeln und gestalte ein modernes Werbegeschenk, das bei deiner aktiven Zielgruppe garantiert gut ankommt.","twitter:image":"https:\/\/shop.hidalgo.nl\/wp-content\/uploads\/2025\/11\/cropped-Hidalgo-est1993.png"},"aioseo_meta_data":{"post_id":"8818","title":null,"description":null,"keywords":null,"keyphrases":null,"primary_term":null,"canonical_url":null,"og_title":null,"og_description":null,"og_object_type":"default","og_image_type":"default","og_image_url":null,"og_image_width":null,"og_image_height":null,"og_image_custom_url":null,"og_image_custom_fields":null,"og_video":null,"og_custom_url":null,"og_article_section":null,"og_article_tags":null,"twitter_use_og":false,"twitter_card":"default","twitter_image_type":"default","twitter_image_url":null,"twitter_image_custom_url":null,"twitter_image_custom_fields":null,"twitter_title":null,"twitter_description":null,"schema":{"blockGraphs":[],"customGraphs":[],"default":{"data":{"Article":[],"Course":[],"Dataset":[],"FAQPage":[],"Movie":[],"Person":[],"Product":[],"ProductReview":[],"Car":[],"Recipe":[],"Service":[],"SoftwareApplication":[],"WebPage":[]},"graphName":"","isEnabled":true},"graphs":[]},"schema_type":"default","schema_type_options":null,"pillar_content":false,"robots_default":true,"robots_noindex":false,"robots_noarchive":false,"robots_nosnippet":false,"robots_nofollow":false,"robots_noimageindex":false,"robots_noodp":false,"robots_notranslate":false,"robots_max_snippet":null,"robots_max_videopreview":null,"robots_max_imagepreview":"large","priority":null,"frequency":null,"local_seo":null,"seo_analyzer_scan_date":"2026-01-20 09:44:20","breadcrumb_settings":null,"limit_modified_date":false,"reviewed_by":null,"open_ai":null,"ai":null,"created":"2026-01-14 06:17:37","updated":"2026-04-22 15:57:59"},"aioseo_breadcrumb":"<div class=\"aioseo-breadcrumbs\"><span class=\"aioseo-breadcrumb\">\n\t<a href=\"https:\/\/hidalgo.nl\/de\/\" title=\"Home\">Home<\/a>\n<\/span><span class=\"aioseo-breadcrumb-separator\">\u00bb<\/span><span class=\"aioseo-breadcrumb\">\n\t<a href=\"https:\/\/hidalgo.nl\/example\/\" title=\"example\">example<\/a>\n<\/span><span class=\"aioseo-breadcrumb-separator\">\u00bb<\/span><span class=\"aioseo-breadcrumb\">\n\t<a href=\"https:\/\/hidalgo.nl\/en\/product-supplier\/a58\/\" title=\"A58\">A58<\/a>\n<\/span><span class=\"aioseo-breadcrumb-separator\">\u00bb<\/span><span class=\"aioseo-breadcrumb\">\n\tABS massagepistool Axel\n<\/span><\/div>","aioseo_breadcrumb_json":[{"label":"Home","link":"https:\/\/hidalgo.nl\/de\/"},{"label":"example","link":"https:\/\/hidalgo.nl\/example\/"},{"label":"A58","link":"https:\/\/hidalgo.nl\/en\/product-supplier\/a58\/"},{"label":"ABS massagepistool Axel","link":"https:\/\/hidalgo.nl\/de\/product\/8818\/massagepistole-axel-bedrucken-6-stufen-abs-schwarz\/"}],"_links":{"self":[{"href":"https:\/\/hidalgo.nl\/de\/wp-json\/wp\/v2\/product\/8818","targetHints":{"allow":["GET"]}}],"collection":[{"href":"https:\/\/hidalgo.nl\/de\/wp-json\/wp\/v2\/product"}],"about":[{"href":"https:\/\/hidalgo.nl\/de\/wp-json\/wp\/v2\/types\/product"}],"wp:featuredmedia":[{"embeddable":true,"href":"https:\/\/hidalgo.nl\/de\/wp-json\/wp\/v2\/media\/8819"}],"wp:attachment":[{"href":"https:\/\/hidalgo.nl\/de\/wp-json\/wp\/v2\/media?parent=8818"}],"wp:term":[{"taxonomy":"product_brand","embeddable":true,"href":"https:\/\/hidalgo.nl\/de\/wp-json\/wp\/v2\/product_brand?post=8818"},{"taxonomy":"product_cat","embeddable":true,"href":"https:\/\/hidalgo.nl\/de\/wp-json\/wp\/v2\/product_cat?post=8818"},{"taxonomy":"product_tag","embeddable":true,"href":"https:\/\/hidalgo.nl\/de\/wp-json\/wp\/v2\/product_tag?post=8818"}],"curies":[{"name":"wp","href":"https:\/\/api.w.org\/{rel}","templated":true}]}}