{"id":881740,"date":"2026-05-11T11:30:21","date_gmt":"2026-05-11T11:30:21","guid":{"rendered":"https:\/\/hidalgo.nl\/product\/kp819-trendy-riem\/"},"modified":"2026-05-11T11:31:27","modified_gmt":"2026-05-11T11:31:27","slug":"kp819-trendy-riem","status":"publish","type":"product","link":"https:\/\/hidalgo.nl\/de\/product\/881740\/kp819-modischer-guertel\/","title":{"rendered":"KP819 &#8211; Trendy riem"},"content":{"rendered":"<p>100% leder. Volnerf rundleder met aniline afwerking. Trendy riem, in Itali\u00eb gemaakt. Dikte : 30 mm. Bestaat in twee maten : 90 cm en 105 cm, met de mogelijkheid om de riem te regelen van maat XS tot XXL. Dankzij de schroefsluiting kan de riem gemakkelijk worden losgemaakt om te verkorten tot de juiste maat. Zit in een katoenen tasje, voor eenvoudige personalisatie.<\/p>\n","protected":false},"excerpt":{"rendered":"<p>100% leder. Volnerf rundleder met aniline afwerking. Trendy riem, in Itali\u00eb gemaakt. Dikte : 30 mm. Bestaat in twee maten : 90 cm en 105 cm, met de mogelijkheid om de riem te regelen van maat XS tot XXL. Dankzij de schroefsluiting kan de riem gemakkelijk worden losgemaakt om te verkorten tot de juiste maat.&hellip; <a class=\"more-link\" href=\"https:\/\/hidalgo.nl\/de\/product\/881740\/kp819-modischer-guertel\/\"><span class=\"screen-reader-text\">KP819 &#8211; Trendy riem<\/span> weiterlesen<\/a><\/p>\n","protected":false},"featured_media":881741,"template":"","meta":{"_acf_changed":false,"om_disable_all_campaigns":false,"_monsterinsights_skip_tracking":false,"_monsterinsights_sitenote_active":false,"_monsterinsights_sitenote_note":"","_monsterinsights_sitenote_category":0},"product_brand":[1250],"product_cat":[4716,4757,4986],"product_tag":[],"class_list":{"0":"post-881740","1":"product","2":"type-product","3":"status-publish","4":"has-post-thumbnail","6":"product_supplier-a404","7":"product_brand-k-up","8":"product_cat-kleding","9":"product_cat-kleding-kleding-accessoires","10":"product_cat-kleding-kleding-accessoires-riemen","11":"entry","13":"first","14":"outofstock","15":"taxable","16":"shipping-taxable","17":"purchasable","18":"product-type-variable"},"acf":{"english_short_description":"Fashion belt, made in Italy.\nResistance, elegance, and finesse thanks to full-grain Italian leather, thickness: 30\u00a0mm.\nSupplied in a cotton pouch for easy decoration access.","german_short_description":"Modischer, in Italien hergestellter G\u00fcrtel.\nWiderstandsf\u00e4higkeit und Raffinesse dank des italienischen Vollnarbenleders, Dicke: 30 mm.\nLieferung im Baumwollbeutel zur leichteren Veredelung.","product_supplier_text":"A404"},"aioseo_notices":[],"aioseo_head":"\n\t\t<!-- All in One SEO Pro 4.9.7 - aioseo.com -->\n\t<meta name=\"description\" content=\"Modischer, in Italien hergestellter G\u00fcrtel. Widerstandsf\u00e4higkeit und Raffinesse dank des italienischen Vollnarbenleders, Dicke: 30 mm. Lieferung im Baumwollbeutel zur leichteren Veredelung.\" \/>\n\t<meta name=\"robots\" content=\"max-image-preview:large\" \/>\n\t<link rel=\"canonical\" href=\"https:\/\/hidalgo.nl\/de\/wp-json\/wp\/v2\/product\/881740\" \/>\n\t<meta name=\"generator\" content=\"All in One SEO Pro (AIOSEO) 4.9.7\" \/>\n\t\t<meta property=\"og:locale\" content=\"de_DE\" \/>\n\t\t<meta property=\"og:site_name\" content=\"Hidalgo -\" \/>\n\t\t<meta property=\"og:type\" content=\"article\" \/>\n\t\t<meta property=\"og:title\" content=\"KP819 - Modischer G\u00fcrtel\" \/>\n\t\t<meta property=\"og:description\" content=\"Modischer, in Italien hergestellter G\u00fcrtel. Widerstandsf\u00e4higkeit und Raffinesse dank des italienischen Vollnarbenleders, Dicke: 30 mm. Lieferung im Baumwollbeutel zur leichteren Veredelung.\" \/>\n\t\t<meta property=\"og:url\" content=\"https:\/\/hidalgo.nl\/de\/wp-json\/wp\/v2\/product\/881740\" \/>\n\t\t<meta property=\"og:image\" content=\"https:\/\/shop.hidalgo.nl\/wp-content\/uploads\/2025\/11\/cropped-Hidalgo-est1993.png\" \/>\n\t\t<meta property=\"og:image:secure_url\" content=\"https:\/\/shop.hidalgo.nl\/wp-content\/uploads\/2025\/11\/cropped-Hidalgo-est1993.png\" \/>\n\t\t<meta property=\"article:published_time\" content=\"2026-05-11T11:30:21+00:00\" \/>\n\t\t<meta property=\"article:modified_time\" content=\"2026-05-11T11:31:27+00:00\" \/>\n\t\t<meta name=\"twitter:card\" content=\"summary_large_image\" \/>\n\t\t<meta name=\"twitter:title\" content=\"KP819 - Modischer G\u00fcrtel\" \/>\n\t\t<meta name=\"twitter:description\" content=\"Modischer, in Italien hergestellter G\u00fcrtel. Widerstandsf\u00e4higkeit und Raffinesse dank des italienischen Vollnarbenleders, Dicke: 30 mm. Lieferung im Baumwollbeutel zur leichteren Veredelung.\" \/>\n\t\t<meta name=\"twitter:image\" content=\"https:\/\/shop.hidalgo.nl\/wp-content\/uploads\/2025\/11\/cropped-Hidalgo-est1993.png\" \/>\n\t\t<script type=\"application\/ld+json\" class=\"aioseo-schema\">\n\t\t\t{\"@context\":\"https:\\\/\\\/schema.org\",\"@graph\":[{\"@type\":\"BreadcrumbList\",\"@id\":\"https:\\\/\\\/hidalgo.nl\\\/de\\\/product\\\/881740\\\/kp819-modischer-guertel\\\/#breadcrumblist\",\"itemListElement\":[{\"@type\":\"ListItem\",\"@id\":\"https:\\\/\\\/hidalgo.nl\\\/de\\\/#listItem\",\"position\":1,\"name\":\"Home\",\"item\":\"https:\\\/\\\/hidalgo.nl\\\/de\\\/\",\"nextItem\":{\"@type\":\"ListItem\",\"@id\":\"https:\\\/\\\/hidalgo.nl\\\/example\\\/#listItem\",\"name\":\"example\"}},{\"@type\":\"ListItem\",\"@id\":\"https:\\\/\\\/hidalgo.nl\\\/example\\\/#listItem\",\"position\":2,\"name\":\"example\",\"item\":\"https:\\\/\\\/hidalgo.nl\\\/example\\\/\",\"nextItem\":{\"@type\":\"ListItem\",\"@id\":\"https:\\\/\\\/hidalgo.nl\\\/de\\\/product-supplier\\\/a404\\\/#listItem\",\"name\":\"A404\"},\"previousItem\":{\"@type\":\"ListItem\",\"@id\":\"https:\\\/\\\/hidalgo.nl\\\/de\\\/#listItem\",\"name\":\"Home\"}},{\"@type\":\"ListItem\",\"@id\":\"https:\\\/\\\/hidalgo.nl\\\/de\\\/product-supplier\\\/a404\\\/#listItem\",\"position\":3,\"name\":\"A404\",\"item\":\"https:\\\/\\\/hidalgo.nl\\\/de\\\/product-supplier\\\/a404\\\/\",\"nextItem\":{\"@type\":\"ListItem\",\"@id\":\"https:\\\/\\\/hidalgo.nl\\\/de\\\/product\\\/881740\\\/kp819-modischer-guertel\\\/#listItem\",\"name\":\"KP819 &#8211; Trendy riem\"},\"previousItem\":{\"@type\":\"ListItem\",\"@id\":\"https:\\\/\\\/hidalgo.nl\\\/example\\\/#listItem\",\"name\":\"example\"}},{\"@type\":\"ListItem\",\"@id\":\"https:\\\/\\\/hidalgo.nl\\\/de\\\/product\\\/881740\\\/kp819-modischer-guertel\\\/#listItem\",\"position\":4,\"name\":\"KP819 &#8211; Trendy riem\",\"previousItem\":{\"@type\":\"ListItem\",\"@id\":\"https:\\\/\\\/hidalgo.nl\\\/de\\\/product-supplier\\\/a404\\\/#listItem\",\"name\":\"A404\"}}]},{\"@type\":\"Organization\",\"@id\":\"https:\\\/\\\/hidalgo.nl\\\/de\\\/#organization\",\"name\":\"Hidalgo\",\"url\":\"https:\\\/\\\/hidalgo.nl\\\/de\\\/\",\"logo\":{\"@type\":\"ImageObject\",\"url\":\"https:\\\/\\\/shop.hidalgo.nl\\\/wp-content\\\/uploads\\\/2025\\\/11\\\/cropped-Hidalgo-est1993.png\",\"@id\":\"https:\\\/\\\/hidalgo.nl\\\/de\\\/product\\\/881740\\\/kp819-modischer-guertel\\\/#organizationLogo\",\"width\":585,\"height\":195},\"image\":{\"@id\":\"https:\\\/\\\/hidalgo.nl\\\/de\\\/product\\\/881740\\\/kp819-modischer-guertel\\\/#organizationLogo\"}},{\"@type\":\"ProductGroup\",\"@id\":\"https:\\\/\\\/hidalgo.nl\\\/de\\\/product\\\/881740\\\/kp819-modischer-guertel\\\/#wooCommerceProduct\",\"name\":\"KP819 - Modischer G\\u00fcrtel\",\"url\":\"https:\\\/\\\/hidalgo.nl\\\/de\\\/product\\\/881740\\\/kp819-modischer-guertel\\\/\",\"brand\":{\"@type\":\"Brand\",\"name\":\"K-up\"},\"sku\":\"KP819\",\"image\":{\"@type\":\"ImageObject\",\"url\":\"https:\\\/\\\/shop.hidalgo.nl\\\/wp-content\\\/uploads\\\/2026\\\/04\\\/KP819-00_2020.jpg\",\"@id\":\"https:\\\/\\\/hidalgo.nl\\\/de\\\/product\\\/881740\\\/kp819-modischer-guertel\\\/#productImage\"},\"productGroupID\":881740,\"hasVariant\":[{\"@type\":\"Product\",\"@id\":\"https:\\\/\\\/hidalgo.nl\\\/de\\\/product\\\/881740\\\/kp819-modischer-guertel\\\/#wooCommerceProduct\",\"name\":\"KP819 - Trendy riem - dark-brown, m-l\",\"url\":\"https:\\\/\\\/hidalgo.nl\\\/de\\\/product\\\/881740\\\/kp819-modischer-guertel\\\/\",\"sku\":\"KP819_64306_64303\",\"gtin\":\"3663639092012\",\"image\":{\"@type\":\"ImageObject\",\"url\":\"https:\\\/\\\/shop.hidalgo.nl\\\/wp-content\\\/uploads\\\/2026\\\/04\\\/PS_KP819_DARKBROWN.png\",\"@id\":\"https:\\\/\\\/hidalgo.nl\\\/de\\\/product\\\/881740\\\/kp819-modischer-guertel\\\/#productImage\"},\"offers\":{\"@type\":\"Offer\",\"url\":\"https:\\\/\\\/hidalgo.nl\\\/de\\\/product\\\/881740\\\/kp819-modischer-guertel\\\/#wooCommerceOffer\",\"price\":\"19.75\",\"priceCurrency\":\"EUR\",\"category\":\"Kleding\",\"availability\":\"https:\\\/\\\/schema.org\\\/OutOfStock\",\"priceSpecification\":{\"@type\":\"PriceSpecification\",\"price\":19.75,\"priceCurrency\":\"EUR\",\"valueAddedTaxIncluded\":\"true\"}}},{\"@type\":\"Product\",\"@id\":\"https:\\\/\\\/hidalgo.nl\\\/de\\\/product\\\/881740\\\/kp819-modischer-guertel\\\/#wooCommerceProduct\",\"name\":\"KP819 - Trendy riem - dark-brown, xl-xxl\",\"url\":\"https:\\\/\\\/hidalgo.nl\\\/de\\\/product\\\/881740\\\/kp819-modischer-guertel\\\/\",\"sku\":\"KP819_64306_64304\",\"gtin\":\"3663639092005\",\"image\":{\"@type\":\"ImageObject\",\"url\":\"https:\\\/\\\/shop.hidalgo.nl\\\/wp-content\\\/uploads\\\/2026\\\/04\\\/PS_KP819_DARKBROWN.png\",\"@id\":\"https:\\\/\\\/hidalgo.nl\\\/de\\\/product\\\/881740\\\/kp819-modischer-guertel\\\/#productImage\"},\"offers\":{\"@type\":\"Offer\",\"url\":\"https:\\\/\\\/hidalgo.nl\\\/de\\\/product\\\/881740\\\/kp819-modischer-guertel\\\/#wooCommerceOffer\",\"price\":\"19.75\",\"priceCurrency\":\"EUR\",\"category\":\"Kleding\",\"availability\":\"https:\\\/\\\/schema.org\\\/OutOfStock\",\"priceSpecification\":{\"@type\":\"PriceSpecification\",\"price\":19.75,\"priceCurrency\":\"EUR\",\"valueAddedTaxIncluded\":\"true\"}}}]},{\"@type\":\"WebPage\",\"@id\":\"https:\\\/\\\/hidalgo.nl\\\/de\\\/product\\\/881740\\\/kp819-modischer-guertel\\\/#webpage\",\"url\":\"https:\\\/\\\/hidalgo.nl\\\/de\\\/product\\\/881740\\\/kp819-modischer-guertel\\\/\",\"name\":\"KP819 - Modischer G\\u00fcrtel\",\"description\":\"Modischer, in Italien hergestellter G\\u00fcrtel. Widerstandsf\\u00e4higkeit und Raffinesse dank des italienischen Vollnarbenleders, Dicke: 30 mm. Lieferung im Baumwollbeutel zur leichteren Veredelung.\",\"inLanguage\":\"de-DE\",\"isPartOf\":{\"@id\":\"https:\\\/\\\/hidalgo.nl\\\/de\\\/#website\"},\"breadcrumb\":{\"@id\":\"https:\\\/\\\/hidalgo.nl\\\/de\\\/product\\\/881740\\\/kp819-modischer-guertel\\\/#breadcrumblist\"},\"image\":{\"@type\":\"ImageObject\",\"url\":\"https:\\\/\\\/shop.hidalgo.nl\\\/wp-content\\\/uploads\\\/2026\\\/04\\\/KP819-00_2020.jpg\",\"@id\":\"https:\\\/\\\/hidalgo.nl\\\/de\\\/product\\\/881740\\\/kp819-modischer-guertel\\\/#mainImage\"},\"primaryImageOfPage\":{\"@id\":\"https:\\\/\\\/hidalgo.nl\\\/de\\\/product\\\/881740\\\/kp819-modischer-guertel\\\/#mainImage\"},\"datePublished\":\"2026-05-11T11:30:21+00:00\",\"dateModified\":\"2026-05-11T11:31:27+00:00\"},{\"@type\":\"WebSite\",\"@id\":\"https:\\\/\\\/hidalgo.nl\\\/de\\\/#website\",\"url\":\"https:\\\/\\\/hidalgo.nl\\\/de\\\/\",\"name\":\"Hidalgo\",\"inLanguage\":\"de-DE\",\"publisher\":{\"@id\":\"https:\\\/\\\/hidalgo.nl\\\/de\\\/#organization\"}}]}\n\t\t<\/script>\n\t\t<!-- All in One SEO Pro -->\r\n\t\t<title>KP819 - Modischer G\u00fcrtel<\/title>\n\n","aioseo_head_json":{"title":"KP819 - Modischer G\u00fcrtel","description":"Modischer, in Italien hergestellter G\u00fcrtel. Widerstandsf\u00e4higkeit und Raffinesse dank des italienischen Vollnarbenleders, Dicke: 30 mm. Lieferung im Baumwollbeutel zur leichteren Veredelung.","canonical_url":"https:\/\/hidalgo.nl\/de\/wp-json\/wp\/v2\/product\/881740","robots":"max-image-preview:large","keywords":"","webmasterTools":{"miscellaneous":""},"schema":{"@context":"https:\/\/schema.org","@graph":[{"@type":"BreadcrumbList","@id":"https:\/\/hidalgo.nl\/de\/product\/881740\/kp819-modischer-guertel\/#breadcrumblist","itemListElement":[{"@type":"ListItem","@id":"https:\/\/hidalgo.nl\/de\/#listItem","position":1,"name":"Home","item":"https:\/\/hidalgo.nl\/de\/","nextItem":{"@type":"ListItem","@id":"https:\/\/hidalgo.nl\/example\/#listItem","name":"example"}},{"@type":"ListItem","@id":"https:\/\/hidalgo.nl\/example\/#listItem","position":2,"name":"example","item":"https:\/\/hidalgo.nl\/example\/","nextItem":{"@type":"ListItem","@id":"https:\/\/hidalgo.nl\/de\/product-supplier\/a404\/#listItem","name":"A404"},"previousItem":{"@type":"ListItem","@id":"https:\/\/hidalgo.nl\/de\/#listItem","name":"Home"}},{"@type":"ListItem","@id":"https:\/\/hidalgo.nl\/de\/product-supplier\/a404\/#listItem","position":3,"name":"A404","item":"https:\/\/hidalgo.nl\/de\/product-supplier\/a404\/","nextItem":{"@type":"ListItem","@id":"https:\/\/hidalgo.nl\/de\/product\/881740\/kp819-modischer-guertel\/#listItem","name":"KP819 &#8211; Trendy riem"},"previousItem":{"@type":"ListItem","@id":"https:\/\/hidalgo.nl\/example\/#listItem","name":"example"}},{"@type":"ListItem","@id":"https:\/\/hidalgo.nl\/de\/product\/881740\/kp819-modischer-guertel\/#listItem","position":4,"name":"KP819 &#8211; Trendy riem","previousItem":{"@type":"ListItem","@id":"https:\/\/hidalgo.nl\/de\/product-supplier\/a404\/#listItem","name":"A404"}}]},{"@type":"Organization","@id":"https:\/\/hidalgo.nl\/de\/#organization","name":"Hidalgo","url":"https:\/\/hidalgo.nl\/de\/","logo":{"@type":"ImageObject","url":"https:\/\/shop.hidalgo.nl\/wp-content\/uploads\/2025\/11\/cropped-Hidalgo-est1993.png","@id":"https:\/\/hidalgo.nl\/de\/product\/881740\/kp819-modischer-guertel\/#organizationLogo","width":585,"height":195},"image":{"@id":"https:\/\/hidalgo.nl\/de\/product\/881740\/kp819-modischer-guertel\/#organizationLogo"}},{"@type":"ProductGroup","@id":"https:\/\/hidalgo.nl\/de\/product\/881740\/kp819-modischer-guertel\/#wooCommerceProduct","name":"KP819 - Modischer G\u00fcrtel","url":"https:\/\/hidalgo.nl\/de\/product\/881740\/kp819-modischer-guertel\/","brand":{"@type":"Brand","name":"K-up"},"sku":"KP819","image":{"@type":"ImageObject","url":"https:\/\/shop.hidalgo.nl\/wp-content\/uploads\/2026\/04\/KP819-00_2020.jpg","@id":"https:\/\/hidalgo.nl\/de\/product\/881740\/kp819-modischer-guertel\/#productImage"},"productGroupID":881740,"hasVariant":[{"@type":"Product","@id":"https:\/\/hidalgo.nl\/de\/product\/881740\/kp819-modischer-guertel\/#wooCommerceProduct","name":"KP819 - Trendy riem - dark-brown, m-l","url":"https:\/\/hidalgo.nl\/de\/product\/881740\/kp819-modischer-guertel\/","sku":"KP819_64306_64303","gtin":"3663639092012","image":{"@type":"ImageObject","url":"https:\/\/shop.hidalgo.nl\/wp-content\/uploads\/2026\/04\/PS_KP819_DARKBROWN.png","@id":"https:\/\/hidalgo.nl\/de\/product\/881740\/kp819-modischer-guertel\/#productImage"},"offers":{"@type":"Offer","url":"https:\/\/hidalgo.nl\/de\/product\/881740\/kp819-modischer-guertel\/#wooCommerceOffer","price":"19.75","priceCurrency":"EUR","category":"Kleding","availability":"https:\/\/schema.org\/OutOfStock","priceSpecification":{"@type":"PriceSpecification","price":19.75,"priceCurrency":"EUR","valueAddedTaxIncluded":"true"}}},{"@type":"Product","@id":"https:\/\/hidalgo.nl\/de\/product\/881740\/kp819-modischer-guertel\/#wooCommerceProduct","name":"KP819 - Trendy riem - dark-brown, xl-xxl","url":"https:\/\/hidalgo.nl\/de\/product\/881740\/kp819-modischer-guertel\/","sku":"KP819_64306_64304","gtin":"3663639092005","image":{"@type":"ImageObject","url":"https:\/\/shop.hidalgo.nl\/wp-content\/uploads\/2026\/04\/PS_KP819_DARKBROWN.png","@id":"https:\/\/hidalgo.nl\/de\/product\/881740\/kp819-modischer-guertel\/#productImage"},"offers":{"@type":"Offer","url":"https:\/\/hidalgo.nl\/de\/product\/881740\/kp819-modischer-guertel\/#wooCommerceOffer","price":"19.75","priceCurrency":"EUR","category":"Kleding","availability":"https:\/\/schema.org\/OutOfStock","priceSpecification":{"@type":"PriceSpecification","price":19.75,"priceCurrency":"EUR","valueAddedTaxIncluded":"true"}}}]},{"@type":"WebPage","@id":"https:\/\/hidalgo.nl\/de\/product\/881740\/kp819-modischer-guertel\/#webpage","url":"https:\/\/hidalgo.nl\/de\/product\/881740\/kp819-modischer-guertel\/","name":"KP819 - Modischer G\u00fcrtel","description":"Modischer, in Italien hergestellter G\u00fcrtel. Widerstandsf\u00e4higkeit und Raffinesse dank des italienischen Vollnarbenleders, Dicke: 30 mm. Lieferung im Baumwollbeutel zur leichteren Veredelung.","inLanguage":"de-DE","isPartOf":{"@id":"https:\/\/hidalgo.nl\/de\/#website"},"breadcrumb":{"@id":"https:\/\/hidalgo.nl\/de\/product\/881740\/kp819-modischer-guertel\/#breadcrumblist"},"image":{"@type":"ImageObject","url":"https:\/\/shop.hidalgo.nl\/wp-content\/uploads\/2026\/04\/KP819-00_2020.jpg","@id":"https:\/\/hidalgo.nl\/de\/product\/881740\/kp819-modischer-guertel\/#mainImage"},"primaryImageOfPage":{"@id":"https:\/\/hidalgo.nl\/de\/product\/881740\/kp819-modischer-guertel\/#mainImage"},"datePublished":"2026-05-11T11:30:21+00:00","dateModified":"2026-05-11T11:31:27+00:00"},{"@type":"WebSite","@id":"https:\/\/hidalgo.nl\/de\/#website","url":"https:\/\/hidalgo.nl\/de\/","name":"Hidalgo","inLanguage":"de-DE","publisher":{"@id":"https:\/\/hidalgo.nl\/de\/#organization"}}]},"og:locale":"de_DE","og:site_name":"Hidalgo -","og:type":"article","og:title":"KP819 - Modischer G\u00fcrtel","og:description":"Modischer, in Italien hergestellter G\u00fcrtel. Widerstandsf\u00e4higkeit und Raffinesse dank des italienischen Vollnarbenleders, Dicke: 30 mm. Lieferung im Baumwollbeutel zur leichteren Veredelung.","og:url":"https:\/\/hidalgo.nl\/de\/wp-json\/wp\/v2\/product\/881740","og:image":"https:\/\/shop.hidalgo.nl\/wp-content\/uploads\/2025\/11\/cropped-Hidalgo-est1993.png","og:image:secure_url":"https:\/\/shop.hidalgo.nl\/wp-content\/uploads\/2025\/11\/cropped-Hidalgo-est1993.png","article:published_time":"2026-05-11T11:30:21+00:00","article:modified_time":"2026-05-11T11:31:27+00:00","twitter:card":"summary_large_image","twitter:title":"KP819 - Modischer G\u00fcrtel","twitter:description":"Modischer, in Italien hergestellter G\u00fcrtel. Widerstandsf\u00e4higkeit und Raffinesse dank des italienischen Vollnarbenleders, Dicke: 30 mm. Lieferung im Baumwollbeutel zur leichteren Veredelung.","twitter:image":"https:\/\/shop.hidalgo.nl\/wp-content\/uploads\/2025\/11\/cropped-Hidalgo-est1993.png"},"aioseo_meta_data":{"post_id":"881740","title":null,"description":null,"keywords":null,"keyphrases":null,"primary_term":null,"canonical_url":null,"og_title":null,"og_description":null,"og_object_type":"default","og_image_type":"default","og_image_url":null,"og_image_width":null,"og_image_height":null,"og_image_custom_url":null,"og_image_custom_fields":null,"og_video":null,"og_custom_url":null,"og_article_section":null,"og_article_tags":null,"twitter_use_og":false,"twitter_card":"default","twitter_image_type":"default","twitter_image_url":null,"twitter_image_custom_url":null,"twitter_image_custom_fields":null,"twitter_title":null,"twitter_description":null,"schema":{"blockGraphs":[],"customGraphs":[],"default":{"data":{"Article":[],"Course":[],"Dataset":[],"FAQPage":[],"Movie":[],"Person":[],"Product":[],"ProductReview":[],"Car":[],"Recipe":[],"Service":[],"SoftwareApplication":[],"WebPage":[]},"graphName":"","isEnabled":true},"graphs":[]},"schema_type":"default","schema_type_options":null,"pillar_content":false,"robots_default":true,"robots_noindex":false,"robots_noarchive":false,"robots_nosnippet":false,"robots_nofollow":false,"robots_noimageindex":false,"robots_noodp":false,"robots_notranslate":false,"robots_max_snippet":null,"robots_max_videopreview":null,"robots_max_imagepreview":"large","priority":null,"frequency":null,"local_seo":null,"seo_analyzer_scan_date":null,"breadcrumb_settings":null,"limit_modified_date":false,"reviewed_by":null,"open_ai":null,"ai":null,"created":"2026-05-11 11:30:35","updated":"2026-05-11 11:31:27"},"aioseo_breadcrumb":"<div class=\"aioseo-breadcrumbs\"><span class=\"aioseo-breadcrumb\">\n\t<a href=\"https:\/\/hidalgo.nl\/de\/\" title=\"Home\">Home<\/a>\n<\/span><span class=\"aioseo-breadcrumb-separator\">\u00bb<\/span><span class=\"aioseo-breadcrumb\">\n\t<a href=\"https:\/\/hidalgo.nl\/example\/\" title=\"example\">example<\/a>\n<\/span><span class=\"aioseo-breadcrumb-separator\">\u00bb<\/span><span class=\"aioseo-breadcrumb\">\n\t<a href=\"https:\/\/hidalgo.nl\/de\/product-supplier\/a404\/\" title=\"A404\">A404<\/a>\n<\/span><span class=\"aioseo-breadcrumb-separator\">\u00bb<\/span><span class=\"aioseo-breadcrumb\">\n\tKP819 \u2013 Trendy riem\n<\/span><\/div>","aioseo_breadcrumb_json":[{"label":"Home","link":"https:\/\/hidalgo.nl\/de\/"},{"label":"example","link":"https:\/\/hidalgo.nl\/example\/"},{"label":"A404","link":"https:\/\/hidalgo.nl\/de\/product-supplier\/a404\/"},{"label":"KP819 &#8211; Trendy riem","link":"https:\/\/hidalgo.nl\/de\/product\/881740\/kp819-modischer-guertel\/"}],"_links":{"self":[{"href":"https:\/\/hidalgo.nl\/de\/wp-json\/wp\/v2\/product\/881740","targetHints":{"allow":["GET"]}}],"collection":[{"href":"https:\/\/hidalgo.nl\/de\/wp-json\/wp\/v2\/product"}],"about":[{"href":"https:\/\/hidalgo.nl\/de\/wp-json\/wp\/v2\/types\/product"}],"wp:featuredmedia":[{"embeddable":true,"href":"https:\/\/hidalgo.nl\/de\/wp-json\/wp\/v2\/media\/881741"}],"wp:attachment":[{"href":"https:\/\/hidalgo.nl\/de\/wp-json\/wp\/v2\/media?parent=881740"}],"wp:term":[{"taxonomy":"product_brand","embeddable":true,"href":"https:\/\/hidalgo.nl\/de\/wp-json\/wp\/v2\/product_brand?post=881740"},{"taxonomy":"product_cat","embeddable":true,"href":"https:\/\/hidalgo.nl\/de\/wp-json\/wp\/v2\/product_cat?post=881740"},{"taxonomy":"product_tag","embeddable":true,"href":"https:\/\/hidalgo.nl\/de\/wp-json\/wp\/v2\/product_tag?post=881740"}],"curies":[{"name":"wp","href":"https:\/\/api.w.org\/{rel}","templated":true}]}}