{"id":8795,"date":"2025-07-03T09:53:22","date_gmt":"2025-07-03T09:53:22","guid":{"rendered":"http:\/\/bidonsenshakers.pim.hidalgo.nl\/product\/abs-bagagetrolley-ulf\/"},"modified":"2026-03-15T14:42:47","modified_gmt":"2026-03-15T14:42:47","slug":"abs-bagagetrolley-ulf","status":"publish","type":"product","link":"https:\/\/hidalgo.nl\/de\/product\/8795\/abs-trolley-ulf-bedrucken-usb-port-laptopfach-20-zoll\/","title":{"rendered":"ABS trolleykoffer Ulf"},"content":{"rendered":"<p>ABS handbagagetrolley (20 inch) met voorvak met ritssluiting voor laptop, 8 wielen en een handvat met drie standen. Voorzien van cijferslot en apart plaatje voor lasergravure. Met USB-poort.<\/p>\n","protected":false},"excerpt":{"rendered":"<p>ABS handbagagetrolley (20 inch) met voorvak met ritssluiting voor laptop, 8 wielen en een handvat met drie standen. Voorzien van cijferslot en apart plaatje voor lasergravure. Met USB-poort.<\/p>\n","protected":false},"featured_media":8796,"template":"","meta":{"_acf_changed":false,"om_disable_all_campaigns":false,"_monsterinsights_skip_tracking":false,"_monsterinsights_sitenote_active":false,"_monsterinsights_sitenote_note":"","_monsterinsights_sitenote_category":0},"product_brand":[49],"product_cat":[4816,4713,4930],"product_tag":[],"class_list":{"0":"post-8795","1":"product","2":"type-product","3":"status-publish","4":"has-post-thumbnail","6":"product_supplier-a58","7":"product_material-abs","8":"product_material-ijzer","9":"product_material-papier","10":"product_material-polyester-210d","11":"product_brand-impression","12":"product_cat-reistassen-en-koffers","13":"product_cat-tassen","14":"product_cat-reistassen-en-koffers-trolleys","15":"entry","17":"first","18":"instock","19":"taxable","20":"shipping-taxable","21":"purchasable","22":"product-type-variable"},"acf":{"imprint_cost":[{"imprint_cost_key":"2d7b2af5c7d0ebf81ec8b747ccf5ec0da97afecd","product_quantity_price_range":[{"imprint_cost_recommended_selling_price":"1.42","imprint_cost_recommended_selling_quantity":"1"},{"imprint_cost_recommended_selling_price":"1.35","imprint_cost_recommended_selling_quantity":"25"},{"imprint_cost_recommended_selling_price":"0.78","imprint_cost_recommended_selling_quantity":"50"},{"imprint_cost_recommended_selling_price":"0.63","imprint_cost_recommended_selling_quantity":"100"},{"imprint_cost_recommended_selling_price":"0.49","imprint_cost_recommended_selling_quantity":"250"},{"imprint_cost_recommended_selling_price":"0.4","imprint_cost_recommended_selling_quantity":"500"},{"imprint_cost_recommended_selling_price":"0.31","imprint_cost_recommended_selling_quantity":"1000"},{"imprint_cost_recommended_selling_price":"0.26","imprint_cost_recommended_selling_quantity":"2500"},{"imprint_cost_recommended_selling_price":"0.23","imprint_cost_recommended_selling_quantity":"5000"},{"imprint_cost_recommended_selling_price":"0.22","imprint_cost_recommended_selling_quantity":"10000"}],"product_quantity_price_range_buying":false,"imprint_cost_setup_costs":"30.77","imprint_cost_handling_costs":"1.38"},{"imprint_cost_key":"ad90ca70ea942276c0fb1b316006eb6ce3fda102","product_quantity_price_range":[{"imprint_cost_recommended_selling_price":"6.06","imprint_cost_recommended_selling_quantity":"1"},{"imprint_cost_recommended_selling_price":"4.52","imprint_cost_recommended_selling_quantity":"25"},{"imprint_cost_recommended_selling_price":"2.23","imprint_cost_recommended_selling_quantity":"50"},{"imprint_cost_recommended_selling_price":"1.72","imprint_cost_recommended_selling_quantity":"100"},{"imprint_cost_recommended_selling_price":"1.31","imprint_cost_recommended_selling_quantity":"250"},{"imprint_cost_recommended_selling_price":"1.11","imprint_cost_recommended_selling_quantity":"500"},{"imprint_cost_recommended_selling_price":"1.06","imprint_cost_recommended_selling_quantity":"1000"},{"imprint_cost_recommended_selling_price":"0.98","imprint_cost_recommended_selling_quantity":"2500"},{"imprint_cost_recommended_selling_price":"0.94","imprint_cost_recommended_selling_quantity":"5000"},{"imprint_cost_recommended_selling_price":"0.92","imprint_cost_recommended_selling_quantity":"10000"}],"product_quantity_price_range_buying":false,"imprint_cost_setup_costs":"71.54","imprint_cost_handling_costs":"1.38"}]},"aioseo_notices":[],"aioseo_head":"\n\t\t<!-- All in One SEO Pro 4.9.6.2 - aioseo.com -->\n\t<meta name=\"description\" content=\"Mit dem Modell Ulf sicherst du dir ein praktisches Handgep\u00e4ck mit USB-Port f\u00fcr deine n\u00e4chste Gesch\u00e4ftsreise. Du kannst diesen Trolleykoffer personalisieren lassen &amp; dein Firmenlogo auf Koffer drucken, um einen professionellen Eindruck bei Kunden oder Mitarbeitern zu hinterlassen.\" \/>\n\t<meta name=\"robots\" content=\"max-image-preview:large\" \/>\n\t<link rel=\"canonical\" href=\"https:\/\/hidalgo.nl\/de\/wp-json\/wp\/v2\/product\/8795\" \/>\n\t<meta name=\"generator\" content=\"All in One SEO Pro (AIOSEO) 4.9.6.2\" \/>\n\t\t<meta property=\"og:locale\" content=\"de_DE\" \/>\n\t\t<meta property=\"og:site_name\" content=\"Hidalgo -\" \/>\n\t\t<meta property=\"og:type\" content=\"article\" \/>\n\t\t<meta property=\"og:title\" content=\"ABS Trolley Ulf bedrucken USB-Port Laptopfach 20 Zoll\" \/>\n\t\t<meta property=\"og:description\" content=\"Mit dem Modell Ulf sicherst du dir ein praktisches Handgep\u00e4ck mit USB-Port f\u00fcr deine n\u00e4chste Gesch\u00e4ftsreise. Du kannst diesen Trolleykoffer personalisieren lassen &amp; dein Firmenlogo auf Koffer drucken, um einen professionellen Eindruck bei Kunden oder Mitarbeitern zu hinterlassen.\" \/>\n\t\t<meta property=\"og:url\" content=\"https:\/\/hidalgo.nl\/de\/wp-json\/wp\/v2\/product\/8795\" \/>\n\t\t<meta property=\"og:image\" content=\"https:\/\/shop.hidalgo.nl\/wp-content\/uploads\/2025\/11\/cropped-Hidalgo-est1993.png\" \/>\n\t\t<meta property=\"og:image:secure_url\" content=\"https:\/\/shop.hidalgo.nl\/wp-content\/uploads\/2025\/11\/cropped-Hidalgo-est1993.png\" \/>\n\t\t<meta property=\"article:published_time\" content=\"2025-07-03T09:53:22+00:00\" \/>\n\t\t<meta property=\"article:modified_time\" content=\"2026-03-15T14:42:47+00:00\" \/>\n\t\t<meta name=\"twitter:card\" content=\"summary_large_image\" \/>\n\t\t<meta name=\"twitter:title\" content=\"ABS Trolley Ulf bedrucken USB-Port Laptopfach 20 Zoll\" \/>\n\t\t<meta name=\"twitter:description\" content=\"Mit dem Modell Ulf sicherst du dir ein praktisches Handgep\u00e4ck mit USB-Port f\u00fcr deine n\u00e4chste Gesch\u00e4ftsreise. Du kannst diesen Trolleykoffer personalisieren lassen &amp; dein Firmenlogo auf Koffer drucken, um einen professionellen Eindruck bei Kunden oder Mitarbeitern zu hinterlassen.\" \/>\n\t\t<meta name=\"twitter:image\" content=\"https:\/\/shop.hidalgo.nl\/wp-content\/uploads\/2025\/11\/cropped-Hidalgo-est1993.png\" \/>\n\t\t<script type=\"application\/ld+json\" class=\"aioseo-schema\">\n\t\t\t{\"@context\":\"https:\\\/\\\/schema.org\",\"@graph\":[{\"@type\":\"BreadcrumbList\",\"@id\":\"https:\\\/\\\/hidalgo.nl\\\/de\\\/product\\\/8795\\\/abs-trolley-ulf-bedrucken-usb-port-laptopfach-20-zoll\\\/#breadcrumblist\",\"itemListElement\":[{\"@type\":\"ListItem\",\"@id\":\"https:\\\/\\\/hidalgo.nl\\\/de\\\/#listItem\",\"position\":1,\"name\":\"Home\",\"item\":\"https:\\\/\\\/hidalgo.nl\\\/de\\\/\",\"nextItem\":{\"@type\":\"ListItem\",\"@id\":\"https:\\\/\\\/hidalgo.nl\\\/example\\\/#listItem\",\"name\":\"example\"}},{\"@type\":\"ListItem\",\"@id\":\"https:\\\/\\\/hidalgo.nl\\\/example\\\/#listItem\",\"position\":2,\"name\":\"example\",\"item\":\"https:\\\/\\\/hidalgo.nl\\\/example\\\/\",\"nextItem\":{\"@type\":\"ListItem\",\"@id\":\"https:\\\/\\\/hidalgo.nl\\\/en\\\/product-supplier\\\/a58\\\/#listItem\",\"name\":\"A58\"},\"previousItem\":{\"@type\":\"ListItem\",\"@id\":\"https:\\\/\\\/hidalgo.nl\\\/de\\\/#listItem\",\"name\":\"Home\"}},{\"@type\":\"ListItem\",\"@id\":\"https:\\\/\\\/hidalgo.nl\\\/en\\\/product-supplier\\\/a58\\\/#listItem\",\"position\":3,\"name\":\"A58\",\"item\":\"https:\\\/\\\/hidalgo.nl\\\/en\\\/product-supplier\\\/a58\\\/\",\"nextItem\":{\"@type\":\"ListItem\",\"@id\":\"https:\\\/\\\/hidalgo.nl\\\/de\\\/product\\\/8795\\\/abs-trolley-ulf-bedrucken-usb-port-laptopfach-20-zoll\\\/#listItem\",\"name\":\"ABS trolleykoffer Ulf\"},\"previousItem\":{\"@type\":\"ListItem\",\"@id\":\"https:\\\/\\\/hidalgo.nl\\\/example\\\/#listItem\",\"name\":\"example\"}},{\"@type\":\"ListItem\",\"@id\":\"https:\\\/\\\/hidalgo.nl\\\/de\\\/product\\\/8795\\\/abs-trolley-ulf-bedrucken-usb-port-laptopfach-20-zoll\\\/#listItem\",\"position\":4,\"name\":\"ABS trolleykoffer Ulf\",\"previousItem\":{\"@type\":\"ListItem\",\"@id\":\"https:\\\/\\\/hidalgo.nl\\\/en\\\/product-supplier\\\/a58\\\/#listItem\",\"name\":\"A58\"}}]},{\"@type\":\"Organization\",\"@id\":\"https:\\\/\\\/hidalgo.nl\\\/de\\\/#organization\",\"name\":\"Hidalgo\",\"url\":\"https:\\\/\\\/hidalgo.nl\\\/de\\\/\",\"logo\":{\"@type\":\"ImageObject\",\"url\":\"https:\\\/\\\/shop.hidalgo.nl\\\/wp-content\\\/uploads\\\/2025\\\/11\\\/cropped-Hidalgo-est1993.png\",\"@id\":\"https:\\\/\\\/hidalgo.nl\\\/de\\\/product\\\/8795\\\/abs-trolley-ulf-bedrucken-usb-port-laptopfach-20-zoll\\\/#organizationLogo\",\"width\":585,\"height\":195},\"image\":{\"@id\":\"https:\\\/\\\/hidalgo.nl\\\/de\\\/product\\\/8795\\\/abs-trolley-ulf-bedrucken-usb-port-laptopfach-20-zoll\\\/#organizationLogo\"}},{\"@type\":\"ProductGroup\",\"@id\":\"https:\\\/\\\/hidalgo.nl\\\/de\\\/product\\\/8795\\\/abs-trolley-ulf-bedrucken-usb-port-laptopfach-20-zoll\\\/#wooCommerceProduct\",\"name\":\"ABS Trolley Ulf bedrucken USB-Port Laptopfach 20 Zoll\",\"url\":\"https:\\\/\\\/hidalgo.nl\\\/de\\\/product\\\/8795\\\/abs-trolley-ulf-bedrucken-usb-port-laptopfach-20-zoll\\\/\",\"brand\":{\"@type\":\"Brand\",\"name\":\"IMPRESSION\"},\"sku\":\"A58-1097527\",\"image\":{\"@type\":\"ImageObject\",\"url\":\"https:\\\/\\\/shop.hidalgo.nl\\\/wp-content\\\/uploads\\\/2025\\\/05\\\/9329de1c16c4a4bc205d27feb87764110c39778c5fe7a579325f6ea0bf051ee3.jpg\",\"@id\":\"https:\\\/\\\/hidalgo.nl\\\/de\\\/product\\\/8795\\\/abs-trolley-ulf-bedrucken-usb-port-laptopfach-20-zoll\\\/#productImage\",\"width\":619,\"height\":1000},\"productGroupID\":8795,\"hasVariant\":[{\"@type\":\"Product\",\"@id\":\"https:\\\/\\\/hidalgo.nl\\\/de\\\/product\\\/8795\\\/abs-trolley-ulf-bedrucken-usb-port-laptopfach-20-zoll\\\/#wooCommerceProduct\",\"name\":\"ABS trolleykoffer Ulf - zwart,\",\"url\":\"https:\\\/\\\/hidalgo.nl\\\/de\\\/product\\\/8795\\\/abs-trolley-ulf-bedrucken-usb-port-laptopfach-20-zoll\\\/\",\"sku\":\"A58-1097527-001999999\",\"gtin\":\"8719446067011\",\"image\":{\"@type\":\"ImageObject\",\"url\":\"https:\\\/\\\/shop.hidalgo.nl\\\/wp-content\\\/uploads\\\/2025\\\/05\\\/8bdcb849d73290458ce58a2f345dcd0f84721034dca1c60d86d9cb2f4c349dda.jpg\",\"@id\":\"https:\\\/\\\/hidalgo.nl\\\/de\\\/product\\\/8795\\\/abs-trolley-ulf-bedrucken-usb-port-laptopfach-20-zoll\\\/#productImage\",\"width\":631,\"height\":1000},\"offers\":{\"@type\":\"Offer\",\"url\":\"https:\\\/\\\/hidalgo.nl\\\/de\\\/product\\\/8795\\\/abs-trolley-ulf-bedrucken-usb-port-laptopfach-20-zoll\\\/#wooCommerceOffer\",\"price\":\"99.9\",\"priceCurrency\":\"EUR\",\"category\":\"Tassen\",\"availability\":\"https:\\\/\\\/schema.org\\\/InStock\",\"priceSpecification\":{\"@type\":\"PriceSpecification\",\"price\":99.9,\"priceCurrency\":\"EUR\",\"valueAddedTaxIncluded\":\"true\"}}},{\"@type\":\"Product\",\"@id\":\"https:\\\/\\\/hidalgo.nl\\\/de\\\/product\\\/8795\\\/abs-trolley-ulf-bedrucken-usb-port-laptopfach-20-zoll\\\/#wooCommerceProduct\",\"name\":\"ABS trolleykoffer Ulf - donkergrijs,\",\"url\":\"https:\\\/\\\/hidalgo.nl\\\/de\\\/product\\\/8795\\\/abs-trolley-ulf-bedrucken-usb-port-laptopfach-20-zoll\\\/\",\"sku\":\"A58-1097527-491999999\",\"gtin\":\"8719446074064\",\"image\":{\"@type\":\"ImageObject\",\"url\":\"https:\\\/\\\/shop.hidalgo.nl\\\/wp-content\\\/uploads\\\/2026\\\/01\\\/63fa425ae3e11ad0df18a5546b1d4ddb578d447adbec928d6a3afb9876c2d7df.jpg\",\"@id\":\"https:\\\/\\\/hidalgo.nl\\\/de\\\/product\\\/8795\\\/abs-trolley-ulf-bedrucken-usb-port-laptopfach-20-zoll\\\/#productImage\",\"width\":631,\"height\":1000},\"offers\":{\"@type\":\"Offer\",\"url\":\"https:\\\/\\\/hidalgo.nl\\\/de\\\/product\\\/8795\\\/abs-trolley-ulf-bedrucken-usb-port-laptopfach-20-zoll\\\/#wooCommerceOffer\",\"price\":\"99.9\",\"priceCurrency\":\"EUR\",\"category\":\"Tassen\",\"availability\":\"https:\\\/\\\/schema.org\\\/InStock\",\"priceSpecification\":{\"@type\":\"PriceSpecification\",\"price\":99.9,\"priceCurrency\":\"EUR\",\"valueAddedTaxIncluded\":\"true\"}}}]},{\"@type\":\"WebPage\",\"@id\":\"https:\\\/\\\/hidalgo.nl\\\/de\\\/product\\\/8795\\\/abs-trolley-ulf-bedrucken-usb-port-laptopfach-20-zoll\\\/#webpage\",\"url\":\"https:\\\/\\\/hidalgo.nl\\\/de\\\/product\\\/8795\\\/abs-trolley-ulf-bedrucken-usb-port-laptopfach-20-zoll\\\/\",\"name\":\"ABS Trolley Ulf bedrucken USB-Port Laptopfach 20 Zoll\",\"description\":\"Mit dem Modell Ulf sicherst du dir ein praktisches Handgep\\u00e4ck mit USB-Port f\\u00fcr deine n\\u00e4chste Gesch\\u00e4ftsreise. Du kannst diesen Trolleykoffer personalisieren lassen & dein Firmenlogo auf Koffer drucken, um einen professionellen Eindruck bei Kunden oder Mitarbeitern zu hinterlassen.\",\"inLanguage\":\"de-DE\",\"isPartOf\":{\"@id\":\"https:\\\/\\\/hidalgo.nl\\\/de\\\/#website\"},\"breadcrumb\":{\"@id\":\"https:\\\/\\\/hidalgo.nl\\\/de\\\/product\\\/8795\\\/abs-trolley-ulf-bedrucken-usb-port-laptopfach-20-zoll\\\/#breadcrumblist\"},\"image\":{\"@type\":\"ImageObject\",\"url\":\"https:\\\/\\\/shop.hidalgo.nl\\\/wp-content\\\/uploads\\\/2025\\\/05\\\/9329de1c16c4a4bc205d27feb87764110c39778c5fe7a579325f6ea0bf051ee3.jpg\",\"@id\":\"https:\\\/\\\/hidalgo.nl\\\/de\\\/product\\\/8795\\\/abs-trolley-ulf-bedrucken-usb-port-laptopfach-20-zoll\\\/#mainImage\",\"width\":619,\"height\":1000},\"primaryImageOfPage\":{\"@id\":\"https:\\\/\\\/hidalgo.nl\\\/de\\\/product\\\/8795\\\/abs-trolley-ulf-bedrucken-usb-port-laptopfach-20-zoll\\\/#mainImage\"},\"datePublished\":\"2025-07-03T09:53:22+00:00\",\"dateModified\":\"2026-03-15T14:42:47+00:00\"},{\"@type\":\"WebSite\",\"@id\":\"https:\\\/\\\/hidalgo.nl\\\/de\\\/#website\",\"url\":\"https:\\\/\\\/hidalgo.nl\\\/de\\\/\",\"name\":\"Hidalgo\",\"inLanguage\":\"de-DE\",\"publisher\":{\"@id\":\"https:\\\/\\\/hidalgo.nl\\\/de\\\/#organization\"}}]}\n\t\t<\/script>\n\t\t<!-- All in One SEO Pro -->\r\n\t\t<title>ABS Trolley Ulf bedrucken USB-Port Laptopfach 20 Zoll<\/title>\n\n","aioseo_head_json":{"title":"ABS Trolley Ulf bedrucken USB-Port Laptopfach 20 Zoll","description":"Mit dem Modell Ulf sicherst du dir ein praktisches Handgep\u00e4ck mit USB-Port f\u00fcr deine n\u00e4chste Gesch\u00e4ftsreise. Du kannst diesen Trolleykoffer personalisieren lassen & dein Firmenlogo auf Koffer drucken, um einen professionellen Eindruck bei Kunden oder Mitarbeitern zu hinterlassen.","canonical_url":"https:\/\/hidalgo.nl\/de\/wp-json\/wp\/v2\/product\/8795","robots":"max-image-preview:large","keywords":"","webmasterTools":{"miscellaneous":""},"schema":{"@context":"https:\/\/schema.org","@graph":[{"@type":"BreadcrumbList","@id":"https:\/\/hidalgo.nl\/de\/product\/8795\/abs-trolley-ulf-bedrucken-usb-port-laptopfach-20-zoll\/#breadcrumblist","itemListElement":[{"@type":"ListItem","@id":"https:\/\/hidalgo.nl\/de\/#listItem","position":1,"name":"Home","item":"https:\/\/hidalgo.nl\/de\/","nextItem":{"@type":"ListItem","@id":"https:\/\/hidalgo.nl\/example\/#listItem","name":"example"}},{"@type":"ListItem","@id":"https:\/\/hidalgo.nl\/example\/#listItem","position":2,"name":"example","item":"https:\/\/hidalgo.nl\/example\/","nextItem":{"@type":"ListItem","@id":"https:\/\/hidalgo.nl\/en\/product-supplier\/a58\/#listItem","name":"A58"},"previousItem":{"@type":"ListItem","@id":"https:\/\/hidalgo.nl\/de\/#listItem","name":"Home"}},{"@type":"ListItem","@id":"https:\/\/hidalgo.nl\/en\/product-supplier\/a58\/#listItem","position":3,"name":"A58","item":"https:\/\/hidalgo.nl\/en\/product-supplier\/a58\/","nextItem":{"@type":"ListItem","@id":"https:\/\/hidalgo.nl\/de\/product\/8795\/abs-trolley-ulf-bedrucken-usb-port-laptopfach-20-zoll\/#listItem","name":"ABS trolleykoffer Ulf"},"previousItem":{"@type":"ListItem","@id":"https:\/\/hidalgo.nl\/example\/#listItem","name":"example"}},{"@type":"ListItem","@id":"https:\/\/hidalgo.nl\/de\/product\/8795\/abs-trolley-ulf-bedrucken-usb-port-laptopfach-20-zoll\/#listItem","position":4,"name":"ABS trolleykoffer Ulf","previousItem":{"@type":"ListItem","@id":"https:\/\/hidalgo.nl\/en\/product-supplier\/a58\/#listItem","name":"A58"}}]},{"@type":"Organization","@id":"https:\/\/hidalgo.nl\/de\/#organization","name":"Hidalgo","url":"https:\/\/hidalgo.nl\/de\/","logo":{"@type":"ImageObject","url":"https:\/\/shop.hidalgo.nl\/wp-content\/uploads\/2025\/11\/cropped-Hidalgo-est1993.png","@id":"https:\/\/hidalgo.nl\/de\/product\/8795\/abs-trolley-ulf-bedrucken-usb-port-laptopfach-20-zoll\/#organizationLogo","width":585,"height":195},"image":{"@id":"https:\/\/hidalgo.nl\/de\/product\/8795\/abs-trolley-ulf-bedrucken-usb-port-laptopfach-20-zoll\/#organizationLogo"}},{"@type":"ProductGroup","@id":"https:\/\/hidalgo.nl\/de\/product\/8795\/abs-trolley-ulf-bedrucken-usb-port-laptopfach-20-zoll\/#wooCommerceProduct","name":"ABS Trolley Ulf bedrucken USB-Port Laptopfach 20 Zoll","url":"https:\/\/hidalgo.nl\/de\/product\/8795\/abs-trolley-ulf-bedrucken-usb-port-laptopfach-20-zoll\/","brand":{"@type":"Brand","name":"IMPRESSION"},"sku":"A58-1097527","image":{"@type":"ImageObject","url":"https:\/\/shop.hidalgo.nl\/wp-content\/uploads\/2025\/05\/9329de1c16c4a4bc205d27feb87764110c39778c5fe7a579325f6ea0bf051ee3.jpg","@id":"https:\/\/hidalgo.nl\/de\/product\/8795\/abs-trolley-ulf-bedrucken-usb-port-laptopfach-20-zoll\/#productImage","width":619,"height":1000},"productGroupID":8795,"hasVariant":[{"@type":"Product","@id":"https:\/\/hidalgo.nl\/de\/product\/8795\/abs-trolley-ulf-bedrucken-usb-port-laptopfach-20-zoll\/#wooCommerceProduct","name":"ABS trolleykoffer Ulf - zwart,","url":"https:\/\/hidalgo.nl\/de\/product\/8795\/abs-trolley-ulf-bedrucken-usb-port-laptopfach-20-zoll\/","sku":"A58-1097527-001999999","gtin":"8719446067011","image":{"@type":"ImageObject","url":"https:\/\/shop.hidalgo.nl\/wp-content\/uploads\/2025\/05\/8bdcb849d73290458ce58a2f345dcd0f84721034dca1c60d86d9cb2f4c349dda.jpg","@id":"https:\/\/hidalgo.nl\/de\/product\/8795\/abs-trolley-ulf-bedrucken-usb-port-laptopfach-20-zoll\/#productImage","width":631,"height":1000},"offers":{"@type":"Offer","url":"https:\/\/hidalgo.nl\/de\/product\/8795\/abs-trolley-ulf-bedrucken-usb-port-laptopfach-20-zoll\/#wooCommerceOffer","price":"99.9","priceCurrency":"EUR","category":"Tassen","availability":"https:\/\/schema.org\/InStock","priceSpecification":{"@type":"PriceSpecification","price":99.9,"priceCurrency":"EUR","valueAddedTaxIncluded":"true"}}},{"@type":"Product","@id":"https:\/\/hidalgo.nl\/de\/product\/8795\/abs-trolley-ulf-bedrucken-usb-port-laptopfach-20-zoll\/#wooCommerceProduct","name":"ABS trolleykoffer Ulf - donkergrijs,","url":"https:\/\/hidalgo.nl\/de\/product\/8795\/abs-trolley-ulf-bedrucken-usb-port-laptopfach-20-zoll\/","sku":"A58-1097527-491999999","gtin":"8719446074064","image":{"@type":"ImageObject","url":"https:\/\/shop.hidalgo.nl\/wp-content\/uploads\/2026\/01\/63fa425ae3e11ad0df18a5546b1d4ddb578d447adbec928d6a3afb9876c2d7df.jpg","@id":"https:\/\/hidalgo.nl\/de\/product\/8795\/abs-trolley-ulf-bedrucken-usb-port-laptopfach-20-zoll\/#productImage","width":631,"height":1000},"offers":{"@type":"Offer","url":"https:\/\/hidalgo.nl\/de\/product\/8795\/abs-trolley-ulf-bedrucken-usb-port-laptopfach-20-zoll\/#wooCommerceOffer","price":"99.9","priceCurrency":"EUR","category":"Tassen","availability":"https:\/\/schema.org\/InStock","priceSpecification":{"@type":"PriceSpecification","price":99.9,"priceCurrency":"EUR","valueAddedTaxIncluded":"true"}}}]},{"@type":"WebPage","@id":"https:\/\/hidalgo.nl\/de\/product\/8795\/abs-trolley-ulf-bedrucken-usb-port-laptopfach-20-zoll\/#webpage","url":"https:\/\/hidalgo.nl\/de\/product\/8795\/abs-trolley-ulf-bedrucken-usb-port-laptopfach-20-zoll\/","name":"ABS Trolley Ulf bedrucken USB-Port Laptopfach 20 Zoll","description":"Mit dem Modell Ulf sicherst du dir ein praktisches Handgep\u00e4ck mit USB-Port f\u00fcr deine n\u00e4chste Gesch\u00e4ftsreise. Du kannst diesen Trolleykoffer personalisieren lassen & dein Firmenlogo auf Koffer drucken, um einen professionellen Eindruck bei Kunden oder Mitarbeitern zu hinterlassen.","inLanguage":"de-DE","isPartOf":{"@id":"https:\/\/hidalgo.nl\/de\/#website"},"breadcrumb":{"@id":"https:\/\/hidalgo.nl\/de\/product\/8795\/abs-trolley-ulf-bedrucken-usb-port-laptopfach-20-zoll\/#breadcrumblist"},"image":{"@type":"ImageObject","url":"https:\/\/shop.hidalgo.nl\/wp-content\/uploads\/2025\/05\/9329de1c16c4a4bc205d27feb87764110c39778c5fe7a579325f6ea0bf051ee3.jpg","@id":"https:\/\/hidalgo.nl\/de\/product\/8795\/abs-trolley-ulf-bedrucken-usb-port-laptopfach-20-zoll\/#mainImage","width":619,"height":1000},"primaryImageOfPage":{"@id":"https:\/\/hidalgo.nl\/de\/product\/8795\/abs-trolley-ulf-bedrucken-usb-port-laptopfach-20-zoll\/#mainImage"},"datePublished":"2025-07-03T09:53:22+00:00","dateModified":"2026-03-15T14:42:47+00:00"},{"@type":"WebSite","@id":"https:\/\/hidalgo.nl\/de\/#website","url":"https:\/\/hidalgo.nl\/de\/","name":"Hidalgo","inLanguage":"de-DE","publisher":{"@id":"https:\/\/hidalgo.nl\/de\/#organization"}}]},"og:locale":"de_DE","og:site_name":"Hidalgo -","og:type":"article","og:title":"ABS Trolley Ulf bedrucken USB-Port Laptopfach 20 Zoll","og:description":"Mit dem Modell Ulf sicherst du dir ein praktisches Handgep\u00e4ck mit USB-Port f\u00fcr deine n\u00e4chste Gesch\u00e4ftsreise. Du kannst diesen Trolleykoffer personalisieren lassen &amp; dein Firmenlogo auf Koffer drucken, um einen professionellen Eindruck bei Kunden oder Mitarbeitern zu hinterlassen.","og:url":"https:\/\/hidalgo.nl\/de\/wp-json\/wp\/v2\/product\/8795","og:image":"https:\/\/shop.hidalgo.nl\/wp-content\/uploads\/2025\/11\/cropped-Hidalgo-est1993.png","og:image:secure_url":"https:\/\/shop.hidalgo.nl\/wp-content\/uploads\/2025\/11\/cropped-Hidalgo-est1993.png","article:published_time":"2025-07-03T09:53:22+00:00","article:modified_time":"2026-03-15T14:42:47+00:00","twitter:card":"summary_large_image","twitter:title":"ABS Trolley Ulf bedrucken USB-Port Laptopfach 20 Zoll","twitter:description":"Mit dem Modell Ulf sicherst du dir ein praktisches Handgep\u00e4ck mit USB-Port f\u00fcr deine n\u00e4chste Gesch\u00e4ftsreise. Du kannst diesen Trolleykoffer personalisieren lassen &amp; dein Firmenlogo auf Koffer drucken, um einen professionellen Eindruck bei Kunden oder Mitarbeitern zu hinterlassen.","twitter:image":"https:\/\/shop.hidalgo.nl\/wp-content\/uploads\/2025\/11\/cropped-Hidalgo-est1993.png"},"aioseo_meta_data":{"post_id":"8795","title":null,"description":null,"keywords":null,"keyphrases":null,"primary_term":null,"canonical_url":null,"og_title":null,"og_description":null,"og_object_type":"default","og_image_type":"default","og_image_url":null,"og_image_width":null,"og_image_height":null,"og_image_custom_url":null,"og_image_custom_fields":null,"og_video":null,"og_custom_url":null,"og_article_section":null,"og_article_tags":null,"twitter_use_og":false,"twitter_card":"default","twitter_image_type":"default","twitter_image_url":null,"twitter_image_custom_url":null,"twitter_image_custom_fields":null,"twitter_title":null,"twitter_description":null,"schema":{"blockGraphs":[],"customGraphs":[],"default":{"data":{"Article":[],"Course":[],"Dataset":[],"FAQPage":[],"Movie":[],"Person":[],"Product":[],"ProductReview":[],"Car":[],"Recipe":[],"Service":[],"SoftwareApplication":[],"WebPage":[]},"graphName":"","isEnabled":true},"graphs":[]},"schema_type":"default","schema_type_options":null,"pillar_content":false,"robots_default":true,"robots_noindex":false,"robots_noarchive":false,"robots_nosnippet":false,"robots_nofollow":false,"robots_noimageindex":false,"robots_noodp":false,"robots_notranslate":false,"robots_max_snippet":null,"robots_max_videopreview":null,"robots_max_imagepreview":"large","priority":null,"frequency":null,"local_seo":null,"seo_analyzer_scan_date":"2026-01-20 09:42:20","breadcrumb_settings":null,"limit_modified_date":false,"reviewed_by":null,"open_ai":null,"ai":null,"created":"2026-01-14 06:17:37","updated":"2026-04-22 15:57:59"},"aioseo_breadcrumb":"<div class=\"aioseo-breadcrumbs\"><span class=\"aioseo-breadcrumb\">\n\t<a href=\"https:\/\/hidalgo.nl\/de\/\" title=\"Home\">Home<\/a>\n<\/span><span class=\"aioseo-breadcrumb-separator\">\u00bb<\/span><span class=\"aioseo-breadcrumb\">\n\t<a href=\"https:\/\/hidalgo.nl\/example\/\" title=\"example\">example<\/a>\n<\/span><span class=\"aioseo-breadcrumb-separator\">\u00bb<\/span><span class=\"aioseo-breadcrumb\">\n\t<a href=\"https:\/\/hidalgo.nl\/en\/product-supplier\/a58\/\" title=\"A58\">A58<\/a>\n<\/span><span class=\"aioseo-breadcrumb-separator\">\u00bb<\/span><span class=\"aioseo-breadcrumb\">\n\tABS trolleykoffer Ulf\n<\/span><\/div>","aioseo_breadcrumb_json":[{"label":"Home","link":"https:\/\/hidalgo.nl\/de\/"},{"label":"example","link":"https:\/\/hidalgo.nl\/example\/"},{"label":"A58","link":"https:\/\/hidalgo.nl\/en\/product-supplier\/a58\/"},{"label":"ABS trolleykoffer Ulf","link":"https:\/\/hidalgo.nl\/de\/product\/8795\/abs-trolley-ulf-bedrucken-usb-port-laptopfach-20-zoll\/"}],"_links":{"self":[{"href":"https:\/\/hidalgo.nl\/de\/wp-json\/wp\/v2\/product\/8795","targetHints":{"allow":["GET"]}}],"collection":[{"href":"https:\/\/hidalgo.nl\/de\/wp-json\/wp\/v2\/product"}],"about":[{"href":"https:\/\/hidalgo.nl\/de\/wp-json\/wp\/v2\/types\/product"}],"wp:featuredmedia":[{"embeddable":true,"href":"https:\/\/hidalgo.nl\/de\/wp-json\/wp\/v2\/media\/8796"}],"wp:attachment":[{"href":"https:\/\/hidalgo.nl\/de\/wp-json\/wp\/v2\/media?parent=8795"}],"wp:term":[{"taxonomy":"product_brand","embeddable":true,"href":"https:\/\/hidalgo.nl\/de\/wp-json\/wp\/v2\/product_brand?post=8795"},{"taxonomy":"product_cat","embeddable":true,"href":"https:\/\/hidalgo.nl\/de\/wp-json\/wp\/v2\/product_cat?post=8795"},{"taxonomy":"product_tag","embeddable":true,"href":"https:\/\/hidalgo.nl\/de\/wp-json\/wp\/v2\/product_tag?post=8795"}],"curies":[{"name":"wp","href":"https:\/\/api.w.org\/{rel}","templated":true}]}}