{"id":8636,"date":"2025-07-03T09:51:37","date_gmt":"2025-07-03T09:51:37","guid":{"rendered":"http:\/\/bidonsenshakers.pim.hidalgo.nl\/product\/bamboe-specerijmolen-set-christine\/"},"modified":"2026-03-15T09:16:46","modified_gmt":"2026-03-15T09:16:46","slug":"bamboe-specerijmolen-set-christine","status":"publish","type":"product","link":"https:\/\/hidalgo.nl\/de\/product\/8636\/bambus-gewuerzmuehlen-set-christine-bedrucken-keramik-2-teilig\/","title":{"rendered":"Bamboe specerijmolen set Christine"},"content":{"rendered":"<p>Bamboe specerijmolen set (twee) met keramische slijper. Individueel verpakt in een kraftpapieren doos.<\/p>\n","protected":false},"excerpt":{"rendered":"<p>Bamboe specerijmolen set (twee) met keramische slijper. Individueel verpakt in een kraftpapieren doos.<\/p>\n","protected":false},"featured_media":8637,"template":"","meta":{"_acf_changed":false,"om_disable_all_campaigns":false,"_monsterinsights_skip_tracking":false,"_monsterinsights_sitenote_active":false,"_monsterinsights_sitenote_note":"","_monsterinsights_sitenote_category":0},"product_brand":[49],"product_cat":[4735,5024,4719,4728],"product_tag":[],"class_list":{"0":"post-8636","1":"product","2":"type-product","3":"status-publish","4":"has-post-thumbnail","6":"product_supplier-a58","7":"product_material-abs","8":"product_material-bamboe","9":"product_brand-impression","10":"product_cat-keuken","11":"product_cat-promotionele-artikelen-thuis-keuken-en-tuin-keuken-keuken-accessoires","12":"product_cat-promotionele-artikelen","13":"product_cat-promotionele-artikelen-thuis-keuken-en-tuin","14":"entry","16":"first","17":"instock","18":"taxable","19":"shipping-taxable","20":"purchasable","21":"product-type-variable"},"acf":{"imprint_cost":[{"imprint_cost_key":"8f2359f50d5925950f04753189daa323e067cd66","product_quantity_price_range":[{"imprint_cost_recommended_selling_price":"2.15","imprint_cost_recommended_selling_quantity":"1"},{"imprint_cost_recommended_selling_price":"1.42","imprint_cost_recommended_selling_quantity":"25"},{"imprint_cost_recommended_selling_price":"1.02","imprint_cost_recommended_selling_quantity":"50"},{"imprint_cost_recommended_selling_price":"0.65","imprint_cost_recommended_selling_quantity":"100"},{"imprint_cost_recommended_selling_price":"0.51","imprint_cost_recommended_selling_quantity":"250"},{"imprint_cost_recommended_selling_price":"0.42","imprint_cost_recommended_selling_quantity":"500"},{"imprint_cost_recommended_selling_price":"0.34","imprint_cost_recommended_selling_quantity":"1000"},{"imprint_cost_recommended_selling_price":"0.28","imprint_cost_recommended_selling_quantity":"2500"},{"imprint_cost_recommended_selling_price":"0.25","imprint_cost_recommended_selling_quantity":"5000"},{"imprint_cost_recommended_selling_price":"0.23","imprint_cost_recommended_selling_quantity":"10000"}],"product_quantity_price_range_buying":false,"imprint_cost_setup_costs":"30.77","imprint_cost_handling_costs":"0.2"},{"imprint_cost_key":"978dd3bea25814495c3d4fd35d78e059067e60b8","product_quantity_price_range":[{"imprint_cost_recommended_selling_price":"2.15","imprint_cost_recommended_selling_quantity":"1"},{"imprint_cost_recommended_selling_price":"1.42","imprint_cost_recommended_selling_quantity":"25"},{"imprint_cost_recommended_selling_price":"1.02","imprint_cost_recommended_selling_quantity":"50"},{"imprint_cost_recommended_selling_price":"0.65","imprint_cost_recommended_selling_quantity":"100"},{"imprint_cost_recommended_selling_price":"0.51","imprint_cost_recommended_selling_quantity":"250"},{"imprint_cost_recommended_selling_price":"0.42","imprint_cost_recommended_selling_quantity":"500"},{"imprint_cost_recommended_selling_price":"0.34","imprint_cost_recommended_selling_quantity":"1000"},{"imprint_cost_recommended_selling_price":"0.28","imprint_cost_recommended_selling_quantity":"2500"},{"imprint_cost_recommended_selling_price":"0.25","imprint_cost_recommended_selling_quantity":"5000"},{"imprint_cost_recommended_selling_price":"0.23","imprint_cost_recommended_selling_quantity":"10000"}],"product_quantity_price_range_buying":false,"imprint_cost_setup_costs":"30.77","imprint_cost_handling_costs":"0.2"},{"imprint_cost_key":"08f889566b512cf86a2f6bc52f2ce9db54c5d028","product_quantity_price_range":[{"imprint_cost_recommended_selling_price":"5.43","imprint_cost_recommended_selling_quantity":"1"},{"imprint_cost_recommended_selling_price":"2.83","imprint_cost_recommended_selling_quantity":"25"},{"imprint_cost_recommended_selling_price":"1.29","imprint_cost_recommended_selling_quantity":"50"},{"imprint_cost_recommended_selling_price":"0.49","imprint_cost_recommended_selling_quantity":"100"},{"imprint_cost_recommended_selling_price":"0.35","imprint_cost_recommended_selling_quantity":"250"},{"imprint_cost_recommended_selling_price":"0.28","imprint_cost_recommended_selling_quantity":"500"},{"imprint_cost_recommended_selling_price":"0.2","imprint_cost_recommended_selling_quantity":"1000"},{"imprint_cost_recommended_selling_price":"0.18","imprint_cost_recommended_selling_quantity":"5000"}],"product_quantity_price_range_buying":false,"imprint_cost_setup_costs":"52.31","imprint_cost_handling_costs":"0.2"},{"imprint_cost_key":"908d3707b5a51858ac18feaf75f223270471b654","product_quantity_price_range":[{"imprint_cost_recommended_selling_price":"10.26","imprint_cost_recommended_selling_quantity":"1"},{"imprint_cost_recommended_selling_price":"5.35","imprint_cost_recommended_selling_quantity":"25"},{"imprint_cost_recommended_selling_price":"2.4","imprint_cost_recommended_selling_quantity":"50"},{"imprint_cost_recommended_selling_price":"0.84","imprint_cost_recommended_selling_quantity":"100"},{"imprint_cost_recommended_selling_price":"0.63","imprint_cost_recommended_selling_quantity":"250"},{"imprint_cost_recommended_selling_price":"0.53","imprint_cost_recommended_selling_quantity":"500"},{"imprint_cost_recommended_selling_price":"0.38","imprint_cost_recommended_selling_quantity":"1000"},{"imprint_cost_recommended_selling_price":"0.35","imprint_cost_recommended_selling_quantity":"5000"},{"imprint_cost_recommended_selling_price":"0.32","imprint_cost_recommended_selling_quantity":"10000"}],"product_quantity_price_range_buying":false,"imprint_cost_setup_costs":"104.62","imprint_cost_handling_costs":"0.2"}]},"aioseo_notices":[],"aioseo_head":"\n\t\t<!-- All in One SEO Pro 4.9.6.2 - aioseo.com -->\n\t<meta name=\"description\" content=\"Mit dem Modell Christine verleihst du deiner K\u00fcche einen modernen Look aus nachhaltigem Bambus. Diese Salz und Pfefferm\u00fchle Keramikmahlwerk Kombination sorgt f\u00fcr pr\u00e4zises W\u00fcrzen bei jedem Gericht. Du kannst dieses K\u00fcchenzubeh\u00f6r bedrucken lassen, um ein funktionales Werbegeschenk mit Charakter zu gestalten.\" \/>\n\t<meta name=\"robots\" content=\"max-image-preview:large\" \/>\n\t<link rel=\"canonical\" href=\"https:\/\/hidalgo.nl\/de\/wp-json\/wp\/v2\/product\/8636\" \/>\n\t<meta name=\"generator\" content=\"All in One SEO Pro (AIOSEO) 4.9.6.2\" \/>\n\t\t<meta property=\"og:locale\" content=\"de_DE\" \/>\n\t\t<meta property=\"og:site_name\" content=\"Hidalgo -\" \/>\n\t\t<meta property=\"og:type\" content=\"article\" \/>\n\t\t<meta property=\"og:title\" content=\"Bambus Gew\u00fcrzm\u00fchlen Set Christine bedrucken Keramik 2-teilig\" \/>\n\t\t<meta property=\"og:description\" content=\"Mit dem Modell Christine verleihst du deiner K\u00fcche einen modernen Look aus nachhaltigem Bambus. Diese Salz und Pfefferm\u00fchle Keramikmahlwerk Kombination sorgt f\u00fcr pr\u00e4zises W\u00fcrzen bei jedem Gericht. Du kannst dieses K\u00fcchenzubeh\u00f6r bedrucken lassen, um ein funktionales Werbegeschenk mit Charakter zu gestalten.\" \/>\n\t\t<meta property=\"og:url\" content=\"https:\/\/hidalgo.nl\/de\/wp-json\/wp\/v2\/product\/8636\" \/>\n\t\t<meta property=\"og:image\" content=\"https:\/\/shop.hidalgo.nl\/wp-content\/uploads\/2025\/11\/cropped-Hidalgo-est1993.png\" \/>\n\t\t<meta property=\"og:image:secure_url\" content=\"https:\/\/shop.hidalgo.nl\/wp-content\/uploads\/2025\/11\/cropped-Hidalgo-est1993.png\" \/>\n\t\t<meta property=\"article:published_time\" content=\"2025-07-03T09:51:37+00:00\" \/>\n\t\t<meta property=\"article:modified_time\" content=\"2026-03-15T09:16:46+00:00\" \/>\n\t\t<meta name=\"twitter:card\" content=\"summary_large_image\" \/>\n\t\t<meta name=\"twitter:title\" content=\"Bambus Gew\u00fcrzm\u00fchlen Set Christine bedrucken Keramik 2-teilig\" \/>\n\t\t<meta name=\"twitter:description\" content=\"Mit dem Modell Christine verleihst du deiner K\u00fcche einen modernen Look aus nachhaltigem Bambus. Diese Salz und Pfefferm\u00fchle Keramikmahlwerk Kombination sorgt f\u00fcr pr\u00e4zises W\u00fcrzen bei jedem Gericht. Du kannst dieses K\u00fcchenzubeh\u00f6r bedrucken lassen, um ein funktionales Werbegeschenk mit Charakter zu gestalten.\" \/>\n\t\t<meta name=\"twitter:image\" content=\"https:\/\/shop.hidalgo.nl\/wp-content\/uploads\/2025\/11\/cropped-Hidalgo-est1993.png\" \/>\n\t\t<script type=\"application\/ld+json\" class=\"aioseo-schema\">\n\t\t\t{\"@context\":\"https:\\\/\\\/schema.org\",\"@graph\":[{\"@type\":\"BreadcrumbList\",\"@id\":\"https:\\\/\\\/hidalgo.nl\\\/de\\\/product\\\/8636\\\/bambus-gewuerzmuehlen-set-christine-bedrucken-keramik-2-teilig\\\/#breadcrumblist\",\"itemListElement\":[{\"@type\":\"ListItem\",\"@id\":\"https:\\\/\\\/hidalgo.nl\\\/de\\\/#listItem\",\"position\":1,\"name\":\"Home\",\"item\":\"https:\\\/\\\/hidalgo.nl\\\/de\\\/\",\"nextItem\":{\"@type\":\"ListItem\",\"@id\":\"https:\\\/\\\/hidalgo.nl\\\/example\\\/#listItem\",\"name\":\"example\"}},{\"@type\":\"ListItem\",\"@id\":\"https:\\\/\\\/hidalgo.nl\\\/example\\\/#listItem\",\"position\":2,\"name\":\"example\",\"item\":\"https:\\\/\\\/hidalgo.nl\\\/example\\\/\",\"nextItem\":{\"@type\":\"ListItem\",\"@id\":\"https:\\\/\\\/hidalgo.nl\\\/en\\\/product-supplier\\\/a58\\\/#listItem\",\"name\":\"A58\"},\"previousItem\":{\"@type\":\"ListItem\",\"@id\":\"https:\\\/\\\/hidalgo.nl\\\/de\\\/#listItem\",\"name\":\"Home\"}},{\"@type\":\"ListItem\",\"@id\":\"https:\\\/\\\/hidalgo.nl\\\/en\\\/product-supplier\\\/a58\\\/#listItem\",\"position\":3,\"name\":\"A58\",\"item\":\"https:\\\/\\\/hidalgo.nl\\\/en\\\/product-supplier\\\/a58\\\/\",\"nextItem\":{\"@type\":\"ListItem\",\"@id\":\"https:\\\/\\\/hidalgo.nl\\\/de\\\/product\\\/8636\\\/bambus-gewuerzmuehlen-set-christine-bedrucken-keramik-2-teilig\\\/#listItem\",\"name\":\"Bamboe specerijmolen set Christine\"},\"previousItem\":{\"@type\":\"ListItem\",\"@id\":\"https:\\\/\\\/hidalgo.nl\\\/example\\\/#listItem\",\"name\":\"example\"}},{\"@type\":\"ListItem\",\"@id\":\"https:\\\/\\\/hidalgo.nl\\\/de\\\/product\\\/8636\\\/bambus-gewuerzmuehlen-set-christine-bedrucken-keramik-2-teilig\\\/#listItem\",\"position\":4,\"name\":\"Bamboe specerijmolen set Christine\",\"previousItem\":{\"@type\":\"ListItem\",\"@id\":\"https:\\\/\\\/hidalgo.nl\\\/en\\\/product-supplier\\\/a58\\\/#listItem\",\"name\":\"A58\"}}]},{\"@type\":\"Organization\",\"@id\":\"https:\\\/\\\/hidalgo.nl\\\/de\\\/#organization\",\"name\":\"Hidalgo\",\"url\":\"https:\\\/\\\/hidalgo.nl\\\/de\\\/\",\"logo\":{\"@type\":\"ImageObject\",\"url\":\"https:\\\/\\\/shop.hidalgo.nl\\\/wp-content\\\/uploads\\\/2025\\\/11\\\/cropped-Hidalgo-est1993.png\",\"@id\":\"https:\\\/\\\/hidalgo.nl\\\/de\\\/product\\\/8636\\\/bambus-gewuerzmuehlen-set-christine-bedrucken-keramik-2-teilig\\\/#organizationLogo\",\"width\":585,\"height\":195},\"image\":{\"@id\":\"https:\\\/\\\/hidalgo.nl\\\/de\\\/product\\\/8636\\\/bambus-gewuerzmuehlen-set-christine-bedrucken-keramik-2-teilig\\\/#organizationLogo\"}},{\"@type\":\"ProductGroup\",\"@id\":\"https:\\\/\\\/hidalgo.nl\\\/de\\\/product\\\/8636\\\/bambus-gewuerzmuehlen-set-christine-bedrucken-keramik-2-teilig\\\/#wooCommerceProduct\",\"name\":\"Bambus Gew\\u00fcrzm\\u00fchlen Set Christine bedrucken Keramik 2-teilig\",\"url\":\"https:\\\/\\\/hidalgo.nl\\\/de\\\/product\\\/8636\\\/bambus-gewuerzmuehlen-set-christine-bedrucken-keramik-2-teilig\\\/\",\"brand\":{\"@type\":\"Brand\",\"name\":\"IMPRESSION\"},\"sku\":\"A58-1097192\",\"image\":{\"@type\":\"ImageObject\",\"url\":\"https:\\\/\\\/shop.hidalgo.nl\\\/wp-content\\\/uploads\\\/2025\\\/05\\\/0e08215950b9ba406b205717576e75b1668200ce00a86a347326cbf5befe20dd.jpg\",\"@id\":\"https:\\\/\\\/hidalgo.nl\\\/de\\\/product\\\/8636\\\/bambus-gewuerzmuehlen-set-christine-bedrucken-keramik-2-teilig\\\/#productImage\",\"width\":885,\"height\":1000},\"productGroupID\":8636,\"hasVariant\":[{\"@type\":\"Product\",\"@id\":\"https:\\\/\\\/hidalgo.nl\\\/de\\\/product\\\/8636\\\/bambus-gewuerzmuehlen-set-christine-bedrucken-keramik-2-teilig\\\/#wooCommerceProduct\",\"name\":\"Bamboe specerijmolen set Christine - bruin,\",\"url\":\"https:\\\/\\\/hidalgo.nl\\\/de\\\/product\\\/8636\\\/bambus-gewuerzmuehlen-set-christine-bedrucken-keramik-2-teilig\\\/\",\"sku\":\"A58-1097192-011999999\",\"gtin\":\"8719446066663\",\"image\":{\"@type\":\"ImageObject\",\"url\":\"https:\\\/\\\/shop.hidalgo.nl\\\/wp-content\\\/uploads\\\/2025\\\/05\\\/0e08215950b9ba406b205717576e75b1668200ce00a86a347326cbf5befe20dd.jpg\",\"@id\":\"https:\\\/\\\/hidalgo.nl\\\/de\\\/product\\\/8636\\\/bambus-gewuerzmuehlen-set-christine-bedrucken-keramik-2-teilig\\\/#productImage\",\"width\":885,\"height\":1000},\"offers\":{\"@type\":\"Offer\",\"url\":\"https:\\\/\\\/hidalgo.nl\\\/de\\\/product\\\/8636\\\/bambus-gewuerzmuehlen-set-christine-bedrucken-keramik-2-teilig\\\/#wooCommerceOffer\",\"price\":\"10.82\",\"priceCurrency\":\"EUR\",\"category\":\"Promotionele Artikelen\",\"availability\":\"https:\\\/\\\/schema.org\\\/InStock\",\"priceSpecification\":{\"@type\":\"PriceSpecification\",\"price\":10.82,\"priceCurrency\":\"EUR\",\"valueAddedTaxIncluded\":\"true\"}}}]},{\"@type\":\"WebPage\",\"@id\":\"https:\\\/\\\/hidalgo.nl\\\/de\\\/product\\\/8636\\\/bambus-gewuerzmuehlen-set-christine-bedrucken-keramik-2-teilig\\\/#webpage\",\"url\":\"https:\\\/\\\/hidalgo.nl\\\/de\\\/product\\\/8636\\\/bambus-gewuerzmuehlen-set-christine-bedrucken-keramik-2-teilig\\\/\",\"name\":\"Bambus Gew\\u00fcrzm\\u00fchlen Set Christine bedrucken Keramik 2-teilig\",\"description\":\"Mit dem Modell Christine verleihst du deiner K\\u00fcche einen modernen Look aus nachhaltigem Bambus. Diese Salz und Pfefferm\\u00fchle Keramikmahlwerk Kombination sorgt f\\u00fcr pr\\u00e4zises W\\u00fcrzen bei jedem Gericht. Du kannst dieses K\\u00fcchenzubeh\\u00f6r bedrucken lassen, um ein funktionales Werbegeschenk mit Charakter zu gestalten.\",\"inLanguage\":\"de-DE\",\"isPartOf\":{\"@id\":\"https:\\\/\\\/hidalgo.nl\\\/de\\\/#website\"},\"breadcrumb\":{\"@id\":\"https:\\\/\\\/hidalgo.nl\\\/de\\\/product\\\/8636\\\/bambus-gewuerzmuehlen-set-christine-bedrucken-keramik-2-teilig\\\/#breadcrumblist\"},\"image\":{\"@type\":\"ImageObject\",\"url\":\"https:\\\/\\\/shop.hidalgo.nl\\\/wp-content\\\/uploads\\\/2025\\\/05\\\/0e08215950b9ba406b205717576e75b1668200ce00a86a347326cbf5befe20dd.jpg\",\"@id\":\"https:\\\/\\\/hidalgo.nl\\\/de\\\/product\\\/8636\\\/bambus-gewuerzmuehlen-set-christine-bedrucken-keramik-2-teilig\\\/#mainImage\",\"width\":885,\"height\":1000},\"primaryImageOfPage\":{\"@id\":\"https:\\\/\\\/hidalgo.nl\\\/de\\\/product\\\/8636\\\/bambus-gewuerzmuehlen-set-christine-bedrucken-keramik-2-teilig\\\/#mainImage\"},\"datePublished\":\"2025-07-03T09:51:37+00:00\",\"dateModified\":\"2026-03-15T09:16:46+00:00\"},{\"@type\":\"WebSite\",\"@id\":\"https:\\\/\\\/hidalgo.nl\\\/de\\\/#website\",\"url\":\"https:\\\/\\\/hidalgo.nl\\\/de\\\/\",\"name\":\"Hidalgo\",\"inLanguage\":\"de-DE\",\"publisher\":{\"@id\":\"https:\\\/\\\/hidalgo.nl\\\/de\\\/#organization\"}}]}\n\t\t<\/script>\n\t\t<!-- All in One SEO Pro -->\r\n\t\t<title>Bambus Gew\u00fcrzm\u00fchlen Set Christine bedrucken Keramik 2-teilig<\/title>\n\n","aioseo_head_json":{"title":"Bambus Gew\u00fcrzm\u00fchlen Set Christine bedrucken Keramik 2-teilig","description":"Mit dem Modell Christine verleihst du deiner K\u00fcche einen modernen Look aus nachhaltigem Bambus. Diese Salz und Pfefferm\u00fchle Keramikmahlwerk Kombination sorgt f\u00fcr pr\u00e4zises W\u00fcrzen bei jedem Gericht. Du kannst dieses K\u00fcchenzubeh\u00f6r bedrucken lassen, um ein funktionales Werbegeschenk mit Charakter zu gestalten.","canonical_url":"https:\/\/hidalgo.nl\/de\/wp-json\/wp\/v2\/product\/8636","robots":"max-image-preview:large","keywords":"","webmasterTools":{"miscellaneous":""},"schema":{"@context":"https:\/\/schema.org","@graph":[{"@type":"BreadcrumbList","@id":"https:\/\/hidalgo.nl\/de\/product\/8636\/bambus-gewuerzmuehlen-set-christine-bedrucken-keramik-2-teilig\/#breadcrumblist","itemListElement":[{"@type":"ListItem","@id":"https:\/\/hidalgo.nl\/de\/#listItem","position":1,"name":"Home","item":"https:\/\/hidalgo.nl\/de\/","nextItem":{"@type":"ListItem","@id":"https:\/\/hidalgo.nl\/example\/#listItem","name":"example"}},{"@type":"ListItem","@id":"https:\/\/hidalgo.nl\/example\/#listItem","position":2,"name":"example","item":"https:\/\/hidalgo.nl\/example\/","nextItem":{"@type":"ListItem","@id":"https:\/\/hidalgo.nl\/en\/product-supplier\/a58\/#listItem","name":"A58"},"previousItem":{"@type":"ListItem","@id":"https:\/\/hidalgo.nl\/de\/#listItem","name":"Home"}},{"@type":"ListItem","@id":"https:\/\/hidalgo.nl\/en\/product-supplier\/a58\/#listItem","position":3,"name":"A58","item":"https:\/\/hidalgo.nl\/en\/product-supplier\/a58\/","nextItem":{"@type":"ListItem","@id":"https:\/\/hidalgo.nl\/de\/product\/8636\/bambus-gewuerzmuehlen-set-christine-bedrucken-keramik-2-teilig\/#listItem","name":"Bamboe specerijmolen set Christine"},"previousItem":{"@type":"ListItem","@id":"https:\/\/hidalgo.nl\/example\/#listItem","name":"example"}},{"@type":"ListItem","@id":"https:\/\/hidalgo.nl\/de\/product\/8636\/bambus-gewuerzmuehlen-set-christine-bedrucken-keramik-2-teilig\/#listItem","position":4,"name":"Bamboe specerijmolen set Christine","previousItem":{"@type":"ListItem","@id":"https:\/\/hidalgo.nl\/en\/product-supplier\/a58\/#listItem","name":"A58"}}]},{"@type":"Organization","@id":"https:\/\/hidalgo.nl\/de\/#organization","name":"Hidalgo","url":"https:\/\/hidalgo.nl\/de\/","logo":{"@type":"ImageObject","url":"https:\/\/shop.hidalgo.nl\/wp-content\/uploads\/2025\/11\/cropped-Hidalgo-est1993.png","@id":"https:\/\/hidalgo.nl\/de\/product\/8636\/bambus-gewuerzmuehlen-set-christine-bedrucken-keramik-2-teilig\/#organizationLogo","width":585,"height":195},"image":{"@id":"https:\/\/hidalgo.nl\/de\/product\/8636\/bambus-gewuerzmuehlen-set-christine-bedrucken-keramik-2-teilig\/#organizationLogo"}},{"@type":"ProductGroup","@id":"https:\/\/hidalgo.nl\/de\/product\/8636\/bambus-gewuerzmuehlen-set-christine-bedrucken-keramik-2-teilig\/#wooCommerceProduct","name":"Bambus Gew\u00fcrzm\u00fchlen Set Christine bedrucken Keramik 2-teilig","url":"https:\/\/hidalgo.nl\/de\/product\/8636\/bambus-gewuerzmuehlen-set-christine-bedrucken-keramik-2-teilig\/","brand":{"@type":"Brand","name":"IMPRESSION"},"sku":"A58-1097192","image":{"@type":"ImageObject","url":"https:\/\/shop.hidalgo.nl\/wp-content\/uploads\/2025\/05\/0e08215950b9ba406b205717576e75b1668200ce00a86a347326cbf5befe20dd.jpg","@id":"https:\/\/hidalgo.nl\/de\/product\/8636\/bambus-gewuerzmuehlen-set-christine-bedrucken-keramik-2-teilig\/#productImage","width":885,"height":1000},"productGroupID":8636,"hasVariant":[{"@type":"Product","@id":"https:\/\/hidalgo.nl\/de\/product\/8636\/bambus-gewuerzmuehlen-set-christine-bedrucken-keramik-2-teilig\/#wooCommerceProduct","name":"Bamboe specerijmolen set Christine - bruin,","url":"https:\/\/hidalgo.nl\/de\/product\/8636\/bambus-gewuerzmuehlen-set-christine-bedrucken-keramik-2-teilig\/","sku":"A58-1097192-011999999","gtin":"8719446066663","image":{"@type":"ImageObject","url":"https:\/\/shop.hidalgo.nl\/wp-content\/uploads\/2025\/05\/0e08215950b9ba406b205717576e75b1668200ce00a86a347326cbf5befe20dd.jpg","@id":"https:\/\/hidalgo.nl\/de\/product\/8636\/bambus-gewuerzmuehlen-set-christine-bedrucken-keramik-2-teilig\/#productImage","width":885,"height":1000},"offers":{"@type":"Offer","url":"https:\/\/hidalgo.nl\/de\/product\/8636\/bambus-gewuerzmuehlen-set-christine-bedrucken-keramik-2-teilig\/#wooCommerceOffer","price":"10.82","priceCurrency":"EUR","category":"Promotionele Artikelen","availability":"https:\/\/schema.org\/InStock","priceSpecification":{"@type":"PriceSpecification","price":10.82,"priceCurrency":"EUR","valueAddedTaxIncluded":"true"}}}]},{"@type":"WebPage","@id":"https:\/\/hidalgo.nl\/de\/product\/8636\/bambus-gewuerzmuehlen-set-christine-bedrucken-keramik-2-teilig\/#webpage","url":"https:\/\/hidalgo.nl\/de\/product\/8636\/bambus-gewuerzmuehlen-set-christine-bedrucken-keramik-2-teilig\/","name":"Bambus Gew\u00fcrzm\u00fchlen Set Christine bedrucken Keramik 2-teilig","description":"Mit dem Modell Christine verleihst du deiner K\u00fcche einen modernen Look aus nachhaltigem Bambus. Diese Salz und Pfefferm\u00fchle Keramikmahlwerk Kombination sorgt f\u00fcr pr\u00e4zises W\u00fcrzen bei jedem Gericht. Du kannst dieses K\u00fcchenzubeh\u00f6r bedrucken lassen, um ein funktionales Werbegeschenk mit Charakter zu gestalten.","inLanguage":"de-DE","isPartOf":{"@id":"https:\/\/hidalgo.nl\/de\/#website"},"breadcrumb":{"@id":"https:\/\/hidalgo.nl\/de\/product\/8636\/bambus-gewuerzmuehlen-set-christine-bedrucken-keramik-2-teilig\/#breadcrumblist"},"image":{"@type":"ImageObject","url":"https:\/\/shop.hidalgo.nl\/wp-content\/uploads\/2025\/05\/0e08215950b9ba406b205717576e75b1668200ce00a86a347326cbf5befe20dd.jpg","@id":"https:\/\/hidalgo.nl\/de\/product\/8636\/bambus-gewuerzmuehlen-set-christine-bedrucken-keramik-2-teilig\/#mainImage","width":885,"height":1000},"primaryImageOfPage":{"@id":"https:\/\/hidalgo.nl\/de\/product\/8636\/bambus-gewuerzmuehlen-set-christine-bedrucken-keramik-2-teilig\/#mainImage"},"datePublished":"2025-07-03T09:51:37+00:00","dateModified":"2026-03-15T09:16:46+00:00"},{"@type":"WebSite","@id":"https:\/\/hidalgo.nl\/de\/#website","url":"https:\/\/hidalgo.nl\/de\/","name":"Hidalgo","inLanguage":"de-DE","publisher":{"@id":"https:\/\/hidalgo.nl\/de\/#organization"}}]},"og:locale":"de_DE","og:site_name":"Hidalgo -","og:type":"article","og:title":"Bambus Gew\u00fcrzm\u00fchlen Set Christine bedrucken Keramik 2-teilig","og:description":"Mit dem Modell Christine verleihst du deiner K\u00fcche einen modernen Look aus nachhaltigem Bambus. Diese Salz und Pfefferm\u00fchle Keramikmahlwerk Kombination sorgt f\u00fcr pr\u00e4zises W\u00fcrzen bei jedem Gericht. Du kannst dieses K\u00fcchenzubeh\u00f6r bedrucken lassen, um ein funktionales Werbegeschenk mit Charakter zu gestalten.","og:url":"https:\/\/hidalgo.nl\/de\/wp-json\/wp\/v2\/product\/8636","og:image":"https:\/\/shop.hidalgo.nl\/wp-content\/uploads\/2025\/11\/cropped-Hidalgo-est1993.png","og:image:secure_url":"https:\/\/shop.hidalgo.nl\/wp-content\/uploads\/2025\/11\/cropped-Hidalgo-est1993.png","article:published_time":"2025-07-03T09:51:37+00:00","article:modified_time":"2026-03-15T09:16:46+00:00","twitter:card":"summary_large_image","twitter:title":"Bambus Gew\u00fcrzm\u00fchlen Set Christine bedrucken Keramik 2-teilig","twitter:description":"Mit dem Modell Christine verleihst du deiner K\u00fcche einen modernen Look aus nachhaltigem Bambus. Diese Salz und Pfefferm\u00fchle Keramikmahlwerk Kombination sorgt f\u00fcr pr\u00e4zises W\u00fcrzen bei jedem Gericht. Du kannst dieses K\u00fcchenzubeh\u00f6r bedrucken lassen, um ein funktionales Werbegeschenk mit Charakter zu gestalten.","twitter:image":"https:\/\/shop.hidalgo.nl\/wp-content\/uploads\/2025\/11\/cropped-Hidalgo-est1993.png"},"aioseo_meta_data":{"post_id":"8636","title":null,"description":null,"keywords":null,"keyphrases":null,"primary_term":null,"canonical_url":null,"og_title":null,"og_description":null,"og_object_type":"default","og_image_type":"default","og_image_url":null,"og_image_width":null,"og_image_height":null,"og_image_custom_url":null,"og_image_custom_fields":null,"og_video":null,"og_custom_url":null,"og_article_section":null,"og_article_tags":null,"twitter_use_og":false,"twitter_card":"default","twitter_image_type":"default","twitter_image_url":null,"twitter_image_custom_url":null,"twitter_image_custom_fields":null,"twitter_title":null,"twitter_description":null,"schema":{"blockGraphs":[],"customGraphs":[],"default":{"data":{"Article":[],"Course":[],"Dataset":[],"FAQPage":[],"Movie":[],"Person":[],"Product":[],"ProductReview":[],"Car":[],"Recipe":[],"Service":[],"SoftwareApplication":[],"WebPage":[]},"graphName":"","isEnabled":true},"graphs":[]},"schema_type":"default","schema_type_options":null,"pillar_content":false,"robots_default":true,"robots_noindex":false,"robots_noarchive":false,"robots_nosnippet":false,"robots_nofollow":false,"robots_noimageindex":false,"robots_noodp":false,"robots_notranslate":false,"robots_max_snippet":null,"robots_max_videopreview":null,"robots_max_imagepreview":"large","priority":null,"frequency":null,"local_seo":null,"seo_analyzer_scan_date":"2026-01-20 09:40:19","breadcrumb_settings":null,"limit_modified_date":false,"reviewed_by":null,"open_ai":null,"ai":null,"created":"2026-01-14 06:17:37","updated":"2026-04-22 15:56:50"},"aioseo_breadcrumb":"<div class=\"aioseo-breadcrumbs\"><span class=\"aioseo-breadcrumb\">\n\t<a href=\"https:\/\/hidalgo.nl\/de\/\" title=\"Home\">Home<\/a>\n<\/span><span class=\"aioseo-breadcrumb-separator\">\u00bb<\/span><span class=\"aioseo-breadcrumb\">\n\t<a href=\"https:\/\/hidalgo.nl\/example\/\" title=\"example\">example<\/a>\n<\/span><span class=\"aioseo-breadcrumb-separator\">\u00bb<\/span><span class=\"aioseo-breadcrumb\">\n\t<a href=\"https:\/\/hidalgo.nl\/en\/product-supplier\/a58\/\" title=\"A58\">A58<\/a>\n<\/span><span class=\"aioseo-breadcrumb-separator\">\u00bb<\/span><span class=\"aioseo-breadcrumb\">\n\tBamboe specerijmolen set Christine\n<\/span><\/div>","aioseo_breadcrumb_json":[{"label":"Home","link":"https:\/\/hidalgo.nl\/de\/"},{"label":"example","link":"https:\/\/hidalgo.nl\/example\/"},{"label":"A58","link":"https:\/\/hidalgo.nl\/en\/product-supplier\/a58\/"},{"label":"Bamboe specerijmolen set Christine","link":"https:\/\/hidalgo.nl\/de\/product\/8636\/bambus-gewuerzmuehlen-set-christine-bedrucken-keramik-2-teilig\/"}],"_links":{"self":[{"href":"https:\/\/hidalgo.nl\/de\/wp-json\/wp\/v2\/product\/8636","targetHints":{"allow":["GET"]}}],"collection":[{"href":"https:\/\/hidalgo.nl\/de\/wp-json\/wp\/v2\/product"}],"about":[{"href":"https:\/\/hidalgo.nl\/de\/wp-json\/wp\/v2\/types\/product"}],"wp:featuredmedia":[{"embeddable":true,"href":"https:\/\/hidalgo.nl\/de\/wp-json\/wp\/v2\/media\/8637"}],"wp:attachment":[{"href":"https:\/\/hidalgo.nl\/de\/wp-json\/wp\/v2\/media?parent=8636"}],"wp:term":[{"taxonomy":"product_brand","embeddable":true,"href":"https:\/\/hidalgo.nl\/de\/wp-json\/wp\/v2\/product_brand?post=8636"},{"taxonomy":"product_cat","embeddable":true,"href":"https:\/\/hidalgo.nl\/de\/wp-json\/wp\/v2\/product_cat?post=8636"},{"taxonomy":"product_tag","embeddable":true,"href":"https:\/\/hidalgo.nl\/de\/wp-json\/wp\/v2\/product_tag?post=8636"}],"curies":[{"name":"wp","href":"https:\/\/api.w.org\/{rel}","templated":true}]}}