{"id":8539,"date":"2025-07-03T09:50:13","date_gmt":"2025-07-03T09:50:13","guid":{"rendered":"http:\/\/bidonsenshakers.pim.hidalgo.nl\/product\/polyester-600d-koelrugzak-vanessa\/"},"modified":"2026-03-15T09:12:10","modified_gmt":"2026-03-15T09:12:10","slug":"polyester-600d-koelrugzak-vanessa","status":"publish","type":"product","link":"https:\/\/hidalgo.nl\/de\/product\/8539\/kuehlrucksack-vanessa-bedrucken-wasserdicht-600d-polyester\/","title":{"rendered":"Polyester (600D) koelrugzak Vanessa"},"content":{"rendered":"<p>Polyester (600D) + TPE coating en 210D\/PU koelrugzak met PEVA binnenin. De tas bevat 10 mm PE-schuim en een waterdichte binnenkant. Groot ritsvak aan de bovenkant en een ritsvak aan de voorkant. Aan de zijkant is er een flesvak van gaas met een elastische sluitband.<\/p>\n","protected":false},"excerpt":{"rendered":"<p>Polyester (600D) + TPE coating en 210D\/PU koelrugzak met PEVA binnenin. De tas bevat 10 mm PE-schuim en een waterdichte binnenkant. Groot ritsvak aan de bovenkant en een ritsvak aan de voorkant. Aan de zijkant is er een flesvak van gaas met een elastische sluitband.<\/p>\n","protected":false},"featured_media":8540,"template":"","meta":{"_acf_changed":false,"om_disable_all_campaigns":false,"_monsterinsights_skip_tracking":false,"_monsterinsights_sitenote_active":false,"_monsterinsights_sitenote_note":"","_monsterinsights_sitenote_category":0},"product_brand":[49],"product_cat":[4827,4713],"product_tag":[],"class_list":{"0":"post-8539","1":"product","2":"type-product","3":"status-publish","4":"has-post-thumbnail","6":"product_supplier-a58","7":"product_material-gaas","8":"product_material-peva","9":"product_material-polyester-210d","10":"product_material-polyester-600d","11":"product_material-polyfoam","12":"product_material-zinken-legering","13":"product_brand-impression","14":"product_cat-koeltassen","15":"product_cat-tassen","16":"entry","18":"first","19":"instock","20":"taxable","21":"shipping-taxable","22":"purchasable","23":"product-type-variable"},"acf":{"imprint_cost":[{"imprint_cost_key":"8e822ecd5cf4ad1d92411fa8ed612930ec564b58","product_quantity_price_range":[{"imprint_cost_recommended_selling_price":"3.83","imprint_cost_recommended_selling_quantity":"1"},{"imprint_cost_recommended_selling_price":"2.08","imprint_cost_recommended_selling_quantity":"25"},{"imprint_cost_recommended_selling_price":"1.48","imprint_cost_recommended_selling_quantity":"50"},{"imprint_cost_recommended_selling_price":"0.86","imprint_cost_recommended_selling_quantity":"100"},{"imprint_cost_recommended_selling_price":"0.66","imprint_cost_recommended_selling_quantity":"250"},{"imprint_cost_recommended_selling_price":"0.57","imprint_cost_recommended_selling_quantity":"500"},{"imprint_cost_recommended_selling_price":"0.4","imprint_cost_recommended_selling_quantity":"1000"},{"imprint_cost_recommended_selling_price":"0.37","imprint_cost_recommended_selling_quantity":"2500"},{"imprint_cost_recommended_selling_price":"0.34","imprint_cost_recommended_selling_quantity":"5000"}],"product_quantity_price_range_buying":false,"imprint_cost_setup_costs":"52.31","imprint_cost_handling_costs":"0.2"}]},"aioseo_notices":[],"aioseo_head":"\n\t\t<!-- All in One SEO Pro 4.9.6.2 - aioseo.com -->\n\t<meta name=\"description\" content=\"Dein neuer Begleiter Vanessa aus robustem 600D Polyester h\u00e4lt Verpflegung unterwegs zuverl\u00e4ssig k\u00fchl und bietet dir bei jedem Einsatz echten Mehrwert. Du kannst diesen funktionalen K\u00fchlrucksack bedrucken lassen, um dein Logo bei Outdoor-Events &amp; Promotion professionell in Szene zu setzen.\" \/>\n\t<meta name=\"robots\" content=\"max-image-preview:large\" \/>\n\t<link rel=\"canonical\" href=\"https:\/\/hidalgo.nl\/de\/wp-json\/wp\/v2\/product\/8539\" \/>\n\t<meta name=\"generator\" content=\"All in One SEO Pro (AIOSEO) 4.9.6.2\" \/>\n\t\t<meta property=\"og:locale\" content=\"de_DE\" \/>\n\t\t<meta property=\"og:site_name\" content=\"Hidalgo -\" \/>\n\t\t<meta property=\"og:type\" content=\"article\" \/>\n\t\t<meta property=\"og:title\" content=\"K\u00fchlrucksack Vanessa bedrucken wasserdicht 600D Polyester\" \/>\n\t\t<meta property=\"og:description\" content=\"Dein neuer Begleiter Vanessa aus robustem 600D Polyester h\u00e4lt Verpflegung unterwegs zuverl\u00e4ssig k\u00fchl und bietet dir bei jedem Einsatz echten Mehrwert. Du kannst diesen funktionalen K\u00fchlrucksack bedrucken lassen, um dein Logo bei Outdoor-Events &amp; Promotion professionell in Szene zu setzen.\" \/>\n\t\t<meta property=\"og:url\" content=\"https:\/\/hidalgo.nl\/de\/wp-json\/wp\/v2\/product\/8539\" \/>\n\t\t<meta property=\"og:image\" content=\"https:\/\/shop.hidalgo.nl\/wp-content\/uploads\/2025\/11\/cropped-Hidalgo-est1993.png\" \/>\n\t\t<meta property=\"og:image:secure_url\" content=\"https:\/\/shop.hidalgo.nl\/wp-content\/uploads\/2025\/11\/cropped-Hidalgo-est1993.png\" \/>\n\t\t<meta property=\"article:published_time\" content=\"2025-07-03T09:50:13+00:00\" \/>\n\t\t<meta property=\"article:modified_time\" content=\"2026-03-15T09:12:10+00:00\" \/>\n\t\t<meta name=\"twitter:card\" content=\"summary_large_image\" \/>\n\t\t<meta name=\"twitter:title\" content=\"K\u00fchlrucksack Vanessa bedrucken wasserdicht 600D Polyester\" \/>\n\t\t<meta name=\"twitter:description\" content=\"Dein neuer Begleiter Vanessa aus robustem 600D Polyester h\u00e4lt Verpflegung unterwegs zuverl\u00e4ssig k\u00fchl und bietet dir bei jedem Einsatz echten Mehrwert. Du kannst diesen funktionalen K\u00fchlrucksack bedrucken lassen, um dein Logo bei Outdoor-Events &amp; Promotion professionell in Szene zu setzen.\" \/>\n\t\t<meta name=\"twitter:image\" content=\"https:\/\/shop.hidalgo.nl\/wp-content\/uploads\/2025\/11\/cropped-Hidalgo-est1993.png\" \/>\n\t\t<script type=\"application\/ld+json\" class=\"aioseo-schema\">\n\t\t\t{\"@context\":\"https:\\\/\\\/schema.org\",\"@graph\":[{\"@type\":\"BreadcrumbList\",\"@id\":\"https:\\\/\\\/hidalgo.nl\\\/de\\\/product\\\/8539\\\/kuehlrucksack-vanessa-bedrucken-wasserdicht-600d-polyester\\\/#breadcrumblist\",\"itemListElement\":[{\"@type\":\"ListItem\",\"@id\":\"https:\\\/\\\/hidalgo.nl\\\/de\\\/#listItem\",\"position\":1,\"name\":\"Home\",\"item\":\"https:\\\/\\\/hidalgo.nl\\\/de\\\/\",\"nextItem\":{\"@type\":\"ListItem\",\"@id\":\"https:\\\/\\\/hidalgo.nl\\\/example\\\/#listItem\",\"name\":\"example\"}},{\"@type\":\"ListItem\",\"@id\":\"https:\\\/\\\/hidalgo.nl\\\/example\\\/#listItem\",\"position\":2,\"name\":\"example\",\"item\":\"https:\\\/\\\/hidalgo.nl\\\/example\\\/\",\"nextItem\":{\"@type\":\"ListItem\",\"@id\":\"https:\\\/\\\/hidalgo.nl\\\/en\\\/product-supplier\\\/a58\\\/#listItem\",\"name\":\"A58\"},\"previousItem\":{\"@type\":\"ListItem\",\"@id\":\"https:\\\/\\\/hidalgo.nl\\\/de\\\/#listItem\",\"name\":\"Home\"}},{\"@type\":\"ListItem\",\"@id\":\"https:\\\/\\\/hidalgo.nl\\\/en\\\/product-supplier\\\/a58\\\/#listItem\",\"position\":3,\"name\":\"A58\",\"item\":\"https:\\\/\\\/hidalgo.nl\\\/en\\\/product-supplier\\\/a58\\\/\",\"nextItem\":{\"@type\":\"ListItem\",\"@id\":\"https:\\\/\\\/hidalgo.nl\\\/de\\\/product\\\/8539\\\/kuehlrucksack-vanessa-bedrucken-wasserdicht-600d-polyester\\\/#listItem\",\"name\":\"Polyester (600D) koelrugzak Vanessa\"},\"previousItem\":{\"@type\":\"ListItem\",\"@id\":\"https:\\\/\\\/hidalgo.nl\\\/example\\\/#listItem\",\"name\":\"example\"}},{\"@type\":\"ListItem\",\"@id\":\"https:\\\/\\\/hidalgo.nl\\\/de\\\/product\\\/8539\\\/kuehlrucksack-vanessa-bedrucken-wasserdicht-600d-polyester\\\/#listItem\",\"position\":4,\"name\":\"Polyester (600D) koelrugzak Vanessa\",\"previousItem\":{\"@type\":\"ListItem\",\"@id\":\"https:\\\/\\\/hidalgo.nl\\\/en\\\/product-supplier\\\/a58\\\/#listItem\",\"name\":\"A58\"}}]},{\"@type\":\"Organization\",\"@id\":\"https:\\\/\\\/hidalgo.nl\\\/de\\\/#organization\",\"name\":\"Hidalgo\",\"url\":\"https:\\\/\\\/hidalgo.nl\\\/de\\\/\",\"logo\":{\"@type\":\"ImageObject\",\"url\":\"https:\\\/\\\/shop.hidalgo.nl\\\/wp-content\\\/uploads\\\/2025\\\/11\\\/cropped-Hidalgo-est1993.png\",\"@id\":\"https:\\\/\\\/hidalgo.nl\\\/de\\\/product\\\/8539\\\/kuehlrucksack-vanessa-bedrucken-wasserdicht-600d-polyester\\\/#organizationLogo\",\"width\":585,\"height\":195},\"image\":{\"@id\":\"https:\\\/\\\/hidalgo.nl\\\/de\\\/product\\\/8539\\\/kuehlrucksack-vanessa-bedrucken-wasserdicht-600d-polyester\\\/#organizationLogo\"}},{\"@type\":\"ProductGroup\",\"@id\":\"https:\\\/\\\/hidalgo.nl\\\/de\\\/product\\\/8539\\\/kuehlrucksack-vanessa-bedrucken-wasserdicht-600d-polyester\\\/#wooCommerceProduct\",\"name\":\"K\\u00fchlrucksack Vanessa bedrucken wasserdicht 600D Polyester\",\"url\":\"https:\\\/\\\/hidalgo.nl\\\/de\\\/product\\\/8539\\\/kuehlrucksack-vanessa-bedrucken-wasserdicht-600d-polyester\\\/\",\"brand\":{\"@type\":\"Brand\",\"name\":\"IMPRESSION\"},\"sku\":\"A58-1096887\",\"image\":{\"@type\":\"ImageObject\",\"url\":\"https:\\\/\\\/shop.hidalgo.nl\\\/wp-content\\\/uploads\\\/2025\\\/05\\\/66e98a9c9cdd80b550edecf3ea5c1105e0a9c27634f816c685131b6695e4f4fe.jpg\",\"@id\":\"https:\\\/\\\/hidalgo.nl\\\/de\\\/product\\\/8539\\\/kuehlrucksack-vanessa-bedrucken-wasserdicht-600d-polyester\\\/#productImage\",\"width\":883,\"height\":1000},\"productGroupID\":8539,\"hasVariant\":[{\"@type\":\"Product\",\"@id\":\"https:\\\/\\\/hidalgo.nl\\\/de\\\/product\\\/8539\\\/kuehlrucksack-vanessa-bedrucken-wasserdicht-600d-polyester\\\/#wooCommerceProduct\",\"name\":\"Polyester (600D) koelrugzak Vanessa - zwart,\",\"url\":\"https:\\\/\\\/hidalgo.nl\\\/de\\\/product\\\/8539\\\/kuehlrucksack-vanessa-bedrucken-wasserdicht-600d-polyester\\\/\",\"sku\":\"A58-1096887-001999999\",\"gtin\":\"8719446066472\",\"image\":{\"@type\":\"ImageObject\",\"url\":\"https:\\\/\\\/shop.hidalgo.nl\\\/wp-content\\\/uploads\\\/2025\\\/05\\\/f06c01de5dd2fd74ad6ce0ee4c3be20fc1e91fbb1c3a7b1367984bbad503e33e.jpg\",\"@id\":\"https:\\\/\\\/hidalgo.nl\\\/de\\\/product\\\/8539\\\/kuehlrucksack-vanessa-bedrucken-wasserdicht-600d-polyester\\\/#productImage\",\"width\":784,\"height\":1000},\"offers\":{\"@type\":\"Offer\",\"url\":\"https:\\\/\\\/hidalgo.nl\\\/de\\\/product\\\/8539\\\/kuehlrucksack-vanessa-bedrucken-wasserdicht-600d-polyester\\\/#wooCommerceOffer\",\"price\":\"31.68\",\"priceCurrency\":\"EUR\",\"category\":\"Tassen\",\"availability\":\"https:\\\/\\\/schema.org\\\/InStock\",\"priceSpecification\":{\"@type\":\"PriceSpecification\",\"price\":31.68,\"priceCurrency\":\"EUR\",\"valueAddedTaxIncluded\":\"true\"}}}]},{\"@type\":\"WebPage\",\"@id\":\"https:\\\/\\\/hidalgo.nl\\\/de\\\/product\\\/8539\\\/kuehlrucksack-vanessa-bedrucken-wasserdicht-600d-polyester\\\/#webpage\",\"url\":\"https:\\\/\\\/hidalgo.nl\\\/de\\\/product\\\/8539\\\/kuehlrucksack-vanessa-bedrucken-wasserdicht-600d-polyester\\\/\",\"name\":\"K\\u00fchlrucksack Vanessa bedrucken wasserdicht 600D Polyester\",\"description\":\"Dein neuer Begleiter Vanessa aus robustem 600D Polyester h\\u00e4lt Verpflegung unterwegs zuverl\\u00e4ssig k\\u00fchl und bietet dir bei jedem Einsatz echten Mehrwert. Du kannst diesen funktionalen K\\u00fchlrucksack bedrucken lassen, um dein Logo bei Outdoor-Events & Promotion professionell in Szene zu setzen.\",\"inLanguage\":\"de-DE\",\"isPartOf\":{\"@id\":\"https:\\\/\\\/hidalgo.nl\\\/de\\\/#website\"},\"breadcrumb\":{\"@id\":\"https:\\\/\\\/hidalgo.nl\\\/de\\\/product\\\/8539\\\/kuehlrucksack-vanessa-bedrucken-wasserdicht-600d-polyester\\\/#breadcrumblist\"},\"image\":{\"@type\":\"ImageObject\",\"url\":\"https:\\\/\\\/shop.hidalgo.nl\\\/wp-content\\\/uploads\\\/2025\\\/05\\\/66e98a9c9cdd80b550edecf3ea5c1105e0a9c27634f816c685131b6695e4f4fe.jpg\",\"@id\":\"https:\\\/\\\/hidalgo.nl\\\/de\\\/product\\\/8539\\\/kuehlrucksack-vanessa-bedrucken-wasserdicht-600d-polyester\\\/#mainImage\",\"width\":883,\"height\":1000},\"primaryImageOfPage\":{\"@id\":\"https:\\\/\\\/hidalgo.nl\\\/de\\\/product\\\/8539\\\/kuehlrucksack-vanessa-bedrucken-wasserdicht-600d-polyester\\\/#mainImage\"},\"datePublished\":\"2025-07-03T09:50:13+00:00\",\"dateModified\":\"2026-03-15T09:12:10+00:00\"},{\"@type\":\"WebSite\",\"@id\":\"https:\\\/\\\/hidalgo.nl\\\/de\\\/#website\",\"url\":\"https:\\\/\\\/hidalgo.nl\\\/de\\\/\",\"name\":\"Hidalgo\",\"inLanguage\":\"de-DE\",\"publisher\":{\"@id\":\"https:\\\/\\\/hidalgo.nl\\\/de\\\/#organization\"}}]}\n\t\t<\/script>\n\t\t<!-- All in One SEO Pro -->\r\n\t\t<title>K\u00fchlrucksack Vanessa bedrucken wasserdicht 600D Polyester<\/title>\n\n","aioseo_head_json":{"title":"K\u00fchlrucksack Vanessa bedrucken wasserdicht 600D Polyester","description":"Dein neuer Begleiter Vanessa aus robustem 600D Polyester h\u00e4lt Verpflegung unterwegs zuverl\u00e4ssig k\u00fchl und bietet dir bei jedem Einsatz echten Mehrwert. Du kannst diesen funktionalen K\u00fchlrucksack bedrucken lassen, um dein Logo bei Outdoor-Events & Promotion professionell in Szene zu setzen.","canonical_url":"https:\/\/hidalgo.nl\/de\/wp-json\/wp\/v2\/product\/8539","robots":"max-image-preview:large","keywords":"","webmasterTools":{"miscellaneous":""},"schema":{"@context":"https:\/\/schema.org","@graph":[{"@type":"BreadcrumbList","@id":"https:\/\/hidalgo.nl\/de\/product\/8539\/kuehlrucksack-vanessa-bedrucken-wasserdicht-600d-polyester\/#breadcrumblist","itemListElement":[{"@type":"ListItem","@id":"https:\/\/hidalgo.nl\/de\/#listItem","position":1,"name":"Home","item":"https:\/\/hidalgo.nl\/de\/","nextItem":{"@type":"ListItem","@id":"https:\/\/hidalgo.nl\/example\/#listItem","name":"example"}},{"@type":"ListItem","@id":"https:\/\/hidalgo.nl\/example\/#listItem","position":2,"name":"example","item":"https:\/\/hidalgo.nl\/example\/","nextItem":{"@type":"ListItem","@id":"https:\/\/hidalgo.nl\/en\/product-supplier\/a58\/#listItem","name":"A58"},"previousItem":{"@type":"ListItem","@id":"https:\/\/hidalgo.nl\/de\/#listItem","name":"Home"}},{"@type":"ListItem","@id":"https:\/\/hidalgo.nl\/en\/product-supplier\/a58\/#listItem","position":3,"name":"A58","item":"https:\/\/hidalgo.nl\/en\/product-supplier\/a58\/","nextItem":{"@type":"ListItem","@id":"https:\/\/hidalgo.nl\/de\/product\/8539\/kuehlrucksack-vanessa-bedrucken-wasserdicht-600d-polyester\/#listItem","name":"Polyester (600D) koelrugzak Vanessa"},"previousItem":{"@type":"ListItem","@id":"https:\/\/hidalgo.nl\/example\/#listItem","name":"example"}},{"@type":"ListItem","@id":"https:\/\/hidalgo.nl\/de\/product\/8539\/kuehlrucksack-vanessa-bedrucken-wasserdicht-600d-polyester\/#listItem","position":4,"name":"Polyester (600D) koelrugzak Vanessa","previousItem":{"@type":"ListItem","@id":"https:\/\/hidalgo.nl\/en\/product-supplier\/a58\/#listItem","name":"A58"}}]},{"@type":"Organization","@id":"https:\/\/hidalgo.nl\/de\/#organization","name":"Hidalgo","url":"https:\/\/hidalgo.nl\/de\/","logo":{"@type":"ImageObject","url":"https:\/\/shop.hidalgo.nl\/wp-content\/uploads\/2025\/11\/cropped-Hidalgo-est1993.png","@id":"https:\/\/hidalgo.nl\/de\/product\/8539\/kuehlrucksack-vanessa-bedrucken-wasserdicht-600d-polyester\/#organizationLogo","width":585,"height":195},"image":{"@id":"https:\/\/hidalgo.nl\/de\/product\/8539\/kuehlrucksack-vanessa-bedrucken-wasserdicht-600d-polyester\/#organizationLogo"}},{"@type":"ProductGroup","@id":"https:\/\/hidalgo.nl\/de\/product\/8539\/kuehlrucksack-vanessa-bedrucken-wasserdicht-600d-polyester\/#wooCommerceProduct","name":"K\u00fchlrucksack Vanessa bedrucken wasserdicht 600D Polyester","url":"https:\/\/hidalgo.nl\/de\/product\/8539\/kuehlrucksack-vanessa-bedrucken-wasserdicht-600d-polyester\/","brand":{"@type":"Brand","name":"IMPRESSION"},"sku":"A58-1096887","image":{"@type":"ImageObject","url":"https:\/\/shop.hidalgo.nl\/wp-content\/uploads\/2025\/05\/66e98a9c9cdd80b550edecf3ea5c1105e0a9c27634f816c685131b6695e4f4fe.jpg","@id":"https:\/\/hidalgo.nl\/de\/product\/8539\/kuehlrucksack-vanessa-bedrucken-wasserdicht-600d-polyester\/#productImage","width":883,"height":1000},"productGroupID":8539,"hasVariant":[{"@type":"Product","@id":"https:\/\/hidalgo.nl\/de\/product\/8539\/kuehlrucksack-vanessa-bedrucken-wasserdicht-600d-polyester\/#wooCommerceProduct","name":"Polyester (600D) koelrugzak Vanessa - zwart,","url":"https:\/\/hidalgo.nl\/de\/product\/8539\/kuehlrucksack-vanessa-bedrucken-wasserdicht-600d-polyester\/","sku":"A58-1096887-001999999","gtin":"8719446066472","image":{"@type":"ImageObject","url":"https:\/\/shop.hidalgo.nl\/wp-content\/uploads\/2025\/05\/f06c01de5dd2fd74ad6ce0ee4c3be20fc1e91fbb1c3a7b1367984bbad503e33e.jpg","@id":"https:\/\/hidalgo.nl\/de\/product\/8539\/kuehlrucksack-vanessa-bedrucken-wasserdicht-600d-polyester\/#productImage","width":784,"height":1000},"offers":{"@type":"Offer","url":"https:\/\/hidalgo.nl\/de\/product\/8539\/kuehlrucksack-vanessa-bedrucken-wasserdicht-600d-polyester\/#wooCommerceOffer","price":"31.68","priceCurrency":"EUR","category":"Tassen","availability":"https:\/\/schema.org\/InStock","priceSpecification":{"@type":"PriceSpecification","price":31.68,"priceCurrency":"EUR","valueAddedTaxIncluded":"true"}}}]},{"@type":"WebPage","@id":"https:\/\/hidalgo.nl\/de\/product\/8539\/kuehlrucksack-vanessa-bedrucken-wasserdicht-600d-polyester\/#webpage","url":"https:\/\/hidalgo.nl\/de\/product\/8539\/kuehlrucksack-vanessa-bedrucken-wasserdicht-600d-polyester\/","name":"K\u00fchlrucksack Vanessa bedrucken wasserdicht 600D Polyester","description":"Dein neuer Begleiter Vanessa aus robustem 600D Polyester h\u00e4lt Verpflegung unterwegs zuverl\u00e4ssig k\u00fchl und bietet dir bei jedem Einsatz echten Mehrwert. Du kannst diesen funktionalen K\u00fchlrucksack bedrucken lassen, um dein Logo bei Outdoor-Events & Promotion professionell in Szene zu setzen.","inLanguage":"de-DE","isPartOf":{"@id":"https:\/\/hidalgo.nl\/de\/#website"},"breadcrumb":{"@id":"https:\/\/hidalgo.nl\/de\/product\/8539\/kuehlrucksack-vanessa-bedrucken-wasserdicht-600d-polyester\/#breadcrumblist"},"image":{"@type":"ImageObject","url":"https:\/\/shop.hidalgo.nl\/wp-content\/uploads\/2025\/05\/66e98a9c9cdd80b550edecf3ea5c1105e0a9c27634f816c685131b6695e4f4fe.jpg","@id":"https:\/\/hidalgo.nl\/de\/product\/8539\/kuehlrucksack-vanessa-bedrucken-wasserdicht-600d-polyester\/#mainImage","width":883,"height":1000},"primaryImageOfPage":{"@id":"https:\/\/hidalgo.nl\/de\/product\/8539\/kuehlrucksack-vanessa-bedrucken-wasserdicht-600d-polyester\/#mainImage"},"datePublished":"2025-07-03T09:50:13+00:00","dateModified":"2026-03-15T09:12:10+00:00"},{"@type":"WebSite","@id":"https:\/\/hidalgo.nl\/de\/#website","url":"https:\/\/hidalgo.nl\/de\/","name":"Hidalgo","inLanguage":"de-DE","publisher":{"@id":"https:\/\/hidalgo.nl\/de\/#organization"}}]},"og:locale":"de_DE","og:site_name":"Hidalgo -","og:type":"article","og:title":"K\u00fchlrucksack Vanessa bedrucken wasserdicht 600D Polyester","og:description":"Dein neuer Begleiter Vanessa aus robustem 600D Polyester h\u00e4lt Verpflegung unterwegs zuverl\u00e4ssig k\u00fchl und bietet dir bei jedem Einsatz echten Mehrwert. Du kannst diesen funktionalen K\u00fchlrucksack bedrucken lassen, um dein Logo bei Outdoor-Events &amp; Promotion professionell in Szene zu setzen.","og:url":"https:\/\/hidalgo.nl\/de\/wp-json\/wp\/v2\/product\/8539","og:image":"https:\/\/shop.hidalgo.nl\/wp-content\/uploads\/2025\/11\/cropped-Hidalgo-est1993.png","og:image:secure_url":"https:\/\/shop.hidalgo.nl\/wp-content\/uploads\/2025\/11\/cropped-Hidalgo-est1993.png","article:published_time":"2025-07-03T09:50:13+00:00","article:modified_time":"2026-03-15T09:12:10+00:00","twitter:card":"summary_large_image","twitter:title":"K\u00fchlrucksack Vanessa bedrucken wasserdicht 600D Polyester","twitter:description":"Dein neuer Begleiter Vanessa aus robustem 600D Polyester h\u00e4lt Verpflegung unterwegs zuverl\u00e4ssig k\u00fchl und bietet dir bei jedem Einsatz echten Mehrwert. Du kannst diesen funktionalen K\u00fchlrucksack bedrucken lassen, um dein Logo bei Outdoor-Events &amp; Promotion professionell in Szene zu setzen.","twitter:image":"https:\/\/shop.hidalgo.nl\/wp-content\/uploads\/2025\/11\/cropped-Hidalgo-est1993.png"},"aioseo_meta_data":{"post_id":"8539","title":null,"description":null,"keywords":null,"keyphrases":null,"primary_term":null,"canonical_url":null,"og_title":null,"og_description":null,"og_object_type":"default","og_image_type":"default","og_image_url":null,"og_image_width":null,"og_image_height":null,"og_image_custom_url":null,"og_image_custom_fields":null,"og_video":null,"og_custom_url":null,"og_article_section":null,"og_article_tags":null,"twitter_use_og":false,"twitter_card":"default","twitter_image_type":"default","twitter_image_url":null,"twitter_image_custom_url":null,"twitter_image_custom_fields":null,"twitter_title":null,"twitter_description":null,"schema":{"blockGraphs":[],"customGraphs":[],"default":{"data":{"Article":[],"Course":[],"Dataset":[],"FAQPage":[],"Movie":[],"Person":[],"Product":[],"ProductReview":[],"Car":[],"Recipe":[],"Service":[],"SoftwareApplication":[],"WebPage":[]},"graphName":"","isEnabled":true},"graphs":[]},"schema_type":"default","schema_type_options":null,"pillar_content":false,"robots_default":true,"robots_noindex":false,"robots_noarchive":false,"robots_nosnippet":false,"robots_nofollow":false,"robots_noimageindex":false,"robots_noodp":false,"robots_notranslate":false,"robots_max_snippet":null,"robots_max_videopreview":null,"robots_max_imagepreview":"large","priority":null,"frequency":null,"local_seo":null,"seo_analyzer_scan_date":"2026-01-20 09:38:18","breadcrumb_settings":null,"limit_modified_date":false,"reviewed_by":null,"open_ai":null,"ai":null,"created":"2026-01-14 06:17:37","updated":"2026-04-22 15:56:50"},"aioseo_breadcrumb":"<div class=\"aioseo-breadcrumbs\"><span class=\"aioseo-breadcrumb\">\n\t<a href=\"https:\/\/hidalgo.nl\/de\/\" title=\"Home\">Home<\/a>\n<\/span><span class=\"aioseo-breadcrumb-separator\">\u00bb<\/span><span class=\"aioseo-breadcrumb\">\n\t<a href=\"https:\/\/hidalgo.nl\/example\/\" title=\"example\">example<\/a>\n<\/span><span class=\"aioseo-breadcrumb-separator\">\u00bb<\/span><span class=\"aioseo-breadcrumb\">\n\t<a href=\"https:\/\/hidalgo.nl\/en\/product-supplier\/a58\/\" title=\"A58\">A58<\/a>\n<\/span><span class=\"aioseo-breadcrumb-separator\">\u00bb<\/span><span class=\"aioseo-breadcrumb\">\n\tPolyester (600D) koelrugzak Vanessa\n<\/span><\/div>","aioseo_breadcrumb_json":[{"label":"Home","link":"https:\/\/hidalgo.nl\/de\/"},{"label":"example","link":"https:\/\/hidalgo.nl\/example\/"},{"label":"A58","link":"https:\/\/hidalgo.nl\/en\/product-supplier\/a58\/"},{"label":"Polyester (600D) koelrugzak Vanessa","link":"https:\/\/hidalgo.nl\/de\/product\/8539\/kuehlrucksack-vanessa-bedrucken-wasserdicht-600d-polyester\/"}],"_links":{"self":[{"href":"https:\/\/hidalgo.nl\/de\/wp-json\/wp\/v2\/product\/8539","targetHints":{"allow":["GET"]}}],"collection":[{"href":"https:\/\/hidalgo.nl\/de\/wp-json\/wp\/v2\/product"}],"about":[{"href":"https:\/\/hidalgo.nl\/de\/wp-json\/wp\/v2\/types\/product"}],"wp:featuredmedia":[{"embeddable":true,"href":"https:\/\/hidalgo.nl\/de\/wp-json\/wp\/v2\/media\/8540"}],"wp:attachment":[{"href":"https:\/\/hidalgo.nl\/de\/wp-json\/wp\/v2\/media?parent=8539"}],"wp:term":[{"taxonomy":"product_brand","embeddable":true,"href":"https:\/\/hidalgo.nl\/de\/wp-json\/wp\/v2\/product_brand?post=8539"},{"taxonomy":"product_cat","embeddable":true,"href":"https:\/\/hidalgo.nl\/de\/wp-json\/wp\/v2\/product_cat?post=8539"},{"taxonomy":"product_tag","embeddable":true,"href":"https:\/\/hidalgo.nl\/de\/wp-json\/wp\/v2\/product_tag?post=8539"}],"curies":[{"name":"wp","href":"https:\/\/api.w.org\/{rel}","templated":true}]}}