{"id":85307,"date":"2025-07-07T02:31:29","date_gmt":"2025-07-07T02:31:29","guid":{"rendered":"http:\/\/bidonsenshakers.pim.hidalgo.nl\/product\/mm801-knuffel-squidgeme\/"},"modified":"2026-03-22T09:24:14","modified_gmt":"2026-03-22T09:24:14","slug":"mm801-knuffel-squidgeme","status":"publish","type":"product","link":"https:\/\/hidalgo.nl\/de\/product\/85307\/stofftier-mm801-squidgeme-bedrucken-weich-polyester-one-size\/","title":{"rendered":"MM801 &#8211; Knuffel SquidgeMe"},"content":{"rendered":"<p>95% polyester \/ 5% elastaan. Geborduurde gelaatstrekken. Voldoet aan de EN71-norm.<\/p>\n","protected":false},"excerpt":{"rendered":"<p>95% polyester \/ 5% elastaan. Geborduurde gelaatstrekken. Voldoet aan de EN71-norm.<\/p>\n","protected":false},"featured_media":85310,"template":"","meta":{"_acf_changed":false,"om_disable_all_campaigns":false,"_monsterinsights_skip_tracking":false,"_monsterinsights_sitenote_active":false,"_monsterinsights_sitenote_note":"","_monsterinsights_sitenote_category":0},"product_brand":[1355],"product_cat":[4807,4719],"product_tag":[],"class_list":{"0":"post-85307","1":"product","2":"type-product","3":"status-publish","4":"has-post-thumbnail","6":"product_supplier-a403","7":"product_material-polyester","8":"product_brand-mumbles","9":"product_cat-kinder-artikelen","10":"product_cat-promotionele-artikelen","11":"entry","13":"first","14":"instock","15":"taxable","16":"shipping-taxable","17":"purchasable","18":"product-type-variable"},"acf":{"imprint_cost":[{"imprint_cost_key":"33483b79de35c41f6a5968127e3727b83ce2fe0b","product_quantity_price_range":[{"imprint_cost_recommended_selling_price":"0","imprint_cost_recommended_selling_quantity":"1"}],"product_quantity_price_range_buying":false,"imprint_cost_setup_costs":"","imprint_cost_handling_costs":""}]},"aioseo_notices":[],"aioseo_head":"\n\t\t<!-- All in One SEO Pro 4.9.6.2 - aioseo.com -->\n\t<meta name=\"description\" content=\"Mach aus dem SquidgeMe ein aufmerksamkeitsstarkes Giveaway: Wir k\u00f6nnen Kuscheltiere bedrucken und als Pl\u00fcschtiere mit Logo f\u00fcr deine Marke einsetzen - ideal f\u00fcr Events, Messen und B2B-Kampagnen. Weiches Polyester, EN71 gepr\u00fcft und sicher. Einheitsgr\u00f6\u00dfe One Size.\" \/>\n\t<meta name=\"robots\" content=\"max-image-preview:large\" \/>\n\t<link rel=\"canonical\" href=\"https:\/\/hidalgo.nl\/de\/wp-json\/wp\/v2\/product\/85307\" \/>\n\t<meta name=\"generator\" content=\"All in One SEO Pro (AIOSEO) 4.9.6.2\" \/>\n\t\t<meta property=\"og:locale\" content=\"de_DE\" \/>\n\t\t<meta property=\"og:site_name\" content=\"Hidalgo -\" \/>\n\t\t<meta property=\"og:type\" content=\"article\" \/>\n\t\t<meta property=\"og:title\" content=\"Stofftier MM801 SquidgeMe bedrucken weich Polyester One-size\" \/>\n\t\t<meta property=\"og:description\" content=\"Mach aus dem SquidgeMe ein aufmerksamkeitsstarkes Giveaway: Wir k\u00f6nnen Kuscheltiere bedrucken und als Pl\u00fcschtiere mit Logo f\u00fcr deine Marke einsetzen - ideal f\u00fcr Events, Messen und B2B-Kampagnen. Weiches Polyester, EN71 gepr\u00fcft und sicher. Einheitsgr\u00f6\u00dfe One Size.\" \/>\n\t\t<meta property=\"og:url\" content=\"https:\/\/hidalgo.nl\/de\/wp-json\/wp\/v2\/product\/85307\" \/>\n\t\t<meta property=\"og:image\" content=\"https:\/\/shop.hidalgo.nl\/wp-content\/uploads\/2025\/11\/cropped-Hidalgo-est1993.png\" \/>\n\t\t<meta property=\"og:image:secure_url\" content=\"https:\/\/shop.hidalgo.nl\/wp-content\/uploads\/2025\/11\/cropped-Hidalgo-est1993.png\" \/>\n\t\t<meta property=\"article:published_time\" content=\"2025-07-07T02:31:29+00:00\" \/>\n\t\t<meta property=\"article:modified_time\" content=\"2026-03-22T09:24:14+00:00\" \/>\n\t\t<meta name=\"twitter:card\" content=\"summary_large_image\" \/>\n\t\t<meta name=\"twitter:title\" content=\"Stofftier MM801 SquidgeMe bedrucken weich Polyester One-size\" \/>\n\t\t<meta name=\"twitter:description\" content=\"Mach aus dem SquidgeMe ein aufmerksamkeitsstarkes Giveaway: Wir k\u00f6nnen Kuscheltiere bedrucken und als Pl\u00fcschtiere mit Logo f\u00fcr deine Marke einsetzen - ideal f\u00fcr Events, Messen und B2B-Kampagnen. Weiches Polyester, EN71 gepr\u00fcft und sicher. Einheitsgr\u00f6\u00dfe One Size.\" \/>\n\t\t<meta name=\"twitter:image\" content=\"https:\/\/shop.hidalgo.nl\/wp-content\/uploads\/2025\/11\/cropped-Hidalgo-est1993.png\" \/>\n\t\t<script type=\"application\/ld+json\" class=\"aioseo-schema\">\n\t\t\t{\"@context\":\"https:\\\/\\\/schema.org\",\"@graph\":[{\"@type\":\"BreadcrumbList\",\"@id\":\"https:\\\/\\\/hidalgo.nl\\\/de\\\/product\\\/85307\\\/stofftier-mm801-squidgeme-bedrucken-weich-polyester-one-size\\\/#breadcrumblist\",\"itemListElement\":[{\"@type\":\"ListItem\",\"@id\":\"https:\\\/\\\/hidalgo.nl\\\/de\\\/#listItem\",\"position\":1,\"name\":\"Home\",\"item\":\"https:\\\/\\\/hidalgo.nl\\\/de\\\/\",\"nextItem\":{\"@type\":\"ListItem\",\"@id\":\"https:\\\/\\\/hidalgo.nl\\\/example\\\/#listItem\",\"name\":\"example\"}},{\"@type\":\"ListItem\",\"@id\":\"https:\\\/\\\/hidalgo.nl\\\/example\\\/#listItem\",\"position\":2,\"name\":\"example\",\"item\":\"https:\\\/\\\/hidalgo.nl\\\/example\\\/\",\"nextItem\":{\"@type\":\"ListItem\",\"@id\":\"https:\\\/\\\/hidalgo.nl\\\/en\\\/product-supplier\\\/a403\\\/#listItem\",\"name\":\"A403\"},\"previousItem\":{\"@type\":\"ListItem\",\"@id\":\"https:\\\/\\\/hidalgo.nl\\\/de\\\/#listItem\",\"name\":\"Home\"}},{\"@type\":\"ListItem\",\"@id\":\"https:\\\/\\\/hidalgo.nl\\\/en\\\/product-supplier\\\/a403\\\/#listItem\",\"position\":3,\"name\":\"A403\",\"item\":\"https:\\\/\\\/hidalgo.nl\\\/en\\\/product-supplier\\\/a403\\\/\",\"nextItem\":{\"@type\":\"ListItem\",\"@id\":\"https:\\\/\\\/hidalgo.nl\\\/de\\\/product\\\/85307\\\/stofftier-mm801-squidgeme-bedrucken-weich-polyester-one-size\\\/#listItem\",\"name\":\"MM801 &#8211; Knuffel SquidgeMe\"},\"previousItem\":{\"@type\":\"ListItem\",\"@id\":\"https:\\\/\\\/hidalgo.nl\\\/example\\\/#listItem\",\"name\":\"example\"}},{\"@type\":\"ListItem\",\"@id\":\"https:\\\/\\\/hidalgo.nl\\\/de\\\/product\\\/85307\\\/stofftier-mm801-squidgeme-bedrucken-weich-polyester-one-size\\\/#listItem\",\"position\":4,\"name\":\"MM801 &#8211; Knuffel SquidgeMe\",\"previousItem\":{\"@type\":\"ListItem\",\"@id\":\"https:\\\/\\\/hidalgo.nl\\\/en\\\/product-supplier\\\/a403\\\/#listItem\",\"name\":\"A403\"}}]},{\"@type\":\"Organization\",\"@id\":\"https:\\\/\\\/hidalgo.nl\\\/de\\\/#organization\",\"name\":\"Hidalgo\",\"url\":\"https:\\\/\\\/hidalgo.nl\\\/de\\\/\",\"logo\":{\"@type\":\"ImageObject\",\"url\":\"https:\\\/\\\/shop.hidalgo.nl\\\/wp-content\\\/uploads\\\/2025\\\/11\\\/cropped-Hidalgo-est1993.png\",\"@id\":\"https:\\\/\\\/hidalgo.nl\\\/de\\\/product\\\/85307\\\/stofftier-mm801-squidgeme-bedrucken-weich-polyester-one-size\\\/#organizationLogo\",\"width\":585,\"height\":195},\"image\":{\"@id\":\"https:\\\/\\\/hidalgo.nl\\\/de\\\/product\\\/85307\\\/stofftier-mm801-squidgeme-bedrucken-weich-polyester-one-size\\\/#organizationLogo\"}},{\"@type\":\"ProductGroup\",\"@id\":\"https:\\\/\\\/hidalgo.nl\\\/de\\\/product\\\/85307\\\/stofftier-mm801-squidgeme-bedrucken-weich-polyester-one-size\\\/#wooCommerceProduct\",\"name\":\"Stofftier MM801 SquidgeMe bedrucken weich Polyester One-size\",\"url\":\"https:\\\/\\\/hidalgo.nl\\\/de\\\/product\\\/85307\\\/stofftier-mm801-squidgeme-bedrucken-weich-polyester-one-size\\\/\",\"brand\":{\"@type\":\"Brand\",\"name\":\"Mumbles\"},\"sku\":\"A403-MM801\",\"image\":{\"@type\":\"ImageObject\",\"url\":\"https:\\\/\\\/shop.hidalgo.nl\\\/wp-content\\\/uploads\\\/2025\\\/07\\\/4b898499fb227d9553d328f59e0cd7495728f8cd8ee162b7db12b73c89f1311b.png\",\"@id\":\"https:\\\/\\\/hidalgo.nl\\\/de\\\/product\\\/85307\\\/stofftier-mm801-squidgeme-bedrucken-weich-polyester-one-size\\\/#productImage\",\"width\":1000,\"height\":1000},\"productGroupID\":85307,\"hasVariant\":[{\"@type\":\"Product\",\"@id\":\"https:\\\/\\\/hidalgo.nl\\\/de\\\/product\\\/85307\\\/stofftier-mm801-squidgeme-bedrucken-weich-polyester-one-size\\\/#wooCommerceProduct\",\"name\":\"MM801 - Knuffel SquidgeMe - , ghost\",\"url\":\"https:\\\/\\\/hidalgo.nl\\\/de\\\/product\\\/85307\\\/stofftier-mm801-squidgeme-bedrucken-weich-polyester-one-size\\\/\",\"sku\":\"A403-MM801_92834_92833\",\"gtin\":\"5056375824838\",\"image\":{\"@type\":\"ImageObject\",\"url\":\"https:\\\/\\\/shop.hidalgo.nl\\\/wp-content\\\/uploads\\\/2025\\\/07\\\/4b898499fb227d9553d328f59e0cd7495728f8cd8ee162b7db12b73c89f1311b.png\",\"@id\":\"https:\\\/\\\/hidalgo.nl\\\/de\\\/product\\\/85307\\\/stofftier-mm801-squidgeme-bedrucken-weich-polyester-one-size\\\/#productImage\",\"width\":1000,\"height\":1000},\"offers\":{\"@type\":\"Offer\",\"url\":\"https:\\\/\\\/hidalgo.nl\\\/de\\\/product\\\/85307\\\/stofftier-mm801-squidgeme-bedrucken-weich-polyester-one-size\\\/#wooCommerceOffer\",\"price\":\"6.57\",\"priceCurrency\":\"EUR\",\"category\":\"Promotionele Artikelen\",\"availability\":\"https:\\\/\\\/schema.org\\\/InStock\",\"priceSpecification\":{\"@type\":\"PriceSpecification\",\"price\":6.57,\"priceCurrency\":\"EUR\",\"valueAddedTaxIncluded\":\"true\"}}},{\"@type\":\"Product\",\"@id\":\"https:\\\/\\\/hidalgo.nl\\\/de\\\/product\\\/85307\\\/stofftier-mm801-squidgeme-bedrucken-weich-polyester-one-size\\\/#wooCommerceProduct\",\"name\":\"MM801 - Knuffel SquidgeMe - , gingerbread-man\",\"url\":\"https:\\\/\\\/hidalgo.nl\\\/de\\\/product\\\/85307\\\/stofftier-mm801-squidgeme-bedrucken-weich-polyester-one-size\\\/\",\"sku\":\"A403-MM801_92835_92833\",\"gtin\":\"5056375824821\",\"image\":{\"@type\":\"ImageObject\",\"url\":\"https:\\\/\\\/shop.hidalgo.nl\\\/wp-content\\\/uploads\\\/2025\\\/07\\\/beb7d15707b195d76c80fc4557a8dcad3084673057a7e4308d1b108b8b6acace.png\",\"@id\":\"https:\\\/\\\/hidalgo.nl\\\/de\\\/product\\\/85307\\\/stofftier-mm801-squidgeme-bedrucken-weich-polyester-one-size\\\/#productImage\",\"width\":1000,\"height\":1000},\"offers\":{\"@type\":\"Offer\",\"url\":\"https:\\\/\\\/hidalgo.nl\\\/de\\\/product\\\/85307\\\/stofftier-mm801-squidgeme-bedrucken-weich-polyester-one-size\\\/#wooCommerceOffer\",\"price\":\"6.57\",\"priceCurrency\":\"EUR\",\"category\":\"Promotionele Artikelen\",\"availability\":\"https:\\\/\\\/schema.org\\\/InStock\",\"priceSpecification\":{\"@type\":\"PriceSpecification\",\"price\":6.57,\"priceCurrency\":\"EUR\",\"valueAddedTaxIncluded\":\"true\"}}},{\"@type\":\"Product\",\"@id\":\"https:\\\/\\\/hidalgo.nl\\\/de\\\/product\\\/85307\\\/stofftier-mm801-squidgeme-bedrucken-weich-polyester-one-size\\\/#wooCommerceProduct\",\"name\":\"MM801 - Knuffel SquidgeMe - , hero-bear\",\"url\":\"https:\\\/\\\/hidalgo.nl\\\/de\\\/product\\\/85307\\\/stofftier-mm801-squidgeme-bedrucken-weich-polyester-one-size\\\/\",\"sku\":\"A403-MM801_92836_92833\",\"gtin\":\"5056375831096\",\"image\":{\"@type\":\"ImageObject\",\"url\":\"https:\\\/\\\/shop.hidalgo.nl\\\/wp-content\\\/uploads\\\/2025\\\/07\\\/f33617404e18b328cff3d153aff61d305b0762aa54e3ee6201d0fa12cec1f44b.png\",\"@id\":\"https:\\\/\\\/hidalgo.nl\\\/de\\\/product\\\/85307\\\/stofftier-mm801-squidgeme-bedrucken-weich-polyester-one-size\\\/#productImage\",\"width\":1000,\"height\":1000},\"offers\":{\"@type\":\"Offer\",\"url\":\"https:\\\/\\\/hidalgo.nl\\\/de\\\/product\\\/85307\\\/stofftier-mm801-squidgeme-bedrucken-weich-polyester-one-size\\\/#wooCommerceOffer\",\"price\":\"6.57\",\"priceCurrency\":\"EUR\",\"category\":\"Promotionele Artikelen\",\"availability\":\"https:\\\/\\\/schema.org\\\/InStock\",\"priceSpecification\":{\"@type\":\"PriceSpecification\",\"price\":6.57,\"priceCurrency\":\"EUR\",\"valueAddedTaxIncluded\":\"true\"}}}]},{\"@type\":\"WebPage\",\"@id\":\"https:\\\/\\\/hidalgo.nl\\\/de\\\/product\\\/85307\\\/stofftier-mm801-squidgeme-bedrucken-weich-polyester-one-size\\\/#webpage\",\"url\":\"https:\\\/\\\/hidalgo.nl\\\/de\\\/product\\\/85307\\\/stofftier-mm801-squidgeme-bedrucken-weich-polyester-one-size\\\/\",\"name\":\"Stofftier MM801 SquidgeMe bedrucken weich Polyester One-size\",\"description\":\"Mach aus dem SquidgeMe ein aufmerksamkeitsstarkes Giveaway: Wir k\\u00f6nnen Kuscheltiere bedrucken und als Pl\\u00fcschtiere mit Logo f\\u00fcr deine Marke einsetzen - ideal f\\u00fcr Events, Messen und B2B-Kampagnen. Weiches Polyester, EN71 gepr\\u00fcft und sicher. Einheitsgr\\u00f6\\u00dfe One Size.\",\"inLanguage\":\"de-DE\",\"isPartOf\":{\"@id\":\"https:\\\/\\\/hidalgo.nl\\\/de\\\/#website\"},\"breadcrumb\":{\"@id\":\"https:\\\/\\\/hidalgo.nl\\\/de\\\/product\\\/85307\\\/stofftier-mm801-squidgeme-bedrucken-weich-polyester-one-size\\\/#breadcrumblist\"},\"image\":{\"@type\":\"ImageObject\",\"url\":\"https:\\\/\\\/shop.hidalgo.nl\\\/wp-content\\\/uploads\\\/2025\\\/07\\\/4b898499fb227d9553d328f59e0cd7495728f8cd8ee162b7db12b73c89f1311b.png\",\"@id\":\"https:\\\/\\\/hidalgo.nl\\\/de\\\/product\\\/85307\\\/stofftier-mm801-squidgeme-bedrucken-weich-polyester-one-size\\\/#mainImage\",\"width\":1000,\"height\":1000},\"primaryImageOfPage\":{\"@id\":\"https:\\\/\\\/hidalgo.nl\\\/de\\\/product\\\/85307\\\/stofftier-mm801-squidgeme-bedrucken-weich-polyester-one-size\\\/#mainImage\"},\"datePublished\":\"2025-07-07T02:31:29+00:00\",\"dateModified\":\"2026-03-22T09:24:14+00:00\"},{\"@type\":\"WebSite\",\"@id\":\"https:\\\/\\\/hidalgo.nl\\\/de\\\/#website\",\"url\":\"https:\\\/\\\/hidalgo.nl\\\/de\\\/\",\"name\":\"Hidalgo\",\"inLanguage\":\"de-DE\",\"publisher\":{\"@id\":\"https:\\\/\\\/hidalgo.nl\\\/de\\\/#organization\"}}]}\n\t\t<\/script>\n\t\t<!-- All in One SEO Pro -->\r\n\t\t<title>Stofftier MM801 SquidgeMe bedrucken weich Polyester One-size<\/title>\n\n","aioseo_head_json":{"title":"Stofftier MM801 SquidgeMe bedrucken weich Polyester One-size","description":"Mach aus dem SquidgeMe ein aufmerksamkeitsstarkes Giveaway: Wir k\u00f6nnen Kuscheltiere bedrucken und als Pl\u00fcschtiere mit Logo f\u00fcr deine Marke einsetzen - ideal f\u00fcr Events, Messen und B2B-Kampagnen. Weiches Polyester, EN71 gepr\u00fcft und sicher. Einheitsgr\u00f6\u00dfe One Size.","canonical_url":"https:\/\/hidalgo.nl\/de\/wp-json\/wp\/v2\/product\/85307","robots":"max-image-preview:large","keywords":"","webmasterTools":{"miscellaneous":""},"schema":{"@context":"https:\/\/schema.org","@graph":[{"@type":"BreadcrumbList","@id":"https:\/\/hidalgo.nl\/de\/product\/85307\/stofftier-mm801-squidgeme-bedrucken-weich-polyester-one-size\/#breadcrumblist","itemListElement":[{"@type":"ListItem","@id":"https:\/\/hidalgo.nl\/de\/#listItem","position":1,"name":"Home","item":"https:\/\/hidalgo.nl\/de\/","nextItem":{"@type":"ListItem","@id":"https:\/\/hidalgo.nl\/example\/#listItem","name":"example"}},{"@type":"ListItem","@id":"https:\/\/hidalgo.nl\/example\/#listItem","position":2,"name":"example","item":"https:\/\/hidalgo.nl\/example\/","nextItem":{"@type":"ListItem","@id":"https:\/\/hidalgo.nl\/en\/product-supplier\/a403\/#listItem","name":"A403"},"previousItem":{"@type":"ListItem","@id":"https:\/\/hidalgo.nl\/de\/#listItem","name":"Home"}},{"@type":"ListItem","@id":"https:\/\/hidalgo.nl\/en\/product-supplier\/a403\/#listItem","position":3,"name":"A403","item":"https:\/\/hidalgo.nl\/en\/product-supplier\/a403\/","nextItem":{"@type":"ListItem","@id":"https:\/\/hidalgo.nl\/de\/product\/85307\/stofftier-mm801-squidgeme-bedrucken-weich-polyester-one-size\/#listItem","name":"MM801 &#8211; Knuffel SquidgeMe"},"previousItem":{"@type":"ListItem","@id":"https:\/\/hidalgo.nl\/example\/#listItem","name":"example"}},{"@type":"ListItem","@id":"https:\/\/hidalgo.nl\/de\/product\/85307\/stofftier-mm801-squidgeme-bedrucken-weich-polyester-one-size\/#listItem","position":4,"name":"MM801 &#8211; Knuffel SquidgeMe","previousItem":{"@type":"ListItem","@id":"https:\/\/hidalgo.nl\/en\/product-supplier\/a403\/#listItem","name":"A403"}}]},{"@type":"Organization","@id":"https:\/\/hidalgo.nl\/de\/#organization","name":"Hidalgo","url":"https:\/\/hidalgo.nl\/de\/","logo":{"@type":"ImageObject","url":"https:\/\/shop.hidalgo.nl\/wp-content\/uploads\/2025\/11\/cropped-Hidalgo-est1993.png","@id":"https:\/\/hidalgo.nl\/de\/product\/85307\/stofftier-mm801-squidgeme-bedrucken-weich-polyester-one-size\/#organizationLogo","width":585,"height":195},"image":{"@id":"https:\/\/hidalgo.nl\/de\/product\/85307\/stofftier-mm801-squidgeme-bedrucken-weich-polyester-one-size\/#organizationLogo"}},{"@type":"ProductGroup","@id":"https:\/\/hidalgo.nl\/de\/product\/85307\/stofftier-mm801-squidgeme-bedrucken-weich-polyester-one-size\/#wooCommerceProduct","name":"Stofftier MM801 SquidgeMe bedrucken weich Polyester One-size","url":"https:\/\/hidalgo.nl\/de\/product\/85307\/stofftier-mm801-squidgeme-bedrucken-weich-polyester-one-size\/","brand":{"@type":"Brand","name":"Mumbles"},"sku":"A403-MM801","image":{"@type":"ImageObject","url":"https:\/\/shop.hidalgo.nl\/wp-content\/uploads\/2025\/07\/4b898499fb227d9553d328f59e0cd7495728f8cd8ee162b7db12b73c89f1311b.png","@id":"https:\/\/hidalgo.nl\/de\/product\/85307\/stofftier-mm801-squidgeme-bedrucken-weich-polyester-one-size\/#productImage","width":1000,"height":1000},"productGroupID":85307,"hasVariant":[{"@type":"Product","@id":"https:\/\/hidalgo.nl\/de\/product\/85307\/stofftier-mm801-squidgeme-bedrucken-weich-polyester-one-size\/#wooCommerceProduct","name":"MM801 - Knuffel SquidgeMe - , ghost","url":"https:\/\/hidalgo.nl\/de\/product\/85307\/stofftier-mm801-squidgeme-bedrucken-weich-polyester-one-size\/","sku":"A403-MM801_92834_92833","gtin":"5056375824838","image":{"@type":"ImageObject","url":"https:\/\/shop.hidalgo.nl\/wp-content\/uploads\/2025\/07\/4b898499fb227d9553d328f59e0cd7495728f8cd8ee162b7db12b73c89f1311b.png","@id":"https:\/\/hidalgo.nl\/de\/product\/85307\/stofftier-mm801-squidgeme-bedrucken-weich-polyester-one-size\/#productImage","width":1000,"height":1000},"offers":{"@type":"Offer","url":"https:\/\/hidalgo.nl\/de\/product\/85307\/stofftier-mm801-squidgeme-bedrucken-weich-polyester-one-size\/#wooCommerceOffer","price":"6.57","priceCurrency":"EUR","category":"Promotionele Artikelen","availability":"https:\/\/schema.org\/InStock","priceSpecification":{"@type":"PriceSpecification","price":6.57,"priceCurrency":"EUR","valueAddedTaxIncluded":"true"}}},{"@type":"Product","@id":"https:\/\/hidalgo.nl\/de\/product\/85307\/stofftier-mm801-squidgeme-bedrucken-weich-polyester-one-size\/#wooCommerceProduct","name":"MM801 - Knuffel SquidgeMe - , gingerbread-man","url":"https:\/\/hidalgo.nl\/de\/product\/85307\/stofftier-mm801-squidgeme-bedrucken-weich-polyester-one-size\/","sku":"A403-MM801_92835_92833","gtin":"5056375824821","image":{"@type":"ImageObject","url":"https:\/\/shop.hidalgo.nl\/wp-content\/uploads\/2025\/07\/beb7d15707b195d76c80fc4557a8dcad3084673057a7e4308d1b108b8b6acace.png","@id":"https:\/\/hidalgo.nl\/de\/product\/85307\/stofftier-mm801-squidgeme-bedrucken-weich-polyester-one-size\/#productImage","width":1000,"height":1000},"offers":{"@type":"Offer","url":"https:\/\/hidalgo.nl\/de\/product\/85307\/stofftier-mm801-squidgeme-bedrucken-weich-polyester-one-size\/#wooCommerceOffer","price":"6.57","priceCurrency":"EUR","category":"Promotionele Artikelen","availability":"https:\/\/schema.org\/InStock","priceSpecification":{"@type":"PriceSpecification","price":6.57,"priceCurrency":"EUR","valueAddedTaxIncluded":"true"}}},{"@type":"Product","@id":"https:\/\/hidalgo.nl\/de\/product\/85307\/stofftier-mm801-squidgeme-bedrucken-weich-polyester-one-size\/#wooCommerceProduct","name":"MM801 - Knuffel SquidgeMe - , hero-bear","url":"https:\/\/hidalgo.nl\/de\/product\/85307\/stofftier-mm801-squidgeme-bedrucken-weich-polyester-one-size\/","sku":"A403-MM801_92836_92833","gtin":"5056375831096","image":{"@type":"ImageObject","url":"https:\/\/shop.hidalgo.nl\/wp-content\/uploads\/2025\/07\/f33617404e18b328cff3d153aff61d305b0762aa54e3ee6201d0fa12cec1f44b.png","@id":"https:\/\/hidalgo.nl\/de\/product\/85307\/stofftier-mm801-squidgeme-bedrucken-weich-polyester-one-size\/#productImage","width":1000,"height":1000},"offers":{"@type":"Offer","url":"https:\/\/hidalgo.nl\/de\/product\/85307\/stofftier-mm801-squidgeme-bedrucken-weich-polyester-one-size\/#wooCommerceOffer","price":"6.57","priceCurrency":"EUR","category":"Promotionele Artikelen","availability":"https:\/\/schema.org\/InStock","priceSpecification":{"@type":"PriceSpecification","price":6.57,"priceCurrency":"EUR","valueAddedTaxIncluded":"true"}}}]},{"@type":"WebPage","@id":"https:\/\/hidalgo.nl\/de\/product\/85307\/stofftier-mm801-squidgeme-bedrucken-weich-polyester-one-size\/#webpage","url":"https:\/\/hidalgo.nl\/de\/product\/85307\/stofftier-mm801-squidgeme-bedrucken-weich-polyester-one-size\/","name":"Stofftier MM801 SquidgeMe bedrucken weich Polyester One-size","description":"Mach aus dem SquidgeMe ein aufmerksamkeitsstarkes Giveaway: Wir k\u00f6nnen Kuscheltiere bedrucken und als Pl\u00fcschtiere mit Logo f\u00fcr deine Marke einsetzen - ideal f\u00fcr Events, Messen und B2B-Kampagnen. Weiches Polyester, EN71 gepr\u00fcft und sicher. Einheitsgr\u00f6\u00dfe One Size.","inLanguage":"de-DE","isPartOf":{"@id":"https:\/\/hidalgo.nl\/de\/#website"},"breadcrumb":{"@id":"https:\/\/hidalgo.nl\/de\/product\/85307\/stofftier-mm801-squidgeme-bedrucken-weich-polyester-one-size\/#breadcrumblist"},"image":{"@type":"ImageObject","url":"https:\/\/shop.hidalgo.nl\/wp-content\/uploads\/2025\/07\/4b898499fb227d9553d328f59e0cd7495728f8cd8ee162b7db12b73c89f1311b.png","@id":"https:\/\/hidalgo.nl\/de\/product\/85307\/stofftier-mm801-squidgeme-bedrucken-weich-polyester-one-size\/#mainImage","width":1000,"height":1000},"primaryImageOfPage":{"@id":"https:\/\/hidalgo.nl\/de\/product\/85307\/stofftier-mm801-squidgeme-bedrucken-weich-polyester-one-size\/#mainImage"},"datePublished":"2025-07-07T02:31:29+00:00","dateModified":"2026-03-22T09:24:14+00:00"},{"@type":"WebSite","@id":"https:\/\/hidalgo.nl\/de\/#website","url":"https:\/\/hidalgo.nl\/de\/","name":"Hidalgo","inLanguage":"de-DE","publisher":{"@id":"https:\/\/hidalgo.nl\/de\/#organization"}}]},"og:locale":"de_DE","og:site_name":"Hidalgo -","og:type":"article","og:title":"Stofftier MM801 SquidgeMe bedrucken weich Polyester One-size","og:description":"Mach aus dem SquidgeMe ein aufmerksamkeitsstarkes Giveaway: Wir k\u00f6nnen Kuscheltiere bedrucken und als Pl\u00fcschtiere mit Logo f\u00fcr deine Marke einsetzen - ideal f\u00fcr Events, Messen und B2B-Kampagnen. Weiches Polyester, EN71 gepr\u00fcft und sicher. Einheitsgr\u00f6\u00dfe One Size.","og:url":"https:\/\/hidalgo.nl\/de\/wp-json\/wp\/v2\/product\/85307","og:image":"https:\/\/shop.hidalgo.nl\/wp-content\/uploads\/2025\/11\/cropped-Hidalgo-est1993.png","og:image:secure_url":"https:\/\/shop.hidalgo.nl\/wp-content\/uploads\/2025\/11\/cropped-Hidalgo-est1993.png","article:published_time":"2025-07-07T02:31:29+00:00","article:modified_time":"2026-03-22T09:24:14+00:00","twitter:card":"summary_large_image","twitter:title":"Stofftier MM801 SquidgeMe bedrucken weich Polyester One-size","twitter:description":"Mach aus dem SquidgeMe ein aufmerksamkeitsstarkes Giveaway: Wir k\u00f6nnen Kuscheltiere bedrucken und als Pl\u00fcschtiere mit Logo f\u00fcr deine Marke einsetzen - ideal f\u00fcr Events, Messen und B2B-Kampagnen. Weiches Polyester, EN71 gepr\u00fcft und sicher. Einheitsgr\u00f6\u00dfe One Size.","twitter:image":"https:\/\/shop.hidalgo.nl\/wp-content\/uploads\/2025\/11\/cropped-Hidalgo-est1993.png"},"aioseo_meta_data":{"post_id":"85307","title":null,"description":null,"keywords":null,"keyphrases":null,"primary_term":null,"canonical_url":null,"og_title":null,"og_description":null,"og_object_type":"default","og_image_type":"default","og_image_url":null,"og_image_width":null,"og_image_height":null,"og_image_custom_url":null,"og_image_custom_fields":null,"og_video":null,"og_custom_url":null,"og_article_section":null,"og_article_tags":null,"twitter_use_og":false,"twitter_card":"default","twitter_image_type":"default","twitter_image_url":null,"twitter_image_custom_url":null,"twitter_image_custom_fields":null,"twitter_title":null,"twitter_description":null,"schema":{"blockGraphs":[],"customGraphs":[],"default":{"data":{"Article":[],"Course":[],"Dataset":[],"FAQPage":[],"Movie":[],"Person":[],"Product":[],"ProductReview":[],"Car":[],"Recipe":[],"Service":[],"SoftwareApplication":[],"WebPage":[]},"graphName":"","isEnabled":true},"graphs":[]},"schema_type":"default","schema_type_options":null,"pillar_content":false,"robots_default":true,"robots_noindex":false,"robots_noarchive":false,"robots_nosnippet":false,"robots_nofollow":false,"robots_noimageindex":false,"robots_noodp":false,"robots_notranslate":false,"robots_max_snippet":null,"robots_max_videopreview":null,"robots_max_imagepreview":"large","priority":null,"frequency":null,"local_seo":null,"seo_analyzer_scan_date":"2026-01-21 11:31:20","breadcrumb_settings":null,"limit_modified_date":false,"reviewed_by":null,"open_ai":null,"ai":null,"created":"2026-01-14 06:25:30","updated":"2026-04-22 20:16:48"},"aioseo_breadcrumb":"<div class=\"aioseo-breadcrumbs\"><span class=\"aioseo-breadcrumb\">\n\t<a href=\"https:\/\/hidalgo.nl\/de\/\" title=\"Home\">Home<\/a>\n<\/span><span class=\"aioseo-breadcrumb-separator\">\u00bb<\/span><span class=\"aioseo-breadcrumb\">\n\t<a href=\"https:\/\/hidalgo.nl\/example\/\" title=\"example\">example<\/a>\n<\/span><span class=\"aioseo-breadcrumb-separator\">\u00bb<\/span><span class=\"aioseo-breadcrumb\">\n\t<a href=\"https:\/\/hidalgo.nl\/en\/product-supplier\/a403\/\" title=\"A403\">A403<\/a>\n<\/span><span class=\"aioseo-breadcrumb-separator\">\u00bb<\/span><span class=\"aioseo-breadcrumb\">\n\tMM801 \u2013 Knuffel SquidgeMe\n<\/span><\/div>","aioseo_breadcrumb_json":[{"label":"Home","link":"https:\/\/hidalgo.nl\/de\/"},{"label":"example","link":"https:\/\/hidalgo.nl\/example\/"},{"label":"A403","link":"https:\/\/hidalgo.nl\/en\/product-supplier\/a403\/"},{"label":"MM801 &#8211; Knuffel SquidgeMe","link":"https:\/\/hidalgo.nl\/de\/product\/85307\/stofftier-mm801-squidgeme-bedrucken-weich-polyester-one-size\/"}],"_links":{"self":[{"href":"https:\/\/hidalgo.nl\/de\/wp-json\/wp\/v2\/product\/85307","targetHints":{"allow":["GET"]}}],"collection":[{"href":"https:\/\/hidalgo.nl\/de\/wp-json\/wp\/v2\/product"}],"about":[{"href":"https:\/\/hidalgo.nl\/de\/wp-json\/wp\/v2\/types\/product"}],"wp:featuredmedia":[{"embeddable":true,"href":"https:\/\/hidalgo.nl\/de\/wp-json\/wp\/v2\/media\/85310"}],"wp:attachment":[{"href":"https:\/\/hidalgo.nl\/de\/wp-json\/wp\/v2\/media?parent=85307"}],"wp:term":[{"taxonomy":"product_brand","embeddable":true,"href":"https:\/\/hidalgo.nl\/de\/wp-json\/wp\/v2\/product_brand?post=85307"},{"taxonomy":"product_cat","embeddable":true,"href":"https:\/\/hidalgo.nl\/de\/wp-json\/wp\/v2\/product_cat?post=85307"},{"taxonomy":"product_tag","embeddable":true,"href":"https:\/\/hidalgo.nl\/de\/wp-json\/wp\/v2\/product_tag?post=85307"}],"curies":[{"name":"wp","href":"https:\/\/api.w.org\/{rel}","templated":true}]}}