{"id":85203,"date":"2025-07-07T02:28:41","date_gmt":"2025-07-07T02:28:41","guid":{"rendered":"http:\/\/bidonsenshakers.pim.hidalgo.nl\/product\/mm573-kerstbeer-met-rits\/"},"modified":"2026-03-22T09:19:02","modified_gmt":"2026-03-22T09:19:02","slug":"mm573-kerstbeer-met-rits","status":"publish","type":"product","link":"https:\/\/hidalgo.nl\/de\/product\/85203\/weihnachtsbaer-bedrucken-sicher-reissverschluss-one-size\/","title":{"rendered":"MM573 &#8211; Kerstbeer met rits"},"content":{"rendered":"<p>Knuffel van 100% polyester. Opening met rits voor eenvoudige decoratie. Uitneembare vulling. Opgenaaide ogen en mond. Rode, gebreide sjaal met een rode kerstmuts op \u00e9\u00e9n oor. Voldoet aan de Europese norm EN71 voor veilig speelgoed. Geschikt voor alle leeftijden.<\/p>\n","protected":false},"excerpt":{"rendered":"<p>Knuffel van 100% polyester. Opening met rits voor eenvoudige decoratie. Uitneembare vulling. Opgenaaide ogen en mond. Rode, gebreide sjaal met een rode kerstmuts op \u00e9\u00e9n oor. Voldoet aan de Europese norm EN71 voor veilig speelgoed. Geschikt voor alle leeftijden.<\/p>\n","protected":false},"featured_media":85206,"template":"","meta":{"_acf_changed":false,"om_disable_all_campaigns":false,"_monsterinsights_skip_tracking":false,"_monsterinsights_sitenote_active":false,"_monsterinsights_sitenote_note":"","_monsterinsights_sitenote_category":0},"product_brand":[1355],"product_cat":[4768,4719],"product_tag":[],"class_list":{"0":"post-85203","1":"product","2":"type-product","3":"status-publish","4":"has-post-thumbnail","6":"product_supplier-a403","7":"product_material-polyester","8":"product_brand-mumbles","9":"product_cat-kerst","10":"product_cat-promotionele-artikelen","11":"entry","13":"first","14":"instock","15":"taxable","16":"shipping-taxable","17":"purchasable","18":"product-type-variable"},"acf":{"imprint_cost":[{"imprint_cost_key":"33483b79de35c41f6a5968127e3727b83ce2fe0b","product_quantity_price_range":[{"imprint_cost_recommended_selling_price":"0","imprint_cost_recommended_selling_quantity":"1"}],"product_quantity_price_range_buying":false,"imprint_cost_setup_costs":"","imprint_cost_handling_costs":""}]},"aioseo_notices":[],"aioseo_head":"\n\t\t<!-- All in One SEO Pro 4.9.6.2 - aioseo.com -->\n\t<meta name=\"description\" content=\"Ideal f\u00fcr deine Weihnachtsaktion: Hidalgo bringt dein Logo sauber an, der Rei\u00dfverschluss erleichtert Druck oder Stickerei. EN71-gepr\u00fcftes Polyester, One-size, sicher als Werbemittel f\u00fcr Kunden &amp; Team. Jetzt Pl\u00fcschtiere bedrucken lassen und deinen Weihnachtsteddy mit Firmenlogo bestellen.\" \/>\n\t<meta name=\"robots\" content=\"max-image-preview:large\" \/>\n\t<link rel=\"canonical\" href=\"https:\/\/hidalgo.nl\/de\/wp-json\/wp\/v2\/product\/85203\" \/>\n\t<meta name=\"generator\" content=\"All in One SEO Pro (AIOSEO) 4.9.6.2\" \/>\n\t\t<meta property=\"og:locale\" content=\"de_DE\" \/>\n\t\t<meta property=\"og:site_name\" content=\"Hidalgo -\" \/>\n\t\t<meta property=\"og:type\" content=\"article\" \/>\n\t\t<meta property=\"og:title\" content=\"Weihnachtsb\u00e4r bedrucken sicher Rei\u00dfverschluss One-size\" \/>\n\t\t<meta property=\"og:description\" content=\"Ideal f\u00fcr deine Weihnachtsaktion: Hidalgo bringt dein Logo sauber an, der Rei\u00dfverschluss erleichtert Druck oder Stickerei. EN71-gepr\u00fcftes Polyester, One-size, sicher als Werbemittel f\u00fcr Kunden &amp; Team. Jetzt Pl\u00fcschtiere bedrucken lassen und deinen Weihnachtsteddy mit Firmenlogo bestellen.\" \/>\n\t\t<meta property=\"og:url\" content=\"https:\/\/hidalgo.nl\/de\/wp-json\/wp\/v2\/product\/85203\" \/>\n\t\t<meta property=\"og:image\" content=\"https:\/\/shop.hidalgo.nl\/wp-content\/uploads\/2025\/11\/cropped-Hidalgo-est1993.png\" \/>\n\t\t<meta property=\"og:image:secure_url\" content=\"https:\/\/shop.hidalgo.nl\/wp-content\/uploads\/2025\/11\/cropped-Hidalgo-est1993.png\" \/>\n\t\t<meta property=\"article:published_time\" content=\"2025-07-07T02:28:41+00:00\" \/>\n\t\t<meta property=\"article:modified_time\" content=\"2026-03-22T09:19:02+00:00\" \/>\n\t\t<meta name=\"twitter:card\" content=\"summary_large_image\" \/>\n\t\t<meta name=\"twitter:title\" content=\"Weihnachtsb\u00e4r bedrucken sicher Rei\u00dfverschluss One-size\" \/>\n\t\t<meta name=\"twitter:description\" content=\"Ideal f\u00fcr deine Weihnachtsaktion: Hidalgo bringt dein Logo sauber an, der Rei\u00dfverschluss erleichtert Druck oder Stickerei. EN71-gepr\u00fcftes Polyester, One-size, sicher als Werbemittel f\u00fcr Kunden &amp; Team. Jetzt Pl\u00fcschtiere bedrucken lassen und deinen Weihnachtsteddy mit Firmenlogo bestellen.\" \/>\n\t\t<meta name=\"twitter:image\" content=\"https:\/\/shop.hidalgo.nl\/wp-content\/uploads\/2025\/11\/cropped-Hidalgo-est1993.png\" \/>\n\t\t<script type=\"application\/ld+json\" class=\"aioseo-schema\">\n\t\t\t{\"@context\":\"https:\\\/\\\/schema.org\",\"@graph\":[{\"@type\":\"BreadcrumbList\",\"@id\":\"https:\\\/\\\/hidalgo.nl\\\/de\\\/product\\\/85203\\\/weihnachtsbaer-bedrucken-sicher-reissverschluss-one-size\\\/#breadcrumblist\",\"itemListElement\":[{\"@type\":\"ListItem\",\"@id\":\"https:\\\/\\\/hidalgo.nl\\\/de\\\/#listItem\",\"position\":1,\"name\":\"Home\",\"item\":\"https:\\\/\\\/hidalgo.nl\\\/de\\\/\",\"nextItem\":{\"@type\":\"ListItem\",\"@id\":\"https:\\\/\\\/hidalgo.nl\\\/example\\\/#listItem\",\"name\":\"example\"}},{\"@type\":\"ListItem\",\"@id\":\"https:\\\/\\\/hidalgo.nl\\\/example\\\/#listItem\",\"position\":2,\"name\":\"example\",\"item\":\"https:\\\/\\\/hidalgo.nl\\\/example\\\/\",\"nextItem\":{\"@type\":\"ListItem\",\"@id\":\"https:\\\/\\\/hidalgo.nl\\\/en\\\/product-supplier\\\/a403\\\/#listItem\",\"name\":\"A403\"},\"previousItem\":{\"@type\":\"ListItem\",\"@id\":\"https:\\\/\\\/hidalgo.nl\\\/de\\\/#listItem\",\"name\":\"Home\"}},{\"@type\":\"ListItem\",\"@id\":\"https:\\\/\\\/hidalgo.nl\\\/en\\\/product-supplier\\\/a403\\\/#listItem\",\"position\":3,\"name\":\"A403\",\"item\":\"https:\\\/\\\/hidalgo.nl\\\/en\\\/product-supplier\\\/a403\\\/\",\"nextItem\":{\"@type\":\"ListItem\",\"@id\":\"https:\\\/\\\/hidalgo.nl\\\/de\\\/product\\\/85203\\\/weihnachtsbaer-bedrucken-sicher-reissverschluss-one-size\\\/#listItem\",\"name\":\"MM573 &#8211; Kerstbeer met rits\"},\"previousItem\":{\"@type\":\"ListItem\",\"@id\":\"https:\\\/\\\/hidalgo.nl\\\/example\\\/#listItem\",\"name\":\"example\"}},{\"@type\":\"ListItem\",\"@id\":\"https:\\\/\\\/hidalgo.nl\\\/de\\\/product\\\/85203\\\/weihnachtsbaer-bedrucken-sicher-reissverschluss-one-size\\\/#listItem\",\"position\":4,\"name\":\"MM573 &#8211; Kerstbeer met rits\",\"previousItem\":{\"@type\":\"ListItem\",\"@id\":\"https:\\\/\\\/hidalgo.nl\\\/en\\\/product-supplier\\\/a403\\\/#listItem\",\"name\":\"A403\"}}]},{\"@type\":\"Organization\",\"@id\":\"https:\\\/\\\/hidalgo.nl\\\/de\\\/#organization\",\"name\":\"Hidalgo\",\"url\":\"https:\\\/\\\/hidalgo.nl\\\/de\\\/\",\"logo\":{\"@type\":\"ImageObject\",\"url\":\"https:\\\/\\\/shop.hidalgo.nl\\\/wp-content\\\/uploads\\\/2025\\\/11\\\/cropped-Hidalgo-est1993.png\",\"@id\":\"https:\\\/\\\/hidalgo.nl\\\/de\\\/product\\\/85203\\\/weihnachtsbaer-bedrucken-sicher-reissverschluss-one-size\\\/#organizationLogo\",\"width\":585,\"height\":195},\"image\":{\"@id\":\"https:\\\/\\\/hidalgo.nl\\\/de\\\/product\\\/85203\\\/weihnachtsbaer-bedrucken-sicher-reissverschluss-one-size\\\/#organizationLogo\"}},{\"@type\":\"ProductGroup\",\"@id\":\"https:\\\/\\\/hidalgo.nl\\\/de\\\/product\\\/85203\\\/weihnachtsbaer-bedrucken-sicher-reissverschluss-one-size\\\/#wooCommerceProduct\",\"name\":\"Weihnachtsb\\u00e4r bedrucken sicher Rei\\u00dfverschluss One-size\",\"url\":\"https:\\\/\\\/hidalgo.nl\\\/de\\\/product\\\/85203\\\/weihnachtsbaer-bedrucken-sicher-reissverschluss-one-size\\\/\",\"brand\":{\"@type\":\"Brand\",\"name\":\"Mumbles\"},\"sku\":\"A403-MM573\",\"image\":{\"@type\":\"ImageObject\",\"url\":\"https:\\\/\\\/shop.hidalgo.nl\\\/wp-content\\\/uploads\\\/2025\\\/07\\\/2bf9422f3839c47adbb2812318564c72b98c1f796c6819a9b20c71ede2925912.png\",\"@id\":\"https:\\\/\\\/hidalgo.nl\\\/de\\\/product\\\/85203\\\/weihnachtsbaer-bedrucken-sicher-reissverschluss-one-size\\\/#productImage\",\"width\":840,\"height\":1000},\"productGroupID\":85203,\"hasVariant\":[{\"@type\":\"Product\",\"@id\":\"https:\\\/\\\/hidalgo.nl\\\/de\\\/product\\\/85203\\\/weihnachtsbaer-bedrucken-sicher-reissverschluss-one-size\\\/#wooCommerceProduct\",\"name\":\"MM573 - Kerstbeer met rits - , red\",\"url\":\"https:\\\/\\\/hidalgo.nl\\\/de\\\/product\\\/85203\\\/weihnachtsbaer-bedrucken-sicher-reissverschluss-one-size\\\/\",\"sku\":\"A403-MM573_70534_70533\",\"gtin\":\"5056375808210\",\"image\":{\"@type\":\"ImageObject\",\"url\":\"https:\\\/\\\/shop.hidalgo.nl\\\/wp-content\\\/uploads\\\/2025\\\/07\\\/2bf9422f3839c47adbb2812318564c72b98c1f796c6819a9b20c71ede2925912.png\",\"@id\":\"https:\\\/\\\/hidalgo.nl\\\/de\\\/product\\\/85203\\\/weihnachtsbaer-bedrucken-sicher-reissverschluss-one-size\\\/#productImage\",\"width\":840,\"height\":1000},\"offers\":{\"@type\":\"Offer\",\"url\":\"https:\\\/\\\/hidalgo.nl\\\/de\\\/product\\\/85203\\\/weihnachtsbaer-bedrucken-sicher-reissverschluss-one-size\\\/#wooCommerceOffer\",\"price\":\"10.13\",\"priceCurrency\":\"EUR\",\"category\":\"Promotionele Artikelen\",\"availability\":\"https:\\\/\\\/schema.org\\\/InStock\",\"priceSpecification\":{\"@type\":\"PriceSpecification\",\"price\":10.13,\"priceCurrency\":\"EUR\",\"valueAddedTaxIncluded\":\"true\"}}}]},{\"@type\":\"WebPage\",\"@id\":\"https:\\\/\\\/hidalgo.nl\\\/de\\\/product\\\/85203\\\/weihnachtsbaer-bedrucken-sicher-reissverschluss-one-size\\\/#webpage\",\"url\":\"https:\\\/\\\/hidalgo.nl\\\/de\\\/product\\\/85203\\\/weihnachtsbaer-bedrucken-sicher-reissverschluss-one-size\\\/\",\"name\":\"Weihnachtsb\\u00e4r bedrucken sicher Rei\\u00dfverschluss One-size\",\"description\":\"Ideal f\\u00fcr deine Weihnachtsaktion: Hidalgo bringt dein Logo sauber an, der Rei\\u00dfverschluss erleichtert Druck oder Stickerei. EN71-gepr\\u00fcftes Polyester, One-size, sicher als Werbemittel f\\u00fcr Kunden & Team. Jetzt Pl\\u00fcschtiere bedrucken lassen und deinen Weihnachtsteddy mit Firmenlogo bestellen.\",\"inLanguage\":\"de-DE\",\"isPartOf\":{\"@id\":\"https:\\\/\\\/hidalgo.nl\\\/de\\\/#website\"},\"breadcrumb\":{\"@id\":\"https:\\\/\\\/hidalgo.nl\\\/de\\\/product\\\/85203\\\/weihnachtsbaer-bedrucken-sicher-reissverschluss-one-size\\\/#breadcrumblist\"},\"image\":{\"@type\":\"ImageObject\",\"url\":\"https:\\\/\\\/shop.hidalgo.nl\\\/wp-content\\\/uploads\\\/2025\\\/07\\\/2bf9422f3839c47adbb2812318564c72b98c1f796c6819a9b20c71ede2925912.png\",\"@id\":\"https:\\\/\\\/hidalgo.nl\\\/de\\\/product\\\/85203\\\/weihnachtsbaer-bedrucken-sicher-reissverschluss-one-size\\\/#mainImage\",\"width\":840,\"height\":1000},\"primaryImageOfPage\":{\"@id\":\"https:\\\/\\\/hidalgo.nl\\\/de\\\/product\\\/85203\\\/weihnachtsbaer-bedrucken-sicher-reissverschluss-one-size\\\/#mainImage\"},\"datePublished\":\"2025-07-07T02:28:41+00:00\",\"dateModified\":\"2026-03-22T09:19:02+00:00\"},{\"@type\":\"WebSite\",\"@id\":\"https:\\\/\\\/hidalgo.nl\\\/de\\\/#website\",\"url\":\"https:\\\/\\\/hidalgo.nl\\\/de\\\/\",\"name\":\"Hidalgo\",\"inLanguage\":\"de-DE\",\"publisher\":{\"@id\":\"https:\\\/\\\/hidalgo.nl\\\/de\\\/#organization\"}}]}\n\t\t<\/script>\n\t\t<!-- All in One SEO Pro -->\r\n\t\t<title>Weihnachtsb\u00e4r bedrucken sicher Rei\u00dfverschluss One-size<\/title>\n\n","aioseo_head_json":{"title":"Weihnachtsb\u00e4r bedrucken sicher Rei\u00dfverschluss One-size","description":"Ideal f\u00fcr deine Weihnachtsaktion: Hidalgo bringt dein Logo sauber an, der Rei\u00dfverschluss erleichtert Druck oder Stickerei. EN71-gepr\u00fcftes Polyester, One-size, sicher als Werbemittel f\u00fcr Kunden & Team. Jetzt Pl\u00fcschtiere bedrucken lassen und deinen Weihnachtsteddy mit Firmenlogo bestellen.","canonical_url":"https:\/\/hidalgo.nl\/de\/wp-json\/wp\/v2\/product\/85203","robots":"max-image-preview:large","keywords":"","webmasterTools":{"miscellaneous":""},"schema":{"@context":"https:\/\/schema.org","@graph":[{"@type":"BreadcrumbList","@id":"https:\/\/hidalgo.nl\/de\/product\/85203\/weihnachtsbaer-bedrucken-sicher-reissverschluss-one-size\/#breadcrumblist","itemListElement":[{"@type":"ListItem","@id":"https:\/\/hidalgo.nl\/de\/#listItem","position":1,"name":"Home","item":"https:\/\/hidalgo.nl\/de\/","nextItem":{"@type":"ListItem","@id":"https:\/\/hidalgo.nl\/example\/#listItem","name":"example"}},{"@type":"ListItem","@id":"https:\/\/hidalgo.nl\/example\/#listItem","position":2,"name":"example","item":"https:\/\/hidalgo.nl\/example\/","nextItem":{"@type":"ListItem","@id":"https:\/\/hidalgo.nl\/en\/product-supplier\/a403\/#listItem","name":"A403"},"previousItem":{"@type":"ListItem","@id":"https:\/\/hidalgo.nl\/de\/#listItem","name":"Home"}},{"@type":"ListItem","@id":"https:\/\/hidalgo.nl\/en\/product-supplier\/a403\/#listItem","position":3,"name":"A403","item":"https:\/\/hidalgo.nl\/en\/product-supplier\/a403\/","nextItem":{"@type":"ListItem","@id":"https:\/\/hidalgo.nl\/de\/product\/85203\/weihnachtsbaer-bedrucken-sicher-reissverschluss-one-size\/#listItem","name":"MM573 &#8211; Kerstbeer met rits"},"previousItem":{"@type":"ListItem","@id":"https:\/\/hidalgo.nl\/example\/#listItem","name":"example"}},{"@type":"ListItem","@id":"https:\/\/hidalgo.nl\/de\/product\/85203\/weihnachtsbaer-bedrucken-sicher-reissverschluss-one-size\/#listItem","position":4,"name":"MM573 &#8211; Kerstbeer met rits","previousItem":{"@type":"ListItem","@id":"https:\/\/hidalgo.nl\/en\/product-supplier\/a403\/#listItem","name":"A403"}}]},{"@type":"Organization","@id":"https:\/\/hidalgo.nl\/de\/#organization","name":"Hidalgo","url":"https:\/\/hidalgo.nl\/de\/","logo":{"@type":"ImageObject","url":"https:\/\/shop.hidalgo.nl\/wp-content\/uploads\/2025\/11\/cropped-Hidalgo-est1993.png","@id":"https:\/\/hidalgo.nl\/de\/product\/85203\/weihnachtsbaer-bedrucken-sicher-reissverschluss-one-size\/#organizationLogo","width":585,"height":195},"image":{"@id":"https:\/\/hidalgo.nl\/de\/product\/85203\/weihnachtsbaer-bedrucken-sicher-reissverschluss-one-size\/#organizationLogo"}},{"@type":"ProductGroup","@id":"https:\/\/hidalgo.nl\/de\/product\/85203\/weihnachtsbaer-bedrucken-sicher-reissverschluss-one-size\/#wooCommerceProduct","name":"Weihnachtsb\u00e4r bedrucken sicher Rei\u00dfverschluss One-size","url":"https:\/\/hidalgo.nl\/de\/product\/85203\/weihnachtsbaer-bedrucken-sicher-reissverschluss-one-size\/","brand":{"@type":"Brand","name":"Mumbles"},"sku":"A403-MM573","image":{"@type":"ImageObject","url":"https:\/\/shop.hidalgo.nl\/wp-content\/uploads\/2025\/07\/2bf9422f3839c47adbb2812318564c72b98c1f796c6819a9b20c71ede2925912.png","@id":"https:\/\/hidalgo.nl\/de\/product\/85203\/weihnachtsbaer-bedrucken-sicher-reissverschluss-one-size\/#productImage","width":840,"height":1000},"productGroupID":85203,"hasVariant":[{"@type":"Product","@id":"https:\/\/hidalgo.nl\/de\/product\/85203\/weihnachtsbaer-bedrucken-sicher-reissverschluss-one-size\/#wooCommerceProduct","name":"MM573 - Kerstbeer met rits - , red","url":"https:\/\/hidalgo.nl\/de\/product\/85203\/weihnachtsbaer-bedrucken-sicher-reissverschluss-one-size\/","sku":"A403-MM573_70534_70533","gtin":"5056375808210","image":{"@type":"ImageObject","url":"https:\/\/shop.hidalgo.nl\/wp-content\/uploads\/2025\/07\/2bf9422f3839c47adbb2812318564c72b98c1f796c6819a9b20c71ede2925912.png","@id":"https:\/\/hidalgo.nl\/de\/product\/85203\/weihnachtsbaer-bedrucken-sicher-reissverschluss-one-size\/#productImage","width":840,"height":1000},"offers":{"@type":"Offer","url":"https:\/\/hidalgo.nl\/de\/product\/85203\/weihnachtsbaer-bedrucken-sicher-reissverschluss-one-size\/#wooCommerceOffer","price":"10.13","priceCurrency":"EUR","category":"Promotionele Artikelen","availability":"https:\/\/schema.org\/InStock","priceSpecification":{"@type":"PriceSpecification","price":10.13,"priceCurrency":"EUR","valueAddedTaxIncluded":"true"}}}]},{"@type":"WebPage","@id":"https:\/\/hidalgo.nl\/de\/product\/85203\/weihnachtsbaer-bedrucken-sicher-reissverschluss-one-size\/#webpage","url":"https:\/\/hidalgo.nl\/de\/product\/85203\/weihnachtsbaer-bedrucken-sicher-reissverschluss-one-size\/","name":"Weihnachtsb\u00e4r bedrucken sicher Rei\u00dfverschluss One-size","description":"Ideal f\u00fcr deine Weihnachtsaktion: Hidalgo bringt dein Logo sauber an, der Rei\u00dfverschluss erleichtert Druck oder Stickerei. EN71-gepr\u00fcftes Polyester, One-size, sicher als Werbemittel f\u00fcr Kunden & Team. Jetzt Pl\u00fcschtiere bedrucken lassen und deinen Weihnachtsteddy mit Firmenlogo bestellen.","inLanguage":"de-DE","isPartOf":{"@id":"https:\/\/hidalgo.nl\/de\/#website"},"breadcrumb":{"@id":"https:\/\/hidalgo.nl\/de\/product\/85203\/weihnachtsbaer-bedrucken-sicher-reissverschluss-one-size\/#breadcrumblist"},"image":{"@type":"ImageObject","url":"https:\/\/shop.hidalgo.nl\/wp-content\/uploads\/2025\/07\/2bf9422f3839c47adbb2812318564c72b98c1f796c6819a9b20c71ede2925912.png","@id":"https:\/\/hidalgo.nl\/de\/product\/85203\/weihnachtsbaer-bedrucken-sicher-reissverschluss-one-size\/#mainImage","width":840,"height":1000},"primaryImageOfPage":{"@id":"https:\/\/hidalgo.nl\/de\/product\/85203\/weihnachtsbaer-bedrucken-sicher-reissverschluss-one-size\/#mainImage"},"datePublished":"2025-07-07T02:28:41+00:00","dateModified":"2026-03-22T09:19:02+00:00"},{"@type":"WebSite","@id":"https:\/\/hidalgo.nl\/de\/#website","url":"https:\/\/hidalgo.nl\/de\/","name":"Hidalgo","inLanguage":"de-DE","publisher":{"@id":"https:\/\/hidalgo.nl\/de\/#organization"}}]},"og:locale":"de_DE","og:site_name":"Hidalgo -","og:type":"article","og:title":"Weihnachtsb\u00e4r bedrucken sicher Rei\u00dfverschluss One-size","og:description":"Ideal f\u00fcr deine Weihnachtsaktion: Hidalgo bringt dein Logo sauber an, der Rei\u00dfverschluss erleichtert Druck oder Stickerei. EN71-gepr\u00fcftes Polyester, One-size, sicher als Werbemittel f\u00fcr Kunden &amp; Team. Jetzt Pl\u00fcschtiere bedrucken lassen und deinen Weihnachtsteddy mit Firmenlogo bestellen.","og:url":"https:\/\/hidalgo.nl\/de\/wp-json\/wp\/v2\/product\/85203","og:image":"https:\/\/shop.hidalgo.nl\/wp-content\/uploads\/2025\/11\/cropped-Hidalgo-est1993.png","og:image:secure_url":"https:\/\/shop.hidalgo.nl\/wp-content\/uploads\/2025\/11\/cropped-Hidalgo-est1993.png","article:published_time":"2025-07-07T02:28:41+00:00","article:modified_time":"2026-03-22T09:19:02+00:00","twitter:card":"summary_large_image","twitter:title":"Weihnachtsb\u00e4r bedrucken sicher Rei\u00dfverschluss One-size","twitter:description":"Ideal f\u00fcr deine Weihnachtsaktion: Hidalgo bringt dein Logo sauber an, der Rei\u00dfverschluss erleichtert Druck oder Stickerei. EN71-gepr\u00fcftes Polyester, One-size, sicher als Werbemittel f\u00fcr Kunden &amp; Team. Jetzt Pl\u00fcschtiere bedrucken lassen und deinen Weihnachtsteddy mit Firmenlogo bestellen.","twitter:image":"https:\/\/shop.hidalgo.nl\/wp-content\/uploads\/2025\/11\/cropped-Hidalgo-est1993.png"},"aioseo_meta_data":{"post_id":"85203","title":null,"description":null,"keywords":null,"keyphrases":null,"primary_term":null,"canonical_url":null,"og_title":null,"og_description":null,"og_object_type":"default","og_image_type":"default","og_image_url":null,"og_image_width":null,"og_image_height":null,"og_image_custom_url":null,"og_image_custom_fields":null,"og_video":null,"og_custom_url":null,"og_article_section":null,"og_article_tags":null,"twitter_use_og":false,"twitter_card":"default","twitter_image_type":"default","twitter_image_url":null,"twitter_image_custom_url":null,"twitter_image_custom_fields":null,"twitter_title":null,"twitter_description":null,"schema":{"blockGraphs":[],"customGraphs":[],"default":{"data":{"Article":[],"Course":[],"Dataset":[],"FAQPage":[],"Movie":[],"Person":[],"Product":[],"ProductReview":[],"Car":[],"Recipe":[],"Service":[],"SoftwareApplication":[],"WebPage":[]},"graphName":"","isEnabled":true},"graphs":[]},"schema_type":"default","schema_type_options":null,"pillar_content":false,"robots_default":true,"robots_noindex":false,"robots_noarchive":false,"robots_nosnippet":false,"robots_nofollow":false,"robots_noimageindex":false,"robots_noodp":false,"robots_notranslate":false,"robots_max_snippet":null,"robots_max_videopreview":null,"robots_max_imagepreview":"large","priority":null,"frequency":null,"local_seo":null,"seo_analyzer_scan_date":"2026-01-21 07:41:36","breadcrumb_settings":null,"limit_modified_date":false,"reviewed_by":null,"open_ai":null,"ai":null,"created":"2026-01-14 06:25:30","updated":"2026-04-22 20:16:48"},"aioseo_breadcrumb":"<div class=\"aioseo-breadcrumbs\"><span class=\"aioseo-breadcrumb\">\n\t<a href=\"https:\/\/hidalgo.nl\/de\/\" title=\"Home\">Home<\/a>\n<\/span><span class=\"aioseo-breadcrumb-separator\">\u00bb<\/span><span class=\"aioseo-breadcrumb\">\n\t<a href=\"https:\/\/hidalgo.nl\/example\/\" title=\"example\">example<\/a>\n<\/span><span class=\"aioseo-breadcrumb-separator\">\u00bb<\/span><span class=\"aioseo-breadcrumb\">\n\t<a href=\"https:\/\/hidalgo.nl\/en\/product-supplier\/a403\/\" title=\"A403\">A403<\/a>\n<\/span><span class=\"aioseo-breadcrumb-separator\">\u00bb<\/span><span class=\"aioseo-breadcrumb\">\n\tMM573 \u2013 Kerstbeer met rits\n<\/span><\/div>","aioseo_breadcrumb_json":[{"label":"Home","link":"https:\/\/hidalgo.nl\/de\/"},{"label":"example","link":"https:\/\/hidalgo.nl\/example\/"},{"label":"A403","link":"https:\/\/hidalgo.nl\/en\/product-supplier\/a403\/"},{"label":"MM573 &#8211; Kerstbeer met rits","link":"https:\/\/hidalgo.nl\/de\/product\/85203\/weihnachtsbaer-bedrucken-sicher-reissverschluss-one-size\/"}],"_links":{"self":[{"href":"https:\/\/hidalgo.nl\/de\/wp-json\/wp\/v2\/product\/85203","targetHints":{"allow":["GET"]}}],"collection":[{"href":"https:\/\/hidalgo.nl\/de\/wp-json\/wp\/v2\/product"}],"about":[{"href":"https:\/\/hidalgo.nl\/de\/wp-json\/wp\/v2\/types\/product"}],"wp:featuredmedia":[{"embeddable":true,"href":"https:\/\/hidalgo.nl\/de\/wp-json\/wp\/v2\/media\/85206"}],"wp:attachment":[{"href":"https:\/\/hidalgo.nl\/de\/wp-json\/wp\/v2\/media?parent=85203"}],"wp:term":[{"taxonomy":"product_brand","embeddable":true,"href":"https:\/\/hidalgo.nl\/de\/wp-json\/wp\/v2\/product_brand?post=85203"},{"taxonomy":"product_cat","embeddable":true,"href":"https:\/\/hidalgo.nl\/de\/wp-json\/wp\/v2\/product_cat?post=85203"},{"taxonomy":"product_tag","embeddable":true,"href":"https:\/\/hidalgo.nl\/de\/wp-json\/wp\/v2\/product_tag?post=85203"}],"curies":[{"name":"wp","href":"https:\/\/api.w.org\/{rel}","templated":true}]}}