{"id":85053,"date":"2025-07-07T02:24:22","date_gmt":"2025-07-07T02:24:22","guid":{"rendered":"http:\/\/bidonsenshakers.pim.hidalgo.nl\/product\/mm051-beer-met-rits\/"},"modified":"2026-03-22T09:07:54","modified_gmt":"2026-03-22T09:07:54","slug":"mm051-beer-met-rits","status":"publish","type":"product","link":"https:\/\/hidalgo.nl\/de\/product\/85053\/plueschbaer-bedrucken-mm051-reissverschluss-weich-one-size\/","title":{"rendered":"MM051 &#8211; Beer met rits"},"content":{"rendered":"<p>100% polyesterpluche. Bruinkleurige zacht pluchen teddy. Contrasterende bruine neus. Genaaide ogen. Lichtbruin paneel op de borst en voeten.  Ritsdetails op het lichaam van de beer voor directe toegang tot de buik voor borduurwerk. Verwijderbaar binnenvulsel. Voldoet aan de Europese veiligheidsvoorschriften voor speelgoed EN71. Verwijder alle kaartjes en hun bevestigingsmiddelen voordat u dit aan een kind geeft. Geschikt voor alle leeftijden.<\/p>\n","protected":false},"excerpt":{"rendered":"<p>100% polyesterpluche. Bruinkleurige zacht pluchen teddy. Contrasterende bruine neus. Genaaide ogen. Lichtbruin paneel op de borst en voeten. Ritsdetails op het lichaam van de beer voor directe toegang tot de buik voor borduurwerk. Verwijderbaar binnenvulsel. Voldoet aan de Europese veiligheidsvoorschriften voor speelgoed EN71. Verwijder alle kaartjes en hun bevestigingsmiddelen voordat u dit aan een kind&hellip; <a class=\"more-link\" href=\"https:\/\/hidalgo.nl\/de\/product\/85053\/plueschbaer-bedrucken-mm051-reissverschluss-weich-one-size\/\"><span class=\"screen-reader-text\">MM051 &#8211; Beer met rits<\/span> weiterlesen<\/a><\/p>\n","protected":false},"featured_media":85054,"template":"","meta":{"_acf_changed":false,"om_disable_all_campaigns":false,"_monsterinsights_skip_tracking":false,"_monsterinsights_sitenote_active":false,"_monsterinsights_sitenote_note":"","_monsterinsights_sitenote_category":0},"product_brand":[1355],"product_cat":[4807,4719],"product_tag":[],"class_list":{"0":"post-85053","1":"product","2":"type-product","3":"status-publish","4":"has-post-thumbnail","6":"product_supplier-a403","7":"product_material-polyester","8":"product_brand-mumbles","9":"product_cat-kinder-artikelen","10":"product_cat-promotionele-artikelen","11":"entry","13":"first","14":"instock","15":"taxable","16":"shipping-taxable","17":"purchasable","18":"product-type-variable"},"acf":{"imprint_cost":[{"imprint_cost_key":"33483b79de35c41f6a5968127e3727b83ce2fe0b","product_quantity_price_range":[{"imprint_cost_recommended_selling_price":"0","imprint_cost_recommended_selling_quantity":"1"}],"product_quantity_price_range_buying":false,"imprint_cost_setup_costs":"","imprint_cost_handling_costs":""}]},"aioseo_notices":[],"aioseo_head":"\n\t\t<!-- All in One SEO Pro 4.9.6.2 - aioseo.com -->\n\t<meta name=\"description\" content=\"Weicher MM051 Kuschelb\u00e4r in Mid Brown mit R\u00fccken-Rei\u00dfverschluss: Du l\u00e4sst ihn bei Hidalgo als Pl\u00fcschtier mit Logo personalisieren, ideal f\u00fcr Events und Vereine. One-size, mit entnehmbarer F\u00fcllung f\u00fcr sauberes Teddyb\u00e4r bedrucken und schnellen Motivwechsel.\" \/>\n\t<meta name=\"robots\" content=\"max-image-preview:large\" \/>\n\t<link rel=\"canonical\" href=\"https:\/\/hidalgo.nl\/de\/wp-json\/wp\/v2\/product\/85053\" \/>\n\t<meta name=\"generator\" content=\"All in One SEO Pro (AIOSEO) 4.9.6.2\" \/>\n\t\t<meta property=\"og:locale\" content=\"de_DE\" \/>\n\t\t<meta property=\"og:site_name\" content=\"Hidalgo -\" \/>\n\t\t<meta property=\"og:type\" content=\"article\" \/>\n\t\t<meta property=\"og:title\" content=\"Pl\u00fcschb\u00e4r bedrucken MM051 Rei\u00dfverschluss weich One-size\" \/>\n\t\t<meta property=\"og:description\" content=\"Weicher MM051 Kuschelb\u00e4r in Mid Brown mit R\u00fccken-Rei\u00dfverschluss: Du l\u00e4sst ihn bei Hidalgo als Pl\u00fcschtier mit Logo personalisieren, ideal f\u00fcr Events und Vereine. One-size, mit entnehmbarer F\u00fcllung f\u00fcr sauberes Teddyb\u00e4r bedrucken und schnellen Motivwechsel.\" \/>\n\t\t<meta property=\"og:url\" content=\"https:\/\/hidalgo.nl\/de\/wp-json\/wp\/v2\/product\/85053\" \/>\n\t\t<meta property=\"og:image\" content=\"https:\/\/shop.hidalgo.nl\/wp-content\/uploads\/2025\/11\/cropped-Hidalgo-est1993.png\" \/>\n\t\t<meta property=\"og:image:secure_url\" content=\"https:\/\/shop.hidalgo.nl\/wp-content\/uploads\/2025\/11\/cropped-Hidalgo-est1993.png\" \/>\n\t\t<meta property=\"article:published_time\" content=\"2025-07-07T02:24:22+00:00\" \/>\n\t\t<meta property=\"article:modified_time\" content=\"2026-03-22T09:07:54+00:00\" \/>\n\t\t<meta name=\"twitter:card\" content=\"summary_large_image\" \/>\n\t\t<meta name=\"twitter:title\" content=\"Pl\u00fcschb\u00e4r bedrucken MM051 Rei\u00dfverschluss weich One-size\" \/>\n\t\t<meta name=\"twitter:description\" content=\"Weicher MM051 Kuschelb\u00e4r in Mid Brown mit R\u00fccken-Rei\u00dfverschluss: Du l\u00e4sst ihn bei Hidalgo als Pl\u00fcschtier mit Logo personalisieren, ideal f\u00fcr Events und Vereine. One-size, mit entnehmbarer F\u00fcllung f\u00fcr sauberes Teddyb\u00e4r bedrucken und schnellen Motivwechsel.\" \/>\n\t\t<meta name=\"twitter:image\" content=\"https:\/\/shop.hidalgo.nl\/wp-content\/uploads\/2025\/11\/cropped-Hidalgo-est1993.png\" \/>\n\t\t<script type=\"application\/ld+json\" class=\"aioseo-schema\">\n\t\t\t{\"@context\":\"https:\\\/\\\/schema.org\",\"@graph\":[{\"@type\":\"BreadcrumbList\",\"@id\":\"https:\\\/\\\/hidalgo.nl\\\/de\\\/product\\\/85053\\\/plueschbaer-bedrucken-mm051-reissverschluss-weich-one-size\\\/#breadcrumblist\",\"itemListElement\":[{\"@type\":\"ListItem\",\"@id\":\"https:\\\/\\\/hidalgo.nl\\\/de\\\/#listItem\",\"position\":1,\"name\":\"Home\",\"item\":\"https:\\\/\\\/hidalgo.nl\\\/de\\\/\",\"nextItem\":{\"@type\":\"ListItem\",\"@id\":\"https:\\\/\\\/hidalgo.nl\\\/example\\\/#listItem\",\"name\":\"example\"}},{\"@type\":\"ListItem\",\"@id\":\"https:\\\/\\\/hidalgo.nl\\\/example\\\/#listItem\",\"position\":2,\"name\":\"example\",\"item\":\"https:\\\/\\\/hidalgo.nl\\\/example\\\/\",\"nextItem\":{\"@type\":\"ListItem\",\"@id\":\"https:\\\/\\\/hidalgo.nl\\\/en\\\/product-supplier\\\/a403\\\/#listItem\",\"name\":\"A403\"},\"previousItem\":{\"@type\":\"ListItem\",\"@id\":\"https:\\\/\\\/hidalgo.nl\\\/de\\\/#listItem\",\"name\":\"Home\"}},{\"@type\":\"ListItem\",\"@id\":\"https:\\\/\\\/hidalgo.nl\\\/en\\\/product-supplier\\\/a403\\\/#listItem\",\"position\":3,\"name\":\"A403\",\"item\":\"https:\\\/\\\/hidalgo.nl\\\/en\\\/product-supplier\\\/a403\\\/\",\"nextItem\":{\"@type\":\"ListItem\",\"@id\":\"https:\\\/\\\/hidalgo.nl\\\/de\\\/product\\\/85053\\\/plueschbaer-bedrucken-mm051-reissverschluss-weich-one-size\\\/#listItem\",\"name\":\"MM051 &#8211; Beer met rits\"},\"previousItem\":{\"@type\":\"ListItem\",\"@id\":\"https:\\\/\\\/hidalgo.nl\\\/example\\\/#listItem\",\"name\":\"example\"}},{\"@type\":\"ListItem\",\"@id\":\"https:\\\/\\\/hidalgo.nl\\\/de\\\/product\\\/85053\\\/plueschbaer-bedrucken-mm051-reissverschluss-weich-one-size\\\/#listItem\",\"position\":4,\"name\":\"MM051 &#8211; Beer met rits\",\"previousItem\":{\"@type\":\"ListItem\",\"@id\":\"https:\\\/\\\/hidalgo.nl\\\/en\\\/product-supplier\\\/a403\\\/#listItem\",\"name\":\"A403\"}}]},{\"@type\":\"Organization\",\"@id\":\"https:\\\/\\\/hidalgo.nl\\\/de\\\/#organization\",\"name\":\"Hidalgo\",\"url\":\"https:\\\/\\\/hidalgo.nl\\\/de\\\/\",\"logo\":{\"@type\":\"ImageObject\",\"url\":\"https:\\\/\\\/shop.hidalgo.nl\\\/wp-content\\\/uploads\\\/2025\\\/11\\\/cropped-Hidalgo-est1993.png\",\"@id\":\"https:\\\/\\\/hidalgo.nl\\\/de\\\/product\\\/85053\\\/plueschbaer-bedrucken-mm051-reissverschluss-weich-one-size\\\/#organizationLogo\",\"width\":585,\"height\":195},\"image\":{\"@id\":\"https:\\\/\\\/hidalgo.nl\\\/de\\\/product\\\/85053\\\/plueschbaer-bedrucken-mm051-reissverschluss-weich-one-size\\\/#organizationLogo\"}},{\"@type\":\"ProductGroup\",\"@id\":\"https:\\\/\\\/hidalgo.nl\\\/de\\\/product\\\/85053\\\/plueschbaer-bedrucken-mm051-reissverschluss-weich-one-size\\\/#wooCommerceProduct\",\"name\":\"Pl\\u00fcschb\\u00e4r bedrucken MM051 Rei\\u00dfverschluss weich One-size\",\"url\":\"https:\\\/\\\/hidalgo.nl\\\/de\\\/product\\\/85053\\\/plueschbaer-bedrucken-mm051-reissverschluss-weich-one-size\\\/\",\"brand\":{\"@type\":\"Brand\",\"name\":\"Mumbles\"},\"sku\":\"A403-MM051\",\"image\":{\"@type\":\"ImageObject\",\"url\":\"https:\\\/\\\/shop.hidalgo.nl\\\/wp-content\\\/uploads\\\/2025\\\/07\\\/f921e3eb21267ca4218863ad8c7558a52dc62f16a5a9c49f15fc5633ae0b9253.jpg\",\"@id\":\"https:\\\/\\\/hidalgo.nl\\\/de\\\/product\\\/85053\\\/plueschbaer-bedrucken-mm051-reissverschluss-weich-one-size\\\/#productImage\",\"width\":1000,\"height\":945},\"productGroupID\":85053,\"hasVariant\":[{\"@type\":\"Product\",\"@id\":\"https:\\\/\\\/hidalgo.nl\\\/de\\\/product\\\/85053\\\/plueschbaer-bedrucken-mm051-reissverschluss-weich-one-size\\\/#wooCommerceProduct\",\"name\":\"MM051 - Beer met rits - , mid-brown\",\"url\":\"https:\\\/\\\/hidalgo.nl\\\/de\\\/product\\\/85053\\\/plueschbaer-bedrucken-mm051-reissverschluss-weich-one-size\\\/\",\"sku\":\"A403-MM051_52370_52369\",\"gtin\":\"5056160755590\",\"image\":{\"@type\":\"ImageObject\",\"url\":\"https:\\\/\\\/shop.hidalgo.nl\\\/wp-content\\\/uploads\\\/2025\\\/07\\\/f921e3eb21267ca4218863ad8c7558a52dc62f16a5a9c49f15fc5633ae0b9253.jpg\",\"@id\":\"https:\\\/\\\/hidalgo.nl\\\/de\\\/product\\\/85053\\\/plueschbaer-bedrucken-mm051-reissverschluss-weich-one-size\\\/#productImage\",\"width\":1000,\"height\":945},\"offers\":{\"@type\":\"Offer\",\"url\":\"https:\\\/\\\/hidalgo.nl\\\/de\\\/product\\\/85053\\\/plueschbaer-bedrucken-mm051-reissverschluss-weich-one-size\\\/#wooCommerceOffer\",\"price\":\"12.41\",\"priceCurrency\":\"EUR\",\"category\":\"Promotionele Artikelen\",\"availability\":\"https:\\\/\\\/schema.org\\\/InStock\",\"priceSpecification\":{\"@type\":\"PriceSpecification\",\"price\":12.41,\"priceCurrency\":\"EUR\",\"valueAddedTaxIncluded\":\"true\"}}}]},{\"@type\":\"WebPage\",\"@id\":\"https:\\\/\\\/hidalgo.nl\\\/de\\\/product\\\/85053\\\/plueschbaer-bedrucken-mm051-reissverschluss-weich-one-size\\\/#webpage\",\"url\":\"https:\\\/\\\/hidalgo.nl\\\/de\\\/product\\\/85053\\\/plueschbaer-bedrucken-mm051-reissverschluss-weich-one-size\\\/\",\"name\":\"Pl\\u00fcschb\\u00e4r bedrucken MM051 Rei\\u00dfverschluss weich One-size\",\"description\":\"Weicher MM051 Kuschelb\\u00e4r in Mid Brown mit R\\u00fccken-Rei\\u00dfverschluss: Du l\\u00e4sst ihn bei Hidalgo als Pl\\u00fcschtier mit Logo personalisieren, ideal f\\u00fcr Events und Vereine. One-size, mit entnehmbarer F\\u00fcllung f\\u00fcr sauberes Teddyb\\u00e4r bedrucken und schnellen Motivwechsel.\",\"inLanguage\":\"de-DE\",\"isPartOf\":{\"@id\":\"https:\\\/\\\/hidalgo.nl\\\/de\\\/#website\"},\"breadcrumb\":{\"@id\":\"https:\\\/\\\/hidalgo.nl\\\/de\\\/product\\\/85053\\\/plueschbaer-bedrucken-mm051-reissverschluss-weich-one-size\\\/#breadcrumblist\"},\"image\":{\"@type\":\"ImageObject\",\"url\":\"https:\\\/\\\/shop.hidalgo.nl\\\/wp-content\\\/uploads\\\/2025\\\/07\\\/f921e3eb21267ca4218863ad8c7558a52dc62f16a5a9c49f15fc5633ae0b9253.jpg\",\"@id\":\"https:\\\/\\\/hidalgo.nl\\\/de\\\/product\\\/85053\\\/plueschbaer-bedrucken-mm051-reissverschluss-weich-one-size\\\/#mainImage\",\"width\":1000,\"height\":945},\"primaryImageOfPage\":{\"@id\":\"https:\\\/\\\/hidalgo.nl\\\/de\\\/product\\\/85053\\\/plueschbaer-bedrucken-mm051-reissverschluss-weich-one-size\\\/#mainImage\"},\"datePublished\":\"2025-07-07T02:24:22+00:00\",\"dateModified\":\"2026-03-22T09:07:54+00:00\"},{\"@type\":\"WebSite\",\"@id\":\"https:\\\/\\\/hidalgo.nl\\\/de\\\/#website\",\"url\":\"https:\\\/\\\/hidalgo.nl\\\/de\\\/\",\"name\":\"Hidalgo\",\"inLanguage\":\"de-DE\",\"publisher\":{\"@id\":\"https:\\\/\\\/hidalgo.nl\\\/de\\\/#organization\"}}]}\n\t\t<\/script>\n\t\t<!-- All in One SEO Pro -->\r\n\t\t<title>Pl\u00fcschb\u00e4r bedrucken MM051 Rei\u00dfverschluss weich One-size<\/title>\n\n","aioseo_head_json":{"title":"Pl\u00fcschb\u00e4r bedrucken MM051 Rei\u00dfverschluss weich One-size","description":"Weicher MM051 Kuschelb\u00e4r in Mid Brown mit R\u00fccken-Rei\u00dfverschluss: Du l\u00e4sst ihn bei Hidalgo als Pl\u00fcschtier mit Logo personalisieren, ideal f\u00fcr Events und Vereine. One-size, mit entnehmbarer F\u00fcllung f\u00fcr sauberes Teddyb\u00e4r bedrucken und schnellen Motivwechsel.","canonical_url":"https:\/\/hidalgo.nl\/de\/wp-json\/wp\/v2\/product\/85053","robots":"max-image-preview:large","keywords":"","webmasterTools":{"miscellaneous":""},"schema":{"@context":"https:\/\/schema.org","@graph":[{"@type":"BreadcrumbList","@id":"https:\/\/hidalgo.nl\/de\/product\/85053\/plueschbaer-bedrucken-mm051-reissverschluss-weich-one-size\/#breadcrumblist","itemListElement":[{"@type":"ListItem","@id":"https:\/\/hidalgo.nl\/de\/#listItem","position":1,"name":"Home","item":"https:\/\/hidalgo.nl\/de\/","nextItem":{"@type":"ListItem","@id":"https:\/\/hidalgo.nl\/example\/#listItem","name":"example"}},{"@type":"ListItem","@id":"https:\/\/hidalgo.nl\/example\/#listItem","position":2,"name":"example","item":"https:\/\/hidalgo.nl\/example\/","nextItem":{"@type":"ListItem","@id":"https:\/\/hidalgo.nl\/en\/product-supplier\/a403\/#listItem","name":"A403"},"previousItem":{"@type":"ListItem","@id":"https:\/\/hidalgo.nl\/de\/#listItem","name":"Home"}},{"@type":"ListItem","@id":"https:\/\/hidalgo.nl\/en\/product-supplier\/a403\/#listItem","position":3,"name":"A403","item":"https:\/\/hidalgo.nl\/en\/product-supplier\/a403\/","nextItem":{"@type":"ListItem","@id":"https:\/\/hidalgo.nl\/de\/product\/85053\/plueschbaer-bedrucken-mm051-reissverschluss-weich-one-size\/#listItem","name":"MM051 &#8211; Beer met rits"},"previousItem":{"@type":"ListItem","@id":"https:\/\/hidalgo.nl\/example\/#listItem","name":"example"}},{"@type":"ListItem","@id":"https:\/\/hidalgo.nl\/de\/product\/85053\/plueschbaer-bedrucken-mm051-reissverschluss-weich-one-size\/#listItem","position":4,"name":"MM051 &#8211; Beer met rits","previousItem":{"@type":"ListItem","@id":"https:\/\/hidalgo.nl\/en\/product-supplier\/a403\/#listItem","name":"A403"}}]},{"@type":"Organization","@id":"https:\/\/hidalgo.nl\/de\/#organization","name":"Hidalgo","url":"https:\/\/hidalgo.nl\/de\/","logo":{"@type":"ImageObject","url":"https:\/\/shop.hidalgo.nl\/wp-content\/uploads\/2025\/11\/cropped-Hidalgo-est1993.png","@id":"https:\/\/hidalgo.nl\/de\/product\/85053\/plueschbaer-bedrucken-mm051-reissverschluss-weich-one-size\/#organizationLogo","width":585,"height":195},"image":{"@id":"https:\/\/hidalgo.nl\/de\/product\/85053\/plueschbaer-bedrucken-mm051-reissverschluss-weich-one-size\/#organizationLogo"}},{"@type":"ProductGroup","@id":"https:\/\/hidalgo.nl\/de\/product\/85053\/plueschbaer-bedrucken-mm051-reissverschluss-weich-one-size\/#wooCommerceProduct","name":"Pl\u00fcschb\u00e4r bedrucken MM051 Rei\u00dfverschluss weich One-size","url":"https:\/\/hidalgo.nl\/de\/product\/85053\/plueschbaer-bedrucken-mm051-reissverschluss-weich-one-size\/","brand":{"@type":"Brand","name":"Mumbles"},"sku":"A403-MM051","image":{"@type":"ImageObject","url":"https:\/\/shop.hidalgo.nl\/wp-content\/uploads\/2025\/07\/f921e3eb21267ca4218863ad8c7558a52dc62f16a5a9c49f15fc5633ae0b9253.jpg","@id":"https:\/\/hidalgo.nl\/de\/product\/85053\/plueschbaer-bedrucken-mm051-reissverschluss-weich-one-size\/#productImage","width":1000,"height":945},"productGroupID":85053,"hasVariant":[{"@type":"Product","@id":"https:\/\/hidalgo.nl\/de\/product\/85053\/plueschbaer-bedrucken-mm051-reissverschluss-weich-one-size\/#wooCommerceProduct","name":"MM051 - Beer met rits - , mid-brown","url":"https:\/\/hidalgo.nl\/de\/product\/85053\/plueschbaer-bedrucken-mm051-reissverschluss-weich-one-size\/","sku":"A403-MM051_52370_52369","gtin":"5056160755590","image":{"@type":"ImageObject","url":"https:\/\/shop.hidalgo.nl\/wp-content\/uploads\/2025\/07\/f921e3eb21267ca4218863ad8c7558a52dc62f16a5a9c49f15fc5633ae0b9253.jpg","@id":"https:\/\/hidalgo.nl\/de\/product\/85053\/plueschbaer-bedrucken-mm051-reissverschluss-weich-one-size\/#productImage","width":1000,"height":945},"offers":{"@type":"Offer","url":"https:\/\/hidalgo.nl\/de\/product\/85053\/plueschbaer-bedrucken-mm051-reissverschluss-weich-one-size\/#wooCommerceOffer","price":"12.41","priceCurrency":"EUR","category":"Promotionele Artikelen","availability":"https:\/\/schema.org\/InStock","priceSpecification":{"@type":"PriceSpecification","price":12.41,"priceCurrency":"EUR","valueAddedTaxIncluded":"true"}}}]},{"@type":"WebPage","@id":"https:\/\/hidalgo.nl\/de\/product\/85053\/plueschbaer-bedrucken-mm051-reissverschluss-weich-one-size\/#webpage","url":"https:\/\/hidalgo.nl\/de\/product\/85053\/plueschbaer-bedrucken-mm051-reissverschluss-weich-one-size\/","name":"Pl\u00fcschb\u00e4r bedrucken MM051 Rei\u00dfverschluss weich One-size","description":"Weicher MM051 Kuschelb\u00e4r in Mid Brown mit R\u00fccken-Rei\u00dfverschluss: Du l\u00e4sst ihn bei Hidalgo als Pl\u00fcschtier mit Logo personalisieren, ideal f\u00fcr Events und Vereine. One-size, mit entnehmbarer F\u00fcllung f\u00fcr sauberes Teddyb\u00e4r bedrucken und schnellen Motivwechsel.","inLanguage":"de-DE","isPartOf":{"@id":"https:\/\/hidalgo.nl\/de\/#website"},"breadcrumb":{"@id":"https:\/\/hidalgo.nl\/de\/product\/85053\/plueschbaer-bedrucken-mm051-reissverschluss-weich-one-size\/#breadcrumblist"},"image":{"@type":"ImageObject","url":"https:\/\/shop.hidalgo.nl\/wp-content\/uploads\/2025\/07\/f921e3eb21267ca4218863ad8c7558a52dc62f16a5a9c49f15fc5633ae0b9253.jpg","@id":"https:\/\/hidalgo.nl\/de\/product\/85053\/plueschbaer-bedrucken-mm051-reissverschluss-weich-one-size\/#mainImage","width":1000,"height":945},"primaryImageOfPage":{"@id":"https:\/\/hidalgo.nl\/de\/product\/85053\/plueschbaer-bedrucken-mm051-reissverschluss-weich-one-size\/#mainImage"},"datePublished":"2025-07-07T02:24:22+00:00","dateModified":"2026-03-22T09:07:54+00:00"},{"@type":"WebSite","@id":"https:\/\/hidalgo.nl\/de\/#website","url":"https:\/\/hidalgo.nl\/de\/","name":"Hidalgo","inLanguage":"de-DE","publisher":{"@id":"https:\/\/hidalgo.nl\/de\/#organization"}}]},"og:locale":"de_DE","og:site_name":"Hidalgo -","og:type":"article","og:title":"Pl\u00fcschb\u00e4r bedrucken MM051 Rei\u00dfverschluss weich One-size","og:description":"Weicher MM051 Kuschelb\u00e4r in Mid Brown mit R\u00fccken-Rei\u00dfverschluss: Du l\u00e4sst ihn bei Hidalgo als Pl\u00fcschtier mit Logo personalisieren, ideal f\u00fcr Events und Vereine. One-size, mit entnehmbarer F\u00fcllung f\u00fcr sauberes Teddyb\u00e4r bedrucken und schnellen Motivwechsel.","og:url":"https:\/\/hidalgo.nl\/de\/wp-json\/wp\/v2\/product\/85053","og:image":"https:\/\/shop.hidalgo.nl\/wp-content\/uploads\/2025\/11\/cropped-Hidalgo-est1993.png","og:image:secure_url":"https:\/\/shop.hidalgo.nl\/wp-content\/uploads\/2025\/11\/cropped-Hidalgo-est1993.png","article:published_time":"2025-07-07T02:24:22+00:00","article:modified_time":"2026-03-22T09:07:54+00:00","twitter:card":"summary_large_image","twitter:title":"Pl\u00fcschb\u00e4r bedrucken MM051 Rei\u00dfverschluss weich One-size","twitter:description":"Weicher MM051 Kuschelb\u00e4r in Mid Brown mit R\u00fccken-Rei\u00dfverschluss: Du l\u00e4sst ihn bei Hidalgo als Pl\u00fcschtier mit Logo personalisieren, ideal f\u00fcr Events und Vereine. One-size, mit entnehmbarer F\u00fcllung f\u00fcr sauberes Teddyb\u00e4r bedrucken und schnellen Motivwechsel.","twitter:image":"https:\/\/shop.hidalgo.nl\/wp-content\/uploads\/2025\/11\/cropped-Hidalgo-est1993.png"},"aioseo_meta_data":{"post_id":"85053","title":null,"description":null,"keywords":null,"keyphrases":null,"primary_term":null,"canonical_url":null,"og_title":null,"og_description":null,"og_object_type":"default","og_image_type":"default","og_image_url":null,"og_image_width":null,"og_image_height":null,"og_image_custom_url":null,"og_image_custom_fields":null,"og_video":null,"og_custom_url":null,"og_article_section":null,"og_article_tags":null,"twitter_use_og":false,"twitter_card":"default","twitter_image_type":"default","twitter_image_url":null,"twitter_image_custom_url":null,"twitter_image_custom_fields":null,"twitter_title":null,"twitter_description":null,"schema":{"blockGraphs":[],"customGraphs":[],"default":{"data":{"Article":[],"Course":[],"Dataset":[],"FAQPage":[],"Movie":[],"Person":[],"Product":[],"ProductReview":[],"Car":[],"Recipe":[],"Service":[],"SoftwareApplication":[],"WebPage":[]},"graphName":"","isEnabled":true},"graphs":[]},"schema_type":"default","schema_type_options":null,"pillar_content":false,"robots_default":true,"robots_noindex":false,"robots_noarchive":false,"robots_nosnippet":false,"robots_nofollow":false,"robots_noimageindex":false,"robots_noodp":false,"robots_notranslate":false,"robots_max_snippet":null,"robots_max_videopreview":null,"robots_max_imagepreview":"large","priority":null,"frequency":null,"local_seo":null,"seo_analyzer_scan_date":"2026-01-21 07:39:34","breadcrumb_settings":null,"limit_modified_date":false,"reviewed_by":null,"open_ai":null,"ai":null,"created":"2026-01-14 06:25:30","updated":"2026-04-22 20:12:59"},"aioseo_breadcrumb":"<div class=\"aioseo-breadcrumbs\"><span class=\"aioseo-breadcrumb\">\n\t<a href=\"https:\/\/hidalgo.nl\/de\/\" title=\"Home\">Home<\/a>\n<\/span><span class=\"aioseo-breadcrumb-separator\">\u00bb<\/span><span class=\"aioseo-breadcrumb\">\n\t<a href=\"https:\/\/hidalgo.nl\/example\/\" title=\"example\">example<\/a>\n<\/span><span class=\"aioseo-breadcrumb-separator\">\u00bb<\/span><span class=\"aioseo-breadcrumb\">\n\t<a href=\"https:\/\/hidalgo.nl\/en\/product-supplier\/a403\/\" title=\"A403\">A403<\/a>\n<\/span><span class=\"aioseo-breadcrumb-separator\">\u00bb<\/span><span class=\"aioseo-breadcrumb\">\n\tMM051 \u2013 Beer met rits\n<\/span><\/div>","aioseo_breadcrumb_json":[{"label":"Home","link":"https:\/\/hidalgo.nl\/de\/"},{"label":"example","link":"https:\/\/hidalgo.nl\/example\/"},{"label":"A403","link":"https:\/\/hidalgo.nl\/en\/product-supplier\/a403\/"},{"label":"MM051 &#8211; Beer met rits","link":"https:\/\/hidalgo.nl\/de\/product\/85053\/plueschbaer-bedrucken-mm051-reissverschluss-weich-one-size\/"}],"_links":{"self":[{"href":"https:\/\/hidalgo.nl\/de\/wp-json\/wp\/v2\/product\/85053","targetHints":{"allow":["GET"]}}],"collection":[{"href":"https:\/\/hidalgo.nl\/de\/wp-json\/wp\/v2\/product"}],"about":[{"href":"https:\/\/hidalgo.nl\/de\/wp-json\/wp\/v2\/types\/product"}],"wp:featuredmedia":[{"embeddable":true,"href":"https:\/\/hidalgo.nl\/de\/wp-json\/wp\/v2\/media\/85054"}],"wp:attachment":[{"href":"https:\/\/hidalgo.nl\/de\/wp-json\/wp\/v2\/media?parent=85053"}],"wp:term":[{"taxonomy":"product_brand","embeddable":true,"href":"https:\/\/hidalgo.nl\/de\/wp-json\/wp\/v2\/product_brand?post=85053"},{"taxonomy":"product_cat","embeddable":true,"href":"https:\/\/hidalgo.nl\/de\/wp-json\/wp\/v2\/product_cat?post=85053"},{"taxonomy":"product_tag","embeddable":true,"href":"https:\/\/hidalgo.nl\/de\/wp-json\/wp\/v2\/product_tag?post=85053"}],"curies":[{"name":"wp","href":"https:\/\/api.w.org\/{rel}","templated":true}]}}