{"id":847656,"date":"2026-02-16T11:22:32","date_gmt":"2026-02-16T11:22:32","guid":{"rendered":"https:\/\/hidalgo.nl\/product\/bamboe-pizzaplank-vale\/"},"modified":"2026-03-13T13:54:39","modified_gmt":"2026-03-13T13:54:39","slug":"bamboe-pizzaplank-vale","status":"publish","type":"product","link":"https:\/\/hidalgo.nl\/de\/product\/847656\/pizzabrett-bambus-vale-bedrucken-schneidrillen-3-teilig\/","title":{"rendered":"Bamboe pizzaplank Vale"},"content":{"rendered":"<p>Bamboe pizzaplank met handvat en voorgevormde snijgeleiders voor eenvoudig serveren. Inclusief een roestvrijstalen en beukenhouten pizzasnijder en spatel. Voorzien van een ophangkoord van PU aan het handvat. Een praktische 3-delige set bestaande uit plank, spatel en pizzasnijder. Individueel verpakt in een bruine kartonnen doos.<\/p>\n","protected":false},"excerpt":{"rendered":"<p>Bamboe pizzaplank met handvat en voorgevormde snijgeleiders voor eenvoudig serveren. Inclusief een roestvrijstalen en beukenhouten pizzasnijder en spatel. Voorzien van een ophangkoord van PU aan het handvat. Een praktische 3-delige set bestaande uit plank, spatel en pizzasnijder. Individueel verpakt in een bruine kartonnen doos.<\/p>\n","protected":false},"featured_media":847882,"template":"","meta":{"_acf_changed":false,"om_disable_all_campaigns":false,"_monsterinsights_skip_tracking":false,"_monsterinsights_sitenote_active":false,"_monsterinsights_sitenote_note":"","_monsterinsights_sitenote_category":0},"product_brand":[49],"product_cat":[4766,4735,4719,4728],"product_tag":[],"class_list":{"0":"post-847656","1":"product","2":"type-product","3":"status-publish","4":"has-post-thumbnail","6":"product_supplier-a58","7":"product_material-bamboe","8":"product_material-metaal","9":"product_brand-impression","10":"product_cat-kaas-snij-en-serveer-planken","11":"product_cat-keuken","12":"product_cat-promotionele-artikelen","13":"product_cat-promotionele-artikelen-thuis-keuken-en-tuin","14":"entry","16":"first","17":"instock","18":"taxable","19":"shipping-taxable","20":"purchasable","21":"product-type-variable"},"acf":{"imprint_cost":[{"imprint_cost_key":"512774dedc04f69ce52e18a054df99ebc7e41dba","product_quantity_price_range":[{"imprint_cost_recommended_selling_price":"2.66","imprint_cost_recommended_selling_quantity":"1"},{"imprint_cost_recommended_selling_price":"1.63","imprint_cost_recommended_selling_quantity":"25"},{"imprint_cost_recommended_selling_price":"1.22","imprint_cost_recommended_selling_quantity":"50"},{"imprint_cost_recommended_selling_price":"0.88","imprint_cost_recommended_selling_quantity":"100"},{"imprint_cost_recommended_selling_price":"0.52","imprint_cost_recommended_selling_quantity":"250"},{"imprint_cost_recommended_selling_price":"0.43","imprint_cost_recommended_selling_quantity":"500"},{"imprint_cost_recommended_selling_price":"0.37","imprint_cost_recommended_selling_quantity":"1000"},{"imprint_cost_recommended_selling_price":"0.29","imprint_cost_recommended_selling_quantity":"2500"}],"product_quantity_price_range_buying":false,"imprint_cost_setup_costs":"30.77","imprint_cost_handling_costs":"0.26"},{"imprint_cost_key":"2d9a2f74c6207e628c5137a03faad4adaf087f21","product_quantity_price_range":[{"imprint_cost_recommended_selling_price":"4.03","imprint_cost_recommended_selling_quantity":"1"},{"imprint_cost_recommended_selling_price":"2.78","imprint_cost_recommended_selling_quantity":"25"},{"imprint_cost_recommended_selling_price":"1.63","imprint_cost_recommended_selling_quantity":"50"},{"imprint_cost_recommended_selling_price":"1.34","imprint_cost_recommended_selling_quantity":"100"},{"imprint_cost_recommended_selling_price":"1.05","imprint_cost_recommended_selling_quantity":"250"},{"imprint_cost_recommended_selling_price":"0.91","imprint_cost_recommended_selling_quantity":"500"},{"imprint_cost_recommended_selling_price":"0.8","imprint_cost_recommended_selling_quantity":"1000"},{"imprint_cost_recommended_selling_price":"0.68","imprint_cost_recommended_selling_quantity":"2500"}],"product_quantity_price_range_buying":false,"imprint_cost_setup_costs":"30.77","imprint_cost_handling_costs":"0.26"},{"imprint_cost_key":"33493821f85f6df6f100b1ed78118d049ac80a65","product_quantity_price_range":[{"imprint_cost_recommended_selling_price":"4.14","imprint_cost_recommended_selling_quantity":"1"},{"imprint_cost_recommended_selling_price":"2.97","imprint_cost_recommended_selling_quantity":"25"},{"imprint_cost_recommended_selling_price":"1.8","imprint_cost_recommended_selling_quantity":"50"},{"imprint_cost_recommended_selling_price":"1.52","imprint_cost_recommended_selling_quantity":"100"},{"imprint_cost_recommended_selling_price":"1.26","imprint_cost_recommended_selling_quantity":"250"},{"imprint_cost_recommended_selling_price":"1.15","imprint_cost_recommended_selling_quantity":"500"},{"imprint_cost_recommended_selling_price":"1.06","imprint_cost_recommended_selling_quantity":"1000"},{"imprint_cost_recommended_selling_price":"0.95","imprint_cost_recommended_selling_quantity":"2500"}],"product_quantity_price_range_buying":false,"imprint_cost_setup_costs":"30.77","imprint_cost_handling_costs":"0.26"},{"imprint_cost_key":"74b9e28ba5f946cc55a539cc9d9d43204c50e153","product_quantity_price_range":[{"imprint_cost_recommended_selling_price":"4.03","imprint_cost_recommended_selling_quantity":"1"},{"imprint_cost_recommended_selling_price":"2.78","imprint_cost_recommended_selling_quantity":"25"},{"imprint_cost_recommended_selling_price":"1.63","imprint_cost_recommended_selling_quantity":"50"},{"imprint_cost_recommended_selling_price":"1.34","imprint_cost_recommended_selling_quantity":"100"},{"imprint_cost_recommended_selling_price":"1.05","imprint_cost_recommended_selling_quantity":"250"},{"imprint_cost_recommended_selling_price":"0.91","imprint_cost_recommended_selling_quantity":"500"},{"imprint_cost_recommended_selling_price":"0.8","imprint_cost_recommended_selling_quantity":"1000"},{"imprint_cost_recommended_selling_price":"0.68","imprint_cost_recommended_selling_quantity":"2500"}],"product_quantity_price_range_buying":false,"imprint_cost_setup_costs":"30.77","imprint_cost_handling_costs":"0.26"}]},"aioseo_notices":[],"aioseo_head":"\n\t\t<!-- All in One SEO Pro 4.9.6.2 - aioseo.com -->\n\t<meta name=\"description\" content=\"Dieses 3-teilige Bambus Servierset ist das ideale K\u00fcchenutensilien Set f\u00fcr moderne Pizza-Abende. Du erh\u00e4ltst ein robustes Brett inklusive Schneider &amp; Spatel. Mache dieses praktische Werbegeschenk mit deinem Logo per hochwertiger Lasergravur zu einem unvergesslichen Blickfang.\" \/>\n\t<meta name=\"robots\" content=\"max-image-preview:large\" \/>\n\t<link rel=\"canonical\" href=\"https:\/\/hidalgo.nl\/de\/wp-json\/wp\/v2\/product\/847656\" \/>\n\t<meta name=\"generator\" content=\"All in One SEO Pro (AIOSEO) 4.9.6.2\" \/>\n\t\t<meta property=\"og:locale\" content=\"de_DE\" \/>\n\t\t<meta property=\"og:site_name\" content=\"Hidalgo -\" \/>\n\t\t<meta property=\"og:type\" content=\"article\" \/>\n\t\t<meta property=\"og:title\" content=\"Pizzabrett Bambus Vale bedrucken Schneidrillen 3-teilig\" \/>\n\t\t<meta property=\"og:description\" content=\"Dieses 3-teilige Bambus Servierset ist das ideale K\u00fcchenutensilien Set f\u00fcr moderne Pizza-Abende. Du erh\u00e4ltst ein robustes Brett inklusive Schneider &amp; Spatel. Mache dieses praktische Werbegeschenk mit deinem Logo per hochwertiger Lasergravur zu einem unvergesslichen Blickfang.\" \/>\n\t\t<meta property=\"og:url\" content=\"https:\/\/hidalgo.nl\/de\/wp-json\/wp\/v2\/product\/847656\" \/>\n\t\t<meta property=\"og:image\" content=\"https:\/\/shop.hidalgo.nl\/wp-content\/uploads\/2025\/11\/cropped-Hidalgo-est1993.png\" \/>\n\t\t<meta property=\"og:image:secure_url\" content=\"https:\/\/shop.hidalgo.nl\/wp-content\/uploads\/2025\/11\/cropped-Hidalgo-est1993.png\" \/>\n\t\t<meta property=\"article:published_time\" content=\"2026-02-16T11:22:32+00:00\" \/>\n\t\t<meta property=\"article:modified_time\" content=\"2026-03-13T13:54:39+00:00\" \/>\n\t\t<meta name=\"twitter:card\" content=\"summary_large_image\" \/>\n\t\t<meta name=\"twitter:title\" content=\"Pizzabrett Bambus Vale bedrucken Schneidrillen 3-teilig\" \/>\n\t\t<meta name=\"twitter:description\" content=\"Dieses 3-teilige Bambus Servierset ist das ideale K\u00fcchenutensilien Set f\u00fcr moderne Pizza-Abende. Du erh\u00e4ltst ein robustes Brett inklusive Schneider &amp; Spatel. Mache dieses praktische Werbegeschenk mit deinem Logo per hochwertiger Lasergravur zu einem unvergesslichen Blickfang.\" \/>\n\t\t<meta name=\"twitter:image\" content=\"https:\/\/shop.hidalgo.nl\/wp-content\/uploads\/2025\/11\/cropped-Hidalgo-est1993.png\" \/>\n\t\t<script type=\"application\/ld+json\" class=\"aioseo-schema\">\n\t\t\t{\"@context\":\"https:\\\/\\\/schema.org\",\"@graph\":[{\"@type\":\"BreadcrumbList\",\"@id\":\"https:\\\/\\\/hidalgo.nl\\\/de\\\/product\\\/847656\\\/pizzabrett-bambus-vale-bedrucken-schneidrillen-3-teilig\\\/#breadcrumblist\",\"itemListElement\":[{\"@type\":\"ListItem\",\"@id\":\"https:\\\/\\\/hidalgo.nl\\\/de\\\/#listItem\",\"position\":1,\"name\":\"Home\",\"item\":\"https:\\\/\\\/hidalgo.nl\\\/de\\\/\",\"nextItem\":{\"@type\":\"ListItem\",\"@id\":\"https:\\\/\\\/hidalgo.nl\\\/example\\\/#listItem\",\"name\":\"example\"}},{\"@type\":\"ListItem\",\"@id\":\"https:\\\/\\\/hidalgo.nl\\\/example\\\/#listItem\",\"position\":2,\"name\":\"example\",\"item\":\"https:\\\/\\\/hidalgo.nl\\\/example\\\/\",\"nextItem\":{\"@type\":\"ListItem\",\"@id\":\"https:\\\/\\\/hidalgo.nl\\\/en\\\/product-supplier\\\/a58\\\/#listItem\",\"name\":\"A58\"},\"previousItem\":{\"@type\":\"ListItem\",\"@id\":\"https:\\\/\\\/hidalgo.nl\\\/de\\\/#listItem\",\"name\":\"Home\"}},{\"@type\":\"ListItem\",\"@id\":\"https:\\\/\\\/hidalgo.nl\\\/en\\\/product-supplier\\\/a58\\\/#listItem\",\"position\":3,\"name\":\"A58\",\"item\":\"https:\\\/\\\/hidalgo.nl\\\/en\\\/product-supplier\\\/a58\\\/\",\"nextItem\":{\"@type\":\"ListItem\",\"@id\":\"https:\\\/\\\/hidalgo.nl\\\/de\\\/product\\\/847656\\\/pizzabrett-bambus-vale-bedrucken-schneidrillen-3-teilig\\\/#listItem\",\"name\":\"Bamboe pizzaplank Vale\"},\"previousItem\":{\"@type\":\"ListItem\",\"@id\":\"https:\\\/\\\/hidalgo.nl\\\/example\\\/#listItem\",\"name\":\"example\"}},{\"@type\":\"ListItem\",\"@id\":\"https:\\\/\\\/hidalgo.nl\\\/de\\\/product\\\/847656\\\/pizzabrett-bambus-vale-bedrucken-schneidrillen-3-teilig\\\/#listItem\",\"position\":4,\"name\":\"Bamboe pizzaplank Vale\",\"previousItem\":{\"@type\":\"ListItem\",\"@id\":\"https:\\\/\\\/hidalgo.nl\\\/en\\\/product-supplier\\\/a58\\\/#listItem\",\"name\":\"A58\"}}]},{\"@type\":\"Organization\",\"@id\":\"https:\\\/\\\/hidalgo.nl\\\/de\\\/#organization\",\"name\":\"Hidalgo\",\"url\":\"https:\\\/\\\/hidalgo.nl\\\/de\\\/\",\"logo\":{\"@type\":\"ImageObject\",\"url\":\"https:\\\/\\\/shop.hidalgo.nl\\\/wp-content\\\/uploads\\\/2025\\\/11\\\/cropped-Hidalgo-est1993.png\",\"@id\":\"https:\\\/\\\/hidalgo.nl\\\/de\\\/product\\\/847656\\\/pizzabrett-bambus-vale-bedrucken-schneidrillen-3-teilig\\\/#organizationLogo\",\"width\":585,\"height\":195},\"image\":{\"@id\":\"https:\\\/\\\/hidalgo.nl\\\/de\\\/product\\\/847656\\\/pizzabrett-bambus-vale-bedrucken-schneidrillen-3-teilig\\\/#organizationLogo\"}},{\"@type\":\"ProductGroup\",\"@id\":\"https:\\\/\\\/hidalgo.nl\\\/de\\\/product\\\/847656\\\/pizzabrett-bambus-vale-bedrucken-schneidrillen-3-teilig\\\/#wooCommerceProduct\",\"name\":\"Pizzabrett Bambus Vale bedrucken Schneidrillen 3-teilig\",\"url\":\"https:\\\/\\\/hidalgo.nl\\\/de\\\/product\\\/847656\\\/pizzabrett-bambus-vale-bedrucken-schneidrillen-3-teilig\\\/\",\"brand\":{\"@type\":\"Brand\",\"name\":\"IMPRESSION\"},\"sku\":\"A58-1267535\",\"image\":{\"@type\":\"ImageObject\",\"url\":\"https:\\\/\\\/shop.hidalgo.nl\\\/wp-content\\\/uploads\\\/2025\\\/04\\\/59cd72e5aaccaf95d98c80c479e947323c9172d1e98fd339d2879fa4d8066985.jpg\",\"@id\":\"https:\\\/\\\/hidalgo.nl\\\/de\\\/product\\\/847656\\\/pizzabrett-bambus-vale-bedrucken-schneidrillen-3-teilig\\\/#productImage\"},\"productGroupID\":847656,\"hasVariant\":[{\"@type\":\"Product\",\"@id\":\"https:\\\/\\\/hidalgo.nl\\\/de\\\/product\\\/847656\\\/pizzabrett-bambus-vale-bedrucken-schneidrillen-3-teilig\\\/#wooCommerceProduct\",\"name\":\"Bamboe pizzaplank Vale - bruin, standaard-uitvoering\",\"url\":\"https:\\\/\\\/hidalgo.nl\\\/de\\\/product\\\/847656\\\/pizzabrett-bambus-vale-bedrucken-schneidrillen-3-teilig\\\/\",\"sku\":\"A58-1267535-011999999\",\"gtin\":\"8719446073289\",\"image\":{\"@type\":\"ImageObject\",\"url\":\"https:\\\/\\\/shop.hidalgo.nl\\\/wp-content\\\/uploads\\\/2025\\\/04\\\/82bd9168a743025e237a7006f6e97617d2e006697fc56fbf50e071d721d861b2.jpg\",\"@id\":\"https:\\\/\\\/hidalgo.nl\\\/de\\\/product\\\/847656\\\/pizzabrett-bambus-vale-bedrucken-schneidrillen-3-teilig\\\/#productImage\"},\"offers\":{\"@type\":\"Offer\",\"url\":\"https:\\\/\\\/hidalgo.nl\\\/de\\\/product\\\/847656\\\/pizzabrett-bambus-vale-bedrucken-schneidrillen-3-teilig\\\/#wooCommerceOffer\",\"price\":\"18.89\",\"priceCurrency\":\"EUR\",\"category\":\"Promotionele Artikelen\",\"availability\":\"https:\\\/\\\/schema.org\\\/InStock\",\"priceSpecification\":{\"@type\":\"PriceSpecification\",\"price\":18.89,\"priceCurrency\":\"EUR\",\"valueAddedTaxIncluded\":\"true\"}}}]},{\"@type\":\"WebPage\",\"@id\":\"https:\\\/\\\/hidalgo.nl\\\/de\\\/product\\\/847656\\\/pizzabrett-bambus-vale-bedrucken-schneidrillen-3-teilig\\\/#webpage\",\"url\":\"https:\\\/\\\/hidalgo.nl\\\/de\\\/product\\\/847656\\\/pizzabrett-bambus-vale-bedrucken-schneidrillen-3-teilig\\\/\",\"name\":\"Pizzabrett Bambus Vale bedrucken Schneidrillen 3-teilig\",\"description\":\"Dieses 3-teilige Bambus Servierset ist das ideale K\\u00fcchenutensilien Set f\\u00fcr moderne Pizza-Abende. Du erh\\u00e4ltst ein robustes Brett inklusive Schneider & Spatel. Mache dieses praktische Werbegeschenk mit deinem Logo per hochwertiger Lasergravur zu einem unvergesslichen Blickfang.\",\"inLanguage\":\"de-DE\",\"isPartOf\":{\"@id\":\"https:\\\/\\\/hidalgo.nl\\\/de\\\/#website\"},\"breadcrumb\":{\"@id\":\"https:\\\/\\\/hidalgo.nl\\\/de\\\/product\\\/847656\\\/pizzabrett-bambus-vale-bedrucken-schneidrillen-3-teilig\\\/#breadcrumblist\"},\"image\":{\"@type\":\"ImageObject\",\"url\":\"https:\\\/\\\/shop.hidalgo.nl\\\/wp-content\\\/uploads\\\/2025\\\/04\\\/59cd72e5aaccaf95d98c80c479e947323c9172d1e98fd339d2879fa4d8066985.jpg\",\"@id\":\"https:\\\/\\\/hidalgo.nl\\\/de\\\/product\\\/847656\\\/pizzabrett-bambus-vale-bedrucken-schneidrillen-3-teilig\\\/#mainImage\"},\"primaryImageOfPage\":{\"@id\":\"https:\\\/\\\/hidalgo.nl\\\/de\\\/product\\\/847656\\\/pizzabrett-bambus-vale-bedrucken-schneidrillen-3-teilig\\\/#mainImage\"},\"datePublished\":\"2026-02-16T11:22:32+00:00\",\"dateModified\":\"2026-03-13T13:54:39+00:00\"},{\"@type\":\"WebSite\",\"@id\":\"https:\\\/\\\/hidalgo.nl\\\/de\\\/#website\",\"url\":\"https:\\\/\\\/hidalgo.nl\\\/de\\\/\",\"name\":\"Hidalgo\",\"inLanguage\":\"de-DE\",\"publisher\":{\"@id\":\"https:\\\/\\\/hidalgo.nl\\\/de\\\/#organization\"}}]}\n\t\t<\/script>\n\t\t<!-- All in One SEO Pro -->\r\n\t\t<title>Pizzabrett Bambus Vale bedrucken Schneidrillen 3-teilig<\/title>\n\n","aioseo_head_json":{"title":"Pizzabrett Bambus Vale bedrucken Schneidrillen 3-teilig","description":"Dieses 3-teilige Bambus Servierset ist das ideale K\u00fcchenutensilien Set f\u00fcr moderne Pizza-Abende. Du erh\u00e4ltst ein robustes Brett inklusive Schneider & Spatel. Mache dieses praktische Werbegeschenk mit deinem Logo per hochwertiger Lasergravur zu einem unvergesslichen Blickfang.","canonical_url":"https:\/\/hidalgo.nl\/de\/wp-json\/wp\/v2\/product\/847656","robots":"max-image-preview:large","keywords":"","webmasterTools":{"miscellaneous":""},"schema":{"@context":"https:\/\/schema.org","@graph":[{"@type":"BreadcrumbList","@id":"https:\/\/hidalgo.nl\/de\/product\/847656\/pizzabrett-bambus-vale-bedrucken-schneidrillen-3-teilig\/#breadcrumblist","itemListElement":[{"@type":"ListItem","@id":"https:\/\/hidalgo.nl\/de\/#listItem","position":1,"name":"Home","item":"https:\/\/hidalgo.nl\/de\/","nextItem":{"@type":"ListItem","@id":"https:\/\/hidalgo.nl\/example\/#listItem","name":"example"}},{"@type":"ListItem","@id":"https:\/\/hidalgo.nl\/example\/#listItem","position":2,"name":"example","item":"https:\/\/hidalgo.nl\/example\/","nextItem":{"@type":"ListItem","@id":"https:\/\/hidalgo.nl\/en\/product-supplier\/a58\/#listItem","name":"A58"},"previousItem":{"@type":"ListItem","@id":"https:\/\/hidalgo.nl\/de\/#listItem","name":"Home"}},{"@type":"ListItem","@id":"https:\/\/hidalgo.nl\/en\/product-supplier\/a58\/#listItem","position":3,"name":"A58","item":"https:\/\/hidalgo.nl\/en\/product-supplier\/a58\/","nextItem":{"@type":"ListItem","@id":"https:\/\/hidalgo.nl\/de\/product\/847656\/pizzabrett-bambus-vale-bedrucken-schneidrillen-3-teilig\/#listItem","name":"Bamboe pizzaplank Vale"},"previousItem":{"@type":"ListItem","@id":"https:\/\/hidalgo.nl\/example\/#listItem","name":"example"}},{"@type":"ListItem","@id":"https:\/\/hidalgo.nl\/de\/product\/847656\/pizzabrett-bambus-vale-bedrucken-schneidrillen-3-teilig\/#listItem","position":4,"name":"Bamboe pizzaplank Vale","previousItem":{"@type":"ListItem","@id":"https:\/\/hidalgo.nl\/en\/product-supplier\/a58\/#listItem","name":"A58"}}]},{"@type":"Organization","@id":"https:\/\/hidalgo.nl\/de\/#organization","name":"Hidalgo","url":"https:\/\/hidalgo.nl\/de\/","logo":{"@type":"ImageObject","url":"https:\/\/shop.hidalgo.nl\/wp-content\/uploads\/2025\/11\/cropped-Hidalgo-est1993.png","@id":"https:\/\/hidalgo.nl\/de\/product\/847656\/pizzabrett-bambus-vale-bedrucken-schneidrillen-3-teilig\/#organizationLogo","width":585,"height":195},"image":{"@id":"https:\/\/hidalgo.nl\/de\/product\/847656\/pizzabrett-bambus-vale-bedrucken-schneidrillen-3-teilig\/#organizationLogo"}},{"@type":"ProductGroup","@id":"https:\/\/hidalgo.nl\/de\/product\/847656\/pizzabrett-bambus-vale-bedrucken-schneidrillen-3-teilig\/#wooCommerceProduct","name":"Pizzabrett Bambus Vale bedrucken Schneidrillen 3-teilig","url":"https:\/\/hidalgo.nl\/de\/product\/847656\/pizzabrett-bambus-vale-bedrucken-schneidrillen-3-teilig\/","brand":{"@type":"Brand","name":"IMPRESSION"},"sku":"A58-1267535","image":{"@type":"ImageObject","url":"https:\/\/shop.hidalgo.nl\/wp-content\/uploads\/2025\/04\/59cd72e5aaccaf95d98c80c479e947323c9172d1e98fd339d2879fa4d8066985.jpg","@id":"https:\/\/hidalgo.nl\/de\/product\/847656\/pizzabrett-bambus-vale-bedrucken-schneidrillen-3-teilig\/#productImage"},"productGroupID":847656,"hasVariant":[{"@type":"Product","@id":"https:\/\/hidalgo.nl\/de\/product\/847656\/pizzabrett-bambus-vale-bedrucken-schneidrillen-3-teilig\/#wooCommerceProduct","name":"Bamboe pizzaplank Vale - bruin, standaard-uitvoering","url":"https:\/\/hidalgo.nl\/de\/product\/847656\/pizzabrett-bambus-vale-bedrucken-schneidrillen-3-teilig\/","sku":"A58-1267535-011999999","gtin":"8719446073289","image":{"@type":"ImageObject","url":"https:\/\/shop.hidalgo.nl\/wp-content\/uploads\/2025\/04\/82bd9168a743025e237a7006f6e97617d2e006697fc56fbf50e071d721d861b2.jpg","@id":"https:\/\/hidalgo.nl\/de\/product\/847656\/pizzabrett-bambus-vale-bedrucken-schneidrillen-3-teilig\/#productImage"},"offers":{"@type":"Offer","url":"https:\/\/hidalgo.nl\/de\/product\/847656\/pizzabrett-bambus-vale-bedrucken-schneidrillen-3-teilig\/#wooCommerceOffer","price":"18.89","priceCurrency":"EUR","category":"Promotionele Artikelen","availability":"https:\/\/schema.org\/InStock","priceSpecification":{"@type":"PriceSpecification","price":18.89,"priceCurrency":"EUR","valueAddedTaxIncluded":"true"}}}]},{"@type":"WebPage","@id":"https:\/\/hidalgo.nl\/de\/product\/847656\/pizzabrett-bambus-vale-bedrucken-schneidrillen-3-teilig\/#webpage","url":"https:\/\/hidalgo.nl\/de\/product\/847656\/pizzabrett-bambus-vale-bedrucken-schneidrillen-3-teilig\/","name":"Pizzabrett Bambus Vale bedrucken Schneidrillen 3-teilig","description":"Dieses 3-teilige Bambus Servierset ist das ideale K\u00fcchenutensilien Set f\u00fcr moderne Pizza-Abende. Du erh\u00e4ltst ein robustes Brett inklusive Schneider & Spatel. Mache dieses praktische Werbegeschenk mit deinem Logo per hochwertiger Lasergravur zu einem unvergesslichen Blickfang.","inLanguage":"de-DE","isPartOf":{"@id":"https:\/\/hidalgo.nl\/de\/#website"},"breadcrumb":{"@id":"https:\/\/hidalgo.nl\/de\/product\/847656\/pizzabrett-bambus-vale-bedrucken-schneidrillen-3-teilig\/#breadcrumblist"},"image":{"@type":"ImageObject","url":"https:\/\/shop.hidalgo.nl\/wp-content\/uploads\/2025\/04\/59cd72e5aaccaf95d98c80c479e947323c9172d1e98fd339d2879fa4d8066985.jpg","@id":"https:\/\/hidalgo.nl\/de\/product\/847656\/pizzabrett-bambus-vale-bedrucken-schneidrillen-3-teilig\/#mainImage"},"primaryImageOfPage":{"@id":"https:\/\/hidalgo.nl\/de\/product\/847656\/pizzabrett-bambus-vale-bedrucken-schneidrillen-3-teilig\/#mainImage"},"datePublished":"2026-02-16T11:22:32+00:00","dateModified":"2026-03-13T13:54:39+00:00"},{"@type":"WebSite","@id":"https:\/\/hidalgo.nl\/de\/#website","url":"https:\/\/hidalgo.nl\/de\/","name":"Hidalgo","inLanguage":"de-DE","publisher":{"@id":"https:\/\/hidalgo.nl\/de\/#organization"}}]},"og:locale":"de_DE","og:site_name":"Hidalgo -","og:type":"article","og:title":"Pizzabrett Bambus Vale bedrucken Schneidrillen 3-teilig","og:description":"Dieses 3-teilige Bambus Servierset ist das ideale K\u00fcchenutensilien Set f\u00fcr moderne Pizza-Abende. Du erh\u00e4ltst ein robustes Brett inklusive Schneider &amp; Spatel. Mache dieses praktische Werbegeschenk mit deinem Logo per hochwertiger Lasergravur zu einem unvergesslichen Blickfang.","og:url":"https:\/\/hidalgo.nl\/de\/wp-json\/wp\/v2\/product\/847656","og:image":"https:\/\/shop.hidalgo.nl\/wp-content\/uploads\/2025\/11\/cropped-Hidalgo-est1993.png","og:image:secure_url":"https:\/\/shop.hidalgo.nl\/wp-content\/uploads\/2025\/11\/cropped-Hidalgo-est1993.png","article:published_time":"2026-02-16T11:22:32+00:00","article:modified_time":"2026-03-13T13:54:39+00:00","twitter:card":"summary_large_image","twitter:title":"Pizzabrett Bambus Vale bedrucken Schneidrillen 3-teilig","twitter:description":"Dieses 3-teilige Bambus Servierset ist das ideale K\u00fcchenutensilien Set f\u00fcr moderne Pizza-Abende. Du erh\u00e4ltst ein robustes Brett inklusive Schneider &amp; Spatel. Mache dieses praktische Werbegeschenk mit deinem Logo per hochwertiger Lasergravur zu einem unvergesslichen Blickfang.","twitter:image":"https:\/\/shop.hidalgo.nl\/wp-content\/uploads\/2025\/11\/cropped-Hidalgo-est1993.png"},"aioseo_meta_data":{"post_id":"847656","title":null,"description":null,"keywords":null,"keyphrases":null,"primary_term":null,"canonical_url":null,"og_title":null,"og_description":null,"og_object_type":"default","og_image_type":"default","og_image_url":null,"og_image_width":null,"og_image_height":null,"og_image_custom_url":null,"og_image_custom_fields":null,"og_video":null,"og_custom_url":null,"og_article_section":null,"og_article_tags":null,"twitter_use_og":false,"twitter_card":"default","twitter_image_type":"default","twitter_image_url":null,"twitter_image_custom_url":null,"twitter_image_custom_fields":null,"twitter_title":null,"twitter_description":null,"schema":{"blockGraphs":[],"customGraphs":[],"default":{"data":{"Article":[],"Course":[],"Dataset":[],"FAQPage":[],"Movie":[],"Person":[],"Product":[],"ProductReview":[],"Car":[],"Recipe":[],"Service":[],"SoftwareApplication":[],"WebPage":[]},"graphName":"","isEnabled":true},"graphs":[]},"schema_type":"default","schema_type_options":null,"pillar_content":false,"robots_default":true,"robots_noindex":false,"robots_noarchive":false,"robots_nosnippet":false,"robots_nofollow":false,"robots_noimageindex":false,"robots_noodp":false,"robots_notranslate":false,"robots_max_snippet":null,"robots_max_videopreview":null,"robots_max_imagepreview":"large","priority":null,"frequency":null,"local_seo":null,"seo_analyzer_scan_date":"2026-02-17 10:04:20","breadcrumb_settings":null,"limit_modified_date":false,"reviewed_by":null,"open_ai":null,"ai":null,"created":"2026-02-16 11:26:16","updated":"2026-04-23 17:32:24"},"aioseo_breadcrumb":"<div class=\"aioseo-breadcrumbs\"><span class=\"aioseo-breadcrumb\">\n\t<a href=\"https:\/\/hidalgo.nl\/de\/\" title=\"Home\">Home<\/a>\n<\/span><span class=\"aioseo-breadcrumb-separator\">\u00bb<\/span><span class=\"aioseo-breadcrumb\">\n\t<a href=\"https:\/\/hidalgo.nl\/example\/\" title=\"example\">example<\/a>\n<\/span><span class=\"aioseo-breadcrumb-separator\">\u00bb<\/span><span class=\"aioseo-breadcrumb\">\n\t<a href=\"https:\/\/hidalgo.nl\/en\/product-supplier\/a58\/\" title=\"A58\">A58<\/a>\n<\/span><span class=\"aioseo-breadcrumb-separator\">\u00bb<\/span><span class=\"aioseo-breadcrumb\">\n\tBamboe pizzaplank Vale\n<\/span><\/div>","aioseo_breadcrumb_json":[{"label":"Home","link":"https:\/\/hidalgo.nl\/de\/"},{"label":"example","link":"https:\/\/hidalgo.nl\/example\/"},{"label":"A58","link":"https:\/\/hidalgo.nl\/en\/product-supplier\/a58\/"},{"label":"Bamboe pizzaplank Vale","link":"https:\/\/hidalgo.nl\/de\/product\/847656\/pizzabrett-bambus-vale-bedrucken-schneidrillen-3-teilig\/"}],"_links":{"self":[{"href":"https:\/\/hidalgo.nl\/de\/wp-json\/wp\/v2\/product\/847656","targetHints":{"allow":["GET"]}}],"collection":[{"href":"https:\/\/hidalgo.nl\/de\/wp-json\/wp\/v2\/product"}],"about":[{"href":"https:\/\/hidalgo.nl\/de\/wp-json\/wp\/v2\/types\/product"}],"wp:featuredmedia":[{"embeddable":true,"href":"https:\/\/hidalgo.nl\/de\/wp-json\/wp\/v2\/media\/847882"}],"wp:attachment":[{"href":"https:\/\/hidalgo.nl\/de\/wp-json\/wp\/v2\/media?parent=847656"}],"wp:term":[{"taxonomy":"product_brand","embeddable":true,"href":"https:\/\/hidalgo.nl\/de\/wp-json\/wp\/v2\/product_brand?post=847656"},{"taxonomy":"product_cat","embeddable":true,"href":"https:\/\/hidalgo.nl\/de\/wp-json\/wp\/v2\/product_cat?post=847656"},{"taxonomy":"product_tag","embeddable":true,"href":"https:\/\/hidalgo.nl\/de\/wp-json\/wp\/v2\/product_tag?post=847656"}],"curies":[{"name":"wp","href":"https:\/\/api.w.org\/{rel}","templated":true}]}}