{"id":846095,"date":"2026-02-16T10:51:46","date_gmt":"2026-02-16T10:51:46","guid":{"rendered":"https:\/\/hidalgo.nl\/product\/houten-kerstornament-kerstbal\/"},"modified":"2026-04-24T07:42:36","modified_gmt":"2026-04-24T07:42:36","slug":"houten-kerstornament-kerstbal","status":"publish","type":"product","link":"https:\/\/hidalgo.nl\/de\/product\/846095\/holz-weihnachtskugel-bedrucken-nachhaltig-natur-oe-6cm\/","title":{"rendered":"Houten kerstornament kerstbal"},"content":{"rendered":"<p>Vier het seizoen met dit charmante houten ornament in de vorm van een kerstbal. Dankzij de klassieke vorm en het ruime bedrukkingsoppervlak is het perfect om een uniek aandenken aan de feestdagen te cre\u00ebren en cadeau te geven. Ideaal voor het versieren van kerstbomen, kransen of feestelijke displays.<\/p>\n","protected":false},"excerpt":{"rendered":"<p>Vier het seizoen met dit charmante houten ornament in de vorm van een kerstbal. Dankzij de klassieke vorm en het ruime bedrukkingsoppervlak is het perfect om een uniek aandenken aan de feestdagen te cre\u00ebren en cadeau te geven. Ideaal voor het versieren van kerstbomen, kransen of feestelijke displays.<\/p>\n","protected":false},"featured_media":846201,"template":"","meta":{"_acf_changed":false,"om_disable_all_campaigns":false,"_monsterinsights_skip_tracking":false,"_monsterinsights_sitenote_active":false,"_monsterinsights_sitenote_note":"","_monsterinsights_sitenote_category":0},"product_brand":[],"product_cat":[4768,4719],"product_tag":[],"class_list":{"0":"post-846095","1":"product","2":"type-product","3":"status-publish","4":"has-post-thumbnail","6":"product_supplier-a53","7":"product_cat-kerst","8":"product_cat-promotionele-artikelen","9":"entry","11":"first","12":"outofstock","13":"taxable","14":"shipping-taxable","15":"purchasable","16":"product-type-variable"},"acf":{"imprint_cost":[{"imprint_cost_key":"e590e886b57e8dd43ab79f07a4c384a2d0a97893","product_quantity_price_range":[{"imprint_cost_recommended_selling_price":"1.02","imprint_cost_recommended_selling_quantity":"1"},{"imprint_cost_recommended_selling_price":"0.84","imprint_cost_recommended_selling_quantity":"10"},{"imprint_cost_recommended_selling_price":"0.675","imprint_cost_recommended_selling_quantity":"25"},{"imprint_cost_recommended_selling_price":"0.6","imprint_cost_recommended_selling_quantity":"50"},{"imprint_cost_recommended_selling_price":"0.54","imprint_cost_recommended_selling_quantity":"100"},{"imprint_cost_recommended_selling_price":"0.42","imprint_cost_recommended_selling_quantity":"250"},{"imprint_cost_recommended_selling_price":"0.375","imprint_cost_recommended_selling_quantity":"500"},{"imprint_cost_recommended_selling_price":"0.345","imprint_cost_recommended_selling_quantity":"1000"},{"imprint_cost_recommended_selling_price":"0.33","imprint_cost_recommended_selling_quantity":"2500"},{"imprint_cost_recommended_selling_price":"0.315","imprint_cost_recommended_selling_quantity":"5000"},{"imprint_cost_recommended_selling_price":"0.3","imprint_cost_recommended_selling_quantity":"10000"}],"product_quantity_price_range_buying":[{"imprint_cost_general_buying_price":"0.68","imprint_cost_general_buying_quantity":"1"},{"imprint_cost_general_buying_price":"0.56","imprint_cost_general_buying_quantity":"10"},{"imprint_cost_general_buying_price":"0.45","imprint_cost_general_buying_quantity":"25"},{"imprint_cost_general_buying_price":"0.4","imprint_cost_general_buying_quantity":"50"},{"imprint_cost_general_buying_price":"0.36","imprint_cost_general_buying_quantity":"100"},{"imprint_cost_general_buying_price":"0.28","imprint_cost_general_buying_quantity":"250"},{"imprint_cost_general_buying_price":"0.25","imprint_cost_general_buying_quantity":"500"},{"imprint_cost_general_buying_price":"0.23","imprint_cost_general_buying_quantity":"1000"},{"imprint_cost_general_buying_price":"0.22","imprint_cost_general_buying_quantity":"2500"},{"imprint_cost_general_buying_price":"0.21","imprint_cost_general_buying_quantity":"5000"},{"imprint_cost_general_buying_price":"0.2","imprint_cost_general_buying_quantity":"10000"}],"imprint_cost_setup_costs":"54","imprint_cost_handling_costs":"0"},{"imprint_cost_key":"5de82960634d5ef26e6b823e934a2e25a958f1e5","product_quantity_price_range":[{"imprint_cost_recommended_selling_price":"0.63","imprint_cost_recommended_selling_quantity":"1"},{"imprint_cost_recommended_selling_price":"0.54","imprint_cost_recommended_selling_quantity":"10"},{"imprint_cost_recommended_selling_price":"0.465","imprint_cost_recommended_selling_quantity":"25"},{"imprint_cost_recommended_selling_price":"0.39","imprint_cost_recommended_selling_quantity":"50"},{"imprint_cost_recommended_selling_price":"0.315","imprint_cost_recommended_selling_quantity":"100"},{"imprint_cost_recommended_selling_price":"0.27","imprint_cost_recommended_selling_quantity":"250"},{"imprint_cost_recommended_selling_price":"0.24","imprint_cost_recommended_selling_quantity":"500"},{"imprint_cost_recommended_selling_price":"0.225","imprint_cost_recommended_selling_quantity":"1000"},{"imprint_cost_recommended_selling_price":"0.21","imprint_cost_recommended_selling_quantity":"2500"},{"imprint_cost_recommended_selling_price":"0.195","imprint_cost_recommended_selling_quantity":"5000"},{"imprint_cost_recommended_selling_price":"0.165","imprint_cost_recommended_selling_quantity":"10000"}],"product_quantity_price_range_buying":[{"imprint_cost_general_buying_price":"0.42","imprint_cost_general_buying_quantity":"1"},{"imprint_cost_general_buying_price":"0.36","imprint_cost_general_buying_quantity":"10"},{"imprint_cost_general_buying_price":"0.31","imprint_cost_general_buying_quantity":"25"},{"imprint_cost_general_buying_price":"0.26","imprint_cost_general_buying_quantity":"50"},{"imprint_cost_general_buying_price":"0.21","imprint_cost_general_buying_quantity":"100"},{"imprint_cost_general_buying_price":"0.18","imprint_cost_general_buying_quantity":"250"},{"imprint_cost_general_buying_price":"0.16","imprint_cost_general_buying_quantity":"500"},{"imprint_cost_general_buying_price":"0.15","imprint_cost_general_buying_quantity":"1000"},{"imprint_cost_general_buying_price":"0.14","imprint_cost_general_buying_quantity":"2500"},{"imprint_cost_general_buying_price":"0.13","imprint_cost_general_buying_quantity":"5000"},{"imprint_cost_general_buying_price":"0.11","imprint_cost_general_buying_quantity":"10000"}],"imprint_cost_setup_costs":"54","imprint_cost_handling_costs":"0"}]},"aioseo_notices":[],"aioseo_head":"\n\t\t<!-- All in One SEO Pro 4.9.6.2 - aioseo.com -->\n\t<meta name=\"description\" content=\"Lass dein Logo pr\u00e4zise auf die Weihnachtskugel aus Holz drucken - ideal f\u00fcr Baum, Kranz und Weihnachtsaktionen. Nachhaltiges Werbegeschenk mit gro\u00dfer Druckfl\u00e4che; leicht, nat\u00fcrlich und perfekt f\u00fcr Startups, Vereine und junge Teams.\" \/>\n\t<meta name=\"robots\" content=\"max-image-preview:large\" \/>\n\t<link rel=\"canonical\" href=\"https:\/\/hidalgo.nl\/de\/wp-json\/wp\/v2\/product\/846095\" \/>\n\t<meta name=\"generator\" content=\"All in One SEO Pro (AIOSEO) 4.9.6.2\" \/>\n\t\t<meta property=\"og:locale\" content=\"de_DE\" \/>\n\t\t<meta property=\"og:site_name\" content=\"Hidalgo -\" \/>\n\t\t<meta property=\"og:type\" content=\"article\" \/>\n\t\t<meta property=\"og:title\" content=\"Holz-Weihnachtskugel bedrucken nachhaltig Natur \u00d8 6cm\" \/>\n\t\t<meta property=\"og:description\" content=\"Lass dein Logo pr\u00e4zise auf die Weihnachtskugel aus Holz drucken - ideal f\u00fcr Baum, Kranz und Weihnachtsaktionen. Nachhaltiges Werbegeschenk mit gro\u00dfer Druckfl\u00e4che; leicht, nat\u00fcrlich und perfekt f\u00fcr Startups, Vereine und junge Teams.\" \/>\n\t\t<meta property=\"og:url\" content=\"https:\/\/hidalgo.nl\/de\/wp-json\/wp\/v2\/product\/846095\" \/>\n\t\t<meta property=\"og:image\" content=\"https:\/\/shop.hidalgo.nl\/wp-content\/uploads\/2025\/11\/cropped-Hidalgo-est1993.png\" \/>\n\t\t<meta property=\"og:image:secure_url\" content=\"https:\/\/shop.hidalgo.nl\/wp-content\/uploads\/2025\/11\/cropped-Hidalgo-est1993.png\" \/>\n\t\t<meta property=\"article:published_time\" content=\"2026-02-16T10:51:46+00:00\" \/>\n\t\t<meta property=\"article:modified_time\" content=\"2026-04-24T07:42:36+00:00\" \/>\n\t\t<meta name=\"twitter:card\" content=\"summary_large_image\" \/>\n\t\t<meta name=\"twitter:title\" content=\"Holz-Weihnachtskugel bedrucken nachhaltig Natur \u00d8 6cm\" \/>\n\t\t<meta name=\"twitter:description\" content=\"Lass dein Logo pr\u00e4zise auf die Weihnachtskugel aus Holz drucken - ideal f\u00fcr Baum, Kranz und Weihnachtsaktionen. Nachhaltiges Werbegeschenk mit gro\u00dfer Druckfl\u00e4che; leicht, nat\u00fcrlich und perfekt f\u00fcr Startups, Vereine und junge Teams.\" \/>\n\t\t<meta name=\"twitter:image\" content=\"https:\/\/shop.hidalgo.nl\/wp-content\/uploads\/2025\/11\/cropped-Hidalgo-est1993.png\" \/>\n\t\t<script type=\"application\/ld+json\" class=\"aioseo-schema\">\n\t\t\t{\"@context\":\"https:\\\/\\\/schema.org\",\"@graph\":[{\"@type\":\"BreadcrumbList\",\"@id\":\"https:\\\/\\\/hidalgo.nl\\\/de\\\/product\\\/846095\\\/holz-weihnachtskugel-bedrucken-nachhaltig-natur-oe-6cm\\\/#breadcrumblist\",\"itemListElement\":[{\"@type\":\"ListItem\",\"@id\":\"https:\\\/\\\/hidalgo.nl\\\/de\\\/#listItem\",\"position\":1,\"name\":\"Home\",\"item\":\"https:\\\/\\\/hidalgo.nl\\\/de\\\/\",\"nextItem\":{\"@type\":\"ListItem\",\"@id\":\"https:\\\/\\\/hidalgo.nl\\\/example\\\/#listItem\",\"name\":\"example\"}},{\"@type\":\"ListItem\",\"@id\":\"https:\\\/\\\/hidalgo.nl\\\/example\\\/#listItem\",\"position\":2,\"name\":\"example\",\"item\":\"https:\\\/\\\/hidalgo.nl\\\/example\\\/\",\"nextItem\":{\"@type\":\"ListItem\",\"@id\":\"https:\\\/\\\/hidalgo.nl\\\/en\\\/product-supplier\\\/a53\\\/#listItem\",\"name\":\"A53\"},\"previousItem\":{\"@type\":\"ListItem\",\"@id\":\"https:\\\/\\\/hidalgo.nl\\\/de\\\/#listItem\",\"name\":\"Home\"}},{\"@type\":\"ListItem\",\"@id\":\"https:\\\/\\\/hidalgo.nl\\\/en\\\/product-supplier\\\/a53\\\/#listItem\",\"position\":3,\"name\":\"A53\",\"item\":\"https:\\\/\\\/hidalgo.nl\\\/en\\\/product-supplier\\\/a53\\\/\",\"nextItem\":{\"@type\":\"ListItem\",\"@id\":\"https:\\\/\\\/hidalgo.nl\\\/de\\\/product\\\/846095\\\/holz-weihnachtskugel-bedrucken-nachhaltig-natur-oe-6cm\\\/#listItem\",\"name\":\"Houten kerstornament kerstbal\"},\"previousItem\":{\"@type\":\"ListItem\",\"@id\":\"https:\\\/\\\/hidalgo.nl\\\/example\\\/#listItem\",\"name\":\"example\"}},{\"@type\":\"ListItem\",\"@id\":\"https:\\\/\\\/hidalgo.nl\\\/de\\\/product\\\/846095\\\/holz-weihnachtskugel-bedrucken-nachhaltig-natur-oe-6cm\\\/#listItem\",\"position\":4,\"name\":\"Houten kerstornament kerstbal\",\"previousItem\":{\"@type\":\"ListItem\",\"@id\":\"https:\\\/\\\/hidalgo.nl\\\/en\\\/product-supplier\\\/a53\\\/#listItem\",\"name\":\"A53\"}}]},{\"@type\":\"Organization\",\"@id\":\"https:\\\/\\\/hidalgo.nl\\\/de\\\/#organization\",\"name\":\"Hidalgo\",\"url\":\"https:\\\/\\\/hidalgo.nl\\\/de\\\/\",\"logo\":{\"@type\":\"ImageObject\",\"url\":\"https:\\\/\\\/shop.hidalgo.nl\\\/wp-content\\\/uploads\\\/2025\\\/11\\\/cropped-Hidalgo-est1993.png\",\"@id\":\"https:\\\/\\\/hidalgo.nl\\\/de\\\/product\\\/846095\\\/holz-weihnachtskugel-bedrucken-nachhaltig-natur-oe-6cm\\\/#organizationLogo\",\"width\":585,\"height\":195},\"image\":{\"@id\":\"https:\\\/\\\/hidalgo.nl\\\/de\\\/product\\\/846095\\\/holz-weihnachtskugel-bedrucken-nachhaltig-natur-oe-6cm\\\/#organizationLogo\"}},{\"@type\":\"WebPage\",\"@id\":\"https:\\\/\\\/hidalgo.nl\\\/de\\\/product\\\/846095\\\/holz-weihnachtskugel-bedrucken-nachhaltig-natur-oe-6cm\\\/#webpage\",\"url\":\"https:\\\/\\\/hidalgo.nl\\\/de\\\/product\\\/846095\\\/holz-weihnachtskugel-bedrucken-nachhaltig-natur-oe-6cm\\\/\",\"name\":\"Holz-Weihnachtskugel bedrucken nachhaltig Natur \\u00d8 6cm\",\"description\":\"Lass dein Logo pr\\u00e4zise auf die Weihnachtskugel aus Holz drucken - ideal f\\u00fcr Baum, Kranz und Weihnachtsaktionen. Nachhaltiges Werbegeschenk mit gro\\u00dfer Druckfl\\u00e4che; leicht, nat\\u00fcrlich und perfekt f\\u00fcr Startups, Vereine und junge Teams.\",\"inLanguage\":\"de-DE\",\"isPartOf\":{\"@id\":\"https:\\\/\\\/hidalgo.nl\\\/de\\\/#website\"},\"breadcrumb\":{\"@id\":\"https:\\\/\\\/hidalgo.nl\\\/de\\\/product\\\/846095\\\/holz-weihnachtskugel-bedrucken-nachhaltig-natur-oe-6cm\\\/#breadcrumblist\"},\"image\":{\"@type\":\"ImageObject\",\"url\":\"https:\\\/\\\/shop.hidalgo.nl\\\/wp-content\\\/uploads\\\/2025\\\/03\\\/755a6c15c46a3f008d7f6fe9415685581d7d52fb575baa9e9c63ad0c8d9d996a.jpg\",\"@id\":\"https:\\\/\\\/hidalgo.nl\\\/de\\\/product\\\/846095\\\/holz-weihnachtskugel-bedrucken-nachhaltig-natur-oe-6cm\\\/#mainImage\"},\"primaryImageOfPage\":{\"@id\":\"https:\\\/\\\/hidalgo.nl\\\/de\\\/product\\\/846095\\\/holz-weihnachtskugel-bedrucken-nachhaltig-natur-oe-6cm\\\/#mainImage\"},\"datePublished\":\"2026-02-16T10:51:46+00:00\",\"dateModified\":\"2026-04-24T07:42:36+00:00\"},{\"@type\":\"WebSite\",\"@id\":\"https:\\\/\\\/hidalgo.nl\\\/de\\\/#website\",\"url\":\"https:\\\/\\\/hidalgo.nl\\\/de\\\/\",\"name\":\"Hidalgo\",\"inLanguage\":\"de-DE\",\"publisher\":{\"@id\":\"https:\\\/\\\/hidalgo.nl\\\/de\\\/#organization\"}}]}\n\t\t<\/script>\n\t\t<!-- All in One SEO Pro -->\r\n\t\t<title>Holz-Weihnachtskugel bedrucken nachhaltig Natur \u00d8 6cm<\/title>\n\n","aioseo_head_json":{"title":"Holz-Weihnachtskugel bedrucken nachhaltig Natur \u00d8 6cm","description":"Lass dein Logo pr\u00e4zise auf die Weihnachtskugel aus Holz drucken - ideal f\u00fcr Baum, Kranz und Weihnachtsaktionen. Nachhaltiges Werbegeschenk mit gro\u00dfer Druckfl\u00e4che; leicht, nat\u00fcrlich und perfekt f\u00fcr Startups, Vereine und junge Teams.","canonical_url":"https:\/\/hidalgo.nl\/de\/wp-json\/wp\/v2\/product\/846095","robots":"max-image-preview:large","keywords":"","webmasterTools":{"miscellaneous":""},"schema":{"@context":"https:\/\/schema.org","@graph":[{"@type":"BreadcrumbList","@id":"https:\/\/hidalgo.nl\/de\/product\/846095\/holz-weihnachtskugel-bedrucken-nachhaltig-natur-oe-6cm\/#breadcrumblist","itemListElement":[{"@type":"ListItem","@id":"https:\/\/hidalgo.nl\/de\/#listItem","position":1,"name":"Home","item":"https:\/\/hidalgo.nl\/de\/","nextItem":{"@type":"ListItem","@id":"https:\/\/hidalgo.nl\/example\/#listItem","name":"example"}},{"@type":"ListItem","@id":"https:\/\/hidalgo.nl\/example\/#listItem","position":2,"name":"example","item":"https:\/\/hidalgo.nl\/example\/","nextItem":{"@type":"ListItem","@id":"https:\/\/hidalgo.nl\/en\/product-supplier\/a53\/#listItem","name":"A53"},"previousItem":{"@type":"ListItem","@id":"https:\/\/hidalgo.nl\/de\/#listItem","name":"Home"}},{"@type":"ListItem","@id":"https:\/\/hidalgo.nl\/en\/product-supplier\/a53\/#listItem","position":3,"name":"A53","item":"https:\/\/hidalgo.nl\/en\/product-supplier\/a53\/","nextItem":{"@type":"ListItem","@id":"https:\/\/hidalgo.nl\/de\/product\/846095\/holz-weihnachtskugel-bedrucken-nachhaltig-natur-oe-6cm\/#listItem","name":"Houten kerstornament kerstbal"},"previousItem":{"@type":"ListItem","@id":"https:\/\/hidalgo.nl\/example\/#listItem","name":"example"}},{"@type":"ListItem","@id":"https:\/\/hidalgo.nl\/de\/product\/846095\/holz-weihnachtskugel-bedrucken-nachhaltig-natur-oe-6cm\/#listItem","position":4,"name":"Houten kerstornament kerstbal","previousItem":{"@type":"ListItem","@id":"https:\/\/hidalgo.nl\/en\/product-supplier\/a53\/#listItem","name":"A53"}}]},{"@type":"Organization","@id":"https:\/\/hidalgo.nl\/de\/#organization","name":"Hidalgo","url":"https:\/\/hidalgo.nl\/de\/","logo":{"@type":"ImageObject","url":"https:\/\/shop.hidalgo.nl\/wp-content\/uploads\/2025\/11\/cropped-Hidalgo-est1993.png","@id":"https:\/\/hidalgo.nl\/de\/product\/846095\/holz-weihnachtskugel-bedrucken-nachhaltig-natur-oe-6cm\/#organizationLogo","width":585,"height":195},"image":{"@id":"https:\/\/hidalgo.nl\/de\/product\/846095\/holz-weihnachtskugel-bedrucken-nachhaltig-natur-oe-6cm\/#organizationLogo"}},{"@type":"WebPage","@id":"https:\/\/hidalgo.nl\/de\/product\/846095\/holz-weihnachtskugel-bedrucken-nachhaltig-natur-oe-6cm\/#webpage","url":"https:\/\/hidalgo.nl\/de\/product\/846095\/holz-weihnachtskugel-bedrucken-nachhaltig-natur-oe-6cm\/","name":"Holz-Weihnachtskugel bedrucken nachhaltig Natur \u00d8 6cm","description":"Lass dein Logo pr\u00e4zise auf die Weihnachtskugel aus Holz drucken - ideal f\u00fcr Baum, Kranz und Weihnachtsaktionen. Nachhaltiges Werbegeschenk mit gro\u00dfer Druckfl\u00e4che; leicht, nat\u00fcrlich und perfekt f\u00fcr Startups, Vereine und junge Teams.","inLanguage":"de-DE","isPartOf":{"@id":"https:\/\/hidalgo.nl\/de\/#website"},"breadcrumb":{"@id":"https:\/\/hidalgo.nl\/de\/product\/846095\/holz-weihnachtskugel-bedrucken-nachhaltig-natur-oe-6cm\/#breadcrumblist"},"image":{"@type":"ImageObject","url":"https:\/\/shop.hidalgo.nl\/wp-content\/uploads\/2025\/03\/755a6c15c46a3f008d7f6fe9415685581d7d52fb575baa9e9c63ad0c8d9d996a.jpg","@id":"https:\/\/hidalgo.nl\/de\/product\/846095\/holz-weihnachtskugel-bedrucken-nachhaltig-natur-oe-6cm\/#mainImage"},"primaryImageOfPage":{"@id":"https:\/\/hidalgo.nl\/de\/product\/846095\/holz-weihnachtskugel-bedrucken-nachhaltig-natur-oe-6cm\/#mainImage"},"datePublished":"2026-02-16T10:51:46+00:00","dateModified":"2026-04-24T07:42:36+00:00"},{"@type":"WebSite","@id":"https:\/\/hidalgo.nl\/de\/#website","url":"https:\/\/hidalgo.nl\/de\/","name":"Hidalgo","inLanguage":"de-DE","publisher":{"@id":"https:\/\/hidalgo.nl\/de\/#organization"}}]},"og:locale":"de_DE","og:site_name":"Hidalgo -","og:type":"article","og:title":"Holz-Weihnachtskugel bedrucken nachhaltig Natur \u00d8 6cm","og:description":"Lass dein Logo pr\u00e4zise auf die Weihnachtskugel aus Holz drucken - ideal f\u00fcr Baum, Kranz und Weihnachtsaktionen. Nachhaltiges Werbegeschenk mit gro\u00dfer Druckfl\u00e4che; leicht, nat\u00fcrlich und perfekt f\u00fcr Startups, Vereine und junge Teams.","og:url":"https:\/\/hidalgo.nl\/de\/wp-json\/wp\/v2\/product\/846095","og:image":"https:\/\/shop.hidalgo.nl\/wp-content\/uploads\/2025\/11\/cropped-Hidalgo-est1993.png","og:image:secure_url":"https:\/\/shop.hidalgo.nl\/wp-content\/uploads\/2025\/11\/cropped-Hidalgo-est1993.png","article:published_time":"2026-02-16T10:51:46+00:00","article:modified_time":"2026-04-24T07:42:36+00:00","twitter:card":"summary_large_image","twitter:title":"Holz-Weihnachtskugel bedrucken nachhaltig Natur \u00d8 6cm","twitter:description":"Lass dein Logo pr\u00e4zise auf die Weihnachtskugel aus Holz drucken - ideal f\u00fcr Baum, Kranz und Weihnachtsaktionen. Nachhaltiges Werbegeschenk mit gro\u00dfer Druckfl\u00e4che; leicht, nat\u00fcrlich und perfekt f\u00fcr Startups, Vereine und junge Teams.","twitter:image":"https:\/\/shop.hidalgo.nl\/wp-content\/uploads\/2025\/11\/cropped-Hidalgo-est1993.png"},"aioseo_meta_data":{"post_id":"846095","title":null,"description":null,"keywords":null,"keyphrases":null,"primary_term":null,"canonical_url":null,"og_title":null,"og_description":null,"og_object_type":"default","og_image_type":"default","og_image_url":null,"og_image_width":null,"og_image_height":null,"og_image_custom_url":null,"og_image_custom_fields":null,"og_video":null,"og_custom_url":null,"og_article_section":null,"og_article_tags":null,"twitter_use_og":false,"twitter_card":"default","twitter_image_type":"default","twitter_image_url":null,"twitter_image_custom_url":null,"twitter_image_custom_fields":null,"twitter_title":null,"twitter_description":null,"schema":{"blockGraphs":[],"customGraphs":[],"default":{"data":{"Article":[],"Course":[],"Dataset":[],"FAQPage":[],"Movie":[],"Person":[],"Product":[],"ProductReview":[],"Car":[],"Recipe":[],"Service":[],"SoftwareApplication":[],"WebPage":[]},"graphName":"","isEnabled":true},"graphs":[]},"schema_type":"default","schema_type_options":null,"pillar_content":false,"robots_default":true,"robots_noindex":false,"robots_noarchive":false,"robots_nosnippet":false,"robots_nofollow":false,"robots_noimageindex":false,"robots_noodp":false,"robots_notranslate":false,"robots_max_snippet":null,"robots_max_videopreview":null,"robots_max_imagepreview":"large","priority":null,"frequency":null,"local_seo":null,"seo_analyzer_scan_date":"2026-02-17 09:48:40","breadcrumb_settings":null,"limit_modified_date":false,"reviewed_by":null,"open_ai":null,"ai":null,"created":"2026-02-16 10:57:18","updated":"2026-04-24 09:07:51"},"aioseo_breadcrumb":"<div class=\"aioseo-breadcrumbs\"><span class=\"aioseo-breadcrumb\">\n\t<a href=\"https:\/\/hidalgo.nl\/de\/\" title=\"Home\">Home<\/a>\n<\/span><span class=\"aioseo-breadcrumb-separator\">\u00bb<\/span><span class=\"aioseo-breadcrumb\">\n\t<a href=\"https:\/\/hidalgo.nl\/example\/\" title=\"example\">example<\/a>\n<\/span><span class=\"aioseo-breadcrumb-separator\">\u00bb<\/span><span class=\"aioseo-breadcrumb\">\n\t<a href=\"https:\/\/hidalgo.nl\/en\/product-supplier\/a53\/\" title=\"A53\">A53<\/a>\n<\/span><span class=\"aioseo-breadcrumb-separator\">\u00bb<\/span><span class=\"aioseo-breadcrumb\">\n\tHouten kerstornament kerstbal\n<\/span><\/div>","aioseo_breadcrumb_json":[{"label":"Home","link":"https:\/\/hidalgo.nl\/de\/"},{"label":"example","link":"https:\/\/hidalgo.nl\/example\/"},{"label":"A53","link":"https:\/\/hidalgo.nl\/en\/product-supplier\/a53\/"},{"label":"Houten kerstornament kerstbal","link":"https:\/\/hidalgo.nl\/de\/product\/846095\/holz-weihnachtskugel-bedrucken-nachhaltig-natur-oe-6cm\/"}],"_links":{"self":[{"href":"https:\/\/hidalgo.nl\/de\/wp-json\/wp\/v2\/product\/846095","targetHints":{"allow":["GET"]}}],"collection":[{"href":"https:\/\/hidalgo.nl\/de\/wp-json\/wp\/v2\/product"}],"about":[{"href":"https:\/\/hidalgo.nl\/de\/wp-json\/wp\/v2\/types\/product"}],"wp:featuredmedia":[{"embeddable":true,"href":"https:\/\/hidalgo.nl\/de\/wp-json\/wp\/v2\/media\/846201"}],"wp:attachment":[{"href":"https:\/\/hidalgo.nl\/de\/wp-json\/wp\/v2\/media?parent=846095"}],"wp:term":[{"taxonomy":"product_brand","embeddable":true,"href":"https:\/\/hidalgo.nl\/de\/wp-json\/wp\/v2\/product_brand?post=846095"},{"taxonomy":"product_cat","embeddable":true,"href":"https:\/\/hidalgo.nl\/de\/wp-json\/wp\/v2\/product_cat?post=846095"},{"taxonomy":"product_tag","embeddable":true,"href":"https:\/\/hidalgo.nl\/de\/wp-json\/wp\/v2\/product_tag?post=846095"}],"curies":[{"name":"wp","href":"https:\/\/api.w.org\/{rel}","templated":true}]}}