{"id":844999,"date":"2026-02-16T10:21:15","date_gmt":"2026-02-16T10:21:15","guid":{"rendered":"https:\/\/hidalgo.nl\/product\/tucano-tugo-dry-cabin-backpack-156-handbagage-rugzak\/"},"modified":"2026-02-26T07:35:43","modified_gmt":"2026-02-26T07:35:43","slug":"tucano-tugo-dry-cabin-backpack-156-handbagage-rugzak","status":"publish","type":"product","link":"https:\/\/hidalgo.nl\/de\/product\/tucano-tugo-dry-cabin-backpack-156-handbagage-rugzak\/","title":{"rendered":"Tucano Tugo Dry Cabin Backpack 15,6&#8243; handbagage rugzak"},"content":{"rendered":"<p>Handbagage rugzak van het Italiaanse merk Tucano. Deze rugzak voldoet aan de afmetingseisen van alle lowcost luchtvaartmaatschappijen. Gemaakt van regenbestendig, met hars gecoat materiaal dat is geproduceerd uit gerecycled kunststof, waaronder 23 gerecyclede PET-flessen. Ook de ritsen zijn bestand tegen de regen. Deze reisvriendelijke cabin-rugzak heeft een ruim binnenvak voor kleding en accessoires, een groot ritsvak aan de voorzijde en een zijvak voor een paraplu of waterfles. Met een gewatteerd vak aan de achterzijde voor het vervoeren van laptops tot 15,6 inch of een MacBook Pro 16 inch. Aan de achterkant zit een verborgen ritsvak voor het opbergen van persoonlijke documenten. De tas is volledig gevoerd. Dankzij de gewatteerde schouderbanden en de twee handgrepen, \u00e9\u00e9n aan de bovenkant en \u00e9\u00e9n aan de zijkant, is deze tas altijd gemakkelijk te dragen. Deze rugzak is ontworpen om te voldoen aan de cabineafmetingen van alle luchtvaartmaatschappijen. Past onder de stoel in het vliegtuig en is daarmee de ideale reisgenoot tijdens vliegreizen.<\/p>\n","protected":false},"excerpt":{"rendered":"<p>Handbagage rugzak van het Italiaanse merk Tucano. Deze rugzak voldoet aan de afmetingseisen van alle lowcost luchtvaartmaatschappijen. Gemaakt van regenbestendig, met hars gecoat materiaal dat is geproduceerd uit gerecycled kunststof, waaronder 23 gerecyclede PET-flessen. Ook de ritsen zijn bestand tegen de regen. Deze reisvriendelijke cabin-rugzak heeft een ruim binnenvak voor kleding en accessoires, een groot&hellip; <a class=\"more-link\" href=\"https:\/\/hidalgo.nl\/de\/product\/tucano-tugo-dry-cabin-backpack-156-handbagage-rugzak\/\"><span class=\"screen-reader-text\">Tucano Tugo Dry Cabin Backpack 15,6&#8243; handbagage rugzak<\/span> weiterlesen<\/a><\/p>\n","protected":false},"featured_media":845000,"template":"","meta":{"_acf_changed":false,"om_disable_all_campaigns":false,"_monsterinsights_skip_tracking":false,"_monsterinsights_sitenote_active":false,"_monsterinsights_sitenote_note":"","_monsterinsights_sitenote_category":0},"product_brand":[1903],"product_cat":[4760,4932,4795,4796,4713],"product_tag":[],"class_list":{"0":"post-844999","1":"product","2":"type-product","3":"status-publish","4":"has-post-thumbnail","6":"product_supplier-a508","7":"product_material-rpet","8":"product_brand-tucano","9":"product_cat-document-tassen","10":"product_cat-document-tassen-laptop-rugtassen","11":"product_cat-rugtassen","12":"product_cat-rugzakken","13":"product_cat-tassen","14":"entry","16":"first","17":"instock","18":"taxable","19":"shipping-taxable","20":"purchasable","21":"product-type-variable"},"acf":{"imprint_cost":[{"imprint_cost_key":"79b1bfa4f8196530a256e2bc7bb40ad5551d14e4","product_quantity_price_range":[{"imprint_cost_recommended_selling_price":"2.34","imprint_cost_recommended_selling_quantity":"1"},{"imprint_cost_recommended_selling_price":"2.07","imprint_cost_recommended_selling_quantity":"25"},{"imprint_cost_recommended_selling_price":"1.44","imprint_cost_recommended_selling_quantity":"50"},{"imprint_cost_recommended_selling_price":"0.96","imprint_cost_recommended_selling_quantity":"100"},{"imprint_cost_recommended_selling_price":"0.75","imprint_cost_recommended_selling_quantity":"250"},{"imprint_cost_recommended_selling_price":"0.63","imprint_cost_recommended_selling_quantity":"500"},{"imprint_cost_recommended_selling_price":"0.57","imprint_cost_recommended_selling_quantity":"1000"},{"imprint_cost_recommended_selling_price":"0.465","imprint_cost_recommended_selling_quantity":"2500"},{"imprint_cost_recommended_selling_price":"0.435","imprint_cost_recommended_selling_quantity":"5000"}],"product_quantity_price_range_buying":[{"imprint_cost_general_buying_price":"1.56","imprint_cost_general_buying_quantity":"1"},{"imprint_cost_general_buying_price":"1.38","imprint_cost_general_buying_quantity":"25"},{"imprint_cost_general_buying_price":"0.96","imprint_cost_general_buying_quantity":"50"},{"imprint_cost_general_buying_price":"0.64","imprint_cost_general_buying_quantity":"100"},{"imprint_cost_general_buying_price":"0.5","imprint_cost_general_buying_quantity":"250"},{"imprint_cost_general_buying_price":"0.42","imprint_cost_general_buying_quantity":"500"},{"imprint_cost_general_buying_price":"0.38","imprint_cost_general_buying_quantity":"1000"},{"imprint_cost_general_buying_price":"0.31","imprint_cost_general_buying_quantity":"2500"},{"imprint_cost_general_buying_price":"0.29","imprint_cost_general_buying_quantity":"5000"}],"imprint_cost_setup_costs":"45","imprint_cost_handling_costs":"0.12"},{"imprint_cost_key":"119d38dfb9d8dc37f29f1ea6b165ed805a147488","product_quantity_price_range":[{"imprint_cost_recommended_selling_price":"2.34","imprint_cost_recommended_selling_quantity":"1"},{"imprint_cost_recommended_selling_price":"2.07","imprint_cost_recommended_selling_quantity":"25"},{"imprint_cost_recommended_selling_price":"1.44","imprint_cost_recommended_selling_quantity":"50"},{"imprint_cost_recommended_selling_price":"0.96","imprint_cost_recommended_selling_quantity":"100"},{"imprint_cost_recommended_selling_price":"0.75","imprint_cost_recommended_selling_quantity":"250"},{"imprint_cost_recommended_selling_price":"0.63","imprint_cost_recommended_selling_quantity":"500"},{"imprint_cost_recommended_selling_price":"0.57","imprint_cost_recommended_selling_quantity":"1000"},{"imprint_cost_recommended_selling_price":"0.465","imprint_cost_recommended_selling_quantity":"2500"},{"imprint_cost_recommended_selling_price":"0.435","imprint_cost_recommended_selling_quantity":"5000"}],"product_quantity_price_range_buying":[{"imprint_cost_general_buying_price":"1.56","imprint_cost_general_buying_quantity":"1"},{"imprint_cost_general_buying_price":"1.38","imprint_cost_general_buying_quantity":"25"},{"imprint_cost_general_buying_price":"0.96","imprint_cost_general_buying_quantity":"50"},{"imprint_cost_general_buying_price":"0.64","imprint_cost_general_buying_quantity":"100"},{"imprint_cost_general_buying_price":"0.5","imprint_cost_general_buying_quantity":"250"},{"imprint_cost_general_buying_price":"0.42","imprint_cost_general_buying_quantity":"500"},{"imprint_cost_general_buying_price":"0.38","imprint_cost_general_buying_quantity":"1000"},{"imprint_cost_general_buying_price":"0.31","imprint_cost_general_buying_quantity":"2500"},{"imprint_cost_general_buying_price":"0.29","imprint_cost_general_buying_quantity":"5000"}],"imprint_cost_setup_costs":"45","imprint_cost_handling_costs":"0.12"}]},"aioseo_notices":[],"aioseo_head":"\n\t\t<!-- All in One SEO Pro 4.9.5.2 - aioseo.com -->\n\t<meta name=\"description\" content=\"Dieses Cabin-Modell von Tucano passt als geeignetes Handgep\u00e4ck unter den Sitz und nimmt Laptops bis 15,6 Zoll sicher mit. Bei Hidalgo l\u00e4sst du es mit deinem Logo bedrucken - ideal f\u00fcr junge Teams und Pendler.\" \/>\n\t<meta name=\"robots\" content=\"max-image-preview:large\" \/>\n\t<link rel=\"canonical\" href=\"https:\/\/hidalgo.nl\/de\/wp-json\/wp\/v2\/product\/844999\" \/>\n\t<meta name=\"generator\" content=\"All in One SEO Pro (AIOSEO) 4.9.5.2\" \/>\n\t\t<meta property=\"og:locale\" content=\"de_DE\" \/>\n\t\t<meta property=\"og:site_name\" content=\"Hidalgo -\" \/>\n\t\t<meta property=\"og:type\" content=\"article\" \/>\n\t\t<meta property=\"og:title\" content=\"Tucano Tugo Dry Cabin Backpack 15,6\u2033 handbagage rugzak\" \/>\n\t\t<meta property=\"og:description\" content=\"Dieses Cabin-Modell von Tucano passt als geeignetes Handgep\u00e4ck unter den Sitz und nimmt Laptops bis 15,6 Zoll sicher mit. Bei Hidalgo l\u00e4sst du es mit deinem Logo bedrucken - ideal f\u00fcr junge Teams und Pendler.\" \/>\n\t\t<meta property=\"og:url\" content=\"https:\/\/hidalgo.nl\/de\/wp-json\/wp\/v2\/product\/844999\" \/>\n\t\t<meta property=\"og:image\" content=\"https:\/\/shop.hidalgo.nl\/wp-content\/uploads\/2025\/11\/cropped-Hidalgo-est1993.png\" \/>\n\t\t<meta property=\"og:image:secure_url\" content=\"https:\/\/shop.hidalgo.nl\/wp-content\/uploads\/2025\/11\/cropped-Hidalgo-est1993.png\" \/>\n\t\t<meta property=\"article:published_time\" content=\"2026-02-16T10:21:15+00:00\" \/>\n\t\t<meta property=\"article:modified_time\" content=\"2026-02-26T07:35:43+00:00\" \/>\n\t\t<meta name=\"twitter:card\" content=\"summary_large_image\" \/>\n\t\t<meta name=\"twitter:title\" content=\"Tucano Tugo Dry Cabin Backpack 15,6\u2033 handbagage rugzak\" \/>\n\t\t<meta name=\"twitter:description\" content=\"Dieses Cabin-Modell von Tucano passt als geeignetes Handgep\u00e4ck unter den Sitz und nimmt Laptops bis 15,6 Zoll sicher mit. Bei Hidalgo l\u00e4sst du es mit deinem Logo bedrucken - ideal f\u00fcr junge Teams und Pendler.\" \/>\n\t\t<meta name=\"twitter:image\" content=\"https:\/\/shop.hidalgo.nl\/wp-content\/uploads\/2025\/11\/cropped-Hidalgo-est1993.png\" \/>\n\t\t<script type=\"application\/ld+json\" class=\"aioseo-schema\">\n\t\t\t{\"@context\":\"https:\\\/\\\/schema.org\",\"@graph\":[{\"@type\":\"BreadcrumbList\",\"@id\":\"https:\\\/\\\/hidalgo.nl\\\/de\\\/product\\\/tucano-tugo-dry-cabin-backpack-156-handbagage-rugzak\\\/#breadcrumblist\",\"itemListElement\":[{\"@type\":\"ListItem\",\"@id\":\"https:\\\/\\\/hidalgo.nl\\\/de\\\/#listItem\",\"position\":1,\"name\":\"Home\",\"item\":\"https:\\\/\\\/hidalgo.nl\\\/de\\\/\",\"nextItem\":{\"@type\":\"ListItem\",\"@id\":\"https:\\\/\\\/hidalgo.nl\\\/example\\\/#listItem\",\"name\":\"example\"}},{\"@type\":\"ListItem\",\"@id\":\"https:\\\/\\\/hidalgo.nl\\\/example\\\/#listItem\",\"position\":2,\"name\":\"example\",\"item\":\"https:\\\/\\\/hidalgo.nl\\\/example\\\/\",\"nextItem\":{\"@type\":\"ListItem\",\"@id\":\"https:\\\/\\\/hidalgo.nl\\\/en\\\/product-supplier\\\/a508\\\/#listItem\",\"name\":\"A508\"},\"previousItem\":{\"@type\":\"ListItem\",\"@id\":\"https:\\\/\\\/hidalgo.nl\\\/de\\\/#listItem\",\"name\":\"Home\"}},{\"@type\":\"ListItem\",\"@id\":\"https:\\\/\\\/hidalgo.nl\\\/en\\\/product-supplier\\\/a508\\\/#listItem\",\"position\":3,\"name\":\"A508\",\"item\":\"https:\\\/\\\/hidalgo.nl\\\/en\\\/product-supplier\\\/a508\\\/\",\"nextItem\":{\"@type\":\"ListItem\",\"@id\":\"https:\\\/\\\/hidalgo.nl\\\/de\\\/product\\\/tucano-tugo-dry-cabin-backpack-156-handbagage-rugzak\\\/#listItem\",\"name\":\"Tucano Tugo Dry Cabin Backpack 15,6&#8243; handbagage rugzak\"},\"previousItem\":{\"@type\":\"ListItem\",\"@id\":\"https:\\\/\\\/hidalgo.nl\\\/example\\\/#listItem\",\"name\":\"example\"}},{\"@type\":\"ListItem\",\"@id\":\"https:\\\/\\\/hidalgo.nl\\\/de\\\/product\\\/tucano-tugo-dry-cabin-backpack-156-handbagage-rugzak\\\/#listItem\",\"position\":4,\"name\":\"Tucano Tugo Dry Cabin Backpack 15,6&#8243; handbagage rugzak\",\"previousItem\":{\"@type\":\"ListItem\",\"@id\":\"https:\\\/\\\/hidalgo.nl\\\/en\\\/product-supplier\\\/a508\\\/#listItem\",\"name\":\"A508\"}}]},{\"@type\":\"ItemPage\",\"@id\":\"https:\\\/\\\/hidalgo.nl\\\/de\\\/product\\\/tucano-tugo-dry-cabin-backpack-156-handbagage-rugzak\\\/#itempage\",\"url\":\"https:\\\/\\\/hidalgo.nl\\\/de\\\/product\\\/tucano-tugo-dry-cabin-backpack-156-handbagage-rugzak\\\/\",\"name\":\"Tucano Tugo Dry Cabin Backpack 15,6\\u2033 handbagage rugzak\",\"description\":\"Dieses Cabin-Modell von Tucano passt als geeignetes Handgep\\u00e4ck unter den Sitz und nimmt Laptops bis 15,6 Zoll sicher mit. Bei Hidalgo l\\u00e4sst du es mit deinem Logo bedrucken - ideal f\\u00fcr junge Teams und Pendler.\",\"inLanguage\":\"de-DE\",\"isPartOf\":{\"@id\":\"https:\\\/\\\/hidalgo.nl\\\/de\\\/#website\"},\"breadcrumb\":{\"@id\":\"https:\\\/\\\/hidalgo.nl\\\/de\\\/product\\\/tucano-tugo-dry-cabin-backpack-156-handbagage-rugzak\\\/#breadcrumblist\"},\"image\":{\"@type\":\"ImageObject\",\"url\":\"https:\\\/\\\/shop.hidalgo.nl\\\/wp-content\\\/uploads\\\/2025\\\/11\\\/8e02df166ca2b52e02af272eea92ecff9174b6a90dca72906e9ac27ab5cd9cbb.jpg\",\"@id\":\"https:\\\/\\\/hidalgo.nl\\\/de\\\/product\\\/tucano-tugo-dry-cabin-backpack-156-handbagage-rugzak\\\/#mainImage\"},\"primaryImageOfPage\":{\"@id\":\"https:\\\/\\\/hidalgo.nl\\\/de\\\/product\\\/tucano-tugo-dry-cabin-backpack-156-handbagage-rugzak\\\/#mainImage\"},\"datePublished\":\"2026-02-16T10:21:15+00:00\",\"dateModified\":\"2026-02-26T07:35:43+00:00\"},{\"@type\":\"Organization\",\"@id\":\"https:\\\/\\\/hidalgo.nl\\\/de\\\/#organization\",\"name\":\"Hidalgo\",\"url\":\"https:\\\/\\\/hidalgo.nl\\\/de\\\/\",\"logo\":{\"@type\":\"ImageObject\",\"url\":\"https:\\\/\\\/shop.hidalgo.nl\\\/wp-content\\\/uploads\\\/2025\\\/11\\\/cropped-Hidalgo-est1993.png\",\"@id\":\"https:\\\/\\\/hidalgo.nl\\\/de\\\/product\\\/tucano-tugo-dry-cabin-backpack-156-handbagage-rugzak\\\/#organizationLogo\",\"width\":585,\"height\":195},\"image\":{\"@id\":\"https:\\\/\\\/hidalgo.nl\\\/de\\\/product\\\/tucano-tugo-dry-cabin-backpack-156-handbagage-rugzak\\\/#organizationLogo\"}},{\"@type\":\"WebPage\",\"@id\":\"https:\\\/\\\/hidalgo.nl\\\/de\\\/product\\\/tucano-tugo-dry-cabin-backpack-156-handbagage-rugzak\\\/#webpage\",\"url\":\"https:\\\/\\\/hidalgo.nl\\\/de\\\/product\\\/tucano-tugo-dry-cabin-backpack-156-handbagage-rugzak\\\/\",\"name\":\"Tucano Tugo Dry Cabin Backpack 15,6\\u2033 handbagage rugzak\",\"description\":\"Dieses Cabin-Modell von Tucano passt als geeignetes Handgep\\u00e4ck unter den Sitz und nimmt Laptops bis 15,6 Zoll sicher mit. Bei Hidalgo l\\u00e4sst du es mit deinem Logo bedrucken - ideal f\\u00fcr junge Teams und Pendler.\",\"inLanguage\":\"de-DE\",\"isPartOf\":{\"@id\":\"https:\\\/\\\/hidalgo.nl\\\/de\\\/#website\"},\"breadcrumb\":{\"@id\":\"https:\\\/\\\/hidalgo.nl\\\/de\\\/product\\\/tucano-tugo-dry-cabin-backpack-156-handbagage-rugzak\\\/#breadcrumblist\"},\"image\":{\"@type\":\"ImageObject\",\"url\":\"https:\\\/\\\/shop.hidalgo.nl\\\/wp-content\\\/uploads\\\/2025\\\/11\\\/8e02df166ca2b52e02af272eea92ecff9174b6a90dca72906e9ac27ab5cd9cbb.jpg\",\"@id\":\"https:\\\/\\\/hidalgo.nl\\\/de\\\/product\\\/tucano-tugo-dry-cabin-backpack-156-handbagage-rugzak\\\/#mainImage\"},\"primaryImageOfPage\":{\"@id\":\"https:\\\/\\\/hidalgo.nl\\\/de\\\/product\\\/tucano-tugo-dry-cabin-backpack-156-handbagage-rugzak\\\/#mainImage\"},\"datePublished\":\"2026-02-16T10:21:15+00:00\",\"dateModified\":\"2026-02-26T07:35:43+00:00\"},{\"@type\":\"WebSite\",\"@id\":\"https:\\\/\\\/hidalgo.nl\\\/de\\\/#website\",\"url\":\"https:\\\/\\\/hidalgo.nl\\\/de\\\/\",\"name\":\"Hidalgo\",\"inLanguage\":\"de-DE\",\"publisher\":{\"@id\":\"https:\\\/\\\/hidalgo.nl\\\/de\\\/#organization\"}}]}\n\t\t<\/script>\n\t\t<!-- All in One SEO Pro -->\r\n\t\t<title>Tucano Tugo Dry Cabin Backpack 15,6\u2033 handbagage rugzak<\/title>\n\n","aioseo_head_json":{"title":"Tucano Tugo Dry Cabin Backpack 15,6\u2033 handbagage rugzak","description":"Dieses Cabin-Modell von Tucano passt als geeignetes Handgep\u00e4ck unter den Sitz und nimmt Laptops bis 15,6 Zoll sicher mit. Bei Hidalgo l\u00e4sst du es mit deinem Logo bedrucken - ideal f\u00fcr junge Teams und Pendler.","canonical_url":"https:\/\/hidalgo.nl\/de\/wp-json\/wp\/v2\/product\/844999","robots":"max-image-preview:large","keywords":"","webmasterTools":{"miscellaneous":""},"schema":{"@context":"https:\/\/schema.org","@graph":[{"@type":"BreadcrumbList","@id":"https:\/\/hidalgo.nl\/de\/product\/tucano-tugo-dry-cabin-backpack-156-handbagage-rugzak\/#breadcrumblist","itemListElement":[{"@type":"ListItem","@id":"https:\/\/hidalgo.nl\/de\/#listItem","position":1,"name":"Home","item":"https:\/\/hidalgo.nl\/de\/","nextItem":{"@type":"ListItem","@id":"https:\/\/hidalgo.nl\/example\/#listItem","name":"example"}},{"@type":"ListItem","@id":"https:\/\/hidalgo.nl\/example\/#listItem","position":2,"name":"example","item":"https:\/\/hidalgo.nl\/example\/","nextItem":{"@type":"ListItem","@id":"https:\/\/hidalgo.nl\/en\/product-supplier\/a508\/#listItem","name":"A508"},"previousItem":{"@type":"ListItem","@id":"https:\/\/hidalgo.nl\/de\/#listItem","name":"Home"}},{"@type":"ListItem","@id":"https:\/\/hidalgo.nl\/en\/product-supplier\/a508\/#listItem","position":3,"name":"A508","item":"https:\/\/hidalgo.nl\/en\/product-supplier\/a508\/","nextItem":{"@type":"ListItem","@id":"https:\/\/hidalgo.nl\/de\/product\/tucano-tugo-dry-cabin-backpack-156-handbagage-rugzak\/#listItem","name":"Tucano Tugo Dry Cabin Backpack 15,6&#8243; handbagage rugzak"},"previousItem":{"@type":"ListItem","@id":"https:\/\/hidalgo.nl\/example\/#listItem","name":"example"}},{"@type":"ListItem","@id":"https:\/\/hidalgo.nl\/de\/product\/tucano-tugo-dry-cabin-backpack-156-handbagage-rugzak\/#listItem","position":4,"name":"Tucano Tugo Dry Cabin Backpack 15,6&#8243; handbagage rugzak","previousItem":{"@type":"ListItem","@id":"https:\/\/hidalgo.nl\/en\/product-supplier\/a508\/#listItem","name":"A508"}}]},{"@type":"ItemPage","@id":"https:\/\/hidalgo.nl\/de\/product\/tucano-tugo-dry-cabin-backpack-156-handbagage-rugzak\/#itempage","url":"https:\/\/hidalgo.nl\/de\/product\/tucano-tugo-dry-cabin-backpack-156-handbagage-rugzak\/","name":"Tucano Tugo Dry Cabin Backpack 15,6\u2033 handbagage rugzak","description":"Dieses Cabin-Modell von Tucano passt als geeignetes Handgep\u00e4ck unter den Sitz und nimmt Laptops bis 15,6 Zoll sicher mit. Bei Hidalgo l\u00e4sst du es mit deinem Logo bedrucken - ideal f\u00fcr junge Teams und Pendler.","inLanguage":"de-DE","isPartOf":{"@id":"https:\/\/hidalgo.nl\/de\/#website"},"breadcrumb":{"@id":"https:\/\/hidalgo.nl\/de\/product\/tucano-tugo-dry-cabin-backpack-156-handbagage-rugzak\/#breadcrumblist"},"image":{"@type":"ImageObject","url":"https:\/\/shop.hidalgo.nl\/wp-content\/uploads\/2025\/11\/8e02df166ca2b52e02af272eea92ecff9174b6a90dca72906e9ac27ab5cd9cbb.jpg","@id":"https:\/\/hidalgo.nl\/de\/product\/tucano-tugo-dry-cabin-backpack-156-handbagage-rugzak\/#mainImage"},"primaryImageOfPage":{"@id":"https:\/\/hidalgo.nl\/de\/product\/tucano-tugo-dry-cabin-backpack-156-handbagage-rugzak\/#mainImage"},"datePublished":"2026-02-16T10:21:15+00:00","dateModified":"2026-02-26T07:35:43+00:00"},{"@type":"Organization","@id":"https:\/\/hidalgo.nl\/de\/#organization","name":"Hidalgo","url":"https:\/\/hidalgo.nl\/de\/","logo":{"@type":"ImageObject","url":"https:\/\/shop.hidalgo.nl\/wp-content\/uploads\/2025\/11\/cropped-Hidalgo-est1993.png","@id":"https:\/\/hidalgo.nl\/de\/product\/tucano-tugo-dry-cabin-backpack-156-handbagage-rugzak\/#organizationLogo","width":585,"height":195},"image":{"@id":"https:\/\/hidalgo.nl\/de\/product\/tucano-tugo-dry-cabin-backpack-156-handbagage-rugzak\/#organizationLogo"}},{"@type":"WebPage","@id":"https:\/\/hidalgo.nl\/de\/product\/tucano-tugo-dry-cabin-backpack-156-handbagage-rugzak\/#webpage","url":"https:\/\/hidalgo.nl\/de\/product\/tucano-tugo-dry-cabin-backpack-156-handbagage-rugzak\/","name":"Tucano Tugo Dry Cabin Backpack 15,6\u2033 handbagage rugzak","description":"Dieses Cabin-Modell von Tucano passt als geeignetes Handgep\u00e4ck unter den Sitz und nimmt Laptops bis 15,6 Zoll sicher mit. Bei Hidalgo l\u00e4sst du es mit deinem Logo bedrucken - ideal f\u00fcr junge Teams und Pendler.","inLanguage":"de-DE","isPartOf":{"@id":"https:\/\/hidalgo.nl\/de\/#website"},"breadcrumb":{"@id":"https:\/\/hidalgo.nl\/de\/product\/tucano-tugo-dry-cabin-backpack-156-handbagage-rugzak\/#breadcrumblist"},"image":{"@type":"ImageObject","url":"https:\/\/shop.hidalgo.nl\/wp-content\/uploads\/2025\/11\/8e02df166ca2b52e02af272eea92ecff9174b6a90dca72906e9ac27ab5cd9cbb.jpg","@id":"https:\/\/hidalgo.nl\/de\/product\/tucano-tugo-dry-cabin-backpack-156-handbagage-rugzak\/#mainImage"},"primaryImageOfPage":{"@id":"https:\/\/hidalgo.nl\/de\/product\/tucano-tugo-dry-cabin-backpack-156-handbagage-rugzak\/#mainImage"},"datePublished":"2026-02-16T10:21:15+00:00","dateModified":"2026-02-26T07:35:43+00:00"},{"@type":"WebSite","@id":"https:\/\/hidalgo.nl\/de\/#website","url":"https:\/\/hidalgo.nl\/de\/","name":"Hidalgo","inLanguage":"de-DE","publisher":{"@id":"https:\/\/hidalgo.nl\/de\/#organization"}}]},"og:locale":"de_DE","og:site_name":"Hidalgo -","og:type":"article","og:title":"Tucano Tugo Dry Cabin Backpack 15,6\u2033 handbagage rugzak","og:description":"Dieses Cabin-Modell von Tucano passt als geeignetes Handgep\u00e4ck unter den Sitz und nimmt Laptops bis 15,6 Zoll sicher mit. Bei Hidalgo l\u00e4sst du es mit deinem Logo bedrucken - ideal f\u00fcr junge Teams und Pendler.","og:url":"https:\/\/hidalgo.nl\/de\/wp-json\/wp\/v2\/product\/844999","og:image":"https:\/\/shop.hidalgo.nl\/wp-content\/uploads\/2025\/11\/cropped-Hidalgo-est1993.png","og:image:secure_url":"https:\/\/shop.hidalgo.nl\/wp-content\/uploads\/2025\/11\/cropped-Hidalgo-est1993.png","article:published_time":"2026-02-16T10:21:15+00:00","article:modified_time":"2026-02-26T07:35:43+00:00","twitter:card":"summary_large_image","twitter:title":"Tucano Tugo Dry Cabin Backpack 15,6\u2033 handbagage rugzak","twitter:description":"Dieses Cabin-Modell von Tucano passt als geeignetes Handgep\u00e4ck unter den Sitz und nimmt Laptops bis 15,6 Zoll sicher mit. Bei Hidalgo l\u00e4sst du es mit deinem Logo bedrucken - ideal f\u00fcr junge Teams und Pendler.","twitter:image":"https:\/\/shop.hidalgo.nl\/wp-content\/uploads\/2025\/11\/cropped-Hidalgo-est1993.png"},"aioseo_meta_data":{"post_id":"844999","title":null,"description":null,"keywords":null,"keyphrases":null,"primary_term":null,"canonical_url":null,"og_title":null,"og_description":null,"og_object_type":"default","og_image_type":"default","og_image_url":null,"og_image_width":null,"og_image_height":null,"og_image_custom_url":null,"og_image_custom_fields":null,"og_video":null,"og_custom_url":null,"og_article_section":null,"og_article_tags":null,"twitter_use_og":false,"twitter_card":"default","twitter_image_type":"default","twitter_image_url":null,"twitter_image_custom_url":null,"twitter_image_custom_fields":null,"twitter_title":null,"twitter_description":null,"schema":{"blockGraphs":[],"customGraphs":[],"default":{"data":{"Article":[],"Course":[],"Dataset":[],"FAQPage":[],"Movie":[],"Person":[],"Product":[],"ProductReview":[],"Car":[],"Recipe":[],"Service":[],"SoftwareApplication":[],"WebPage":[]},"graphName":"","isEnabled":true},"graphs":[]},"schema_type":"default","schema_type_options":null,"pillar_content":false,"robots_default":true,"robots_noindex":false,"robots_noarchive":false,"robots_nosnippet":false,"robots_nofollow":false,"robots_noimageindex":false,"robots_noodp":false,"robots_notranslate":false,"robots_max_snippet":null,"robots_max_videopreview":null,"robots_max_imagepreview":"large","priority":null,"frequency":null,"local_seo":null,"seo_analyzer_scan_date":"2026-02-17 09:31:15","breadcrumb_settings":null,"limit_modified_date":false,"reviewed_by":null,"open_ai":null,"ai":null,"created":"2026-02-16 10:25:52","updated":"2026-02-26 13:36:26"},"aioseo_breadcrumb":"<div class=\"aioseo-breadcrumbs\"><span class=\"aioseo-breadcrumb\">\n\t<a href=\"https:\/\/hidalgo.nl\/de\/\" title=\"Home\">Home<\/a>\n<\/span><span class=\"aioseo-breadcrumb-separator\">\u00bb<\/span><span class=\"aioseo-breadcrumb\">\n\t<a href=\"https:\/\/hidalgo.nl\/example\/\" title=\"example\">example<\/a>\n<\/span><span class=\"aioseo-breadcrumb-separator\">\u00bb<\/span><span class=\"aioseo-breadcrumb\">\n\t<a href=\"https:\/\/hidalgo.nl\/en\/product-supplier\/a508\/\" title=\"A508\">A508<\/a>\n<\/span><span class=\"aioseo-breadcrumb-separator\">\u00bb<\/span><span class=\"aioseo-breadcrumb\">\n\tTucano Tugo Dry Cabin Backpack 15,6\u2033 handbagage rugzak\n<\/span><\/div>","aioseo_breadcrumb_json":[{"label":"Home","link":"https:\/\/hidalgo.nl\/de\/"},{"label":"example","link":"https:\/\/hidalgo.nl\/example\/"},{"label":"A508","link":"https:\/\/hidalgo.nl\/en\/product-supplier\/a508\/"},{"label":"Tucano Tugo Dry Cabin Backpack 15,6&#8243; handbagage rugzak","link":"https:\/\/hidalgo.nl\/de\/product\/tucano-tugo-dry-cabin-backpack-156-handbagage-rugzak\/"}],"_links":{"self":[{"href":"https:\/\/hidalgo.nl\/de\/wp-json\/wp\/v2\/product\/844999","targetHints":{"allow":["GET"]}}],"collection":[{"href":"https:\/\/hidalgo.nl\/de\/wp-json\/wp\/v2\/product"}],"about":[{"href":"https:\/\/hidalgo.nl\/de\/wp-json\/wp\/v2\/types\/product"}],"wp:featuredmedia":[{"embeddable":true,"href":"https:\/\/hidalgo.nl\/de\/wp-json\/wp\/v2\/media\/845000"}],"wp:attachment":[{"href":"https:\/\/hidalgo.nl\/de\/wp-json\/wp\/v2\/media?parent=844999"}],"wp:term":[{"taxonomy":"product_brand","embeddable":true,"href":"https:\/\/hidalgo.nl\/de\/wp-json\/wp\/v2\/product_brand?post=844999"},{"taxonomy":"product_cat","embeddable":true,"href":"https:\/\/hidalgo.nl\/de\/wp-json\/wp\/v2\/product_cat?post=844999"},{"taxonomy":"product_tag","embeddable":true,"href":"https:\/\/hidalgo.nl\/de\/wp-json\/wp\/v2\/product_tag?post=844999"}],"curies":[{"name":"wp","href":"https:\/\/api.w.org\/{rel}","templated":true}]}}