{"id":844785,"date":"2026-02-16T10:16:29","date_gmt":"2026-02-16T10:16:29","guid":{"rendered":"https:\/\/hidalgo.nl\/product\/picasso-midi-260-ml-mok\/"},"modified":"2026-03-19T15:01:20","modified_gmt":"2026-03-19T15:01:20","slug":"picasso-midi-260-ml-mok","status":"publish","type":"product","link":"https:\/\/hidalgo.nl\/de\/product\/picasso-midi-260-ml-mok\/","title":{"rendered":"Picasso Midi 260 ml mok"},"content":{"rendered":"<p>Mok van hoogwaardig keramiek. Past onder nagenoeg elk koffieapparaat. De perfecte mok voor alle full colour bedrukkingen, waaronder foto\u2019s. Vaatwasserbestendig. Inhoud 260 ml.<\/p>\n","protected":false},"excerpt":{"rendered":"<p>Mok van hoogwaardig keramiek. Past onder nagenoeg elk koffieapparaat. De perfecte mok voor alle full colour bedrukkingen, waaronder foto\u2019s. Vaatwasserbestendig. Inhoud 260 ml.<\/p>\n","protected":false},"featured_media":844787,"template":"","meta":{"_acf_changed":false,"om_disable_all_campaigns":false,"_monsterinsights_skip_tracking":false,"_monsterinsights_sitenote_active":false,"_monsterinsights_sitenote_note":"","_monsterinsights_sitenote_category":0},"product_brand":[],"product_cat":[4732,4915,4833],"product_tag":[],"class_list":{"0":"post-844785","1":"product","2":"type-product","3":"status-publish","4":"has-post-thumbnail","6":"product_supplier-a24","7":"product_material-keramiek","8":"product_cat-bidons-drinkflessen","9":"product_cat-bidons-drinkflessen-mokken-en-bekers-mokken","10":"product_cat-bidons-drinkflessen-mokken-en-bekers","11":"entry","13":"first","14":"instock","15":"taxable","16":"shipping-taxable","17":"purchasable","18":"product-type-variable"},"acf":{"imprint_cost":[{"imprint_cost_key":"9ddc775ea01b5965d8d44cc7fb32e6f8d84d11bc","product_quantity_price_range":[{"imprint_cost_recommended_selling_price":"3.735","imprint_cost_recommended_selling_quantity":"1"},{"imprint_cost_recommended_selling_price":"2.235","imprint_cost_recommended_selling_quantity":"25"},{"imprint_cost_recommended_selling_price":"1.8","imprint_cost_recommended_selling_quantity":"50"},{"imprint_cost_recommended_selling_price":"1.695","imprint_cost_recommended_selling_quantity":"100"},{"imprint_cost_recommended_selling_price":"1.62","imprint_cost_recommended_selling_quantity":"250"},{"imprint_cost_recommended_selling_price":"1.515","imprint_cost_recommended_selling_quantity":"500"},{"imprint_cost_recommended_selling_price":"1.455","imprint_cost_recommended_selling_quantity":"1000"},{"imprint_cost_recommended_selling_price":"1.395","imprint_cost_recommended_selling_quantity":"2500"},{"imprint_cost_recommended_selling_price":"1.38","imprint_cost_recommended_selling_quantity":"5000"}],"product_quantity_price_range_buying":[{"imprint_cost_general_buying_price":"2.49","imprint_cost_general_buying_quantity":"1"},{"imprint_cost_general_buying_price":"1.49","imprint_cost_general_buying_quantity":"25"},{"imprint_cost_general_buying_price":"1.2","imprint_cost_general_buying_quantity":"50"},{"imprint_cost_general_buying_price":"1.13","imprint_cost_general_buying_quantity":"100"},{"imprint_cost_general_buying_price":"1.08","imprint_cost_general_buying_quantity":"250"},{"imprint_cost_general_buying_price":"1.01","imprint_cost_general_buying_quantity":"500"},{"imprint_cost_general_buying_price":"0.97","imprint_cost_general_buying_quantity":"1000"},{"imprint_cost_general_buying_price":"0.93","imprint_cost_general_buying_quantity":"2500"},{"imprint_cost_general_buying_price":"0.92","imprint_cost_general_buying_quantity":"5000"}],"imprint_cost_setup_costs":"52.5","imprint_cost_handling_costs":"0.09"},{"imprint_cost_key":"82537269d567efe4ad7803028585831b3dd3abc9","product_quantity_price_range":[{"imprint_cost_recommended_selling_price":"3.435","imprint_cost_recommended_selling_quantity":"1"},{"imprint_cost_recommended_selling_price":"1.935","imprint_cost_recommended_selling_quantity":"25"},{"imprint_cost_recommended_selling_price":"1.5","imprint_cost_recommended_selling_quantity":"50"},{"imprint_cost_recommended_selling_price":"1.395","imprint_cost_recommended_selling_quantity":"100"},{"imprint_cost_recommended_selling_price":"1.32","imprint_cost_recommended_selling_quantity":"250"},{"imprint_cost_recommended_selling_price":"1.215","imprint_cost_recommended_selling_quantity":"500"},{"imprint_cost_recommended_selling_price":"1.155","imprint_cost_recommended_selling_quantity":"1000"},{"imprint_cost_recommended_selling_price":"1.095","imprint_cost_recommended_selling_quantity":"2500"},{"imprint_cost_recommended_selling_price":"1.08","imprint_cost_recommended_selling_quantity":"5000"}],"product_quantity_price_range_buying":[{"imprint_cost_general_buying_price":"2.29","imprint_cost_general_buying_quantity":"1"},{"imprint_cost_general_buying_price":"1.29","imprint_cost_general_buying_quantity":"25"},{"imprint_cost_general_buying_price":"1","imprint_cost_general_buying_quantity":"50"},{"imprint_cost_general_buying_price":"0.93","imprint_cost_general_buying_quantity":"100"},{"imprint_cost_general_buying_price":"0.88","imprint_cost_general_buying_quantity":"250"},{"imprint_cost_general_buying_price":"0.81","imprint_cost_general_buying_quantity":"500"},{"imprint_cost_general_buying_price":"0.77","imprint_cost_general_buying_quantity":"1000"},{"imprint_cost_general_buying_price":"0.73","imprint_cost_general_buying_quantity":"2500"},{"imprint_cost_general_buying_price":"0.72","imprint_cost_general_buying_quantity":"5000"}],"imprint_cost_setup_costs":"52.5","imprint_cost_handling_costs":"0.09"}]},"aioseo_notices":[],"aioseo_head":"\n\t\t<!-- All in One SEO Pro 4.9.6.2 - aioseo.com -->\n\t<meta name=\"description\" content=\"Die Picasso Midi aus Keramik fasst 260 ml und passt unter g\u00e4ngige Kaffeeautomaten. Du l\u00e4sst sie von Hidalgo mit deinem Logo veredeln - sp\u00fclmaschinenfest und ideal als Fototasse f\u00fcr B\u00fcro, Events &amp; K\u00fcche.\" \/>\n\t<meta name=\"robots\" content=\"max-image-preview:large\" \/>\n\t<link rel=\"canonical\" href=\"https:\/\/hidalgo.nl\/de\/wp-json\/wp\/v2\/product\/844785\" \/>\n\t<meta name=\"generator\" content=\"All in One SEO Pro (AIOSEO) 4.9.6.2\" \/>\n\t\t<meta property=\"og:locale\" content=\"de_DE\" \/>\n\t\t<meta property=\"og:site_name\" content=\"Hidalgo -\" \/>\n\t\t<meta property=\"og:type\" content=\"article\" \/>\n\t\t<meta property=\"og:title\" content=\"Picasso Midi 260 ml mok\" \/>\n\t\t<meta property=\"og:description\" content=\"Die Picasso Midi aus Keramik fasst 260 ml und passt unter g\u00e4ngige Kaffeeautomaten. Du l\u00e4sst sie von Hidalgo mit deinem Logo veredeln - sp\u00fclmaschinenfest und ideal als Fototasse f\u00fcr B\u00fcro, Events &amp; K\u00fcche.\" \/>\n\t\t<meta property=\"og:url\" content=\"https:\/\/hidalgo.nl\/de\/wp-json\/wp\/v2\/product\/844785\" \/>\n\t\t<meta property=\"og:image\" content=\"https:\/\/shop.hidalgo.nl\/wp-content\/uploads\/2025\/11\/cropped-Hidalgo-est1993.png\" \/>\n\t\t<meta property=\"og:image:secure_url\" content=\"https:\/\/shop.hidalgo.nl\/wp-content\/uploads\/2025\/11\/cropped-Hidalgo-est1993.png\" \/>\n\t\t<meta property=\"article:published_time\" content=\"2026-02-16T10:16:29+00:00\" \/>\n\t\t<meta property=\"article:modified_time\" content=\"2026-03-19T15:01:20+00:00\" \/>\n\t\t<meta name=\"twitter:card\" content=\"summary_large_image\" \/>\n\t\t<meta name=\"twitter:title\" content=\"Picasso Midi 260 ml mok\" \/>\n\t\t<meta name=\"twitter:description\" content=\"Die Picasso Midi aus Keramik fasst 260 ml und passt unter g\u00e4ngige Kaffeeautomaten. Du l\u00e4sst sie von Hidalgo mit deinem Logo veredeln - sp\u00fclmaschinenfest und ideal als Fototasse f\u00fcr B\u00fcro, Events &amp; K\u00fcche.\" \/>\n\t\t<meta name=\"twitter:image\" content=\"https:\/\/shop.hidalgo.nl\/wp-content\/uploads\/2025\/11\/cropped-Hidalgo-est1993.png\" \/>\n\t\t<script type=\"application\/ld+json\" class=\"aioseo-schema\">\n\t\t\t{\"@context\":\"https:\\\/\\\/schema.org\",\"@graph\":[{\"@type\":\"BreadcrumbList\",\"@id\":\"https:\\\/\\\/hidalgo.nl\\\/de\\\/product\\\/picasso-midi-260-ml-mok\\\/#breadcrumblist\",\"itemListElement\":[{\"@type\":\"ListItem\",\"@id\":\"https:\\\/\\\/hidalgo.nl\\\/de\\\/#listItem\",\"position\":1,\"name\":\"Home\",\"item\":\"https:\\\/\\\/hidalgo.nl\\\/de\\\/\",\"nextItem\":{\"@type\":\"ListItem\",\"@id\":\"https:\\\/\\\/hidalgo.nl\\\/example\\\/#listItem\",\"name\":\"example\"}},{\"@type\":\"ListItem\",\"@id\":\"https:\\\/\\\/hidalgo.nl\\\/example\\\/#listItem\",\"position\":2,\"name\":\"example\",\"item\":\"https:\\\/\\\/hidalgo.nl\\\/example\\\/\",\"nextItem\":{\"@type\":\"ListItem\",\"@id\":\"https:\\\/\\\/hidalgo.nl\\\/en\\\/product-supplier\\\/a24\\\/#listItem\",\"name\":\"A24\"},\"previousItem\":{\"@type\":\"ListItem\",\"@id\":\"https:\\\/\\\/hidalgo.nl\\\/de\\\/#listItem\",\"name\":\"Home\"}},{\"@type\":\"ListItem\",\"@id\":\"https:\\\/\\\/hidalgo.nl\\\/en\\\/product-supplier\\\/a24\\\/#listItem\",\"position\":3,\"name\":\"A24\",\"item\":\"https:\\\/\\\/hidalgo.nl\\\/en\\\/product-supplier\\\/a24\\\/\",\"nextItem\":{\"@type\":\"ListItem\",\"@id\":\"https:\\\/\\\/hidalgo.nl\\\/de\\\/product\\\/picasso-midi-260-ml-mok\\\/#listItem\",\"name\":\"Picasso Midi 260 ml mok\"},\"previousItem\":{\"@type\":\"ListItem\",\"@id\":\"https:\\\/\\\/hidalgo.nl\\\/example\\\/#listItem\",\"name\":\"example\"}},{\"@type\":\"ListItem\",\"@id\":\"https:\\\/\\\/hidalgo.nl\\\/de\\\/product\\\/picasso-midi-260-ml-mok\\\/#listItem\",\"position\":4,\"name\":\"Picasso Midi 260 ml mok\",\"previousItem\":{\"@type\":\"ListItem\",\"@id\":\"https:\\\/\\\/hidalgo.nl\\\/en\\\/product-supplier\\\/a24\\\/#listItem\",\"name\":\"A24\"}}]},{\"@type\":\"Organization\",\"@id\":\"https:\\\/\\\/hidalgo.nl\\\/de\\\/#organization\",\"name\":\"Hidalgo\",\"url\":\"https:\\\/\\\/hidalgo.nl\\\/de\\\/\",\"logo\":{\"@type\":\"ImageObject\",\"url\":\"https:\\\/\\\/shop.hidalgo.nl\\\/wp-content\\\/uploads\\\/2025\\\/11\\\/cropped-Hidalgo-est1993.png\",\"@id\":\"https:\\\/\\\/hidalgo.nl\\\/de\\\/product\\\/picasso-midi-260-ml-mok\\\/#organizationLogo\",\"width\":585,\"height\":195},\"image\":{\"@id\":\"https:\\\/\\\/hidalgo.nl\\\/de\\\/product\\\/picasso-midi-260-ml-mok\\\/#organizationLogo\"}},{\"@type\":\"WebPage\",\"@id\":\"https:\\\/\\\/hidalgo.nl\\\/de\\\/product\\\/picasso-midi-260-ml-mok\\\/#webpage\",\"url\":\"https:\\\/\\\/hidalgo.nl\\\/de\\\/product\\\/picasso-midi-260-ml-mok\\\/\",\"name\":\"Picasso Midi 260 ml mok\",\"description\":\"Die Picasso Midi aus Keramik fasst 260 ml und passt unter g\\u00e4ngige Kaffeeautomaten. Du l\\u00e4sst sie von Hidalgo mit deinem Logo veredeln - sp\\u00fclmaschinenfest und ideal als Fototasse f\\u00fcr B\\u00fcro, Events & K\\u00fcche.\",\"inLanguage\":\"de-DE\",\"isPartOf\":{\"@id\":\"https:\\\/\\\/hidalgo.nl\\\/de\\\/#website\"},\"breadcrumb\":{\"@id\":\"https:\\\/\\\/hidalgo.nl\\\/de\\\/product\\\/picasso-midi-260-ml-mok\\\/#breadcrumblist\"},\"image\":{\"@type\":\"ImageObject\",\"url\":\"https:\\\/\\\/shop.hidalgo.nl\\\/wp-content\\\/uploads\\\/2025\\\/03\\\/61211584d411a381595d0c48e6137056211fc8ca1a809242ef3f041eded14152.jpg\",\"@id\":\"https:\\\/\\\/hidalgo.nl\\\/de\\\/product\\\/picasso-midi-260-ml-mok\\\/#mainImage\"},\"primaryImageOfPage\":{\"@id\":\"https:\\\/\\\/hidalgo.nl\\\/de\\\/product\\\/picasso-midi-260-ml-mok\\\/#mainImage\"},\"datePublished\":\"2026-02-16T10:16:29+00:00\",\"dateModified\":\"2026-03-19T15:01:20+00:00\"},{\"@type\":\"WebSite\",\"@id\":\"https:\\\/\\\/hidalgo.nl\\\/de\\\/#website\",\"url\":\"https:\\\/\\\/hidalgo.nl\\\/de\\\/\",\"name\":\"Hidalgo\",\"inLanguage\":\"de-DE\",\"publisher\":{\"@id\":\"https:\\\/\\\/hidalgo.nl\\\/de\\\/#organization\"}}]}\n\t\t<\/script>\n\t\t<!-- All in One SEO Pro -->\r\n\t\t<title>Picasso Midi 260 ml mok<\/title>\n\n","aioseo_head_json":{"title":"Picasso Midi 260 ml mok","description":"Die Picasso Midi aus Keramik fasst 260 ml und passt unter g\u00e4ngige Kaffeeautomaten. Du l\u00e4sst sie von Hidalgo mit deinem Logo veredeln - sp\u00fclmaschinenfest und ideal als Fototasse f\u00fcr B\u00fcro, Events & K\u00fcche.","canonical_url":"https:\/\/hidalgo.nl\/de\/wp-json\/wp\/v2\/product\/844785","robots":"max-image-preview:large","keywords":"","webmasterTools":{"miscellaneous":""},"schema":{"@context":"https:\/\/schema.org","@graph":[{"@type":"BreadcrumbList","@id":"https:\/\/hidalgo.nl\/de\/product\/picasso-midi-260-ml-mok\/#breadcrumblist","itemListElement":[{"@type":"ListItem","@id":"https:\/\/hidalgo.nl\/de\/#listItem","position":1,"name":"Home","item":"https:\/\/hidalgo.nl\/de\/","nextItem":{"@type":"ListItem","@id":"https:\/\/hidalgo.nl\/example\/#listItem","name":"example"}},{"@type":"ListItem","@id":"https:\/\/hidalgo.nl\/example\/#listItem","position":2,"name":"example","item":"https:\/\/hidalgo.nl\/example\/","nextItem":{"@type":"ListItem","@id":"https:\/\/hidalgo.nl\/en\/product-supplier\/a24\/#listItem","name":"A24"},"previousItem":{"@type":"ListItem","@id":"https:\/\/hidalgo.nl\/de\/#listItem","name":"Home"}},{"@type":"ListItem","@id":"https:\/\/hidalgo.nl\/en\/product-supplier\/a24\/#listItem","position":3,"name":"A24","item":"https:\/\/hidalgo.nl\/en\/product-supplier\/a24\/","nextItem":{"@type":"ListItem","@id":"https:\/\/hidalgo.nl\/de\/product\/picasso-midi-260-ml-mok\/#listItem","name":"Picasso Midi 260 ml mok"},"previousItem":{"@type":"ListItem","@id":"https:\/\/hidalgo.nl\/example\/#listItem","name":"example"}},{"@type":"ListItem","@id":"https:\/\/hidalgo.nl\/de\/product\/picasso-midi-260-ml-mok\/#listItem","position":4,"name":"Picasso Midi 260 ml mok","previousItem":{"@type":"ListItem","@id":"https:\/\/hidalgo.nl\/en\/product-supplier\/a24\/#listItem","name":"A24"}}]},{"@type":"Organization","@id":"https:\/\/hidalgo.nl\/de\/#organization","name":"Hidalgo","url":"https:\/\/hidalgo.nl\/de\/","logo":{"@type":"ImageObject","url":"https:\/\/shop.hidalgo.nl\/wp-content\/uploads\/2025\/11\/cropped-Hidalgo-est1993.png","@id":"https:\/\/hidalgo.nl\/de\/product\/picasso-midi-260-ml-mok\/#organizationLogo","width":585,"height":195},"image":{"@id":"https:\/\/hidalgo.nl\/de\/product\/picasso-midi-260-ml-mok\/#organizationLogo"}},{"@type":"WebPage","@id":"https:\/\/hidalgo.nl\/de\/product\/picasso-midi-260-ml-mok\/#webpage","url":"https:\/\/hidalgo.nl\/de\/product\/picasso-midi-260-ml-mok\/","name":"Picasso Midi 260 ml mok","description":"Die Picasso Midi aus Keramik fasst 260 ml und passt unter g\u00e4ngige Kaffeeautomaten. Du l\u00e4sst sie von Hidalgo mit deinem Logo veredeln - sp\u00fclmaschinenfest und ideal als Fototasse f\u00fcr B\u00fcro, Events & K\u00fcche.","inLanguage":"de-DE","isPartOf":{"@id":"https:\/\/hidalgo.nl\/de\/#website"},"breadcrumb":{"@id":"https:\/\/hidalgo.nl\/de\/product\/picasso-midi-260-ml-mok\/#breadcrumblist"},"image":{"@type":"ImageObject","url":"https:\/\/shop.hidalgo.nl\/wp-content\/uploads\/2025\/03\/61211584d411a381595d0c48e6137056211fc8ca1a809242ef3f041eded14152.jpg","@id":"https:\/\/hidalgo.nl\/de\/product\/picasso-midi-260-ml-mok\/#mainImage"},"primaryImageOfPage":{"@id":"https:\/\/hidalgo.nl\/de\/product\/picasso-midi-260-ml-mok\/#mainImage"},"datePublished":"2026-02-16T10:16:29+00:00","dateModified":"2026-03-19T15:01:20+00:00"},{"@type":"WebSite","@id":"https:\/\/hidalgo.nl\/de\/#website","url":"https:\/\/hidalgo.nl\/de\/","name":"Hidalgo","inLanguage":"de-DE","publisher":{"@id":"https:\/\/hidalgo.nl\/de\/#organization"}}]},"og:locale":"de_DE","og:site_name":"Hidalgo -","og:type":"article","og:title":"Picasso Midi 260 ml mok","og:description":"Die Picasso Midi aus Keramik fasst 260 ml und passt unter g\u00e4ngige Kaffeeautomaten. Du l\u00e4sst sie von Hidalgo mit deinem Logo veredeln - sp\u00fclmaschinenfest und ideal als Fototasse f\u00fcr B\u00fcro, Events &amp; K\u00fcche.","og:url":"https:\/\/hidalgo.nl\/de\/wp-json\/wp\/v2\/product\/844785","og:image":"https:\/\/shop.hidalgo.nl\/wp-content\/uploads\/2025\/11\/cropped-Hidalgo-est1993.png","og:image:secure_url":"https:\/\/shop.hidalgo.nl\/wp-content\/uploads\/2025\/11\/cropped-Hidalgo-est1993.png","article:published_time":"2026-02-16T10:16:29+00:00","article:modified_time":"2026-03-19T15:01:20+00:00","twitter:card":"summary_large_image","twitter:title":"Picasso Midi 260 ml mok","twitter:description":"Die Picasso Midi aus Keramik fasst 260 ml und passt unter g\u00e4ngige Kaffeeautomaten. Du l\u00e4sst sie von Hidalgo mit deinem Logo veredeln - sp\u00fclmaschinenfest und ideal als Fototasse f\u00fcr B\u00fcro, Events &amp; K\u00fcche.","twitter:image":"https:\/\/shop.hidalgo.nl\/wp-content\/uploads\/2025\/11\/cropped-Hidalgo-est1993.png"},"aioseo_meta_data":{"post_id":"844785","title":null,"description":null,"keywords":null,"keyphrases":null,"primary_term":null,"canonical_url":null,"og_title":null,"og_description":null,"og_object_type":"default","og_image_type":"default","og_image_url":null,"og_image_width":null,"og_image_height":null,"og_image_custom_url":null,"og_image_custom_fields":null,"og_video":null,"og_custom_url":null,"og_article_section":null,"og_article_tags":null,"twitter_use_og":false,"twitter_card":"default","twitter_image_type":"default","twitter_image_url":null,"twitter_image_custom_url":null,"twitter_image_custom_fields":null,"twitter_title":null,"twitter_description":null,"schema":{"blockGraphs":[],"customGraphs":[],"default":{"data":{"Article":[],"Course":[],"Dataset":[],"FAQPage":[],"Movie":[],"Person":[],"Product":[],"ProductReview":[],"Car":[],"Recipe":[],"Service":[],"SoftwareApplication":[],"WebPage":[]},"graphName":"","isEnabled":true},"graphs":[]},"schema_type":"default","schema_type_options":null,"pillar_content":false,"robots_default":true,"robots_noindex":false,"robots_noarchive":false,"robots_nosnippet":false,"robots_nofollow":false,"robots_noimageindex":false,"robots_noodp":false,"robots_notranslate":false,"robots_max_snippet":null,"robots_max_videopreview":null,"robots_max_imagepreview":"large","priority":null,"frequency":null,"local_seo":null,"seo_analyzer_scan_date":"2026-02-17 09:25:55","breadcrumb_settings":null,"limit_modified_date":false,"reviewed_by":null,"open_ai":null,"ai":null,"created":"2026-02-16 10:19:46","updated":"2026-04-23 17:22:55"},"aioseo_breadcrumb":"<div class=\"aioseo-breadcrumbs\"><span class=\"aioseo-breadcrumb\">\n\t<a href=\"https:\/\/hidalgo.nl\/de\/\" title=\"Home\">Home<\/a>\n<\/span><span class=\"aioseo-breadcrumb-separator\">\u00bb<\/span><span class=\"aioseo-breadcrumb\">\n\t<a href=\"https:\/\/hidalgo.nl\/example\/\" title=\"example\">example<\/a>\n<\/span><span class=\"aioseo-breadcrumb-separator\">\u00bb<\/span><span class=\"aioseo-breadcrumb\">\n\t<a href=\"https:\/\/hidalgo.nl\/en\/product-supplier\/a24\/\" title=\"A24\">A24<\/a>\n<\/span><span class=\"aioseo-breadcrumb-separator\">\u00bb<\/span><span class=\"aioseo-breadcrumb\">\n\tPicasso Midi 260 ml mok\n<\/span><\/div>","aioseo_breadcrumb_json":[{"label":"Home","link":"https:\/\/hidalgo.nl\/de\/"},{"label":"example","link":"https:\/\/hidalgo.nl\/example\/"},{"label":"A24","link":"https:\/\/hidalgo.nl\/en\/product-supplier\/a24\/"},{"label":"Picasso Midi 260 ml mok","link":"https:\/\/hidalgo.nl\/de\/product\/picasso-midi-260-ml-mok\/"}],"_links":{"self":[{"href":"https:\/\/hidalgo.nl\/de\/wp-json\/wp\/v2\/product\/844785","targetHints":{"allow":["GET"]}}],"collection":[{"href":"https:\/\/hidalgo.nl\/de\/wp-json\/wp\/v2\/product"}],"about":[{"href":"https:\/\/hidalgo.nl\/de\/wp-json\/wp\/v2\/types\/product"}],"wp:featuredmedia":[{"embeddable":true,"href":"https:\/\/hidalgo.nl\/de\/wp-json\/wp\/v2\/media\/844787"}],"wp:attachment":[{"href":"https:\/\/hidalgo.nl\/de\/wp-json\/wp\/v2\/media?parent=844785"}],"wp:term":[{"taxonomy":"product_brand","embeddable":true,"href":"https:\/\/hidalgo.nl\/de\/wp-json\/wp\/v2\/product_brand?post=844785"},{"taxonomy":"product_cat","embeddable":true,"href":"https:\/\/hidalgo.nl\/de\/wp-json\/wp\/v2\/product_cat?post=844785"},{"taxonomy":"product_tag","embeddable":true,"href":"https:\/\/hidalgo.nl\/de\/wp-json\/wp\/v2\/product_tag?post=844785"}],"curies":[{"name":"wp","href":"https:\/\/api.w.org\/{rel}","templated":true}]}}