{"id":843707,"date":"2026-02-16T09:52:49","date_gmt":"2026-02-16T09:52:49","guid":{"rendered":"https:\/\/hidalgo.nl\/product\/sp159-geruite-uniseks-tulbanddoek\/"},"modified":"2026-03-19T16:08:57","modified_gmt":"2026-03-19T16:08:57","slug":"sp159-geruite-uniseks-tulbanddoek","status":"publish","type":"product","link":"https:\/\/hidalgo.nl\/de\/product\/843707\/turban-tuch-bedrucken-kariert-baumwolle-viskose-one-size\/","title":{"rendered":"SP159 &#8211; Geruite uniseks tulbanddoek"},"content":{"rendered":"<p>50% katoen, 50% viscose. Geweven tulbanddoek met franjes. Geweven ruitjes in schakeringen van grijs en zwart, geaccentueerd met een subtiel beige biesje. Onze tulbanddoeken zijn ambachtelijk geweven en kunnen daarom kleine kleurverschillen vertonen, wat een teken is van authentiek vakmanschap.<\/p>\n","protected":false},"excerpt":{"rendered":"<p>50% katoen, 50% viscose. Geweven tulbanddoek met franjes. Geweven ruitjes in schakeringen van grijs en zwart, geaccentueerd met een subtiel beige biesje. Onze tulbanddoeken zijn ambachtelijk geweven en kunnen daarom kleine kleurverschillen vertonen, wat een teken is van authentiek vakmanschap.<\/p>\n","protected":false},"featured_media":843708,"template":"","meta":{"_acf_changed":false,"om_disable_all_campaigns":false,"_monsterinsights_skip_tracking":false,"_monsterinsights_sitenote_active":false,"_monsterinsights_sitenote_note":"","_monsterinsights_sitenote_category":0},"product_brand":[1670],"product_cat":[4716,4757,4806],"product_tag":[],"class_list":{"0":"post-843707","1":"product","2":"type-product","3":"status-publish","4":"has-post-thumbnail","6":"product_supplier-a403","7":"product_brand-spasso","8":"product_cat-kleding","9":"product_cat-kleding-kleding-accessoires","10":"product_cat-kleding-kleding-accessoires-sjaals","11":"entry","13":"first","14":"instock","15":"taxable","16":"shipping-taxable","17":"purchasable","18":"product-type-variable"},"acf":{"imprint_cost":[{"imprint_cost_key":"33483b79de35c41f6a5968127e3727b83ce2fe0b","product_quantity_price_range":[{"imprint_cost_recommended_selling_price":"0","imprint_cost_recommended_selling_quantity":"1"}],"product_quantity_price_range_buying":false,"imprint_cost_setup_costs":"","imprint_cost_handling_costs":""}]},"aioseo_notices":[],"aioseo_head":"\n\t\t<!-- All in One SEO Pro 4.9.6.2 - aioseo.com -->\n\t<meta name=\"description\" content=\"Der SP159 aus Baumwolle-Viskose mit grauem Karomuster sitzt leicht und weich, One-size f\u00fcr alle. Ideal als Event-Accessoire f\u00fcr 20-40-J\u00e4hrige; bei Hidalgo kannst du den Schal bedrucken lassen, damit dein Logo bei Messe &amp; Teamwear sichtbar wird.\" \/>\n\t<meta name=\"robots\" content=\"max-image-preview:large\" \/>\n\t<link rel=\"canonical\" href=\"https:\/\/hidalgo.nl\/de\/wp-json\/wp\/v2\/product\/843707\" \/>\n\t<meta name=\"generator\" content=\"All in One SEO Pro (AIOSEO) 4.9.6.2\" \/>\n\t\t<meta property=\"og:locale\" content=\"de_DE\" \/>\n\t\t<meta property=\"og:site_name\" content=\"Hidalgo -\" \/>\n\t\t<meta property=\"og:type\" content=\"article\" \/>\n\t\t<meta property=\"og:title\" content=\"Turban-Tuch bedrucken Kariert Baumwolle-Viskose One-size\" \/>\n\t\t<meta property=\"og:description\" content=\"Der SP159 aus Baumwolle-Viskose mit grauem Karomuster sitzt leicht und weich, One-size f\u00fcr alle. Ideal als Event-Accessoire f\u00fcr 20-40-J\u00e4hrige; bei Hidalgo kannst du den Schal bedrucken lassen, damit dein Logo bei Messe &amp; Teamwear sichtbar wird.\" \/>\n\t\t<meta property=\"og:url\" content=\"https:\/\/hidalgo.nl\/de\/wp-json\/wp\/v2\/product\/843707\" \/>\n\t\t<meta property=\"og:image\" content=\"https:\/\/shop.hidalgo.nl\/wp-content\/uploads\/2025\/11\/cropped-Hidalgo-est1993.png\" \/>\n\t\t<meta property=\"og:image:secure_url\" content=\"https:\/\/shop.hidalgo.nl\/wp-content\/uploads\/2025\/11\/cropped-Hidalgo-est1993.png\" \/>\n\t\t<meta property=\"article:published_time\" content=\"2026-02-16T09:52:49+00:00\" \/>\n\t\t<meta property=\"article:modified_time\" content=\"2026-03-19T16:08:57+00:00\" \/>\n\t\t<meta name=\"twitter:card\" content=\"summary_large_image\" \/>\n\t\t<meta name=\"twitter:title\" content=\"Turban-Tuch bedrucken Kariert Baumwolle-Viskose One-size\" \/>\n\t\t<meta name=\"twitter:description\" content=\"Der SP159 aus Baumwolle-Viskose mit grauem Karomuster sitzt leicht und weich, One-size f\u00fcr alle. Ideal als Event-Accessoire f\u00fcr 20-40-J\u00e4hrige; bei Hidalgo kannst du den Schal bedrucken lassen, damit dein Logo bei Messe &amp; Teamwear sichtbar wird.\" \/>\n\t\t<meta name=\"twitter:image\" content=\"https:\/\/shop.hidalgo.nl\/wp-content\/uploads\/2025\/11\/cropped-Hidalgo-est1993.png\" \/>\n\t\t<script type=\"application\/ld+json\" class=\"aioseo-schema\">\n\t\t\t{\"@context\":\"https:\\\/\\\/schema.org\",\"@graph\":[{\"@type\":\"BreadcrumbList\",\"@id\":\"https:\\\/\\\/hidalgo.nl\\\/de\\\/product\\\/843707\\\/turban-tuch-bedrucken-kariert-baumwolle-viskose-one-size\\\/#breadcrumblist\",\"itemListElement\":[{\"@type\":\"ListItem\",\"@id\":\"https:\\\/\\\/hidalgo.nl\\\/de\\\/#listItem\",\"position\":1,\"name\":\"Home\",\"item\":\"https:\\\/\\\/hidalgo.nl\\\/de\\\/\",\"nextItem\":{\"@type\":\"ListItem\",\"@id\":\"https:\\\/\\\/hidalgo.nl\\\/example\\\/#listItem\",\"name\":\"example\"}},{\"@type\":\"ListItem\",\"@id\":\"https:\\\/\\\/hidalgo.nl\\\/example\\\/#listItem\",\"position\":2,\"name\":\"example\",\"item\":\"https:\\\/\\\/hidalgo.nl\\\/example\\\/\",\"nextItem\":{\"@type\":\"ListItem\",\"@id\":\"https:\\\/\\\/hidalgo.nl\\\/en\\\/product-supplier\\\/a403\\\/#listItem\",\"name\":\"A403\"},\"previousItem\":{\"@type\":\"ListItem\",\"@id\":\"https:\\\/\\\/hidalgo.nl\\\/de\\\/#listItem\",\"name\":\"Home\"}},{\"@type\":\"ListItem\",\"@id\":\"https:\\\/\\\/hidalgo.nl\\\/en\\\/product-supplier\\\/a403\\\/#listItem\",\"position\":3,\"name\":\"A403\",\"item\":\"https:\\\/\\\/hidalgo.nl\\\/en\\\/product-supplier\\\/a403\\\/\",\"nextItem\":{\"@type\":\"ListItem\",\"@id\":\"https:\\\/\\\/hidalgo.nl\\\/de\\\/product\\\/843707\\\/turban-tuch-bedrucken-kariert-baumwolle-viskose-one-size\\\/#listItem\",\"name\":\"SP159 &#8211; Geruite uniseks tulbanddoek\"},\"previousItem\":{\"@type\":\"ListItem\",\"@id\":\"https:\\\/\\\/hidalgo.nl\\\/example\\\/#listItem\",\"name\":\"example\"}},{\"@type\":\"ListItem\",\"@id\":\"https:\\\/\\\/hidalgo.nl\\\/de\\\/product\\\/843707\\\/turban-tuch-bedrucken-kariert-baumwolle-viskose-one-size\\\/#listItem\",\"position\":4,\"name\":\"SP159 &#8211; Geruite uniseks tulbanddoek\",\"previousItem\":{\"@type\":\"ListItem\",\"@id\":\"https:\\\/\\\/hidalgo.nl\\\/en\\\/product-supplier\\\/a403\\\/#listItem\",\"name\":\"A403\"}}]},{\"@type\":\"Organization\",\"@id\":\"https:\\\/\\\/hidalgo.nl\\\/de\\\/#organization\",\"name\":\"Hidalgo\",\"url\":\"https:\\\/\\\/hidalgo.nl\\\/de\\\/\",\"logo\":{\"@type\":\"ImageObject\",\"url\":\"https:\\\/\\\/shop.hidalgo.nl\\\/wp-content\\\/uploads\\\/2025\\\/11\\\/cropped-Hidalgo-est1993.png\",\"@id\":\"https:\\\/\\\/hidalgo.nl\\\/de\\\/product\\\/843707\\\/turban-tuch-bedrucken-kariert-baumwolle-viskose-one-size\\\/#organizationLogo\",\"width\":585,\"height\":195},\"image\":{\"@id\":\"https:\\\/\\\/hidalgo.nl\\\/de\\\/product\\\/843707\\\/turban-tuch-bedrucken-kariert-baumwolle-viskose-one-size\\\/#organizationLogo\"}},{\"@type\":\"ProductGroup\",\"@id\":\"https:\\\/\\\/hidalgo.nl\\\/de\\\/product\\\/843707\\\/turban-tuch-bedrucken-kariert-baumwolle-viskose-one-size\\\/#wooCommerceProduct\",\"name\":\"Turban-Tuch bedrucken Kariert Baumwolle-Viskose One-size\",\"url\":\"https:\\\/\\\/hidalgo.nl\\\/de\\\/product\\\/843707\\\/turban-tuch-bedrucken-kariert-baumwolle-viskose-one-size\\\/\",\"brand\":{\"@type\":\"Brand\",\"name\":\"Spasso\"},\"sku\":\"A403-SP159\",\"image\":{\"@type\":\"ImageObject\",\"url\":\"https:\\\/\\\/shop.hidalgo.nl\\\/wp-content\\\/uploads\\\/2025\\\/12\\\/63aed7d29ae7ee86778a7cb39aee85a2199e79091578d835567496e5dca4d29e.jpg\",\"@id\":\"https:\\\/\\\/hidalgo.nl\\\/de\\\/product\\\/843707\\\/turban-tuch-bedrucken-kariert-baumwolle-viskose-one-size\\\/#productImage\"},\"productGroupID\":843707,\"hasVariant\":[{\"@type\":\"Product\",\"@id\":\"https:\\\/\\\/hidalgo.nl\\\/de\\\/product\\\/843707\\\/turban-tuch-bedrucken-kariert-baumwolle-viskose-one-size\\\/#wooCommerceProduct\",\"name\":\"SP159 - Geruite uniseks tulbanddoek - one-size, grey-pixel-checks\",\"url\":\"https:\\\/\\\/hidalgo.nl\\\/de\\\/product\\\/843707\\\/turban-tuch-bedrucken-kariert-baumwolle-viskose-one-size\\\/\",\"sku\":\"A403-SP159_93950_93949\",\"gtin\":\"3663639146340\",\"image\":{\"@type\":\"ImageObject\",\"url\":\"https:\\\/\\\/shop.hidalgo.nl\\\/wp-content\\\/uploads\\\/2025\\\/12\\\/63aed7d29ae7ee86778a7cb39aee85a2199e79091578d835567496e5dca4d29e.jpg\",\"@id\":\"https:\\\/\\\/hidalgo.nl\\\/de\\\/product\\\/843707\\\/turban-tuch-bedrucken-kariert-baumwolle-viskose-one-size\\\/#productImage\"},\"offers\":{\"@type\":\"Offer\",\"url\":\"https:\\\/\\\/hidalgo.nl\\\/de\\\/product\\\/843707\\\/turban-tuch-bedrucken-kariert-baumwolle-viskose-one-size\\\/#wooCommerceOffer\",\"price\":\"8.83\",\"priceCurrency\":\"EUR\",\"category\":\"Kleding\",\"availability\":\"https:\\\/\\\/schema.org\\\/InStock\",\"priceSpecification\":{\"@type\":\"PriceSpecification\",\"price\":8.83,\"priceCurrency\":\"EUR\",\"valueAddedTaxIncluded\":\"true\"}}}]},{\"@type\":\"WebPage\",\"@id\":\"https:\\\/\\\/hidalgo.nl\\\/de\\\/product\\\/843707\\\/turban-tuch-bedrucken-kariert-baumwolle-viskose-one-size\\\/#webpage\",\"url\":\"https:\\\/\\\/hidalgo.nl\\\/de\\\/product\\\/843707\\\/turban-tuch-bedrucken-kariert-baumwolle-viskose-one-size\\\/\",\"name\":\"Turban-Tuch bedrucken Kariert Baumwolle-Viskose One-size\",\"description\":\"Der SP159 aus Baumwolle-Viskose mit grauem Karomuster sitzt leicht und weich, One-size f\\u00fcr alle. Ideal als Event-Accessoire f\\u00fcr 20-40-J\\u00e4hrige; bei Hidalgo kannst du den Schal bedrucken lassen, damit dein Logo bei Messe & Teamwear sichtbar wird.\",\"inLanguage\":\"de-DE\",\"isPartOf\":{\"@id\":\"https:\\\/\\\/hidalgo.nl\\\/de\\\/#website\"},\"breadcrumb\":{\"@id\":\"https:\\\/\\\/hidalgo.nl\\\/de\\\/product\\\/843707\\\/turban-tuch-bedrucken-kariert-baumwolle-viskose-one-size\\\/#breadcrumblist\"},\"image\":{\"@type\":\"ImageObject\",\"url\":\"https:\\\/\\\/shop.hidalgo.nl\\\/wp-content\\\/uploads\\\/2025\\\/12\\\/63aed7d29ae7ee86778a7cb39aee85a2199e79091578d835567496e5dca4d29e.jpg\",\"@id\":\"https:\\\/\\\/hidalgo.nl\\\/de\\\/product\\\/843707\\\/turban-tuch-bedrucken-kariert-baumwolle-viskose-one-size\\\/#mainImage\"},\"primaryImageOfPage\":{\"@id\":\"https:\\\/\\\/hidalgo.nl\\\/de\\\/product\\\/843707\\\/turban-tuch-bedrucken-kariert-baumwolle-viskose-one-size\\\/#mainImage\"},\"datePublished\":\"2026-02-16T09:52:49+00:00\",\"dateModified\":\"2026-03-19T16:08:57+00:00\"},{\"@type\":\"WebSite\",\"@id\":\"https:\\\/\\\/hidalgo.nl\\\/de\\\/#website\",\"url\":\"https:\\\/\\\/hidalgo.nl\\\/de\\\/\",\"name\":\"Hidalgo\",\"inLanguage\":\"de-DE\",\"publisher\":{\"@id\":\"https:\\\/\\\/hidalgo.nl\\\/de\\\/#organization\"}}]}\n\t\t<\/script>\n\t\t<!-- All in One SEO Pro -->\r\n\t\t<title>Turban-Tuch bedrucken Kariert Baumwolle-Viskose One-size<\/title>\n\n","aioseo_head_json":{"title":"Turban-Tuch bedrucken Kariert Baumwolle-Viskose One-size","description":"Der SP159 aus Baumwolle-Viskose mit grauem Karomuster sitzt leicht und weich, One-size f\u00fcr alle. Ideal als Event-Accessoire f\u00fcr 20-40-J\u00e4hrige; bei Hidalgo kannst du den Schal bedrucken lassen, damit dein Logo bei Messe & Teamwear sichtbar wird.","canonical_url":"https:\/\/hidalgo.nl\/de\/wp-json\/wp\/v2\/product\/843707","robots":"max-image-preview:large","keywords":"","webmasterTools":{"miscellaneous":""},"schema":{"@context":"https:\/\/schema.org","@graph":[{"@type":"BreadcrumbList","@id":"https:\/\/hidalgo.nl\/de\/product\/843707\/turban-tuch-bedrucken-kariert-baumwolle-viskose-one-size\/#breadcrumblist","itemListElement":[{"@type":"ListItem","@id":"https:\/\/hidalgo.nl\/de\/#listItem","position":1,"name":"Home","item":"https:\/\/hidalgo.nl\/de\/","nextItem":{"@type":"ListItem","@id":"https:\/\/hidalgo.nl\/example\/#listItem","name":"example"}},{"@type":"ListItem","@id":"https:\/\/hidalgo.nl\/example\/#listItem","position":2,"name":"example","item":"https:\/\/hidalgo.nl\/example\/","nextItem":{"@type":"ListItem","@id":"https:\/\/hidalgo.nl\/en\/product-supplier\/a403\/#listItem","name":"A403"},"previousItem":{"@type":"ListItem","@id":"https:\/\/hidalgo.nl\/de\/#listItem","name":"Home"}},{"@type":"ListItem","@id":"https:\/\/hidalgo.nl\/en\/product-supplier\/a403\/#listItem","position":3,"name":"A403","item":"https:\/\/hidalgo.nl\/en\/product-supplier\/a403\/","nextItem":{"@type":"ListItem","@id":"https:\/\/hidalgo.nl\/de\/product\/843707\/turban-tuch-bedrucken-kariert-baumwolle-viskose-one-size\/#listItem","name":"SP159 &#8211; Geruite uniseks tulbanddoek"},"previousItem":{"@type":"ListItem","@id":"https:\/\/hidalgo.nl\/example\/#listItem","name":"example"}},{"@type":"ListItem","@id":"https:\/\/hidalgo.nl\/de\/product\/843707\/turban-tuch-bedrucken-kariert-baumwolle-viskose-one-size\/#listItem","position":4,"name":"SP159 &#8211; Geruite uniseks tulbanddoek","previousItem":{"@type":"ListItem","@id":"https:\/\/hidalgo.nl\/en\/product-supplier\/a403\/#listItem","name":"A403"}}]},{"@type":"Organization","@id":"https:\/\/hidalgo.nl\/de\/#organization","name":"Hidalgo","url":"https:\/\/hidalgo.nl\/de\/","logo":{"@type":"ImageObject","url":"https:\/\/shop.hidalgo.nl\/wp-content\/uploads\/2025\/11\/cropped-Hidalgo-est1993.png","@id":"https:\/\/hidalgo.nl\/de\/product\/843707\/turban-tuch-bedrucken-kariert-baumwolle-viskose-one-size\/#organizationLogo","width":585,"height":195},"image":{"@id":"https:\/\/hidalgo.nl\/de\/product\/843707\/turban-tuch-bedrucken-kariert-baumwolle-viskose-one-size\/#organizationLogo"}},{"@type":"ProductGroup","@id":"https:\/\/hidalgo.nl\/de\/product\/843707\/turban-tuch-bedrucken-kariert-baumwolle-viskose-one-size\/#wooCommerceProduct","name":"Turban-Tuch bedrucken Kariert Baumwolle-Viskose One-size","url":"https:\/\/hidalgo.nl\/de\/product\/843707\/turban-tuch-bedrucken-kariert-baumwolle-viskose-one-size\/","brand":{"@type":"Brand","name":"Spasso"},"sku":"A403-SP159","image":{"@type":"ImageObject","url":"https:\/\/shop.hidalgo.nl\/wp-content\/uploads\/2025\/12\/63aed7d29ae7ee86778a7cb39aee85a2199e79091578d835567496e5dca4d29e.jpg","@id":"https:\/\/hidalgo.nl\/de\/product\/843707\/turban-tuch-bedrucken-kariert-baumwolle-viskose-one-size\/#productImage"},"productGroupID":843707,"hasVariant":[{"@type":"Product","@id":"https:\/\/hidalgo.nl\/de\/product\/843707\/turban-tuch-bedrucken-kariert-baumwolle-viskose-one-size\/#wooCommerceProduct","name":"SP159 - Geruite uniseks tulbanddoek - one-size, grey-pixel-checks","url":"https:\/\/hidalgo.nl\/de\/product\/843707\/turban-tuch-bedrucken-kariert-baumwolle-viskose-one-size\/","sku":"A403-SP159_93950_93949","gtin":"3663639146340","image":{"@type":"ImageObject","url":"https:\/\/shop.hidalgo.nl\/wp-content\/uploads\/2025\/12\/63aed7d29ae7ee86778a7cb39aee85a2199e79091578d835567496e5dca4d29e.jpg","@id":"https:\/\/hidalgo.nl\/de\/product\/843707\/turban-tuch-bedrucken-kariert-baumwolle-viskose-one-size\/#productImage"},"offers":{"@type":"Offer","url":"https:\/\/hidalgo.nl\/de\/product\/843707\/turban-tuch-bedrucken-kariert-baumwolle-viskose-one-size\/#wooCommerceOffer","price":"8.83","priceCurrency":"EUR","category":"Kleding","availability":"https:\/\/schema.org\/InStock","priceSpecification":{"@type":"PriceSpecification","price":8.83,"priceCurrency":"EUR","valueAddedTaxIncluded":"true"}}}]},{"@type":"WebPage","@id":"https:\/\/hidalgo.nl\/de\/product\/843707\/turban-tuch-bedrucken-kariert-baumwolle-viskose-one-size\/#webpage","url":"https:\/\/hidalgo.nl\/de\/product\/843707\/turban-tuch-bedrucken-kariert-baumwolle-viskose-one-size\/","name":"Turban-Tuch bedrucken Kariert Baumwolle-Viskose One-size","description":"Der SP159 aus Baumwolle-Viskose mit grauem Karomuster sitzt leicht und weich, One-size f\u00fcr alle. Ideal als Event-Accessoire f\u00fcr 20-40-J\u00e4hrige; bei Hidalgo kannst du den Schal bedrucken lassen, damit dein Logo bei Messe & Teamwear sichtbar wird.","inLanguage":"de-DE","isPartOf":{"@id":"https:\/\/hidalgo.nl\/de\/#website"},"breadcrumb":{"@id":"https:\/\/hidalgo.nl\/de\/product\/843707\/turban-tuch-bedrucken-kariert-baumwolle-viskose-one-size\/#breadcrumblist"},"image":{"@type":"ImageObject","url":"https:\/\/shop.hidalgo.nl\/wp-content\/uploads\/2025\/12\/63aed7d29ae7ee86778a7cb39aee85a2199e79091578d835567496e5dca4d29e.jpg","@id":"https:\/\/hidalgo.nl\/de\/product\/843707\/turban-tuch-bedrucken-kariert-baumwolle-viskose-one-size\/#mainImage"},"primaryImageOfPage":{"@id":"https:\/\/hidalgo.nl\/de\/product\/843707\/turban-tuch-bedrucken-kariert-baumwolle-viskose-one-size\/#mainImage"},"datePublished":"2026-02-16T09:52:49+00:00","dateModified":"2026-03-19T16:08:57+00:00"},{"@type":"WebSite","@id":"https:\/\/hidalgo.nl\/de\/#website","url":"https:\/\/hidalgo.nl\/de\/","name":"Hidalgo","inLanguage":"de-DE","publisher":{"@id":"https:\/\/hidalgo.nl\/de\/#organization"}}]},"og:locale":"de_DE","og:site_name":"Hidalgo -","og:type":"article","og:title":"Turban-Tuch bedrucken Kariert Baumwolle-Viskose One-size","og:description":"Der SP159 aus Baumwolle-Viskose mit grauem Karomuster sitzt leicht und weich, One-size f\u00fcr alle. Ideal als Event-Accessoire f\u00fcr 20-40-J\u00e4hrige; bei Hidalgo kannst du den Schal bedrucken lassen, damit dein Logo bei Messe &amp; Teamwear sichtbar wird.","og:url":"https:\/\/hidalgo.nl\/de\/wp-json\/wp\/v2\/product\/843707","og:image":"https:\/\/shop.hidalgo.nl\/wp-content\/uploads\/2025\/11\/cropped-Hidalgo-est1993.png","og:image:secure_url":"https:\/\/shop.hidalgo.nl\/wp-content\/uploads\/2025\/11\/cropped-Hidalgo-est1993.png","article:published_time":"2026-02-16T09:52:49+00:00","article:modified_time":"2026-03-19T16:08:57+00:00","twitter:card":"summary_large_image","twitter:title":"Turban-Tuch bedrucken Kariert Baumwolle-Viskose One-size","twitter:description":"Der SP159 aus Baumwolle-Viskose mit grauem Karomuster sitzt leicht und weich, One-size f\u00fcr alle. Ideal als Event-Accessoire f\u00fcr 20-40-J\u00e4hrige; bei Hidalgo kannst du den Schal bedrucken lassen, damit dein Logo bei Messe &amp; Teamwear sichtbar wird.","twitter:image":"https:\/\/shop.hidalgo.nl\/wp-content\/uploads\/2025\/11\/cropped-Hidalgo-est1993.png"},"aioseo_meta_data":{"post_id":"843707","title":null,"description":null,"keywords":null,"keyphrases":null,"primary_term":null,"canonical_url":null,"og_title":null,"og_description":null,"og_object_type":"default","og_image_type":"default","og_image_url":null,"og_image_width":null,"og_image_height":null,"og_image_custom_url":null,"og_image_custom_fields":null,"og_video":null,"og_custom_url":null,"og_article_section":null,"og_article_tags":null,"twitter_use_og":false,"twitter_card":"default","twitter_image_type":"default","twitter_image_url":null,"twitter_image_custom_url":null,"twitter_image_custom_fields":null,"twitter_title":null,"twitter_description":null,"schema":{"blockGraphs":[],"customGraphs":[],"default":{"data":{"Article":[],"Course":[],"Dataset":[],"FAQPage":[],"Movie":[],"Person":[],"Product":[],"ProductReview":[],"Car":[],"Recipe":[],"Service":[],"SoftwareApplication":[],"WebPage":[]},"graphName":"","isEnabled":true},"graphs":[]},"schema_type":"default","schema_type_options":null,"pillar_content":false,"robots_default":true,"robots_noindex":false,"robots_noarchive":false,"robots_nosnippet":false,"robots_nofollow":false,"robots_noimageindex":false,"robots_noodp":false,"robots_notranslate":false,"robots_max_snippet":null,"robots_max_videopreview":null,"robots_max_imagepreview":"large","priority":null,"frequency":null,"local_seo":null,"seo_analyzer_scan_date":"2026-02-17 05:15:58","breadcrumb_settings":null,"limit_modified_date":false,"reviewed_by":null,"open_ai":null,"ai":null,"created":"2026-02-16 09:53:46","updated":"2026-04-23 17:14:53"},"aioseo_breadcrumb":"<div class=\"aioseo-breadcrumbs\"><span class=\"aioseo-breadcrumb\">\n\t<a href=\"https:\/\/hidalgo.nl\/de\/\" title=\"Home\">Home<\/a>\n<\/span><span class=\"aioseo-breadcrumb-separator\">\u00bb<\/span><span class=\"aioseo-breadcrumb\">\n\t<a href=\"https:\/\/hidalgo.nl\/example\/\" title=\"example\">example<\/a>\n<\/span><span class=\"aioseo-breadcrumb-separator\">\u00bb<\/span><span class=\"aioseo-breadcrumb\">\n\t<a href=\"https:\/\/hidalgo.nl\/en\/product-supplier\/a403\/\" title=\"A403\">A403<\/a>\n<\/span><span class=\"aioseo-breadcrumb-separator\">\u00bb<\/span><span class=\"aioseo-breadcrumb\">\n\tSP159 \u2013 Geruite uniseks tulbanddoek\n<\/span><\/div>","aioseo_breadcrumb_json":[{"label":"Home","link":"https:\/\/hidalgo.nl\/de\/"},{"label":"example","link":"https:\/\/hidalgo.nl\/example\/"},{"label":"A403","link":"https:\/\/hidalgo.nl\/en\/product-supplier\/a403\/"},{"label":"SP159 &#8211; Geruite uniseks tulbanddoek","link":"https:\/\/hidalgo.nl\/de\/product\/843707\/turban-tuch-bedrucken-kariert-baumwolle-viskose-one-size\/"}],"_links":{"self":[{"href":"https:\/\/hidalgo.nl\/de\/wp-json\/wp\/v2\/product\/843707","targetHints":{"allow":["GET"]}}],"collection":[{"href":"https:\/\/hidalgo.nl\/de\/wp-json\/wp\/v2\/product"}],"about":[{"href":"https:\/\/hidalgo.nl\/de\/wp-json\/wp\/v2\/types\/product"}],"wp:featuredmedia":[{"embeddable":true,"href":"https:\/\/hidalgo.nl\/de\/wp-json\/wp\/v2\/media\/843708"}],"wp:attachment":[{"href":"https:\/\/hidalgo.nl\/de\/wp-json\/wp\/v2\/media?parent=843707"}],"wp:term":[{"taxonomy":"product_brand","embeddable":true,"href":"https:\/\/hidalgo.nl\/de\/wp-json\/wp\/v2\/product_brand?post=843707"},{"taxonomy":"product_cat","embeddable":true,"href":"https:\/\/hidalgo.nl\/de\/wp-json\/wp\/v2\/product_cat?post=843707"},{"taxonomy":"product_tag","embeddable":true,"href":"https:\/\/hidalgo.nl\/de\/wp-json\/wp\/v2\/product_tag?post=843707"}],"curies":[{"name":"wp","href":"https:\/\/api.w.org\/{rel}","templated":true}]}}