{"id":843629,"date":"2026-02-16T09:52:45","date_gmt":"2026-02-16T09:52:45","guid":{"rendered":"https:\/\/hidalgo.nl\/product\/sp143-omkeerbare-uniseks-tulbanddoek\/"},"modified":"2026-03-21T17:25:15","modified_gmt":"2026-03-21T17:25:15","slug":"sp143-omkeerbare-uniseks-tulbanddoek","status":"publish","type":"product","link":"https:\/\/hidalgo.nl\/de\/product\/843629\/turban-schal-bedrucken-wendbar-viskose-karomuster-one-size\/","title":{"rendered":"SP143 &#8211; Omkeerbare uniseks tulbanddoek"},"content":{"rendered":"<p>100% viscose. Geweven tulbanddoek met franjes. Dubbelzijdige, omkeerbare stof: \u00e9\u00e9n kant met contrasterende ruitjes, de andere met grotere ruiten in beige, blauwe en grijze tinten. Onze tulbanddoeken zijn ambachtelijk geweven en kunnen daarom kleine kleurverschillen vertonen, wat een teken is van authentiek vakmanschap.<\/p>\n","protected":false},"excerpt":{"rendered":"<p>100% viscose. Geweven tulbanddoek met franjes. Dubbelzijdige, omkeerbare stof: \u00e9\u00e9n kant met contrasterende ruitjes, de andere met grotere ruiten in beige, blauwe en grijze tinten. Onze tulbanddoeken zijn ambachtelijk geweven en kunnen daarom kleine kleurverschillen vertonen, wat een teken is van authentiek vakmanschap.<\/p>\n","protected":false},"featured_media":843630,"template":"","meta":{"_acf_changed":false,"om_disable_all_campaigns":false,"_monsterinsights_skip_tracking":false,"_monsterinsights_sitenote_active":false,"_monsterinsights_sitenote_note":"","_monsterinsights_sitenote_category":0},"product_brand":[1670],"product_cat":[4716,4757,4806],"product_tag":[],"class_list":{"0":"post-843629","1":"product","2":"type-product","3":"status-publish","4":"has-post-thumbnail","6":"product_supplier-a403","7":"product_material-viscose","8":"product_brand-spasso","9":"product_cat-kleding","10":"product_cat-kleding-kleding-accessoires","11":"product_cat-kleding-kleding-accessoires-sjaals","12":"entry","14":"first","15":"instock","16":"taxable","17":"shipping-taxable","18":"purchasable","19":"product-type-variable"},"acf":{"imprint_cost":[{"imprint_cost_key":"33483b79de35c41f6a5968127e3727b83ce2fe0b","product_quantity_price_range":[{"imprint_cost_recommended_selling_price":"0","imprint_cost_recommended_selling_quantity":"1"}],"product_quantity_price_range_buying":false,"imprint_cost_setup_costs":"","imprint_cost_handling_costs":""}]},"aioseo_notices":[],"aioseo_head":"\n\t\t<!-- All in One SEO Pro 4.9.6.2 - aioseo.com -->\n\t<meta name=\"description\" content=\"Modell SP143 begleitet dich als wendbarer Viskose-Schal im Blue-Checkerboard-Look. One-Size passt l\u00e4ssig zu Streetwear &amp; Events; auf Wunsch l\u00e4sst du dein Logo von Hidalgo pr\u00e4zise bedrucken - ideal als Promotionsartikel f\u00fcr die Zielgruppe 20-40.\" \/>\n\t<meta name=\"robots\" content=\"max-image-preview:large\" \/>\n\t<link rel=\"canonical\" href=\"https:\/\/hidalgo.nl\/de\/wp-json\/wp\/v2\/product\/843629\" \/>\n\t<meta name=\"generator\" content=\"All in One SEO Pro (AIOSEO) 4.9.6.2\" \/>\n\t\t<meta property=\"og:locale\" content=\"de_DE\" \/>\n\t\t<meta property=\"og:site_name\" content=\"Hidalgo -\" \/>\n\t\t<meta property=\"og:type\" content=\"article\" \/>\n\t\t<meta property=\"og:title\" content=\"Turban-Schal bedrucken wendbar Viskose Karomuster One-size\" \/>\n\t\t<meta property=\"og:description\" content=\"Modell SP143 begleitet dich als wendbarer Viskose-Schal im Blue-Checkerboard-Look. One-Size passt l\u00e4ssig zu Streetwear &amp; Events; auf Wunsch l\u00e4sst du dein Logo von Hidalgo pr\u00e4zise bedrucken - ideal als Promotionsartikel f\u00fcr die Zielgruppe 20-40.\" \/>\n\t\t<meta property=\"og:url\" content=\"https:\/\/hidalgo.nl\/de\/wp-json\/wp\/v2\/product\/843629\" \/>\n\t\t<meta property=\"og:image\" content=\"https:\/\/shop.hidalgo.nl\/wp-content\/uploads\/2025\/11\/cropped-Hidalgo-est1993.png\" \/>\n\t\t<meta property=\"og:image:secure_url\" content=\"https:\/\/shop.hidalgo.nl\/wp-content\/uploads\/2025\/11\/cropped-Hidalgo-est1993.png\" \/>\n\t\t<meta property=\"article:published_time\" content=\"2026-02-16T09:52:45+00:00\" \/>\n\t\t<meta property=\"article:modified_time\" content=\"2026-03-21T17:25:15+00:00\" \/>\n\t\t<meta name=\"twitter:card\" content=\"summary_large_image\" \/>\n\t\t<meta name=\"twitter:title\" content=\"Turban-Schal bedrucken wendbar Viskose Karomuster One-size\" \/>\n\t\t<meta name=\"twitter:description\" content=\"Modell SP143 begleitet dich als wendbarer Viskose-Schal im Blue-Checkerboard-Look. One-Size passt l\u00e4ssig zu Streetwear &amp; Events; auf Wunsch l\u00e4sst du dein Logo von Hidalgo pr\u00e4zise bedrucken - ideal als Promotionsartikel f\u00fcr die Zielgruppe 20-40.\" \/>\n\t\t<meta name=\"twitter:image\" content=\"https:\/\/shop.hidalgo.nl\/wp-content\/uploads\/2025\/11\/cropped-Hidalgo-est1993.png\" \/>\n\t\t<script type=\"application\/ld+json\" class=\"aioseo-schema\">\n\t\t\t{\"@context\":\"https:\\\/\\\/schema.org\",\"@graph\":[{\"@type\":\"BreadcrumbList\",\"@id\":\"https:\\\/\\\/hidalgo.nl\\\/de\\\/product\\\/843629\\\/turban-schal-bedrucken-wendbar-viskose-karomuster-one-size\\\/#breadcrumblist\",\"itemListElement\":[{\"@type\":\"ListItem\",\"@id\":\"https:\\\/\\\/hidalgo.nl\\\/de\\\/#listItem\",\"position\":1,\"name\":\"Home\",\"item\":\"https:\\\/\\\/hidalgo.nl\\\/de\\\/\",\"nextItem\":{\"@type\":\"ListItem\",\"@id\":\"https:\\\/\\\/hidalgo.nl\\\/example\\\/#listItem\",\"name\":\"example\"}},{\"@type\":\"ListItem\",\"@id\":\"https:\\\/\\\/hidalgo.nl\\\/example\\\/#listItem\",\"position\":2,\"name\":\"example\",\"item\":\"https:\\\/\\\/hidalgo.nl\\\/example\\\/\",\"nextItem\":{\"@type\":\"ListItem\",\"@id\":\"https:\\\/\\\/hidalgo.nl\\\/en\\\/product-supplier\\\/a403\\\/#listItem\",\"name\":\"A403\"},\"previousItem\":{\"@type\":\"ListItem\",\"@id\":\"https:\\\/\\\/hidalgo.nl\\\/de\\\/#listItem\",\"name\":\"Home\"}},{\"@type\":\"ListItem\",\"@id\":\"https:\\\/\\\/hidalgo.nl\\\/en\\\/product-supplier\\\/a403\\\/#listItem\",\"position\":3,\"name\":\"A403\",\"item\":\"https:\\\/\\\/hidalgo.nl\\\/en\\\/product-supplier\\\/a403\\\/\",\"nextItem\":{\"@type\":\"ListItem\",\"@id\":\"https:\\\/\\\/hidalgo.nl\\\/de\\\/product\\\/843629\\\/turban-schal-bedrucken-wendbar-viskose-karomuster-one-size\\\/#listItem\",\"name\":\"SP143 &#8211; Omkeerbare uniseks tulbanddoek\"},\"previousItem\":{\"@type\":\"ListItem\",\"@id\":\"https:\\\/\\\/hidalgo.nl\\\/example\\\/#listItem\",\"name\":\"example\"}},{\"@type\":\"ListItem\",\"@id\":\"https:\\\/\\\/hidalgo.nl\\\/de\\\/product\\\/843629\\\/turban-schal-bedrucken-wendbar-viskose-karomuster-one-size\\\/#listItem\",\"position\":4,\"name\":\"SP143 &#8211; Omkeerbare uniseks tulbanddoek\",\"previousItem\":{\"@type\":\"ListItem\",\"@id\":\"https:\\\/\\\/hidalgo.nl\\\/en\\\/product-supplier\\\/a403\\\/#listItem\",\"name\":\"A403\"}}]},{\"@type\":\"Organization\",\"@id\":\"https:\\\/\\\/hidalgo.nl\\\/de\\\/#organization\",\"name\":\"Hidalgo\",\"url\":\"https:\\\/\\\/hidalgo.nl\\\/de\\\/\",\"logo\":{\"@type\":\"ImageObject\",\"url\":\"https:\\\/\\\/shop.hidalgo.nl\\\/wp-content\\\/uploads\\\/2025\\\/11\\\/cropped-Hidalgo-est1993.png\",\"@id\":\"https:\\\/\\\/hidalgo.nl\\\/de\\\/product\\\/843629\\\/turban-schal-bedrucken-wendbar-viskose-karomuster-one-size\\\/#organizationLogo\",\"width\":585,\"height\":195},\"image\":{\"@id\":\"https:\\\/\\\/hidalgo.nl\\\/de\\\/product\\\/843629\\\/turban-schal-bedrucken-wendbar-viskose-karomuster-one-size\\\/#organizationLogo\"}},{\"@type\":\"ProductGroup\",\"@id\":\"https:\\\/\\\/hidalgo.nl\\\/de\\\/product\\\/843629\\\/turban-schal-bedrucken-wendbar-viskose-karomuster-one-size\\\/#wooCommerceProduct\",\"name\":\"Turban-Schal bedrucken wendbar Viskose Karomuster One-size\",\"url\":\"https:\\\/\\\/hidalgo.nl\\\/de\\\/product\\\/843629\\\/turban-schal-bedrucken-wendbar-viskose-karomuster-one-size\\\/\",\"brand\":{\"@type\":\"Brand\",\"name\":\"Spasso\"},\"sku\":\"A403-SP143\",\"image\":{\"@type\":\"ImageObject\",\"url\":\"https:\\\/\\\/shop.hidalgo.nl\\\/wp-content\\\/uploads\\\/2025\\\/12\\\/e755fdfe375ccddd60381ffa2fd0b5e956d13bb2f98b520a8911db12ddfd7ea7.jpg\",\"@id\":\"https:\\\/\\\/hidalgo.nl\\\/de\\\/product\\\/843629\\\/turban-schal-bedrucken-wendbar-viskose-karomuster-one-size\\\/#productImage\"},\"productGroupID\":843629,\"hasVariant\":[{\"@type\":\"Product\",\"@id\":\"https:\\\/\\\/hidalgo.nl\\\/de\\\/product\\\/843629\\\/turban-schal-bedrucken-wendbar-viskose-karomuster-one-size\\\/#wooCommerceProduct\",\"name\":\"SP143 - Omkeerbare uniseks tulbanddoek - one-size, blue-checkerboard\",\"url\":\"https:\\\/\\\/hidalgo.nl\\\/de\\\/product\\\/843629\\\/turban-schal-bedrucken-wendbar-viskose-karomuster-one-size\\\/\",\"sku\":\"A403-SP143_93574_93573\",\"gtin\":\"3663639146180\",\"image\":{\"@type\":\"ImageObject\",\"url\":\"https:\\\/\\\/shop.hidalgo.nl\\\/wp-content\\\/uploads\\\/2025\\\/12\\\/e755fdfe375ccddd60381ffa2fd0b5e956d13bb2f98b520a8911db12ddfd7ea7.jpg\",\"@id\":\"https:\\\/\\\/hidalgo.nl\\\/de\\\/product\\\/843629\\\/turban-schal-bedrucken-wendbar-viskose-karomuster-one-size\\\/#productImage\"},\"offers\":{\"@type\":\"Offer\",\"url\":\"https:\\\/\\\/hidalgo.nl\\\/de\\\/product\\\/843629\\\/turban-schal-bedrucken-wendbar-viskose-karomuster-one-size\\\/#wooCommerceOffer\",\"price\":\"11.08\",\"priceCurrency\":\"EUR\",\"category\":\"Kleding\",\"availability\":\"https:\\\/\\\/schema.org\\\/InStock\",\"priceSpecification\":{\"@type\":\"PriceSpecification\",\"price\":11.08,\"priceCurrency\":\"EUR\",\"valueAddedTaxIncluded\":\"true\"}}}]},{\"@type\":\"WebPage\",\"@id\":\"https:\\\/\\\/hidalgo.nl\\\/de\\\/product\\\/843629\\\/turban-schal-bedrucken-wendbar-viskose-karomuster-one-size\\\/#webpage\",\"url\":\"https:\\\/\\\/hidalgo.nl\\\/de\\\/product\\\/843629\\\/turban-schal-bedrucken-wendbar-viskose-karomuster-one-size\\\/\",\"name\":\"Turban-Schal bedrucken wendbar Viskose Karomuster One-size\",\"description\":\"Modell SP143 begleitet dich als wendbarer Viskose-Schal im Blue-Checkerboard-Look. One-Size passt l\\u00e4ssig zu Streetwear & Events; auf Wunsch l\\u00e4sst du dein Logo von Hidalgo pr\\u00e4zise bedrucken - ideal als Promotionsartikel f\\u00fcr die Zielgruppe 20-40.\",\"inLanguage\":\"de-DE\",\"isPartOf\":{\"@id\":\"https:\\\/\\\/hidalgo.nl\\\/de\\\/#website\"},\"breadcrumb\":{\"@id\":\"https:\\\/\\\/hidalgo.nl\\\/de\\\/product\\\/843629\\\/turban-schal-bedrucken-wendbar-viskose-karomuster-one-size\\\/#breadcrumblist\"},\"image\":{\"@type\":\"ImageObject\",\"url\":\"https:\\\/\\\/shop.hidalgo.nl\\\/wp-content\\\/uploads\\\/2025\\\/12\\\/e755fdfe375ccddd60381ffa2fd0b5e956d13bb2f98b520a8911db12ddfd7ea7.jpg\",\"@id\":\"https:\\\/\\\/hidalgo.nl\\\/de\\\/product\\\/843629\\\/turban-schal-bedrucken-wendbar-viskose-karomuster-one-size\\\/#mainImage\"},\"primaryImageOfPage\":{\"@id\":\"https:\\\/\\\/hidalgo.nl\\\/de\\\/product\\\/843629\\\/turban-schal-bedrucken-wendbar-viskose-karomuster-one-size\\\/#mainImage\"},\"datePublished\":\"2026-02-16T09:52:45+00:00\",\"dateModified\":\"2026-03-21T17:25:15+00:00\"},{\"@type\":\"WebSite\",\"@id\":\"https:\\\/\\\/hidalgo.nl\\\/de\\\/#website\",\"url\":\"https:\\\/\\\/hidalgo.nl\\\/de\\\/\",\"name\":\"Hidalgo\",\"inLanguage\":\"de-DE\",\"publisher\":{\"@id\":\"https:\\\/\\\/hidalgo.nl\\\/de\\\/#organization\"}}]}\n\t\t<\/script>\n\t\t<!-- All in One SEO Pro -->\r\n\t\t<title>Turban-Schal bedrucken wendbar Viskose Karomuster One-size<\/title>\n\n","aioseo_head_json":{"title":"Turban-Schal bedrucken wendbar Viskose Karomuster One-size","description":"Modell SP143 begleitet dich als wendbarer Viskose-Schal im Blue-Checkerboard-Look. One-Size passt l\u00e4ssig zu Streetwear & Events; auf Wunsch l\u00e4sst du dein Logo von Hidalgo pr\u00e4zise bedrucken - ideal als Promotionsartikel f\u00fcr die Zielgruppe 20-40.","canonical_url":"https:\/\/hidalgo.nl\/de\/wp-json\/wp\/v2\/product\/843629","robots":"max-image-preview:large","keywords":"","webmasterTools":{"miscellaneous":""},"schema":{"@context":"https:\/\/schema.org","@graph":[{"@type":"BreadcrumbList","@id":"https:\/\/hidalgo.nl\/de\/product\/843629\/turban-schal-bedrucken-wendbar-viskose-karomuster-one-size\/#breadcrumblist","itemListElement":[{"@type":"ListItem","@id":"https:\/\/hidalgo.nl\/de\/#listItem","position":1,"name":"Home","item":"https:\/\/hidalgo.nl\/de\/","nextItem":{"@type":"ListItem","@id":"https:\/\/hidalgo.nl\/example\/#listItem","name":"example"}},{"@type":"ListItem","@id":"https:\/\/hidalgo.nl\/example\/#listItem","position":2,"name":"example","item":"https:\/\/hidalgo.nl\/example\/","nextItem":{"@type":"ListItem","@id":"https:\/\/hidalgo.nl\/en\/product-supplier\/a403\/#listItem","name":"A403"},"previousItem":{"@type":"ListItem","@id":"https:\/\/hidalgo.nl\/de\/#listItem","name":"Home"}},{"@type":"ListItem","@id":"https:\/\/hidalgo.nl\/en\/product-supplier\/a403\/#listItem","position":3,"name":"A403","item":"https:\/\/hidalgo.nl\/en\/product-supplier\/a403\/","nextItem":{"@type":"ListItem","@id":"https:\/\/hidalgo.nl\/de\/product\/843629\/turban-schal-bedrucken-wendbar-viskose-karomuster-one-size\/#listItem","name":"SP143 &#8211; Omkeerbare uniseks tulbanddoek"},"previousItem":{"@type":"ListItem","@id":"https:\/\/hidalgo.nl\/example\/#listItem","name":"example"}},{"@type":"ListItem","@id":"https:\/\/hidalgo.nl\/de\/product\/843629\/turban-schal-bedrucken-wendbar-viskose-karomuster-one-size\/#listItem","position":4,"name":"SP143 &#8211; Omkeerbare uniseks tulbanddoek","previousItem":{"@type":"ListItem","@id":"https:\/\/hidalgo.nl\/en\/product-supplier\/a403\/#listItem","name":"A403"}}]},{"@type":"Organization","@id":"https:\/\/hidalgo.nl\/de\/#organization","name":"Hidalgo","url":"https:\/\/hidalgo.nl\/de\/","logo":{"@type":"ImageObject","url":"https:\/\/shop.hidalgo.nl\/wp-content\/uploads\/2025\/11\/cropped-Hidalgo-est1993.png","@id":"https:\/\/hidalgo.nl\/de\/product\/843629\/turban-schal-bedrucken-wendbar-viskose-karomuster-one-size\/#organizationLogo","width":585,"height":195},"image":{"@id":"https:\/\/hidalgo.nl\/de\/product\/843629\/turban-schal-bedrucken-wendbar-viskose-karomuster-one-size\/#organizationLogo"}},{"@type":"ProductGroup","@id":"https:\/\/hidalgo.nl\/de\/product\/843629\/turban-schal-bedrucken-wendbar-viskose-karomuster-one-size\/#wooCommerceProduct","name":"Turban-Schal bedrucken wendbar Viskose Karomuster One-size","url":"https:\/\/hidalgo.nl\/de\/product\/843629\/turban-schal-bedrucken-wendbar-viskose-karomuster-one-size\/","brand":{"@type":"Brand","name":"Spasso"},"sku":"A403-SP143","image":{"@type":"ImageObject","url":"https:\/\/shop.hidalgo.nl\/wp-content\/uploads\/2025\/12\/e755fdfe375ccddd60381ffa2fd0b5e956d13bb2f98b520a8911db12ddfd7ea7.jpg","@id":"https:\/\/hidalgo.nl\/de\/product\/843629\/turban-schal-bedrucken-wendbar-viskose-karomuster-one-size\/#productImage"},"productGroupID":843629,"hasVariant":[{"@type":"Product","@id":"https:\/\/hidalgo.nl\/de\/product\/843629\/turban-schal-bedrucken-wendbar-viskose-karomuster-one-size\/#wooCommerceProduct","name":"SP143 - Omkeerbare uniseks tulbanddoek - one-size, blue-checkerboard","url":"https:\/\/hidalgo.nl\/de\/product\/843629\/turban-schal-bedrucken-wendbar-viskose-karomuster-one-size\/","sku":"A403-SP143_93574_93573","gtin":"3663639146180","image":{"@type":"ImageObject","url":"https:\/\/shop.hidalgo.nl\/wp-content\/uploads\/2025\/12\/e755fdfe375ccddd60381ffa2fd0b5e956d13bb2f98b520a8911db12ddfd7ea7.jpg","@id":"https:\/\/hidalgo.nl\/de\/product\/843629\/turban-schal-bedrucken-wendbar-viskose-karomuster-one-size\/#productImage"},"offers":{"@type":"Offer","url":"https:\/\/hidalgo.nl\/de\/product\/843629\/turban-schal-bedrucken-wendbar-viskose-karomuster-one-size\/#wooCommerceOffer","price":"11.08","priceCurrency":"EUR","category":"Kleding","availability":"https:\/\/schema.org\/InStock","priceSpecification":{"@type":"PriceSpecification","price":11.08,"priceCurrency":"EUR","valueAddedTaxIncluded":"true"}}}]},{"@type":"WebPage","@id":"https:\/\/hidalgo.nl\/de\/product\/843629\/turban-schal-bedrucken-wendbar-viskose-karomuster-one-size\/#webpage","url":"https:\/\/hidalgo.nl\/de\/product\/843629\/turban-schal-bedrucken-wendbar-viskose-karomuster-one-size\/","name":"Turban-Schal bedrucken wendbar Viskose Karomuster One-size","description":"Modell SP143 begleitet dich als wendbarer Viskose-Schal im Blue-Checkerboard-Look. One-Size passt l\u00e4ssig zu Streetwear & Events; auf Wunsch l\u00e4sst du dein Logo von Hidalgo pr\u00e4zise bedrucken - ideal als Promotionsartikel f\u00fcr die Zielgruppe 20-40.","inLanguage":"de-DE","isPartOf":{"@id":"https:\/\/hidalgo.nl\/de\/#website"},"breadcrumb":{"@id":"https:\/\/hidalgo.nl\/de\/product\/843629\/turban-schal-bedrucken-wendbar-viskose-karomuster-one-size\/#breadcrumblist"},"image":{"@type":"ImageObject","url":"https:\/\/shop.hidalgo.nl\/wp-content\/uploads\/2025\/12\/e755fdfe375ccddd60381ffa2fd0b5e956d13bb2f98b520a8911db12ddfd7ea7.jpg","@id":"https:\/\/hidalgo.nl\/de\/product\/843629\/turban-schal-bedrucken-wendbar-viskose-karomuster-one-size\/#mainImage"},"primaryImageOfPage":{"@id":"https:\/\/hidalgo.nl\/de\/product\/843629\/turban-schal-bedrucken-wendbar-viskose-karomuster-one-size\/#mainImage"},"datePublished":"2026-02-16T09:52:45+00:00","dateModified":"2026-03-21T17:25:15+00:00"},{"@type":"WebSite","@id":"https:\/\/hidalgo.nl\/de\/#website","url":"https:\/\/hidalgo.nl\/de\/","name":"Hidalgo","inLanguage":"de-DE","publisher":{"@id":"https:\/\/hidalgo.nl\/de\/#organization"}}]},"og:locale":"de_DE","og:site_name":"Hidalgo -","og:type":"article","og:title":"Turban-Schal bedrucken wendbar Viskose Karomuster One-size","og:description":"Modell SP143 begleitet dich als wendbarer Viskose-Schal im Blue-Checkerboard-Look. One-Size passt l\u00e4ssig zu Streetwear &amp; Events; auf Wunsch l\u00e4sst du dein Logo von Hidalgo pr\u00e4zise bedrucken - ideal als Promotionsartikel f\u00fcr die Zielgruppe 20-40.","og:url":"https:\/\/hidalgo.nl\/de\/wp-json\/wp\/v2\/product\/843629","og:image":"https:\/\/shop.hidalgo.nl\/wp-content\/uploads\/2025\/11\/cropped-Hidalgo-est1993.png","og:image:secure_url":"https:\/\/shop.hidalgo.nl\/wp-content\/uploads\/2025\/11\/cropped-Hidalgo-est1993.png","article:published_time":"2026-02-16T09:52:45+00:00","article:modified_time":"2026-03-21T17:25:15+00:00","twitter:card":"summary_large_image","twitter:title":"Turban-Schal bedrucken wendbar Viskose Karomuster One-size","twitter:description":"Modell SP143 begleitet dich als wendbarer Viskose-Schal im Blue-Checkerboard-Look. One-Size passt l\u00e4ssig zu Streetwear &amp; Events; auf Wunsch l\u00e4sst du dein Logo von Hidalgo pr\u00e4zise bedrucken - ideal als Promotionsartikel f\u00fcr die Zielgruppe 20-40.","twitter:image":"https:\/\/shop.hidalgo.nl\/wp-content\/uploads\/2025\/11\/cropped-Hidalgo-est1993.png"},"aioseo_meta_data":{"post_id":"843629","title":null,"description":null,"keywords":null,"keyphrases":null,"primary_term":null,"canonical_url":null,"og_title":null,"og_description":null,"og_object_type":"default","og_image_type":"default","og_image_url":null,"og_image_width":null,"og_image_height":null,"og_image_custom_url":null,"og_image_custom_fields":null,"og_video":null,"og_custom_url":null,"og_article_section":null,"og_article_tags":null,"twitter_use_og":false,"twitter_card":"default","twitter_image_type":"default","twitter_image_url":null,"twitter_image_custom_url":null,"twitter_image_custom_fields":null,"twitter_title":null,"twitter_description":null,"schema":{"blockGraphs":[],"customGraphs":[],"default":{"data":{"Article":[],"Course":[],"Dataset":[],"FAQPage":[],"Movie":[],"Person":[],"Product":[],"ProductReview":[],"Car":[],"Recipe":[],"Service":[],"SoftwareApplication":[],"WebPage":[]},"graphName":"","isEnabled":true},"graphs":[]},"schema_type":"default","schema_type_options":null,"pillar_content":false,"robots_default":true,"robots_noindex":false,"robots_noarchive":false,"robots_nosnippet":false,"robots_nofollow":false,"robots_noimageindex":false,"robots_noodp":false,"robots_notranslate":false,"robots_max_snippet":null,"robots_max_videopreview":null,"robots_max_imagepreview":"large","priority":null,"frequency":null,"local_seo":null,"seo_analyzer_scan_date":"2026-02-16 12:40:20","breadcrumb_settings":null,"limit_modified_date":false,"reviewed_by":null,"open_ai":null,"ai":null,"created":"2026-02-16 09:53:48","updated":"2026-04-23 17:13:49"},"aioseo_breadcrumb":"<div class=\"aioseo-breadcrumbs\"><span class=\"aioseo-breadcrumb\">\n\t<a href=\"https:\/\/hidalgo.nl\/de\/\" title=\"Home\">Home<\/a>\n<\/span><span class=\"aioseo-breadcrumb-separator\">\u00bb<\/span><span class=\"aioseo-breadcrumb\">\n\t<a href=\"https:\/\/hidalgo.nl\/example\/\" title=\"example\">example<\/a>\n<\/span><span class=\"aioseo-breadcrumb-separator\">\u00bb<\/span><span class=\"aioseo-breadcrumb\">\n\t<a href=\"https:\/\/hidalgo.nl\/en\/product-supplier\/a403\/\" title=\"A403\">A403<\/a>\n<\/span><span class=\"aioseo-breadcrumb-separator\">\u00bb<\/span><span class=\"aioseo-breadcrumb\">\n\tSP143 \u2013 Omkeerbare uniseks tulbanddoek\n<\/span><\/div>","aioseo_breadcrumb_json":[{"label":"Home","link":"https:\/\/hidalgo.nl\/de\/"},{"label":"example","link":"https:\/\/hidalgo.nl\/example\/"},{"label":"A403","link":"https:\/\/hidalgo.nl\/en\/product-supplier\/a403\/"},{"label":"SP143 &#8211; Omkeerbare uniseks tulbanddoek","link":"https:\/\/hidalgo.nl\/de\/product\/843629\/turban-schal-bedrucken-wendbar-viskose-karomuster-one-size\/"}],"_links":{"self":[{"href":"https:\/\/hidalgo.nl\/de\/wp-json\/wp\/v2\/product\/843629","targetHints":{"allow":["GET"]}}],"collection":[{"href":"https:\/\/hidalgo.nl\/de\/wp-json\/wp\/v2\/product"}],"about":[{"href":"https:\/\/hidalgo.nl\/de\/wp-json\/wp\/v2\/types\/product"}],"wp:featuredmedia":[{"embeddable":true,"href":"https:\/\/hidalgo.nl\/de\/wp-json\/wp\/v2\/media\/843630"}],"wp:attachment":[{"href":"https:\/\/hidalgo.nl\/de\/wp-json\/wp\/v2\/media?parent=843629"}],"wp:term":[{"taxonomy":"product_brand","embeddable":true,"href":"https:\/\/hidalgo.nl\/de\/wp-json\/wp\/v2\/product_brand?post=843629"},{"taxonomy":"product_cat","embeddable":true,"href":"https:\/\/hidalgo.nl\/de\/wp-json\/wp\/v2\/product_cat?post=843629"},{"taxonomy":"product_tag","embeddable":true,"href":"https:\/\/hidalgo.nl\/de\/wp-json\/wp\/v2\/product_tag?post=843629"}],"curies":[{"name":"wp","href":"https:\/\/api.w.org\/{rel}","templated":true}]}}