{"id":843396,"date":"2026-02-16T09:34:53","date_gmt":"2026-02-16T09:34:53","guid":{"rendered":"https:\/\/hidalgo.nl\/product\/oslo-magic-subli-mok-300ml\/"},"modified":"2026-04-24T07:44:46","modified_gmt":"2026-04-24T07:44:46","slug":"oslo-magic-subli-mok-300ml","status":"publish","type":"product","link":"https:\/\/hidalgo.nl\/de\/product\/843396\/zaubertasse-bedrucken-oslo-keramik-300ml\/","title":{"rendered":"Oslo magic subli mok 300ml"},"content":{"rendered":"<p>Ervaar de magie van de Oslo kleurveranderende mok. Met een capaciteit van 300 ml verandert deze mok van kleur en onthult de afdruk eronder wanneer deze wordt gevuld met hete vloeistof, wat een leuk en interactief element aan uw drinkgerei toevoegt.<\/p>\n","protected":false},"excerpt":{"rendered":"<p>Ervaar de magie van de Oslo kleurveranderende mok. Met een capaciteit van 300 ml verandert deze mok van kleur en onthult de afdruk eronder wanneer deze wordt gevuld met hete vloeistof, wat een leuk en interactief element aan uw drinkgerei toevoegt.<\/p>\n","protected":false},"featured_media":843397,"template":"","meta":{"_acf_changed":false,"om_disable_all_campaigns":false,"_monsterinsights_skip_tracking":false,"_monsterinsights_sitenote_active":false,"_monsterinsights_sitenote_note":"","_monsterinsights_sitenote_category":0},"product_brand":[],"product_cat":[4732,4915,4833],"product_tag":[],"class_list":{"0":"post-843396","1":"product","2":"type-product","3":"status-publish","4":"has-post-thumbnail","6":"product_supplier-a53","7":"product_cat-bidons-drinkflessen","8":"product_cat-bidons-drinkflessen-mokken-en-bekers-mokken","9":"product_cat-bidons-drinkflessen-mokken-en-bekers","10":"entry","12":"first","13":"instock","14":"taxable","15":"shipping-taxable","16":"purchasable","17":"product-type-variable"},"acf":{"imprint_cost":[{"imprint_cost_key":"befc21d86c7b33d6847047c60fc9a240252de57f","product_quantity_price_range":[{"imprint_cost_recommended_selling_price":"2.835","imprint_cost_recommended_selling_quantity":"1"},{"imprint_cost_recommended_selling_price":"2.3625","imprint_cost_recommended_selling_quantity":"10"},{"imprint_cost_recommended_selling_price":"1.935","imprint_cost_recommended_selling_quantity":"25"},{"imprint_cost_recommended_selling_price":"1.575","imprint_cost_recommended_selling_quantity":"50"},{"imprint_cost_recommended_selling_price":"1.1175","imprint_cost_recommended_selling_quantity":"100"},{"imprint_cost_recommended_selling_price":"1.0575","imprint_cost_recommended_selling_quantity":"250"},{"imprint_cost_recommended_selling_price":"1.005","imprint_cost_recommended_selling_quantity":"500"},{"imprint_cost_recommended_selling_price":"0.945","imprint_cost_recommended_selling_quantity":"1000"},{"imprint_cost_recommended_selling_price":"0.8325","imprint_cost_recommended_selling_quantity":"2500"},{"imprint_cost_recommended_selling_price":"0.69","imprint_cost_recommended_selling_quantity":"5000"},{"imprint_cost_recommended_selling_price":"0.585","imprint_cost_recommended_selling_quantity":"10000"}],"product_quantity_price_range_buying":[{"imprint_cost_general_buying_price":"1.89","imprint_cost_general_buying_quantity":"1"},{"imprint_cost_general_buying_price":"1.575","imprint_cost_general_buying_quantity":"10"},{"imprint_cost_general_buying_price":"1.29","imprint_cost_general_buying_quantity":"25"},{"imprint_cost_general_buying_price":"1.05","imprint_cost_general_buying_quantity":"50"},{"imprint_cost_general_buying_price":"0.745","imprint_cost_general_buying_quantity":"100"},{"imprint_cost_general_buying_price":"0.705","imprint_cost_general_buying_quantity":"250"},{"imprint_cost_general_buying_price":"0.67","imprint_cost_general_buying_quantity":"500"},{"imprint_cost_general_buying_price":"0.63","imprint_cost_general_buying_quantity":"1000"},{"imprint_cost_general_buying_price":"0.555","imprint_cost_general_buying_quantity":"2500"},{"imprint_cost_general_buying_price":"0.46","imprint_cost_general_buying_quantity":"5000"},{"imprint_cost_general_buying_price":"0.39","imprint_cost_general_buying_quantity":"10000"}],"imprint_cost_setup_costs":"54","imprint_cost_handling_costs":"0"}]},"aioseo_notices":[],"aioseo_head":"\n\t\t<!-- All in One SEO Pro 4.9.7 - aioseo.com -->\n\t<meta name=\"description\" content=\"Das Modell Oslo mit 300 ml enth\u00fcllt dein Motiv, sobald du es mit hei\u00dfem Getr\u00e4nk f\u00fcllst - ein \u00fcberraschender Effekt, der im Alltag und bei Events wirkt. Hidalgo bringt dein Logo per Sublimationsdruck dauerhaft auf die Oberfl\u00e4che, ideal f\u00fcrs B\u00fcro, Team &amp; Vereinsaktionen.\" \/>\n\t<meta name=\"robots\" content=\"max-image-preview:large\" \/>\n\t<link rel=\"canonical\" href=\"https:\/\/hidalgo.nl\/de\/wp-json\/wp\/v2\/product\/843396\" \/>\n\t<meta name=\"generator\" content=\"All in One SEO Pro (AIOSEO) 4.9.7\" \/>\n\t\t<meta property=\"og:locale\" content=\"de_DE\" \/>\n\t\t<meta property=\"og:site_name\" content=\"Hidalgo -\" \/>\n\t\t<meta property=\"og:type\" content=\"article\" \/>\n\t\t<meta property=\"og:title\" content=\"Zaubertasse bedrucken Oslo Keramik 300ml\" \/>\n\t\t<meta property=\"og:description\" content=\"Das Modell Oslo mit 300 ml enth\u00fcllt dein Motiv, sobald du es mit hei\u00dfem Getr\u00e4nk f\u00fcllst - ein \u00fcberraschender Effekt, der im Alltag und bei Events wirkt. Hidalgo bringt dein Logo per Sublimationsdruck dauerhaft auf die Oberfl\u00e4che, ideal f\u00fcrs B\u00fcro, Team &amp; Vereinsaktionen.\" \/>\n\t\t<meta property=\"og:url\" content=\"https:\/\/hidalgo.nl\/de\/wp-json\/wp\/v2\/product\/843396\" \/>\n\t\t<meta property=\"og:image\" content=\"https:\/\/shop.hidalgo.nl\/wp-content\/uploads\/2025\/11\/cropped-Hidalgo-est1993.png\" \/>\n\t\t<meta property=\"og:image:secure_url\" content=\"https:\/\/shop.hidalgo.nl\/wp-content\/uploads\/2025\/11\/cropped-Hidalgo-est1993.png\" \/>\n\t\t<meta property=\"article:published_time\" content=\"2026-02-16T09:34:53+00:00\" \/>\n\t\t<meta property=\"article:modified_time\" content=\"2026-04-24T07:44:46+00:00\" \/>\n\t\t<meta name=\"twitter:card\" content=\"summary_large_image\" \/>\n\t\t<meta name=\"twitter:title\" content=\"Zaubertasse bedrucken Oslo Keramik 300ml\" \/>\n\t\t<meta name=\"twitter:description\" content=\"Das Modell Oslo mit 300 ml enth\u00fcllt dein Motiv, sobald du es mit hei\u00dfem Getr\u00e4nk f\u00fcllst - ein \u00fcberraschender Effekt, der im Alltag und bei Events wirkt. Hidalgo bringt dein Logo per Sublimationsdruck dauerhaft auf die Oberfl\u00e4che, ideal f\u00fcrs B\u00fcro, Team &amp; Vereinsaktionen.\" \/>\n\t\t<meta name=\"twitter:image\" content=\"https:\/\/shop.hidalgo.nl\/wp-content\/uploads\/2025\/11\/cropped-Hidalgo-est1993.png\" \/>\n\t\t<script type=\"application\/ld+json\" class=\"aioseo-schema\">\n\t\t\t{\"@context\":\"https:\\\/\\\/schema.org\",\"@graph\":[{\"@type\":\"BreadcrumbList\",\"@id\":\"https:\\\/\\\/hidalgo.nl\\\/de\\\/product\\\/843396\\\/zaubertasse-bedrucken-oslo-keramik-300ml\\\/#breadcrumblist\",\"itemListElement\":[{\"@type\":\"ListItem\",\"@id\":\"https:\\\/\\\/hidalgo.nl\\\/de\\\/#listItem\",\"position\":1,\"name\":\"Home\",\"item\":\"https:\\\/\\\/hidalgo.nl\\\/de\\\/\",\"nextItem\":{\"@type\":\"ListItem\",\"@id\":\"https:\\\/\\\/hidalgo.nl\\\/example\\\/#listItem\",\"name\":\"example\"}},{\"@type\":\"ListItem\",\"@id\":\"https:\\\/\\\/hidalgo.nl\\\/example\\\/#listItem\",\"position\":2,\"name\":\"example\",\"item\":\"https:\\\/\\\/hidalgo.nl\\\/example\\\/\",\"nextItem\":{\"@type\":\"ListItem\",\"@id\":\"https:\\\/\\\/hidalgo.nl\\\/en\\\/product-supplier\\\/a53\\\/#listItem\",\"name\":\"A53\"},\"previousItem\":{\"@type\":\"ListItem\",\"@id\":\"https:\\\/\\\/hidalgo.nl\\\/de\\\/#listItem\",\"name\":\"Home\"}},{\"@type\":\"ListItem\",\"@id\":\"https:\\\/\\\/hidalgo.nl\\\/en\\\/product-supplier\\\/a53\\\/#listItem\",\"position\":3,\"name\":\"A53\",\"item\":\"https:\\\/\\\/hidalgo.nl\\\/en\\\/product-supplier\\\/a53\\\/\",\"nextItem\":{\"@type\":\"ListItem\",\"@id\":\"https:\\\/\\\/hidalgo.nl\\\/de\\\/product\\\/843396\\\/zaubertasse-bedrucken-oslo-keramik-300ml\\\/#listItem\",\"name\":\"Oslo magic subli mok 300ml\"},\"previousItem\":{\"@type\":\"ListItem\",\"@id\":\"https:\\\/\\\/hidalgo.nl\\\/example\\\/#listItem\",\"name\":\"example\"}},{\"@type\":\"ListItem\",\"@id\":\"https:\\\/\\\/hidalgo.nl\\\/de\\\/product\\\/843396\\\/zaubertasse-bedrucken-oslo-keramik-300ml\\\/#listItem\",\"position\":4,\"name\":\"Oslo magic subli mok 300ml\",\"previousItem\":{\"@type\":\"ListItem\",\"@id\":\"https:\\\/\\\/hidalgo.nl\\\/en\\\/product-supplier\\\/a53\\\/#listItem\",\"name\":\"A53\"}}]},{\"@type\":\"Organization\",\"@id\":\"https:\\\/\\\/hidalgo.nl\\\/de\\\/#organization\",\"name\":\"Hidalgo\",\"url\":\"https:\\\/\\\/hidalgo.nl\\\/de\\\/\",\"logo\":{\"@type\":\"ImageObject\",\"url\":\"https:\\\/\\\/shop.hidalgo.nl\\\/wp-content\\\/uploads\\\/2025\\\/11\\\/cropped-Hidalgo-est1993.png\",\"@id\":\"https:\\\/\\\/hidalgo.nl\\\/de\\\/product\\\/843396\\\/zaubertasse-bedrucken-oslo-keramik-300ml\\\/#organizationLogo\",\"width\":585,\"height\":195},\"image\":{\"@id\":\"https:\\\/\\\/hidalgo.nl\\\/de\\\/product\\\/843396\\\/zaubertasse-bedrucken-oslo-keramik-300ml\\\/#organizationLogo\"}},{\"@type\":\"ProductGroup\",\"@id\":\"https:\\\/\\\/hidalgo.nl\\\/de\\\/product\\\/843396\\\/zaubertasse-bedrucken-oslo-keramik-300ml\\\/#wooCommerceProduct\",\"name\":\"Zaubertasse bedrucken Oslo Keramik 300ml\",\"url\":\"https:\\\/\\\/hidalgo.nl\\\/de\\\/product\\\/843396\\\/zaubertasse-bedrucken-oslo-keramik-300ml\\\/\",\"sku\":\"A53-LT51106\",\"image\":{\"@type\":\"ImageObject\",\"url\":\"https:\\\/\\\/shop.hidalgo.nl\\\/wp-content\\\/uploads\\\/2025\\\/04\\\/df5caa97ed8bcaac096e50c0d78e6674986034082a73436fc7c63d8932ed650c.jpg\",\"@id\":\"https:\\\/\\\/hidalgo.nl\\\/de\\\/product\\\/843396\\\/zaubertasse-bedrucken-oslo-keramik-300ml\\\/#productImage\"},\"productGroupID\":843396,\"hasVariant\":[{\"@type\":\"Product\",\"@id\":\"https:\\\/\\\/hidalgo.nl\\\/de\\\/product\\\/843396\\\/zaubertasse-bedrucken-oslo-keramik-300ml\\\/#wooCommerceProduct\",\"name\":\"Oslo magic subli mok 300ml - wit\",\"url\":\"https:\\\/\\\/hidalgo.nl\\\/de\\\/product\\\/843396\\\/zaubertasse-bedrucken-oslo-keramik-300ml\\\/\",\"sku\":\"A53-LT51106-N0201\",\"image\":{\"@type\":\"ImageObject\",\"url\":\"https:\\\/\\\/shop.hidalgo.nl\\\/wp-content\\\/uploads\\\/2025\\\/04\\\/59a732f359cb7f6adba597b961f5b7cf5b9f13925d01e877f471de5355c91f9c.jpg\",\"@id\":\"https:\\\/\\\/hidalgo.nl\\\/de\\\/product\\\/843396\\\/zaubertasse-bedrucken-oslo-keramik-300ml\\\/#productImage\"},\"offers\":{\"@type\":\"Offer\",\"url\":\"https:\\\/\\\/hidalgo.nl\\\/de\\\/product\\\/843396\\\/zaubertasse-bedrucken-oslo-keramik-300ml\\\/#wooCommerceOffer\",\"price\":\"7.23\",\"priceCurrency\":\"EUR\",\"category\":\"Bidons &amp; drinkflessen\",\"availability\":\"https:\\\/\\\/schema.org\\\/InStock\",\"priceSpecification\":{\"@type\":\"PriceSpecification\",\"price\":7.23,\"priceCurrency\":\"EUR\",\"valueAddedTaxIncluded\":\"true\"}}}]},{\"@type\":\"WebPage\",\"@id\":\"https:\\\/\\\/hidalgo.nl\\\/de\\\/product\\\/843396\\\/zaubertasse-bedrucken-oslo-keramik-300ml\\\/#webpage\",\"url\":\"https:\\\/\\\/hidalgo.nl\\\/de\\\/product\\\/843396\\\/zaubertasse-bedrucken-oslo-keramik-300ml\\\/\",\"name\":\"Zaubertasse bedrucken Oslo Keramik 300ml\",\"description\":\"Das Modell Oslo mit 300 ml enth\\u00fcllt dein Motiv, sobald du es mit hei\\u00dfem Getr\\u00e4nk f\\u00fcllst - ein \\u00fcberraschender Effekt, der im Alltag und bei Events wirkt. Hidalgo bringt dein Logo per Sublimationsdruck dauerhaft auf die Oberfl\\u00e4che, ideal f\\u00fcrs B\\u00fcro, Team & Vereinsaktionen.\",\"inLanguage\":\"de-DE\",\"isPartOf\":{\"@id\":\"https:\\\/\\\/hidalgo.nl\\\/de\\\/#website\"},\"breadcrumb\":{\"@id\":\"https:\\\/\\\/hidalgo.nl\\\/de\\\/product\\\/843396\\\/zaubertasse-bedrucken-oslo-keramik-300ml\\\/#breadcrumblist\"},\"image\":{\"@type\":\"ImageObject\",\"url\":\"https:\\\/\\\/shop.hidalgo.nl\\\/wp-content\\\/uploads\\\/2025\\\/04\\\/df5caa97ed8bcaac096e50c0d78e6674986034082a73436fc7c63d8932ed650c.jpg\",\"@id\":\"https:\\\/\\\/hidalgo.nl\\\/de\\\/product\\\/843396\\\/zaubertasse-bedrucken-oslo-keramik-300ml\\\/#mainImage\"},\"primaryImageOfPage\":{\"@id\":\"https:\\\/\\\/hidalgo.nl\\\/de\\\/product\\\/843396\\\/zaubertasse-bedrucken-oslo-keramik-300ml\\\/#mainImage\"},\"datePublished\":\"2026-02-16T09:34:53+00:00\",\"dateModified\":\"2026-04-24T07:44:46+00:00\"},{\"@type\":\"WebSite\",\"@id\":\"https:\\\/\\\/hidalgo.nl\\\/de\\\/#website\",\"url\":\"https:\\\/\\\/hidalgo.nl\\\/de\\\/\",\"name\":\"Hidalgo\",\"inLanguage\":\"de-DE\",\"publisher\":{\"@id\":\"https:\\\/\\\/hidalgo.nl\\\/de\\\/#organization\"}}]}\n\t\t<\/script>\n\t\t<!-- All in One SEO Pro -->\r\n\t\t<title>Zaubertasse bedrucken Oslo Keramik 300ml<\/title>\n\n","aioseo_head_json":{"title":"Zaubertasse bedrucken Oslo Keramik 300ml","description":"Das Modell Oslo mit 300 ml enth\u00fcllt dein Motiv, sobald du es mit hei\u00dfem Getr\u00e4nk f\u00fcllst - ein \u00fcberraschender Effekt, der im Alltag und bei Events wirkt. Hidalgo bringt dein Logo per Sublimationsdruck dauerhaft auf die Oberfl\u00e4che, ideal f\u00fcrs B\u00fcro, Team & Vereinsaktionen.","canonical_url":"https:\/\/hidalgo.nl\/de\/wp-json\/wp\/v2\/product\/843396","robots":"max-image-preview:large","keywords":"","webmasterTools":{"miscellaneous":""},"schema":{"@context":"https:\/\/schema.org","@graph":[{"@type":"BreadcrumbList","@id":"https:\/\/hidalgo.nl\/de\/product\/843396\/zaubertasse-bedrucken-oslo-keramik-300ml\/#breadcrumblist","itemListElement":[{"@type":"ListItem","@id":"https:\/\/hidalgo.nl\/de\/#listItem","position":1,"name":"Home","item":"https:\/\/hidalgo.nl\/de\/","nextItem":{"@type":"ListItem","@id":"https:\/\/hidalgo.nl\/example\/#listItem","name":"example"}},{"@type":"ListItem","@id":"https:\/\/hidalgo.nl\/example\/#listItem","position":2,"name":"example","item":"https:\/\/hidalgo.nl\/example\/","nextItem":{"@type":"ListItem","@id":"https:\/\/hidalgo.nl\/en\/product-supplier\/a53\/#listItem","name":"A53"},"previousItem":{"@type":"ListItem","@id":"https:\/\/hidalgo.nl\/de\/#listItem","name":"Home"}},{"@type":"ListItem","@id":"https:\/\/hidalgo.nl\/en\/product-supplier\/a53\/#listItem","position":3,"name":"A53","item":"https:\/\/hidalgo.nl\/en\/product-supplier\/a53\/","nextItem":{"@type":"ListItem","@id":"https:\/\/hidalgo.nl\/de\/product\/843396\/zaubertasse-bedrucken-oslo-keramik-300ml\/#listItem","name":"Oslo magic subli mok 300ml"},"previousItem":{"@type":"ListItem","@id":"https:\/\/hidalgo.nl\/example\/#listItem","name":"example"}},{"@type":"ListItem","@id":"https:\/\/hidalgo.nl\/de\/product\/843396\/zaubertasse-bedrucken-oslo-keramik-300ml\/#listItem","position":4,"name":"Oslo magic subli mok 300ml","previousItem":{"@type":"ListItem","@id":"https:\/\/hidalgo.nl\/en\/product-supplier\/a53\/#listItem","name":"A53"}}]},{"@type":"Organization","@id":"https:\/\/hidalgo.nl\/de\/#organization","name":"Hidalgo","url":"https:\/\/hidalgo.nl\/de\/","logo":{"@type":"ImageObject","url":"https:\/\/shop.hidalgo.nl\/wp-content\/uploads\/2025\/11\/cropped-Hidalgo-est1993.png","@id":"https:\/\/hidalgo.nl\/de\/product\/843396\/zaubertasse-bedrucken-oslo-keramik-300ml\/#organizationLogo","width":585,"height":195},"image":{"@id":"https:\/\/hidalgo.nl\/de\/product\/843396\/zaubertasse-bedrucken-oslo-keramik-300ml\/#organizationLogo"}},{"@type":"ProductGroup","@id":"https:\/\/hidalgo.nl\/de\/product\/843396\/zaubertasse-bedrucken-oslo-keramik-300ml\/#wooCommerceProduct","name":"Zaubertasse bedrucken Oslo Keramik 300ml","url":"https:\/\/hidalgo.nl\/de\/product\/843396\/zaubertasse-bedrucken-oslo-keramik-300ml\/","sku":"A53-LT51106","image":{"@type":"ImageObject","url":"https:\/\/shop.hidalgo.nl\/wp-content\/uploads\/2025\/04\/df5caa97ed8bcaac096e50c0d78e6674986034082a73436fc7c63d8932ed650c.jpg","@id":"https:\/\/hidalgo.nl\/de\/product\/843396\/zaubertasse-bedrucken-oslo-keramik-300ml\/#productImage"},"productGroupID":843396,"hasVariant":[{"@type":"Product","@id":"https:\/\/hidalgo.nl\/de\/product\/843396\/zaubertasse-bedrucken-oslo-keramik-300ml\/#wooCommerceProduct","name":"Oslo magic subli mok 300ml - wit","url":"https:\/\/hidalgo.nl\/de\/product\/843396\/zaubertasse-bedrucken-oslo-keramik-300ml\/","sku":"A53-LT51106-N0201","image":{"@type":"ImageObject","url":"https:\/\/shop.hidalgo.nl\/wp-content\/uploads\/2025\/04\/59a732f359cb7f6adba597b961f5b7cf5b9f13925d01e877f471de5355c91f9c.jpg","@id":"https:\/\/hidalgo.nl\/de\/product\/843396\/zaubertasse-bedrucken-oslo-keramik-300ml\/#productImage"},"offers":{"@type":"Offer","url":"https:\/\/hidalgo.nl\/de\/product\/843396\/zaubertasse-bedrucken-oslo-keramik-300ml\/#wooCommerceOffer","price":"7.23","priceCurrency":"EUR","category":"Bidons &amp; drinkflessen","availability":"https:\/\/schema.org\/InStock","priceSpecification":{"@type":"PriceSpecification","price":7.23,"priceCurrency":"EUR","valueAddedTaxIncluded":"true"}}}]},{"@type":"WebPage","@id":"https:\/\/hidalgo.nl\/de\/product\/843396\/zaubertasse-bedrucken-oslo-keramik-300ml\/#webpage","url":"https:\/\/hidalgo.nl\/de\/product\/843396\/zaubertasse-bedrucken-oslo-keramik-300ml\/","name":"Zaubertasse bedrucken Oslo Keramik 300ml","description":"Das Modell Oslo mit 300 ml enth\u00fcllt dein Motiv, sobald du es mit hei\u00dfem Getr\u00e4nk f\u00fcllst - ein \u00fcberraschender Effekt, der im Alltag und bei Events wirkt. Hidalgo bringt dein Logo per Sublimationsdruck dauerhaft auf die Oberfl\u00e4che, ideal f\u00fcrs B\u00fcro, Team & Vereinsaktionen.","inLanguage":"de-DE","isPartOf":{"@id":"https:\/\/hidalgo.nl\/de\/#website"},"breadcrumb":{"@id":"https:\/\/hidalgo.nl\/de\/product\/843396\/zaubertasse-bedrucken-oslo-keramik-300ml\/#breadcrumblist"},"image":{"@type":"ImageObject","url":"https:\/\/shop.hidalgo.nl\/wp-content\/uploads\/2025\/04\/df5caa97ed8bcaac096e50c0d78e6674986034082a73436fc7c63d8932ed650c.jpg","@id":"https:\/\/hidalgo.nl\/de\/product\/843396\/zaubertasse-bedrucken-oslo-keramik-300ml\/#mainImage"},"primaryImageOfPage":{"@id":"https:\/\/hidalgo.nl\/de\/product\/843396\/zaubertasse-bedrucken-oslo-keramik-300ml\/#mainImage"},"datePublished":"2026-02-16T09:34:53+00:00","dateModified":"2026-04-24T07:44:46+00:00"},{"@type":"WebSite","@id":"https:\/\/hidalgo.nl\/de\/#website","url":"https:\/\/hidalgo.nl\/de\/","name":"Hidalgo","inLanguage":"de-DE","publisher":{"@id":"https:\/\/hidalgo.nl\/de\/#organization"}}]},"og:locale":"de_DE","og:site_name":"Hidalgo -","og:type":"article","og:title":"Zaubertasse bedrucken Oslo Keramik 300ml","og:description":"Das Modell Oslo mit 300 ml enth\u00fcllt dein Motiv, sobald du es mit hei\u00dfem Getr\u00e4nk f\u00fcllst - ein \u00fcberraschender Effekt, der im Alltag und bei Events wirkt. Hidalgo bringt dein Logo per Sublimationsdruck dauerhaft auf die Oberfl\u00e4che, ideal f\u00fcrs B\u00fcro, Team &amp; Vereinsaktionen.","og:url":"https:\/\/hidalgo.nl\/de\/wp-json\/wp\/v2\/product\/843396","og:image":"https:\/\/shop.hidalgo.nl\/wp-content\/uploads\/2025\/11\/cropped-Hidalgo-est1993.png","og:image:secure_url":"https:\/\/shop.hidalgo.nl\/wp-content\/uploads\/2025\/11\/cropped-Hidalgo-est1993.png","article:published_time":"2026-02-16T09:34:53+00:00","article:modified_time":"2026-04-24T07:44:46+00:00","twitter:card":"summary_large_image","twitter:title":"Zaubertasse bedrucken Oslo Keramik 300ml","twitter:description":"Das Modell Oslo mit 300 ml enth\u00fcllt dein Motiv, sobald du es mit hei\u00dfem Getr\u00e4nk f\u00fcllst - ein \u00fcberraschender Effekt, der im Alltag und bei Events wirkt. Hidalgo bringt dein Logo per Sublimationsdruck dauerhaft auf die Oberfl\u00e4che, ideal f\u00fcrs B\u00fcro, Team &amp; Vereinsaktionen.","twitter:image":"https:\/\/shop.hidalgo.nl\/wp-content\/uploads\/2025\/11\/cropped-Hidalgo-est1993.png"},"aioseo_meta_data":{"post_id":"843396","title":null,"description":null,"keywords":null,"keyphrases":null,"primary_term":null,"canonical_url":null,"og_title":null,"og_description":null,"og_object_type":"default","og_image_type":"default","og_image_url":null,"og_image_width":null,"og_image_height":null,"og_image_custom_url":null,"og_image_custom_fields":null,"og_video":null,"og_custom_url":null,"og_article_section":null,"og_article_tags":null,"twitter_use_og":false,"twitter_card":"default","twitter_image_type":"default","twitter_image_url":null,"twitter_image_custom_url":null,"twitter_image_custom_fields":null,"twitter_title":null,"twitter_description":null,"schema":{"blockGraphs":[],"customGraphs":[],"default":{"data":{"Article":[],"Course":[],"Dataset":[],"FAQPage":[],"Movie":[],"Person":[],"Product":[],"ProductReview":[],"Car":[],"Recipe":[],"Service":[],"SoftwareApplication":[],"WebPage":[]},"graphName":"","isEnabled":true},"graphs":[]},"schema_type":"default","schema_type_options":null,"pillar_content":false,"robots_default":true,"robots_noindex":false,"robots_noarchive":false,"robots_nosnippet":false,"robots_nofollow":false,"robots_noimageindex":false,"robots_noodp":false,"robots_notranslate":false,"robots_max_snippet":null,"robots_max_videopreview":null,"robots_max_imagepreview":"large","priority":null,"frequency":null,"local_seo":null,"seo_analyzer_scan_date":"2026-02-16 10:29:14","breadcrumb_settings":null,"limit_modified_date":false,"reviewed_by":null,"open_ai":null,"ai":null,"created":"2026-02-16 09:36:12","updated":"2026-04-24 08:25:55"},"aioseo_breadcrumb":"<div class=\"aioseo-breadcrumbs\"><span class=\"aioseo-breadcrumb\">\n\t<a href=\"https:\/\/hidalgo.nl\/de\/\" title=\"Home\">Home<\/a>\n<\/span><span class=\"aioseo-breadcrumb-separator\">\u00bb<\/span><span class=\"aioseo-breadcrumb\">\n\t<a href=\"https:\/\/hidalgo.nl\/example\/\" title=\"example\">example<\/a>\n<\/span><span class=\"aioseo-breadcrumb-separator\">\u00bb<\/span><span class=\"aioseo-breadcrumb\">\n\t<a href=\"https:\/\/hidalgo.nl\/en\/product-supplier\/a53\/\" title=\"A53\">A53<\/a>\n<\/span><span class=\"aioseo-breadcrumb-separator\">\u00bb<\/span><span class=\"aioseo-breadcrumb\">\n\tOslo magic subli mok 300ml\n<\/span><\/div>","aioseo_breadcrumb_json":[{"label":"Home","link":"https:\/\/hidalgo.nl\/de\/"},{"label":"example","link":"https:\/\/hidalgo.nl\/example\/"},{"label":"A53","link":"https:\/\/hidalgo.nl\/en\/product-supplier\/a53\/"},{"label":"Oslo magic subli mok 300ml","link":"https:\/\/hidalgo.nl\/de\/product\/843396\/zaubertasse-bedrucken-oslo-keramik-300ml\/"}],"_links":{"self":[{"href":"https:\/\/hidalgo.nl\/de\/wp-json\/wp\/v2\/product\/843396","targetHints":{"allow":["GET"]}}],"collection":[{"href":"https:\/\/hidalgo.nl\/de\/wp-json\/wp\/v2\/product"}],"about":[{"href":"https:\/\/hidalgo.nl\/de\/wp-json\/wp\/v2\/types\/product"}],"wp:featuredmedia":[{"embeddable":true,"href":"https:\/\/hidalgo.nl\/de\/wp-json\/wp\/v2\/media\/843397"}],"wp:attachment":[{"href":"https:\/\/hidalgo.nl\/de\/wp-json\/wp\/v2\/media?parent=843396"}],"wp:term":[{"taxonomy":"product_brand","embeddable":true,"href":"https:\/\/hidalgo.nl\/de\/wp-json\/wp\/v2\/product_brand?post=843396"},{"taxonomy":"product_cat","embeddable":true,"href":"https:\/\/hidalgo.nl\/de\/wp-json\/wp\/v2\/product_cat?post=843396"},{"taxonomy":"product_tag","embeddable":true,"href":"https:\/\/hidalgo.nl\/de\/wp-json\/wp\/v2\/product_tag?post=843396"}],"curies":[{"name":"wp","href":"https:\/\/api.w.org\/{rel}","templated":true}]}}