{"id":842987,"date":"2026-02-13T15:23:40","date_gmt":"2026-02-13T15:23:40","guid":{"rendered":"https:\/\/hidalgo.nl\/product\/rackpack-bird-mansion\/"},"modified":"2026-03-19T14:51:20","modified_gmt":"2026-03-19T14:51:20","slug":"rackpack-bird-mansion","status":"publish","type":"product","link":"https:\/\/hidalgo.nl\/de\/product\/842987\/rackpack-bird-mansion-nistkasten\/","title":{"rendered":"Rackpack Bird Mansion"},"content":{"rendered":"<p>Nestkastje van het merk Rackpack. Geef vogels een veilig thuis met dit vogelhuisje van FSC 100% gecertificeerd dennenhout. Het afneembare, groengelakte dak is voorzien van een vogelbadje, ideaal voor verkoeling en drinken. Dit toevluchtsoord biedt vogels een stijlvolle en leuke plek om te rusten en te spelen in je tuin. Een goede keuze voor elke natuurliefhebber. Per stuk verpakt.<\/p>\n","protected":false},"excerpt":{"rendered":"<p>Nestkastje van het merk Rackpack. Geef vogels een veilig thuis met dit vogelhuisje van FSC 100% gecertificeerd dennenhout. Het afneembare, groengelakte dak is voorzien van een vogelbadje, ideaal voor verkoeling en drinken. Dit toevluchtsoord biedt vogels een stijlvolle en leuke plek om te rusten en te spelen in je tuin. Een goede keuze voor elke&hellip; <a class=\"more-link\" href=\"https:\/\/hidalgo.nl\/de\/product\/842987\/rackpack-bird-mansion-nistkasten\/\"><span class=\"screen-reader-text\">Rackpack Bird Mansion<\/span> weiterlesen<\/a><\/p>\n","protected":false},"featured_media":842988,"template":"","meta":{"_acf_changed":false,"om_disable_all_campaigns":false,"_monsterinsights_skip_tracking":false,"_monsterinsights_sitenote_active":false,"_monsterinsights_sitenote_note":"","_monsterinsights_sitenote_category":0},"product_brand":[1973],"product_cat":[4735,4719,4728,4790],"product_tag":[],"class_list":{"0":"post-842987","1":"product","2":"type-product","3":"status-publish","4":"has-post-thumbnail","6":"product_supplier-a24","7":"product_material-fsc-hout","8":"product_brand-rackpack","9":"product_cat-keuken","10":"product_cat-promotionele-artikelen","11":"product_cat-promotionele-artikelen-thuis-keuken-en-tuin","12":"product_cat-promotionele-artikelen-thuis-keuken-en-tuin-keuken-wijn-en-champagne-sets","13":"entry","15":"first","16":"instock","17":"taxable","18":"shipping-taxable","19":"purchasable","20":"product-type-variable"},"acf":{"imprint_cost":[{"imprint_cost_key":"3dd44f59b290d50b1f8e6e2962a0cc9a6d6872c9","product_quantity_price_range":[{"imprint_cost_recommended_selling_price":"2.835","imprint_cost_recommended_selling_quantity":"1"},{"imprint_cost_recommended_selling_price":"2.085","imprint_cost_recommended_selling_quantity":"25"},{"imprint_cost_recommended_selling_price":"1.275","imprint_cost_recommended_selling_quantity":"50"},{"imprint_cost_recommended_selling_price":"1.05","imprint_cost_recommended_selling_quantity":"100"},{"imprint_cost_recommended_selling_price":"0.9","imprint_cost_recommended_selling_quantity":"250"},{"imprint_cost_recommended_selling_price":"0.81","imprint_cost_recommended_selling_quantity":"500"},{"imprint_cost_recommended_selling_price":"0.765","imprint_cost_recommended_selling_quantity":"1000"},{"imprint_cost_recommended_selling_price":"0.705","imprint_cost_recommended_selling_quantity":"2500"},{"imprint_cost_recommended_selling_price":"0.675","imprint_cost_recommended_selling_quantity":"5000"}],"product_quantity_price_range_buying":[{"imprint_cost_general_buying_price":"1.89","imprint_cost_general_buying_quantity":"1"},{"imprint_cost_general_buying_price":"1.39","imprint_cost_general_buying_quantity":"25"},{"imprint_cost_general_buying_price":"0.85","imprint_cost_general_buying_quantity":"50"},{"imprint_cost_general_buying_price":"0.7","imprint_cost_general_buying_quantity":"100"},{"imprint_cost_general_buying_price":"0.6","imprint_cost_general_buying_quantity":"250"},{"imprint_cost_general_buying_price":"0.54","imprint_cost_general_buying_quantity":"500"},{"imprint_cost_general_buying_price":"0.51","imprint_cost_general_buying_quantity":"1000"},{"imprint_cost_general_buying_price":"0.47","imprint_cost_general_buying_quantity":"2500"},{"imprint_cost_general_buying_price":"0.45","imprint_cost_general_buying_quantity":"5000"}],"imprint_cost_setup_costs":"26.25","imprint_cost_handling_costs":"0.24"},{"imprint_cost_key":"c7b134fed1d219ffa86865844eec996419396d77","product_quantity_price_range":[{"imprint_cost_recommended_selling_price":"3.135","imprint_cost_recommended_selling_quantity":"1"},{"imprint_cost_recommended_selling_price":"2.385","imprint_cost_recommended_selling_quantity":"25"},{"imprint_cost_recommended_selling_price":"1.575","imprint_cost_recommended_selling_quantity":"50"},{"imprint_cost_recommended_selling_price":"1.35","imprint_cost_recommended_selling_quantity":"100"},{"imprint_cost_recommended_selling_price":"1.2","imprint_cost_recommended_selling_quantity":"250"},{"imprint_cost_recommended_selling_price":"1.11","imprint_cost_recommended_selling_quantity":"500"},{"imprint_cost_recommended_selling_price":"1.065","imprint_cost_recommended_selling_quantity":"1000"},{"imprint_cost_recommended_selling_price":"1.005","imprint_cost_recommended_selling_quantity":"2500"},{"imprint_cost_recommended_selling_price":"0.975","imprint_cost_recommended_selling_quantity":"5000"}],"product_quantity_price_range_buying":[{"imprint_cost_general_buying_price":"2.09","imprint_cost_general_buying_quantity":"1"},{"imprint_cost_general_buying_price":"1.59","imprint_cost_general_buying_quantity":"25"},{"imprint_cost_general_buying_price":"1.05","imprint_cost_general_buying_quantity":"50"},{"imprint_cost_general_buying_price":"0.9","imprint_cost_general_buying_quantity":"100"},{"imprint_cost_general_buying_price":"0.8","imprint_cost_general_buying_quantity":"250"},{"imprint_cost_general_buying_price":"0.74","imprint_cost_general_buying_quantity":"500"},{"imprint_cost_general_buying_price":"0.71","imprint_cost_general_buying_quantity":"1000"},{"imprint_cost_general_buying_price":"0.67","imprint_cost_general_buying_quantity":"2500"},{"imprint_cost_general_buying_price":"0.65","imprint_cost_general_buying_quantity":"5000"}],"imprint_cost_setup_costs":"26.25","imprint_cost_handling_costs":"0.24"}]},"aioseo_notices":[],"aioseo_head":"\n\t\t<!-- All in One SEO Pro 4.9.6.2 - aioseo.com -->\n\t<meta name=\"description\" content=\"Mit diesem Nistkasten aus Holz von Rackpack hilfst du V\u00f6geln beim Br\u00fcten; das abnehmbare, gr\u00fcn lackierte Dach dient zugleich als Vogelbad. Aus langlebiger Kiefer gefertigt &amp; auf Wunsch druckt Hidalgo dein Logo pr\u00e4zise aufs Holz.\" \/>\n\t<meta name=\"robots\" content=\"max-image-preview:large\" \/>\n\t<link rel=\"canonical\" href=\"https:\/\/hidalgo.nl\/de\/wp-json\/wp\/v2\/product\/842987\" \/>\n\t<meta name=\"generator\" content=\"All in One SEO Pro (AIOSEO) 4.9.6.2\" \/>\n\t\t<meta property=\"og:locale\" content=\"de_DE\" \/>\n\t\t<meta property=\"og:site_name\" content=\"Hidalgo -\" \/>\n\t\t<meta property=\"og:type\" content=\"article\" \/>\n\t\t<meta property=\"og:title\" content=\"Rackpack Bird Mansion Nistkasten\" \/>\n\t\t<meta property=\"og:description\" content=\"Mit diesem Nistkasten aus Holz von Rackpack hilfst du V\u00f6geln beim Br\u00fcten; das abnehmbare, gr\u00fcn lackierte Dach dient zugleich als Vogelbad. Aus langlebiger Kiefer gefertigt &amp; auf Wunsch druckt Hidalgo dein Logo pr\u00e4zise aufs Holz.\" \/>\n\t\t<meta property=\"og:url\" content=\"https:\/\/hidalgo.nl\/de\/wp-json\/wp\/v2\/product\/842987\" \/>\n\t\t<meta property=\"og:image\" content=\"https:\/\/shop.hidalgo.nl\/wp-content\/uploads\/2025\/11\/cropped-Hidalgo-est1993.png\" \/>\n\t\t<meta property=\"og:image:secure_url\" content=\"https:\/\/shop.hidalgo.nl\/wp-content\/uploads\/2025\/11\/cropped-Hidalgo-est1993.png\" \/>\n\t\t<meta property=\"article:published_time\" content=\"2026-02-13T15:23:40+00:00\" \/>\n\t\t<meta property=\"article:modified_time\" content=\"2026-03-19T14:51:20+00:00\" \/>\n\t\t<meta name=\"twitter:card\" content=\"summary_large_image\" \/>\n\t\t<meta name=\"twitter:title\" content=\"Rackpack Bird Mansion Nistkasten\" \/>\n\t\t<meta name=\"twitter:description\" content=\"Mit diesem Nistkasten aus Holz von Rackpack hilfst du V\u00f6geln beim Br\u00fcten; das abnehmbare, gr\u00fcn lackierte Dach dient zugleich als Vogelbad. Aus langlebiger Kiefer gefertigt &amp; auf Wunsch druckt Hidalgo dein Logo pr\u00e4zise aufs Holz.\" \/>\n\t\t<meta name=\"twitter:image\" content=\"https:\/\/shop.hidalgo.nl\/wp-content\/uploads\/2025\/11\/cropped-Hidalgo-est1993.png\" \/>\n\t\t<script type=\"application\/ld+json\" class=\"aioseo-schema\">\n\t\t\t{\"@context\":\"https:\\\/\\\/schema.org\",\"@graph\":[{\"@type\":\"BreadcrumbList\",\"@id\":\"https:\\\/\\\/hidalgo.nl\\\/de\\\/product\\\/842987\\\/rackpack-bird-mansion-nistkasten\\\/#breadcrumblist\",\"itemListElement\":[{\"@type\":\"ListItem\",\"@id\":\"https:\\\/\\\/hidalgo.nl\\\/de\\\/#listItem\",\"position\":1,\"name\":\"Home\",\"item\":\"https:\\\/\\\/hidalgo.nl\\\/de\\\/\",\"nextItem\":{\"@type\":\"ListItem\",\"@id\":\"https:\\\/\\\/hidalgo.nl\\\/example\\\/#listItem\",\"name\":\"example\"}},{\"@type\":\"ListItem\",\"@id\":\"https:\\\/\\\/hidalgo.nl\\\/example\\\/#listItem\",\"position\":2,\"name\":\"example\",\"item\":\"https:\\\/\\\/hidalgo.nl\\\/example\\\/\",\"nextItem\":{\"@type\":\"ListItem\",\"@id\":\"https:\\\/\\\/hidalgo.nl\\\/en\\\/product-supplier\\\/a24\\\/#listItem\",\"name\":\"A24\"},\"previousItem\":{\"@type\":\"ListItem\",\"@id\":\"https:\\\/\\\/hidalgo.nl\\\/de\\\/#listItem\",\"name\":\"Home\"}},{\"@type\":\"ListItem\",\"@id\":\"https:\\\/\\\/hidalgo.nl\\\/en\\\/product-supplier\\\/a24\\\/#listItem\",\"position\":3,\"name\":\"A24\",\"item\":\"https:\\\/\\\/hidalgo.nl\\\/en\\\/product-supplier\\\/a24\\\/\",\"nextItem\":{\"@type\":\"ListItem\",\"@id\":\"https:\\\/\\\/hidalgo.nl\\\/de\\\/product\\\/842987\\\/rackpack-bird-mansion-nistkasten\\\/#listItem\",\"name\":\"Rackpack Bird Mansion\"},\"previousItem\":{\"@type\":\"ListItem\",\"@id\":\"https:\\\/\\\/hidalgo.nl\\\/example\\\/#listItem\",\"name\":\"example\"}},{\"@type\":\"ListItem\",\"@id\":\"https:\\\/\\\/hidalgo.nl\\\/de\\\/product\\\/842987\\\/rackpack-bird-mansion-nistkasten\\\/#listItem\",\"position\":4,\"name\":\"Rackpack Bird Mansion\",\"previousItem\":{\"@type\":\"ListItem\",\"@id\":\"https:\\\/\\\/hidalgo.nl\\\/en\\\/product-supplier\\\/a24\\\/#listItem\",\"name\":\"A24\"}}]},{\"@type\":\"Organization\",\"@id\":\"https:\\\/\\\/hidalgo.nl\\\/de\\\/#organization\",\"name\":\"Hidalgo\",\"url\":\"https:\\\/\\\/hidalgo.nl\\\/de\\\/\",\"logo\":{\"@type\":\"ImageObject\",\"url\":\"https:\\\/\\\/shop.hidalgo.nl\\\/wp-content\\\/uploads\\\/2025\\\/11\\\/cropped-Hidalgo-est1993.png\",\"@id\":\"https:\\\/\\\/hidalgo.nl\\\/de\\\/product\\\/842987\\\/rackpack-bird-mansion-nistkasten\\\/#organizationLogo\",\"width\":585,\"height\":195},\"image\":{\"@id\":\"https:\\\/\\\/hidalgo.nl\\\/de\\\/product\\\/842987\\\/rackpack-bird-mansion-nistkasten\\\/#organizationLogo\"}},{\"@type\":\"ProductGroup\",\"@id\":\"https:\\\/\\\/hidalgo.nl\\\/de\\\/product\\\/842987\\\/rackpack-bird-mansion-nistkasten\\\/#wooCommerceProduct\",\"name\":\"Rackpack Bird Mansion Nistkasten\",\"url\":\"https:\\\/\\\/hidalgo.nl\\\/de\\\/product\\\/842987\\\/rackpack-bird-mansion-nistkasten\\\/\",\"brand\":{\"@type\":\"Brand\",\"name\":\"RackPack\"},\"sku\":\"A24-2452\",\"image\":{\"@type\":\"ImageObject\",\"url\":\"https:\\\/\\\/shop.hidalgo.nl\\\/wp-content\\\/uploads\\\/2025\\\/12\\\/d0f6bc49b740ced6a2796e957492af21d50904c5bb2648f587586afc26f688f7.jpg\",\"@id\":\"https:\\\/\\\/hidalgo.nl\\\/de\\\/product\\\/842987\\\/rackpack-bird-mansion-nistkasten\\\/#productImage\"},\"productGroupID\":842987,\"hasVariant\":[{\"@type\":\"Product\",\"@id\":\"https:\\\/\\\/hidalgo.nl\\\/de\\\/product\\\/842987\\\/rackpack-bird-mansion-nistkasten\\\/#wooCommerceProduct\",\"name\":\"Rackpack Bird Mansion - hout\",\"url\":\"https:\\\/\\\/hidalgo.nl\\\/de\\\/product\\\/842987\\\/rackpack-bird-mansion-nistkasten\\\/\",\"sku\":\"A24-245244\",\"image\":{\"@type\":\"ImageObject\",\"url\":\"https:\\\/\\\/shop.hidalgo.nl\\\/wp-content\\\/uploads\\\/2025\\\/12\\\/d0f6bc49b740ced6a2796e957492af21d50904c5bb2648f587586afc26f688f7.jpg\",\"@id\":\"https:\\\/\\\/hidalgo.nl\\\/de\\\/product\\\/842987\\\/rackpack-bird-mansion-nistkasten\\\/#productImage\"},\"offers\":{\"@type\":\"Offer\",\"url\":\"https:\\\/\\\/hidalgo.nl\\\/de\\\/product\\\/842987\\\/rackpack-bird-mansion-nistkasten\\\/#wooCommerceOffer\",\"price\":\"15.95\",\"priceCurrency\":\"EUR\",\"category\":\"Promotionele Artikelen\",\"availability\":\"https:\\\/\\\/schema.org\\\/InStock\",\"priceSpecification\":{\"@type\":\"PriceSpecification\",\"price\":15.95,\"priceCurrency\":\"EUR\",\"valueAddedTaxIncluded\":\"true\"}}}]},{\"@type\":\"WebPage\",\"@id\":\"https:\\\/\\\/hidalgo.nl\\\/de\\\/product\\\/842987\\\/rackpack-bird-mansion-nistkasten\\\/#webpage\",\"url\":\"https:\\\/\\\/hidalgo.nl\\\/de\\\/product\\\/842987\\\/rackpack-bird-mansion-nistkasten\\\/\",\"name\":\"Rackpack Bird Mansion Nistkasten\",\"description\":\"Mit diesem Nistkasten aus Holz von Rackpack hilfst du V\\u00f6geln beim Br\\u00fcten; das abnehmbare, gr\\u00fcn lackierte Dach dient zugleich als Vogelbad. Aus langlebiger Kiefer gefertigt & auf Wunsch druckt Hidalgo dein Logo pr\\u00e4zise aufs Holz.\",\"inLanguage\":\"de-DE\",\"isPartOf\":{\"@id\":\"https:\\\/\\\/hidalgo.nl\\\/de\\\/#website\"},\"breadcrumb\":{\"@id\":\"https:\\\/\\\/hidalgo.nl\\\/de\\\/product\\\/842987\\\/rackpack-bird-mansion-nistkasten\\\/#breadcrumblist\"},\"image\":{\"@type\":\"ImageObject\",\"url\":\"https:\\\/\\\/shop.hidalgo.nl\\\/wp-content\\\/uploads\\\/2025\\\/12\\\/d0f6bc49b740ced6a2796e957492af21d50904c5bb2648f587586afc26f688f7.jpg\",\"@id\":\"https:\\\/\\\/hidalgo.nl\\\/de\\\/product\\\/842987\\\/rackpack-bird-mansion-nistkasten\\\/#mainImage\"},\"primaryImageOfPage\":{\"@id\":\"https:\\\/\\\/hidalgo.nl\\\/de\\\/product\\\/842987\\\/rackpack-bird-mansion-nistkasten\\\/#mainImage\"},\"datePublished\":\"2026-02-13T15:23:40+00:00\",\"dateModified\":\"2026-03-19T14:51:20+00:00\"},{\"@type\":\"WebSite\",\"@id\":\"https:\\\/\\\/hidalgo.nl\\\/de\\\/#website\",\"url\":\"https:\\\/\\\/hidalgo.nl\\\/de\\\/\",\"name\":\"Hidalgo\",\"inLanguage\":\"de-DE\",\"publisher\":{\"@id\":\"https:\\\/\\\/hidalgo.nl\\\/de\\\/#organization\"}}]}\n\t\t<\/script>\n\t\t<!-- All in One SEO Pro -->\r\n\t\t<title>Rackpack Bird Mansion Nistkasten<\/title>\n\n","aioseo_head_json":{"title":"Rackpack Bird Mansion Nistkasten","description":"Mit diesem Nistkasten aus Holz von Rackpack hilfst du V\u00f6geln beim Br\u00fcten; das abnehmbare, gr\u00fcn lackierte Dach dient zugleich als Vogelbad. Aus langlebiger Kiefer gefertigt & auf Wunsch druckt Hidalgo dein Logo pr\u00e4zise aufs Holz.","canonical_url":"https:\/\/hidalgo.nl\/de\/wp-json\/wp\/v2\/product\/842987","robots":"max-image-preview:large","keywords":"","webmasterTools":{"miscellaneous":""},"schema":{"@context":"https:\/\/schema.org","@graph":[{"@type":"BreadcrumbList","@id":"https:\/\/hidalgo.nl\/de\/product\/842987\/rackpack-bird-mansion-nistkasten\/#breadcrumblist","itemListElement":[{"@type":"ListItem","@id":"https:\/\/hidalgo.nl\/de\/#listItem","position":1,"name":"Home","item":"https:\/\/hidalgo.nl\/de\/","nextItem":{"@type":"ListItem","@id":"https:\/\/hidalgo.nl\/example\/#listItem","name":"example"}},{"@type":"ListItem","@id":"https:\/\/hidalgo.nl\/example\/#listItem","position":2,"name":"example","item":"https:\/\/hidalgo.nl\/example\/","nextItem":{"@type":"ListItem","@id":"https:\/\/hidalgo.nl\/en\/product-supplier\/a24\/#listItem","name":"A24"},"previousItem":{"@type":"ListItem","@id":"https:\/\/hidalgo.nl\/de\/#listItem","name":"Home"}},{"@type":"ListItem","@id":"https:\/\/hidalgo.nl\/en\/product-supplier\/a24\/#listItem","position":3,"name":"A24","item":"https:\/\/hidalgo.nl\/en\/product-supplier\/a24\/","nextItem":{"@type":"ListItem","@id":"https:\/\/hidalgo.nl\/de\/product\/842987\/rackpack-bird-mansion-nistkasten\/#listItem","name":"Rackpack Bird Mansion"},"previousItem":{"@type":"ListItem","@id":"https:\/\/hidalgo.nl\/example\/#listItem","name":"example"}},{"@type":"ListItem","@id":"https:\/\/hidalgo.nl\/de\/product\/842987\/rackpack-bird-mansion-nistkasten\/#listItem","position":4,"name":"Rackpack Bird Mansion","previousItem":{"@type":"ListItem","@id":"https:\/\/hidalgo.nl\/en\/product-supplier\/a24\/#listItem","name":"A24"}}]},{"@type":"Organization","@id":"https:\/\/hidalgo.nl\/de\/#organization","name":"Hidalgo","url":"https:\/\/hidalgo.nl\/de\/","logo":{"@type":"ImageObject","url":"https:\/\/shop.hidalgo.nl\/wp-content\/uploads\/2025\/11\/cropped-Hidalgo-est1993.png","@id":"https:\/\/hidalgo.nl\/de\/product\/842987\/rackpack-bird-mansion-nistkasten\/#organizationLogo","width":585,"height":195},"image":{"@id":"https:\/\/hidalgo.nl\/de\/product\/842987\/rackpack-bird-mansion-nistkasten\/#organizationLogo"}},{"@type":"ProductGroup","@id":"https:\/\/hidalgo.nl\/de\/product\/842987\/rackpack-bird-mansion-nistkasten\/#wooCommerceProduct","name":"Rackpack Bird Mansion Nistkasten","url":"https:\/\/hidalgo.nl\/de\/product\/842987\/rackpack-bird-mansion-nistkasten\/","brand":{"@type":"Brand","name":"RackPack"},"sku":"A24-2452","image":{"@type":"ImageObject","url":"https:\/\/shop.hidalgo.nl\/wp-content\/uploads\/2025\/12\/d0f6bc49b740ced6a2796e957492af21d50904c5bb2648f587586afc26f688f7.jpg","@id":"https:\/\/hidalgo.nl\/de\/product\/842987\/rackpack-bird-mansion-nistkasten\/#productImage"},"productGroupID":842987,"hasVariant":[{"@type":"Product","@id":"https:\/\/hidalgo.nl\/de\/product\/842987\/rackpack-bird-mansion-nistkasten\/#wooCommerceProduct","name":"Rackpack Bird Mansion - hout","url":"https:\/\/hidalgo.nl\/de\/product\/842987\/rackpack-bird-mansion-nistkasten\/","sku":"A24-245244","image":{"@type":"ImageObject","url":"https:\/\/shop.hidalgo.nl\/wp-content\/uploads\/2025\/12\/d0f6bc49b740ced6a2796e957492af21d50904c5bb2648f587586afc26f688f7.jpg","@id":"https:\/\/hidalgo.nl\/de\/product\/842987\/rackpack-bird-mansion-nistkasten\/#productImage"},"offers":{"@type":"Offer","url":"https:\/\/hidalgo.nl\/de\/product\/842987\/rackpack-bird-mansion-nistkasten\/#wooCommerceOffer","price":"15.95","priceCurrency":"EUR","category":"Promotionele Artikelen","availability":"https:\/\/schema.org\/InStock","priceSpecification":{"@type":"PriceSpecification","price":15.95,"priceCurrency":"EUR","valueAddedTaxIncluded":"true"}}}]},{"@type":"WebPage","@id":"https:\/\/hidalgo.nl\/de\/product\/842987\/rackpack-bird-mansion-nistkasten\/#webpage","url":"https:\/\/hidalgo.nl\/de\/product\/842987\/rackpack-bird-mansion-nistkasten\/","name":"Rackpack Bird Mansion Nistkasten","description":"Mit diesem Nistkasten aus Holz von Rackpack hilfst du V\u00f6geln beim Br\u00fcten; das abnehmbare, gr\u00fcn lackierte Dach dient zugleich als Vogelbad. Aus langlebiger Kiefer gefertigt & auf Wunsch druckt Hidalgo dein Logo pr\u00e4zise aufs Holz.","inLanguage":"de-DE","isPartOf":{"@id":"https:\/\/hidalgo.nl\/de\/#website"},"breadcrumb":{"@id":"https:\/\/hidalgo.nl\/de\/product\/842987\/rackpack-bird-mansion-nistkasten\/#breadcrumblist"},"image":{"@type":"ImageObject","url":"https:\/\/shop.hidalgo.nl\/wp-content\/uploads\/2025\/12\/d0f6bc49b740ced6a2796e957492af21d50904c5bb2648f587586afc26f688f7.jpg","@id":"https:\/\/hidalgo.nl\/de\/product\/842987\/rackpack-bird-mansion-nistkasten\/#mainImage"},"primaryImageOfPage":{"@id":"https:\/\/hidalgo.nl\/de\/product\/842987\/rackpack-bird-mansion-nistkasten\/#mainImage"},"datePublished":"2026-02-13T15:23:40+00:00","dateModified":"2026-03-19T14:51:20+00:00"},{"@type":"WebSite","@id":"https:\/\/hidalgo.nl\/de\/#website","url":"https:\/\/hidalgo.nl\/de\/","name":"Hidalgo","inLanguage":"de-DE","publisher":{"@id":"https:\/\/hidalgo.nl\/de\/#organization"}}]},"og:locale":"de_DE","og:site_name":"Hidalgo -","og:type":"article","og:title":"Rackpack Bird Mansion Nistkasten","og:description":"Mit diesem Nistkasten aus Holz von Rackpack hilfst du V\u00f6geln beim Br\u00fcten; das abnehmbare, gr\u00fcn lackierte Dach dient zugleich als Vogelbad. Aus langlebiger Kiefer gefertigt &amp; auf Wunsch druckt Hidalgo dein Logo pr\u00e4zise aufs Holz.","og:url":"https:\/\/hidalgo.nl\/de\/wp-json\/wp\/v2\/product\/842987","og:image":"https:\/\/shop.hidalgo.nl\/wp-content\/uploads\/2025\/11\/cropped-Hidalgo-est1993.png","og:image:secure_url":"https:\/\/shop.hidalgo.nl\/wp-content\/uploads\/2025\/11\/cropped-Hidalgo-est1993.png","article:published_time":"2026-02-13T15:23:40+00:00","article:modified_time":"2026-03-19T14:51:20+00:00","twitter:card":"summary_large_image","twitter:title":"Rackpack Bird Mansion Nistkasten","twitter:description":"Mit diesem Nistkasten aus Holz von Rackpack hilfst du V\u00f6geln beim Br\u00fcten; das abnehmbare, gr\u00fcn lackierte Dach dient zugleich als Vogelbad. Aus langlebiger Kiefer gefertigt &amp; auf Wunsch druckt Hidalgo dein Logo pr\u00e4zise aufs Holz.","twitter:image":"https:\/\/shop.hidalgo.nl\/wp-content\/uploads\/2025\/11\/cropped-Hidalgo-est1993.png"},"aioseo_meta_data":{"post_id":"842987","title":null,"description":null,"keywords":null,"keyphrases":null,"primary_term":null,"canonical_url":null,"og_title":null,"og_description":null,"og_object_type":"default","og_image_type":"default","og_image_url":null,"og_image_width":null,"og_image_height":null,"og_image_custom_url":null,"og_image_custom_fields":null,"og_video":null,"og_custom_url":null,"og_article_section":null,"og_article_tags":null,"twitter_use_og":false,"twitter_card":"default","twitter_image_type":"default","twitter_image_url":null,"twitter_image_custom_url":null,"twitter_image_custom_fields":null,"twitter_title":null,"twitter_description":null,"schema":{"blockGraphs":[],"customGraphs":[],"default":{"data":{"Article":[],"Course":[],"Dataset":[],"FAQPage":[],"Movie":[],"Person":[],"Product":[],"ProductReview":[],"Car":[],"Recipe":[],"Service":[],"SoftwareApplication":[],"WebPage":[]},"graphName":"","isEnabled":true},"graphs":[]},"schema_type":"default","schema_type_options":null,"pillar_content":false,"robots_default":true,"robots_noindex":false,"robots_noarchive":false,"robots_nosnippet":false,"robots_nofollow":false,"robots_noimageindex":false,"robots_noodp":false,"robots_notranslate":false,"robots_max_snippet":null,"robots_max_videopreview":null,"robots_max_imagepreview":"large","priority":null,"frequency":null,"local_seo":null,"seo_analyzer_scan_date":"2026-02-13 15:28:07","breadcrumb_settings":null,"limit_modified_date":false,"reviewed_by":null,"open_ai":null,"ai":null,"created":"2026-02-13 15:26:02","updated":"2026-04-23 17:08:51"},"aioseo_breadcrumb":"<div class=\"aioseo-breadcrumbs\"><span class=\"aioseo-breadcrumb\">\n\t<a href=\"https:\/\/hidalgo.nl\/de\/\" title=\"Home\">Home<\/a>\n<\/span><span class=\"aioseo-breadcrumb-separator\">\u00bb<\/span><span class=\"aioseo-breadcrumb\">\n\t<a href=\"https:\/\/hidalgo.nl\/example\/\" title=\"example\">example<\/a>\n<\/span><span class=\"aioseo-breadcrumb-separator\">\u00bb<\/span><span class=\"aioseo-breadcrumb\">\n\t<a href=\"https:\/\/hidalgo.nl\/en\/product-supplier\/a24\/\" title=\"A24\">A24<\/a>\n<\/span><span class=\"aioseo-breadcrumb-separator\">\u00bb<\/span><span class=\"aioseo-breadcrumb\">\n\tRackpack Bird Mansion\n<\/span><\/div>","aioseo_breadcrumb_json":[{"label":"Home","link":"https:\/\/hidalgo.nl\/de\/"},{"label":"example","link":"https:\/\/hidalgo.nl\/example\/"},{"label":"A24","link":"https:\/\/hidalgo.nl\/en\/product-supplier\/a24\/"},{"label":"Rackpack Bird Mansion","link":"https:\/\/hidalgo.nl\/de\/product\/842987\/rackpack-bird-mansion-nistkasten\/"}],"_links":{"self":[{"href":"https:\/\/hidalgo.nl\/de\/wp-json\/wp\/v2\/product\/842987","targetHints":{"allow":["GET"]}}],"collection":[{"href":"https:\/\/hidalgo.nl\/de\/wp-json\/wp\/v2\/product"}],"about":[{"href":"https:\/\/hidalgo.nl\/de\/wp-json\/wp\/v2\/types\/product"}],"wp:featuredmedia":[{"embeddable":true,"href":"https:\/\/hidalgo.nl\/de\/wp-json\/wp\/v2\/media\/842988"}],"wp:attachment":[{"href":"https:\/\/hidalgo.nl\/de\/wp-json\/wp\/v2\/media?parent=842987"}],"wp:term":[{"taxonomy":"product_brand","embeddable":true,"href":"https:\/\/hidalgo.nl\/de\/wp-json\/wp\/v2\/product_brand?post=842987"},{"taxonomy":"product_cat","embeddable":true,"href":"https:\/\/hidalgo.nl\/de\/wp-json\/wp\/v2\/product_cat?post=842987"},{"taxonomy":"product_tag","embeddable":true,"href":"https:\/\/hidalgo.nl\/de\/wp-json\/wp\/v2\/product_tag?post=842987"}],"curies":[{"name":"wp","href":"https:\/\/api.w.org\/{rel}","templated":true}]}}