{"id":842953,"date":"2026-02-13T15:23:26","date_gmt":"2026-02-13T15:23:26","guid":{"rendered":"https:\/\/hidalgo.nl\/product\/rackpack-winetool\/"},"modified":"2026-03-19T12:24:55","modified_gmt":"2026-03-19T12:24:55","slug":"rackpack-winetool","status":"publish","type":"product","link":"https:\/\/hidalgo.nl\/de\/product\/842953\/rackpack-winetool\/","title":{"rendered":"Rackpack Winetool"},"content":{"rendered":"<p>Kelnermes met een stijlvolle handgreep van FSC gecertificeerd beukenhout. Voorzien van een kurkentrekker, een flesopener en een loodsnijder. De onderdelen zijn gemaakt van RVS en afgewerkt met een zwarte coating, wat het mes een moderne, elegante uitstraling geeft. Per stuk verpakt.<\/p>\n","protected":false},"excerpt":{"rendered":"<p>Kelnermes met een stijlvolle handgreep van FSC gecertificeerd beukenhout. Voorzien van een kurkentrekker, een flesopener en een loodsnijder. De onderdelen zijn gemaakt van RVS en afgewerkt met een zwarte coating, wat het mes een moderne, elegante uitstraling geeft. Per stuk verpakt.<\/p>\n","protected":false},"featured_media":842954,"template":"","meta":{"_acf_changed":false,"om_disable_all_campaigns":false,"_monsterinsights_skip_tracking":false,"_monsterinsights_sitenote_active":false,"_monsterinsights_sitenote_note":"","_monsterinsights_sitenote_category":0},"product_brand":[1973],"product_cat":[4735,4719,4728,4790],"product_tag":[],"class_list":{"0":"post-842953","1":"product","2":"type-product","3":"status-publish","4":"has-post-thumbnail","6":"product_supplier-a24","7":"product_material-fsc-houtrvs","8":"product_brand-rackpack","9":"product_cat-keuken","10":"product_cat-promotionele-artikelen","11":"product_cat-promotionele-artikelen-thuis-keuken-en-tuin","12":"product_cat-promotionele-artikelen-thuis-keuken-en-tuin-keuken-wijn-en-champagne-sets","13":"entry","15":"first","16":"instock","17":"taxable","18":"shipping-taxable","19":"purchasable","20":"product-type-variable"},"acf":{"imprint_cost":[{"imprint_cost_key":"68deca965d006f0a36cbcb9f5078766fedeeb044","product_quantity_price_range":[{"imprint_cost_recommended_selling_price":"2.085","imprint_cost_recommended_selling_quantity":"1"},{"imprint_cost_recommended_selling_price":"1.335","imprint_cost_recommended_selling_quantity":"25"},{"imprint_cost_recommended_selling_price":"0.78","imprint_cost_recommended_selling_quantity":"50"},{"imprint_cost_recommended_selling_price":"0.51","imprint_cost_recommended_selling_quantity":"100"},{"imprint_cost_recommended_selling_price":"0.39","imprint_cost_recommended_selling_quantity":"250"},{"imprint_cost_recommended_selling_price":"0.315","imprint_cost_recommended_selling_quantity":"500"},{"imprint_cost_recommended_selling_price":"0.27","imprint_cost_recommended_selling_quantity":"1000"},{"imprint_cost_recommended_selling_price":"0.255","imprint_cost_recommended_selling_quantity":"2500"},{"imprint_cost_recommended_selling_price":"0.24","imprint_cost_recommended_selling_quantity":"5000"}],"product_quantity_price_range_buying":[{"imprint_cost_general_buying_price":"1.39","imprint_cost_general_buying_quantity":"1"},{"imprint_cost_general_buying_price":"0.89","imprint_cost_general_buying_quantity":"25"},{"imprint_cost_general_buying_price":"0.52","imprint_cost_general_buying_quantity":"50"},{"imprint_cost_general_buying_price":"0.34","imprint_cost_general_buying_quantity":"100"},{"imprint_cost_general_buying_price":"0.26","imprint_cost_general_buying_quantity":"250"},{"imprint_cost_general_buying_price":"0.21","imprint_cost_general_buying_quantity":"500"},{"imprint_cost_general_buying_price":"0.18","imprint_cost_general_buying_quantity":"1000"},{"imprint_cost_general_buying_price":"0.17","imprint_cost_general_buying_quantity":"2500"},{"imprint_cost_general_buying_price":"0.16","imprint_cost_general_buying_quantity":"5000"}],"imprint_cost_setup_costs":"26.25","imprint_cost_handling_costs":"0.24"},{"imprint_cost_key":"168d811faf1b10098ad3187bd998fc77f9ff3f71","product_quantity_price_range":[{"imprint_cost_recommended_selling_price":"2.085","imprint_cost_recommended_selling_quantity":"1"},{"imprint_cost_recommended_selling_price":"1.335","imprint_cost_recommended_selling_quantity":"25"},{"imprint_cost_recommended_selling_price":"0.78","imprint_cost_recommended_selling_quantity":"50"},{"imprint_cost_recommended_selling_price":"0.51","imprint_cost_recommended_selling_quantity":"100"},{"imprint_cost_recommended_selling_price":"0.39","imprint_cost_recommended_selling_quantity":"250"},{"imprint_cost_recommended_selling_price":"0.315","imprint_cost_recommended_selling_quantity":"500"},{"imprint_cost_recommended_selling_price":"0.27","imprint_cost_recommended_selling_quantity":"1000"},{"imprint_cost_recommended_selling_price":"0.255","imprint_cost_recommended_selling_quantity":"2500"},{"imprint_cost_recommended_selling_price":"0.24","imprint_cost_recommended_selling_quantity":"5000"}],"product_quantity_price_range_buying":[{"imprint_cost_general_buying_price":"1.39","imprint_cost_general_buying_quantity":"1"},{"imprint_cost_general_buying_price":"0.89","imprint_cost_general_buying_quantity":"25"},{"imprint_cost_general_buying_price":"0.52","imprint_cost_general_buying_quantity":"50"},{"imprint_cost_general_buying_price":"0.34","imprint_cost_general_buying_quantity":"100"},{"imprint_cost_general_buying_price":"0.26","imprint_cost_general_buying_quantity":"250"},{"imprint_cost_general_buying_price":"0.21","imprint_cost_general_buying_quantity":"500"},{"imprint_cost_general_buying_price":"0.18","imprint_cost_general_buying_quantity":"1000"},{"imprint_cost_general_buying_price":"0.17","imprint_cost_general_buying_quantity":"2500"},{"imprint_cost_general_buying_price":"0.16","imprint_cost_general_buying_quantity":"5000"}],"imprint_cost_setup_costs":"26.25","imprint_cost_handling_costs":"0.24"},{"imprint_cost_key":"6d23496b99f98e7996e2c0f79f6bb51ae6e0b502","product_quantity_price_range":[{"imprint_cost_recommended_selling_price":"2.085","imprint_cost_recommended_selling_quantity":"1"},{"imprint_cost_recommended_selling_price":"1.335","imprint_cost_recommended_selling_quantity":"25"},{"imprint_cost_recommended_selling_price":"0.78","imprint_cost_recommended_selling_quantity":"50"},{"imprint_cost_recommended_selling_price":"0.51","imprint_cost_recommended_selling_quantity":"100"},{"imprint_cost_recommended_selling_price":"0.39","imprint_cost_recommended_selling_quantity":"250"},{"imprint_cost_recommended_selling_price":"0.315","imprint_cost_recommended_selling_quantity":"500"},{"imprint_cost_recommended_selling_price":"0.27","imprint_cost_recommended_selling_quantity":"1000"},{"imprint_cost_recommended_selling_price":"0.255","imprint_cost_recommended_selling_quantity":"2500"},{"imprint_cost_recommended_selling_price":"0.24","imprint_cost_recommended_selling_quantity":"5000"}],"product_quantity_price_range_buying":[{"imprint_cost_general_buying_price":"1.39","imprint_cost_general_buying_quantity":"1"},{"imprint_cost_general_buying_price":"0.89","imprint_cost_general_buying_quantity":"25"},{"imprint_cost_general_buying_price":"0.52","imprint_cost_general_buying_quantity":"50"},{"imprint_cost_general_buying_price":"0.34","imprint_cost_general_buying_quantity":"100"},{"imprint_cost_general_buying_price":"0.26","imprint_cost_general_buying_quantity":"250"},{"imprint_cost_general_buying_price":"0.21","imprint_cost_general_buying_quantity":"500"},{"imprint_cost_general_buying_price":"0.18","imprint_cost_general_buying_quantity":"1000"},{"imprint_cost_general_buying_price":"0.17","imprint_cost_general_buying_quantity":"2500"},{"imprint_cost_general_buying_price":"0.16","imprint_cost_general_buying_quantity":"5000"}],"imprint_cost_setup_costs":"26.25","imprint_cost_handling_costs":"0.24"},{"imprint_cost_key":"2dd50e097d97da0275e846e107893b6804446fb3","product_quantity_price_range":[{"imprint_cost_recommended_selling_price":"2.385","imprint_cost_recommended_selling_quantity":"1"},{"imprint_cost_recommended_selling_price":"1.635","imprint_cost_recommended_selling_quantity":"25"},{"imprint_cost_recommended_selling_price":"1.08","imprint_cost_recommended_selling_quantity":"50"},{"imprint_cost_recommended_selling_price":"0.81","imprint_cost_recommended_selling_quantity":"100"},{"imprint_cost_recommended_selling_price":"0.69","imprint_cost_recommended_selling_quantity":"250"},{"imprint_cost_recommended_selling_price":"0.615","imprint_cost_recommended_selling_quantity":"500"},{"imprint_cost_recommended_selling_price":"0.57","imprint_cost_recommended_selling_quantity":"1000"},{"imprint_cost_recommended_selling_price":"0.555","imprint_cost_recommended_selling_quantity":"2500"},{"imprint_cost_recommended_selling_price":"0.54","imprint_cost_recommended_selling_quantity":"5000"}],"product_quantity_price_range_buying":[{"imprint_cost_general_buying_price":"1.59","imprint_cost_general_buying_quantity":"1"},{"imprint_cost_general_buying_price":"1.09","imprint_cost_general_buying_quantity":"25"},{"imprint_cost_general_buying_price":"0.72","imprint_cost_general_buying_quantity":"50"},{"imprint_cost_general_buying_price":"0.54","imprint_cost_general_buying_quantity":"100"},{"imprint_cost_general_buying_price":"0.46","imprint_cost_general_buying_quantity":"250"},{"imprint_cost_general_buying_price":"0.41","imprint_cost_general_buying_quantity":"500"},{"imprint_cost_general_buying_price":"0.38","imprint_cost_general_buying_quantity":"1000"},{"imprint_cost_general_buying_price":"0.37","imprint_cost_general_buying_quantity":"2500"},{"imprint_cost_general_buying_price":"0.36","imprint_cost_general_buying_quantity":"5000"}],"imprint_cost_setup_costs":"26.25","imprint_cost_handling_costs":"0.24"}]},"aioseo_notices":[],"aioseo_head":"\n\t\t<!-- All in One SEO Pro 4.9.6.2 - aioseo.com -->\n\t<meta name=\"description\" content=\"Das kompakte Rackpack-Tool ist dein vielseitiges Kellnermesser aus Buchenholz mit Dreifach-Funktion: Korken ziehen, Folie schneiden, Kronkorken \u00f6ffnen. Bei Hidalgo l\u00e4sst du es mit deinem Logo veredeln - ideal als Geschenk f\u00fcr 20-40-J\u00e4hrige und f\u00fcr Events.\" \/>\n\t<meta name=\"robots\" content=\"max-image-preview:large\" \/>\n\t<link rel=\"canonical\" href=\"https:\/\/hidalgo.nl\/de\/wp-json\/wp\/v2\/product\/842953\" \/>\n\t<meta name=\"generator\" content=\"All in One SEO Pro (AIOSEO) 4.9.6.2\" \/>\n\t\t<meta property=\"og:locale\" content=\"de_DE\" \/>\n\t\t<meta property=\"og:site_name\" content=\"Hidalgo -\" \/>\n\t\t<meta property=\"og:type\" content=\"article\" \/>\n\t\t<meta property=\"og:title\" content=\"Rackpack Winetool\" \/>\n\t\t<meta property=\"og:description\" content=\"Das kompakte Rackpack-Tool ist dein vielseitiges Kellnermesser aus Buchenholz mit Dreifach-Funktion: Korken ziehen, Folie schneiden, Kronkorken \u00f6ffnen. Bei Hidalgo l\u00e4sst du es mit deinem Logo veredeln - ideal als Geschenk f\u00fcr 20-40-J\u00e4hrige und f\u00fcr Events.\" \/>\n\t\t<meta property=\"og:url\" content=\"https:\/\/hidalgo.nl\/de\/wp-json\/wp\/v2\/product\/842953\" \/>\n\t\t<meta property=\"og:image\" content=\"https:\/\/shop.hidalgo.nl\/wp-content\/uploads\/2025\/11\/cropped-Hidalgo-est1993.png\" \/>\n\t\t<meta property=\"og:image:secure_url\" content=\"https:\/\/shop.hidalgo.nl\/wp-content\/uploads\/2025\/11\/cropped-Hidalgo-est1993.png\" \/>\n\t\t<meta property=\"article:published_time\" content=\"2026-02-13T15:23:26+00:00\" \/>\n\t\t<meta property=\"article:modified_time\" content=\"2026-03-19T12:24:55+00:00\" \/>\n\t\t<meta name=\"twitter:card\" content=\"summary_large_image\" \/>\n\t\t<meta name=\"twitter:title\" content=\"Rackpack Winetool\" \/>\n\t\t<meta name=\"twitter:description\" content=\"Das kompakte Rackpack-Tool ist dein vielseitiges Kellnermesser aus Buchenholz mit Dreifach-Funktion: Korken ziehen, Folie schneiden, Kronkorken \u00f6ffnen. Bei Hidalgo l\u00e4sst du es mit deinem Logo veredeln - ideal als Geschenk f\u00fcr 20-40-J\u00e4hrige und f\u00fcr Events.\" \/>\n\t\t<meta name=\"twitter:image\" content=\"https:\/\/shop.hidalgo.nl\/wp-content\/uploads\/2025\/11\/cropped-Hidalgo-est1993.png\" \/>\n\t\t<script type=\"application\/ld+json\" class=\"aioseo-schema\">\n\t\t\t{\"@context\":\"https:\\\/\\\/schema.org\",\"@graph\":[{\"@type\":\"BreadcrumbList\",\"@id\":\"https:\\\/\\\/hidalgo.nl\\\/de\\\/product\\\/842953\\\/rackpack-winetool\\\/#breadcrumblist\",\"itemListElement\":[{\"@type\":\"ListItem\",\"@id\":\"https:\\\/\\\/hidalgo.nl\\\/de\\\/#listItem\",\"position\":1,\"name\":\"Home\",\"item\":\"https:\\\/\\\/hidalgo.nl\\\/de\\\/\",\"nextItem\":{\"@type\":\"ListItem\",\"@id\":\"https:\\\/\\\/hidalgo.nl\\\/example\\\/#listItem\",\"name\":\"example\"}},{\"@type\":\"ListItem\",\"@id\":\"https:\\\/\\\/hidalgo.nl\\\/example\\\/#listItem\",\"position\":2,\"name\":\"example\",\"item\":\"https:\\\/\\\/hidalgo.nl\\\/example\\\/\",\"nextItem\":{\"@type\":\"ListItem\",\"@id\":\"https:\\\/\\\/hidalgo.nl\\\/en\\\/product-supplier\\\/a24\\\/#listItem\",\"name\":\"A24\"},\"previousItem\":{\"@type\":\"ListItem\",\"@id\":\"https:\\\/\\\/hidalgo.nl\\\/de\\\/#listItem\",\"name\":\"Home\"}},{\"@type\":\"ListItem\",\"@id\":\"https:\\\/\\\/hidalgo.nl\\\/en\\\/product-supplier\\\/a24\\\/#listItem\",\"position\":3,\"name\":\"A24\",\"item\":\"https:\\\/\\\/hidalgo.nl\\\/en\\\/product-supplier\\\/a24\\\/\",\"nextItem\":{\"@type\":\"ListItem\",\"@id\":\"https:\\\/\\\/hidalgo.nl\\\/de\\\/product\\\/842953\\\/rackpack-winetool\\\/#listItem\",\"name\":\"Rackpack Winetool\"},\"previousItem\":{\"@type\":\"ListItem\",\"@id\":\"https:\\\/\\\/hidalgo.nl\\\/example\\\/#listItem\",\"name\":\"example\"}},{\"@type\":\"ListItem\",\"@id\":\"https:\\\/\\\/hidalgo.nl\\\/de\\\/product\\\/842953\\\/rackpack-winetool\\\/#listItem\",\"position\":4,\"name\":\"Rackpack Winetool\",\"previousItem\":{\"@type\":\"ListItem\",\"@id\":\"https:\\\/\\\/hidalgo.nl\\\/en\\\/product-supplier\\\/a24\\\/#listItem\",\"name\":\"A24\"}}]},{\"@type\":\"Organization\",\"@id\":\"https:\\\/\\\/hidalgo.nl\\\/de\\\/#organization\",\"name\":\"Hidalgo\",\"url\":\"https:\\\/\\\/hidalgo.nl\\\/de\\\/\",\"logo\":{\"@type\":\"ImageObject\",\"url\":\"https:\\\/\\\/shop.hidalgo.nl\\\/wp-content\\\/uploads\\\/2025\\\/11\\\/cropped-Hidalgo-est1993.png\",\"@id\":\"https:\\\/\\\/hidalgo.nl\\\/de\\\/product\\\/842953\\\/rackpack-winetool\\\/#organizationLogo\",\"width\":585,\"height\":195},\"image\":{\"@id\":\"https:\\\/\\\/hidalgo.nl\\\/de\\\/product\\\/842953\\\/rackpack-winetool\\\/#organizationLogo\"}},{\"@type\":\"ProductGroup\",\"@id\":\"https:\\\/\\\/hidalgo.nl\\\/de\\\/product\\\/842953\\\/rackpack-winetool\\\/#wooCommerceProduct\",\"name\":\"Rackpack Winetool\",\"url\":\"https:\\\/\\\/hidalgo.nl\\\/de\\\/product\\\/842953\\\/rackpack-winetool\\\/\",\"brand\":{\"@type\":\"Brand\",\"name\":\"RackPack\"},\"sku\":\"A24-2508\",\"image\":{\"@type\":\"ImageObject\",\"url\":\"https:\\\/\\\/shop.hidalgo.nl\\\/wp-content\\\/uploads\\\/2025\\\/12\\\/3ea7f66a9d899165e29b4de0669ee442db227281805f6695226862198e46d13e.jpg\",\"@id\":\"https:\\\/\\\/hidalgo.nl\\\/de\\\/product\\\/842953\\\/rackpack-winetool\\\/#productImage\"},\"productGroupID\":842953,\"hasVariant\":[{\"@type\":\"Product\",\"@id\":\"https:\\\/\\\/hidalgo.nl\\\/de\\\/product\\\/842953\\\/rackpack-winetool\\\/#wooCommerceProduct\",\"name\":\"Rackpack Winetool - hout\",\"url\":\"https:\\\/\\\/hidalgo.nl\\\/de\\\/product\\\/842953\\\/rackpack-winetool\\\/\",\"sku\":\"A24-250844\",\"image\":{\"@type\":\"ImageObject\",\"url\":\"https:\\\/\\\/shop.hidalgo.nl\\\/wp-content\\\/uploads\\\/2025\\\/12\\\/3ea7f66a9d899165e29b4de0669ee442db227281805f6695226862198e46d13e.jpg\",\"@id\":\"https:\\\/\\\/hidalgo.nl\\\/de\\\/product\\\/842953\\\/rackpack-winetool\\\/#productImage\"},\"offers\":{\"@type\":\"Offer\",\"url\":\"https:\\\/\\\/hidalgo.nl\\\/de\\\/product\\\/842953\\\/rackpack-winetool\\\/#wooCommerceOffer\",\"price\":\"4.25\",\"priceCurrency\":\"EUR\",\"category\":\"Promotionele Artikelen\",\"availability\":\"https:\\\/\\\/schema.org\\\/InStock\",\"priceSpecification\":{\"@type\":\"PriceSpecification\",\"price\":4.25,\"priceCurrency\":\"EUR\",\"valueAddedTaxIncluded\":\"true\"}}}]},{\"@type\":\"WebPage\",\"@id\":\"https:\\\/\\\/hidalgo.nl\\\/de\\\/product\\\/842953\\\/rackpack-winetool\\\/#webpage\",\"url\":\"https:\\\/\\\/hidalgo.nl\\\/de\\\/product\\\/842953\\\/rackpack-winetool\\\/\",\"name\":\"Rackpack Winetool\",\"description\":\"Das kompakte Rackpack-Tool ist dein vielseitiges Kellnermesser aus Buchenholz mit Dreifach-Funktion: Korken ziehen, Folie schneiden, Kronkorken \\u00f6ffnen. Bei Hidalgo l\\u00e4sst du es mit deinem Logo veredeln - ideal als Geschenk f\\u00fcr 20-40-J\\u00e4hrige und f\\u00fcr Events.\",\"inLanguage\":\"de-DE\",\"isPartOf\":{\"@id\":\"https:\\\/\\\/hidalgo.nl\\\/de\\\/#website\"},\"breadcrumb\":{\"@id\":\"https:\\\/\\\/hidalgo.nl\\\/de\\\/product\\\/842953\\\/rackpack-winetool\\\/#breadcrumblist\"},\"image\":{\"@type\":\"ImageObject\",\"url\":\"https:\\\/\\\/shop.hidalgo.nl\\\/wp-content\\\/uploads\\\/2025\\\/12\\\/3ea7f66a9d899165e29b4de0669ee442db227281805f6695226862198e46d13e.jpg\",\"@id\":\"https:\\\/\\\/hidalgo.nl\\\/de\\\/product\\\/842953\\\/rackpack-winetool\\\/#mainImage\"},\"primaryImageOfPage\":{\"@id\":\"https:\\\/\\\/hidalgo.nl\\\/de\\\/product\\\/842953\\\/rackpack-winetool\\\/#mainImage\"},\"datePublished\":\"2026-02-13T15:23:26+00:00\",\"dateModified\":\"2026-03-19T12:24:55+00:00\"},{\"@type\":\"WebSite\",\"@id\":\"https:\\\/\\\/hidalgo.nl\\\/de\\\/#website\",\"url\":\"https:\\\/\\\/hidalgo.nl\\\/de\\\/\",\"name\":\"Hidalgo\",\"inLanguage\":\"de-DE\",\"publisher\":{\"@id\":\"https:\\\/\\\/hidalgo.nl\\\/de\\\/#organization\"}}]}\n\t\t<\/script>\n\t\t<!-- All in One SEO Pro -->\r\n\t\t<title>Rackpack Winetool<\/title>\n\n","aioseo_head_json":{"title":"Rackpack Winetool","description":"Das kompakte Rackpack-Tool ist dein vielseitiges Kellnermesser aus Buchenholz mit Dreifach-Funktion: Korken ziehen, Folie schneiden, Kronkorken \u00f6ffnen. Bei Hidalgo l\u00e4sst du es mit deinem Logo veredeln - ideal als Geschenk f\u00fcr 20-40-J\u00e4hrige und f\u00fcr Events.","canonical_url":"https:\/\/hidalgo.nl\/de\/wp-json\/wp\/v2\/product\/842953","robots":"max-image-preview:large","keywords":"","webmasterTools":{"miscellaneous":""},"schema":{"@context":"https:\/\/schema.org","@graph":[{"@type":"BreadcrumbList","@id":"https:\/\/hidalgo.nl\/de\/product\/842953\/rackpack-winetool\/#breadcrumblist","itemListElement":[{"@type":"ListItem","@id":"https:\/\/hidalgo.nl\/de\/#listItem","position":1,"name":"Home","item":"https:\/\/hidalgo.nl\/de\/","nextItem":{"@type":"ListItem","@id":"https:\/\/hidalgo.nl\/example\/#listItem","name":"example"}},{"@type":"ListItem","@id":"https:\/\/hidalgo.nl\/example\/#listItem","position":2,"name":"example","item":"https:\/\/hidalgo.nl\/example\/","nextItem":{"@type":"ListItem","@id":"https:\/\/hidalgo.nl\/en\/product-supplier\/a24\/#listItem","name":"A24"},"previousItem":{"@type":"ListItem","@id":"https:\/\/hidalgo.nl\/de\/#listItem","name":"Home"}},{"@type":"ListItem","@id":"https:\/\/hidalgo.nl\/en\/product-supplier\/a24\/#listItem","position":3,"name":"A24","item":"https:\/\/hidalgo.nl\/en\/product-supplier\/a24\/","nextItem":{"@type":"ListItem","@id":"https:\/\/hidalgo.nl\/de\/product\/842953\/rackpack-winetool\/#listItem","name":"Rackpack Winetool"},"previousItem":{"@type":"ListItem","@id":"https:\/\/hidalgo.nl\/example\/#listItem","name":"example"}},{"@type":"ListItem","@id":"https:\/\/hidalgo.nl\/de\/product\/842953\/rackpack-winetool\/#listItem","position":4,"name":"Rackpack Winetool","previousItem":{"@type":"ListItem","@id":"https:\/\/hidalgo.nl\/en\/product-supplier\/a24\/#listItem","name":"A24"}}]},{"@type":"Organization","@id":"https:\/\/hidalgo.nl\/de\/#organization","name":"Hidalgo","url":"https:\/\/hidalgo.nl\/de\/","logo":{"@type":"ImageObject","url":"https:\/\/shop.hidalgo.nl\/wp-content\/uploads\/2025\/11\/cropped-Hidalgo-est1993.png","@id":"https:\/\/hidalgo.nl\/de\/product\/842953\/rackpack-winetool\/#organizationLogo","width":585,"height":195},"image":{"@id":"https:\/\/hidalgo.nl\/de\/product\/842953\/rackpack-winetool\/#organizationLogo"}},{"@type":"ProductGroup","@id":"https:\/\/hidalgo.nl\/de\/product\/842953\/rackpack-winetool\/#wooCommerceProduct","name":"Rackpack Winetool","url":"https:\/\/hidalgo.nl\/de\/product\/842953\/rackpack-winetool\/","brand":{"@type":"Brand","name":"RackPack"},"sku":"A24-2508","image":{"@type":"ImageObject","url":"https:\/\/shop.hidalgo.nl\/wp-content\/uploads\/2025\/12\/3ea7f66a9d899165e29b4de0669ee442db227281805f6695226862198e46d13e.jpg","@id":"https:\/\/hidalgo.nl\/de\/product\/842953\/rackpack-winetool\/#productImage"},"productGroupID":842953,"hasVariant":[{"@type":"Product","@id":"https:\/\/hidalgo.nl\/de\/product\/842953\/rackpack-winetool\/#wooCommerceProduct","name":"Rackpack Winetool - hout","url":"https:\/\/hidalgo.nl\/de\/product\/842953\/rackpack-winetool\/","sku":"A24-250844","image":{"@type":"ImageObject","url":"https:\/\/shop.hidalgo.nl\/wp-content\/uploads\/2025\/12\/3ea7f66a9d899165e29b4de0669ee442db227281805f6695226862198e46d13e.jpg","@id":"https:\/\/hidalgo.nl\/de\/product\/842953\/rackpack-winetool\/#productImage"},"offers":{"@type":"Offer","url":"https:\/\/hidalgo.nl\/de\/product\/842953\/rackpack-winetool\/#wooCommerceOffer","price":"4.25","priceCurrency":"EUR","category":"Promotionele Artikelen","availability":"https:\/\/schema.org\/InStock","priceSpecification":{"@type":"PriceSpecification","price":4.25,"priceCurrency":"EUR","valueAddedTaxIncluded":"true"}}}]},{"@type":"WebPage","@id":"https:\/\/hidalgo.nl\/de\/product\/842953\/rackpack-winetool\/#webpage","url":"https:\/\/hidalgo.nl\/de\/product\/842953\/rackpack-winetool\/","name":"Rackpack Winetool","description":"Das kompakte Rackpack-Tool ist dein vielseitiges Kellnermesser aus Buchenholz mit Dreifach-Funktion: Korken ziehen, Folie schneiden, Kronkorken \u00f6ffnen. Bei Hidalgo l\u00e4sst du es mit deinem Logo veredeln - ideal als Geschenk f\u00fcr 20-40-J\u00e4hrige und f\u00fcr Events.","inLanguage":"de-DE","isPartOf":{"@id":"https:\/\/hidalgo.nl\/de\/#website"},"breadcrumb":{"@id":"https:\/\/hidalgo.nl\/de\/product\/842953\/rackpack-winetool\/#breadcrumblist"},"image":{"@type":"ImageObject","url":"https:\/\/shop.hidalgo.nl\/wp-content\/uploads\/2025\/12\/3ea7f66a9d899165e29b4de0669ee442db227281805f6695226862198e46d13e.jpg","@id":"https:\/\/hidalgo.nl\/de\/product\/842953\/rackpack-winetool\/#mainImage"},"primaryImageOfPage":{"@id":"https:\/\/hidalgo.nl\/de\/product\/842953\/rackpack-winetool\/#mainImage"},"datePublished":"2026-02-13T15:23:26+00:00","dateModified":"2026-03-19T12:24:55+00:00"},{"@type":"WebSite","@id":"https:\/\/hidalgo.nl\/de\/#website","url":"https:\/\/hidalgo.nl\/de\/","name":"Hidalgo","inLanguage":"de-DE","publisher":{"@id":"https:\/\/hidalgo.nl\/de\/#organization"}}]},"og:locale":"de_DE","og:site_name":"Hidalgo -","og:type":"article","og:title":"Rackpack Winetool","og:description":"Das kompakte Rackpack-Tool ist dein vielseitiges Kellnermesser aus Buchenholz mit Dreifach-Funktion: Korken ziehen, Folie schneiden, Kronkorken \u00f6ffnen. Bei Hidalgo l\u00e4sst du es mit deinem Logo veredeln - ideal als Geschenk f\u00fcr 20-40-J\u00e4hrige und f\u00fcr Events.","og:url":"https:\/\/hidalgo.nl\/de\/wp-json\/wp\/v2\/product\/842953","og:image":"https:\/\/shop.hidalgo.nl\/wp-content\/uploads\/2025\/11\/cropped-Hidalgo-est1993.png","og:image:secure_url":"https:\/\/shop.hidalgo.nl\/wp-content\/uploads\/2025\/11\/cropped-Hidalgo-est1993.png","article:published_time":"2026-02-13T15:23:26+00:00","article:modified_time":"2026-03-19T12:24:55+00:00","twitter:card":"summary_large_image","twitter:title":"Rackpack Winetool","twitter:description":"Das kompakte Rackpack-Tool ist dein vielseitiges Kellnermesser aus Buchenholz mit Dreifach-Funktion: Korken ziehen, Folie schneiden, Kronkorken \u00f6ffnen. Bei Hidalgo l\u00e4sst du es mit deinem Logo veredeln - ideal als Geschenk f\u00fcr 20-40-J\u00e4hrige und f\u00fcr Events.","twitter:image":"https:\/\/shop.hidalgo.nl\/wp-content\/uploads\/2025\/11\/cropped-Hidalgo-est1993.png"},"aioseo_meta_data":{"post_id":"842953","title":null,"description":null,"keywords":null,"keyphrases":null,"primary_term":null,"canonical_url":null,"og_title":null,"og_description":null,"og_object_type":"default","og_image_type":"default","og_image_url":null,"og_image_width":null,"og_image_height":null,"og_image_custom_url":null,"og_image_custom_fields":null,"og_video":null,"og_custom_url":null,"og_article_section":null,"og_article_tags":null,"twitter_use_og":false,"twitter_card":"default","twitter_image_type":"default","twitter_image_url":null,"twitter_image_custom_url":null,"twitter_image_custom_fields":null,"twitter_title":null,"twitter_description":null,"schema":{"blockGraphs":[],"customGraphs":[],"default":{"data":{"Article":[],"Course":[],"Dataset":[],"FAQPage":[],"Movie":[],"Person":[],"Product":[],"ProductReview":[],"Car":[],"Recipe":[],"Service":[],"SoftwareApplication":[],"WebPage":[]},"graphName":"","isEnabled":true},"graphs":[]},"schema_type":"default","schema_type_options":null,"pillar_content":false,"robots_default":true,"robots_noindex":false,"robots_noarchive":false,"robots_nosnippet":false,"robots_nofollow":false,"robots_noimageindex":false,"robots_noodp":false,"robots_notranslate":false,"robots_max_snippet":null,"robots_max_videopreview":null,"robots_max_imagepreview":"large","priority":null,"frequency":null,"local_seo":null,"seo_analyzer_scan_date":"2026-02-13 15:27:02","breadcrumb_settings":null,"limit_modified_date":false,"reviewed_by":null,"open_ai":null,"ai":null,"created":"2026-02-13 15:25:14","updated":"2026-04-23 17:08:51"},"aioseo_breadcrumb":"<div class=\"aioseo-breadcrumbs\"><span class=\"aioseo-breadcrumb\">\n\t<a href=\"https:\/\/hidalgo.nl\/de\/\" title=\"Home\">Home<\/a>\n<\/span><span class=\"aioseo-breadcrumb-separator\">\u00bb<\/span><span class=\"aioseo-breadcrumb\">\n\t<a href=\"https:\/\/hidalgo.nl\/example\/\" title=\"example\">example<\/a>\n<\/span><span class=\"aioseo-breadcrumb-separator\">\u00bb<\/span><span class=\"aioseo-breadcrumb\">\n\t<a href=\"https:\/\/hidalgo.nl\/en\/product-supplier\/a24\/\" title=\"A24\">A24<\/a>\n<\/span><span class=\"aioseo-breadcrumb-separator\">\u00bb<\/span><span class=\"aioseo-breadcrumb\">\n\tRackpack Winetool\n<\/span><\/div>","aioseo_breadcrumb_json":[{"label":"Home","link":"https:\/\/hidalgo.nl\/de\/"},{"label":"example","link":"https:\/\/hidalgo.nl\/example\/"},{"label":"A24","link":"https:\/\/hidalgo.nl\/en\/product-supplier\/a24\/"},{"label":"Rackpack Winetool","link":"https:\/\/hidalgo.nl\/de\/product\/842953\/rackpack-winetool\/"}],"_links":{"self":[{"href":"https:\/\/hidalgo.nl\/de\/wp-json\/wp\/v2\/product\/842953","targetHints":{"allow":["GET"]}}],"collection":[{"href":"https:\/\/hidalgo.nl\/de\/wp-json\/wp\/v2\/product"}],"about":[{"href":"https:\/\/hidalgo.nl\/de\/wp-json\/wp\/v2\/types\/product"}],"wp:featuredmedia":[{"embeddable":true,"href":"https:\/\/hidalgo.nl\/de\/wp-json\/wp\/v2\/media\/842954"}],"wp:attachment":[{"href":"https:\/\/hidalgo.nl\/de\/wp-json\/wp\/v2\/media?parent=842953"}],"wp:term":[{"taxonomy":"product_brand","embeddable":true,"href":"https:\/\/hidalgo.nl\/de\/wp-json\/wp\/v2\/product_brand?post=842953"},{"taxonomy":"product_cat","embeddable":true,"href":"https:\/\/hidalgo.nl\/de\/wp-json\/wp\/v2\/product_cat?post=842953"},{"taxonomy":"product_tag","embeddable":true,"href":"https:\/\/hidalgo.nl\/de\/wp-json\/wp\/v2\/product_tag?post=842953"}],"curies":[{"name":"wp","href":"https:\/\/api.w.org\/{rel}","templated":true}]}}