{"id":842769,"date":"2026-02-13T13:04:51","date_gmt":"2026-02-13T13:04:51","guid":{"rendered":"https:\/\/hidalgo.nl\/product\/pp-cassette-50-ml-zonnebrandcreme-eitan\/"},"modified":"2026-03-13T19:59:21","modified_gmt":"2026-03-13T19:59:21","slug":"pp-cassette-50-ml-zonnebrandcreme-eitan","status":"publish","type":"product","link":"https:\/\/hidalgo.nl\/de\/product\/842769\/sonnencreme-bedrucken-eitan-spf-50-pp-kassette-kordel-50ml\/","title":{"rendered":"PP cassette (50 ml) zonnebrandcrem\u00e9 Eitan"},"content":{"rendered":"<p>Cassette van PP met 50 ml zonnebrandlotion (SPF50) en een polskoord van polyester in bijpassende kleur met metalen haakje. Voorzien van een boekje-sticker op de achterzijde.<\/p>\n","protected":false},"excerpt":{"rendered":"<p>Cassette van PP met 50 ml zonnebrandlotion (SPF50) en een polskoord van polyester in bijpassende kleur met metalen haakje. Voorzien van een boekje-sticker op de achterzijde.<\/p>\n","protected":false},"featured_media":842770,"template":"","meta":{"_acf_changed":false,"om_disable_all_campaigns":false,"_monsterinsights_skip_tracking":false,"_monsterinsights_sitenote_active":false,"_monsterinsights_sitenote_note":"","_monsterinsights_sitenote_category":0},"product_brand":[49],"product_cat":[4722,4719,4723],"product_tag":[],"class_list":{"0":"post-842769","1":"product","2":"type-product","3":"status-publish","4":"has-post-thumbnail","6":"product_supplier-a58","7":"product_material-pp","8":"product_brand-impression","9":"product_cat-gezondheid","10":"product_cat-promotionele-artikelen","11":"product_cat-spf-zonnebrand","12":"entry","14":"first","15":"instock","16":"taxable","17":"shipping-taxable","18":"purchasable","19":"product-type-variable"},"acf":{"imprint_cost":[{"imprint_cost_key":"31a17db29e42adb670cd1aea3c24df12d2fb2aa1","product_quantity_price_range":[{"imprint_cost_recommended_selling_price":"0.97","imprint_cost_recommended_selling_quantity":"1"},{"imprint_cost_recommended_selling_price":"0.82","imprint_cost_recommended_selling_quantity":"25"},{"imprint_cost_recommended_selling_price":"0.75","imprint_cost_recommended_selling_quantity":"50"},{"imprint_cost_recommended_selling_price":"0.68","imprint_cost_recommended_selling_quantity":"100"},{"imprint_cost_recommended_selling_price":"0.62","imprint_cost_recommended_selling_quantity":"250"},{"imprint_cost_recommended_selling_price":"0.55","imprint_cost_recommended_selling_quantity":"500"},{"imprint_cost_recommended_selling_price":"0.51","imprint_cost_recommended_selling_quantity":"1000"},{"imprint_cost_recommended_selling_price":"0.48","imprint_cost_recommended_selling_quantity":"2500"},{"imprint_cost_recommended_selling_price":"0.43","imprint_cost_recommended_selling_quantity":"5000"}],"product_quantity_price_range_buying":false,"imprint_cost_setup_costs":"60.77","imprint_cost_handling_costs":"0.26"},{"imprint_cost_key":"f5c6056afde7e2be27e40f85d8485a6f333e6256","product_quantity_price_range":[{"imprint_cost_recommended_selling_price":"5.43","imprint_cost_recommended_selling_quantity":"1"},{"imprint_cost_recommended_selling_price":"2.83","imprint_cost_recommended_selling_quantity":"25"},{"imprint_cost_recommended_selling_price":"1.29","imprint_cost_recommended_selling_quantity":"50"},{"imprint_cost_recommended_selling_price":"0.49","imprint_cost_recommended_selling_quantity":"100"},{"imprint_cost_recommended_selling_price":"0.35","imprint_cost_recommended_selling_quantity":"250"},{"imprint_cost_recommended_selling_price":"0.28","imprint_cost_recommended_selling_quantity":"500"},{"imprint_cost_recommended_selling_price":"0.2","imprint_cost_recommended_selling_quantity":"1000"},{"imprint_cost_recommended_selling_price":"0.18","imprint_cost_recommended_selling_quantity":"5000"}],"product_quantity_price_range_buying":false,"imprint_cost_setup_costs":"52.31","imprint_cost_handling_costs":"0.2"}]},"aioseo_notices":[],"aioseo_head":"\n\t\t<!-- All in One SEO Pro 4.9.6.2 - aioseo.com -->\n\t<meta name=\"description\" content=\"Diese praktische Reisegr\u00f6\u00dfe der Sonnenschutzlotion Eitan ist dein idealer Begleiter f\u00fcr Events oder den Strand. Als effektiver Werbeartikel Sonnenschutz 50ml kannst du die Kassette mit deinem Logo bedrucken lassen und so die Sichtbarkeit deiner Marke erh\u00f6hen.\" \/>\n\t<meta name=\"robots\" content=\"max-image-preview:large\" \/>\n\t<link rel=\"canonical\" href=\"https:\/\/hidalgo.nl\/de\/wp-json\/wp\/v2\/product\/842769\" \/>\n\t<meta name=\"generator\" content=\"All in One SEO Pro (AIOSEO) 4.9.6.2\" \/>\n\t\t<meta property=\"og:locale\" content=\"de_DE\" \/>\n\t\t<meta property=\"og:site_name\" content=\"Hidalgo -\" \/>\n\t\t<meta property=\"og:type\" content=\"article\" \/>\n\t\t<meta property=\"og:title\" content=\"Sonnencreme bedrucken Eitan SPF 50 PP Kassette Kordel 50ml\" \/>\n\t\t<meta property=\"og:description\" content=\"Diese praktische Reisegr\u00f6\u00dfe der Sonnenschutzlotion Eitan ist dein idealer Begleiter f\u00fcr Events oder den Strand. Als effektiver Werbeartikel Sonnenschutz 50ml kannst du die Kassette mit deinem Logo bedrucken lassen und so die Sichtbarkeit deiner Marke erh\u00f6hen.\" \/>\n\t\t<meta property=\"og:url\" content=\"https:\/\/hidalgo.nl\/de\/wp-json\/wp\/v2\/product\/842769\" \/>\n\t\t<meta property=\"og:image\" content=\"https:\/\/shop.hidalgo.nl\/wp-content\/uploads\/2025\/11\/cropped-Hidalgo-est1993.png\" \/>\n\t\t<meta property=\"og:image:secure_url\" content=\"https:\/\/shop.hidalgo.nl\/wp-content\/uploads\/2025\/11\/cropped-Hidalgo-est1993.png\" \/>\n\t\t<meta property=\"article:published_time\" content=\"2026-02-13T13:04:51+00:00\" \/>\n\t\t<meta property=\"article:modified_time\" content=\"2026-03-13T19:59:21+00:00\" \/>\n\t\t<meta name=\"twitter:card\" content=\"summary_large_image\" \/>\n\t\t<meta name=\"twitter:title\" content=\"Sonnencreme bedrucken Eitan SPF 50 PP Kassette Kordel 50ml\" \/>\n\t\t<meta name=\"twitter:description\" content=\"Diese praktische Reisegr\u00f6\u00dfe der Sonnenschutzlotion Eitan ist dein idealer Begleiter f\u00fcr Events oder den Strand. Als effektiver Werbeartikel Sonnenschutz 50ml kannst du die Kassette mit deinem Logo bedrucken lassen und so die Sichtbarkeit deiner Marke erh\u00f6hen.\" \/>\n\t\t<meta name=\"twitter:image\" content=\"https:\/\/shop.hidalgo.nl\/wp-content\/uploads\/2025\/11\/cropped-Hidalgo-est1993.png\" \/>\n\t\t<script type=\"application\/ld+json\" class=\"aioseo-schema\">\n\t\t\t{\"@context\":\"https:\\\/\\\/schema.org\",\"@graph\":[{\"@type\":\"BreadcrumbList\",\"@id\":\"https:\\\/\\\/hidalgo.nl\\\/de\\\/product\\\/842769\\\/sonnencreme-bedrucken-eitan-spf-50-pp-kassette-kordel-50ml\\\/#breadcrumblist\",\"itemListElement\":[{\"@type\":\"ListItem\",\"@id\":\"https:\\\/\\\/hidalgo.nl\\\/de\\\/#listItem\",\"position\":1,\"name\":\"Home\",\"item\":\"https:\\\/\\\/hidalgo.nl\\\/de\\\/\",\"nextItem\":{\"@type\":\"ListItem\",\"@id\":\"https:\\\/\\\/hidalgo.nl\\\/example\\\/#listItem\",\"name\":\"example\"}},{\"@type\":\"ListItem\",\"@id\":\"https:\\\/\\\/hidalgo.nl\\\/example\\\/#listItem\",\"position\":2,\"name\":\"example\",\"item\":\"https:\\\/\\\/hidalgo.nl\\\/example\\\/\",\"nextItem\":{\"@type\":\"ListItem\",\"@id\":\"https:\\\/\\\/hidalgo.nl\\\/en\\\/product-supplier\\\/a58\\\/#listItem\",\"name\":\"A58\"},\"previousItem\":{\"@type\":\"ListItem\",\"@id\":\"https:\\\/\\\/hidalgo.nl\\\/de\\\/#listItem\",\"name\":\"Home\"}},{\"@type\":\"ListItem\",\"@id\":\"https:\\\/\\\/hidalgo.nl\\\/en\\\/product-supplier\\\/a58\\\/#listItem\",\"position\":3,\"name\":\"A58\",\"item\":\"https:\\\/\\\/hidalgo.nl\\\/en\\\/product-supplier\\\/a58\\\/\",\"nextItem\":{\"@type\":\"ListItem\",\"@id\":\"https:\\\/\\\/hidalgo.nl\\\/de\\\/product\\\/842769\\\/sonnencreme-bedrucken-eitan-spf-50-pp-kassette-kordel-50ml\\\/#listItem\",\"name\":\"PP cassette (50 ml) zonnebrandcrem\\u00e9 Eitan\"},\"previousItem\":{\"@type\":\"ListItem\",\"@id\":\"https:\\\/\\\/hidalgo.nl\\\/example\\\/#listItem\",\"name\":\"example\"}},{\"@type\":\"ListItem\",\"@id\":\"https:\\\/\\\/hidalgo.nl\\\/de\\\/product\\\/842769\\\/sonnencreme-bedrucken-eitan-spf-50-pp-kassette-kordel-50ml\\\/#listItem\",\"position\":4,\"name\":\"PP cassette (50 ml) zonnebrandcrem\\u00e9 Eitan\",\"previousItem\":{\"@type\":\"ListItem\",\"@id\":\"https:\\\/\\\/hidalgo.nl\\\/en\\\/product-supplier\\\/a58\\\/#listItem\",\"name\":\"A58\"}}]},{\"@type\":\"Organization\",\"@id\":\"https:\\\/\\\/hidalgo.nl\\\/de\\\/#organization\",\"name\":\"Hidalgo\",\"url\":\"https:\\\/\\\/hidalgo.nl\\\/de\\\/\",\"logo\":{\"@type\":\"ImageObject\",\"url\":\"https:\\\/\\\/shop.hidalgo.nl\\\/wp-content\\\/uploads\\\/2025\\\/11\\\/cropped-Hidalgo-est1993.png\",\"@id\":\"https:\\\/\\\/hidalgo.nl\\\/de\\\/product\\\/842769\\\/sonnencreme-bedrucken-eitan-spf-50-pp-kassette-kordel-50ml\\\/#organizationLogo\",\"width\":585,\"height\":195},\"image\":{\"@id\":\"https:\\\/\\\/hidalgo.nl\\\/de\\\/product\\\/842769\\\/sonnencreme-bedrucken-eitan-spf-50-pp-kassette-kordel-50ml\\\/#organizationLogo\"}},{\"@type\":\"ProductGroup\",\"@id\":\"https:\\\/\\\/hidalgo.nl\\\/de\\\/product\\\/842769\\\/sonnencreme-bedrucken-eitan-spf-50-pp-kassette-kordel-50ml\\\/#wooCommerceProduct\",\"name\":\"Sonnencreme bedrucken Eitan SPF 50 PP Kassette Kordel 50ml\",\"url\":\"https:\\\/\\\/hidalgo.nl\\\/de\\\/product\\\/842769\\\/sonnencreme-bedrucken-eitan-spf-50-pp-kassette-kordel-50ml\\\/\",\"brand\":{\"@type\":\"Brand\",\"name\":\"IMPRESSION\"},\"sku\":\"A58-1349488\",\"image\":{\"@type\":\"ImageObject\",\"url\":\"https:\\\/\\\/shop.hidalgo.nl\\\/wp-content\\\/uploads\\\/2026\\\/01\\\/fb12fc9db6b2b6b68e13d22cac39783899f766da5b9774b5db34ce1625297d70.jpg\",\"@id\":\"https:\\\/\\\/hidalgo.nl\\\/de\\\/product\\\/842769\\\/sonnencreme-bedrucken-eitan-spf-50-pp-kassette-kordel-50ml\\\/#productImage\"},\"productGroupID\":842769,\"hasVariant\":[{\"@type\":\"Product\",\"@id\":\"https:\\\/\\\/hidalgo.nl\\\/de\\\/product\\\/842769\\\/sonnencreme-bedrucken-eitan-spf-50-pp-kassette-kordel-50ml\\\/#wooCommerceProduct\",\"name\":\"PP cassette (50 ml) zonnebrandcrem\\u00e9 Eitan - wit, standaard-uitvoering\",\"url\":\"https:\\\/\\\/hidalgo.nl\\\/de\\\/product\\\/842769\\\/sonnencreme-bedrucken-eitan-spf-50-pp-kassette-kordel-50ml\\\/\",\"sku\":\"A58-1349488-002999999\",\"gtin\":\"8719446076174\",\"image\":{\"@type\":\"ImageObject\",\"url\":\"https:\\\/\\\/shop.hidalgo.nl\\\/wp-content\\\/uploads\\\/2026\\\/01\\\/fb12fc9db6b2b6b68e13d22cac39783899f766da5b9774b5db34ce1625297d70.jpg\",\"@id\":\"https:\\\/\\\/hidalgo.nl\\\/de\\\/product\\\/842769\\\/sonnencreme-bedrucken-eitan-spf-50-pp-kassette-kordel-50ml\\\/#productImage\"},\"offers\":{\"@type\":\"Offer\",\"url\":\"https:\\\/\\\/hidalgo.nl\\\/de\\\/product\\\/842769\\\/sonnencreme-bedrucken-eitan-spf-50-pp-kassette-kordel-50ml\\\/#wooCommerceOffer\",\"price\":\"4.51\",\"priceCurrency\":\"EUR\",\"category\":\"Promotionele Artikelen\",\"availability\":\"https:\\\/\\\/schema.org\\\/InStock\",\"priceSpecification\":{\"@type\":\"PriceSpecification\",\"price\":4.51,\"priceCurrency\":\"EUR\",\"valueAddedTaxIncluded\":\"true\"}}}]},{\"@type\":\"WebPage\",\"@id\":\"https:\\\/\\\/hidalgo.nl\\\/de\\\/product\\\/842769\\\/sonnencreme-bedrucken-eitan-spf-50-pp-kassette-kordel-50ml\\\/#webpage\",\"url\":\"https:\\\/\\\/hidalgo.nl\\\/de\\\/product\\\/842769\\\/sonnencreme-bedrucken-eitan-spf-50-pp-kassette-kordel-50ml\\\/\",\"name\":\"Sonnencreme bedrucken Eitan SPF 50 PP Kassette Kordel 50ml\",\"description\":\"Diese praktische Reisegr\\u00f6\\u00dfe der Sonnenschutzlotion Eitan ist dein idealer Begleiter f\\u00fcr Events oder den Strand. Als effektiver Werbeartikel Sonnenschutz 50ml kannst du die Kassette mit deinem Logo bedrucken lassen und so die Sichtbarkeit deiner Marke erh\\u00f6hen.\",\"inLanguage\":\"de-DE\",\"isPartOf\":{\"@id\":\"https:\\\/\\\/hidalgo.nl\\\/de\\\/#website\"},\"breadcrumb\":{\"@id\":\"https:\\\/\\\/hidalgo.nl\\\/de\\\/product\\\/842769\\\/sonnencreme-bedrucken-eitan-spf-50-pp-kassette-kordel-50ml\\\/#breadcrumblist\"},\"image\":{\"@type\":\"ImageObject\",\"url\":\"https:\\\/\\\/shop.hidalgo.nl\\\/wp-content\\\/uploads\\\/2026\\\/01\\\/fb12fc9db6b2b6b68e13d22cac39783899f766da5b9774b5db34ce1625297d70.jpg\",\"@id\":\"https:\\\/\\\/hidalgo.nl\\\/de\\\/product\\\/842769\\\/sonnencreme-bedrucken-eitan-spf-50-pp-kassette-kordel-50ml\\\/#mainImage\"},\"primaryImageOfPage\":{\"@id\":\"https:\\\/\\\/hidalgo.nl\\\/de\\\/product\\\/842769\\\/sonnencreme-bedrucken-eitan-spf-50-pp-kassette-kordel-50ml\\\/#mainImage\"},\"datePublished\":\"2026-02-13T13:04:51+00:00\",\"dateModified\":\"2026-03-13T19:59:21+00:00\"},{\"@type\":\"WebSite\",\"@id\":\"https:\\\/\\\/hidalgo.nl\\\/de\\\/#website\",\"url\":\"https:\\\/\\\/hidalgo.nl\\\/de\\\/\",\"name\":\"Hidalgo\",\"inLanguage\":\"de-DE\",\"publisher\":{\"@id\":\"https:\\\/\\\/hidalgo.nl\\\/de\\\/#organization\"}}]}\n\t\t<\/script>\n\t\t<!-- All in One SEO Pro -->\r\n\t\t<title>Sonnencreme bedrucken Eitan SPF 50 PP Kassette Kordel 50ml<\/title>\n\n","aioseo_head_json":{"title":"Sonnencreme bedrucken Eitan SPF 50 PP Kassette Kordel 50ml","description":"Diese praktische Reisegr\u00f6\u00dfe der Sonnenschutzlotion Eitan ist dein idealer Begleiter f\u00fcr Events oder den Strand. Als effektiver Werbeartikel Sonnenschutz 50ml kannst du die Kassette mit deinem Logo bedrucken lassen und so die Sichtbarkeit deiner Marke erh\u00f6hen.","canonical_url":"https:\/\/hidalgo.nl\/de\/wp-json\/wp\/v2\/product\/842769","robots":"max-image-preview:large","keywords":"","webmasterTools":{"miscellaneous":""},"schema":{"@context":"https:\/\/schema.org","@graph":[{"@type":"BreadcrumbList","@id":"https:\/\/hidalgo.nl\/de\/product\/842769\/sonnencreme-bedrucken-eitan-spf-50-pp-kassette-kordel-50ml\/#breadcrumblist","itemListElement":[{"@type":"ListItem","@id":"https:\/\/hidalgo.nl\/de\/#listItem","position":1,"name":"Home","item":"https:\/\/hidalgo.nl\/de\/","nextItem":{"@type":"ListItem","@id":"https:\/\/hidalgo.nl\/example\/#listItem","name":"example"}},{"@type":"ListItem","@id":"https:\/\/hidalgo.nl\/example\/#listItem","position":2,"name":"example","item":"https:\/\/hidalgo.nl\/example\/","nextItem":{"@type":"ListItem","@id":"https:\/\/hidalgo.nl\/en\/product-supplier\/a58\/#listItem","name":"A58"},"previousItem":{"@type":"ListItem","@id":"https:\/\/hidalgo.nl\/de\/#listItem","name":"Home"}},{"@type":"ListItem","@id":"https:\/\/hidalgo.nl\/en\/product-supplier\/a58\/#listItem","position":3,"name":"A58","item":"https:\/\/hidalgo.nl\/en\/product-supplier\/a58\/","nextItem":{"@type":"ListItem","@id":"https:\/\/hidalgo.nl\/de\/product\/842769\/sonnencreme-bedrucken-eitan-spf-50-pp-kassette-kordel-50ml\/#listItem","name":"PP cassette (50 ml) zonnebrandcrem\u00e9 Eitan"},"previousItem":{"@type":"ListItem","@id":"https:\/\/hidalgo.nl\/example\/#listItem","name":"example"}},{"@type":"ListItem","@id":"https:\/\/hidalgo.nl\/de\/product\/842769\/sonnencreme-bedrucken-eitan-spf-50-pp-kassette-kordel-50ml\/#listItem","position":4,"name":"PP cassette (50 ml) zonnebrandcrem\u00e9 Eitan","previousItem":{"@type":"ListItem","@id":"https:\/\/hidalgo.nl\/en\/product-supplier\/a58\/#listItem","name":"A58"}}]},{"@type":"Organization","@id":"https:\/\/hidalgo.nl\/de\/#organization","name":"Hidalgo","url":"https:\/\/hidalgo.nl\/de\/","logo":{"@type":"ImageObject","url":"https:\/\/shop.hidalgo.nl\/wp-content\/uploads\/2025\/11\/cropped-Hidalgo-est1993.png","@id":"https:\/\/hidalgo.nl\/de\/product\/842769\/sonnencreme-bedrucken-eitan-spf-50-pp-kassette-kordel-50ml\/#organizationLogo","width":585,"height":195},"image":{"@id":"https:\/\/hidalgo.nl\/de\/product\/842769\/sonnencreme-bedrucken-eitan-spf-50-pp-kassette-kordel-50ml\/#organizationLogo"}},{"@type":"ProductGroup","@id":"https:\/\/hidalgo.nl\/de\/product\/842769\/sonnencreme-bedrucken-eitan-spf-50-pp-kassette-kordel-50ml\/#wooCommerceProduct","name":"Sonnencreme bedrucken Eitan SPF 50 PP Kassette Kordel 50ml","url":"https:\/\/hidalgo.nl\/de\/product\/842769\/sonnencreme-bedrucken-eitan-spf-50-pp-kassette-kordel-50ml\/","brand":{"@type":"Brand","name":"IMPRESSION"},"sku":"A58-1349488","image":{"@type":"ImageObject","url":"https:\/\/shop.hidalgo.nl\/wp-content\/uploads\/2026\/01\/fb12fc9db6b2b6b68e13d22cac39783899f766da5b9774b5db34ce1625297d70.jpg","@id":"https:\/\/hidalgo.nl\/de\/product\/842769\/sonnencreme-bedrucken-eitan-spf-50-pp-kassette-kordel-50ml\/#productImage"},"productGroupID":842769,"hasVariant":[{"@type":"Product","@id":"https:\/\/hidalgo.nl\/de\/product\/842769\/sonnencreme-bedrucken-eitan-spf-50-pp-kassette-kordel-50ml\/#wooCommerceProduct","name":"PP cassette (50 ml) zonnebrandcrem\u00e9 Eitan - wit, standaard-uitvoering","url":"https:\/\/hidalgo.nl\/de\/product\/842769\/sonnencreme-bedrucken-eitan-spf-50-pp-kassette-kordel-50ml\/","sku":"A58-1349488-002999999","gtin":"8719446076174","image":{"@type":"ImageObject","url":"https:\/\/shop.hidalgo.nl\/wp-content\/uploads\/2026\/01\/fb12fc9db6b2b6b68e13d22cac39783899f766da5b9774b5db34ce1625297d70.jpg","@id":"https:\/\/hidalgo.nl\/de\/product\/842769\/sonnencreme-bedrucken-eitan-spf-50-pp-kassette-kordel-50ml\/#productImage"},"offers":{"@type":"Offer","url":"https:\/\/hidalgo.nl\/de\/product\/842769\/sonnencreme-bedrucken-eitan-spf-50-pp-kassette-kordel-50ml\/#wooCommerceOffer","price":"4.51","priceCurrency":"EUR","category":"Promotionele Artikelen","availability":"https:\/\/schema.org\/InStock","priceSpecification":{"@type":"PriceSpecification","price":4.51,"priceCurrency":"EUR","valueAddedTaxIncluded":"true"}}}]},{"@type":"WebPage","@id":"https:\/\/hidalgo.nl\/de\/product\/842769\/sonnencreme-bedrucken-eitan-spf-50-pp-kassette-kordel-50ml\/#webpage","url":"https:\/\/hidalgo.nl\/de\/product\/842769\/sonnencreme-bedrucken-eitan-spf-50-pp-kassette-kordel-50ml\/","name":"Sonnencreme bedrucken Eitan SPF 50 PP Kassette Kordel 50ml","description":"Diese praktische Reisegr\u00f6\u00dfe der Sonnenschutzlotion Eitan ist dein idealer Begleiter f\u00fcr Events oder den Strand. Als effektiver Werbeartikel Sonnenschutz 50ml kannst du die Kassette mit deinem Logo bedrucken lassen und so die Sichtbarkeit deiner Marke erh\u00f6hen.","inLanguage":"de-DE","isPartOf":{"@id":"https:\/\/hidalgo.nl\/de\/#website"},"breadcrumb":{"@id":"https:\/\/hidalgo.nl\/de\/product\/842769\/sonnencreme-bedrucken-eitan-spf-50-pp-kassette-kordel-50ml\/#breadcrumblist"},"image":{"@type":"ImageObject","url":"https:\/\/shop.hidalgo.nl\/wp-content\/uploads\/2026\/01\/fb12fc9db6b2b6b68e13d22cac39783899f766da5b9774b5db34ce1625297d70.jpg","@id":"https:\/\/hidalgo.nl\/de\/product\/842769\/sonnencreme-bedrucken-eitan-spf-50-pp-kassette-kordel-50ml\/#mainImage"},"primaryImageOfPage":{"@id":"https:\/\/hidalgo.nl\/de\/product\/842769\/sonnencreme-bedrucken-eitan-spf-50-pp-kassette-kordel-50ml\/#mainImage"},"datePublished":"2026-02-13T13:04:51+00:00","dateModified":"2026-03-13T19:59:21+00:00"},{"@type":"WebSite","@id":"https:\/\/hidalgo.nl\/de\/#website","url":"https:\/\/hidalgo.nl\/de\/","name":"Hidalgo","inLanguage":"de-DE","publisher":{"@id":"https:\/\/hidalgo.nl\/de\/#organization"}}]},"og:locale":"de_DE","og:site_name":"Hidalgo -","og:type":"article","og:title":"Sonnencreme bedrucken Eitan SPF 50 PP Kassette Kordel 50ml","og:description":"Diese praktische Reisegr\u00f6\u00dfe der Sonnenschutzlotion Eitan ist dein idealer Begleiter f\u00fcr Events oder den Strand. Als effektiver Werbeartikel Sonnenschutz 50ml kannst du die Kassette mit deinem Logo bedrucken lassen und so die Sichtbarkeit deiner Marke erh\u00f6hen.","og:url":"https:\/\/hidalgo.nl\/de\/wp-json\/wp\/v2\/product\/842769","og:image":"https:\/\/shop.hidalgo.nl\/wp-content\/uploads\/2025\/11\/cropped-Hidalgo-est1993.png","og:image:secure_url":"https:\/\/shop.hidalgo.nl\/wp-content\/uploads\/2025\/11\/cropped-Hidalgo-est1993.png","article:published_time":"2026-02-13T13:04:51+00:00","article:modified_time":"2026-03-13T19:59:21+00:00","twitter:card":"summary_large_image","twitter:title":"Sonnencreme bedrucken Eitan SPF 50 PP Kassette Kordel 50ml","twitter:description":"Diese praktische Reisegr\u00f6\u00dfe der Sonnenschutzlotion Eitan ist dein idealer Begleiter f\u00fcr Events oder den Strand. Als effektiver Werbeartikel Sonnenschutz 50ml kannst du die Kassette mit deinem Logo bedrucken lassen und so die Sichtbarkeit deiner Marke erh\u00f6hen.","twitter:image":"https:\/\/shop.hidalgo.nl\/wp-content\/uploads\/2025\/11\/cropped-Hidalgo-est1993.png"},"aioseo_meta_data":{"post_id":"842769","title":null,"description":null,"keywords":null,"keyphrases":null,"primary_term":null,"canonical_url":null,"og_title":null,"og_description":null,"og_object_type":"default","og_image_type":"default","og_image_url":null,"og_image_width":null,"og_image_height":null,"og_image_custom_url":null,"og_image_custom_fields":null,"og_video":null,"og_custom_url":null,"og_article_section":null,"og_article_tags":null,"twitter_use_og":false,"twitter_card":"default","twitter_image_type":"default","twitter_image_url":null,"twitter_image_custom_url":null,"twitter_image_custom_fields":null,"twitter_title":null,"twitter_description":null,"schema":{"blockGraphs":[],"customGraphs":[],"default":{"data":{"Article":[],"Course":[],"Dataset":[],"FAQPage":[],"Movie":[],"Person":[],"Product":[],"ProductReview":[],"Car":[],"Recipe":[],"Service":[],"SoftwareApplication":[],"WebPage":[]},"graphName":"","isEnabled":true},"graphs":[]},"schema_type":"default","schema_type_options":null,"pillar_content":false,"robots_default":true,"robots_noindex":false,"robots_noarchive":false,"robots_nosnippet":false,"robots_nofollow":false,"robots_noimageindex":false,"robots_noodp":false,"robots_notranslate":false,"robots_max_snippet":null,"robots_max_videopreview":null,"robots_max_imagepreview":"large","priority":null,"frequency":null,"local_seo":null,"seo_analyzer_scan_date":"2026-02-13 13:10:43","breadcrumb_settings":null,"limit_modified_date":false,"reviewed_by":null,"open_ai":null,"ai":null,"created":"2026-02-13 13:04:53","updated":"2026-04-23 17:07:49"},"aioseo_breadcrumb":"<div class=\"aioseo-breadcrumbs\"><span class=\"aioseo-breadcrumb\">\n\t<a href=\"https:\/\/hidalgo.nl\/de\/\" title=\"Home\">Home<\/a>\n<\/span><span class=\"aioseo-breadcrumb-separator\">\u00bb<\/span><span class=\"aioseo-breadcrumb\">\n\t<a href=\"https:\/\/hidalgo.nl\/example\/\" title=\"example\">example<\/a>\n<\/span><span class=\"aioseo-breadcrumb-separator\">\u00bb<\/span><span class=\"aioseo-breadcrumb\">\n\t<a href=\"https:\/\/hidalgo.nl\/en\/product-supplier\/a58\/\" title=\"A58\">A58<\/a>\n<\/span><span class=\"aioseo-breadcrumb-separator\">\u00bb<\/span><span class=\"aioseo-breadcrumb\">\n\tPP cassette (50 ml) zonnebrandcrem\u00e9 Eitan\n<\/span><\/div>","aioseo_breadcrumb_json":[{"label":"Home","link":"https:\/\/hidalgo.nl\/de\/"},{"label":"example","link":"https:\/\/hidalgo.nl\/example\/"},{"label":"A58","link":"https:\/\/hidalgo.nl\/en\/product-supplier\/a58\/"},{"label":"PP cassette (50 ml) zonnebrandcrem\u00e9 Eitan","link":"https:\/\/hidalgo.nl\/de\/product\/842769\/sonnencreme-bedrucken-eitan-spf-50-pp-kassette-kordel-50ml\/"}],"_links":{"self":[{"href":"https:\/\/hidalgo.nl\/de\/wp-json\/wp\/v2\/product\/842769","targetHints":{"allow":["GET"]}}],"collection":[{"href":"https:\/\/hidalgo.nl\/de\/wp-json\/wp\/v2\/product"}],"about":[{"href":"https:\/\/hidalgo.nl\/de\/wp-json\/wp\/v2\/types\/product"}],"wp:featuredmedia":[{"embeddable":true,"href":"https:\/\/hidalgo.nl\/de\/wp-json\/wp\/v2\/media\/842770"}],"wp:attachment":[{"href":"https:\/\/hidalgo.nl\/de\/wp-json\/wp\/v2\/media?parent=842769"}],"wp:term":[{"taxonomy":"product_brand","embeddable":true,"href":"https:\/\/hidalgo.nl\/de\/wp-json\/wp\/v2\/product_brand?post=842769"},{"taxonomy":"product_cat","embeddable":true,"href":"https:\/\/hidalgo.nl\/de\/wp-json\/wp\/v2\/product_cat?post=842769"},{"taxonomy":"product_tag","embeddable":true,"href":"https:\/\/hidalgo.nl\/de\/wp-json\/wp\/v2\/product_tag?post=842769"}],"curies":[{"name":"wp","href":"https:\/\/api.w.org\/{rel}","templated":true}]}}