{"id":842707,"date":"2026-02-13T13:02:28","date_gmt":"2026-02-13T13:02:28","guid":{"rendered":"https:\/\/hidalgo.nl\/product\/sleutelhanger-met-waterpas\/"},"modified":"2026-04-24T07:45:12","modified_gmt":"2026-04-24T07:45:12","slug":"sleutelhanger-met-waterpas","status":"publish","type":"product","link":"https:\/\/hidalgo.nl\/de\/product\/842707\/schluesselanhaenger-wasserwaage-bedrucken-mini-tool-transparent\/","title":{"rendered":"Sleutelhanger met waterpas"},"content":{"rendered":"<p>Deze sleutelhanger is niet alleen handig om je sleutels bij elkaar te houden, maar ook nog eens voorzien van een waterpas om altijd zeker te weten dat je iets op een recht oppervlak plaatst.\u00a0<\/p>\n","protected":false},"excerpt":{"rendered":"<p>Deze sleutelhanger is niet alleen handig om je sleutels bij elkaar te houden, maar ook nog eens voorzien van een waterpas om altijd zeker te weten dat je iets op een recht oppervlak plaatst.\u00a0<\/p>\n","protected":false},"featured_media":842708,"template":"","meta":{"_acf_changed":false,"om_disable_all_campaigns":false,"_monsterinsights_skip_tracking":false,"_monsterinsights_sitenote_active":false,"_monsterinsights_sitenote_note":"","_monsterinsights_sitenote_category":0},"product_brand":[6374],"product_cat":[4719,4801],"product_tag":[],"class_list":{"0":"post-842707","1":"product","2":"type-product","3":"status-publish","4":"has-post-thumbnail","6":"product_supplier-a53","7":"product_brand-hidalgo","8":"product_cat-promotionele-artikelen","9":"product_cat-sleutelhangers","10":"entry","12":"first","13":"instock","14":"taxable","15":"shipping-taxable","16":"purchasable","17":"product-type-variable"},"acf":{"imprint_cost":[{"imprint_cost_key":"22855e1056db50d92d360bac2000e32b6b5c3e1d","product_quantity_price_range":[{"imprint_cost_recommended_selling_price":"1.0725","imprint_cost_recommended_selling_quantity":"1"},{"imprint_cost_recommended_selling_price":"0.885","imprint_cost_recommended_selling_quantity":"10"},{"imprint_cost_recommended_selling_price":"0.7125","imprint_cost_recommended_selling_quantity":"25"},{"imprint_cost_recommended_selling_price":"0.63","imprint_cost_recommended_selling_quantity":"50"},{"imprint_cost_recommended_selling_price":"0.57","imprint_cost_recommended_selling_quantity":"100"},{"imprint_cost_recommended_selling_price":"0.4425","imprint_cost_recommended_selling_quantity":"250"},{"imprint_cost_recommended_selling_price":"0.3975","imprint_cost_recommended_selling_quantity":"500"},{"imprint_cost_recommended_selling_price":"0.36","imprint_cost_recommended_selling_quantity":"1000"},{"imprint_cost_recommended_selling_price":"0.345","imprint_cost_recommended_selling_quantity":"2500"},{"imprint_cost_recommended_selling_price":"0.33","imprint_cost_recommended_selling_quantity":"5000"},{"imprint_cost_recommended_selling_price":"0.315","imprint_cost_recommended_selling_quantity":"10000"}],"product_quantity_price_range_buying":[{"imprint_cost_general_buying_price":"0.715","imprint_cost_general_buying_quantity":"1"},{"imprint_cost_general_buying_price":"0.59","imprint_cost_general_buying_quantity":"10"},{"imprint_cost_general_buying_price":"0.475","imprint_cost_general_buying_quantity":"25"},{"imprint_cost_general_buying_price":"0.42","imprint_cost_general_buying_quantity":"50"},{"imprint_cost_general_buying_price":"0.38","imprint_cost_general_buying_quantity":"100"},{"imprint_cost_general_buying_price":"0.295","imprint_cost_general_buying_quantity":"250"},{"imprint_cost_general_buying_price":"0.265","imprint_cost_general_buying_quantity":"500"},{"imprint_cost_general_buying_price":"0.24","imprint_cost_general_buying_quantity":"1000"},{"imprint_cost_general_buying_price":"0.23","imprint_cost_general_buying_quantity":"2500"},{"imprint_cost_general_buying_price":"0.22","imprint_cost_general_buying_quantity":"5000"},{"imprint_cost_general_buying_price":"0.21","imprint_cost_general_buying_quantity":"10000"}],"imprint_cost_setup_costs":"54","imprint_cost_handling_costs":"0.03"},{"imprint_cost_key":"3a774725ff5a3fe413d14d93aba3d372cb30a5c8","product_quantity_price_range":[{"imprint_cost_recommended_selling_price":"0.885","imprint_cost_recommended_selling_quantity":"1"},{"imprint_cost_recommended_selling_price":"0.7575","imprint_cost_recommended_selling_quantity":"10"},{"imprint_cost_recommended_selling_price":"0.5175","imprint_cost_recommended_selling_quantity":"25"},{"imprint_cost_recommended_selling_price":"0.4425","imprint_cost_recommended_selling_quantity":"50"},{"imprint_cost_recommended_selling_price":"0.3975","imprint_cost_recommended_selling_quantity":"100"},{"imprint_cost_recommended_selling_price":"0.315","imprint_cost_recommended_selling_quantity":"250"},{"imprint_cost_recommended_selling_price":"0.255","imprint_cost_recommended_selling_quantity":"500"},{"imprint_cost_recommended_selling_price":"0.1575","imprint_cost_recommended_selling_quantity":"1000"},{"imprint_cost_recommended_selling_price":"0.1425","imprint_cost_recommended_selling_quantity":"2500"},{"imprint_cost_recommended_selling_price":"0.1275","imprint_cost_recommended_selling_quantity":"5000"},{"imprint_cost_recommended_selling_price":"0.1125","imprint_cost_recommended_selling_quantity":"10000"}],"product_quantity_price_range_buying":[{"imprint_cost_general_buying_price":"0.59","imprint_cost_general_buying_quantity":"1"},{"imprint_cost_general_buying_price":"0.505","imprint_cost_general_buying_quantity":"10"},{"imprint_cost_general_buying_price":"0.345","imprint_cost_general_buying_quantity":"25"},{"imprint_cost_general_buying_price":"0.295","imprint_cost_general_buying_quantity":"50"},{"imprint_cost_general_buying_price":"0.265","imprint_cost_general_buying_quantity":"100"},{"imprint_cost_general_buying_price":"0.21","imprint_cost_general_buying_quantity":"250"},{"imprint_cost_general_buying_price":"0.17","imprint_cost_general_buying_quantity":"500"},{"imprint_cost_general_buying_price":"0.105","imprint_cost_general_buying_quantity":"1000"},{"imprint_cost_general_buying_price":"0.095","imprint_cost_general_buying_quantity":"2500"},{"imprint_cost_general_buying_price":"0.085","imprint_cost_general_buying_quantity":"5000"},{"imprint_cost_general_buying_price":"0.075","imprint_cost_general_buying_quantity":"10000"}],"imprint_cost_setup_costs":"54","imprint_cost_handling_costs":"0.03"}]},"aioseo_notices":[],"aioseo_head":"\n\t\t<!-- All in One SEO Pro 4.9.6.2 - aioseo.com -->\n\t<meta name=\"description\" content=\"Dieser transparente Mini Wasserwaage Schl\u00fcsselanh\u00e4nger passt an jeden Schl\u00fcsselbund und hilft dir, Fl\u00e4chen schnell auszurichten. Bei Hidalgo l\u00e4sst du dein Logo pr\u00e4zise aufbringen - ideal als Giveaway f\u00fcr Bau, Technik &amp; Montage. Jetzt Schl\u00fcsselanh\u00e4nger Wasserwaage kaufen.\" \/>\n\t<meta name=\"robots\" content=\"max-image-preview:large\" \/>\n\t<link rel=\"canonical\" href=\"https:\/\/hidalgo.nl\/de\/wp-json\/wp\/v2\/product\/842707\" \/>\n\t<meta name=\"generator\" content=\"All in One SEO Pro (AIOSEO) 4.9.6.2\" \/>\n\t\t<meta property=\"og:locale\" content=\"de_DE\" \/>\n\t\t<meta property=\"og:site_name\" content=\"Hidalgo -\" \/>\n\t\t<meta property=\"og:type\" content=\"article\" \/>\n\t\t<meta property=\"og:title\" content=\"Schl\u00fcsselanh\u00e4nger Wasserwaage bedrucken Mini Tool Transparent\" \/>\n\t\t<meta property=\"og:description\" content=\"Dieser transparente Mini Wasserwaage Schl\u00fcsselanh\u00e4nger passt an jeden Schl\u00fcsselbund und hilft dir, Fl\u00e4chen schnell auszurichten. Bei Hidalgo l\u00e4sst du dein Logo pr\u00e4zise aufbringen - ideal als Giveaway f\u00fcr Bau, Technik &amp; Montage. Jetzt Schl\u00fcsselanh\u00e4nger Wasserwaage kaufen.\" \/>\n\t\t<meta property=\"og:url\" content=\"https:\/\/hidalgo.nl\/de\/wp-json\/wp\/v2\/product\/842707\" \/>\n\t\t<meta property=\"og:image\" content=\"https:\/\/shop.hidalgo.nl\/wp-content\/uploads\/2025\/11\/cropped-Hidalgo-est1993.png\" \/>\n\t\t<meta property=\"og:image:secure_url\" content=\"https:\/\/shop.hidalgo.nl\/wp-content\/uploads\/2025\/11\/cropped-Hidalgo-est1993.png\" \/>\n\t\t<meta property=\"article:published_time\" content=\"2026-02-13T13:02:28+00:00\" \/>\n\t\t<meta property=\"article:modified_time\" content=\"2026-04-24T07:45:12+00:00\" \/>\n\t\t<meta name=\"twitter:card\" content=\"summary_large_image\" \/>\n\t\t<meta name=\"twitter:title\" content=\"Schl\u00fcsselanh\u00e4nger Wasserwaage bedrucken Mini Tool Transparent\" \/>\n\t\t<meta name=\"twitter:description\" content=\"Dieser transparente Mini Wasserwaage Schl\u00fcsselanh\u00e4nger passt an jeden Schl\u00fcsselbund und hilft dir, Fl\u00e4chen schnell auszurichten. Bei Hidalgo l\u00e4sst du dein Logo pr\u00e4zise aufbringen - ideal als Giveaway f\u00fcr Bau, Technik &amp; Montage. Jetzt Schl\u00fcsselanh\u00e4nger Wasserwaage kaufen.\" \/>\n\t\t<meta name=\"twitter:image\" content=\"https:\/\/shop.hidalgo.nl\/wp-content\/uploads\/2025\/11\/cropped-Hidalgo-est1993.png\" \/>\n\t\t<script type=\"application\/ld+json\" class=\"aioseo-schema\">\n\t\t\t{\"@context\":\"https:\\\/\\\/schema.org\",\"@graph\":[{\"@type\":\"BreadcrumbList\",\"@id\":\"https:\\\/\\\/hidalgo.nl\\\/de\\\/product\\\/842707\\\/schluesselanhaenger-wasserwaage-bedrucken-mini-tool-transparent\\\/#breadcrumblist\",\"itemListElement\":[{\"@type\":\"ListItem\",\"@id\":\"https:\\\/\\\/hidalgo.nl\\\/de\\\/#listItem\",\"position\":1,\"name\":\"Home\",\"item\":\"https:\\\/\\\/hidalgo.nl\\\/de\\\/\",\"nextItem\":{\"@type\":\"ListItem\",\"@id\":\"https:\\\/\\\/hidalgo.nl\\\/example\\\/#listItem\",\"name\":\"example\"}},{\"@type\":\"ListItem\",\"@id\":\"https:\\\/\\\/hidalgo.nl\\\/example\\\/#listItem\",\"position\":2,\"name\":\"example\",\"item\":\"https:\\\/\\\/hidalgo.nl\\\/example\\\/\",\"nextItem\":{\"@type\":\"ListItem\",\"@id\":\"https:\\\/\\\/hidalgo.nl\\\/en\\\/product-supplier\\\/a53\\\/#listItem\",\"name\":\"A53\"},\"previousItem\":{\"@type\":\"ListItem\",\"@id\":\"https:\\\/\\\/hidalgo.nl\\\/de\\\/#listItem\",\"name\":\"Home\"}},{\"@type\":\"ListItem\",\"@id\":\"https:\\\/\\\/hidalgo.nl\\\/en\\\/product-supplier\\\/a53\\\/#listItem\",\"position\":3,\"name\":\"A53\",\"item\":\"https:\\\/\\\/hidalgo.nl\\\/en\\\/product-supplier\\\/a53\\\/\",\"nextItem\":{\"@type\":\"ListItem\",\"@id\":\"https:\\\/\\\/hidalgo.nl\\\/de\\\/product\\\/842707\\\/schluesselanhaenger-wasserwaage-bedrucken-mini-tool-transparent\\\/#listItem\",\"name\":\"Sleutelhanger met waterpas\"},\"previousItem\":{\"@type\":\"ListItem\",\"@id\":\"https:\\\/\\\/hidalgo.nl\\\/example\\\/#listItem\",\"name\":\"example\"}},{\"@type\":\"ListItem\",\"@id\":\"https:\\\/\\\/hidalgo.nl\\\/de\\\/product\\\/842707\\\/schluesselanhaenger-wasserwaage-bedrucken-mini-tool-transparent\\\/#listItem\",\"position\":4,\"name\":\"Sleutelhanger met waterpas\",\"previousItem\":{\"@type\":\"ListItem\",\"@id\":\"https:\\\/\\\/hidalgo.nl\\\/en\\\/product-supplier\\\/a53\\\/#listItem\",\"name\":\"A53\"}}]},{\"@type\":\"Organization\",\"@id\":\"https:\\\/\\\/hidalgo.nl\\\/de\\\/#organization\",\"name\":\"Hidalgo\",\"url\":\"https:\\\/\\\/hidalgo.nl\\\/de\\\/\",\"logo\":{\"@type\":\"ImageObject\",\"url\":\"https:\\\/\\\/shop.hidalgo.nl\\\/wp-content\\\/uploads\\\/2025\\\/11\\\/cropped-Hidalgo-est1993.png\",\"@id\":\"https:\\\/\\\/hidalgo.nl\\\/de\\\/product\\\/842707\\\/schluesselanhaenger-wasserwaage-bedrucken-mini-tool-transparent\\\/#organizationLogo\",\"width\":585,\"height\":195},\"image\":{\"@id\":\"https:\\\/\\\/hidalgo.nl\\\/de\\\/product\\\/842707\\\/schluesselanhaenger-wasserwaage-bedrucken-mini-tool-transparent\\\/#organizationLogo\"}},{\"@type\":\"ProductGroup\",\"@id\":\"https:\\\/\\\/hidalgo.nl\\\/de\\\/product\\\/842707\\\/schluesselanhaenger-wasserwaage-bedrucken-mini-tool-transparent\\\/#wooCommerceProduct\",\"name\":\"Schl\\u00fcsselanh\\u00e4nger Wasserwaage bedrucken Mini Tool Transparent\",\"url\":\"https:\\\/\\\/hidalgo.nl\\\/de\\\/product\\\/842707\\\/schluesselanhaenger-wasserwaage-bedrucken-mini-tool-transparent\\\/\",\"brand\":{\"@type\":\"Brand\",\"name\":\"Hidalgo\"},\"sku\":\"A53-LT93419\",\"image\":{\"@type\":\"ImageObject\",\"url\":\"https:\\\/\\\/shop.hidalgo.nl\\\/wp-content\\\/uploads\\\/2025\\\/11\\\/2b9a19fbf51585c98ec0ec721d1516b6091ba9889a9f2093cf2808c3a396db0f.jpg\",\"@id\":\"https:\\\/\\\/hidalgo.nl\\\/de\\\/product\\\/842707\\\/schluesselanhaenger-wasserwaage-bedrucken-mini-tool-transparent\\\/#productImage\"},\"productGroupID\":842707,\"hasVariant\":[{\"@type\":\"Product\",\"@id\":\"https:\\\/\\\/hidalgo.nl\\\/de\\\/product\\\/842707\\\/schluesselanhaenger-wasserwaage-bedrucken-mini-tool-transparent\\\/#wooCommerceProduct\",\"name\":\"Sleutelhanger met waterpas - transparant\",\"url\":\"https:\\\/\\\/hidalgo.nl\\\/de\\\/product\\\/842707\\\/schluesselanhaenger-wasserwaage-bedrucken-mini-tool-transparent\\\/\",\"sku\":\"A53-LT93419-N0004\",\"image\":{\"@type\":\"ImageObject\",\"url\":\"https:\\\/\\\/shop.hidalgo.nl\\\/wp-content\\\/uploads\\\/2025\\\/11\\\/25e819c253c1162d1602f162fd1fc8e8be9994a51fe6c183355c45e1f3645ad2.jpg\",\"@id\":\"https:\\\/\\\/hidalgo.nl\\\/de\\\/product\\\/842707\\\/schluesselanhaenger-wasserwaage-bedrucken-mini-tool-transparent\\\/#productImage\"},\"offers\":{\"@type\":\"Offer\",\"url\":\"https:\\\/\\\/hidalgo.nl\\\/de\\\/product\\\/842707\\\/schluesselanhaenger-wasserwaage-bedrucken-mini-tool-transparent\\\/#wooCommerceOffer\",\"price\":\"0.54\",\"priceCurrency\":\"EUR\",\"category\":\"Promotionele Artikelen\",\"availability\":\"https:\\\/\\\/schema.org\\\/InStock\",\"priceSpecification\":{\"@type\":\"PriceSpecification\",\"price\":0.54,\"priceCurrency\":\"EUR\",\"valueAddedTaxIncluded\":\"true\"}}}]},{\"@type\":\"WebPage\",\"@id\":\"https:\\\/\\\/hidalgo.nl\\\/de\\\/product\\\/842707\\\/schluesselanhaenger-wasserwaage-bedrucken-mini-tool-transparent\\\/#webpage\",\"url\":\"https:\\\/\\\/hidalgo.nl\\\/de\\\/product\\\/842707\\\/schluesselanhaenger-wasserwaage-bedrucken-mini-tool-transparent\\\/\",\"name\":\"Schl\\u00fcsselanh\\u00e4nger Wasserwaage bedrucken Mini Tool Transparent\",\"description\":\"Dieser transparente Mini Wasserwaage Schl\\u00fcsselanh\\u00e4nger passt an jeden Schl\\u00fcsselbund und hilft dir, Fl\\u00e4chen schnell auszurichten. Bei Hidalgo l\\u00e4sst du dein Logo pr\\u00e4zise aufbringen - ideal als Giveaway f\\u00fcr Bau, Technik & Montage. Jetzt Schl\\u00fcsselanh\\u00e4nger Wasserwaage kaufen.\",\"inLanguage\":\"de-DE\",\"isPartOf\":{\"@id\":\"https:\\\/\\\/hidalgo.nl\\\/de\\\/#website\"},\"breadcrumb\":{\"@id\":\"https:\\\/\\\/hidalgo.nl\\\/de\\\/product\\\/842707\\\/schluesselanhaenger-wasserwaage-bedrucken-mini-tool-transparent\\\/#breadcrumblist\"},\"image\":{\"@type\":\"ImageObject\",\"url\":\"https:\\\/\\\/shop.hidalgo.nl\\\/wp-content\\\/uploads\\\/2025\\\/11\\\/2b9a19fbf51585c98ec0ec721d1516b6091ba9889a9f2093cf2808c3a396db0f.jpg\",\"@id\":\"https:\\\/\\\/hidalgo.nl\\\/de\\\/product\\\/842707\\\/schluesselanhaenger-wasserwaage-bedrucken-mini-tool-transparent\\\/#mainImage\"},\"primaryImageOfPage\":{\"@id\":\"https:\\\/\\\/hidalgo.nl\\\/de\\\/product\\\/842707\\\/schluesselanhaenger-wasserwaage-bedrucken-mini-tool-transparent\\\/#mainImage\"},\"datePublished\":\"2026-02-13T13:02:28+00:00\",\"dateModified\":\"2026-04-24T07:45:12+00:00\"},{\"@type\":\"WebSite\",\"@id\":\"https:\\\/\\\/hidalgo.nl\\\/de\\\/#website\",\"url\":\"https:\\\/\\\/hidalgo.nl\\\/de\\\/\",\"name\":\"Hidalgo\",\"inLanguage\":\"de-DE\",\"publisher\":{\"@id\":\"https:\\\/\\\/hidalgo.nl\\\/de\\\/#organization\"}}]}\n\t\t<\/script>\n\t\t<!-- All in One SEO Pro -->\r\n\t\t<title>Schl\u00fcsselanh\u00e4nger Wasserwaage bedrucken Mini Tool Transparent<\/title>\n\n","aioseo_head_json":{"title":"Schl\u00fcsselanh\u00e4nger Wasserwaage bedrucken Mini Tool Transparent","description":"Dieser transparente Mini Wasserwaage Schl\u00fcsselanh\u00e4nger passt an jeden Schl\u00fcsselbund und hilft dir, Fl\u00e4chen schnell auszurichten. Bei Hidalgo l\u00e4sst du dein Logo pr\u00e4zise aufbringen - ideal als Giveaway f\u00fcr Bau, Technik & Montage. Jetzt Schl\u00fcsselanh\u00e4nger Wasserwaage kaufen.","canonical_url":"https:\/\/hidalgo.nl\/de\/wp-json\/wp\/v2\/product\/842707","robots":"max-image-preview:large","keywords":"","webmasterTools":{"miscellaneous":""},"schema":{"@context":"https:\/\/schema.org","@graph":[{"@type":"BreadcrumbList","@id":"https:\/\/hidalgo.nl\/de\/product\/842707\/schluesselanhaenger-wasserwaage-bedrucken-mini-tool-transparent\/#breadcrumblist","itemListElement":[{"@type":"ListItem","@id":"https:\/\/hidalgo.nl\/de\/#listItem","position":1,"name":"Home","item":"https:\/\/hidalgo.nl\/de\/","nextItem":{"@type":"ListItem","@id":"https:\/\/hidalgo.nl\/example\/#listItem","name":"example"}},{"@type":"ListItem","@id":"https:\/\/hidalgo.nl\/example\/#listItem","position":2,"name":"example","item":"https:\/\/hidalgo.nl\/example\/","nextItem":{"@type":"ListItem","@id":"https:\/\/hidalgo.nl\/en\/product-supplier\/a53\/#listItem","name":"A53"},"previousItem":{"@type":"ListItem","@id":"https:\/\/hidalgo.nl\/de\/#listItem","name":"Home"}},{"@type":"ListItem","@id":"https:\/\/hidalgo.nl\/en\/product-supplier\/a53\/#listItem","position":3,"name":"A53","item":"https:\/\/hidalgo.nl\/en\/product-supplier\/a53\/","nextItem":{"@type":"ListItem","@id":"https:\/\/hidalgo.nl\/de\/product\/842707\/schluesselanhaenger-wasserwaage-bedrucken-mini-tool-transparent\/#listItem","name":"Sleutelhanger met waterpas"},"previousItem":{"@type":"ListItem","@id":"https:\/\/hidalgo.nl\/example\/#listItem","name":"example"}},{"@type":"ListItem","@id":"https:\/\/hidalgo.nl\/de\/product\/842707\/schluesselanhaenger-wasserwaage-bedrucken-mini-tool-transparent\/#listItem","position":4,"name":"Sleutelhanger met waterpas","previousItem":{"@type":"ListItem","@id":"https:\/\/hidalgo.nl\/en\/product-supplier\/a53\/#listItem","name":"A53"}}]},{"@type":"Organization","@id":"https:\/\/hidalgo.nl\/de\/#organization","name":"Hidalgo","url":"https:\/\/hidalgo.nl\/de\/","logo":{"@type":"ImageObject","url":"https:\/\/shop.hidalgo.nl\/wp-content\/uploads\/2025\/11\/cropped-Hidalgo-est1993.png","@id":"https:\/\/hidalgo.nl\/de\/product\/842707\/schluesselanhaenger-wasserwaage-bedrucken-mini-tool-transparent\/#organizationLogo","width":585,"height":195},"image":{"@id":"https:\/\/hidalgo.nl\/de\/product\/842707\/schluesselanhaenger-wasserwaage-bedrucken-mini-tool-transparent\/#organizationLogo"}},{"@type":"ProductGroup","@id":"https:\/\/hidalgo.nl\/de\/product\/842707\/schluesselanhaenger-wasserwaage-bedrucken-mini-tool-transparent\/#wooCommerceProduct","name":"Schl\u00fcsselanh\u00e4nger Wasserwaage bedrucken Mini Tool Transparent","url":"https:\/\/hidalgo.nl\/de\/product\/842707\/schluesselanhaenger-wasserwaage-bedrucken-mini-tool-transparent\/","brand":{"@type":"Brand","name":"Hidalgo"},"sku":"A53-LT93419","image":{"@type":"ImageObject","url":"https:\/\/shop.hidalgo.nl\/wp-content\/uploads\/2025\/11\/2b9a19fbf51585c98ec0ec721d1516b6091ba9889a9f2093cf2808c3a396db0f.jpg","@id":"https:\/\/hidalgo.nl\/de\/product\/842707\/schluesselanhaenger-wasserwaage-bedrucken-mini-tool-transparent\/#productImage"},"productGroupID":842707,"hasVariant":[{"@type":"Product","@id":"https:\/\/hidalgo.nl\/de\/product\/842707\/schluesselanhaenger-wasserwaage-bedrucken-mini-tool-transparent\/#wooCommerceProduct","name":"Sleutelhanger met waterpas - transparant","url":"https:\/\/hidalgo.nl\/de\/product\/842707\/schluesselanhaenger-wasserwaage-bedrucken-mini-tool-transparent\/","sku":"A53-LT93419-N0004","image":{"@type":"ImageObject","url":"https:\/\/shop.hidalgo.nl\/wp-content\/uploads\/2025\/11\/25e819c253c1162d1602f162fd1fc8e8be9994a51fe6c183355c45e1f3645ad2.jpg","@id":"https:\/\/hidalgo.nl\/de\/product\/842707\/schluesselanhaenger-wasserwaage-bedrucken-mini-tool-transparent\/#productImage"},"offers":{"@type":"Offer","url":"https:\/\/hidalgo.nl\/de\/product\/842707\/schluesselanhaenger-wasserwaage-bedrucken-mini-tool-transparent\/#wooCommerceOffer","price":"0.54","priceCurrency":"EUR","category":"Promotionele Artikelen","availability":"https:\/\/schema.org\/InStock","priceSpecification":{"@type":"PriceSpecification","price":0.54,"priceCurrency":"EUR","valueAddedTaxIncluded":"true"}}}]},{"@type":"WebPage","@id":"https:\/\/hidalgo.nl\/de\/product\/842707\/schluesselanhaenger-wasserwaage-bedrucken-mini-tool-transparent\/#webpage","url":"https:\/\/hidalgo.nl\/de\/product\/842707\/schluesselanhaenger-wasserwaage-bedrucken-mini-tool-transparent\/","name":"Schl\u00fcsselanh\u00e4nger Wasserwaage bedrucken Mini Tool Transparent","description":"Dieser transparente Mini Wasserwaage Schl\u00fcsselanh\u00e4nger passt an jeden Schl\u00fcsselbund und hilft dir, Fl\u00e4chen schnell auszurichten. Bei Hidalgo l\u00e4sst du dein Logo pr\u00e4zise aufbringen - ideal als Giveaway f\u00fcr Bau, Technik & Montage. Jetzt Schl\u00fcsselanh\u00e4nger Wasserwaage kaufen.","inLanguage":"de-DE","isPartOf":{"@id":"https:\/\/hidalgo.nl\/de\/#website"},"breadcrumb":{"@id":"https:\/\/hidalgo.nl\/de\/product\/842707\/schluesselanhaenger-wasserwaage-bedrucken-mini-tool-transparent\/#breadcrumblist"},"image":{"@type":"ImageObject","url":"https:\/\/shop.hidalgo.nl\/wp-content\/uploads\/2025\/11\/2b9a19fbf51585c98ec0ec721d1516b6091ba9889a9f2093cf2808c3a396db0f.jpg","@id":"https:\/\/hidalgo.nl\/de\/product\/842707\/schluesselanhaenger-wasserwaage-bedrucken-mini-tool-transparent\/#mainImage"},"primaryImageOfPage":{"@id":"https:\/\/hidalgo.nl\/de\/product\/842707\/schluesselanhaenger-wasserwaage-bedrucken-mini-tool-transparent\/#mainImage"},"datePublished":"2026-02-13T13:02:28+00:00","dateModified":"2026-04-24T07:45:12+00:00"},{"@type":"WebSite","@id":"https:\/\/hidalgo.nl\/de\/#website","url":"https:\/\/hidalgo.nl\/de\/","name":"Hidalgo","inLanguage":"de-DE","publisher":{"@id":"https:\/\/hidalgo.nl\/de\/#organization"}}]},"og:locale":"de_DE","og:site_name":"Hidalgo -","og:type":"article","og:title":"Schl\u00fcsselanh\u00e4nger Wasserwaage bedrucken Mini Tool Transparent","og:description":"Dieser transparente Mini Wasserwaage Schl\u00fcsselanh\u00e4nger passt an jeden Schl\u00fcsselbund und hilft dir, Fl\u00e4chen schnell auszurichten. Bei Hidalgo l\u00e4sst du dein Logo pr\u00e4zise aufbringen - ideal als Giveaway f\u00fcr Bau, Technik &amp; Montage. Jetzt Schl\u00fcsselanh\u00e4nger Wasserwaage kaufen.","og:url":"https:\/\/hidalgo.nl\/de\/wp-json\/wp\/v2\/product\/842707","og:image":"https:\/\/shop.hidalgo.nl\/wp-content\/uploads\/2025\/11\/cropped-Hidalgo-est1993.png","og:image:secure_url":"https:\/\/shop.hidalgo.nl\/wp-content\/uploads\/2025\/11\/cropped-Hidalgo-est1993.png","article:published_time":"2026-02-13T13:02:28+00:00","article:modified_time":"2026-04-24T07:45:12+00:00","twitter:card":"summary_large_image","twitter:title":"Schl\u00fcsselanh\u00e4nger Wasserwaage bedrucken Mini Tool Transparent","twitter:description":"Dieser transparente Mini Wasserwaage Schl\u00fcsselanh\u00e4nger passt an jeden Schl\u00fcsselbund und hilft dir, Fl\u00e4chen schnell auszurichten. Bei Hidalgo l\u00e4sst du dein Logo pr\u00e4zise aufbringen - ideal als Giveaway f\u00fcr Bau, Technik &amp; Montage. Jetzt Schl\u00fcsselanh\u00e4nger Wasserwaage kaufen.","twitter:image":"https:\/\/shop.hidalgo.nl\/wp-content\/uploads\/2025\/11\/cropped-Hidalgo-est1993.png"},"aioseo_meta_data":{"post_id":"842707","title":null,"description":null,"keywords":null,"keyphrases":null,"primary_term":null,"canonical_url":null,"og_title":null,"og_description":null,"og_object_type":"default","og_image_type":"default","og_image_url":null,"og_image_width":null,"og_image_height":null,"og_image_custom_url":null,"og_image_custom_fields":null,"og_video":null,"og_custom_url":null,"og_article_section":null,"og_article_tags":null,"twitter_use_og":false,"twitter_card":"default","twitter_image_type":"default","twitter_image_url":null,"twitter_image_custom_url":null,"twitter_image_custom_fields":null,"twitter_title":null,"twitter_description":null,"schema":{"blockGraphs":[],"customGraphs":[],"default":{"data":{"Article":[],"Course":[],"Dataset":[],"FAQPage":[],"Movie":[],"Person":[],"Product":[],"ProductReview":[],"Car":[],"Recipe":[],"Service":[],"SoftwareApplication":[],"WebPage":[]},"graphName":"","isEnabled":true},"graphs":[]},"schema_type":"default","schema_type_options":null,"pillar_content":false,"robots_default":true,"robots_noindex":false,"robots_noarchive":false,"robots_nosnippet":false,"robots_nofollow":false,"robots_noimageindex":false,"robots_noodp":false,"robots_notranslate":false,"robots_max_snippet":null,"robots_max_videopreview":null,"robots_max_imagepreview":"large","priority":null,"frequency":null,"local_seo":null,"seo_analyzer_scan_date":"2026-02-13 13:07:28","breadcrumb_settings":null,"limit_modified_date":false,"reviewed_by":null,"open_ai":null,"ai":null,"created":"2026-02-13 13:03:53","updated":"2026-04-24 09:02:09"},"aioseo_breadcrumb":"<div class=\"aioseo-breadcrumbs\"><span class=\"aioseo-breadcrumb\">\n\t<a href=\"https:\/\/hidalgo.nl\/de\/\" title=\"Home\">Home<\/a>\n<\/span><span class=\"aioseo-breadcrumb-separator\">\u00bb<\/span><span class=\"aioseo-breadcrumb\">\n\t<a href=\"https:\/\/hidalgo.nl\/example\/\" title=\"example\">example<\/a>\n<\/span><span class=\"aioseo-breadcrumb-separator\">\u00bb<\/span><span class=\"aioseo-breadcrumb\">\n\t<a href=\"https:\/\/hidalgo.nl\/en\/product-supplier\/a53\/\" title=\"A53\">A53<\/a>\n<\/span><span class=\"aioseo-breadcrumb-separator\">\u00bb<\/span><span class=\"aioseo-breadcrumb\">\n\tSleutelhanger met waterpas\n<\/span><\/div>","aioseo_breadcrumb_json":[{"label":"Home","link":"https:\/\/hidalgo.nl\/de\/"},{"label":"example","link":"https:\/\/hidalgo.nl\/example\/"},{"label":"A53","link":"https:\/\/hidalgo.nl\/en\/product-supplier\/a53\/"},{"label":"Sleutelhanger met waterpas","link":"https:\/\/hidalgo.nl\/de\/product\/842707\/schluesselanhaenger-wasserwaage-bedrucken-mini-tool-transparent\/"}],"_links":{"self":[{"href":"https:\/\/hidalgo.nl\/de\/wp-json\/wp\/v2\/product\/842707","targetHints":{"allow":["GET"]}}],"collection":[{"href":"https:\/\/hidalgo.nl\/de\/wp-json\/wp\/v2\/product"}],"about":[{"href":"https:\/\/hidalgo.nl\/de\/wp-json\/wp\/v2\/types\/product"}],"wp:featuredmedia":[{"embeddable":true,"href":"https:\/\/hidalgo.nl\/de\/wp-json\/wp\/v2\/media\/842708"}],"wp:attachment":[{"href":"https:\/\/hidalgo.nl\/de\/wp-json\/wp\/v2\/media?parent=842707"}],"wp:term":[{"taxonomy":"product_brand","embeddable":true,"href":"https:\/\/hidalgo.nl\/de\/wp-json\/wp\/v2\/product_brand?post=842707"},{"taxonomy":"product_cat","embeddable":true,"href":"https:\/\/hidalgo.nl\/de\/wp-json\/wp\/v2\/product_cat?post=842707"},{"taxonomy":"product_tag","embeddable":true,"href":"https:\/\/hidalgo.nl\/de\/wp-json\/wp\/v2\/product_tag?post=842707"}],"curies":[{"name":"wp","href":"https:\/\/api.w.org\/{rel}","templated":true}]}}