{"id":842677,"date":"2026-02-13T13:01:06","date_gmt":"2026-02-13T13:01:06","guid":{"rendered":"https:\/\/hidalgo.nl\/product\/denim-sleutelhanger-ori\/"},"modified":"2026-03-13T13:55:00","modified_gmt":"2026-03-13T13:55:00","slug":"denim-sleutelhanger-ori","status":"publish","type":"product","link":"https:\/\/hidalgo.nl\/de\/product\/842677\/schluesselanhaenger-bedrucken-ori-denim-metall-gravur-standard\/","title":{"rendered":"Denim sleutelhanger Ori"},"content":{"rendered":"<p>Denim en zinklegering sleutelhanger met metalen ring. Een duurzame en stijlvolle combinatie van materialen voor dagelijks gebruik. Individueel verpakt in een kraftpapieren hoesje.<\/p>\n","protected":false},"excerpt":{"rendered":"<p>Denim en zinklegering sleutelhanger met metalen ring. Een duurzame en stijlvolle combinatie van materialen voor dagelijks gebruik. Individueel verpakt in een kraftpapieren hoesje.<\/p>\n","protected":false},"featured_media":842678,"template":"","meta":{"_acf_changed":false,"om_disable_all_campaigns":false,"_monsterinsights_skip_tracking":false,"_monsterinsights_sitenote_active":false,"_monsterinsights_sitenote_note":"","_monsterinsights_sitenote_category":0},"product_brand":[49],"product_cat":[4719,4801],"product_tag":[],"class_list":{"0":"post-842677","1":"product","2":"type-product","3":"status-publish","4":"has-post-thumbnail","6":"product_supplier-a58","7":"product_material-denim","8":"product_material-metaal","9":"product_material-zinken-legering","10":"product_brand-impression","11":"product_cat-promotionele-artikelen","12":"product_cat-sleutelhangers","13":"entry","15":"first","16":"instock","17":"taxable","18":"shipping-taxable","19":"purchasable","20":"product-type-variable"},"acf":{"imprint_cost":[{"imprint_cost_key":"73dbb9b1895e69801d270d9b4d8b2015b00479df","product_quantity_price_range":[{"imprint_cost_recommended_selling_price":"2.15","imprint_cost_recommended_selling_quantity":"1"},{"imprint_cost_recommended_selling_price":"1.42","imprint_cost_recommended_selling_quantity":"25"},{"imprint_cost_recommended_selling_price":"1.02","imprint_cost_recommended_selling_quantity":"50"},{"imprint_cost_recommended_selling_price":"0.65","imprint_cost_recommended_selling_quantity":"100"},{"imprint_cost_recommended_selling_price":"0.51","imprint_cost_recommended_selling_quantity":"250"},{"imprint_cost_recommended_selling_price":"0.42","imprint_cost_recommended_selling_quantity":"500"},{"imprint_cost_recommended_selling_price":"0.34","imprint_cost_recommended_selling_quantity":"1000"},{"imprint_cost_recommended_selling_price":"0.28","imprint_cost_recommended_selling_quantity":"2500"},{"imprint_cost_recommended_selling_price":"0.25","imprint_cost_recommended_selling_quantity":"5000"},{"imprint_cost_recommended_selling_price":"0.23","imprint_cost_recommended_selling_quantity":"10000"}],"product_quantity_price_range_buying":false,"imprint_cost_setup_costs":"30.77","imprint_cost_handling_costs":"0.08"}]},"aioseo_notices":[],"aioseo_head":"\n\t\t<!-- All in One SEO Pro 4.9.6.2 - aioseo.com -->\n\t<meta name=\"description\" content=\"Suchst du einen robusten Schl\u00fcsselanh\u00e4nger f\u00fcr den Alltag? Dieser kompakte Textil Schl\u00fcsselanh\u00e4nger im l\u00e4ssigen Denim-Look ist das perfekte Accessoire f\u00fcr deinen Schl\u00fcsselbund. Bestelle dein langlebiges St\u00fcck jetzt online und nutze die M\u00f6glichkeit, es mit deinem Logo personalisieren zu lassen.\" \/>\n\t<meta name=\"robots\" content=\"max-image-preview:large\" \/>\n\t<link rel=\"canonical\" href=\"https:\/\/hidalgo.nl\/de\/wp-json\/wp\/v2\/product\/842677\" \/>\n\t<meta name=\"generator\" content=\"All in One SEO Pro (AIOSEO) 4.9.6.2\" \/>\n\t\t<meta property=\"og:locale\" content=\"de_DE\" \/>\n\t\t<meta property=\"og:site_name\" content=\"Hidalgo -\" \/>\n\t\t<meta property=\"og:type\" content=\"article\" \/>\n\t\t<meta property=\"og:title\" content=\"Schl\u00fcsselanh\u00e4nger bedrucken Ori Denim Metall Gravur Standard\" \/>\n\t\t<meta property=\"og:description\" content=\"Suchst du einen robusten Schl\u00fcsselanh\u00e4nger f\u00fcr den Alltag? Dieser kompakte Textil Schl\u00fcsselanh\u00e4nger im l\u00e4ssigen Denim-Look ist das perfekte Accessoire f\u00fcr deinen Schl\u00fcsselbund. Bestelle dein langlebiges St\u00fcck jetzt online und nutze die M\u00f6glichkeit, es mit deinem Logo personalisieren zu lassen.\" \/>\n\t\t<meta property=\"og:url\" content=\"https:\/\/hidalgo.nl\/de\/wp-json\/wp\/v2\/product\/842677\" \/>\n\t\t<meta property=\"og:image\" content=\"https:\/\/shop.hidalgo.nl\/wp-content\/uploads\/2025\/11\/cropped-Hidalgo-est1993.png\" \/>\n\t\t<meta property=\"og:image:secure_url\" content=\"https:\/\/shop.hidalgo.nl\/wp-content\/uploads\/2025\/11\/cropped-Hidalgo-est1993.png\" \/>\n\t\t<meta property=\"article:published_time\" content=\"2026-02-13T13:01:06+00:00\" \/>\n\t\t<meta property=\"article:modified_time\" content=\"2026-03-13T13:55:00+00:00\" \/>\n\t\t<meta name=\"twitter:card\" content=\"summary_large_image\" \/>\n\t\t<meta name=\"twitter:title\" content=\"Schl\u00fcsselanh\u00e4nger bedrucken Ori Denim Metall Gravur Standard\" \/>\n\t\t<meta name=\"twitter:description\" content=\"Suchst du einen robusten Schl\u00fcsselanh\u00e4nger f\u00fcr den Alltag? Dieser kompakte Textil Schl\u00fcsselanh\u00e4nger im l\u00e4ssigen Denim-Look ist das perfekte Accessoire f\u00fcr deinen Schl\u00fcsselbund. Bestelle dein langlebiges St\u00fcck jetzt online und nutze die M\u00f6glichkeit, es mit deinem Logo personalisieren zu lassen.\" \/>\n\t\t<meta name=\"twitter:image\" content=\"https:\/\/shop.hidalgo.nl\/wp-content\/uploads\/2025\/11\/cropped-Hidalgo-est1993.png\" \/>\n\t\t<script type=\"application\/ld+json\" class=\"aioseo-schema\">\n\t\t\t{\"@context\":\"https:\\\/\\\/schema.org\",\"@graph\":[{\"@type\":\"BreadcrumbList\",\"@id\":\"https:\\\/\\\/hidalgo.nl\\\/de\\\/product\\\/842677\\\/schluesselanhaenger-bedrucken-ori-denim-metall-gravur-standard\\\/#breadcrumblist\",\"itemListElement\":[{\"@type\":\"ListItem\",\"@id\":\"https:\\\/\\\/hidalgo.nl\\\/de\\\/#listItem\",\"position\":1,\"name\":\"Home\",\"item\":\"https:\\\/\\\/hidalgo.nl\\\/de\\\/\",\"nextItem\":{\"@type\":\"ListItem\",\"@id\":\"https:\\\/\\\/hidalgo.nl\\\/example\\\/#listItem\",\"name\":\"example\"}},{\"@type\":\"ListItem\",\"@id\":\"https:\\\/\\\/hidalgo.nl\\\/example\\\/#listItem\",\"position\":2,\"name\":\"example\",\"item\":\"https:\\\/\\\/hidalgo.nl\\\/example\\\/\",\"nextItem\":{\"@type\":\"ListItem\",\"@id\":\"https:\\\/\\\/hidalgo.nl\\\/en\\\/product-supplier\\\/a58\\\/#listItem\",\"name\":\"A58\"},\"previousItem\":{\"@type\":\"ListItem\",\"@id\":\"https:\\\/\\\/hidalgo.nl\\\/de\\\/#listItem\",\"name\":\"Home\"}},{\"@type\":\"ListItem\",\"@id\":\"https:\\\/\\\/hidalgo.nl\\\/en\\\/product-supplier\\\/a58\\\/#listItem\",\"position\":3,\"name\":\"A58\",\"item\":\"https:\\\/\\\/hidalgo.nl\\\/en\\\/product-supplier\\\/a58\\\/\",\"nextItem\":{\"@type\":\"ListItem\",\"@id\":\"https:\\\/\\\/hidalgo.nl\\\/de\\\/product\\\/842677\\\/schluesselanhaenger-bedrucken-ori-denim-metall-gravur-standard\\\/#listItem\",\"name\":\"Denim sleutelhanger Ori\"},\"previousItem\":{\"@type\":\"ListItem\",\"@id\":\"https:\\\/\\\/hidalgo.nl\\\/example\\\/#listItem\",\"name\":\"example\"}},{\"@type\":\"ListItem\",\"@id\":\"https:\\\/\\\/hidalgo.nl\\\/de\\\/product\\\/842677\\\/schluesselanhaenger-bedrucken-ori-denim-metall-gravur-standard\\\/#listItem\",\"position\":4,\"name\":\"Denim sleutelhanger Ori\",\"previousItem\":{\"@type\":\"ListItem\",\"@id\":\"https:\\\/\\\/hidalgo.nl\\\/en\\\/product-supplier\\\/a58\\\/#listItem\",\"name\":\"A58\"}}]},{\"@type\":\"Organization\",\"@id\":\"https:\\\/\\\/hidalgo.nl\\\/de\\\/#organization\",\"name\":\"Hidalgo\",\"url\":\"https:\\\/\\\/hidalgo.nl\\\/de\\\/\",\"logo\":{\"@type\":\"ImageObject\",\"url\":\"https:\\\/\\\/shop.hidalgo.nl\\\/wp-content\\\/uploads\\\/2025\\\/11\\\/cropped-Hidalgo-est1993.png\",\"@id\":\"https:\\\/\\\/hidalgo.nl\\\/de\\\/product\\\/842677\\\/schluesselanhaenger-bedrucken-ori-denim-metall-gravur-standard\\\/#organizationLogo\",\"width\":585,\"height\":195},\"image\":{\"@id\":\"https:\\\/\\\/hidalgo.nl\\\/de\\\/product\\\/842677\\\/schluesselanhaenger-bedrucken-ori-denim-metall-gravur-standard\\\/#organizationLogo\"}},{\"@type\":\"ProductGroup\",\"@id\":\"https:\\\/\\\/hidalgo.nl\\\/de\\\/product\\\/842677\\\/schluesselanhaenger-bedrucken-ori-denim-metall-gravur-standard\\\/#wooCommerceProduct\",\"name\":\"Schl\\u00fcsselanh\\u00e4nger bedrucken Ori Denim Metall Gravur Standard\",\"url\":\"https:\\\/\\\/hidalgo.nl\\\/de\\\/product\\\/842677\\\/schluesselanhaenger-bedrucken-ori-denim-metall-gravur-standard\\\/\",\"brand\":{\"@type\":\"Brand\",\"name\":\"IMPRESSION\"},\"sku\":\"A58-1267538\",\"image\":{\"@type\":\"ImageObject\",\"url\":\"https:\\\/\\\/shop.hidalgo.nl\\\/wp-content\\\/uploads\\\/2025\\\/04\\\/ef3baf3bbc22a06a137ef84d9c3621cab5f934cb64d92798be637d531bd3815b.jpg\",\"@id\":\"https:\\\/\\\/hidalgo.nl\\\/de\\\/product\\\/842677\\\/schluesselanhaenger-bedrucken-ori-denim-metall-gravur-standard\\\/#productImage\"},\"productGroupID\":842677,\"hasVariant\":[{\"@type\":\"Product\",\"@id\":\"https:\\\/\\\/hidalgo.nl\\\/de\\\/product\\\/842677\\\/schluesselanhaenger-bedrucken-ori-denim-metall-gravur-standard\\\/#wooCommerceProduct\",\"name\":\"Denim sleutelhanger Ori - blauw, standaard-uitvoering\",\"url\":\"https:\\\/\\\/hidalgo.nl\\\/de\\\/product\\\/842677\\\/schluesselanhaenger-bedrucken-ori-denim-metall-gravur-standard\\\/\",\"sku\":\"A58-1267538-005999999\",\"gtin\":\"8719446073319\",\"image\":{\"@type\":\"ImageObject\",\"url\":\"https:\\\/\\\/shop.hidalgo.nl\\\/wp-content\\\/uploads\\\/2025\\\/04\\\/717f2b19ba9e46c6c5cedad101eec959a0206c2665694408c3d3b387d0236164.jpg\",\"@id\":\"https:\\\/\\\/hidalgo.nl\\\/de\\\/product\\\/842677\\\/schluesselanhaenger-bedrucken-ori-denim-metall-gravur-standard\\\/#productImage\"},\"offers\":{\"@type\":\"Offer\",\"url\":\"https:\\\/\\\/hidalgo.nl\\\/de\\\/product\\\/842677\\\/schluesselanhaenger-bedrucken-ori-denim-metall-gravur-standard\\\/#wooCommerceOffer\",\"price\":\"0.76\",\"priceCurrency\":\"EUR\",\"category\":\"Promotionele Artikelen\",\"availability\":\"https:\\\/\\\/schema.org\\\/InStock\",\"priceSpecification\":{\"@type\":\"PriceSpecification\",\"price\":0.76,\"priceCurrency\":\"EUR\",\"valueAddedTaxIncluded\":\"true\"}}}]},{\"@type\":\"WebPage\",\"@id\":\"https:\\\/\\\/hidalgo.nl\\\/de\\\/product\\\/842677\\\/schluesselanhaenger-bedrucken-ori-denim-metall-gravur-standard\\\/#webpage\",\"url\":\"https:\\\/\\\/hidalgo.nl\\\/de\\\/product\\\/842677\\\/schluesselanhaenger-bedrucken-ori-denim-metall-gravur-standard\\\/\",\"name\":\"Schl\\u00fcsselanh\\u00e4nger bedrucken Ori Denim Metall Gravur Standard\",\"description\":\"Suchst du einen robusten Schl\\u00fcsselanh\\u00e4nger f\\u00fcr den Alltag? Dieser kompakte Textil Schl\\u00fcsselanh\\u00e4nger im l\\u00e4ssigen Denim-Look ist das perfekte Accessoire f\\u00fcr deinen Schl\\u00fcsselbund. Bestelle dein langlebiges St\\u00fcck jetzt online und nutze die M\\u00f6glichkeit, es mit deinem Logo personalisieren zu lassen.\",\"inLanguage\":\"de-DE\",\"isPartOf\":{\"@id\":\"https:\\\/\\\/hidalgo.nl\\\/de\\\/#website\"},\"breadcrumb\":{\"@id\":\"https:\\\/\\\/hidalgo.nl\\\/de\\\/product\\\/842677\\\/schluesselanhaenger-bedrucken-ori-denim-metall-gravur-standard\\\/#breadcrumblist\"},\"image\":{\"@type\":\"ImageObject\",\"url\":\"https:\\\/\\\/shop.hidalgo.nl\\\/wp-content\\\/uploads\\\/2025\\\/04\\\/ef3baf3bbc22a06a137ef84d9c3621cab5f934cb64d92798be637d531bd3815b.jpg\",\"@id\":\"https:\\\/\\\/hidalgo.nl\\\/de\\\/product\\\/842677\\\/schluesselanhaenger-bedrucken-ori-denim-metall-gravur-standard\\\/#mainImage\"},\"primaryImageOfPage\":{\"@id\":\"https:\\\/\\\/hidalgo.nl\\\/de\\\/product\\\/842677\\\/schluesselanhaenger-bedrucken-ori-denim-metall-gravur-standard\\\/#mainImage\"},\"datePublished\":\"2026-02-13T13:01:06+00:00\",\"dateModified\":\"2026-03-13T13:55:00+00:00\"},{\"@type\":\"WebSite\",\"@id\":\"https:\\\/\\\/hidalgo.nl\\\/de\\\/#website\",\"url\":\"https:\\\/\\\/hidalgo.nl\\\/de\\\/\",\"name\":\"Hidalgo\",\"inLanguage\":\"de-DE\",\"publisher\":{\"@id\":\"https:\\\/\\\/hidalgo.nl\\\/de\\\/#organization\"}}]}\n\t\t<\/script>\n\t\t<!-- All in One SEO Pro -->\r\n\t\t<title>Schl\u00fcsselanh\u00e4nger bedrucken Ori Denim Metall Gravur Standard<\/title>\n\n","aioseo_head_json":{"title":"Schl\u00fcsselanh\u00e4nger bedrucken Ori Denim Metall Gravur Standard","description":"Suchst du einen robusten Schl\u00fcsselanh\u00e4nger f\u00fcr den Alltag? Dieser kompakte Textil Schl\u00fcsselanh\u00e4nger im l\u00e4ssigen Denim-Look ist das perfekte Accessoire f\u00fcr deinen Schl\u00fcsselbund. Bestelle dein langlebiges St\u00fcck jetzt online und nutze die M\u00f6glichkeit, es mit deinem Logo personalisieren zu lassen.","canonical_url":"https:\/\/hidalgo.nl\/de\/wp-json\/wp\/v2\/product\/842677","robots":"max-image-preview:large","keywords":"","webmasterTools":{"miscellaneous":""},"schema":{"@context":"https:\/\/schema.org","@graph":[{"@type":"BreadcrumbList","@id":"https:\/\/hidalgo.nl\/de\/product\/842677\/schluesselanhaenger-bedrucken-ori-denim-metall-gravur-standard\/#breadcrumblist","itemListElement":[{"@type":"ListItem","@id":"https:\/\/hidalgo.nl\/de\/#listItem","position":1,"name":"Home","item":"https:\/\/hidalgo.nl\/de\/","nextItem":{"@type":"ListItem","@id":"https:\/\/hidalgo.nl\/example\/#listItem","name":"example"}},{"@type":"ListItem","@id":"https:\/\/hidalgo.nl\/example\/#listItem","position":2,"name":"example","item":"https:\/\/hidalgo.nl\/example\/","nextItem":{"@type":"ListItem","@id":"https:\/\/hidalgo.nl\/en\/product-supplier\/a58\/#listItem","name":"A58"},"previousItem":{"@type":"ListItem","@id":"https:\/\/hidalgo.nl\/de\/#listItem","name":"Home"}},{"@type":"ListItem","@id":"https:\/\/hidalgo.nl\/en\/product-supplier\/a58\/#listItem","position":3,"name":"A58","item":"https:\/\/hidalgo.nl\/en\/product-supplier\/a58\/","nextItem":{"@type":"ListItem","@id":"https:\/\/hidalgo.nl\/de\/product\/842677\/schluesselanhaenger-bedrucken-ori-denim-metall-gravur-standard\/#listItem","name":"Denim sleutelhanger Ori"},"previousItem":{"@type":"ListItem","@id":"https:\/\/hidalgo.nl\/example\/#listItem","name":"example"}},{"@type":"ListItem","@id":"https:\/\/hidalgo.nl\/de\/product\/842677\/schluesselanhaenger-bedrucken-ori-denim-metall-gravur-standard\/#listItem","position":4,"name":"Denim sleutelhanger Ori","previousItem":{"@type":"ListItem","@id":"https:\/\/hidalgo.nl\/en\/product-supplier\/a58\/#listItem","name":"A58"}}]},{"@type":"Organization","@id":"https:\/\/hidalgo.nl\/de\/#organization","name":"Hidalgo","url":"https:\/\/hidalgo.nl\/de\/","logo":{"@type":"ImageObject","url":"https:\/\/shop.hidalgo.nl\/wp-content\/uploads\/2025\/11\/cropped-Hidalgo-est1993.png","@id":"https:\/\/hidalgo.nl\/de\/product\/842677\/schluesselanhaenger-bedrucken-ori-denim-metall-gravur-standard\/#organizationLogo","width":585,"height":195},"image":{"@id":"https:\/\/hidalgo.nl\/de\/product\/842677\/schluesselanhaenger-bedrucken-ori-denim-metall-gravur-standard\/#organizationLogo"}},{"@type":"ProductGroup","@id":"https:\/\/hidalgo.nl\/de\/product\/842677\/schluesselanhaenger-bedrucken-ori-denim-metall-gravur-standard\/#wooCommerceProduct","name":"Schl\u00fcsselanh\u00e4nger bedrucken Ori Denim Metall Gravur Standard","url":"https:\/\/hidalgo.nl\/de\/product\/842677\/schluesselanhaenger-bedrucken-ori-denim-metall-gravur-standard\/","brand":{"@type":"Brand","name":"IMPRESSION"},"sku":"A58-1267538","image":{"@type":"ImageObject","url":"https:\/\/shop.hidalgo.nl\/wp-content\/uploads\/2025\/04\/ef3baf3bbc22a06a137ef84d9c3621cab5f934cb64d92798be637d531bd3815b.jpg","@id":"https:\/\/hidalgo.nl\/de\/product\/842677\/schluesselanhaenger-bedrucken-ori-denim-metall-gravur-standard\/#productImage"},"productGroupID":842677,"hasVariant":[{"@type":"Product","@id":"https:\/\/hidalgo.nl\/de\/product\/842677\/schluesselanhaenger-bedrucken-ori-denim-metall-gravur-standard\/#wooCommerceProduct","name":"Denim sleutelhanger Ori - blauw, standaard-uitvoering","url":"https:\/\/hidalgo.nl\/de\/product\/842677\/schluesselanhaenger-bedrucken-ori-denim-metall-gravur-standard\/","sku":"A58-1267538-005999999","gtin":"8719446073319","image":{"@type":"ImageObject","url":"https:\/\/shop.hidalgo.nl\/wp-content\/uploads\/2025\/04\/717f2b19ba9e46c6c5cedad101eec959a0206c2665694408c3d3b387d0236164.jpg","@id":"https:\/\/hidalgo.nl\/de\/product\/842677\/schluesselanhaenger-bedrucken-ori-denim-metall-gravur-standard\/#productImage"},"offers":{"@type":"Offer","url":"https:\/\/hidalgo.nl\/de\/product\/842677\/schluesselanhaenger-bedrucken-ori-denim-metall-gravur-standard\/#wooCommerceOffer","price":"0.76","priceCurrency":"EUR","category":"Promotionele Artikelen","availability":"https:\/\/schema.org\/InStock","priceSpecification":{"@type":"PriceSpecification","price":0.76,"priceCurrency":"EUR","valueAddedTaxIncluded":"true"}}}]},{"@type":"WebPage","@id":"https:\/\/hidalgo.nl\/de\/product\/842677\/schluesselanhaenger-bedrucken-ori-denim-metall-gravur-standard\/#webpage","url":"https:\/\/hidalgo.nl\/de\/product\/842677\/schluesselanhaenger-bedrucken-ori-denim-metall-gravur-standard\/","name":"Schl\u00fcsselanh\u00e4nger bedrucken Ori Denim Metall Gravur Standard","description":"Suchst du einen robusten Schl\u00fcsselanh\u00e4nger f\u00fcr den Alltag? Dieser kompakte Textil Schl\u00fcsselanh\u00e4nger im l\u00e4ssigen Denim-Look ist das perfekte Accessoire f\u00fcr deinen Schl\u00fcsselbund. Bestelle dein langlebiges St\u00fcck jetzt online und nutze die M\u00f6glichkeit, es mit deinem Logo personalisieren zu lassen.","inLanguage":"de-DE","isPartOf":{"@id":"https:\/\/hidalgo.nl\/de\/#website"},"breadcrumb":{"@id":"https:\/\/hidalgo.nl\/de\/product\/842677\/schluesselanhaenger-bedrucken-ori-denim-metall-gravur-standard\/#breadcrumblist"},"image":{"@type":"ImageObject","url":"https:\/\/shop.hidalgo.nl\/wp-content\/uploads\/2025\/04\/ef3baf3bbc22a06a137ef84d9c3621cab5f934cb64d92798be637d531bd3815b.jpg","@id":"https:\/\/hidalgo.nl\/de\/product\/842677\/schluesselanhaenger-bedrucken-ori-denim-metall-gravur-standard\/#mainImage"},"primaryImageOfPage":{"@id":"https:\/\/hidalgo.nl\/de\/product\/842677\/schluesselanhaenger-bedrucken-ori-denim-metall-gravur-standard\/#mainImage"},"datePublished":"2026-02-13T13:01:06+00:00","dateModified":"2026-03-13T13:55:00+00:00"},{"@type":"WebSite","@id":"https:\/\/hidalgo.nl\/de\/#website","url":"https:\/\/hidalgo.nl\/de\/","name":"Hidalgo","inLanguage":"de-DE","publisher":{"@id":"https:\/\/hidalgo.nl\/de\/#organization"}}]},"og:locale":"de_DE","og:site_name":"Hidalgo -","og:type":"article","og:title":"Schl\u00fcsselanh\u00e4nger bedrucken Ori Denim Metall Gravur Standard","og:description":"Suchst du einen robusten Schl\u00fcsselanh\u00e4nger f\u00fcr den Alltag? Dieser kompakte Textil Schl\u00fcsselanh\u00e4nger im l\u00e4ssigen Denim-Look ist das perfekte Accessoire f\u00fcr deinen Schl\u00fcsselbund. Bestelle dein langlebiges St\u00fcck jetzt online und nutze die M\u00f6glichkeit, es mit deinem Logo personalisieren zu lassen.","og:url":"https:\/\/hidalgo.nl\/de\/wp-json\/wp\/v2\/product\/842677","og:image":"https:\/\/shop.hidalgo.nl\/wp-content\/uploads\/2025\/11\/cropped-Hidalgo-est1993.png","og:image:secure_url":"https:\/\/shop.hidalgo.nl\/wp-content\/uploads\/2025\/11\/cropped-Hidalgo-est1993.png","article:published_time":"2026-02-13T13:01:06+00:00","article:modified_time":"2026-03-13T13:55:00+00:00","twitter:card":"summary_large_image","twitter:title":"Schl\u00fcsselanh\u00e4nger bedrucken Ori Denim Metall Gravur Standard","twitter:description":"Suchst du einen robusten Schl\u00fcsselanh\u00e4nger f\u00fcr den Alltag? Dieser kompakte Textil Schl\u00fcsselanh\u00e4nger im l\u00e4ssigen Denim-Look ist das perfekte Accessoire f\u00fcr deinen Schl\u00fcsselbund. Bestelle dein langlebiges St\u00fcck jetzt online und nutze die M\u00f6glichkeit, es mit deinem Logo personalisieren zu lassen.","twitter:image":"https:\/\/shop.hidalgo.nl\/wp-content\/uploads\/2025\/11\/cropped-Hidalgo-est1993.png"},"aioseo_meta_data":{"post_id":"842677","title":null,"description":null,"keywords":null,"keyphrases":null,"primary_term":null,"canonical_url":null,"og_title":null,"og_description":null,"og_object_type":"default","og_image_type":"default","og_image_url":null,"og_image_width":null,"og_image_height":null,"og_image_custom_url":null,"og_image_custom_fields":null,"og_video":null,"og_custom_url":null,"og_article_section":null,"og_article_tags":null,"twitter_use_og":false,"twitter_card":"default","twitter_image_type":"default","twitter_image_url":null,"twitter_image_custom_url":null,"twitter_image_custom_fields":null,"twitter_title":null,"twitter_description":null,"schema":{"blockGraphs":[],"customGraphs":[],"default":{"data":{"Article":[],"Course":[],"Dataset":[],"FAQPage":[],"Movie":[],"Person":[],"Product":[],"ProductReview":[],"Car":[],"Recipe":[],"Service":[],"SoftwareApplication":[],"WebPage":[]},"graphName":"","isEnabled":true},"graphs":[]},"schema_type":"default","schema_type_options":null,"pillar_content":false,"robots_default":true,"robots_noindex":false,"robots_noarchive":false,"robots_nosnippet":false,"robots_nofollow":false,"robots_noimageindex":false,"robots_noodp":false,"robots_notranslate":false,"robots_max_snippet":null,"robots_max_videopreview":null,"robots_max_imagepreview":"large","priority":null,"frequency":null,"local_seo":null,"seo_analyzer_scan_date":"2026-02-13 13:07:26","breadcrumb_settings":null,"limit_modified_date":false,"reviewed_by":null,"open_ai":null,"ai":null,"created":"2026-02-13 13:02:14","updated":"2026-04-23 17:05:58"},"aioseo_breadcrumb":"<div class=\"aioseo-breadcrumbs\"><span class=\"aioseo-breadcrumb\">\n\t<a href=\"https:\/\/hidalgo.nl\/de\/\" title=\"Home\">Home<\/a>\n<\/span><span class=\"aioseo-breadcrumb-separator\">\u00bb<\/span><span class=\"aioseo-breadcrumb\">\n\t<a href=\"https:\/\/hidalgo.nl\/example\/\" title=\"example\">example<\/a>\n<\/span><span class=\"aioseo-breadcrumb-separator\">\u00bb<\/span><span class=\"aioseo-breadcrumb\">\n\t<a href=\"https:\/\/hidalgo.nl\/en\/product-supplier\/a58\/\" title=\"A58\">A58<\/a>\n<\/span><span class=\"aioseo-breadcrumb-separator\">\u00bb<\/span><span class=\"aioseo-breadcrumb\">\n\tDenim sleutelhanger Ori\n<\/span><\/div>","aioseo_breadcrumb_json":[{"label":"Home","link":"https:\/\/hidalgo.nl\/de\/"},{"label":"example","link":"https:\/\/hidalgo.nl\/example\/"},{"label":"A58","link":"https:\/\/hidalgo.nl\/en\/product-supplier\/a58\/"},{"label":"Denim sleutelhanger Ori","link":"https:\/\/hidalgo.nl\/de\/product\/842677\/schluesselanhaenger-bedrucken-ori-denim-metall-gravur-standard\/"}],"_links":{"self":[{"href":"https:\/\/hidalgo.nl\/de\/wp-json\/wp\/v2\/product\/842677","targetHints":{"allow":["GET"]}}],"collection":[{"href":"https:\/\/hidalgo.nl\/de\/wp-json\/wp\/v2\/product"}],"about":[{"href":"https:\/\/hidalgo.nl\/de\/wp-json\/wp\/v2\/types\/product"}],"wp:featuredmedia":[{"embeddable":true,"href":"https:\/\/hidalgo.nl\/de\/wp-json\/wp\/v2\/media\/842678"}],"wp:attachment":[{"href":"https:\/\/hidalgo.nl\/de\/wp-json\/wp\/v2\/media?parent=842677"}],"wp:term":[{"taxonomy":"product_brand","embeddable":true,"href":"https:\/\/hidalgo.nl\/de\/wp-json\/wp\/v2\/product_brand?post=842677"},{"taxonomy":"product_cat","embeddable":true,"href":"https:\/\/hidalgo.nl\/de\/wp-json\/wp\/v2\/product_cat?post=842677"},{"taxonomy":"product_tag","embeddable":true,"href":"https:\/\/hidalgo.nl\/de\/wp-json\/wp\/v2\/product_tag?post=842677"}],"curies":[{"name":"wp","href":"https:\/\/api.w.org\/{rel}","templated":true}]}}