{"id":842581,"date":"2026-02-13T10:47:08","date_gmt":"2026-02-13T10:47:08","guid":{"rendered":"https:\/\/hidalgo.nl\/product\/24-in-1-precisie-schroevendraaierset-met-organizer\/"},"modified":"2026-04-24T07:45:21","modified_gmt":"2026-04-24T07:45:21","slug":"24-in-1-precisie-schroevendraaierset-met-organizer","status":"publish","type":"product","link":"https:\/\/hidalgo.nl\/de\/product\/842581\/praezisions-schraubendreher-set-bedrucken-24-in-1-organizer\/","title":{"rendered":"24-in-1 Precisie Schroevendraaierset met organizer"},"content":{"rendered":"<p>Deze 24-delige precisie-toolset is ideaal voor het repareren van telefoons, laptops, horloges en andere elektronica. De compacte set bevat 24 duurzame stalen bitjes in diverse maten en vormen, perfect georganiseerd in een handige houder. Zo heb je altijd de juiste tool bij de hand.<\/p>\n","protected":false},"excerpt":{"rendered":"<p>Deze 24-delige precisie-toolset is ideaal voor het repareren van telefoons, laptops, horloges en andere elektronica. De compacte set bevat 24 duurzame stalen bitjes in diverse maten en vormen, perfect georganiseerd in een handige houder. Zo heb je altijd de juiste tool bij de hand.<\/p>\n","protected":false},"featured_media":842582,"template":"","meta":{"_acf_changed":false,"om_disable_all_campaigns":false,"_monsterinsights_skip_tracking":false,"_monsterinsights_sitenote_active":false,"_monsterinsights_sitenote_note":"","_monsterinsights_sitenote_category":0},"product_brand":[6374],"product_cat":[4808,4719],"product_tag":[],"class_list":{"0":"post-842581","1":"product","2":"type-product","3":"status-publish","4":"has-post-thumbnail","6":"product_supplier-a53","7":"product_brand-hidalgo","8":"product_cat-gereedschap","9":"product_cat-promotionele-artikelen","10":"entry","12":"first","13":"instock","14":"taxable","15":"shipping-taxable","16":"purchasable","17":"product-type-variable"},"acf":{"imprint_cost":[{"imprint_cost_key":"eda0c610dd0960958fa4e074f81ccbb9571b9e2f","product_quantity_price_range":[{"imprint_cost_recommended_selling_price":"2.0025","imprint_cost_recommended_selling_quantity":"1"},{"imprint_cost_recommended_selling_price":"1.6875","imprint_cost_recommended_selling_quantity":"10"},{"imprint_cost_recommended_selling_price":"1.515","imprint_cost_recommended_selling_quantity":"25"},{"imprint_cost_recommended_selling_price":"1.4025","imprint_cost_recommended_selling_quantity":"50"},{"imprint_cost_recommended_selling_price":"1.245","imprint_cost_recommended_selling_quantity":"100"},{"imprint_cost_recommended_selling_price":"1.1625","imprint_cost_recommended_selling_quantity":"250"},{"imprint_cost_recommended_selling_price":"1.0875","imprint_cost_recommended_selling_quantity":"500"},{"imprint_cost_recommended_selling_price":"1.0425","imprint_cost_recommended_selling_quantity":"1000"},{"imprint_cost_recommended_selling_price":"0.99","imprint_cost_recommended_selling_quantity":"2500"},{"imprint_cost_recommended_selling_price":"0.96","imprint_cost_recommended_selling_quantity":"5000"},{"imprint_cost_recommended_selling_price":"0.915","imprint_cost_recommended_selling_quantity":"10000"}],"product_quantity_price_range_buying":[{"imprint_cost_general_buying_price":"1.335","imprint_cost_general_buying_quantity":"1"},{"imprint_cost_general_buying_price":"1.125","imprint_cost_general_buying_quantity":"10"},{"imprint_cost_general_buying_price":"1.01","imprint_cost_general_buying_quantity":"25"},{"imprint_cost_general_buying_price":"0.935","imprint_cost_general_buying_quantity":"50"},{"imprint_cost_general_buying_price":"0.83","imprint_cost_general_buying_quantity":"100"},{"imprint_cost_general_buying_price":"0.775","imprint_cost_general_buying_quantity":"250"},{"imprint_cost_general_buying_price":"0.725","imprint_cost_general_buying_quantity":"500"},{"imprint_cost_general_buying_price":"0.695","imprint_cost_general_buying_quantity":"1000"},{"imprint_cost_general_buying_price":"0.66","imprint_cost_general_buying_quantity":"2500"},{"imprint_cost_general_buying_price":"0.64","imprint_cost_general_buying_quantity":"5000"},{"imprint_cost_general_buying_price":"0.61","imprint_cost_general_buying_quantity":"10000"}],"imprint_cost_setup_costs":"54","imprint_cost_handling_costs":"0.06"}]},"aioseo_notices":[],"aioseo_head":"\n\t\t<!-- All in One SEO Pro 4.9.6.2 - aioseo.com -->\n\t<meta name=\"description\" content=\"Repariere Smartphone, Laptop und Uhr pr\u00e4zise mit dem kompakten 24-teiligen Pr\u00e4zisions Bitsatz. Als Schraubendreher Set Elektronik h\u00e4lt der Organizer alles geordnet und spart dir Zeit. Hidalgo bedruckt die graue Box mit deinem Logo f\u00fcr t\u00e4gliche Sichtbarkeit.\" \/>\n\t<meta name=\"robots\" content=\"max-image-preview:large\" \/>\n\t<link rel=\"canonical\" href=\"https:\/\/hidalgo.nl\/de\/wp-json\/wp\/v2\/product\/842581\" \/>\n\t<meta name=\"generator\" content=\"All in One SEO Pro (AIOSEO) 4.9.6.2\" \/>\n\t\t<meta property=\"og:locale\" content=\"de_DE\" \/>\n\t\t<meta property=\"og:site_name\" content=\"Hidalgo -\" \/>\n\t\t<meta property=\"og:type\" content=\"article\" \/>\n\t\t<meta property=\"og:title\" content=\"Pr\u00e4zisions-Schraubendreher-Set Bedrucken 24-in-1 Organizer\" \/>\n\t\t<meta property=\"og:description\" content=\"Repariere Smartphone, Laptop und Uhr pr\u00e4zise mit dem kompakten 24-teiligen Pr\u00e4zisions Bitsatz. Als Schraubendreher Set Elektronik h\u00e4lt der Organizer alles geordnet und spart dir Zeit. Hidalgo bedruckt die graue Box mit deinem Logo f\u00fcr t\u00e4gliche Sichtbarkeit.\" \/>\n\t\t<meta property=\"og:url\" content=\"https:\/\/hidalgo.nl\/de\/wp-json\/wp\/v2\/product\/842581\" \/>\n\t\t<meta property=\"og:image\" content=\"https:\/\/shop.hidalgo.nl\/wp-content\/uploads\/2025\/11\/cropped-Hidalgo-est1993.png\" \/>\n\t\t<meta property=\"og:image:secure_url\" content=\"https:\/\/shop.hidalgo.nl\/wp-content\/uploads\/2025\/11\/cropped-Hidalgo-est1993.png\" \/>\n\t\t<meta property=\"article:published_time\" content=\"2026-02-13T10:47:08+00:00\" \/>\n\t\t<meta property=\"article:modified_time\" content=\"2026-04-24T07:45:21+00:00\" \/>\n\t\t<meta name=\"twitter:card\" content=\"summary_large_image\" \/>\n\t\t<meta name=\"twitter:title\" content=\"Pr\u00e4zisions-Schraubendreher-Set Bedrucken 24-in-1 Organizer\" \/>\n\t\t<meta name=\"twitter:description\" content=\"Repariere Smartphone, Laptop und Uhr pr\u00e4zise mit dem kompakten 24-teiligen Pr\u00e4zisions Bitsatz. Als Schraubendreher Set Elektronik h\u00e4lt der Organizer alles geordnet und spart dir Zeit. Hidalgo bedruckt die graue Box mit deinem Logo f\u00fcr t\u00e4gliche Sichtbarkeit.\" \/>\n\t\t<meta name=\"twitter:image\" content=\"https:\/\/shop.hidalgo.nl\/wp-content\/uploads\/2025\/11\/cropped-Hidalgo-est1993.png\" \/>\n\t\t<script type=\"application\/ld+json\" class=\"aioseo-schema\">\n\t\t\t{\"@context\":\"https:\\\/\\\/schema.org\",\"@graph\":[{\"@type\":\"BreadcrumbList\",\"@id\":\"https:\\\/\\\/hidalgo.nl\\\/de\\\/product\\\/842581\\\/praezisions-schraubendreher-set-bedrucken-24-in-1-organizer\\\/#breadcrumblist\",\"itemListElement\":[{\"@type\":\"ListItem\",\"@id\":\"https:\\\/\\\/hidalgo.nl\\\/de\\\/#listItem\",\"position\":1,\"name\":\"Home\",\"item\":\"https:\\\/\\\/hidalgo.nl\\\/de\\\/\",\"nextItem\":{\"@type\":\"ListItem\",\"@id\":\"https:\\\/\\\/hidalgo.nl\\\/example\\\/#listItem\",\"name\":\"example\"}},{\"@type\":\"ListItem\",\"@id\":\"https:\\\/\\\/hidalgo.nl\\\/example\\\/#listItem\",\"position\":2,\"name\":\"example\",\"item\":\"https:\\\/\\\/hidalgo.nl\\\/example\\\/\",\"nextItem\":{\"@type\":\"ListItem\",\"@id\":\"https:\\\/\\\/hidalgo.nl\\\/en\\\/product-supplier\\\/a53\\\/#listItem\",\"name\":\"A53\"},\"previousItem\":{\"@type\":\"ListItem\",\"@id\":\"https:\\\/\\\/hidalgo.nl\\\/de\\\/#listItem\",\"name\":\"Home\"}},{\"@type\":\"ListItem\",\"@id\":\"https:\\\/\\\/hidalgo.nl\\\/en\\\/product-supplier\\\/a53\\\/#listItem\",\"position\":3,\"name\":\"A53\",\"item\":\"https:\\\/\\\/hidalgo.nl\\\/en\\\/product-supplier\\\/a53\\\/\",\"nextItem\":{\"@type\":\"ListItem\",\"@id\":\"https:\\\/\\\/hidalgo.nl\\\/de\\\/product\\\/842581\\\/praezisions-schraubendreher-set-bedrucken-24-in-1-organizer\\\/#listItem\",\"name\":\"24-in-1 Precisie Schroevendraaierset met organizer\"},\"previousItem\":{\"@type\":\"ListItem\",\"@id\":\"https:\\\/\\\/hidalgo.nl\\\/example\\\/#listItem\",\"name\":\"example\"}},{\"@type\":\"ListItem\",\"@id\":\"https:\\\/\\\/hidalgo.nl\\\/de\\\/product\\\/842581\\\/praezisions-schraubendreher-set-bedrucken-24-in-1-organizer\\\/#listItem\",\"position\":4,\"name\":\"24-in-1 Precisie Schroevendraaierset met organizer\",\"previousItem\":{\"@type\":\"ListItem\",\"@id\":\"https:\\\/\\\/hidalgo.nl\\\/en\\\/product-supplier\\\/a53\\\/#listItem\",\"name\":\"A53\"}}]},{\"@type\":\"Organization\",\"@id\":\"https:\\\/\\\/hidalgo.nl\\\/de\\\/#organization\",\"name\":\"Hidalgo\",\"url\":\"https:\\\/\\\/hidalgo.nl\\\/de\\\/\",\"logo\":{\"@type\":\"ImageObject\",\"url\":\"https:\\\/\\\/shop.hidalgo.nl\\\/wp-content\\\/uploads\\\/2025\\\/11\\\/cropped-Hidalgo-est1993.png\",\"@id\":\"https:\\\/\\\/hidalgo.nl\\\/de\\\/product\\\/842581\\\/praezisions-schraubendreher-set-bedrucken-24-in-1-organizer\\\/#organizationLogo\",\"width\":585,\"height\":195},\"image\":{\"@id\":\"https:\\\/\\\/hidalgo.nl\\\/de\\\/product\\\/842581\\\/praezisions-schraubendreher-set-bedrucken-24-in-1-organizer\\\/#organizationLogo\"}},{\"@type\":\"ProductGroup\",\"@id\":\"https:\\\/\\\/hidalgo.nl\\\/de\\\/product\\\/842581\\\/praezisions-schraubendreher-set-bedrucken-24-in-1-organizer\\\/#wooCommerceProduct\",\"name\":\"Pr\\u00e4zisions-Schraubendreher-Set Bedrucken 24-in-1 Organizer\",\"url\":\"https:\\\/\\\/hidalgo.nl\\\/de\\\/product\\\/842581\\\/praezisions-schraubendreher-set-bedrucken-24-in-1-organizer\\\/\",\"brand\":{\"@type\":\"Brand\",\"name\":\"Hidalgo\"},\"sku\":\"A53-LT93417\",\"image\":{\"@type\":\"ImageObject\",\"url\":\"https:\\\/\\\/shop.hidalgo.nl\\\/wp-content\\\/uploads\\\/2025\\\/03\\\/47a3b33837bdb0212946edf6c2e6d55f705f1cef4a4e5dab1b8eccd0ecaeef30.jpg\",\"@id\":\"https:\\\/\\\/hidalgo.nl\\\/de\\\/product\\\/842581\\\/praezisions-schraubendreher-set-bedrucken-24-in-1-organizer\\\/#productImage\"},\"productGroupID\":842581,\"hasVariant\":[{\"@type\":\"Product\",\"@id\":\"https:\\\/\\\/hidalgo.nl\\\/de\\\/product\\\/842581\\\/praezisions-schraubendreher-set-bedrucken-24-in-1-organizer\\\/#wooCommerceProduct\",\"name\":\"24-in-1 Precisie Schroevendraaierset met organizer - grijs\",\"url\":\"https:\\\/\\\/hidalgo.nl\\\/de\\\/product\\\/842581\\\/praezisions-schraubendreher-set-bedrucken-24-in-1-organizer\\\/\",\"sku\":\"A53-LT93417-N0061\",\"image\":{\"@type\":\"ImageObject\",\"url\":\"https:\\\/\\\/shop.hidalgo.nl\\\/wp-content\\\/uploads\\\/2025\\\/03\\\/e0b624c5c5b42e1e7ef2b0410b8fe6146fb6f30bca70ca4ed13bddc8efe862ef.jpg\",\"@id\":\"https:\\\/\\\/hidalgo.nl\\\/de\\\/product\\\/842581\\\/praezisions-schraubendreher-set-bedrucken-24-in-1-organizer\\\/#productImage\"},\"offers\":{\"@type\":\"Offer\",\"url\":\"https:\\\/\\\/hidalgo.nl\\\/de\\\/product\\\/842581\\\/praezisions-schraubendreher-set-bedrucken-24-in-1-organizer\\\/#wooCommerceOffer\",\"price\":\"6.12\",\"priceCurrency\":\"EUR\",\"category\":\"Promotionele Artikelen\",\"availability\":\"https:\\\/\\\/schema.org\\\/InStock\",\"priceSpecification\":{\"@type\":\"PriceSpecification\",\"price\":6.12,\"priceCurrency\":\"EUR\",\"valueAddedTaxIncluded\":\"true\"}}}]},{\"@type\":\"WebPage\",\"@id\":\"https:\\\/\\\/hidalgo.nl\\\/de\\\/product\\\/842581\\\/praezisions-schraubendreher-set-bedrucken-24-in-1-organizer\\\/#webpage\",\"url\":\"https:\\\/\\\/hidalgo.nl\\\/de\\\/product\\\/842581\\\/praezisions-schraubendreher-set-bedrucken-24-in-1-organizer\\\/\",\"name\":\"Pr\\u00e4zisions-Schraubendreher-Set Bedrucken 24-in-1 Organizer\",\"description\":\"Repariere Smartphone, Laptop und Uhr pr\\u00e4zise mit dem kompakten 24-teiligen Pr\\u00e4zisions Bitsatz. Als Schraubendreher Set Elektronik h\\u00e4lt der Organizer alles geordnet und spart dir Zeit. Hidalgo bedruckt die graue Box mit deinem Logo f\\u00fcr t\\u00e4gliche Sichtbarkeit.\",\"inLanguage\":\"de-DE\",\"isPartOf\":{\"@id\":\"https:\\\/\\\/hidalgo.nl\\\/de\\\/#website\"},\"breadcrumb\":{\"@id\":\"https:\\\/\\\/hidalgo.nl\\\/de\\\/product\\\/842581\\\/praezisions-schraubendreher-set-bedrucken-24-in-1-organizer\\\/#breadcrumblist\"},\"image\":{\"@type\":\"ImageObject\",\"url\":\"https:\\\/\\\/shop.hidalgo.nl\\\/wp-content\\\/uploads\\\/2025\\\/03\\\/47a3b33837bdb0212946edf6c2e6d55f705f1cef4a4e5dab1b8eccd0ecaeef30.jpg\",\"@id\":\"https:\\\/\\\/hidalgo.nl\\\/de\\\/product\\\/842581\\\/praezisions-schraubendreher-set-bedrucken-24-in-1-organizer\\\/#mainImage\"},\"primaryImageOfPage\":{\"@id\":\"https:\\\/\\\/hidalgo.nl\\\/de\\\/product\\\/842581\\\/praezisions-schraubendreher-set-bedrucken-24-in-1-organizer\\\/#mainImage\"},\"datePublished\":\"2026-02-13T10:47:08+00:00\",\"dateModified\":\"2026-04-24T07:45:21+00:00\"},{\"@type\":\"WebSite\",\"@id\":\"https:\\\/\\\/hidalgo.nl\\\/de\\\/#website\",\"url\":\"https:\\\/\\\/hidalgo.nl\\\/de\\\/\",\"name\":\"Hidalgo\",\"inLanguage\":\"de-DE\",\"publisher\":{\"@id\":\"https:\\\/\\\/hidalgo.nl\\\/de\\\/#organization\"}}]}\n\t\t<\/script>\n\t\t<!-- All in One SEO Pro -->\r\n\t\t<title>Pr\u00e4zisions-Schraubendreher-Set Bedrucken 24-in-1 Organizer<\/title>\n\n","aioseo_head_json":{"title":"Pr\u00e4zisions-Schraubendreher-Set Bedrucken 24-in-1 Organizer","description":"Repariere Smartphone, Laptop und Uhr pr\u00e4zise mit dem kompakten 24-teiligen Pr\u00e4zisions Bitsatz. Als Schraubendreher Set Elektronik h\u00e4lt der Organizer alles geordnet und spart dir Zeit. Hidalgo bedruckt die graue Box mit deinem Logo f\u00fcr t\u00e4gliche Sichtbarkeit.","canonical_url":"https:\/\/hidalgo.nl\/de\/wp-json\/wp\/v2\/product\/842581","robots":"max-image-preview:large","keywords":"","webmasterTools":{"miscellaneous":""},"schema":{"@context":"https:\/\/schema.org","@graph":[{"@type":"BreadcrumbList","@id":"https:\/\/hidalgo.nl\/de\/product\/842581\/praezisions-schraubendreher-set-bedrucken-24-in-1-organizer\/#breadcrumblist","itemListElement":[{"@type":"ListItem","@id":"https:\/\/hidalgo.nl\/de\/#listItem","position":1,"name":"Home","item":"https:\/\/hidalgo.nl\/de\/","nextItem":{"@type":"ListItem","@id":"https:\/\/hidalgo.nl\/example\/#listItem","name":"example"}},{"@type":"ListItem","@id":"https:\/\/hidalgo.nl\/example\/#listItem","position":2,"name":"example","item":"https:\/\/hidalgo.nl\/example\/","nextItem":{"@type":"ListItem","@id":"https:\/\/hidalgo.nl\/en\/product-supplier\/a53\/#listItem","name":"A53"},"previousItem":{"@type":"ListItem","@id":"https:\/\/hidalgo.nl\/de\/#listItem","name":"Home"}},{"@type":"ListItem","@id":"https:\/\/hidalgo.nl\/en\/product-supplier\/a53\/#listItem","position":3,"name":"A53","item":"https:\/\/hidalgo.nl\/en\/product-supplier\/a53\/","nextItem":{"@type":"ListItem","@id":"https:\/\/hidalgo.nl\/de\/product\/842581\/praezisions-schraubendreher-set-bedrucken-24-in-1-organizer\/#listItem","name":"24-in-1 Precisie Schroevendraaierset met organizer"},"previousItem":{"@type":"ListItem","@id":"https:\/\/hidalgo.nl\/example\/#listItem","name":"example"}},{"@type":"ListItem","@id":"https:\/\/hidalgo.nl\/de\/product\/842581\/praezisions-schraubendreher-set-bedrucken-24-in-1-organizer\/#listItem","position":4,"name":"24-in-1 Precisie Schroevendraaierset met organizer","previousItem":{"@type":"ListItem","@id":"https:\/\/hidalgo.nl\/en\/product-supplier\/a53\/#listItem","name":"A53"}}]},{"@type":"Organization","@id":"https:\/\/hidalgo.nl\/de\/#organization","name":"Hidalgo","url":"https:\/\/hidalgo.nl\/de\/","logo":{"@type":"ImageObject","url":"https:\/\/shop.hidalgo.nl\/wp-content\/uploads\/2025\/11\/cropped-Hidalgo-est1993.png","@id":"https:\/\/hidalgo.nl\/de\/product\/842581\/praezisions-schraubendreher-set-bedrucken-24-in-1-organizer\/#organizationLogo","width":585,"height":195},"image":{"@id":"https:\/\/hidalgo.nl\/de\/product\/842581\/praezisions-schraubendreher-set-bedrucken-24-in-1-organizer\/#organizationLogo"}},{"@type":"ProductGroup","@id":"https:\/\/hidalgo.nl\/de\/product\/842581\/praezisions-schraubendreher-set-bedrucken-24-in-1-organizer\/#wooCommerceProduct","name":"Pr\u00e4zisions-Schraubendreher-Set Bedrucken 24-in-1 Organizer","url":"https:\/\/hidalgo.nl\/de\/product\/842581\/praezisions-schraubendreher-set-bedrucken-24-in-1-organizer\/","brand":{"@type":"Brand","name":"Hidalgo"},"sku":"A53-LT93417","image":{"@type":"ImageObject","url":"https:\/\/shop.hidalgo.nl\/wp-content\/uploads\/2025\/03\/47a3b33837bdb0212946edf6c2e6d55f705f1cef4a4e5dab1b8eccd0ecaeef30.jpg","@id":"https:\/\/hidalgo.nl\/de\/product\/842581\/praezisions-schraubendreher-set-bedrucken-24-in-1-organizer\/#productImage"},"productGroupID":842581,"hasVariant":[{"@type":"Product","@id":"https:\/\/hidalgo.nl\/de\/product\/842581\/praezisions-schraubendreher-set-bedrucken-24-in-1-organizer\/#wooCommerceProduct","name":"24-in-1 Precisie Schroevendraaierset met organizer - grijs","url":"https:\/\/hidalgo.nl\/de\/product\/842581\/praezisions-schraubendreher-set-bedrucken-24-in-1-organizer\/","sku":"A53-LT93417-N0061","image":{"@type":"ImageObject","url":"https:\/\/shop.hidalgo.nl\/wp-content\/uploads\/2025\/03\/e0b624c5c5b42e1e7ef2b0410b8fe6146fb6f30bca70ca4ed13bddc8efe862ef.jpg","@id":"https:\/\/hidalgo.nl\/de\/product\/842581\/praezisions-schraubendreher-set-bedrucken-24-in-1-organizer\/#productImage"},"offers":{"@type":"Offer","url":"https:\/\/hidalgo.nl\/de\/product\/842581\/praezisions-schraubendreher-set-bedrucken-24-in-1-organizer\/#wooCommerceOffer","price":"6.12","priceCurrency":"EUR","category":"Promotionele Artikelen","availability":"https:\/\/schema.org\/InStock","priceSpecification":{"@type":"PriceSpecification","price":6.12,"priceCurrency":"EUR","valueAddedTaxIncluded":"true"}}}]},{"@type":"WebPage","@id":"https:\/\/hidalgo.nl\/de\/product\/842581\/praezisions-schraubendreher-set-bedrucken-24-in-1-organizer\/#webpage","url":"https:\/\/hidalgo.nl\/de\/product\/842581\/praezisions-schraubendreher-set-bedrucken-24-in-1-organizer\/","name":"Pr\u00e4zisions-Schraubendreher-Set Bedrucken 24-in-1 Organizer","description":"Repariere Smartphone, Laptop und Uhr pr\u00e4zise mit dem kompakten 24-teiligen Pr\u00e4zisions Bitsatz. Als Schraubendreher Set Elektronik h\u00e4lt der Organizer alles geordnet und spart dir Zeit. Hidalgo bedruckt die graue Box mit deinem Logo f\u00fcr t\u00e4gliche Sichtbarkeit.","inLanguage":"de-DE","isPartOf":{"@id":"https:\/\/hidalgo.nl\/de\/#website"},"breadcrumb":{"@id":"https:\/\/hidalgo.nl\/de\/product\/842581\/praezisions-schraubendreher-set-bedrucken-24-in-1-organizer\/#breadcrumblist"},"image":{"@type":"ImageObject","url":"https:\/\/shop.hidalgo.nl\/wp-content\/uploads\/2025\/03\/47a3b33837bdb0212946edf6c2e6d55f705f1cef4a4e5dab1b8eccd0ecaeef30.jpg","@id":"https:\/\/hidalgo.nl\/de\/product\/842581\/praezisions-schraubendreher-set-bedrucken-24-in-1-organizer\/#mainImage"},"primaryImageOfPage":{"@id":"https:\/\/hidalgo.nl\/de\/product\/842581\/praezisions-schraubendreher-set-bedrucken-24-in-1-organizer\/#mainImage"},"datePublished":"2026-02-13T10:47:08+00:00","dateModified":"2026-04-24T07:45:21+00:00"},{"@type":"WebSite","@id":"https:\/\/hidalgo.nl\/de\/#website","url":"https:\/\/hidalgo.nl\/de\/","name":"Hidalgo","inLanguage":"de-DE","publisher":{"@id":"https:\/\/hidalgo.nl\/de\/#organization"}}]},"og:locale":"de_DE","og:site_name":"Hidalgo -","og:type":"article","og:title":"Pr\u00e4zisions-Schraubendreher-Set Bedrucken 24-in-1 Organizer","og:description":"Repariere Smartphone, Laptop und Uhr pr\u00e4zise mit dem kompakten 24-teiligen Pr\u00e4zisions Bitsatz. Als Schraubendreher Set Elektronik h\u00e4lt der Organizer alles geordnet und spart dir Zeit. Hidalgo bedruckt die graue Box mit deinem Logo f\u00fcr t\u00e4gliche Sichtbarkeit.","og:url":"https:\/\/hidalgo.nl\/de\/wp-json\/wp\/v2\/product\/842581","og:image":"https:\/\/shop.hidalgo.nl\/wp-content\/uploads\/2025\/11\/cropped-Hidalgo-est1993.png","og:image:secure_url":"https:\/\/shop.hidalgo.nl\/wp-content\/uploads\/2025\/11\/cropped-Hidalgo-est1993.png","article:published_time":"2026-02-13T10:47:08+00:00","article:modified_time":"2026-04-24T07:45:21+00:00","twitter:card":"summary_large_image","twitter:title":"Pr\u00e4zisions-Schraubendreher-Set Bedrucken 24-in-1 Organizer","twitter:description":"Repariere Smartphone, Laptop und Uhr pr\u00e4zise mit dem kompakten 24-teiligen Pr\u00e4zisions Bitsatz. Als Schraubendreher Set Elektronik h\u00e4lt der Organizer alles geordnet und spart dir Zeit. Hidalgo bedruckt die graue Box mit deinem Logo f\u00fcr t\u00e4gliche Sichtbarkeit.","twitter:image":"https:\/\/shop.hidalgo.nl\/wp-content\/uploads\/2025\/11\/cropped-Hidalgo-est1993.png"},"aioseo_meta_data":{"post_id":"842581","title":null,"description":null,"keywords":null,"keyphrases":null,"primary_term":null,"canonical_url":null,"og_title":null,"og_description":null,"og_object_type":"default","og_image_type":"default","og_image_url":null,"og_image_width":null,"og_image_height":null,"og_image_custom_url":null,"og_image_custom_fields":null,"og_video":null,"og_custom_url":null,"og_article_section":null,"og_article_tags":null,"twitter_use_og":false,"twitter_card":"default","twitter_image_type":"default","twitter_image_url":null,"twitter_image_custom_url":null,"twitter_image_custom_fields":null,"twitter_title":null,"twitter_description":null,"schema":{"blockGraphs":[],"customGraphs":[],"default":{"data":{"Article":[],"Course":[],"Dataset":[],"FAQPage":[],"Movie":[],"Person":[],"Product":[],"ProductReview":[],"Car":[],"Recipe":[],"Service":[],"SoftwareApplication":[],"WebPage":[]},"graphName":"","isEnabled":true},"graphs":[]},"schema_type":"default","schema_type_options":null,"pillar_content":false,"robots_default":true,"robots_noindex":false,"robots_noarchive":false,"robots_nosnippet":false,"robots_nofollow":false,"robots_noimageindex":false,"robots_noodp":false,"robots_notranslate":false,"robots_max_snippet":null,"robots_max_videopreview":null,"robots_max_imagepreview":"large","priority":null,"frequency":null,"local_seo":null,"seo_analyzer_scan_date":"2026-02-13 11:16:00","breadcrumb_settings":null,"limit_modified_date":false,"reviewed_by":null,"open_ai":null,"ai":null,"created":"2026-02-13 10:52:40","updated":"2026-04-24 09:02:09"},"aioseo_breadcrumb":"<div class=\"aioseo-breadcrumbs\"><span class=\"aioseo-breadcrumb\">\n\t<a href=\"https:\/\/hidalgo.nl\/de\/\" title=\"Home\">Home<\/a>\n<\/span><span class=\"aioseo-breadcrumb-separator\">\u00bb<\/span><span class=\"aioseo-breadcrumb\">\n\t<a href=\"https:\/\/hidalgo.nl\/example\/\" title=\"example\">example<\/a>\n<\/span><span class=\"aioseo-breadcrumb-separator\">\u00bb<\/span><span class=\"aioseo-breadcrumb\">\n\t<a href=\"https:\/\/hidalgo.nl\/en\/product-supplier\/a53\/\" title=\"A53\">A53<\/a>\n<\/span><span class=\"aioseo-breadcrumb-separator\">\u00bb<\/span><span class=\"aioseo-breadcrumb\">\n\t24-in-1 Precisie Schroevendraaierset met organizer\n<\/span><\/div>","aioseo_breadcrumb_json":[{"label":"Home","link":"https:\/\/hidalgo.nl\/de\/"},{"label":"example","link":"https:\/\/hidalgo.nl\/example\/"},{"label":"A53","link":"https:\/\/hidalgo.nl\/en\/product-supplier\/a53\/"},{"label":"24-in-1 Precisie Schroevendraaierset met organizer","link":"https:\/\/hidalgo.nl\/de\/product\/842581\/praezisions-schraubendreher-set-bedrucken-24-in-1-organizer\/"}],"_links":{"self":[{"href":"https:\/\/hidalgo.nl\/de\/wp-json\/wp\/v2\/product\/842581","targetHints":{"allow":["GET"]}}],"collection":[{"href":"https:\/\/hidalgo.nl\/de\/wp-json\/wp\/v2\/product"}],"about":[{"href":"https:\/\/hidalgo.nl\/de\/wp-json\/wp\/v2\/types\/product"}],"wp:featuredmedia":[{"embeddable":true,"href":"https:\/\/hidalgo.nl\/de\/wp-json\/wp\/v2\/media\/842582"}],"wp:attachment":[{"href":"https:\/\/hidalgo.nl\/de\/wp-json\/wp\/v2\/media?parent=842581"}],"wp:term":[{"taxonomy":"product_brand","embeddable":true,"href":"https:\/\/hidalgo.nl\/de\/wp-json\/wp\/v2\/product_brand?post=842581"},{"taxonomy":"product_cat","embeddable":true,"href":"https:\/\/hidalgo.nl\/de\/wp-json\/wp\/v2\/product_cat?post=842581"},{"taxonomy":"product_tag","embeddable":true,"href":"https:\/\/hidalgo.nl\/de\/wp-json\/wp\/v2\/product_tag?post=842581"}],"curies":[{"name":"wp","href":"https:\/\/api.w.org\/{rel}","templated":true}]}}