{"id":842399,"date":"2026-02-13T09:33:07","date_gmt":"2026-02-13T09:33:07","guid":{"rendered":"https:\/\/hidalgo.nl\/product\/beukenhouten-klauwhamer-asha\/"},"modified":"2026-03-14T01:06:42","modified_gmt":"2026-03-14T01:06:42","slug":"beukenhouten-klauwhamer-asha","status":"publish","type":"product","link":"https:\/\/hidalgo.nl\/de\/product\/842399\/klauenhammer-asha-buchenholz-bedruckbar-robust-stahlkopf\/","title":{"rendered":"Beukenhouten klauwhamer Asha"},"content":{"rendered":"<p>Beukenhouten klauwhamer met duurzame stalen kop. Stevig verpakt met kraftpapieren hoes en papieren kabelbinder rond de hamerkop voor extra bescherming.<\/p>\n","protected":false},"excerpt":{"rendered":"<p>Beukenhouten klauwhamer met duurzame stalen kop. Stevig verpakt met kraftpapieren hoes en papieren kabelbinder rond de hamerkop voor extra bescherming.<\/p>\n","protected":false},"featured_media":842400,"template":"","meta":{"_acf_changed":false,"om_disable_all_campaigns":false,"_monsterinsights_skip_tracking":false,"_monsterinsights_sitenote_active":false,"_monsterinsights_sitenote_note":"","_monsterinsights_sitenote_category":0},"product_brand":[49],"product_cat":[4808,4719],"product_tag":[],"class_list":{"0":"post-842399","1":"product","2":"type-product","3":"status-publish","4":"has-post-thumbnail","6":"product_supplier-a58","7":"product_material-beukenhout","8":"product_material-staal","9":"product_brand-impression","10":"product_cat-gereedschap","11":"product_cat-promotionele-artikelen","12":"entry","14":"first","15":"instock","16":"taxable","17":"shipping-taxable","18":"purchasable","19":"product-type-variable"},"acf":{"imprint_cost":[{"imprint_cost_key":"de84d346ecce184d43eeeb5d1464c4848009ccc1","product_quantity_price_range":[{"imprint_cost_recommended_selling_price":"4.03","imprint_cost_recommended_selling_quantity":"1"},{"imprint_cost_recommended_selling_price":"2.78","imprint_cost_recommended_selling_quantity":"25"},{"imprint_cost_recommended_selling_price":"1.63","imprint_cost_recommended_selling_quantity":"50"},{"imprint_cost_recommended_selling_price":"1.34","imprint_cost_recommended_selling_quantity":"100"},{"imprint_cost_recommended_selling_price":"1.05","imprint_cost_recommended_selling_quantity":"250"},{"imprint_cost_recommended_selling_price":"0.91","imprint_cost_recommended_selling_quantity":"500"},{"imprint_cost_recommended_selling_price":"0.8","imprint_cost_recommended_selling_quantity":"1000"},{"imprint_cost_recommended_selling_price":"0.68","imprint_cost_recommended_selling_quantity":"2500"}],"product_quantity_price_range_buying":false,"imprint_cost_setup_costs":"30.77","imprint_cost_handling_costs":"0.2"},{"imprint_cost_key":"9f0af677600a937970665bbde89afa08ad776c4d","product_quantity_price_range":[{"imprint_cost_recommended_selling_price":"4.03","imprint_cost_recommended_selling_quantity":"1"},{"imprint_cost_recommended_selling_price":"2.78","imprint_cost_recommended_selling_quantity":"25"},{"imprint_cost_recommended_selling_price":"1.63","imprint_cost_recommended_selling_quantity":"50"},{"imprint_cost_recommended_selling_price":"1.34","imprint_cost_recommended_selling_quantity":"100"},{"imprint_cost_recommended_selling_price":"1.05","imprint_cost_recommended_selling_quantity":"250"},{"imprint_cost_recommended_selling_price":"0.91","imprint_cost_recommended_selling_quantity":"500"},{"imprint_cost_recommended_selling_price":"0.8","imprint_cost_recommended_selling_quantity":"1000"},{"imprint_cost_recommended_selling_price":"0.68","imprint_cost_recommended_selling_quantity":"2500"}],"product_quantity_price_range_buying":false,"imprint_cost_setup_costs":"30.77","imprint_cost_handling_costs":"0.2"}]},"aioseo_notices":[],"aioseo_head":"\n\t\t<!-- All in One SEO Pro 4.9.6.2 - aioseo.com -->\n\t<meta name=\"description\" content=\"Du suchst einen langlebigen Zimmermannshammer f\u00fcr deine Projekte? Dieser ergonomische Hammer mit robustem Stahlkopf und Buchenholzstiel bietet dir pr\u00e4zise Kontrolle bei Holzarbeiten. Wir veredeln den Griff auf Wunsch mit deinem Logo f\u00fcr ein bleibendes Profi-Handwerkzeug.\" \/>\n\t<meta name=\"robots\" content=\"max-image-preview:large\" \/>\n\t<link rel=\"canonical\" href=\"https:\/\/hidalgo.nl\/de\/wp-json\/wp\/v2\/product\/842399\" \/>\n\t<meta name=\"generator\" content=\"All in One SEO Pro (AIOSEO) 4.9.6.2\" \/>\n\t\t<meta property=\"og:locale\" content=\"de_DE\" \/>\n\t\t<meta property=\"og:site_name\" content=\"Hidalgo -\" \/>\n\t\t<meta property=\"og:type\" content=\"article\" \/>\n\t\t<meta property=\"og:title\" content=\"Klauenhammer Asha Buchenholz bedruckbar robust Stahlkopf\" \/>\n\t\t<meta property=\"og:description\" content=\"Du suchst einen langlebigen Zimmermannshammer f\u00fcr deine Projekte? Dieser ergonomische Hammer mit robustem Stahlkopf und Buchenholzstiel bietet dir pr\u00e4zise Kontrolle bei Holzarbeiten. Wir veredeln den Griff auf Wunsch mit deinem Logo f\u00fcr ein bleibendes Profi-Handwerkzeug.\" \/>\n\t\t<meta property=\"og:url\" content=\"https:\/\/hidalgo.nl\/de\/wp-json\/wp\/v2\/product\/842399\" \/>\n\t\t<meta property=\"og:image\" content=\"https:\/\/shop.hidalgo.nl\/wp-content\/uploads\/2025\/11\/cropped-Hidalgo-est1993.png\" \/>\n\t\t<meta property=\"og:image:secure_url\" content=\"https:\/\/shop.hidalgo.nl\/wp-content\/uploads\/2025\/11\/cropped-Hidalgo-est1993.png\" \/>\n\t\t<meta property=\"article:published_time\" content=\"2026-02-13T09:33:07+00:00\" \/>\n\t\t<meta property=\"article:modified_time\" content=\"2026-03-14T01:06:42+00:00\" \/>\n\t\t<meta name=\"twitter:card\" content=\"summary_large_image\" \/>\n\t\t<meta name=\"twitter:title\" content=\"Klauenhammer Asha Buchenholz bedruckbar robust Stahlkopf\" \/>\n\t\t<meta name=\"twitter:description\" content=\"Du suchst einen langlebigen Zimmermannshammer f\u00fcr deine Projekte? Dieser ergonomische Hammer mit robustem Stahlkopf und Buchenholzstiel bietet dir pr\u00e4zise Kontrolle bei Holzarbeiten. Wir veredeln den Griff auf Wunsch mit deinem Logo f\u00fcr ein bleibendes Profi-Handwerkzeug.\" \/>\n\t\t<meta name=\"twitter:image\" content=\"https:\/\/shop.hidalgo.nl\/wp-content\/uploads\/2025\/11\/cropped-Hidalgo-est1993.png\" \/>\n\t\t<script type=\"application\/ld+json\" class=\"aioseo-schema\">\n\t\t\t{\"@context\":\"https:\\\/\\\/schema.org\",\"@graph\":[{\"@type\":\"BreadcrumbList\",\"@id\":\"https:\\\/\\\/hidalgo.nl\\\/de\\\/product\\\/842399\\\/klauenhammer-asha-buchenholz-bedruckbar-robust-stahlkopf\\\/#breadcrumblist\",\"itemListElement\":[{\"@type\":\"ListItem\",\"@id\":\"https:\\\/\\\/hidalgo.nl\\\/de\\\/#listItem\",\"position\":1,\"name\":\"Home\",\"item\":\"https:\\\/\\\/hidalgo.nl\\\/de\\\/\",\"nextItem\":{\"@type\":\"ListItem\",\"@id\":\"https:\\\/\\\/hidalgo.nl\\\/example\\\/#listItem\",\"name\":\"example\"}},{\"@type\":\"ListItem\",\"@id\":\"https:\\\/\\\/hidalgo.nl\\\/example\\\/#listItem\",\"position\":2,\"name\":\"example\",\"item\":\"https:\\\/\\\/hidalgo.nl\\\/example\\\/\",\"nextItem\":{\"@type\":\"ListItem\",\"@id\":\"https:\\\/\\\/hidalgo.nl\\\/en\\\/product-supplier\\\/a58\\\/#listItem\",\"name\":\"A58\"},\"previousItem\":{\"@type\":\"ListItem\",\"@id\":\"https:\\\/\\\/hidalgo.nl\\\/de\\\/#listItem\",\"name\":\"Home\"}},{\"@type\":\"ListItem\",\"@id\":\"https:\\\/\\\/hidalgo.nl\\\/en\\\/product-supplier\\\/a58\\\/#listItem\",\"position\":3,\"name\":\"A58\",\"item\":\"https:\\\/\\\/hidalgo.nl\\\/en\\\/product-supplier\\\/a58\\\/\",\"nextItem\":{\"@type\":\"ListItem\",\"@id\":\"https:\\\/\\\/hidalgo.nl\\\/de\\\/product\\\/842399\\\/klauenhammer-asha-buchenholz-bedruckbar-robust-stahlkopf\\\/#listItem\",\"name\":\"Beukenhouten klauwhamer Asha\"},\"previousItem\":{\"@type\":\"ListItem\",\"@id\":\"https:\\\/\\\/hidalgo.nl\\\/example\\\/#listItem\",\"name\":\"example\"}},{\"@type\":\"ListItem\",\"@id\":\"https:\\\/\\\/hidalgo.nl\\\/de\\\/product\\\/842399\\\/klauenhammer-asha-buchenholz-bedruckbar-robust-stahlkopf\\\/#listItem\",\"position\":4,\"name\":\"Beukenhouten klauwhamer Asha\",\"previousItem\":{\"@type\":\"ListItem\",\"@id\":\"https:\\\/\\\/hidalgo.nl\\\/en\\\/product-supplier\\\/a58\\\/#listItem\",\"name\":\"A58\"}}]},{\"@type\":\"Organization\",\"@id\":\"https:\\\/\\\/hidalgo.nl\\\/de\\\/#organization\",\"name\":\"Hidalgo\",\"url\":\"https:\\\/\\\/hidalgo.nl\\\/de\\\/\",\"logo\":{\"@type\":\"ImageObject\",\"url\":\"https:\\\/\\\/shop.hidalgo.nl\\\/wp-content\\\/uploads\\\/2025\\\/11\\\/cropped-Hidalgo-est1993.png\",\"@id\":\"https:\\\/\\\/hidalgo.nl\\\/de\\\/product\\\/842399\\\/klauenhammer-asha-buchenholz-bedruckbar-robust-stahlkopf\\\/#organizationLogo\",\"width\":585,\"height\":195},\"image\":{\"@id\":\"https:\\\/\\\/hidalgo.nl\\\/de\\\/product\\\/842399\\\/klauenhammer-asha-buchenholz-bedruckbar-robust-stahlkopf\\\/#organizationLogo\"}},{\"@type\":\"ProductGroup\",\"@id\":\"https:\\\/\\\/hidalgo.nl\\\/de\\\/product\\\/842399\\\/klauenhammer-asha-buchenholz-bedruckbar-robust-stahlkopf\\\/#wooCommerceProduct\",\"name\":\"Klauenhammer Asha Buchenholz bedruckbar robust Stahlkopf\",\"url\":\"https:\\\/\\\/hidalgo.nl\\\/de\\\/product\\\/842399\\\/klauenhammer-asha-buchenholz-bedruckbar-robust-stahlkopf\\\/\",\"brand\":{\"@type\":\"Brand\",\"name\":\"IMPRESSION\"},\"sku\":\"A58-1267827\",\"image\":{\"@type\":\"ImageObject\",\"url\":\"https:\\\/\\\/shop.hidalgo.nl\\\/wp-content\\\/uploads\\\/2025\\\/04\\\/1b9659b1ce166f7ecee1d59a4ac4203aa232d84b748df533bf5c37d7f47ce664.jpg\",\"@id\":\"https:\\\/\\\/hidalgo.nl\\\/de\\\/product\\\/842399\\\/klauenhammer-asha-buchenholz-bedruckbar-robust-stahlkopf\\\/#productImage\"},\"productGroupID\":842399,\"hasVariant\":[{\"@type\":\"Product\",\"@id\":\"https:\\\/\\\/hidalgo.nl\\\/de\\\/product\\\/842399\\\/klauenhammer-asha-buchenholz-bedruckbar-robust-stahlkopf\\\/#wooCommerceProduct\",\"name\":\"Beukenhouten klauwhamer Asha - bruin, standaard-uitvoering\",\"url\":\"https:\\\/\\\/hidalgo.nl\\\/de\\\/product\\\/842399\\\/klauenhammer-asha-buchenholz-bedruckbar-robust-stahlkopf\\\/\",\"sku\":\"A58-1267827-011999999\",\"gtin\":\"8719446073890\",\"image\":{\"@type\":\"ImageObject\",\"url\":\"https:\\\/\\\/shop.hidalgo.nl\\\/wp-content\\\/uploads\\\/2025\\\/04\\\/837df8f55ee068a6d3e548d3cf84edb2245a9161e39b82b76f8e5b2e942dbf69.jpg\",\"@id\":\"https:\\\/\\\/hidalgo.nl\\\/de\\\/product\\\/842399\\\/klauenhammer-asha-buchenholz-bedruckbar-robust-stahlkopf\\\/#productImage\"},\"offers\":{\"@type\":\"Offer\",\"url\":\"https:\\\/\\\/hidalgo.nl\\\/de\\\/product\\\/842399\\\/klauenhammer-asha-buchenholz-bedruckbar-robust-stahlkopf\\\/#wooCommerceOffer\",\"price\":\"5.04\",\"priceCurrency\":\"EUR\",\"category\":\"Promotionele Artikelen\",\"availability\":\"https:\\\/\\\/schema.org\\\/InStock\",\"priceSpecification\":{\"@type\":\"PriceSpecification\",\"price\":5.04,\"priceCurrency\":\"EUR\",\"valueAddedTaxIncluded\":\"true\"}}}]},{\"@type\":\"WebPage\",\"@id\":\"https:\\\/\\\/hidalgo.nl\\\/de\\\/product\\\/842399\\\/klauenhammer-asha-buchenholz-bedruckbar-robust-stahlkopf\\\/#webpage\",\"url\":\"https:\\\/\\\/hidalgo.nl\\\/de\\\/product\\\/842399\\\/klauenhammer-asha-buchenholz-bedruckbar-robust-stahlkopf\\\/\",\"name\":\"Klauenhammer Asha Buchenholz bedruckbar robust Stahlkopf\",\"description\":\"Du suchst einen langlebigen Zimmermannshammer f\\u00fcr deine Projekte? Dieser ergonomische Hammer mit robustem Stahlkopf und Buchenholzstiel bietet dir pr\\u00e4zise Kontrolle bei Holzarbeiten. Wir veredeln den Griff auf Wunsch mit deinem Logo f\\u00fcr ein bleibendes Profi-Handwerkzeug.\",\"inLanguage\":\"de-DE\",\"isPartOf\":{\"@id\":\"https:\\\/\\\/hidalgo.nl\\\/de\\\/#website\"},\"breadcrumb\":{\"@id\":\"https:\\\/\\\/hidalgo.nl\\\/de\\\/product\\\/842399\\\/klauenhammer-asha-buchenholz-bedruckbar-robust-stahlkopf\\\/#breadcrumblist\"},\"image\":{\"@type\":\"ImageObject\",\"url\":\"https:\\\/\\\/shop.hidalgo.nl\\\/wp-content\\\/uploads\\\/2025\\\/04\\\/1b9659b1ce166f7ecee1d59a4ac4203aa232d84b748df533bf5c37d7f47ce664.jpg\",\"@id\":\"https:\\\/\\\/hidalgo.nl\\\/de\\\/product\\\/842399\\\/klauenhammer-asha-buchenholz-bedruckbar-robust-stahlkopf\\\/#mainImage\"},\"primaryImageOfPage\":{\"@id\":\"https:\\\/\\\/hidalgo.nl\\\/de\\\/product\\\/842399\\\/klauenhammer-asha-buchenholz-bedruckbar-robust-stahlkopf\\\/#mainImage\"},\"datePublished\":\"2026-02-13T09:33:07+00:00\",\"dateModified\":\"2026-03-14T01:06:42+00:00\"},{\"@type\":\"WebSite\",\"@id\":\"https:\\\/\\\/hidalgo.nl\\\/de\\\/#website\",\"url\":\"https:\\\/\\\/hidalgo.nl\\\/de\\\/\",\"name\":\"Hidalgo\",\"inLanguage\":\"de-DE\",\"publisher\":{\"@id\":\"https:\\\/\\\/hidalgo.nl\\\/de\\\/#organization\"}}]}\n\t\t<\/script>\n\t\t<!-- All in One SEO Pro -->\r\n\t\t<title>Klauenhammer Asha Buchenholz bedruckbar robust Stahlkopf<\/title>\n\n","aioseo_head_json":{"title":"Klauenhammer Asha Buchenholz bedruckbar robust Stahlkopf","description":"Du suchst einen langlebigen Zimmermannshammer f\u00fcr deine Projekte? Dieser ergonomische Hammer mit robustem Stahlkopf und Buchenholzstiel bietet dir pr\u00e4zise Kontrolle bei Holzarbeiten. Wir veredeln den Griff auf Wunsch mit deinem Logo f\u00fcr ein bleibendes Profi-Handwerkzeug.","canonical_url":"https:\/\/hidalgo.nl\/de\/wp-json\/wp\/v2\/product\/842399","robots":"max-image-preview:large","keywords":"","webmasterTools":{"miscellaneous":""},"schema":{"@context":"https:\/\/schema.org","@graph":[{"@type":"BreadcrumbList","@id":"https:\/\/hidalgo.nl\/de\/product\/842399\/klauenhammer-asha-buchenholz-bedruckbar-robust-stahlkopf\/#breadcrumblist","itemListElement":[{"@type":"ListItem","@id":"https:\/\/hidalgo.nl\/de\/#listItem","position":1,"name":"Home","item":"https:\/\/hidalgo.nl\/de\/","nextItem":{"@type":"ListItem","@id":"https:\/\/hidalgo.nl\/example\/#listItem","name":"example"}},{"@type":"ListItem","@id":"https:\/\/hidalgo.nl\/example\/#listItem","position":2,"name":"example","item":"https:\/\/hidalgo.nl\/example\/","nextItem":{"@type":"ListItem","@id":"https:\/\/hidalgo.nl\/en\/product-supplier\/a58\/#listItem","name":"A58"},"previousItem":{"@type":"ListItem","@id":"https:\/\/hidalgo.nl\/de\/#listItem","name":"Home"}},{"@type":"ListItem","@id":"https:\/\/hidalgo.nl\/en\/product-supplier\/a58\/#listItem","position":3,"name":"A58","item":"https:\/\/hidalgo.nl\/en\/product-supplier\/a58\/","nextItem":{"@type":"ListItem","@id":"https:\/\/hidalgo.nl\/de\/product\/842399\/klauenhammer-asha-buchenholz-bedruckbar-robust-stahlkopf\/#listItem","name":"Beukenhouten klauwhamer Asha"},"previousItem":{"@type":"ListItem","@id":"https:\/\/hidalgo.nl\/example\/#listItem","name":"example"}},{"@type":"ListItem","@id":"https:\/\/hidalgo.nl\/de\/product\/842399\/klauenhammer-asha-buchenholz-bedruckbar-robust-stahlkopf\/#listItem","position":4,"name":"Beukenhouten klauwhamer Asha","previousItem":{"@type":"ListItem","@id":"https:\/\/hidalgo.nl\/en\/product-supplier\/a58\/#listItem","name":"A58"}}]},{"@type":"Organization","@id":"https:\/\/hidalgo.nl\/de\/#organization","name":"Hidalgo","url":"https:\/\/hidalgo.nl\/de\/","logo":{"@type":"ImageObject","url":"https:\/\/shop.hidalgo.nl\/wp-content\/uploads\/2025\/11\/cropped-Hidalgo-est1993.png","@id":"https:\/\/hidalgo.nl\/de\/product\/842399\/klauenhammer-asha-buchenholz-bedruckbar-robust-stahlkopf\/#organizationLogo","width":585,"height":195},"image":{"@id":"https:\/\/hidalgo.nl\/de\/product\/842399\/klauenhammer-asha-buchenholz-bedruckbar-robust-stahlkopf\/#organizationLogo"}},{"@type":"ProductGroup","@id":"https:\/\/hidalgo.nl\/de\/product\/842399\/klauenhammer-asha-buchenholz-bedruckbar-robust-stahlkopf\/#wooCommerceProduct","name":"Klauenhammer Asha Buchenholz bedruckbar robust Stahlkopf","url":"https:\/\/hidalgo.nl\/de\/product\/842399\/klauenhammer-asha-buchenholz-bedruckbar-robust-stahlkopf\/","brand":{"@type":"Brand","name":"IMPRESSION"},"sku":"A58-1267827","image":{"@type":"ImageObject","url":"https:\/\/shop.hidalgo.nl\/wp-content\/uploads\/2025\/04\/1b9659b1ce166f7ecee1d59a4ac4203aa232d84b748df533bf5c37d7f47ce664.jpg","@id":"https:\/\/hidalgo.nl\/de\/product\/842399\/klauenhammer-asha-buchenholz-bedruckbar-robust-stahlkopf\/#productImage"},"productGroupID":842399,"hasVariant":[{"@type":"Product","@id":"https:\/\/hidalgo.nl\/de\/product\/842399\/klauenhammer-asha-buchenholz-bedruckbar-robust-stahlkopf\/#wooCommerceProduct","name":"Beukenhouten klauwhamer Asha - bruin, standaard-uitvoering","url":"https:\/\/hidalgo.nl\/de\/product\/842399\/klauenhammer-asha-buchenholz-bedruckbar-robust-stahlkopf\/","sku":"A58-1267827-011999999","gtin":"8719446073890","image":{"@type":"ImageObject","url":"https:\/\/shop.hidalgo.nl\/wp-content\/uploads\/2025\/04\/837df8f55ee068a6d3e548d3cf84edb2245a9161e39b82b76f8e5b2e942dbf69.jpg","@id":"https:\/\/hidalgo.nl\/de\/product\/842399\/klauenhammer-asha-buchenholz-bedruckbar-robust-stahlkopf\/#productImage"},"offers":{"@type":"Offer","url":"https:\/\/hidalgo.nl\/de\/product\/842399\/klauenhammer-asha-buchenholz-bedruckbar-robust-stahlkopf\/#wooCommerceOffer","price":"5.04","priceCurrency":"EUR","category":"Promotionele Artikelen","availability":"https:\/\/schema.org\/InStock","priceSpecification":{"@type":"PriceSpecification","price":5.04,"priceCurrency":"EUR","valueAddedTaxIncluded":"true"}}}]},{"@type":"WebPage","@id":"https:\/\/hidalgo.nl\/de\/product\/842399\/klauenhammer-asha-buchenholz-bedruckbar-robust-stahlkopf\/#webpage","url":"https:\/\/hidalgo.nl\/de\/product\/842399\/klauenhammer-asha-buchenholz-bedruckbar-robust-stahlkopf\/","name":"Klauenhammer Asha Buchenholz bedruckbar robust Stahlkopf","description":"Du suchst einen langlebigen Zimmermannshammer f\u00fcr deine Projekte? Dieser ergonomische Hammer mit robustem Stahlkopf und Buchenholzstiel bietet dir pr\u00e4zise Kontrolle bei Holzarbeiten. Wir veredeln den Griff auf Wunsch mit deinem Logo f\u00fcr ein bleibendes Profi-Handwerkzeug.","inLanguage":"de-DE","isPartOf":{"@id":"https:\/\/hidalgo.nl\/de\/#website"},"breadcrumb":{"@id":"https:\/\/hidalgo.nl\/de\/product\/842399\/klauenhammer-asha-buchenholz-bedruckbar-robust-stahlkopf\/#breadcrumblist"},"image":{"@type":"ImageObject","url":"https:\/\/shop.hidalgo.nl\/wp-content\/uploads\/2025\/04\/1b9659b1ce166f7ecee1d59a4ac4203aa232d84b748df533bf5c37d7f47ce664.jpg","@id":"https:\/\/hidalgo.nl\/de\/product\/842399\/klauenhammer-asha-buchenholz-bedruckbar-robust-stahlkopf\/#mainImage"},"primaryImageOfPage":{"@id":"https:\/\/hidalgo.nl\/de\/product\/842399\/klauenhammer-asha-buchenholz-bedruckbar-robust-stahlkopf\/#mainImage"},"datePublished":"2026-02-13T09:33:07+00:00","dateModified":"2026-03-14T01:06:42+00:00"},{"@type":"WebSite","@id":"https:\/\/hidalgo.nl\/de\/#website","url":"https:\/\/hidalgo.nl\/de\/","name":"Hidalgo","inLanguage":"de-DE","publisher":{"@id":"https:\/\/hidalgo.nl\/de\/#organization"}}]},"og:locale":"de_DE","og:site_name":"Hidalgo -","og:type":"article","og:title":"Klauenhammer Asha Buchenholz bedruckbar robust Stahlkopf","og:description":"Du suchst einen langlebigen Zimmermannshammer f\u00fcr deine Projekte? Dieser ergonomische Hammer mit robustem Stahlkopf und Buchenholzstiel bietet dir pr\u00e4zise Kontrolle bei Holzarbeiten. Wir veredeln den Griff auf Wunsch mit deinem Logo f\u00fcr ein bleibendes Profi-Handwerkzeug.","og:url":"https:\/\/hidalgo.nl\/de\/wp-json\/wp\/v2\/product\/842399","og:image":"https:\/\/shop.hidalgo.nl\/wp-content\/uploads\/2025\/11\/cropped-Hidalgo-est1993.png","og:image:secure_url":"https:\/\/shop.hidalgo.nl\/wp-content\/uploads\/2025\/11\/cropped-Hidalgo-est1993.png","article:published_time":"2026-02-13T09:33:07+00:00","article:modified_time":"2026-03-14T01:06:42+00:00","twitter:card":"summary_large_image","twitter:title":"Klauenhammer Asha Buchenholz bedruckbar robust Stahlkopf","twitter:description":"Du suchst einen langlebigen Zimmermannshammer f\u00fcr deine Projekte? Dieser ergonomische Hammer mit robustem Stahlkopf und Buchenholzstiel bietet dir pr\u00e4zise Kontrolle bei Holzarbeiten. Wir veredeln den Griff auf Wunsch mit deinem Logo f\u00fcr ein bleibendes Profi-Handwerkzeug.","twitter:image":"https:\/\/shop.hidalgo.nl\/wp-content\/uploads\/2025\/11\/cropped-Hidalgo-est1993.png"},"aioseo_meta_data":{"post_id":"842399","title":null,"description":null,"keywords":null,"keyphrases":null,"primary_term":null,"canonical_url":null,"og_title":null,"og_description":null,"og_object_type":"default","og_image_type":"default","og_image_url":null,"og_image_width":null,"og_image_height":null,"og_image_custom_url":null,"og_image_custom_fields":null,"og_video":null,"og_custom_url":null,"og_article_section":null,"og_article_tags":null,"twitter_use_og":false,"twitter_card":"default","twitter_image_type":"default","twitter_image_url":null,"twitter_image_custom_url":null,"twitter_image_custom_fields":null,"twitter_title":null,"twitter_description":null,"schema":{"blockGraphs":[],"customGraphs":[],"default":{"data":{"Article":[],"Course":[],"Dataset":[],"FAQPage":[],"Movie":[],"Person":[],"Product":[],"ProductReview":[],"Car":[],"Recipe":[],"Service":[],"SoftwareApplication":[],"WebPage":[]},"graphName":"","isEnabled":true},"graphs":[]},"schema_type":"default","schema_type_options":null,"pillar_content":false,"robots_default":true,"robots_noindex":false,"robots_noarchive":false,"robots_nosnippet":false,"robots_nofollow":false,"robots_noimageindex":false,"robots_noodp":false,"robots_notranslate":false,"robots_max_snippet":null,"robots_max_videopreview":null,"robots_max_imagepreview":"large","priority":null,"frequency":null,"local_seo":null,"seo_analyzer_scan_date":"2026-02-13 09:36:45","breadcrumb_settings":null,"limit_modified_date":false,"reviewed_by":null,"open_ai":null,"ai":null,"created":"2026-02-13 09:35:05","updated":"2026-04-23 17:01:54"},"aioseo_breadcrumb":"<div class=\"aioseo-breadcrumbs\"><span class=\"aioseo-breadcrumb\">\n\t<a href=\"https:\/\/hidalgo.nl\/de\/\" title=\"Home\">Home<\/a>\n<\/span><span class=\"aioseo-breadcrumb-separator\">\u00bb<\/span><span class=\"aioseo-breadcrumb\">\n\t<a href=\"https:\/\/hidalgo.nl\/example\/\" title=\"example\">example<\/a>\n<\/span><span class=\"aioseo-breadcrumb-separator\">\u00bb<\/span><span class=\"aioseo-breadcrumb\">\n\t<a href=\"https:\/\/hidalgo.nl\/en\/product-supplier\/a58\/\" title=\"A58\">A58<\/a>\n<\/span><span class=\"aioseo-breadcrumb-separator\">\u00bb<\/span><span class=\"aioseo-breadcrumb\">\n\tBeukenhouten klauwhamer Asha\n<\/span><\/div>","aioseo_breadcrumb_json":[{"label":"Home","link":"https:\/\/hidalgo.nl\/de\/"},{"label":"example","link":"https:\/\/hidalgo.nl\/example\/"},{"label":"A58","link":"https:\/\/hidalgo.nl\/en\/product-supplier\/a58\/"},{"label":"Beukenhouten klauwhamer Asha","link":"https:\/\/hidalgo.nl\/de\/product\/842399\/klauenhammer-asha-buchenholz-bedruckbar-robust-stahlkopf\/"}],"_links":{"self":[{"href":"https:\/\/hidalgo.nl\/de\/wp-json\/wp\/v2\/product\/842399","targetHints":{"allow":["GET"]}}],"collection":[{"href":"https:\/\/hidalgo.nl\/de\/wp-json\/wp\/v2\/product"}],"about":[{"href":"https:\/\/hidalgo.nl\/de\/wp-json\/wp\/v2\/types\/product"}],"wp:featuredmedia":[{"embeddable":true,"href":"https:\/\/hidalgo.nl\/de\/wp-json\/wp\/v2\/media\/842400"}],"wp:attachment":[{"href":"https:\/\/hidalgo.nl\/de\/wp-json\/wp\/v2\/media?parent=842399"}],"wp:term":[{"taxonomy":"product_brand","embeddable":true,"href":"https:\/\/hidalgo.nl\/de\/wp-json\/wp\/v2\/product_brand?post=842399"},{"taxonomy":"product_cat","embeddable":true,"href":"https:\/\/hidalgo.nl\/de\/wp-json\/wp\/v2\/product_cat?post=842399"},{"taxonomy":"product_tag","embeddable":true,"href":"https:\/\/hidalgo.nl\/de\/wp-json\/wp\/v2\/product_tag?post=842399"}],"curies":[{"name":"wp","href":"https:\/\/api.w.org\/{rel}","templated":true}]}}