{"id":841880,"date":"2026-02-12T15:57:09","date_gmt":"2026-02-12T15:57:09","guid":{"rendered":"https:\/\/hidalgo.nl\/product\/imould-coffee-mug-premium-small-250-ml-koffiebeker\/"},"modified":"2026-02-26T07:35:44","modified_gmt":"2026-02-26T07:35:44","slug":"imould-coffee-mug-premium-small-250-ml-koffiebeker","status":"publish","type":"product","link":"https:\/\/hidalgo.nl\/de\/product\/imould-coffee-mug-premium-small-250-ml-koffiebeker\/","title":{"rendered":"iMould Coffee Mug Premium Small 250 ml koffiebeker"},"content":{"rendered":"<p>Dubbelwandige, kunststof mok voor een coffee-to-go. Handzaam model met schroefdeksel, voorzien van een  drinkopening. Past in de standaard drinkhouder van auto&#8217;s, dus handig voor onderweg. Herbruikbaar, Food Approved en vaatwasserbestendig. Inhoud 250 ml. Made in Germany.  Het oppervlak is ideaal voor een full colour iMould opdruk (water-, kras-, kleur- en UV-bestendig) in elk gewenst design. Minimale afname 500 stuks per kleur.<\/p>\n","protected":false},"excerpt":{"rendered":"<p>Dubbelwandige, kunststof mok voor een coffee-to-go. Handzaam model met schroefdeksel, voorzien van een drinkopening. Past in de standaard drinkhouder van auto&#8217;s, dus handig voor onderweg. Herbruikbaar, Food Approved en vaatwasserbestendig. Inhoud 250 ml. Made in Germany. Het oppervlak is ideaal voor een full colour iMould opdruk (water-, kras-, kleur- en UV-bestendig) in elk gewenst design.&hellip; <a class=\"more-link\" href=\"https:\/\/hidalgo.nl\/de\/product\/imould-coffee-mug-premium-small-250-ml-koffiebeker\/\"><span class=\"screen-reader-text\">iMould Coffee Mug Premium Small 250 ml koffiebeker<\/span> weiterlesen<\/a><\/p>\n","protected":false},"featured_media":841881,"template":"","meta":{"_acf_changed":false,"om_disable_all_campaigns":false,"_monsterinsights_skip_tracking":false,"_monsterinsights_sitenote_active":false,"_monsterinsights_sitenote_note":"","_monsterinsights_sitenote_category":0},"product_brand":[],"product_cat":[4732,4739,4738],"product_tag":[],"class_list":{"0":"post-841880","1":"product","2":"type-product","3":"status-publish","4":"has-post-thumbnail","6":"product_supplier-a508","7":"product_material-kunststof","8":"product_cat-bidons-drinkflessen","9":"product_cat-bidons-drinkflessen-reis-mokken-thermosflessen-reis-mokken","10":"product_cat-bidons-drinkflessen-reis-mokken-thermosflessen","11":"entry","13":"first","14":"instock","15":"taxable","16":"shipping-taxable","17":"purchasable","18":"product-type-variable"},"acf":{"imprint_cost":[{"imprint_cost_key":"ebc41a180e6bc0566ecf5fcdcfb75c1e0d3a323f","product_quantity_price_range":[{"imprint_cost_recommended_selling_price":"2.91","imprint_cost_recommended_selling_quantity":"1"},{"imprint_cost_recommended_selling_price":"2.355","imprint_cost_recommended_selling_quantity":"25"},{"imprint_cost_recommended_selling_price":"1.53","imprint_cost_recommended_selling_quantity":"50"},{"imprint_cost_recommended_selling_price":"1.245","imprint_cost_recommended_selling_quantity":"100"},{"imprint_cost_recommended_selling_price":"0.99","imprint_cost_recommended_selling_quantity":"250"},{"imprint_cost_recommended_selling_price":"0.84","imprint_cost_recommended_selling_quantity":"500"},{"imprint_cost_recommended_selling_price":"0.69","imprint_cost_recommended_selling_quantity":"1000"},{"imprint_cost_recommended_selling_price":"0.54","imprint_cost_recommended_selling_quantity":"2500"},{"imprint_cost_recommended_selling_price":"0.39","imprint_cost_recommended_selling_quantity":"5000"}],"product_quantity_price_range_buying":[{"imprint_cost_general_buying_price":"1.94","imprint_cost_general_buying_quantity":"1"},{"imprint_cost_general_buying_price":"1.57","imprint_cost_general_buying_quantity":"25"},{"imprint_cost_general_buying_price":"1.02","imprint_cost_general_buying_quantity":"50"},{"imprint_cost_general_buying_price":"0.83","imprint_cost_general_buying_quantity":"100"},{"imprint_cost_general_buying_price":"0.66","imprint_cost_general_buying_quantity":"250"},{"imprint_cost_general_buying_price":"0.56","imprint_cost_general_buying_quantity":"500"},{"imprint_cost_general_buying_price":"0.46","imprint_cost_general_buying_quantity":"1000"},{"imprint_cost_general_buying_price":"0.36","imprint_cost_general_buying_quantity":"2500"},{"imprint_cost_general_buying_price":"0.26","imprint_cost_general_buying_quantity":"5000"}],"imprint_cost_setup_costs":"45","imprint_cost_handling_costs":"0.12"}]},"aioseo_notices":[],"aioseo_head":"\n\t\t<!-- All in One SEO Pro 4.9.6.2 - aioseo.com -->\n\t<meta name=\"description\" content=\"Der iMould Coffee Mug Premium Small begleitet dich mit 250 ml bei deinem Kaffee to go: doppelwandig, wiederverwendbar &amp; sp\u00fclmaschinengeeignet, ideal f\u00fcr unterwegs. Hidalgo veredelt ihn mit deinem Logo per iMould in langlebigem Vollfarbdruck; w\u00e4hle Wei\u00df oder Schwarz.\" \/>\n\t<meta name=\"robots\" content=\"max-image-preview:large\" \/>\n\t<link rel=\"canonical\" href=\"https:\/\/hidalgo.nl\/de\/wp-json\/wp\/v2\/product\/841880\" \/>\n\t<meta name=\"generator\" content=\"All in One SEO Pro (AIOSEO) 4.9.6.2\" \/>\n\t\t<meta property=\"og:locale\" content=\"de_DE\" \/>\n\t\t<meta property=\"og:site_name\" content=\"Hidalgo -\" \/>\n\t\t<meta property=\"og:type\" content=\"article\" \/>\n\t\t<meta property=\"og:title\" content=\"iMould Coffee Mug Premium Small 250 ml koffiebeker\" \/>\n\t\t<meta property=\"og:description\" content=\"Der iMould Coffee Mug Premium Small begleitet dich mit 250 ml bei deinem Kaffee to go: doppelwandig, wiederverwendbar &amp; sp\u00fclmaschinengeeignet, ideal f\u00fcr unterwegs. Hidalgo veredelt ihn mit deinem Logo per iMould in langlebigem Vollfarbdruck; w\u00e4hle Wei\u00df oder Schwarz.\" \/>\n\t\t<meta property=\"og:url\" content=\"https:\/\/hidalgo.nl\/de\/wp-json\/wp\/v2\/product\/841880\" \/>\n\t\t<meta property=\"og:image\" content=\"https:\/\/shop.hidalgo.nl\/wp-content\/uploads\/2025\/11\/cropped-Hidalgo-est1993.png\" \/>\n\t\t<meta property=\"og:image:secure_url\" content=\"https:\/\/shop.hidalgo.nl\/wp-content\/uploads\/2025\/11\/cropped-Hidalgo-est1993.png\" \/>\n\t\t<meta property=\"article:published_time\" content=\"2026-02-12T15:57:09+00:00\" \/>\n\t\t<meta property=\"article:modified_time\" content=\"2026-02-26T07:35:44+00:00\" \/>\n\t\t<meta name=\"twitter:card\" content=\"summary_large_image\" \/>\n\t\t<meta name=\"twitter:title\" content=\"iMould Coffee Mug Premium Small 250 ml koffiebeker\" \/>\n\t\t<meta name=\"twitter:description\" content=\"Der iMould Coffee Mug Premium Small begleitet dich mit 250 ml bei deinem Kaffee to go: doppelwandig, wiederverwendbar &amp; sp\u00fclmaschinengeeignet, ideal f\u00fcr unterwegs. Hidalgo veredelt ihn mit deinem Logo per iMould in langlebigem Vollfarbdruck; w\u00e4hle Wei\u00df oder Schwarz.\" \/>\n\t\t<meta name=\"twitter:image\" content=\"https:\/\/shop.hidalgo.nl\/wp-content\/uploads\/2025\/11\/cropped-Hidalgo-est1993.png\" \/>\n\t\t<script type=\"application\/ld+json\" class=\"aioseo-schema\">\n\t\t\t{\"@context\":\"https:\\\/\\\/schema.org\",\"@graph\":[{\"@type\":\"BreadcrumbList\",\"@id\":\"https:\\\/\\\/hidalgo.nl\\\/de\\\/product\\\/imould-coffee-mug-premium-small-250-ml-koffiebeker\\\/#breadcrumblist\",\"itemListElement\":[{\"@type\":\"ListItem\",\"@id\":\"https:\\\/\\\/hidalgo.nl\\\/de\\\/#listItem\",\"position\":1,\"name\":\"Home\",\"item\":\"https:\\\/\\\/hidalgo.nl\\\/de\\\/\",\"nextItem\":{\"@type\":\"ListItem\",\"@id\":\"https:\\\/\\\/hidalgo.nl\\\/example\\\/#listItem\",\"name\":\"example\"}},{\"@type\":\"ListItem\",\"@id\":\"https:\\\/\\\/hidalgo.nl\\\/example\\\/#listItem\",\"position\":2,\"name\":\"example\",\"item\":\"https:\\\/\\\/hidalgo.nl\\\/example\\\/\",\"nextItem\":{\"@type\":\"ListItem\",\"@id\":\"https:\\\/\\\/hidalgo.nl\\\/en\\\/product-supplier\\\/a508\\\/#listItem\",\"name\":\"A508\"},\"previousItem\":{\"@type\":\"ListItem\",\"@id\":\"https:\\\/\\\/hidalgo.nl\\\/de\\\/#listItem\",\"name\":\"Home\"}},{\"@type\":\"ListItem\",\"@id\":\"https:\\\/\\\/hidalgo.nl\\\/en\\\/product-supplier\\\/a508\\\/#listItem\",\"position\":3,\"name\":\"A508\",\"item\":\"https:\\\/\\\/hidalgo.nl\\\/en\\\/product-supplier\\\/a508\\\/\",\"nextItem\":{\"@type\":\"ListItem\",\"@id\":\"https:\\\/\\\/hidalgo.nl\\\/de\\\/product\\\/imould-coffee-mug-premium-small-250-ml-koffiebeker\\\/#listItem\",\"name\":\"iMould Coffee Mug Premium Small 250 ml koffiebeker\"},\"previousItem\":{\"@type\":\"ListItem\",\"@id\":\"https:\\\/\\\/hidalgo.nl\\\/example\\\/#listItem\",\"name\":\"example\"}},{\"@type\":\"ListItem\",\"@id\":\"https:\\\/\\\/hidalgo.nl\\\/de\\\/product\\\/imould-coffee-mug-premium-small-250-ml-koffiebeker\\\/#listItem\",\"position\":4,\"name\":\"iMould Coffee Mug Premium Small 250 ml koffiebeker\",\"previousItem\":{\"@type\":\"ListItem\",\"@id\":\"https:\\\/\\\/hidalgo.nl\\\/en\\\/product-supplier\\\/a508\\\/#listItem\",\"name\":\"A508\"}}]},{\"@type\":\"Organization\",\"@id\":\"https:\\\/\\\/hidalgo.nl\\\/de\\\/#organization\",\"name\":\"Hidalgo\",\"url\":\"https:\\\/\\\/hidalgo.nl\\\/de\\\/\",\"logo\":{\"@type\":\"ImageObject\",\"url\":\"https:\\\/\\\/shop.hidalgo.nl\\\/wp-content\\\/uploads\\\/2025\\\/11\\\/cropped-Hidalgo-est1993.png\",\"@id\":\"https:\\\/\\\/hidalgo.nl\\\/de\\\/product\\\/imould-coffee-mug-premium-small-250-ml-koffiebeker\\\/#organizationLogo\",\"width\":585,\"height\":195},\"image\":{\"@id\":\"https:\\\/\\\/hidalgo.nl\\\/de\\\/product\\\/imould-coffee-mug-premium-small-250-ml-koffiebeker\\\/#organizationLogo\"}},{\"@type\":\"ProductGroup\",\"@id\":\"https:\\\/\\\/hidalgo.nl\\\/de\\\/product\\\/imould-coffee-mug-premium-small-250-ml-koffiebeker\\\/#wooCommerceProduct\",\"name\":\"iMould Coffee Mug Premium Small 250 ml koffiebeker\",\"url\":\"https:\\\/\\\/hidalgo.nl\\\/de\\\/product\\\/imould-coffee-mug-premium-small-250-ml-koffiebeker\\\/\",\"sku\":\"A508-0837\",\"image\":{\"@type\":\"ImageObject\",\"url\":\"https:\\\/\\\/shop.hidalgo.nl\\\/wp-content\\\/uploads\\\/2025\\\/04\\\/eaa33e0388301385e5da5fcf024295261013c4c4351b74985a24f304555d4b8f.jpg\",\"@id\":\"https:\\\/\\\/hidalgo.nl\\\/de\\\/product\\\/imould-coffee-mug-premium-small-250-ml-koffiebeker\\\/#productImage\"},\"productGroupID\":841880,\"hasVariant\":[{\"@type\":\"Product\",\"@id\":\"https:\\\/\\\/hidalgo.nl\\\/de\\\/product\\\/imould-coffee-mug-premium-small-250-ml-koffiebeker\\\/#wooCommerceProduct\",\"name\":\"iMould Coffee Mug Premium Small 250 ml koffiebeker - zwart\",\"url\":\"https:\\\/\\\/hidalgo.nl\\\/de\\\/product\\\/imould-coffee-mug-premium-small-250-ml-koffiebeker\\\/\",\"sku\":\"A508-083798\",\"image\":{\"@type\":\"ImageObject\",\"url\":\"https:\\\/\\\/shop.hidalgo.nl\\\/wp-content\\\/uploads\\\/2025\\\/04\\\/eaa33e0388301385e5da5fcf024295261013c4c4351b74985a24f304555d4b8f.jpg\",\"@id\":\"https:\\\/\\\/hidalgo.nl\\\/de\\\/product\\\/imould-coffee-mug-premium-small-250-ml-koffiebeker\\\/#productImage\"},\"offers\":{\"@type\":\"Offer\",\"url\":\"https:\\\/\\\/hidalgo.nl\\\/de\\\/product\\\/imould-coffee-mug-premium-small-250-ml-koffiebeker\\\/#wooCommerceOffer\",\"price\":\"5.235\",\"priceCurrency\":\"EUR\",\"category\":\"Bidons &amp; drinkflessen\",\"availability\":\"https:\\\/\\\/schema.org\\\/InStock\",\"priceSpecification\":{\"@type\":\"PriceSpecification\",\"price\":5.235,\"priceCurrency\":\"EUR\",\"valueAddedTaxIncluded\":\"true\"}}},{\"@type\":\"Product\",\"@id\":\"https:\\\/\\\/hidalgo.nl\\\/de\\\/product\\\/imould-coffee-mug-premium-small-250-ml-koffiebeker\\\/#wooCommerceProduct\",\"name\":\"iMould Coffee Mug Premium Small 250 ml koffiebeker - wit\",\"url\":\"https:\\\/\\\/hidalgo.nl\\\/de\\\/product\\\/imould-coffee-mug-premium-small-250-ml-koffiebeker\\\/\",\"sku\":\"A508-083710\",\"image\":{\"@type\":\"ImageObject\",\"url\":\"https:\\\/\\\/shop.hidalgo.nl\\\/wp-content\\\/uploads\\\/2025\\\/04\\\/e9a541350d869bbb9d7b7837c8af6de6174ff1a218d23d2d865123c3acf8b5e2.jpg\",\"@id\":\"https:\\\/\\\/hidalgo.nl\\\/de\\\/product\\\/imould-coffee-mug-premium-small-250-ml-koffiebeker\\\/#productImage\"},\"offers\":{\"@type\":\"Offer\",\"url\":\"https:\\\/\\\/hidalgo.nl\\\/de\\\/product\\\/imould-coffee-mug-premium-small-250-ml-koffiebeker\\\/#wooCommerceOffer\",\"price\":\"5.235\",\"priceCurrency\":\"EUR\",\"category\":\"Bidons &amp; drinkflessen\",\"availability\":\"https:\\\/\\\/schema.org\\\/InStock\",\"priceSpecification\":{\"@type\":\"PriceSpecification\",\"price\":5.235,\"priceCurrency\":\"EUR\",\"valueAddedTaxIncluded\":\"true\"}}}]},{\"@type\":\"WebPage\",\"@id\":\"https:\\\/\\\/hidalgo.nl\\\/de\\\/product\\\/imould-coffee-mug-premium-small-250-ml-koffiebeker\\\/#webpage\",\"url\":\"https:\\\/\\\/hidalgo.nl\\\/de\\\/product\\\/imould-coffee-mug-premium-small-250-ml-koffiebeker\\\/\",\"name\":\"iMould Coffee Mug Premium Small 250 ml koffiebeker\",\"description\":\"Der iMould Coffee Mug Premium Small begleitet dich mit 250 ml bei deinem Kaffee to go: doppelwandig, wiederverwendbar & sp\\u00fclmaschinengeeignet, ideal f\\u00fcr unterwegs. Hidalgo veredelt ihn mit deinem Logo per iMould in langlebigem Vollfarbdruck; w\\u00e4hle Wei\\u00df oder Schwarz.\",\"inLanguage\":\"de-DE\",\"isPartOf\":{\"@id\":\"https:\\\/\\\/hidalgo.nl\\\/de\\\/#website\"},\"breadcrumb\":{\"@id\":\"https:\\\/\\\/hidalgo.nl\\\/de\\\/product\\\/imould-coffee-mug-premium-small-250-ml-koffiebeker\\\/#breadcrumblist\"},\"image\":{\"@type\":\"ImageObject\",\"url\":\"https:\\\/\\\/shop.hidalgo.nl\\\/wp-content\\\/uploads\\\/2025\\\/04\\\/eaa33e0388301385e5da5fcf024295261013c4c4351b74985a24f304555d4b8f.jpg\",\"@id\":\"https:\\\/\\\/hidalgo.nl\\\/de\\\/product\\\/imould-coffee-mug-premium-small-250-ml-koffiebeker\\\/#mainImage\"},\"primaryImageOfPage\":{\"@id\":\"https:\\\/\\\/hidalgo.nl\\\/de\\\/product\\\/imould-coffee-mug-premium-small-250-ml-koffiebeker\\\/#mainImage\"},\"datePublished\":\"2026-02-12T15:57:09+00:00\",\"dateModified\":\"2026-02-26T07:35:44+00:00\"},{\"@type\":\"WebSite\",\"@id\":\"https:\\\/\\\/hidalgo.nl\\\/de\\\/#website\",\"url\":\"https:\\\/\\\/hidalgo.nl\\\/de\\\/\",\"name\":\"Hidalgo\",\"inLanguage\":\"de-DE\",\"publisher\":{\"@id\":\"https:\\\/\\\/hidalgo.nl\\\/de\\\/#organization\"}}]}\n\t\t<\/script>\n\t\t<!-- All in One SEO Pro -->\r\n\t\t<title>iMould Coffee Mug Premium Small 250 ml koffiebeker<\/title>\n\n","aioseo_head_json":{"title":"iMould Coffee Mug Premium Small 250 ml koffiebeker","description":"Der iMould Coffee Mug Premium Small begleitet dich mit 250 ml bei deinem Kaffee to go: doppelwandig, wiederverwendbar & sp\u00fclmaschinengeeignet, ideal f\u00fcr unterwegs. Hidalgo veredelt ihn mit deinem Logo per iMould in langlebigem Vollfarbdruck; w\u00e4hle Wei\u00df oder Schwarz.","canonical_url":"https:\/\/hidalgo.nl\/de\/wp-json\/wp\/v2\/product\/841880","robots":"max-image-preview:large","keywords":"","webmasterTools":{"miscellaneous":""},"schema":{"@context":"https:\/\/schema.org","@graph":[{"@type":"BreadcrumbList","@id":"https:\/\/hidalgo.nl\/de\/product\/imould-coffee-mug-premium-small-250-ml-koffiebeker\/#breadcrumblist","itemListElement":[{"@type":"ListItem","@id":"https:\/\/hidalgo.nl\/de\/#listItem","position":1,"name":"Home","item":"https:\/\/hidalgo.nl\/de\/","nextItem":{"@type":"ListItem","@id":"https:\/\/hidalgo.nl\/example\/#listItem","name":"example"}},{"@type":"ListItem","@id":"https:\/\/hidalgo.nl\/example\/#listItem","position":2,"name":"example","item":"https:\/\/hidalgo.nl\/example\/","nextItem":{"@type":"ListItem","@id":"https:\/\/hidalgo.nl\/en\/product-supplier\/a508\/#listItem","name":"A508"},"previousItem":{"@type":"ListItem","@id":"https:\/\/hidalgo.nl\/de\/#listItem","name":"Home"}},{"@type":"ListItem","@id":"https:\/\/hidalgo.nl\/en\/product-supplier\/a508\/#listItem","position":3,"name":"A508","item":"https:\/\/hidalgo.nl\/en\/product-supplier\/a508\/","nextItem":{"@type":"ListItem","@id":"https:\/\/hidalgo.nl\/de\/product\/imould-coffee-mug-premium-small-250-ml-koffiebeker\/#listItem","name":"iMould Coffee Mug Premium Small 250 ml koffiebeker"},"previousItem":{"@type":"ListItem","@id":"https:\/\/hidalgo.nl\/example\/#listItem","name":"example"}},{"@type":"ListItem","@id":"https:\/\/hidalgo.nl\/de\/product\/imould-coffee-mug-premium-small-250-ml-koffiebeker\/#listItem","position":4,"name":"iMould Coffee Mug Premium Small 250 ml koffiebeker","previousItem":{"@type":"ListItem","@id":"https:\/\/hidalgo.nl\/en\/product-supplier\/a508\/#listItem","name":"A508"}}]},{"@type":"Organization","@id":"https:\/\/hidalgo.nl\/de\/#organization","name":"Hidalgo","url":"https:\/\/hidalgo.nl\/de\/","logo":{"@type":"ImageObject","url":"https:\/\/shop.hidalgo.nl\/wp-content\/uploads\/2025\/11\/cropped-Hidalgo-est1993.png","@id":"https:\/\/hidalgo.nl\/de\/product\/imould-coffee-mug-premium-small-250-ml-koffiebeker\/#organizationLogo","width":585,"height":195},"image":{"@id":"https:\/\/hidalgo.nl\/de\/product\/imould-coffee-mug-premium-small-250-ml-koffiebeker\/#organizationLogo"}},{"@type":"ProductGroup","@id":"https:\/\/hidalgo.nl\/de\/product\/imould-coffee-mug-premium-small-250-ml-koffiebeker\/#wooCommerceProduct","name":"iMould Coffee Mug Premium Small 250 ml koffiebeker","url":"https:\/\/hidalgo.nl\/de\/product\/imould-coffee-mug-premium-small-250-ml-koffiebeker\/","sku":"A508-0837","image":{"@type":"ImageObject","url":"https:\/\/shop.hidalgo.nl\/wp-content\/uploads\/2025\/04\/eaa33e0388301385e5da5fcf024295261013c4c4351b74985a24f304555d4b8f.jpg","@id":"https:\/\/hidalgo.nl\/de\/product\/imould-coffee-mug-premium-small-250-ml-koffiebeker\/#productImage"},"productGroupID":841880,"hasVariant":[{"@type":"Product","@id":"https:\/\/hidalgo.nl\/de\/product\/imould-coffee-mug-premium-small-250-ml-koffiebeker\/#wooCommerceProduct","name":"iMould Coffee Mug Premium Small 250 ml koffiebeker - zwart","url":"https:\/\/hidalgo.nl\/de\/product\/imould-coffee-mug-premium-small-250-ml-koffiebeker\/","sku":"A508-083798","image":{"@type":"ImageObject","url":"https:\/\/shop.hidalgo.nl\/wp-content\/uploads\/2025\/04\/eaa33e0388301385e5da5fcf024295261013c4c4351b74985a24f304555d4b8f.jpg","@id":"https:\/\/hidalgo.nl\/de\/product\/imould-coffee-mug-premium-small-250-ml-koffiebeker\/#productImage"},"offers":{"@type":"Offer","url":"https:\/\/hidalgo.nl\/de\/product\/imould-coffee-mug-premium-small-250-ml-koffiebeker\/#wooCommerceOffer","price":"5.235","priceCurrency":"EUR","category":"Bidons &amp; drinkflessen","availability":"https:\/\/schema.org\/InStock","priceSpecification":{"@type":"PriceSpecification","price":5.235,"priceCurrency":"EUR","valueAddedTaxIncluded":"true"}}},{"@type":"Product","@id":"https:\/\/hidalgo.nl\/de\/product\/imould-coffee-mug-premium-small-250-ml-koffiebeker\/#wooCommerceProduct","name":"iMould Coffee Mug Premium Small 250 ml koffiebeker - wit","url":"https:\/\/hidalgo.nl\/de\/product\/imould-coffee-mug-premium-small-250-ml-koffiebeker\/","sku":"A508-083710","image":{"@type":"ImageObject","url":"https:\/\/shop.hidalgo.nl\/wp-content\/uploads\/2025\/04\/e9a541350d869bbb9d7b7837c8af6de6174ff1a218d23d2d865123c3acf8b5e2.jpg","@id":"https:\/\/hidalgo.nl\/de\/product\/imould-coffee-mug-premium-small-250-ml-koffiebeker\/#productImage"},"offers":{"@type":"Offer","url":"https:\/\/hidalgo.nl\/de\/product\/imould-coffee-mug-premium-small-250-ml-koffiebeker\/#wooCommerceOffer","price":"5.235","priceCurrency":"EUR","category":"Bidons &amp; drinkflessen","availability":"https:\/\/schema.org\/InStock","priceSpecification":{"@type":"PriceSpecification","price":5.235,"priceCurrency":"EUR","valueAddedTaxIncluded":"true"}}}]},{"@type":"WebPage","@id":"https:\/\/hidalgo.nl\/de\/product\/imould-coffee-mug-premium-small-250-ml-koffiebeker\/#webpage","url":"https:\/\/hidalgo.nl\/de\/product\/imould-coffee-mug-premium-small-250-ml-koffiebeker\/","name":"iMould Coffee Mug Premium Small 250 ml koffiebeker","description":"Der iMould Coffee Mug Premium Small begleitet dich mit 250 ml bei deinem Kaffee to go: doppelwandig, wiederverwendbar & sp\u00fclmaschinengeeignet, ideal f\u00fcr unterwegs. Hidalgo veredelt ihn mit deinem Logo per iMould in langlebigem Vollfarbdruck; w\u00e4hle Wei\u00df oder Schwarz.","inLanguage":"de-DE","isPartOf":{"@id":"https:\/\/hidalgo.nl\/de\/#website"},"breadcrumb":{"@id":"https:\/\/hidalgo.nl\/de\/product\/imould-coffee-mug-premium-small-250-ml-koffiebeker\/#breadcrumblist"},"image":{"@type":"ImageObject","url":"https:\/\/shop.hidalgo.nl\/wp-content\/uploads\/2025\/04\/eaa33e0388301385e5da5fcf024295261013c4c4351b74985a24f304555d4b8f.jpg","@id":"https:\/\/hidalgo.nl\/de\/product\/imould-coffee-mug-premium-small-250-ml-koffiebeker\/#mainImage"},"primaryImageOfPage":{"@id":"https:\/\/hidalgo.nl\/de\/product\/imould-coffee-mug-premium-small-250-ml-koffiebeker\/#mainImage"},"datePublished":"2026-02-12T15:57:09+00:00","dateModified":"2026-02-26T07:35:44+00:00"},{"@type":"WebSite","@id":"https:\/\/hidalgo.nl\/de\/#website","url":"https:\/\/hidalgo.nl\/de\/","name":"Hidalgo","inLanguage":"de-DE","publisher":{"@id":"https:\/\/hidalgo.nl\/de\/#organization"}}]},"og:locale":"de_DE","og:site_name":"Hidalgo -","og:type":"article","og:title":"iMould Coffee Mug Premium Small 250 ml koffiebeker","og:description":"Der iMould Coffee Mug Premium Small begleitet dich mit 250 ml bei deinem Kaffee to go: doppelwandig, wiederverwendbar &amp; sp\u00fclmaschinengeeignet, ideal f\u00fcr unterwegs. Hidalgo veredelt ihn mit deinem Logo per iMould in langlebigem Vollfarbdruck; w\u00e4hle Wei\u00df oder Schwarz.","og:url":"https:\/\/hidalgo.nl\/de\/wp-json\/wp\/v2\/product\/841880","og:image":"https:\/\/shop.hidalgo.nl\/wp-content\/uploads\/2025\/11\/cropped-Hidalgo-est1993.png","og:image:secure_url":"https:\/\/shop.hidalgo.nl\/wp-content\/uploads\/2025\/11\/cropped-Hidalgo-est1993.png","article:published_time":"2026-02-12T15:57:09+00:00","article:modified_time":"2026-02-26T07:35:44+00:00","twitter:card":"summary_large_image","twitter:title":"iMould Coffee Mug Premium Small 250 ml koffiebeker","twitter:description":"Der iMould Coffee Mug Premium Small begleitet dich mit 250 ml bei deinem Kaffee to go: doppelwandig, wiederverwendbar &amp; sp\u00fclmaschinengeeignet, ideal f\u00fcr unterwegs. Hidalgo veredelt ihn mit deinem Logo per iMould in langlebigem Vollfarbdruck; w\u00e4hle Wei\u00df oder Schwarz.","twitter:image":"https:\/\/shop.hidalgo.nl\/wp-content\/uploads\/2025\/11\/cropped-Hidalgo-est1993.png"},"aioseo_meta_data":{"post_id":"841880","title":null,"description":null,"keywords":null,"keyphrases":null,"primary_term":null,"canonical_url":null,"og_title":null,"og_description":null,"og_object_type":"default","og_image_type":"default","og_image_url":null,"og_image_width":null,"og_image_height":null,"og_image_custom_url":null,"og_image_custom_fields":null,"og_video":null,"og_custom_url":null,"og_article_section":null,"og_article_tags":null,"twitter_use_og":false,"twitter_card":"default","twitter_image_type":"default","twitter_image_url":null,"twitter_image_custom_url":null,"twitter_image_custom_fields":null,"twitter_title":null,"twitter_description":null,"schema":{"blockGraphs":[],"customGraphs":[],"default":{"data":{"Article":[],"Course":[],"Dataset":[],"FAQPage":[],"Movie":[],"Person":[],"Product":[],"ProductReview":[],"Car":[],"Recipe":[],"Service":[],"SoftwareApplication":[],"WebPage":[]},"graphName":"","isEnabled":true},"graphs":[]},"schema_type":"default","schema_type_options":null,"pillar_content":false,"robots_default":true,"robots_noindex":false,"robots_noarchive":false,"robots_nosnippet":false,"robots_nofollow":false,"robots_noimageindex":false,"robots_noodp":false,"robots_notranslate":false,"robots_max_snippet":null,"robots_max_videopreview":null,"robots_max_imagepreview":"large","priority":null,"frequency":null,"local_seo":null,"seo_analyzer_scan_date":"2026-02-13 08:21:59","breadcrumb_settings":null,"limit_modified_date":false,"reviewed_by":null,"open_ai":null,"ai":null,"created":"2026-02-12 16:02:58","updated":"2026-04-23 11:37:01"},"aioseo_breadcrumb":"<div class=\"aioseo-breadcrumbs\"><span class=\"aioseo-breadcrumb\">\n\t<a href=\"https:\/\/hidalgo.nl\/de\/\" title=\"Home\">Home<\/a>\n<\/span><span class=\"aioseo-breadcrumb-separator\">\u00bb<\/span><span class=\"aioseo-breadcrumb\">\n\t<a href=\"https:\/\/hidalgo.nl\/example\/\" title=\"example\">example<\/a>\n<\/span><span class=\"aioseo-breadcrumb-separator\">\u00bb<\/span><span class=\"aioseo-breadcrumb\">\n\t<a href=\"https:\/\/hidalgo.nl\/en\/product-supplier\/a508\/\" title=\"A508\">A508<\/a>\n<\/span><span class=\"aioseo-breadcrumb-separator\">\u00bb<\/span><span class=\"aioseo-breadcrumb\">\n\tiMould Coffee Mug Premium Small 250 ml koffiebeker\n<\/span><\/div>","aioseo_breadcrumb_json":[{"label":"Home","link":"https:\/\/hidalgo.nl\/de\/"},{"label":"example","link":"https:\/\/hidalgo.nl\/example\/"},{"label":"A508","link":"https:\/\/hidalgo.nl\/en\/product-supplier\/a508\/"},{"label":"iMould Coffee Mug Premium Small 250 ml koffiebeker","link":"https:\/\/hidalgo.nl\/de\/product\/imould-coffee-mug-premium-small-250-ml-koffiebeker\/"}],"_links":{"self":[{"href":"https:\/\/hidalgo.nl\/de\/wp-json\/wp\/v2\/product\/841880","targetHints":{"allow":["GET"]}}],"collection":[{"href":"https:\/\/hidalgo.nl\/de\/wp-json\/wp\/v2\/product"}],"about":[{"href":"https:\/\/hidalgo.nl\/de\/wp-json\/wp\/v2\/types\/product"}],"wp:featuredmedia":[{"embeddable":true,"href":"https:\/\/hidalgo.nl\/de\/wp-json\/wp\/v2\/media\/841881"}],"wp:attachment":[{"href":"https:\/\/hidalgo.nl\/de\/wp-json\/wp\/v2\/media?parent=841880"}],"wp:term":[{"taxonomy":"product_brand","embeddable":true,"href":"https:\/\/hidalgo.nl\/de\/wp-json\/wp\/v2\/product_brand?post=841880"},{"taxonomy":"product_cat","embeddable":true,"href":"https:\/\/hidalgo.nl\/de\/wp-json\/wp\/v2\/product_cat?post=841880"},{"taxonomy":"product_tag","embeddable":true,"href":"https:\/\/hidalgo.nl\/de\/wp-json\/wp\/v2\/product_tag?post=841880"}],"curies":[{"name":"wp","href":"https:\/\/api.w.org\/{rel}","templated":true}]}}