{"id":84159,"date":"2025-07-07T02:04:46","date_gmt":"2025-07-07T02:04:46","guid":{"rendered":"http:\/\/bidonsenshakers.pim.hidalgo.nl\/product\/kp916-pet-van-gerecycled-katoen-5-panelen\/"},"modified":"2026-03-22T07:10:40","modified_gmt":"2026-03-22T07:10:40","slug":"kp916-pet-van-gerecycled-katoen-5-panelen","status":"publish","type":"product","link":"https:\/\/hidalgo.nl\/de\/product\/84159\/cap-bedrucken-kp916-recycling-baumwolle-5-panel-one-size\/","title":{"rendered":"KP916 &#8211; Pet van gerecycled katoen &#8211; 5 panelen"},"content":{"rendered":"<p>100% katoen. Pet met 5 panelen bestaande uit 60% gerecycled katoen pr\u00e9-consumer en 40% zuiver katoen. Verstelbare sluiting met metalen gesp.<\/p>\n","protected":false},"excerpt":{"rendered":"<p>100% katoen. Pet met 5 panelen bestaande uit 60% gerecycled katoen pr\u00e9-consumer en 40% zuiver katoen. Verstelbare sluiting met metalen gesp.<\/p>\n","protected":false},"featured_media":84162,"template":"","meta":{"_acf_changed":false,"om_disable_all_campaigns":false,"_monsterinsights_skip_tracking":false,"_monsterinsights_sitenote_active":false,"_monsterinsights_sitenote_note":"","_monsterinsights_sitenote_category":0},"product_brand":[1250],"product_cat":[4716,4849,4746],"product_tag":[],"class_list":{"0":"post-84159","1":"product","2":"type-product","3":"status-publish","4":"has-post-thumbnail","6":"product_supplier-a403","7":"product_brand-k-up","8":"product_cat-kleding","9":"product_cat-kleding-petten-mutsen-en-hoeden-petten","10":"product_cat-kleding-petten-mutsen-en-hoeden","11":"entry","13":"first","14":"instock","15":"taxable","16":"shipping-taxable","17":"purchasable","18":"product-type-variable"},"acf":{"imprint_cost":[{"imprint_cost_key":"33483b79de35c41f6a5968127e3727b83ce2fe0b","product_quantity_price_range":[{"imprint_cost_recommended_selling_price":"0","imprint_cost_recommended_selling_quantity":"1"}],"product_quantity_price_range_buying":false,"imprint_cost_setup_costs":"","imprint_cost_handling_costs":""}]},"aioseo_notices":[],"aioseo_head":"\n\t\t<!-- All in One SEO Pro 4.9.6.2 - aioseo.com -->\n\t<meta name=\"description\" content=\"Setze dein Branding auf der KP916 aus recycelter Baumwolle um: Caps mit Logo und 5 Panel Cap bedrucken, wahlweise Navy, Black oder White. Einheitsgr\u00f6\u00dfe One Size mit verstellbarer Metallschlie\u00dfe &amp; gro\u00dfer Druckfl\u00e4che; wir bringen dein Design pr\u00e4zise auf die Kappe, ideal f\u00fcr Events und Firmen.\" \/>\n\t<meta name=\"robots\" content=\"max-image-preview:large\" \/>\n\t<link rel=\"canonical\" href=\"https:\/\/hidalgo.nl\/de\/wp-json\/wp\/v2\/product\/84159\" \/>\n\t<meta name=\"generator\" content=\"All in One SEO Pro (AIOSEO) 4.9.6.2\" \/>\n\t\t<meta property=\"og:locale\" content=\"de_DE\" \/>\n\t\t<meta property=\"og:site_name\" content=\"Hidalgo -\" \/>\n\t\t<meta property=\"og:type\" content=\"article\" \/>\n\t\t<meta property=\"og:title\" content=\"Cap bedrucken KP916 Recycling-Baumwolle 5-Panel One-size\" \/>\n\t\t<meta property=\"og:description\" content=\"Setze dein Branding auf der KP916 aus recycelter Baumwolle um: Caps mit Logo und 5 Panel Cap bedrucken, wahlweise Navy, Black oder White. Einheitsgr\u00f6\u00dfe One Size mit verstellbarer Metallschlie\u00dfe &amp; gro\u00dfer Druckfl\u00e4che; wir bringen dein Design pr\u00e4zise auf die Kappe, ideal f\u00fcr Events und Firmen.\" \/>\n\t\t<meta property=\"og:url\" content=\"https:\/\/hidalgo.nl\/de\/wp-json\/wp\/v2\/product\/84159\" \/>\n\t\t<meta property=\"og:image\" content=\"https:\/\/shop.hidalgo.nl\/wp-content\/uploads\/2025\/11\/cropped-Hidalgo-est1993.png\" \/>\n\t\t<meta property=\"og:image:secure_url\" content=\"https:\/\/shop.hidalgo.nl\/wp-content\/uploads\/2025\/11\/cropped-Hidalgo-est1993.png\" \/>\n\t\t<meta property=\"article:published_time\" content=\"2025-07-07T02:04:46+00:00\" \/>\n\t\t<meta property=\"article:modified_time\" content=\"2026-03-22T07:10:40+00:00\" \/>\n\t\t<meta name=\"twitter:card\" content=\"summary_large_image\" \/>\n\t\t<meta name=\"twitter:title\" content=\"Cap bedrucken KP916 Recycling-Baumwolle 5-Panel One-size\" \/>\n\t\t<meta name=\"twitter:description\" content=\"Setze dein Branding auf der KP916 aus recycelter Baumwolle um: Caps mit Logo und 5 Panel Cap bedrucken, wahlweise Navy, Black oder White. Einheitsgr\u00f6\u00dfe One Size mit verstellbarer Metallschlie\u00dfe &amp; gro\u00dfer Druckfl\u00e4che; wir bringen dein Design pr\u00e4zise auf die Kappe, ideal f\u00fcr Events und Firmen.\" \/>\n\t\t<meta name=\"twitter:image\" content=\"https:\/\/shop.hidalgo.nl\/wp-content\/uploads\/2025\/11\/cropped-Hidalgo-est1993.png\" \/>\n\t\t<script type=\"application\/ld+json\" class=\"aioseo-schema\">\n\t\t\t{\"@context\":\"https:\\\/\\\/schema.org\",\"@graph\":[{\"@type\":\"BreadcrumbList\",\"@id\":\"https:\\\/\\\/hidalgo.nl\\\/de\\\/product\\\/84159\\\/cap-bedrucken-kp916-recycling-baumwolle-5-panel-one-size\\\/#breadcrumblist\",\"itemListElement\":[{\"@type\":\"ListItem\",\"@id\":\"https:\\\/\\\/hidalgo.nl\\\/de\\\/#listItem\",\"position\":1,\"name\":\"Home\",\"item\":\"https:\\\/\\\/hidalgo.nl\\\/de\\\/\",\"nextItem\":{\"@type\":\"ListItem\",\"@id\":\"https:\\\/\\\/hidalgo.nl\\\/example\\\/#listItem\",\"name\":\"example\"}},{\"@type\":\"ListItem\",\"@id\":\"https:\\\/\\\/hidalgo.nl\\\/example\\\/#listItem\",\"position\":2,\"name\":\"example\",\"item\":\"https:\\\/\\\/hidalgo.nl\\\/example\\\/\",\"nextItem\":{\"@type\":\"ListItem\",\"@id\":\"https:\\\/\\\/hidalgo.nl\\\/en\\\/product-supplier\\\/a403\\\/#listItem\",\"name\":\"A403\"},\"previousItem\":{\"@type\":\"ListItem\",\"@id\":\"https:\\\/\\\/hidalgo.nl\\\/de\\\/#listItem\",\"name\":\"Home\"}},{\"@type\":\"ListItem\",\"@id\":\"https:\\\/\\\/hidalgo.nl\\\/en\\\/product-supplier\\\/a403\\\/#listItem\",\"position\":3,\"name\":\"A403\",\"item\":\"https:\\\/\\\/hidalgo.nl\\\/en\\\/product-supplier\\\/a403\\\/\",\"nextItem\":{\"@type\":\"ListItem\",\"@id\":\"https:\\\/\\\/hidalgo.nl\\\/de\\\/product\\\/84159\\\/cap-bedrucken-kp916-recycling-baumwolle-5-panel-one-size\\\/#listItem\",\"name\":\"KP916 &#8211; Pet van gerecycled katoen &#8211; 5 panelen\"},\"previousItem\":{\"@type\":\"ListItem\",\"@id\":\"https:\\\/\\\/hidalgo.nl\\\/example\\\/#listItem\",\"name\":\"example\"}},{\"@type\":\"ListItem\",\"@id\":\"https:\\\/\\\/hidalgo.nl\\\/de\\\/product\\\/84159\\\/cap-bedrucken-kp916-recycling-baumwolle-5-panel-one-size\\\/#listItem\",\"position\":4,\"name\":\"KP916 &#8211; Pet van gerecycled katoen &#8211; 5 panelen\",\"previousItem\":{\"@type\":\"ListItem\",\"@id\":\"https:\\\/\\\/hidalgo.nl\\\/en\\\/product-supplier\\\/a403\\\/#listItem\",\"name\":\"A403\"}}]},{\"@type\":\"Organization\",\"@id\":\"https:\\\/\\\/hidalgo.nl\\\/de\\\/#organization\",\"name\":\"Hidalgo\",\"url\":\"https:\\\/\\\/hidalgo.nl\\\/de\\\/\",\"logo\":{\"@type\":\"ImageObject\",\"url\":\"https:\\\/\\\/shop.hidalgo.nl\\\/wp-content\\\/uploads\\\/2025\\\/11\\\/cropped-Hidalgo-est1993.png\",\"@id\":\"https:\\\/\\\/hidalgo.nl\\\/de\\\/product\\\/84159\\\/cap-bedrucken-kp916-recycling-baumwolle-5-panel-one-size\\\/#organizationLogo\",\"width\":585,\"height\":195},\"image\":{\"@id\":\"https:\\\/\\\/hidalgo.nl\\\/de\\\/product\\\/84159\\\/cap-bedrucken-kp916-recycling-baumwolle-5-panel-one-size\\\/#organizationLogo\"}},{\"@type\":\"ProductGroup\",\"@id\":\"https:\\\/\\\/hidalgo.nl\\\/de\\\/product\\\/84159\\\/cap-bedrucken-kp916-recycling-baumwolle-5-panel-one-size\\\/#wooCommerceProduct\",\"name\":\"Cap bedrucken KP916 Recycling-Baumwolle 5-Panel One-size\",\"url\":\"https:\\\/\\\/hidalgo.nl\\\/de\\\/product\\\/84159\\\/cap-bedrucken-kp916-recycling-baumwolle-5-panel-one-size\\\/\",\"brand\":{\"@type\":\"Brand\",\"name\":\"K-up\"},\"sku\":\"A403-KP916\",\"image\":{\"@type\":\"ImageObject\",\"url\":\"https:\\\/\\\/shop.hidalgo.nl\\\/wp-content\\\/uploads\\\/2025\\\/07\\\/91fec2bbcc84f4de140d01460c40ce8196e4ef76ed8d3647d5bf54e14e2c4ca9.png\",\"@id\":\"https:\\\/\\\/hidalgo.nl\\\/de\\\/product\\\/84159\\\/cap-bedrucken-kp916-recycling-baumwolle-5-panel-one-size\\\/#productImage\",\"width\":1000,\"height\":934},\"productGroupID\":84159,\"hasVariant\":[{\"@type\":\"Product\",\"@id\":\"https:\\\/\\\/hidalgo.nl\\\/de\\\/product\\\/84159\\\/cap-bedrucken-kp916-recycling-baumwolle-5-panel-one-size\\\/#wooCommerceProduct\",\"name\":\"KP916 - Pet van gerecycled katoen - 5 panelen - , black\",\"url\":\"https:\\\/\\\/hidalgo.nl\\\/de\\\/product\\\/84159\\\/cap-bedrucken-kp916-recycling-baumwolle-5-panel-one-size\\\/\",\"sku\":\"A403-KP916_68475_68474\",\"gtin\":\"3663639098410\",\"image\":{\"@type\":\"ImageObject\",\"url\":\"https:\\\/\\\/shop.hidalgo.nl\\\/wp-content\\\/uploads\\\/2025\\\/07\\\/91fec2bbcc84f4de140d01460c40ce8196e4ef76ed8d3647d5bf54e14e2c4ca9.png\",\"@id\":\"https:\\\/\\\/hidalgo.nl\\\/de\\\/product\\\/84159\\\/cap-bedrucken-kp916-recycling-baumwolle-5-panel-one-size\\\/#productImage\",\"width\":1000,\"height\":934},\"offers\":{\"@type\":\"Offer\",\"url\":\"https:\\\/\\\/hidalgo.nl\\\/de\\\/product\\\/84159\\\/cap-bedrucken-kp916-recycling-baumwolle-5-panel-one-size\\\/#wooCommerceOffer\",\"price\":\"5.5\",\"priceCurrency\":\"EUR\",\"category\":\"Kleding\",\"availability\":\"https:\\\/\\\/schema.org\\\/InStock\",\"priceSpecification\":{\"@type\":\"PriceSpecification\",\"price\":5.5,\"priceCurrency\":\"EUR\",\"valueAddedTaxIncluded\":\"true\"}}},{\"@type\":\"Product\",\"@id\":\"https:\\\/\\\/hidalgo.nl\\\/de\\\/product\\\/84159\\\/cap-bedrucken-kp916-recycling-baumwolle-5-panel-one-size\\\/#wooCommerceProduct\",\"name\":\"KP916 - Pet van gerecycled katoen - 5 panelen - , navy\",\"url\":\"https:\\\/\\\/hidalgo.nl\\\/de\\\/product\\\/84159\\\/cap-bedrucken-kp916-recycling-baumwolle-5-panel-one-size\\\/\",\"sku\":\"A403-KP916_68476_68474\",\"gtin\":\"3663639098427\",\"image\":{\"@type\":\"ImageObject\",\"url\":\"https:\\\/\\\/shop.hidalgo.nl\\\/wp-content\\\/uploads\\\/2025\\\/07\\\/cfcc9d4d20efd91146ac5e508faee3fd209912bfb2a7270897193660d74680d6.png\",\"@id\":\"https:\\\/\\\/hidalgo.nl\\\/de\\\/product\\\/84159\\\/cap-bedrucken-kp916-recycling-baumwolle-5-panel-one-size\\\/#productImage\",\"width\":1000,\"height\":934},\"offers\":{\"@type\":\"Offer\",\"url\":\"https:\\\/\\\/hidalgo.nl\\\/de\\\/product\\\/84159\\\/cap-bedrucken-kp916-recycling-baumwolle-5-panel-one-size\\\/#wooCommerceOffer\",\"price\":\"5.5\",\"priceCurrency\":\"EUR\",\"category\":\"Kleding\",\"availability\":\"https:\\\/\\\/schema.org\\\/InStock\",\"priceSpecification\":{\"@type\":\"PriceSpecification\",\"price\":5.5,\"priceCurrency\":\"EUR\",\"valueAddedTaxIncluded\":\"true\"}}},{\"@type\":\"Product\",\"@id\":\"https:\\\/\\\/hidalgo.nl\\\/de\\\/product\\\/84159\\\/cap-bedrucken-kp916-recycling-baumwolle-5-panel-one-size\\\/#wooCommerceProduct\",\"name\":\"KP916 - Pet van gerecycled katoen - 5 panelen - , white\",\"url\":\"https:\\\/\\\/hidalgo.nl\\\/de\\\/product\\\/84159\\\/cap-bedrucken-kp916-recycling-baumwolle-5-panel-one-size\\\/\",\"sku\":\"A403-KP916_68477_68474\",\"gtin\":\"3663639098434\",\"image\":{\"@type\":\"ImageObject\",\"url\":\"https:\\\/\\\/shop.hidalgo.nl\\\/wp-content\\\/uploads\\\/2025\\\/07\\\/762b4e3b723a3185fab282030b28b365d40eb0dd4c44d18b0865e65cbade54c3.png\",\"@id\":\"https:\\\/\\\/hidalgo.nl\\\/de\\\/product\\\/84159\\\/cap-bedrucken-kp916-recycling-baumwolle-5-panel-one-size\\\/#productImage\",\"width\":1000,\"height\":934},\"offers\":{\"@type\":\"Offer\",\"url\":\"https:\\\/\\\/hidalgo.nl\\\/de\\\/product\\\/84159\\\/cap-bedrucken-kp916-recycling-baumwolle-5-panel-one-size\\\/#wooCommerceOffer\",\"price\":\"5.5\",\"priceCurrency\":\"EUR\",\"category\":\"Kleding\",\"availability\":\"https:\\\/\\\/schema.org\\\/InStock\",\"priceSpecification\":{\"@type\":\"PriceSpecification\",\"price\":5.5,\"priceCurrency\":\"EUR\",\"valueAddedTaxIncluded\":\"true\"}}}]},{\"@type\":\"WebPage\",\"@id\":\"https:\\\/\\\/hidalgo.nl\\\/de\\\/product\\\/84159\\\/cap-bedrucken-kp916-recycling-baumwolle-5-panel-one-size\\\/#webpage\",\"url\":\"https:\\\/\\\/hidalgo.nl\\\/de\\\/product\\\/84159\\\/cap-bedrucken-kp916-recycling-baumwolle-5-panel-one-size\\\/\",\"name\":\"Cap bedrucken KP916 Recycling-Baumwolle 5-Panel One-size\",\"description\":\"Setze dein Branding auf der KP916 aus recycelter Baumwolle um: Caps mit Logo und 5 Panel Cap bedrucken, wahlweise Navy, Black oder White. Einheitsgr\\u00f6\\u00dfe One Size mit verstellbarer Metallschlie\\u00dfe & gro\\u00dfer Druckfl\\u00e4che; wir bringen dein Design pr\\u00e4zise auf die Kappe, ideal f\\u00fcr Events und Firmen.\",\"inLanguage\":\"de-DE\",\"isPartOf\":{\"@id\":\"https:\\\/\\\/hidalgo.nl\\\/de\\\/#website\"},\"breadcrumb\":{\"@id\":\"https:\\\/\\\/hidalgo.nl\\\/de\\\/product\\\/84159\\\/cap-bedrucken-kp916-recycling-baumwolle-5-panel-one-size\\\/#breadcrumblist\"},\"image\":{\"@type\":\"ImageObject\",\"url\":\"https:\\\/\\\/shop.hidalgo.nl\\\/wp-content\\\/uploads\\\/2025\\\/07\\\/91fec2bbcc84f4de140d01460c40ce8196e4ef76ed8d3647d5bf54e14e2c4ca9.png\",\"@id\":\"https:\\\/\\\/hidalgo.nl\\\/de\\\/product\\\/84159\\\/cap-bedrucken-kp916-recycling-baumwolle-5-panel-one-size\\\/#mainImage\",\"width\":1000,\"height\":934},\"primaryImageOfPage\":{\"@id\":\"https:\\\/\\\/hidalgo.nl\\\/de\\\/product\\\/84159\\\/cap-bedrucken-kp916-recycling-baumwolle-5-panel-one-size\\\/#mainImage\"},\"datePublished\":\"2025-07-07T02:04:46+00:00\",\"dateModified\":\"2026-03-22T07:10:40+00:00\"},{\"@type\":\"WebSite\",\"@id\":\"https:\\\/\\\/hidalgo.nl\\\/de\\\/#website\",\"url\":\"https:\\\/\\\/hidalgo.nl\\\/de\\\/\",\"name\":\"Hidalgo\",\"inLanguage\":\"de-DE\",\"publisher\":{\"@id\":\"https:\\\/\\\/hidalgo.nl\\\/de\\\/#organization\"}}]}\n\t\t<\/script>\n\t\t<!-- All in One SEO Pro -->\r\n\t\t<title>Cap bedrucken KP916 Recycling-Baumwolle 5-Panel One-size<\/title>\n\n","aioseo_head_json":{"title":"Cap bedrucken KP916 Recycling-Baumwolle 5-Panel One-size","description":"Setze dein Branding auf der KP916 aus recycelter Baumwolle um: Caps mit Logo und 5 Panel Cap bedrucken, wahlweise Navy, Black oder White. Einheitsgr\u00f6\u00dfe One Size mit verstellbarer Metallschlie\u00dfe & gro\u00dfer Druckfl\u00e4che; wir bringen dein Design pr\u00e4zise auf die Kappe, ideal f\u00fcr Events und Firmen.","canonical_url":"https:\/\/hidalgo.nl\/de\/wp-json\/wp\/v2\/product\/84159","robots":"max-image-preview:large","keywords":"","webmasterTools":{"miscellaneous":""},"schema":{"@context":"https:\/\/schema.org","@graph":[{"@type":"BreadcrumbList","@id":"https:\/\/hidalgo.nl\/de\/product\/84159\/cap-bedrucken-kp916-recycling-baumwolle-5-panel-one-size\/#breadcrumblist","itemListElement":[{"@type":"ListItem","@id":"https:\/\/hidalgo.nl\/de\/#listItem","position":1,"name":"Home","item":"https:\/\/hidalgo.nl\/de\/","nextItem":{"@type":"ListItem","@id":"https:\/\/hidalgo.nl\/example\/#listItem","name":"example"}},{"@type":"ListItem","@id":"https:\/\/hidalgo.nl\/example\/#listItem","position":2,"name":"example","item":"https:\/\/hidalgo.nl\/example\/","nextItem":{"@type":"ListItem","@id":"https:\/\/hidalgo.nl\/en\/product-supplier\/a403\/#listItem","name":"A403"},"previousItem":{"@type":"ListItem","@id":"https:\/\/hidalgo.nl\/de\/#listItem","name":"Home"}},{"@type":"ListItem","@id":"https:\/\/hidalgo.nl\/en\/product-supplier\/a403\/#listItem","position":3,"name":"A403","item":"https:\/\/hidalgo.nl\/en\/product-supplier\/a403\/","nextItem":{"@type":"ListItem","@id":"https:\/\/hidalgo.nl\/de\/product\/84159\/cap-bedrucken-kp916-recycling-baumwolle-5-panel-one-size\/#listItem","name":"KP916 &#8211; Pet van gerecycled katoen &#8211; 5 panelen"},"previousItem":{"@type":"ListItem","@id":"https:\/\/hidalgo.nl\/example\/#listItem","name":"example"}},{"@type":"ListItem","@id":"https:\/\/hidalgo.nl\/de\/product\/84159\/cap-bedrucken-kp916-recycling-baumwolle-5-panel-one-size\/#listItem","position":4,"name":"KP916 &#8211; Pet van gerecycled katoen &#8211; 5 panelen","previousItem":{"@type":"ListItem","@id":"https:\/\/hidalgo.nl\/en\/product-supplier\/a403\/#listItem","name":"A403"}}]},{"@type":"Organization","@id":"https:\/\/hidalgo.nl\/de\/#organization","name":"Hidalgo","url":"https:\/\/hidalgo.nl\/de\/","logo":{"@type":"ImageObject","url":"https:\/\/shop.hidalgo.nl\/wp-content\/uploads\/2025\/11\/cropped-Hidalgo-est1993.png","@id":"https:\/\/hidalgo.nl\/de\/product\/84159\/cap-bedrucken-kp916-recycling-baumwolle-5-panel-one-size\/#organizationLogo","width":585,"height":195},"image":{"@id":"https:\/\/hidalgo.nl\/de\/product\/84159\/cap-bedrucken-kp916-recycling-baumwolle-5-panel-one-size\/#organizationLogo"}},{"@type":"ProductGroup","@id":"https:\/\/hidalgo.nl\/de\/product\/84159\/cap-bedrucken-kp916-recycling-baumwolle-5-panel-one-size\/#wooCommerceProduct","name":"Cap bedrucken KP916 Recycling-Baumwolle 5-Panel One-size","url":"https:\/\/hidalgo.nl\/de\/product\/84159\/cap-bedrucken-kp916-recycling-baumwolle-5-panel-one-size\/","brand":{"@type":"Brand","name":"K-up"},"sku":"A403-KP916","image":{"@type":"ImageObject","url":"https:\/\/shop.hidalgo.nl\/wp-content\/uploads\/2025\/07\/91fec2bbcc84f4de140d01460c40ce8196e4ef76ed8d3647d5bf54e14e2c4ca9.png","@id":"https:\/\/hidalgo.nl\/de\/product\/84159\/cap-bedrucken-kp916-recycling-baumwolle-5-panel-one-size\/#productImage","width":1000,"height":934},"productGroupID":84159,"hasVariant":[{"@type":"Product","@id":"https:\/\/hidalgo.nl\/de\/product\/84159\/cap-bedrucken-kp916-recycling-baumwolle-5-panel-one-size\/#wooCommerceProduct","name":"KP916 - Pet van gerecycled katoen - 5 panelen - , black","url":"https:\/\/hidalgo.nl\/de\/product\/84159\/cap-bedrucken-kp916-recycling-baumwolle-5-panel-one-size\/","sku":"A403-KP916_68475_68474","gtin":"3663639098410","image":{"@type":"ImageObject","url":"https:\/\/shop.hidalgo.nl\/wp-content\/uploads\/2025\/07\/91fec2bbcc84f4de140d01460c40ce8196e4ef76ed8d3647d5bf54e14e2c4ca9.png","@id":"https:\/\/hidalgo.nl\/de\/product\/84159\/cap-bedrucken-kp916-recycling-baumwolle-5-panel-one-size\/#productImage","width":1000,"height":934},"offers":{"@type":"Offer","url":"https:\/\/hidalgo.nl\/de\/product\/84159\/cap-bedrucken-kp916-recycling-baumwolle-5-panel-one-size\/#wooCommerceOffer","price":"5.5","priceCurrency":"EUR","category":"Kleding","availability":"https:\/\/schema.org\/InStock","priceSpecification":{"@type":"PriceSpecification","price":5.5,"priceCurrency":"EUR","valueAddedTaxIncluded":"true"}}},{"@type":"Product","@id":"https:\/\/hidalgo.nl\/de\/product\/84159\/cap-bedrucken-kp916-recycling-baumwolle-5-panel-one-size\/#wooCommerceProduct","name":"KP916 - Pet van gerecycled katoen - 5 panelen - , navy","url":"https:\/\/hidalgo.nl\/de\/product\/84159\/cap-bedrucken-kp916-recycling-baumwolle-5-panel-one-size\/","sku":"A403-KP916_68476_68474","gtin":"3663639098427","image":{"@type":"ImageObject","url":"https:\/\/shop.hidalgo.nl\/wp-content\/uploads\/2025\/07\/cfcc9d4d20efd91146ac5e508faee3fd209912bfb2a7270897193660d74680d6.png","@id":"https:\/\/hidalgo.nl\/de\/product\/84159\/cap-bedrucken-kp916-recycling-baumwolle-5-panel-one-size\/#productImage","width":1000,"height":934},"offers":{"@type":"Offer","url":"https:\/\/hidalgo.nl\/de\/product\/84159\/cap-bedrucken-kp916-recycling-baumwolle-5-panel-one-size\/#wooCommerceOffer","price":"5.5","priceCurrency":"EUR","category":"Kleding","availability":"https:\/\/schema.org\/InStock","priceSpecification":{"@type":"PriceSpecification","price":5.5,"priceCurrency":"EUR","valueAddedTaxIncluded":"true"}}},{"@type":"Product","@id":"https:\/\/hidalgo.nl\/de\/product\/84159\/cap-bedrucken-kp916-recycling-baumwolle-5-panel-one-size\/#wooCommerceProduct","name":"KP916 - Pet van gerecycled katoen - 5 panelen - , white","url":"https:\/\/hidalgo.nl\/de\/product\/84159\/cap-bedrucken-kp916-recycling-baumwolle-5-panel-one-size\/","sku":"A403-KP916_68477_68474","gtin":"3663639098434","image":{"@type":"ImageObject","url":"https:\/\/shop.hidalgo.nl\/wp-content\/uploads\/2025\/07\/762b4e3b723a3185fab282030b28b365d40eb0dd4c44d18b0865e65cbade54c3.png","@id":"https:\/\/hidalgo.nl\/de\/product\/84159\/cap-bedrucken-kp916-recycling-baumwolle-5-panel-one-size\/#productImage","width":1000,"height":934},"offers":{"@type":"Offer","url":"https:\/\/hidalgo.nl\/de\/product\/84159\/cap-bedrucken-kp916-recycling-baumwolle-5-panel-one-size\/#wooCommerceOffer","price":"5.5","priceCurrency":"EUR","category":"Kleding","availability":"https:\/\/schema.org\/InStock","priceSpecification":{"@type":"PriceSpecification","price":5.5,"priceCurrency":"EUR","valueAddedTaxIncluded":"true"}}}]},{"@type":"WebPage","@id":"https:\/\/hidalgo.nl\/de\/product\/84159\/cap-bedrucken-kp916-recycling-baumwolle-5-panel-one-size\/#webpage","url":"https:\/\/hidalgo.nl\/de\/product\/84159\/cap-bedrucken-kp916-recycling-baumwolle-5-panel-one-size\/","name":"Cap bedrucken KP916 Recycling-Baumwolle 5-Panel One-size","description":"Setze dein Branding auf der KP916 aus recycelter Baumwolle um: Caps mit Logo und 5 Panel Cap bedrucken, wahlweise Navy, Black oder White. Einheitsgr\u00f6\u00dfe One Size mit verstellbarer Metallschlie\u00dfe & gro\u00dfer Druckfl\u00e4che; wir bringen dein Design pr\u00e4zise auf die Kappe, ideal f\u00fcr Events und Firmen.","inLanguage":"de-DE","isPartOf":{"@id":"https:\/\/hidalgo.nl\/de\/#website"},"breadcrumb":{"@id":"https:\/\/hidalgo.nl\/de\/product\/84159\/cap-bedrucken-kp916-recycling-baumwolle-5-panel-one-size\/#breadcrumblist"},"image":{"@type":"ImageObject","url":"https:\/\/shop.hidalgo.nl\/wp-content\/uploads\/2025\/07\/91fec2bbcc84f4de140d01460c40ce8196e4ef76ed8d3647d5bf54e14e2c4ca9.png","@id":"https:\/\/hidalgo.nl\/de\/product\/84159\/cap-bedrucken-kp916-recycling-baumwolle-5-panel-one-size\/#mainImage","width":1000,"height":934},"primaryImageOfPage":{"@id":"https:\/\/hidalgo.nl\/de\/product\/84159\/cap-bedrucken-kp916-recycling-baumwolle-5-panel-one-size\/#mainImage"},"datePublished":"2025-07-07T02:04:46+00:00","dateModified":"2026-03-22T07:10:40+00:00"},{"@type":"WebSite","@id":"https:\/\/hidalgo.nl\/de\/#website","url":"https:\/\/hidalgo.nl\/de\/","name":"Hidalgo","inLanguage":"de-DE","publisher":{"@id":"https:\/\/hidalgo.nl\/de\/#organization"}}]},"og:locale":"de_DE","og:site_name":"Hidalgo -","og:type":"article","og:title":"Cap bedrucken KP916 Recycling-Baumwolle 5-Panel One-size","og:description":"Setze dein Branding auf der KP916 aus recycelter Baumwolle um: Caps mit Logo und 5 Panel Cap bedrucken, wahlweise Navy, Black oder White. Einheitsgr\u00f6\u00dfe One Size mit verstellbarer Metallschlie\u00dfe &amp; gro\u00dfer Druckfl\u00e4che; wir bringen dein Design pr\u00e4zise auf die Kappe, ideal f\u00fcr Events und Firmen.","og:url":"https:\/\/hidalgo.nl\/de\/wp-json\/wp\/v2\/product\/84159","og:image":"https:\/\/shop.hidalgo.nl\/wp-content\/uploads\/2025\/11\/cropped-Hidalgo-est1993.png","og:image:secure_url":"https:\/\/shop.hidalgo.nl\/wp-content\/uploads\/2025\/11\/cropped-Hidalgo-est1993.png","article:published_time":"2025-07-07T02:04:46+00:00","article:modified_time":"2026-03-22T07:10:40+00:00","twitter:card":"summary_large_image","twitter:title":"Cap bedrucken KP916 Recycling-Baumwolle 5-Panel One-size","twitter:description":"Setze dein Branding auf der KP916 aus recycelter Baumwolle um: Caps mit Logo und 5 Panel Cap bedrucken, wahlweise Navy, Black oder White. Einheitsgr\u00f6\u00dfe One Size mit verstellbarer Metallschlie\u00dfe &amp; gro\u00dfer Druckfl\u00e4che; wir bringen dein Design pr\u00e4zise auf die Kappe, ideal f\u00fcr Events und Firmen.","twitter:image":"https:\/\/shop.hidalgo.nl\/wp-content\/uploads\/2025\/11\/cropped-Hidalgo-est1993.png"},"aioseo_meta_data":{"post_id":"84159","title":null,"description":null,"keywords":null,"keyphrases":null,"primary_term":null,"canonical_url":null,"og_title":null,"og_description":null,"og_object_type":"default","og_image_type":"default","og_image_url":null,"og_image_width":null,"og_image_height":null,"og_image_custom_url":null,"og_image_custom_fields":null,"og_video":null,"og_custom_url":null,"og_article_section":null,"og_article_tags":null,"twitter_use_og":false,"twitter_card":"default","twitter_image_type":"default","twitter_image_url":null,"twitter_image_custom_url":null,"twitter_image_custom_fields":null,"twitter_title":null,"twitter_description":null,"schema":{"blockGraphs":[],"customGraphs":[],"default":{"data":{"Article":[],"Course":[],"Dataset":[],"FAQPage":[],"Movie":[],"Person":[],"Product":[],"ProductReview":[],"Car":[],"Recipe":[],"Service":[],"SoftwareApplication":[],"WebPage":[]},"graphName":"","isEnabled":true},"graphs":[]},"schema_type":"default","schema_type_options":null,"pillar_content":false,"robots_default":true,"robots_noindex":false,"robots_noarchive":false,"robots_nosnippet":false,"robots_nofollow":false,"robots_noimageindex":false,"robots_noodp":false,"robots_notranslate":false,"robots_max_snippet":null,"robots_max_videopreview":null,"robots_max_imagepreview":"large","priority":null,"frequency":null,"local_seo":null,"seo_analyzer_scan_date":"2026-01-21 05:21:22","breadcrumb_settings":null,"limit_modified_date":false,"reviewed_by":null,"open_ai":null,"ai":null,"created":"2026-01-14 06:25:30","updated":"2026-04-22 20:06:48"},"aioseo_breadcrumb":"<div class=\"aioseo-breadcrumbs\"><span class=\"aioseo-breadcrumb\">\n\t<a href=\"https:\/\/hidalgo.nl\/de\/\" title=\"Home\">Home<\/a>\n<\/span><span class=\"aioseo-breadcrumb-separator\">\u00bb<\/span><span class=\"aioseo-breadcrumb\">\n\t<a href=\"https:\/\/hidalgo.nl\/example\/\" title=\"example\">example<\/a>\n<\/span><span class=\"aioseo-breadcrumb-separator\">\u00bb<\/span><span class=\"aioseo-breadcrumb\">\n\t<a href=\"https:\/\/hidalgo.nl\/en\/product-supplier\/a403\/\" title=\"A403\">A403<\/a>\n<\/span><span class=\"aioseo-breadcrumb-separator\">\u00bb<\/span><span class=\"aioseo-breadcrumb\">\n\tKP916 \u2013 Pet van gerecycled katoen \u2013 5 panelen\n<\/span><\/div>","aioseo_breadcrumb_json":[{"label":"Home","link":"https:\/\/hidalgo.nl\/de\/"},{"label":"example","link":"https:\/\/hidalgo.nl\/example\/"},{"label":"A403","link":"https:\/\/hidalgo.nl\/en\/product-supplier\/a403\/"},{"label":"KP916 &#8211; Pet van gerecycled katoen &#8211; 5 panelen","link":"https:\/\/hidalgo.nl\/de\/product\/84159\/cap-bedrucken-kp916-recycling-baumwolle-5-panel-one-size\/"}],"_links":{"self":[{"href":"https:\/\/hidalgo.nl\/de\/wp-json\/wp\/v2\/product\/84159","targetHints":{"allow":["GET"]}}],"collection":[{"href":"https:\/\/hidalgo.nl\/de\/wp-json\/wp\/v2\/product"}],"about":[{"href":"https:\/\/hidalgo.nl\/de\/wp-json\/wp\/v2\/types\/product"}],"wp:featuredmedia":[{"embeddable":true,"href":"https:\/\/hidalgo.nl\/de\/wp-json\/wp\/v2\/media\/84162"}],"wp:attachment":[{"href":"https:\/\/hidalgo.nl\/de\/wp-json\/wp\/v2\/media?parent=84159"}],"wp:term":[{"taxonomy":"product_brand","embeddable":true,"href":"https:\/\/hidalgo.nl\/de\/wp-json\/wp\/v2\/product_brand?post=84159"},{"taxonomy":"product_cat","embeddable":true,"href":"https:\/\/hidalgo.nl\/de\/wp-json\/wp\/v2\/product_cat?post=84159"},{"taxonomy":"product_tag","embeddable":true,"href":"https:\/\/hidalgo.nl\/de\/wp-json\/wp\/v2\/product_tag?post=84159"}],"curies":[{"name":"wp","href":"https:\/\/api.w.org\/{rel}","templated":true}]}}